{"id":268833,"date":"2025-10-03T07:20:05","date_gmt":"2025-10-03T07:20:05","guid":{"rendered":"https:\/\/www.inverseteams.com\/?post_type=product&#038;p=268833"},"modified":"2026-02-20T11:55:33","modified_gmt":"2026-02-20T10:55:33","slug":"maillot-maniga-llarga-outter-alaska-home","status":"publish","type":"product","link":"https:\/\/www.inverseteams.com\/ca\/producte\/maillot-maniga-llarga-outter-alaska-home\/","title":{"rendered":"Maillot m\u00e0niga llarga OUTTER ALASKA (HOME)"},"content":{"rendered":"<p>Mallot ciclista per a home de patr\u00f3 relaxed fit. Ofereix la m\u00e0xima versatilitat a qualsevol tipus de terreny. Aporta comoditat i durabilitat, perfectes per a recorreguts per la muntanya i la carretera.<br \/>\nEl teixit frontal i les m\u00e0nigues estan confeccionats amb teixit t\u00e8rmic SUPERROUBAIX, mentre que la zona sota les aixelles, sota m\u00e0niga i laterals de l&#8217;esquena incorporen el teixit CYCLON, que afavoreixen la transpirabilitat.<br \/>\nEl coll alt presenta una forma anat\u00f2mica. Tant el puny com el baix compten amb acabats de rivet el\u00e0stic amb silicona per a m\u00e9s ajust.<br \/>\nDisposa de dues butxaques del darrere amb rivet el\u00e0stic i silicona interior, una butxaca lateral de teixit mesh amb el mateix acabat, i una butxaca addicional de mesh al pit, amb rivet el\u00e0stic i de f\u00e0cil acc\u00e9s.<\/p>\n","protected":false},"excerpt":{"rendered":"<p>Mallot ciclista per a home de patr\u00f3 relaxed fit. Ofereix la m\u00e0xima versatilitat a qualsevol tipus de terreny. Aporta comoditat i durabilitat, perfectes per a recorreguts per la muntanya i la carretera.<br \/>\nEl teixit frontal i les m\u00e0nigues estan confeccionats amb teixit t\u00e8rmic SUPERROUBAIX, mentre que la zona sota les aixelles, sota m\u00e0niga i laterals de l&#8217;esquena incorporen el teixit CYCLON, que afavoreixen la transpirabilitat.<br \/>\nEl coll alt presenta una forma anat\u00f2mica. Tant el puny com el baix compten amb acabats de rivet el\u00e0stic amb silicona per a m\u00e9s ajust.<br \/>\nDisposa de dues butxaques del darrere amb rivet el\u00e0stic i silicona interior, una butxaca lateral de teixit mesh amb el mateix acabat, i una butxaca addicional de mesh al pit, amb rivet el\u00e0stic i de f\u00e0cil acc\u00e9s.<\/p>\n","protected":false},"featured_media":268729,"comment_status":"closed","ping_status":"closed","template":"","meta":{"_acf_changed":false},"product_brand":[],"product_cat":[4110,4120,9947,7175],"product_tag":[],"custom_category":[],"range":[],"class_list":{"0":"post-268833","1":"product","2":"type-product","3":"status-publish","4":"has-post-thumbnail","6":"product_cat-ciclisme","7":"product_cat-mallot-ciclista","8":"product_cat-gravel-cat","9":"product_cat-b2b-ca","10":"pa_climatologia-fred","11":"pa_deporte-ciclisme","12":"pa_genero-home","13":"pa_patronaje-casual-ca","14":"pa_talla-l-ca","15":"pa_talla-m-ca","16":"pa_talla-s-ca","17":"pa_talla-xl-ca","18":"pa_talla-xxl-ca","19":"pa_tipo-de-prenda-mallot-maniga-llarga","21":"first","22":"outofstock","23":"taxable","24":"shipping-taxable","25":"purchasable","26":"product-type-variable","27":"has-default-attributes"},"acf":[],"yoast_head":"<!-- This site is optimized with the Yoast SEO plugin v27.2 - https:\/\/yoast.com\/product\/yoast-seo-wordpress\/ -->\n<title>Maillot m\u00e0niga llarga OUTTER ALASKA (HOME)<\/title>\n<meta name=\"description\" content=\"Mallot ciclista per a home de patr\u00f3 relaxed fit. Ofereix la m\u00e0xima versatilitat a qualsevol tipus de terreny. Aporta comoditat i durabilitat, perfectes per a recorreguts per la muntanya i la carretera. El teixit frontal i les m\u00e0nigues estan confeccionats amb teixit t\u00e8rmic SUPERROUBAIX, mentre que la zona sota les aixelles, sota m\u00e0niga i laterals de l&#039;esquena incorporen el teixit CYCLON, que afavoreixen la transpirabilitat. El coll alt presenta una forma anat\u00f2mica. Tant el puny com el baix compten amb acabats de rivet el\u00e0stic amb silicona per a m\u00e9s ajust. Disposa de dues butxaques del darrere amb rivet el\u00e0stic i silicona interior, una butxaca lateral de teixit mesh amb el mateix acabat, i una butxaca addicional de mesh al pit, amb rivet el\u00e0stic i de f\u00e0cil acc\u00e9s.\" \/>\n<meta name=\"robots\" content=\"index, follow, max-snippet:-1, max-image-preview:large, max-video-preview:-1\" \/>\n<link rel=\"canonical\" href=\"https:\/\/www.inverseteams.com\/ca\/producte\/maillot-maniga-llarga-outter-alaska-home\/\" \/>\n<meta property=\"og:locale\" content=\"ca_ES\" \/>\n<meta property=\"og:type\" content=\"article\" \/>\n<meta property=\"og:title\" content=\"Maillot m\u00e0niga llarga OUTTER ALASKA (HOME)\" \/>\n<meta property=\"og:description\" content=\"Mallot ciclista per a home de patr\u00f3 relaxed fit. Ofereix la m\u00e0xima versatilitat a qualsevol tipus de terreny. Aporta comoditat i durabilitat, perfectes per a recorreguts per la muntanya i la carretera. El teixit frontal i les m\u00e0nigues estan confeccionats amb teixit t\u00e8rmic SUPERROUBAIX, mentre que la zona sota les aixelles, sota m\u00e0niga i laterals de l&#039;esquena incorporen el teixit CYCLON, que afavoreixen la transpirabilitat. El coll alt presenta una forma anat\u00f2mica. Tant el puny com el baix compten amb acabats de rivet el\u00e0stic amb silicona per a m\u00e9s ajust. Disposa de dues butxaques del darrere amb rivet el\u00e0stic i silicona interior, una butxaca lateral de teixit mesh amb el mateix acabat, i una butxaca addicional de mesh al pit, amb rivet el\u00e0stic i de f\u00e0cil acc\u00e9s.\" \/>\n<meta property=\"og:url\" content=\"https:\/\/www.inverseteams.com\/ca\/producte\/maillot-maniga-llarga-outter-alaska-home\/\" \/>\n<meta property=\"og:site_name\" content=\"Inverseteams\" \/>\n<meta property=\"article:publisher\" content=\"https:\/\/www.facebook.com\/inverseteams\" \/>\n<meta property=\"article:modified_time\" content=\"2026-02-20T10:55:33+00:00\" \/>\n<meta property=\"og:image\" content=\"https:\/\/www.inverseteams.com\/wp-content\/uploads\/INVERSE-OUTTER-MAILLOT-ALASKA-001.jpg\" \/>\n\t<meta property=\"og:image:width\" content=\"1500\" \/>\n\t<meta property=\"og:image:height\" content=\"1612\" \/>\n\t<meta property=\"og:image:type\" content=\"image\/jpeg\" \/>\n<meta name=\"twitter:card\" content=\"summary_large_image\" \/>\n<meta name=\"twitter:label1\" content=\"Temps estimat de lectura\" \/>\n\t<meta name=\"twitter:data1\" content=\"1 minut\" \/>\n<script type=\"application\/ld+json\" class=\"yoast-schema-graph\">{\"@context\":\"https:\/\/schema.org\",\"@graph\":[{\"@type\":\"WebPage\",\"@id\":\"https:\/\/www.inverseteams.com\/ca\/producte\/maillot-maniga-llarga-outter-alaska-home\/\",\"url\":\"https:\/\/www.inverseteams.com\/ca\/producte\/maillot-maniga-llarga-outter-alaska-home\/\",\"name\":\"Maillot m\u00e0niga llarga OUTTER ALASKA (HOME)\",\"isPartOf\":{\"@id\":\"https:\/\/www.inverseteams.com\/ca\/#website\"},\"primaryImageOfPage\":{\"@id\":\"https:\/\/www.inverseteams.com\/ca\/producte\/maillot-maniga-llarga-outter-alaska-home\/#primaryimage\"},\"image\":{\"@id\":\"https:\/\/www.inverseteams.com\/ca\/producte\/maillot-maniga-llarga-outter-alaska-home\/#primaryimage\"},\"thumbnailUrl\":\"https:\/\/www.inverseteams.com\/wp-content\/uploads\/INVERSE-OUTTER-MAILLOT-ALASKA-001.jpg\",\"datePublished\":\"2025-10-03T07:20:05+00:00\",\"dateModified\":\"2026-02-20T10:55:33+00:00\",\"description\":\"Mallot ciclista per a home de patr\u00f3 relaxed fit. Ofereix la m\u00e0xima versatilitat a qualsevol tipus de terreny. Aporta comoditat i durabilitat, perfectes per a recorreguts per la muntanya i la carretera. El teixit frontal i les m\u00e0nigues estan confeccionats amb teixit t\u00e8rmic SUPERROUBAIX, mentre que la zona sota les aixelles, sota m\u00e0niga i laterals de l'esquena incorporen el teixit CYCLON, que afavoreixen la transpirabilitat. El coll alt presenta una forma anat\u00f2mica. Tant el puny com el baix compten amb acabats de rivet el\u00e0stic amb silicona per a m\u00e9s ajust. Disposa de dues butxaques del darrere amb rivet el\u00e0stic i silicona interior, una butxaca lateral de teixit mesh amb el mateix acabat, i una butxaca addicional de mesh al pit, amb rivet el\u00e0stic i de f\u00e0cil acc\u00e9s.\",\"breadcrumb\":{\"@id\":\"https:\/\/www.inverseteams.com\/ca\/producte\/maillot-maniga-llarga-outter-alaska-home\/#breadcrumb\"},\"inLanguage\":\"ca\",\"potentialAction\":[{\"@type\":\"ReadAction\",\"target\":[\"https:\/\/www.inverseteams.com\/ca\/producte\/maillot-maniga-llarga-outter-alaska-home\/\"]}]},{\"@type\":\"ImageObject\",\"inLanguage\":\"ca\",\"@id\":\"https:\/\/www.inverseteams.com\/ca\/producte\/maillot-maniga-llarga-outter-alaska-home\/#primaryimage\",\"url\":\"https:\/\/www.inverseteams.com\/wp-content\/uploads\/INVERSE-OUTTER-MAILLOT-ALASKA-001.jpg\",\"contentUrl\":\"https:\/\/www.inverseteams.com\/wp-content\/uploads\/INVERSE-OUTTER-MAILLOT-ALASKA-001.jpg\",\"width\":1500,\"height\":1612},{\"@type\":\"BreadcrumbList\",\"@id\":\"https:\/\/www.inverseteams.com\/ca\/producte\/maillot-maniga-llarga-outter-alaska-home\/#breadcrumb\",\"itemListElement\":[{\"@type\":\"ListItem\",\"position\":1,\"name\":\"Portada\",\"item\":\"https:\/\/www.inverseteams.com\/ca\/pagina-principal\/\"},{\"@type\":\"ListItem\",\"position\":2,\"name\":\"Botiga\",\"item\":\"https:\/\/www.inverseteams.com\/ca\/botiga\/\"},{\"@type\":\"ListItem\",\"position\":3,\"name\":\"Maillot m\u00e0niga llarga OUTTER ALASKA (HOME)\"}]},{\"@type\":\"WebSite\",\"@id\":\"https:\/\/www.inverseteams.com\/ca\/#website\",\"url\":\"https:\/\/www.inverseteams.com\/ca\/\",\"name\":\"Inverseteams\",\"description\":\"Tu marca de ropa deportiva personalizada\",\"publisher\":{\"@id\":\"https:\/\/www.inverseteams.com\/ca\/#organization\"},\"potentialAction\":[{\"@type\":\"SearchAction\",\"target\":{\"@type\":\"EntryPoint\",\"urlTemplate\":\"https:\/\/www.inverseteams.com\/ca\/?s={search_term_string}\"},\"query-input\":{\"@type\":\"PropertyValueSpecification\",\"valueRequired\":true,\"valueName\":\"search_term_string\"}}],\"inLanguage\":\"ca\"},{\"@type\":\"Organization\",\"@id\":\"https:\/\/www.inverseteams.com\/ca\/#organization\",\"name\":\"Inverse Teams\",\"url\":\"https:\/\/www.inverseteams.com\/ca\/\",\"logo\":{\"@type\":\"ImageObject\",\"inLanguage\":\"ca\",\"@id\":\"https:\/\/www.inverseteams.com\/ca\/#\/schema\/logo\/image\/\",\"url\":\"https:\/\/www.inverseteams.com\/wp-content\/uploads\/2021\/03\/logo-inverse-teams.png\",\"contentUrl\":\"https:\/\/www.inverseteams.com\/wp-content\/uploads\/2021\/03\/logo-inverse-teams.png\",\"width\":294,\"height\":99,\"caption\":\"Inverse Teams\"},\"image\":{\"@id\":\"https:\/\/www.inverseteams.com\/ca\/#\/schema\/logo\/image\/\"},\"sameAs\":[\"https:\/\/www.facebook.com\/inverseteams\",\"http:\/\/instagram.com\/inverseteams\",\"https:\/\/www.linkedin.com\/company\/inverse-cirosport-s-l-?trk=job_view_topcard_company_name\",\"http:\/\/www.pinterest.com\/inverseteams\/\",\"http:\/\/www.youtube.com\/user\/inverseteams?feature=watch\"]}]}<\/script>\n<!-- \/ Yoast SEO plugin. -->","yoast_head_json":{"title":"Maillot m\u00e0niga llarga OUTTER ALASKA (HOME)","description":"Mallot ciclista per a home de patr\u00f3 relaxed fit. Ofereix la m\u00e0xima versatilitat a qualsevol tipus de terreny. Aporta comoditat i durabilitat, perfectes per a recorreguts per la muntanya i la carretera. El teixit frontal i les m\u00e0nigues estan confeccionats amb teixit t\u00e8rmic SUPERROUBAIX, mentre que la zona sota les aixelles, sota m\u00e0niga i laterals de l'esquena incorporen el teixit CYCLON, que afavoreixen la transpirabilitat. El coll alt presenta una forma anat\u00f2mica. Tant el puny com el baix compten amb acabats de rivet el\u00e0stic amb silicona per a m\u00e9s ajust. Disposa de dues butxaques del darrere amb rivet el\u00e0stic i silicona interior, una butxaca lateral de teixit mesh amb el mateix acabat, i una butxaca addicional de mesh al pit, amb rivet el\u00e0stic i de f\u00e0cil acc\u00e9s.","robots":{"index":"index","follow":"follow","max-snippet":"max-snippet:-1","max-image-preview":"max-image-preview:large","max-video-preview":"max-video-preview:-1"},"canonical":"https:\/\/www.inverseteams.com\/ca\/producte\/maillot-maniga-llarga-outter-alaska-home\/","og_locale":"ca_ES","og_type":"article","og_title":"Maillot m\u00e0niga llarga OUTTER ALASKA (HOME)","og_description":"Mallot ciclista per a home de patr\u00f3 relaxed fit. Ofereix la m\u00e0xima versatilitat a qualsevol tipus de terreny. Aporta comoditat i durabilitat, perfectes per a recorreguts per la muntanya i la carretera. El teixit frontal i les m\u00e0nigues estan confeccionats amb teixit t\u00e8rmic SUPERROUBAIX, mentre que la zona sota les aixelles, sota m\u00e0niga i laterals de l'esquena incorporen el teixit CYCLON, que afavoreixen la transpirabilitat. El coll alt presenta una forma anat\u00f2mica. Tant el puny com el baix compten amb acabats de rivet el\u00e0stic amb silicona per a m\u00e9s ajust. Disposa de dues butxaques del darrere amb rivet el\u00e0stic i silicona interior, una butxaca lateral de teixit mesh amb el mateix acabat, i una butxaca addicional de mesh al pit, amb rivet el\u00e0stic i de f\u00e0cil acc\u00e9s.","og_url":"https:\/\/www.inverseteams.com\/ca\/producte\/maillot-maniga-llarga-outter-alaska-home\/","og_site_name":"Inverseteams","article_publisher":"https:\/\/www.facebook.com\/inverseteams","article_modified_time":"2026-02-20T10:55:33+00:00","og_image":[{"width":1500,"height":1612,"url":"https:\/\/www.inverseteams.com\/wp-content\/uploads\/INVERSE-OUTTER-MAILLOT-ALASKA-001.jpg","type":"image\/jpeg"}],"twitter_card":"summary_large_image","twitter_misc":{"Temps estimat de lectura":"1 minut"},"schema":{"@context":"https:\/\/schema.org","@graph":[{"@type":"WebPage","@id":"https:\/\/www.inverseteams.com\/ca\/producte\/maillot-maniga-llarga-outter-alaska-home\/","url":"https:\/\/www.inverseteams.com\/ca\/producte\/maillot-maniga-llarga-outter-alaska-home\/","name":"Maillot m\u00e0niga llarga OUTTER ALASKA (HOME)","isPartOf":{"@id":"https:\/\/www.inverseteams.com\/ca\/#website"},"primaryImageOfPage":{"@id":"https:\/\/www.inverseteams.com\/ca\/producte\/maillot-maniga-llarga-outter-alaska-home\/#primaryimage"},"image":{"@id":"https:\/\/www.inverseteams.com\/ca\/producte\/maillot-maniga-llarga-outter-alaska-home\/#primaryimage"},"thumbnailUrl":"https:\/\/www.inverseteams.com\/wp-content\/uploads\/INVERSE-OUTTER-MAILLOT-ALASKA-001.jpg","datePublished":"2025-10-03T07:20:05+00:00","dateModified":"2026-02-20T10:55:33+00:00","description":"Mallot ciclista per a home de patr\u00f3 relaxed fit. Ofereix la m\u00e0xima versatilitat a qualsevol tipus de terreny. Aporta comoditat i durabilitat, perfectes per a recorreguts per la muntanya i la carretera. El teixit frontal i les m\u00e0nigues estan confeccionats amb teixit t\u00e8rmic SUPERROUBAIX, mentre que la zona sota les aixelles, sota m\u00e0niga i laterals de l'esquena incorporen el teixit CYCLON, que afavoreixen la transpirabilitat. El coll alt presenta una forma anat\u00f2mica. Tant el puny com el baix compten amb acabats de rivet el\u00e0stic amb silicona per a m\u00e9s ajust. Disposa de dues butxaques del darrere amb rivet el\u00e0stic i silicona interior, una butxaca lateral de teixit mesh amb el mateix acabat, i una butxaca addicional de mesh al pit, amb rivet el\u00e0stic i de f\u00e0cil acc\u00e9s.","breadcrumb":{"@id":"https:\/\/www.inverseteams.com\/ca\/producte\/maillot-maniga-llarga-outter-alaska-home\/#breadcrumb"},"inLanguage":"ca","potentialAction":[{"@type":"ReadAction","target":["https:\/\/www.inverseteams.com\/ca\/producte\/maillot-maniga-llarga-outter-alaska-home\/"]}]},{"@type":"ImageObject","inLanguage":"ca","@id":"https:\/\/www.inverseteams.com\/ca\/producte\/maillot-maniga-llarga-outter-alaska-home\/#primaryimage","url":"https:\/\/www.inverseteams.com\/wp-content\/uploads\/INVERSE-OUTTER-MAILLOT-ALASKA-001.jpg","contentUrl":"https:\/\/www.inverseteams.com\/wp-content\/uploads\/INVERSE-OUTTER-MAILLOT-ALASKA-001.jpg","width":1500,"height":1612},{"@type":"BreadcrumbList","@id":"https:\/\/www.inverseteams.com\/ca\/producte\/maillot-maniga-llarga-outter-alaska-home\/#breadcrumb","itemListElement":[{"@type":"ListItem","position":1,"name":"Portada","item":"https:\/\/www.inverseteams.com\/ca\/pagina-principal\/"},{"@type":"ListItem","position":2,"name":"Botiga","item":"https:\/\/www.inverseteams.com\/ca\/botiga\/"},{"@type":"ListItem","position":3,"name":"Maillot m\u00e0niga llarga OUTTER ALASKA (HOME)"}]},{"@type":"WebSite","@id":"https:\/\/www.inverseteams.com\/ca\/#website","url":"https:\/\/www.inverseteams.com\/ca\/","name":"Inverseteams","description":"Tu marca de ropa deportiva personalizada","publisher":{"@id":"https:\/\/www.inverseteams.com\/ca\/#organization"},"potentialAction":[{"@type":"SearchAction","target":{"@type":"EntryPoint","urlTemplate":"https:\/\/www.inverseteams.com\/ca\/?s={search_term_string}"},"query-input":{"@type":"PropertyValueSpecification","valueRequired":true,"valueName":"search_term_string"}}],"inLanguage":"ca"},{"@type":"Organization","@id":"https:\/\/www.inverseteams.com\/ca\/#organization","name":"Inverse Teams","url":"https:\/\/www.inverseteams.com\/ca\/","logo":{"@type":"ImageObject","inLanguage":"ca","@id":"https:\/\/www.inverseteams.com\/ca\/#\/schema\/logo\/image\/","url":"https:\/\/www.inverseteams.com\/wp-content\/uploads\/2021\/03\/logo-inverse-teams.png","contentUrl":"https:\/\/www.inverseteams.com\/wp-content\/uploads\/2021\/03\/logo-inverse-teams.png","width":294,"height":99,"caption":"Inverse Teams"},"image":{"@id":"https:\/\/www.inverseteams.com\/ca\/#\/schema\/logo\/image\/"},"sameAs":["https:\/\/www.facebook.com\/inverseteams","http:\/\/instagram.com\/inverseteams","https:\/\/www.linkedin.com\/company\/inverse-cirosport-s-l-?trk=job_view_topcard_company_name","http:\/\/www.pinterest.com\/inverseteams\/","http:\/\/www.youtube.com\/user\/inverseteams?feature=watch"]}]}},"_links":{"self":[{"href":"https:\/\/www.inverseteams.com\/ca\/wp-json\/wp\/v2\/product\/268833","targetHints":{"allow":["GET"]}}],"collection":[{"href":"https:\/\/www.inverseteams.com\/ca\/wp-json\/wp\/v2\/product"}],"about":[{"href":"https:\/\/www.inverseteams.com\/ca\/wp-json\/wp\/v2\/types\/product"}],"replies":[{"embeddable":true,"href":"https:\/\/www.inverseteams.com\/ca\/wp-json\/wp\/v2\/comments?post=268833"}],"wp:featuredmedia":[{"embeddable":true,"href":"https:\/\/www.inverseteams.com\/ca\/wp-json\/wp\/v2\/media\/268729"}],"wp:attachment":[{"href":"https:\/\/www.inverseteams.com\/ca\/wp-json\/wp\/v2\/media?parent=268833"}],"wp:term":[{"taxonomy":"product_brand","embeddable":true,"href":"https:\/\/www.inverseteams.com\/ca\/wp-json\/wp\/v2\/product_brand?post=268833"},{"taxonomy":"product_cat","embeddable":true,"href":"https:\/\/www.inverseteams.com\/ca\/wp-json\/wp\/v2\/product_cat?post=268833"},{"taxonomy":"product_tag","embeddable":true,"href":"https:\/\/www.inverseteams.com\/ca\/wp-json\/wp\/v2\/product_tag?post=268833"},{"taxonomy":"custom_category","embeddable":true,"href":"https:\/\/www.inverseteams.com\/ca\/wp-json\/wp\/v2\/custom_category?post=268833"},{"taxonomy":"range","embeddable":true,"href":"https:\/\/www.inverseteams.com\/ca\/wp-json\/wp\/v2\/range?post=268833"}],"curies":[{"name":"wp","href":"https:\/\/api.w.org\/{rel}","templated":true}]}}