{"id":268795,"date":"2025-10-03T06:25:44","date_gmt":"2025-10-03T06:25:44","guid":{"rendered":"https:\/\/www.inverseteams.com\/?post_type=product&#038;p=268795"},"modified":"2026-02-20T11:55:34","modified_gmt":"2026-02-20T10:55:34","slug":"armilla-reversible-outter-artik-camel-black-home","status":"publish","type":"product","link":"https:\/\/www.inverseteams.com\/ca\/producte\/armilla-reversible-outter-artik-camel-black-home\/","title":{"rendered":"Armilla reversible OUTTER ARTIK CAMEL\/BLACK (HOME)"},"content":{"rendered":"<p>Armilla reversible per a home molt lleuger, paravents i impermeable, imprescindible els dies de climatologia variable i d&#8217;estil casual. Una pe\u00e7a vers\u00e0til, ideal tant per fer servir sobre la bicicleta com fora.<br \/>\nA la part superior de l&#8217;armilla, el teixit encoixinat PrimaLoft\u00ae garanteix un a\u00efllament t\u00e8rmic excel\u00b7lent, mentre que la capa exterior RIPSTOP repel\u00b7leix l&#8217;aigua.<br \/>\nConfeccionat amb membrana bidireccional, les propietats de l&#8217;armilla s\u00f3n les mateixes pels dos costats. La zona lumbar est\u00e0 confeccionada amb teixit de reixeta per augmentar la transpirabilitat acabat amb un rivet reflector. A m\u00e9s, disposa de 2 obertures lumbars per accedir de forma r\u00e0pida i f\u00e0cil a les butxaques del mallot.<br \/>\nT\u00e9 una cremallera integral amb sistema antipull i doble carro per poder obrir-lo en totes dues direccions. La zona de les aixelles estan acabades amb un rivet el\u00e0stic que s\u02bbajusta al cos i evita l\u02bbentrada d\u02bbaire, augmentant l\u02bbaerodin\u00e0mica. A la cintura t\u00e9 una banda el\u00e0stica amb un grip de silicona antilliscant a l&#8217;interior per mantenir l&#8217;armilla ben ajustada al cos.<\/p>\n","protected":false},"excerpt":{"rendered":"<p>Armilla reversible per a home molt lleuger, paravents i impermeable, imprescindible els dies de climatologia variable i d&#8217;estil casual. Una pe\u00e7a vers\u00e0til, ideal tant per fer servir sobre la bicicleta com fora.<br \/>\nA la part superior de l&#8217;armilla, el teixit encoixinat PrimaLoft\u00ae garanteix un a\u00efllament t\u00e8rmic excel\u00b7lent, mentre que la capa exterior RIPSTOP repel\u00b7leix l&#8217;aigua.<br \/>\nConfeccionat amb membrana bidireccional, les propietats de l&#8217;armilla s\u00f3n les mateixes pels dos costats. La zona lumbar est\u00e0 confeccionada amb teixit de reixeta per augmentar la transpirabilitat acabat amb un rivet reflector. A m\u00e9s, disposa de 2 obertures lumbars per accedir de forma r\u00e0pida i f\u00e0cil a les butxaques del mallot.<br \/>\nT\u00e9 una cremallera integral amb sistema antipull i doble carro per poder obrir-lo en totes dues direccions. La zona de les aixelles estan acabades amb un rivet el\u00e0stic que s\u02bbajusta al cos i evita l\u02bbentrada d\u02bbaire, augmentant l\u02bbaerodin\u00e0mica. A la cintura t\u00e9 una banda el\u00e0stica amb un grip de silicona antilliscant a l&#8217;interior per mantenir l&#8217;armilla ben ajustada al cos.<\/p>\n","protected":false},"featured_media":268649,"comment_status":"closed","ping_status":"closed","template":"","meta":{"_acf_changed":false},"product_brand":[],"product_cat":[4110,9947,4134,7175],"product_tag":[],"custom_category":[],"range":[],"class_list":{"0":"post-268795","1":"product","2":"type-product","3":"status-publish","4":"has-post-thumbnail","6":"product_cat-ciclisme","7":"product_cat-gravel-cat","8":"product_cat-armilla-ciclista-ca","9":"product_cat-b2b-ca","10":"pa_climatologia-fred","11":"pa_climatologia-pluja","12":"pa_climatologia-vent","13":"pa_deporte-ciclisme","14":"pa_genero-home","15":"pa_patronaje-regular-ca","16":"pa_talla-l-ca","17":"pa_talla-m-ca","18":"pa_talla-s-ca","19":"pa_talla-xl-ca","20":"pa_talla-xxl-ca","21":"pa_tipo-de-prenda-armilla","23":"first","24":"instock","25":"taxable","26":"shipping-taxable","27":"purchasable","28":"product-type-variable","29":"has-default-attributes"},"acf":[],"yoast_head":"<!-- This site is optimized with the Yoast SEO plugin v27.3 - https:\/\/yoast.com\/product\/yoast-seo-wordpress\/ -->\n<title>Armilla reversible OUTTER ARTIK CAMEL\/BLACK (HOME)<\/title>\n<meta name=\"description\" content=\"Armilla reversible per a home molt lleuger, paravents i impermeable, imprescindible els dies de climatologia variable i d&#039;estil casual. Una pe\u00e7a vers\u00e0til, ideal tant per fer servir sobre la bicicleta com fora. A la part superior de l&#039;armilla, el teixit encoixinat PrimaLoft\u00ae garanteix un a\u00efllament t\u00e8rmic excel\u00b7lent, mentre que la capa exterior RIPSTOP repel\u00b7leix l&#039;aigua. Confeccionat amb membrana bidireccional, les propietats de l&#039;armilla s\u00f3n les mateixes pels dos costats. La zona lumbar est\u00e0 confeccionada amb teixit de reixeta per augmentar la transpirabilitat acabat amb un rivet reflector. A m\u00e9s, disposa de 2 obertures lumbars per accedir de forma r\u00e0pida i f\u00e0cil a les butxaques del mallot. T\u00e9 una cremallera integral amb sistema antipull i doble carro per poder obrir-lo en totes dues direccions. La zona de les aixelles estan acabades amb un rivet el\u00e0stic que s\u02bbajusta al cos i evita l\u02bbentrada d\u02bbaire, augmentant l\u02bbaerodin\u00e0mica. A la cintura t\u00e9 una banda el\u00e0stica amb un grip de silicona antilliscant a l&#039;interior per mantenir l&#039;armilla ben ajustada al cos.\" \/>\n<meta name=\"robots\" content=\"index, follow, max-snippet:-1, max-image-preview:large, max-video-preview:-1\" \/>\n<link rel=\"canonical\" href=\"https:\/\/www.inverseteams.com\/ca\/producte\/armilla-reversible-outter-artik-camel-black-home\/\" \/>\n<meta property=\"og:locale\" content=\"ca_ES\" \/>\n<meta property=\"og:type\" content=\"article\" \/>\n<meta property=\"og:title\" content=\"Armilla reversible OUTTER ARTIK CAMEL\/BLACK (HOME)\" \/>\n<meta property=\"og:description\" content=\"Armilla reversible per a home molt lleuger, paravents i impermeable, imprescindible els dies de climatologia variable i d&#039;estil casual. Una pe\u00e7a vers\u00e0til, ideal tant per fer servir sobre la bicicleta com fora. A la part superior de l&#039;armilla, el teixit encoixinat PrimaLoft\u00ae garanteix un a\u00efllament t\u00e8rmic excel\u00b7lent, mentre que la capa exterior RIPSTOP repel\u00b7leix l&#039;aigua. Confeccionat amb membrana bidireccional, les propietats de l&#039;armilla s\u00f3n les mateixes pels dos costats. La zona lumbar est\u00e0 confeccionada amb teixit de reixeta per augmentar la transpirabilitat acabat amb un rivet reflector. A m\u00e9s, disposa de 2 obertures lumbars per accedir de forma r\u00e0pida i f\u00e0cil a les butxaques del mallot. T\u00e9 una cremallera integral amb sistema antipull i doble carro per poder obrir-lo en totes dues direccions. La zona de les aixelles estan acabades amb un rivet el\u00e0stic que s\u02bbajusta al cos i evita l\u02bbentrada d\u02bbaire, augmentant l\u02bbaerodin\u00e0mica. A la cintura t\u00e9 una banda el\u00e0stica amb un grip de silicona antilliscant a l&#039;interior per mantenir l&#039;armilla ben ajustada al cos.\" \/>\n<meta property=\"og:url\" content=\"https:\/\/www.inverseteams.com\/ca\/producte\/armilla-reversible-outter-artik-camel-black-home\/\" \/>\n<meta property=\"og:site_name\" content=\"Inverseteams\" \/>\n<meta property=\"article:publisher\" content=\"https:\/\/www.facebook.com\/inverseteams\" \/>\n<meta property=\"article:modified_time\" content=\"2026-02-20T10:55:34+00:00\" \/>\n<meta property=\"og:image\" content=\"https:\/\/www.inverseteams.com\/wp-content\/uploads\/INVERSE-OUTTER-CHALECO-REVERSIBLE-ARTIK-001.jpg\" \/>\n\t<meta property=\"og:image:width\" content=\"1500\" \/>\n\t<meta property=\"og:image:height\" content=\"1612\" \/>\n\t<meta property=\"og:image:type\" content=\"image\/jpeg\" \/>\n<meta name=\"twitter:card\" content=\"summary_large_image\" \/>\n<meta name=\"twitter:label1\" content=\"Temps estimat de lectura\" \/>\n\t<meta name=\"twitter:data1\" content=\"1 minut\" \/>\n<script type=\"application\/ld+json\" class=\"yoast-schema-graph\">{\"@context\":\"https:\\\/\\\/schema.org\",\"@graph\":[{\"@type\":\"WebPage\",\"@id\":\"https:\\\/\\\/www.inverseteams.com\\\/ca\\\/producte\\\/armilla-reversible-outter-artik-camel-black-home\\\/\",\"url\":\"https:\\\/\\\/www.inverseteams.com\\\/ca\\\/producte\\\/armilla-reversible-outter-artik-camel-black-home\\\/\",\"name\":\"Armilla reversible OUTTER ARTIK CAMEL\\\/BLACK (HOME)\",\"isPartOf\":{\"@id\":\"https:\\\/\\\/www.inverseteams.com\\\/ca\\\/#website\"},\"primaryImageOfPage\":{\"@id\":\"https:\\\/\\\/www.inverseteams.com\\\/ca\\\/producte\\\/armilla-reversible-outter-artik-camel-black-home\\\/#primaryimage\"},\"image\":{\"@id\":\"https:\\\/\\\/www.inverseteams.com\\\/ca\\\/producte\\\/armilla-reversible-outter-artik-camel-black-home\\\/#primaryimage\"},\"thumbnailUrl\":\"https:\\\/\\\/www.inverseteams.com\\\/wp-content\\\/uploads\\\/INVERSE-OUTTER-CHALECO-REVERSIBLE-ARTIK-001.jpg\",\"datePublished\":\"2025-10-03T06:25:44+00:00\",\"dateModified\":\"2026-02-20T10:55:34+00:00\",\"description\":\"Armilla reversible per a home molt lleuger, paravents i impermeable, imprescindible els dies de climatologia variable i d'estil casual. Una pe\u00e7a vers\u00e0til, ideal tant per fer servir sobre la bicicleta com fora. A la part superior de l'armilla, el teixit encoixinat PrimaLoft\u00ae garanteix un a\u00efllament t\u00e8rmic excel\u00b7lent, mentre que la capa exterior RIPSTOP repel\u00b7leix l'aigua. Confeccionat amb membrana bidireccional, les propietats de l'armilla s\u00f3n les mateixes pels dos costats. La zona lumbar est\u00e0 confeccionada amb teixit de reixeta per augmentar la transpirabilitat acabat amb un rivet reflector. A m\u00e9s, disposa de 2 obertures lumbars per accedir de forma r\u00e0pida i f\u00e0cil a les butxaques del mallot. T\u00e9 una cremallera integral amb sistema antipull i doble carro per poder obrir-lo en totes dues direccions. La zona de les aixelles estan acabades amb un rivet el\u00e0stic que s\u02bbajusta al cos i evita l\u02bbentrada d\u02bbaire, augmentant l\u02bbaerodin\u00e0mica. A la cintura t\u00e9 una banda el\u00e0stica amb un grip de silicona antilliscant a l'interior per mantenir l'armilla ben ajustada al cos.\",\"breadcrumb\":{\"@id\":\"https:\\\/\\\/www.inverseteams.com\\\/ca\\\/producte\\\/armilla-reversible-outter-artik-camel-black-home\\\/#breadcrumb\"},\"inLanguage\":\"ca\",\"potentialAction\":[{\"@type\":\"ReadAction\",\"target\":[\"https:\\\/\\\/www.inverseteams.com\\\/ca\\\/producte\\\/armilla-reversible-outter-artik-camel-black-home\\\/\"]}]},{\"@type\":\"ImageObject\",\"inLanguage\":\"ca\",\"@id\":\"https:\\\/\\\/www.inverseteams.com\\\/ca\\\/producte\\\/armilla-reversible-outter-artik-camel-black-home\\\/#primaryimage\",\"url\":\"https:\\\/\\\/www.inverseteams.com\\\/wp-content\\\/uploads\\\/INVERSE-OUTTER-CHALECO-REVERSIBLE-ARTIK-001.jpg\",\"contentUrl\":\"https:\\\/\\\/www.inverseteams.com\\\/wp-content\\\/uploads\\\/INVERSE-OUTTER-CHALECO-REVERSIBLE-ARTIK-001.jpg\",\"width\":1500,\"height\":1612},{\"@type\":\"BreadcrumbList\",\"@id\":\"https:\\\/\\\/www.inverseteams.com\\\/ca\\\/producte\\\/armilla-reversible-outter-artik-camel-black-home\\\/#breadcrumb\",\"itemListElement\":[{\"@type\":\"ListItem\",\"position\":1,\"name\":\"Portada\",\"item\":\"https:\\\/\\\/www.inverseteams.com\\\/ca\\\/pagina-principal\\\/\"},{\"@type\":\"ListItem\",\"position\":2,\"name\":\"Botiga\",\"item\":\"https:\\\/\\\/www.inverseteams.com\\\/ca\\\/botiga\\\/\"},{\"@type\":\"ListItem\",\"position\":3,\"name\":\"Armilla reversible OUTTER ARTIK CAMEL\\\/BLACK (HOME)\"}]},{\"@type\":\"WebSite\",\"@id\":\"https:\\\/\\\/www.inverseteams.com\\\/ca\\\/#website\",\"url\":\"https:\\\/\\\/www.inverseteams.com\\\/ca\\\/\",\"name\":\"Inverseteams\",\"description\":\"Tu marca de ropa deportiva personalizada\",\"publisher\":{\"@id\":\"https:\\\/\\\/www.inverseteams.com\\\/ca\\\/#organization\"},\"potentialAction\":[{\"@type\":\"SearchAction\",\"target\":{\"@type\":\"EntryPoint\",\"urlTemplate\":\"https:\\\/\\\/www.inverseteams.com\\\/ca\\\/?s={search_term_string}\"},\"query-input\":{\"@type\":\"PropertyValueSpecification\",\"valueRequired\":true,\"valueName\":\"search_term_string\"}}],\"inLanguage\":\"ca\"},{\"@type\":\"Organization\",\"@id\":\"https:\\\/\\\/www.inverseteams.com\\\/ca\\\/#organization\",\"name\":\"Inverse Teams\",\"url\":\"https:\\\/\\\/www.inverseteams.com\\\/ca\\\/\",\"logo\":{\"@type\":\"ImageObject\",\"inLanguage\":\"ca\",\"@id\":\"https:\\\/\\\/www.inverseteams.com\\\/ca\\\/#\\\/schema\\\/logo\\\/image\\\/\",\"url\":\"https:\\\/\\\/www.inverseteams.com\\\/wp-content\\\/uploads\\\/2021\\\/03\\\/logo-inverse-teams.png\",\"contentUrl\":\"https:\\\/\\\/www.inverseteams.com\\\/wp-content\\\/uploads\\\/2021\\\/03\\\/logo-inverse-teams.png\",\"width\":294,\"height\":99,\"caption\":\"Inverse Teams\"},\"image\":{\"@id\":\"https:\\\/\\\/www.inverseteams.com\\\/ca\\\/#\\\/schema\\\/logo\\\/image\\\/\"},\"sameAs\":[\"https:\\\/\\\/www.facebook.com\\\/inverseteams\",\"http:\\\/\\\/instagram.com\\\/inverseteams\",\"https:\\\/\\\/www.linkedin.com\\\/company\\\/inverse-cirosport-s-l-?trk=job_view_topcard_company_name\",\"http:\\\/\\\/www.pinterest.com\\\/inverseteams\\\/\",\"http:\\\/\\\/www.youtube.com\\\/user\\\/inverseteams?feature=watch\"]}]}<\/script>\n<!-- \/ Yoast SEO plugin. -->","yoast_head_json":{"title":"Armilla reversible OUTTER ARTIK CAMEL\/BLACK (HOME)","description":"Armilla reversible per a home molt lleuger, paravents i impermeable, imprescindible els dies de climatologia variable i d'estil casual. Una pe\u00e7a vers\u00e0til, ideal tant per fer servir sobre la bicicleta com fora. A la part superior de l'armilla, el teixit encoixinat PrimaLoft\u00ae garanteix un a\u00efllament t\u00e8rmic excel\u00b7lent, mentre que la capa exterior RIPSTOP repel\u00b7leix l'aigua. Confeccionat amb membrana bidireccional, les propietats de l'armilla s\u00f3n les mateixes pels dos costats. La zona lumbar est\u00e0 confeccionada amb teixit de reixeta per augmentar la transpirabilitat acabat amb un rivet reflector. A m\u00e9s, disposa de 2 obertures lumbars per accedir de forma r\u00e0pida i f\u00e0cil a les butxaques del mallot. T\u00e9 una cremallera integral amb sistema antipull i doble carro per poder obrir-lo en totes dues direccions. La zona de les aixelles estan acabades amb un rivet el\u00e0stic que s\u02bbajusta al cos i evita l\u02bbentrada d\u02bbaire, augmentant l\u02bbaerodin\u00e0mica. A la cintura t\u00e9 una banda el\u00e0stica amb un grip de silicona antilliscant a l'interior per mantenir l'armilla ben ajustada al cos.","robots":{"index":"index","follow":"follow","max-snippet":"max-snippet:-1","max-image-preview":"max-image-preview:large","max-video-preview":"max-video-preview:-1"},"canonical":"https:\/\/www.inverseteams.com\/ca\/producte\/armilla-reversible-outter-artik-camel-black-home\/","og_locale":"ca_ES","og_type":"article","og_title":"Armilla reversible OUTTER ARTIK CAMEL\/BLACK (HOME)","og_description":"Armilla reversible per a home molt lleuger, paravents i impermeable, imprescindible els dies de climatologia variable i d'estil casual. Una pe\u00e7a vers\u00e0til, ideal tant per fer servir sobre la bicicleta com fora. A la part superior de l'armilla, el teixit encoixinat PrimaLoft\u00ae garanteix un a\u00efllament t\u00e8rmic excel\u00b7lent, mentre que la capa exterior RIPSTOP repel\u00b7leix l'aigua. Confeccionat amb membrana bidireccional, les propietats de l'armilla s\u00f3n les mateixes pels dos costats. La zona lumbar est\u00e0 confeccionada amb teixit de reixeta per augmentar la transpirabilitat acabat amb un rivet reflector. A m\u00e9s, disposa de 2 obertures lumbars per accedir de forma r\u00e0pida i f\u00e0cil a les butxaques del mallot. T\u00e9 una cremallera integral amb sistema antipull i doble carro per poder obrir-lo en totes dues direccions. La zona de les aixelles estan acabades amb un rivet el\u00e0stic que s\u02bbajusta al cos i evita l\u02bbentrada d\u02bbaire, augmentant l\u02bbaerodin\u00e0mica. A la cintura t\u00e9 una banda el\u00e0stica amb un grip de silicona antilliscant a l'interior per mantenir l'armilla ben ajustada al cos.","og_url":"https:\/\/www.inverseteams.com\/ca\/producte\/armilla-reversible-outter-artik-camel-black-home\/","og_site_name":"Inverseteams","article_publisher":"https:\/\/www.facebook.com\/inverseteams","article_modified_time":"2026-02-20T10:55:34+00:00","og_image":[{"width":1500,"height":1612,"url":"https:\/\/www.inverseteams.com\/wp-content\/uploads\/INVERSE-OUTTER-CHALECO-REVERSIBLE-ARTIK-001.jpg","type":"image\/jpeg"}],"twitter_card":"summary_large_image","twitter_misc":{"Temps estimat de lectura":"1 minut"},"schema":{"@context":"https:\/\/schema.org","@graph":[{"@type":"WebPage","@id":"https:\/\/www.inverseteams.com\/ca\/producte\/armilla-reversible-outter-artik-camel-black-home\/","url":"https:\/\/www.inverseteams.com\/ca\/producte\/armilla-reversible-outter-artik-camel-black-home\/","name":"Armilla reversible OUTTER ARTIK CAMEL\/BLACK (HOME)","isPartOf":{"@id":"https:\/\/www.inverseteams.com\/ca\/#website"},"primaryImageOfPage":{"@id":"https:\/\/www.inverseteams.com\/ca\/producte\/armilla-reversible-outter-artik-camel-black-home\/#primaryimage"},"image":{"@id":"https:\/\/www.inverseteams.com\/ca\/producte\/armilla-reversible-outter-artik-camel-black-home\/#primaryimage"},"thumbnailUrl":"https:\/\/www.inverseteams.com\/wp-content\/uploads\/INVERSE-OUTTER-CHALECO-REVERSIBLE-ARTIK-001.jpg","datePublished":"2025-10-03T06:25:44+00:00","dateModified":"2026-02-20T10:55:34+00:00","description":"Armilla reversible per a home molt lleuger, paravents i impermeable, imprescindible els dies de climatologia variable i d'estil casual. Una pe\u00e7a vers\u00e0til, ideal tant per fer servir sobre la bicicleta com fora. A la part superior de l'armilla, el teixit encoixinat PrimaLoft\u00ae garanteix un a\u00efllament t\u00e8rmic excel\u00b7lent, mentre que la capa exterior RIPSTOP repel\u00b7leix l'aigua. Confeccionat amb membrana bidireccional, les propietats de l'armilla s\u00f3n les mateixes pels dos costats. La zona lumbar est\u00e0 confeccionada amb teixit de reixeta per augmentar la transpirabilitat acabat amb un rivet reflector. A m\u00e9s, disposa de 2 obertures lumbars per accedir de forma r\u00e0pida i f\u00e0cil a les butxaques del mallot. T\u00e9 una cremallera integral amb sistema antipull i doble carro per poder obrir-lo en totes dues direccions. La zona de les aixelles estan acabades amb un rivet el\u00e0stic que s\u02bbajusta al cos i evita l\u02bbentrada d\u02bbaire, augmentant l\u02bbaerodin\u00e0mica. A la cintura t\u00e9 una banda el\u00e0stica amb un grip de silicona antilliscant a l'interior per mantenir l'armilla ben ajustada al cos.","breadcrumb":{"@id":"https:\/\/www.inverseteams.com\/ca\/producte\/armilla-reversible-outter-artik-camel-black-home\/#breadcrumb"},"inLanguage":"ca","potentialAction":[{"@type":"ReadAction","target":["https:\/\/www.inverseteams.com\/ca\/producte\/armilla-reversible-outter-artik-camel-black-home\/"]}]},{"@type":"ImageObject","inLanguage":"ca","@id":"https:\/\/www.inverseteams.com\/ca\/producte\/armilla-reversible-outter-artik-camel-black-home\/#primaryimage","url":"https:\/\/www.inverseteams.com\/wp-content\/uploads\/INVERSE-OUTTER-CHALECO-REVERSIBLE-ARTIK-001.jpg","contentUrl":"https:\/\/www.inverseteams.com\/wp-content\/uploads\/INVERSE-OUTTER-CHALECO-REVERSIBLE-ARTIK-001.jpg","width":1500,"height":1612},{"@type":"BreadcrumbList","@id":"https:\/\/www.inverseteams.com\/ca\/producte\/armilla-reversible-outter-artik-camel-black-home\/#breadcrumb","itemListElement":[{"@type":"ListItem","position":1,"name":"Portada","item":"https:\/\/www.inverseteams.com\/ca\/pagina-principal\/"},{"@type":"ListItem","position":2,"name":"Botiga","item":"https:\/\/www.inverseteams.com\/ca\/botiga\/"},{"@type":"ListItem","position":3,"name":"Armilla reversible OUTTER ARTIK CAMEL\/BLACK (HOME)"}]},{"@type":"WebSite","@id":"https:\/\/www.inverseteams.com\/ca\/#website","url":"https:\/\/www.inverseteams.com\/ca\/","name":"Inverseteams","description":"Tu marca de ropa deportiva personalizada","publisher":{"@id":"https:\/\/www.inverseteams.com\/ca\/#organization"},"potentialAction":[{"@type":"SearchAction","target":{"@type":"EntryPoint","urlTemplate":"https:\/\/www.inverseteams.com\/ca\/?s={search_term_string}"},"query-input":{"@type":"PropertyValueSpecification","valueRequired":true,"valueName":"search_term_string"}}],"inLanguage":"ca"},{"@type":"Organization","@id":"https:\/\/www.inverseteams.com\/ca\/#organization","name":"Inverse Teams","url":"https:\/\/www.inverseteams.com\/ca\/","logo":{"@type":"ImageObject","inLanguage":"ca","@id":"https:\/\/www.inverseteams.com\/ca\/#\/schema\/logo\/image\/","url":"https:\/\/www.inverseteams.com\/wp-content\/uploads\/2021\/03\/logo-inverse-teams.png","contentUrl":"https:\/\/www.inverseteams.com\/wp-content\/uploads\/2021\/03\/logo-inverse-teams.png","width":294,"height":99,"caption":"Inverse Teams"},"image":{"@id":"https:\/\/www.inverseteams.com\/ca\/#\/schema\/logo\/image\/"},"sameAs":["https:\/\/www.facebook.com\/inverseteams","http:\/\/instagram.com\/inverseteams","https:\/\/www.linkedin.com\/company\/inverse-cirosport-s-l-?trk=job_view_topcard_company_name","http:\/\/www.pinterest.com\/inverseteams\/","http:\/\/www.youtube.com\/user\/inverseteams?feature=watch"]}]}},"_links":{"self":[{"href":"https:\/\/www.inverseteams.com\/ca\/wp-json\/wp\/v2\/product\/268795","targetHints":{"allow":["GET"]}}],"collection":[{"href":"https:\/\/www.inverseteams.com\/ca\/wp-json\/wp\/v2\/product"}],"about":[{"href":"https:\/\/www.inverseteams.com\/ca\/wp-json\/wp\/v2\/types\/product"}],"replies":[{"embeddable":true,"href":"https:\/\/www.inverseteams.com\/ca\/wp-json\/wp\/v2\/comments?post=268795"}],"wp:featuredmedia":[{"embeddable":true,"href":"https:\/\/www.inverseteams.com\/ca\/wp-json\/wp\/v2\/media\/268649"}],"wp:attachment":[{"href":"https:\/\/www.inverseteams.com\/ca\/wp-json\/wp\/v2\/media?parent=268795"}],"wp:term":[{"taxonomy":"product_brand","embeddable":true,"href":"https:\/\/www.inverseteams.com\/ca\/wp-json\/wp\/v2\/product_brand?post=268795"},{"taxonomy":"product_cat","embeddable":true,"href":"https:\/\/www.inverseteams.com\/ca\/wp-json\/wp\/v2\/product_cat?post=268795"},{"taxonomy":"product_tag","embeddable":true,"href":"https:\/\/www.inverseteams.com\/ca\/wp-json\/wp\/v2\/product_tag?post=268795"},{"taxonomy":"custom_category","embeddable":true,"href":"https:\/\/www.inverseteams.com\/ca\/wp-json\/wp\/v2\/custom_category?post=268795"},{"taxonomy":"range","embeddable":true,"href":"https:\/\/www.inverseteams.com\/ca\/wp-json\/wp\/v2\/range?post=268795"}],"curies":[{"name":"wp","href":"https:\/\/api.w.org\/{rel}","templated":true}]}}