{"id":268579,"date":"2025-10-03T15:52:28","date_gmt":"2025-10-03T15:52:28","guid":{"rendered":"https:\/\/www.inverseteams.com\/?post_type=product&#038;p=268579"},"modified":"2026-02-20T11:55:30","modified_gmt":"2026-02-20T10:55:30","slug":"maneguets-termics-oryx-black","status":"publish","type":"product","link":"https:\/\/www.inverseteams.com\/ca\/producte\/maneguets-termics-oryx-black\/","title":{"rendered":"Maneguets t\u00e8rmics ORYX BLACK"},"content":{"rendered":"<p>Els maneguets t\u00e8rmics actuen com una segona pell per protegir-te de les temperatures m\u00e9s baixes. El teixit t\u00e8rmic SUPER ROUBAIX mant\u00e9 la calor sense augmentar la sudoraci\u00f3 i aporta una sensaci\u00f3 de confort total. Estan confeccionats amb costures planes que eviten els frecs i la irritaci\u00f3.<br \/>\nAls extrems t\u00e9 una goma interior de silicona hipoal\u00b7lerg\u00e8nica que impedeix que es mogui. Tindr\u00e0s una llibertat de moviments total.<\/p>\n","protected":false},"excerpt":{"rendered":"<p>Els maneguets t\u00e8rmics actuen com una segona pell per protegir-te de les temperatures m\u00e9s baixes. El teixit t\u00e8rmic SUPER ROUBAIX mant\u00e9 la calor sense augmentar la sudoraci\u00f3 i aporta una sensaci\u00f3 de confort total. Estan confeccionats amb costures planes que eviten els frecs i la irritaci\u00f3.<br \/>\nAls extrems t\u00e9 una goma interior de silicona hipoal\u00b7lerg\u00e8nica que impedeix que es mogui. Tindr\u00e0s una llibertat de moviments total.<\/p>\n","protected":false},"featured_media":271364,"comment_status":"closed","ping_status":"closed","template":"","meta":{"_acf_changed":false},"product_brand":[],"product_cat":[4110,4177,7175],"product_tag":[],"custom_category":[],"range":[],"class_list":{"0":"post-268579","1":"product","2":"type-product","3":"status-publish","4":"has-post-thumbnail","6":"product_cat-ciclisme","7":"product_cat-accesorios-ca","8":"product_cat-b2b-ca","9":"pa_climatologia-fred","10":"pa_deporte-ciclisme","11":"pa_genero-home","12":"pa_genero-dona","13":"pa_genero-infantil-ca","14":"pa_talla-xs-s-ca","15":"pa_talla-xl-xxl-ca","16":"pa_talla-m-l-ca","17":"pa_tipo-de-prenda-maneguets","19":"first","20":"instock","21":"taxable","22":"shipping-taxable","23":"purchasable","24":"product-type-variable","25":"has-default-attributes"},"acf":[],"yoast_head":"<!-- This site is optimized with the Yoast SEO plugin v27.3 - https:\/\/yoast.com\/product\/yoast-seo-wordpress\/ -->\n<title>Maneguets t\u00e8rmics ORYX BLACK<\/title>\n<meta name=\"description\" content=\"Els maneguets t\u00e8rmics actuen com una segona pell per protegir-te de les temperatures m\u00e9s baixes. El teixit t\u00e8rmic SUPER ROUBAIX mant\u00e9 la calor sense augmentar la sudoraci\u00f3 i aporta una sensaci\u00f3 de confort total. Estan confeccionats amb costures planes que eviten els frecs i la irritaci\u00f3. Als extrems t\u00e9 una goma interior de silicona hipoal\u00b7lerg\u00e8nica que impedeix que es mogui. Tindr\u00e0s una llibertat de moviments total.\" \/>\n<meta name=\"robots\" content=\"index, follow, max-snippet:-1, max-image-preview:large, max-video-preview:-1\" \/>\n<link rel=\"canonical\" href=\"https:\/\/www.inverseteams.com\/ca\/producte\/maneguets-termics-oryx-black\/\" \/>\n<meta property=\"og:locale\" content=\"ca_ES\" \/>\n<meta property=\"og:type\" content=\"article\" \/>\n<meta property=\"og:title\" content=\"Maneguets t\u00e8rmics ORYX BLACK\" \/>\n<meta property=\"og:description\" content=\"Els maneguets t\u00e8rmics actuen com una segona pell per protegir-te de les temperatures m\u00e9s baixes. El teixit t\u00e8rmic SUPER ROUBAIX mant\u00e9 la calor sense augmentar la sudoraci\u00f3 i aporta una sensaci\u00f3 de confort total. Estan confeccionats amb costures planes que eviten els frecs i la irritaci\u00f3. Als extrems t\u00e9 una goma interior de silicona hipoal\u00b7lerg\u00e8nica que impedeix que es mogui. Tindr\u00e0s una llibertat de moviments total.\" \/>\n<meta property=\"og:url\" content=\"https:\/\/www.inverseteams.com\/ca\/producte\/maneguets-termics-oryx-black\/\" \/>\n<meta property=\"og:site_name\" content=\"Inverseteams\" \/>\n<meta property=\"article:publisher\" content=\"https:\/\/www.facebook.com\/inverseteams\" \/>\n<meta property=\"article:modified_time\" content=\"2026-02-20T10:55:30+00:00\" \/>\n<meta property=\"og:image\" content=\"https:\/\/www.inverseteams.com\/wp-content\/uploads\/INVERSE-MANGUITOS-PURE-ORYX-001.jpg\" \/>\n\t<meta property=\"og:image:width\" content=\"1500\" \/>\n\t<meta property=\"og:image:height\" content=\"1612\" \/>\n\t<meta property=\"og:image:type\" content=\"image\/jpeg\" \/>\n<meta name=\"twitter:card\" content=\"summary_large_image\" \/>\n<meta name=\"twitter:label1\" content=\"Temps estimat de lectura\" \/>\n\t<meta name=\"twitter:data1\" content=\"1 minut\" \/>\n<script type=\"application\/ld+json\" class=\"yoast-schema-graph\">{\"@context\":\"https:\\\/\\\/schema.org\",\"@graph\":[{\"@type\":\"WebPage\",\"@id\":\"https:\\\/\\\/www.inverseteams.com\\\/ca\\\/producte\\\/maneguets-termics-oryx-black\\\/\",\"url\":\"https:\\\/\\\/www.inverseteams.com\\\/ca\\\/producte\\\/maneguets-termics-oryx-black\\\/\",\"name\":\"Maneguets t\u00e8rmics ORYX BLACK\",\"isPartOf\":{\"@id\":\"https:\\\/\\\/www.inverseteams.com\\\/ca\\\/#website\"},\"primaryImageOfPage\":{\"@id\":\"https:\\\/\\\/www.inverseteams.com\\\/ca\\\/producte\\\/maneguets-termics-oryx-black\\\/#primaryimage\"},\"image\":{\"@id\":\"https:\\\/\\\/www.inverseteams.com\\\/ca\\\/producte\\\/maneguets-termics-oryx-black\\\/#primaryimage\"},\"thumbnailUrl\":\"https:\\\/\\\/www.inverseteams.com\\\/wp-content\\\/uploads\\\/INVERSE-MANGUITOS-PURE-ORYX-001.jpg\",\"datePublished\":\"2025-10-03T15:52:28+00:00\",\"dateModified\":\"2026-02-20T10:55:30+00:00\",\"description\":\"Els maneguets t\u00e8rmics actuen com una segona pell per protegir-te de les temperatures m\u00e9s baixes. El teixit t\u00e8rmic SUPER ROUBAIX mant\u00e9 la calor sense augmentar la sudoraci\u00f3 i aporta una sensaci\u00f3 de confort total. Estan confeccionats amb costures planes que eviten els frecs i la irritaci\u00f3. Als extrems t\u00e9 una goma interior de silicona hipoal\u00b7lerg\u00e8nica que impedeix que es mogui. Tindr\u00e0s una llibertat de moviments total.\",\"breadcrumb\":{\"@id\":\"https:\\\/\\\/www.inverseteams.com\\\/ca\\\/producte\\\/maneguets-termics-oryx-black\\\/#breadcrumb\"},\"inLanguage\":\"ca\",\"potentialAction\":[{\"@type\":\"ReadAction\",\"target\":[\"https:\\\/\\\/www.inverseteams.com\\\/ca\\\/producte\\\/maneguets-termics-oryx-black\\\/\"]}]},{\"@type\":\"ImageObject\",\"inLanguage\":\"ca\",\"@id\":\"https:\\\/\\\/www.inverseteams.com\\\/ca\\\/producte\\\/maneguets-termics-oryx-black\\\/#primaryimage\",\"url\":\"https:\\\/\\\/www.inverseteams.com\\\/wp-content\\\/uploads\\\/INVERSE-MANGUITOS-PURE-ORYX-001.jpg\",\"contentUrl\":\"https:\\\/\\\/www.inverseteams.com\\\/wp-content\\\/uploads\\\/INVERSE-MANGUITOS-PURE-ORYX-001.jpg\",\"width\":1500,\"height\":1612},{\"@type\":\"BreadcrumbList\",\"@id\":\"https:\\\/\\\/www.inverseteams.com\\\/ca\\\/producte\\\/maneguets-termics-oryx-black\\\/#breadcrumb\",\"itemListElement\":[{\"@type\":\"ListItem\",\"position\":1,\"name\":\"Portada\",\"item\":\"https:\\\/\\\/www.inverseteams.com\\\/ca\\\/pagina-principal\\\/\"},{\"@type\":\"ListItem\",\"position\":2,\"name\":\"Botiga\",\"item\":\"https:\\\/\\\/www.inverseteams.com\\\/ca\\\/botiga\\\/\"},{\"@type\":\"ListItem\",\"position\":3,\"name\":\"Maneguets t\u00e8rmics ORYX BLACK\"}]},{\"@type\":\"WebSite\",\"@id\":\"https:\\\/\\\/www.inverseteams.com\\\/ca\\\/#website\",\"url\":\"https:\\\/\\\/www.inverseteams.com\\\/ca\\\/\",\"name\":\"Inverseteams\",\"description\":\"Tu marca de ropa deportiva personalizada\",\"publisher\":{\"@id\":\"https:\\\/\\\/www.inverseteams.com\\\/ca\\\/#organization\"},\"potentialAction\":[{\"@type\":\"SearchAction\",\"target\":{\"@type\":\"EntryPoint\",\"urlTemplate\":\"https:\\\/\\\/www.inverseteams.com\\\/ca\\\/?s={search_term_string}\"},\"query-input\":{\"@type\":\"PropertyValueSpecification\",\"valueRequired\":true,\"valueName\":\"search_term_string\"}}],\"inLanguage\":\"ca\"},{\"@type\":\"Organization\",\"@id\":\"https:\\\/\\\/www.inverseteams.com\\\/ca\\\/#organization\",\"name\":\"Inverse Teams\",\"url\":\"https:\\\/\\\/www.inverseteams.com\\\/ca\\\/\",\"logo\":{\"@type\":\"ImageObject\",\"inLanguage\":\"ca\",\"@id\":\"https:\\\/\\\/www.inverseteams.com\\\/ca\\\/#\\\/schema\\\/logo\\\/image\\\/\",\"url\":\"https:\\\/\\\/www.inverseteams.com\\\/wp-content\\\/uploads\\\/2021\\\/03\\\/logo-inverse-teams.png\",\"contentUrl\":\"https:\\\/\\\/www.inverseteams.com\\\/wp-content\\\/uploads\\\/2021\\\/03\\\/logo-inverse-teams.png\",\"width\":294,\"height\":99,\"caption\":\"Inverse Teams\"},\"image\":{\"@id\":\"https:\\\/\\\/www.inverseteams.com\\\/ca\\\/#\\\/schema\\\/logo\\\/image\\\/\"},\"sameAs\":[\"https:\\\/\\\/www.facebook.com\\\/inverseteams\",\"http:\\\/\\\/instagram.com\\\/inverseteams\",\"https:\\\/\\\/www.linkedin.com\\\/company\\\/inverse-cirosport-s-l-?trk=job_view_topcard_company_name\",\"http:\\\/\\\/www.pinterest.com\\\/inverseteams\\\/\",\"http:\\\/\\\/www.youtube.com\\\/user\\\/inverseteams?feature=watch\"]}]}<\/script>\n<!-- \/ Yoast SEO plugin. -->","yoast_head_json":{"title":"Maneguets t\u00e8rmics ORYX BLACK","description":"Els maneguets t\u00e8rmics actuen com una segona pell per protegir-te de les temperatures m\u00e9s baixes. El teixit t\u00e8rmic SUPER ROUBAIX mant\u00e9 la calor sense augmentar la sudoraci\u00f3 i aporta una sensaci\u00f3 de confort total. Estan confeccionats amb costures planes que eviten els frecs i la irritaci\u00f3. Als extrems t\u00e9 una goma interior de silicona hipoal\u00b7lerg\u00e8nica que impedeix que es mogui. Tindr\u00e0s una llibertat de moviments total.","robots":{"index":"index","follow":"follow","max-snippet":"max-snippet:-1","max-image-preview":"max-image-preview:large","max-video-preview":"max-video-preview:-1"},"canonical":"https:\/\/www.inverseteams.com\/ca\/producte\/maneguets-termics-oryx-black\/","og_locale":"ca_ES","og_type":"article","og_title":"Maneguets t\u00e8rmics ORYX BLACK","og_description":"Els maneguets t\u00e8rmics actuen com una segona pell per protegir-te de les temperatures m\u00e9s baixes. El teixit t\u00e8rmic SUPER ROUBAIX mant\u00e9 la calor sense augmentar la sudoraci\u00f3 i aporta una sensaci\u00f3 de confort total. Estan confeccionats amb costures planes que eviten els frecs i la irritaci\u00f3. Als extrems t\u00e9 una goma interior de silicona hipoal\u00b7lerg\u00e8nica que impedeix que es mogui. Tindr\u00e0s una llibertat de moviments total.","og_url":"https:\/\/www.inverseteams.com\/ca\/producte\/maneguets-termics-oryx-black\/","og_site_name":"Inverseteams","article_publisher":"https:\/\/www.facebook.com\/inverseteams","article_modified_time":"2026-02-20T10:55:30+00:00","og_image":[{"width":1500,"height":1612,"url":"https:\/\/www.inverseteams.com\/wp-content\/uploads\/INVERSE-MANGUITOS-PURE-ORYX-001.jpg","type":"image\/jpeg"}],"twitter_card":"summary_large_image","twitter_misc":{"Temps estimat de lectura":"1 minut"},"schema":{"@context":"https:\/\/schema.org","@graph":[{"@type":"WebPage","@id":"https:\/\/www.inverseteams.com\/ca\/producte\/maneguets-termics-oryx-black\/","url":"https:\/\/www.inverseteams.com\/ca\/producte\/maneguets-termics-oryx-black\/","name":"Maneguets t\u00e8rmics ORYX BLACK","isPartOf":{"@id":"https:\/\/www.inverseteams.com\/ca\/#website"},"primaryImageOfPage":{"@id":"https:\/\/www.inverseteams.com\/ca\/producte\/maneguets-termics-oryx-black\/#primaryimage"},"image":{"@id":"https:\/\/www.inverseteams.com\/ca\/producte\/maneguets-termics-oryx-black\/#primaryimage"},"thumbnailUrl":"https:\/\/www.inverseteams.com\/wp-content\/uploads\/INVERSE-MANGUITOS-PURE-ORYX-001.jpg","datePublished":"2025-10-03T15:52:28+00:00","dateModified":"2026-02-20T10:55:30+00:00","description":"Els maneguets t\u00e8rmics actuen com una segona pell per protegir-te de les temperatures m\u00e9s baixes. El teixit t\u00e8rmic SUPER ROUBAIX mant\u00e9 la calor sense augmentar la sudoraci\u00f3 i aporta una sensaci\u00f3 de confort total. Estan confeccionats amb costures planes que eviten els frecs i la irritaci\u00f3. Als extrems t\u00e9 una goma interior de silicona hipoal\u00b7lerg\u00e8nica que impedeix que es mogui. Tindr\u00e0s una llibertat de moviments total.","breadcrumb":{"@id":"https:\/\/www.inverseteams.com\/ca\/producte\/maneguets-termics-oryx-black\/#breadcrumb"},"inLanguage":"ca","potentialAction":[{"@type":"ReadAction","target":["https:\/\/www.inverseteams.com\/ca\/producte\/maneguets-termics-oryx-black\/"]}]},{"@type":"ImageObject","inLanguage":"ca","@id":"https:\/\/www.inverseteams.com\/ca\/producte\/maneguets-termics-oryx-black\/#primaryimage","url":"https:\/\/www.inverseteams.com\/wp-content\/uploads\/INVERSE-MANGUITOS-PURE-ORYX-001.jpg","contentUrl":"https:\/\/www.inverseteams.com\/wp-content\/uploads\/INVERSE-MANGUITOS-PURE-ORYX-001.jpg","width":1500,"height":1612},{"@type":"BreadcrumbList","@id":"https:\/\/www.inverseteams.com\/ca\/producte\/maneguets-termics-oryx-black\/#breadcrumb","itemListElement":[{"@type":"ListItem","position":1,"name":"Portada","item":"https:\/\/www.inverseteams.com\/ca\/pagina-principal\/"},{"@type":"ListItem","position":2,"name":"Botiga","item":"https:\/\/www.inverseteams.com\/ca\/botiga\/"},{"@type":"ListItem","position":3,"name":"Maneguets t\u00e8rmics ORYX BLACK"}]},{"@type":"WebSite","@id":"https:\/\/www.inverseteams.com\/ca\/#website","url":"https:\/\/www.inverseteams.com\/ca\/","name":"Inverseteams","description":"Tu marca de ropa deportiva personalizada","publisher":{"@id":"https:\/\/www.inverseteams.com\/ca\/#organization"},"potentialAction":[{"@type":"SearchAction","target":{"@type":"EntryPoint","urlTemplate":"https:\/\/www.inverseteams.com\/ca\/?s={search_term_string}"},"query-input":{"@type":"PropertyValueSpecification","valueRequired":true,"valueName":"search_term_string"}}],"inLanguage":"ca"},{"@type":"Organization","@id":"https:\/\/www.inverseteams.com\/ca\/#organization","name":"Inverse Teams","url":"https:\/\/www.inverseteams.com\/ca\/","logo":{"@type":"ImageObject","inLanguage":"ca","@id":"https:\/\/www.inverseteams.com\/ca\/#\/schema\/logo\/image\/","url":"https:\/\/www.inverseteams.com\/wp-content\/uploads\/2021\/03\/logo-inverse-teams.png","contentUrl":"https:\/\/www.inverseteams.com\/wp-content\/uploads\/2021\/03\/logo-inverse-teams.png","width":294,"height":99,"caption":"Inverse Teams"},"image":{"@id":"https:\/\/www.inverseteams.com\/ca\/#\/schema\/logo\/image\/"},"sameAs":["https:\/\/www.facebook.com\/inverseteams","http:\/\/instagram.com\/inverseteams","https:\/\/www.linkedin.com\/company\/inverse-cirosport-s-l-?trk=job_view_topcard_company_name","http:\/\/www.pinterest.com\/inverseteams\/","http:\/\/www.youtube.com\/user\/inverseteams?feature=watch"]}]}},"_links":{"self":[{"href":"https:\/\/www.inverseteams.com\/ca\/wp-json\/wp\/v2\/product\/268579","targetHints":{"allow":["GET"]}}],"collection":[{"href":"https:\/\/www.inverseteams.com\/ca\/wp-json\/wp\/v2\/product"}],"about":[{"href":"https:\/\/www.inverseteams.com\/ca\/wp-json\/wp\/v2\/types\/product"}],"replies":[{"embeddable":true,"href":"https:\/\/www.inverseteams.com\/ca\/wp-json\/wp\/v2\/comments?post=268579"}],"wp:featuredmedia":[{"embeddable":true,"href":"https:\/\/www.inverseteams.com\/ca\/wp-json\/wp\/v2\/media\/271364"}],"wp:attachment":[{"href":"https:\/\/www.inverseteams.com\/ca\/wp-json\/wp\/v2\/media?parent=268579"}],"wp:term":[{"taxonomy":"product_brand","embeddable":true,"href":"https:\/\/www.inverseteams.com\/ca\/wp-json\/wp\/v2\/product_brand?post=268579"},{"taxonomy":"product_cat","embeddable":true,"href":"https:\/\/www.inverseteams.com\/ca\/wp-json\/wp\/v2\/product_cat?post=268579"},{"taxonomy":"product_tag","embeddable":true,"href":"https:\/\/www.inverseteams.com\/ca\/wp-json\/wp\/v2\/product_tag?post=268579"},{"taxonomy":"custom_category","embeddable":true,"href":"https:\/\/www.inverseteams.com\/ca\/wp-json\/wp\/v2\/custom_category?post=268579"},{"taxonomy":"range","embeddable":true,"href":"https:\/\/www.inverseteams.com\/ca\/wp-json\/wp\/v2\/range?post=268579"}],"curies":[{"name":"wp","href":"https:\/\/api.w.org\/{rel}","templated":true}]}}