{"id":248014,"date":"2025-03-07T08:18:54","date_gmt":"2025-03-07T10:00:17","guid":{"rendered":"https:\/\/www.inverseteams.com\/?post_type=product&#038;p=248014"},"modified":"2025-03-14T15:24:12","modified_gmt":"2025-03-14T15:24:12","slug":"motxilla-30l","status":"publish","type":"product","link":"https:\/\/www.inverseteams.com\/ca\/producte\/motxilla-30l\/","title":{"rendered":"Motxilla 30L SC88-C"},"content":{"rendered":"<p>Disponible en 4 colors: Negre, Vermell, Blau Navy i Blau Royal. L&#8217;escut del club s&#8217;estampa a DTF.<br \/>\nAquesta motxilla esportiva amb disseny ergon\u00f2mic t\u00e9 una doble nansa refor\u00e7ada per a les espatlles i una nansa especial de m\u00e0. L\u00b4esquena est\u00e0 encoixinada i t\u00e9 una butxaca d\u00b4acc\u00e9s frontal amb reixeta de ventilaci\u00f3 ideal per guardar el cal\u00e7at.<br \/>\nLa butxaca principal disposa d\u00b4un doble tirador i t\u00e9 una butxaca frontal exterior. El teixit \u00e9s resistent a l&#8217;aigua i t\u00e9 una capacitat de 30l.<\/p>\n","protected":false},"excerpt":{"rendered":"<p>Disponible en 4 colors: Negre, Vermell, Blau Navy i Blau Royal. L&#8217;escut del club s&#8217;estampa a DTF.<br \/>\nAquesta motxilla esportiva amb disseny ergon\u00f2mic t\u00e9 una doble nansa refor\u00e7ada per a les espatlles i una nansa especial de m\u00e0. L\u00b4esquena est\u00e0 encoixinada i t\u00e9 una butxaca d\u00b4acc\u00e9s frontal amb reixeta de ventilaci\u00f3 ideal per guardar el cal\u00e7at.<br \/>\nLa butxaca principal disposa d\u00b4un doble tirador i t\u00e9 una butxaca frontal exterior. El teixit \u00e9s resistent a l&#8217;aigua i t\u00e9 una capacitat de 30l.<\/p>\n","protected":false},"featured_media":247418,"comment_status":"closed","ping_status":"closed","template":"","meta":{"_acf_changed":false},"product_brand":[],"product_cat":[8306],"product_tag":[],"custom_category":[15157,15158],"range":[15148],"class_list":{"0":"post-248014","1":"product","2":"type-product","3":"status-publish","4":"has-post-thumbnail","6":"product_cat-uncategorized-ca","7":"pa_genero-unisex-ca","8":"pa_tipo-de-prenda-motxilla","9":"custom_category-futbol-ca","10":"custom_category-esport-dequip","11":"range-complements","13":"first","14":"instock","15":"product-type-custom"},"acf":[],"yoast_head":"<!-- This site is optimized with the Yoast SEO plugin v27.3 - https:\/\/yoast.com\/product\/yoast-seo-wordpress\/ -->\n<title>Motxilla 30L<\/title>\n<meta name=\"description\" content=\"Disponible en 4 colors: Negre, Vermell, Blau Navy i Blau Royal. L&#039;escut del club s&#039;estampa a DTF. Aquesta motxilla esportiva amb disseny ergon\u00f2mic t\u00e9 una doble nansa refor\u00e7ada per a les espatlles i una nansa especial de m\u00e0. L\u00b4esquena est\u00e0 encoixinada i t\u00e9 una butxaca d\u00b4acc\u00e9s frontal amb reixeta de ventilaci\u00f3 ideal per guardar el cal\u00e7at. La butxaca principal disposa d\u00b4un doble tirador i t\u00e9 una butxaca frontal exterior. El teixit \u00e9s resistent a l&#039;aigua i t\u00e9 una capacitat de 30l.\" \/>\n<meta name=\"robots\" content=\"index, follow, max-snippet:-1, max-image-preview:large, max-video-preview:-1\" \/>\n<link rel=\"canonical\" href=\"https:\/\/www.inverseteams.com\/ca\/producte\/motxilla-30l\/\" \/>\n<meta property=\"og:locale\" content=\"ca_ES\" \/>\n<meta property=\"og:type\" content=\"article\" \/>\n<meta property=\"og:title\" content=\"Motxilla 30L\" \/>\n<meta property=\"og:description\" content=\"Disponible en 4 colors: Negre, Vermell, Blau Navy i Blau Royal. L&#039;escut del club s&#039;estampa a DTF. Aquesta motxilla esportiva amb disseny ergon\u00f2mic t\u00e9 una doble nansa refor\u00e7ada per a les espatlles i una nansa especial de m\u00e0. L\u00b4esquena est\u00e0 encoixinada i t\u00e9 una butxaca d\u00b4acc\u00e9s frontal amb reixeta de ventilaci\u00f3 ideal per guardar el cal\u00e7at. La butxaca principal disposa d\u00b4un doble tirador i t\u00e9 una butxaca frontal exterior. El teixit \u00e9s resistent a l&#039;aigua i t\u00e9 una capacitat de 30l.\" \/>\n<meta property=\"og:url\" content=\"https:\/\/www.inverseteams.com\/ca\/producte\/motxilla-30l\/\" \/>\n<meta property=\"og:site_name\" content=\"Inverseteams\" \/>\n<meta property=\"article:publisher\" content=\"https:\/\/www.facebook.com\/inverseteams\" \/>\n<meta property=\"article:modified_time\" content=\"2025-03-14T15:24:12+00:00\" \/>\n<meta property=\"og:image\" content=\"https:\/\/www.inverseteams.com\/wp-content\/uploads\/MOCHILA-30L-1.jpg\" \/>\n\t<meta property=\"og:image:width\" content=\"1500\" \/>\n\t<meta property=\"og:image:height\" content=\"1612\" \/>\n\t<meta property=\"og:image:type\" content=\"image\/jpeg\" \/>\n<meta name=\"twitter:card\" content=\"summary_large_image\" \/>\n<meta name=\"twitter:label1\" content=\"Temps estimat de lectura\" \/>\n\t<meta name=\"twitter:data1\" content=\"1 minut\" \/>\n<script type=\"application\/ld+json\" class=\"yoast-schema-graph\">{\"@context\":\"https:\\\/\\\/schema.org\",\"@graph\":[{\"@type\":\"WebPage\",\"@id\":\"https:\\\/\\\/www.inverseteams.com\\\/ca\\\/producte\\\/motxilla-30l\\\/\",\"url\":\"https:\\\/\\\/www.inverseteams.com\\\/ca\\\/producte\\\/motxilla-30l\\\/\",\"name\":\"Motxilla 30L\",\"isPartOf\":{\"@id\":\"https:\\\/\\\/www.inverseteams.com\\\/ca\\\/#website\"},\"primaryImageOfPage\":{\"@id\":\"https:\\\/\\\/www.inverseteams.com\\\/ca\\\/producte\\\/motxilla-30l\\\/#primaryimage\"},\"image\":{\"@id\":\"https:\\\/\\\/www.inverseteams.com\\\/ca\\\/producte\\\/motxilla-30l\\\/#primaryimage\"},\"thumbnailUrl\":\"https:\\\/\\\/www.inverseteams.com\\\/wp-content\\\/uploads\\\/MOCHILA-30L-1.jpg\",\"datePublished\":\"2025-03-07T10:00:17+00:00\",\"dateModified\":\"2025-03-14T15:24:12+00:00\",\"description\":\"Disponible en 4 colors: Negre, Vermell, Blau Navy i Blau Royal. L'escut del club s'estampa a DTF. Aquesta motxilla esportiva amb disseny ergon\u00f2mic t\u00e9 una doble nansa refor\u00e7ada per a les espatlles i una nansa especial de m\u00e0. L\u00b4esquena est\u00e0 encoixinada i t\u00e9 una butxaca d\u00b4acc\u00e9s frontal amb reixeta de ventilaci\u00f3 ideal per guardar el cal\u00e7at. La butxaca principal disposa d\u00b4un doble tirador i t\u00e9 una butxaca frontal exterior. El teixit \u00e9s resistent a l'aigua i t\u00e9 una capacitat de 30l.\",\"breadcrumb\":{\"@id\":\"https:\\\/\\\/www.inverseteams.com\\\/ca\\\/producte\\\/motxilla-30l\\\/#breadcrumb\"},\"inLanguage\":\"ca\",\"potentialAction\":[{\"@type\":\"ReadAction\",\"target\":[\"https:\\\/\\\/www.inverseteams.com\\\/ca\\\/producte\\\/motxilla-30l\\\/\"]}]},{\"@type\":\"ImageObject\",\"inLanguage\":\"ca\",\"@id\":\"https:\\\/\\\/www.inverseteams.com\\\/ca\\\/producte\\\/motxilla-30l\\\/#primaryimage\",\"url\":\"https:\\\/\\\/www.inverseteams.com\\\/wp-content\\\/uploads\\\/MOCHILA-30L-1.jpg\",\"contentUrl\":\"https:\\\/\\\/www.inverseteams.com\\\/wp-content\\\/uploads\\\/MOCHILA-30L-1.jpg\",\"width\":1500,\"height\":1612},{\"@type\":\"BreadcrumbList\",\"@id\":\"https:\\\/\\\/www.inverseteams.com\\\/ca\\\/producte\\\/motxilla-30l\\\/#breadcrumb\",\"itemListElement\":[{\"@type\":\"ListItem\",\"position\":1,\"name\":\"Portada\",\"item\":\"https:\\\/\\\/www.inverseteams.com\\\/ca\\\/pagina-principal\\\/\"},{\"@type\":\"ListItem\",\"position\":2,\"name\":\"Botiga\",\"item\":\"https:\\\/\\\/www.inverseteams.com\\\/ca\\\/botiga\\\/\"},{\"@type\":\"ListItem\",\"position\":3,\"name\":\"Motxilla 30L SC88-C\"}]},{\"@type\":\"WebSite\",\"@id\":\"https:\\\/\\\/www.inverseteams.com\\\/ca\\\/#website\",\"url\":\"https:\\\/\\\/www.inverseteams.com\\\/ca\\\/\",\"name\":\"Inverseteams\",\"description\":\"Tu marca de ropa deportiva personalizada\",\"publisher\":{\"@id\":\"https:\\\/\\\/www.inverseteams.com\\\/ca\\\/#organization\"},\"potentialAction\":[{\"@type\":\"SearchAction\",\"target\":{\"@type\":\"EntryPoint\",\"urlTemplate\":\"https:\\\/\\\/www.inverseteams.com\\\/ca\\\/?s={search_term_string}\"},\"query-input\":{\"@type\":\"PropertyValueSpecification\",\"valueRequired\":true,\"valueName\":\"search_term_string\"}}],\"inLanguage\":\"ca\"},{\"@type\":\"Organization\",\"@id\":\"https:\\\/\\\/www.inverseteams.com\\\/ca\\\/#organization\",\"name\":\"Inverse Teams\",\"url\":\"https:\\\/\\\/www.inverseteams.com\\\/ca\\\/\",\"logo\":{\"@type\":\"ImageObject\",\"inLanguage\":\"ca\",\"@id\":\"https:\\\/\\\/www.inverseteams.com\\\/ca\\\/#\\\/schema\\\/logo\\\/image\\\/\",\"url\":\"http:\\\/\\\/www.inverseteams.com\\\/wp-content\\\/uploads\\\/2021\\\/03\\\/logo-inverse-teams.png\",\"contentUrl\":\"http:\\\/\\\/www.inverseteams.com\\\/wp-content\\\/uploads\\\/2021\\\/03\\\/logo-inverse-teams.png\",\"width\":294,\"height\":99,\"caption\":\"Inverse Teams\"},\"image\":{\"@id\":\"https:\\\/\\\/www.inverseteams.com\\\/ca\\\/#\\\/schema\\\/logo\\\/image\\\/\"},\"sameAs\":[\"https:\\\/\\\/www.facebook.com\\\/inverseteams\",\"http:\\\/\\\/instagram.com\\\/inverseteams\",\"https:\\\/\\\/www.linkedin.com\\\/company\\\/inverse-cirosport-s-l-?trk=job_view_topcard_company_name\",\"http:\\\/\\\/www.pinterest.com\\\/inverseteams\\\/\",\"http:\\\/\\\/www.youtube.com\\\/user\\\/inverseteams?feature=watch\"]}]}<\/script>\n<!-- \/ Yoast SEO plugin. -->","yoast_head_json":{"title":"Motxilla 30L","description":"Disponible en 4 colors: Negre, Vermell, Blau Navy i Blau Royal. L'escut del club s'estampa a DTF. Aquesta motxilla esportiva amb disseny ergon\u00f2mic t\u00e9 una doble nansa refor\u00e7ada per a les espatlles i una nansa especial de m\u00e0. L\u00b4esquena est\u00e0 encoixinada i t\u00e9 una butxaca d\u00b4acc\u00e9s frontal amb reixeta de ventilaci\u00f3 ideal per guardar el cal\u00e7at. La butxaca principal disposa d\u00b4un doble tirador i t\u00e9 una butxaca frontal exterior. El teixit \u00e9s resistent a l'aigua i t\u00e9 una capacitat de 30l.","robots":{"index":"index","follow":"follow","max-snippet":"max-snippet:-1","max-image-preview":"max-image-preview:large","max-video-preview":"max-video-preview:-1"},"canonical":"https:\/\/www.inverseteams.com\/ca\/producte\/motxilla-30l\/","og_locale":"ca_ES","og_type":"article","og_title":"Motxilla 30L","og_description":"Disponible en 4 colors: Negre, Vermell, Blau Navy i Blau Royal. L'escut del club s'estampa a DTF. Aquesta motxilla esportiva amb disseny ergon\u00f2mic t\u00e9 una doble nansa refor\u00e7ada per a les espatlles i una nansa especial de m\u00e0. L\u00b4esquena est\u00e0 encoixinada i t\u00e9 una butxaca d\u00b4acc\u00e9s frontal amb reixeta de ventilaci\u00f3 ideal per guardar el cal\u00e7at. La butxaca principal disposa d\u00b4un doble tirador i t\u00e9 una butxaca frontal exterior. El teixit \u00e9s resistent a l'aigua i t\u00e9 una capacitat de 30l.","og_url":"https:\/\/www.inverseteams.com\/ca\/producte\/motxilla-30l\/","og_site_name":"Inverseteams","article_publisher":"https:\/\/www.facebook.com\/inverseteams","article_modified_time":"2025-03-14T15:24:12+00:00","og_image":[{"width":1500,"height":1612,"url":"https:\/\/www.inverseteams.com\/wp-content\/uploads\/MOCHILA-30L-1.jpg","type":"image\/jpeg"}],"twitter_card":"summary_large_image","twitter_misc":{"Temps estimat de lectura":"1 minut"},"schema":{"@context":"https:\/\/schema.org","@graph":[{"@type":"WebPage","@id":"https:\/\/www.inverseteams.com\/ca\/producte\/motxilla-30l\/","url":"https:\/\/www.inverseteams.com\/ca\/producte\/motxilla-30l\/","name":"Motxilla 30L","isPartOf":{"@id":"https:\/\/www.inverseteams.com\/ca\/#website"},"primaryImageOfPage":{"@id":"https:\/\/www.inverseteams.com\/ca\/producte\/motxilla-30l\/#primaryimage"},"image":{"@id":"https:\/\/www.inverseteams.com\/ca\/producte\/motxilla-30l\/#primaryimage"},"thumbnailUrl":"https:\/\/www.inverseteams.com\/wp-content\/uploads\/MOCHILA-30L-1.jpg","datePublished":"2025-03-07T10:00:17+00:00","dateModified":"2025-03-14T15:24:12+00:00","description":"Disponible en 4 colors: Negre, Vermell, Blau Navy i Blau Royal. L'escut del club s'estampa a DTF. Aquesta motxilla esportiva amb disseny ergon\u00f2mic t\u00e9 una doble nansa refor\u00e7ada per a les espatlles i una nansa especial de m\u00e0. L\u00b4esquena est\u00e0 encoixinada i t\u00e9 una butxaca d\u00b4acc\u00e9s frontal amb reixeta de ventilaci\u00f3 ideal per guardar el cal\u00e7at. La butxaca principal disposa d\u00b4un doble tirador i t\u00e9 una butxaca frontal exterior. El teixit \u00e9s resistent a l'aigua i t\u00e9 una capacitat de 30l.","breadcrumb":{"@id":"https:\/\/www.inverseteams.com\/ca\/producte\/motxilla-30l\/#breadcrumb"},"inLanguage":"ca","potentialAction":[{"@type":"ReadAction","target":["https:\/\/www.inverseteams.com\/ca\/producte\/motxilla-30l\/"]}]},{"@type":"ImageObject","inLanguage":"ca","@id":"https:\/\/www.inverseteams.com\/ca\/producte\/motxilla-30l\/#primaryimage","url":"https:\/\/www.inverseteams.com\/wp-content\/uploads\/MOCHILA-30L-1.jpg","contentUrl":"https:\/\/www.inverseteams.com\/wp-content\/uploads\/MOCHILA-30L-1.jpg","width":1500,"height":1612},{"@type":"BreadcrumbList","@id":"https:\/\/www.inverseteams.com\/ca\/producte\/motxilla-30l\/#breadcrumb","itemListElement":[{"@type":"ListItem","position":1,"name":"Portada","item":"https:\/\/www.inverseteams.com\/ca\/pagina-principal\/"},{"@type":"ListItem","position":2,"name":"Botiga","item":"https:\/\/www.inverseteams.com\/ca\/botiga\/"},{"@type":"ListItem","position":3,"name":"Motxilla 30L SC88-C"}]},{"@type":"WebSite","@id":"https:\/\/www.inverseteams.com\/ca\/#website","url":"https:\/\/www.inverseteams.com\/ca\/","name":"Inverseteams","description":"Tu marca de ropa deportiva personalizada","publisher":{"@id":"https:\/\/www.inverseteams.com\/ca\/#organization"},"potentialAction":[{"@type":"SearchAction","target":{"@type":"EntryPoint","urlTemplate":"https:\/\/www.inverseteams.com\/ca\/?s={search_term_string}"},"query-input":{"@type":"PropertyValueSpecification","valueRequired":true,"valueName":"search_term_string"}}],"inLanguage":"ca"},{"@type":"Organization","@id":"https:\/\/www.inverseteams.com\/ca\/#organization","name":"Inverse Teams","url":"https:\/\/www.inverseteams.com\/ca\/","logo":{"@type":"ImageObject","inLanguage":"ca","@id":"https:\/\/www.inverseteams.com\/ca\/#\/schema\/logo\/image\/","url":"https:\/\/www.inverseteams.com\/wp-content\/uploads\/2021\/03\/logo-inverse-teams.png","contentUrl":"https:\/\/www.inverseteams.com\/wp-content\/uploads\/2021\/03\/logo-inverse-teams.png","width":294,"height":99,"caption":"Inverse Teams"},"image":{"@id":"https:\/\/www.inverseteams.com\/ca\/#\/schema\/logo\/image\/"},"sameAs":["https:\/\/www.facebook.com\/inverseteams","http:\/\/instagram.com\/inverseteams","https:\/\/www.linkedin.com\/company\/inverse-cirosport-s-l-?trk=job_view_topcard_company_name","http:\/\/www.pinterest.com\/inverseteams\/","http:\/\/www.youtube.com\/user\/inverseteams?feature=watch"]}]}},"_links":{"self":[{"href":"https:\/\/www.inverseteams.com\/ca\/wp-json\/wp\/v2\/product\/248014","targetHints":{"allow":["GET"]}}],"collection":[{"href":"https:\/\/www.inverseteams.com\/ca\/wp-json\/wp\/v2\/product"}],"about":[{"href":"https:\/\/www.inverseteams.com\/ca\/wp-json\/wp\/v2\/types\/product"}],"replies":[{"embeddable":true,"href":"https:\/\/www.inverseteams.com\/ca\/wp-json\/wp\/v2\/comments?post=248014"}],"wp:featuredmedia":[{"embeddable":true,"href":"https:\/\/www.inverseteams.com\/ca\/wp-json\/wp\/v2\/media\/247418"}],"wp:attachment":[{"href":"https:\/\/www.inverseteams.com\/ca\/wp-json\/wp\/v2\/media?parent=248014"}],"wp:term":[{"taxonomy":"product_brand","embeddable":true,"href":"https:\/\/www.inverseteams.com\/ca\/wp-json\/wp\/v2\/product_brand?post=248014"},{"taxonomy":"product_cat","embeddable":true,"href":"https:\/\/www.inverseteams.com\/ca\/wp-json\/wp\/v2\/product_cat?post=248014"},{"taxonomy":"product_tag","embeddable":true,"href":"https:\/\/www.inverseteams.com\/ca\/wp-json\/wp\/v2\/product_tag?post=248014"},{"taxonomy":"custom_category","embeddable":true,"href":"https:\/\/www.inverseteams.com\/ca\/wp-json\/wp\/v2\/custom_category?post=248014"},{"taxonomy":"range","embeddable":true,"href":"https:\/\/www.inverseteams.com\/ca\/wp-json\/wp\/v2\/range?post=248014"}],"curies":[{"name":"wp","href":"https:\/\/api.w.org\/{rel}","templated":true}]}}