{"id":248001,"date":"2025-03-07T08:15:00","date_gmt":"2025-03-07T09:57:00","guid":{"rendered":"https:\/\/www.inverseteams.com\/?post_type=product&#038;p=248001"},"modified":"2025-03-14T14:05:44","modified_gmt":"2025-03-14T14:05:44","slug":"jaqueta-xandall-sc65","status":"publish","type":"product","link":"https:\/\/www.inverseteams.com\/ca\/producte\/jaqueta-xandall-sc65\/","title":{"rendered":"Jaqueta xandall SC65-S"},"content":{"rendered":"<p>Jaqueta de xandall confeccionada amb el teixit HORIZON, amb un perxat interior que mant\u00e9 la calor corporal. El teixit est\u00e0 tractat amb l&#8217;acabat COOLCOMFORT, que assegura una expulsi\u00f3 f\u00e0cil de la suor cap a l&#8217;exterior, mantenint la pell seca i fresca i garantint una gran comoditat. A la zona frontal t\u00e9 2 butxaques amb cremallera molt \u00fatils per guardar qualsevol objecte amb total seguretat. T\u00e9 una cremallera integral perqu\u00e8 te la puguis posar i treure f\u00e0cilment.<br \/>\nEs pot personalitzar la part frontal. La resta de la jaqueta sempre \u00e9s negra.<\/p>\n","protected":false},"excerpt":{"rendered":"<p>Jaqueta de xandall confeccionada amb el teixit HORIZON, amb un perxat interior que mant\u00e9 la calor corporal. El teixit est\u00e0 tractat amb l&#8217;acabat COOLCOMFORT, que assegura una expulsi\u00f3 f\u00e0cil de la suor cap a l&#8217;exterior, mantenint la pell seca i fresca i garantint una gran comoditat. A la zona frontal t\u00e9 2 butxaques amb cremallera molt \u00fatils per guardar qualsevol objecte amb total seguretat. T\u00e9 una cremallera integral perqu\u00e8 te la puguis posar i treure f\u00e0cilment.<br \/>\nEs pot personalitzar la part frontal. La resta de la jaqueta sempre \u00e9s negra.<\/p>\n","protected":false},"featured_media":247638,"comment_status":"closed","ping_status":"closed","template":"","meta":{"_acf_changed":false},"product_brand":[],"product_cat":[8306],"product_tag":[],"custom_category":[15157,15158],"range":[15143],"class_list":{"0":"post-248001","1":"product","2":"type-product","3":"status-publish","4":"has-post-thumbnail","6":"product_cat-uncategorized-ca","7":"pa_climatologia-fred","8":"pa_climatologia-temperatura-temperada","9":"pa_climatologia-vent","10":"pa_genero-home","11":"pa_genero-dona","12":"pa_genero-infantil-ca","13":"pa_patronaje-regular-ca","14":"pa_tipo-de-prenda-xandall","15":"custom_category-futbol-ca","16":"custom_category-esport-dequip","17":"range-passeig","19":"first","20":"instock","21":"product-type-custom"},"acf":[],"yoast_head":"<!-- This site is optimized with the Yoast SEO plugin v27.3 - https:\/\/yoast.com\/product\/yoast-seo-wordpress\/ -->\n<title>Jaqueta xandall SC65<\/title>\n<meta name=\"description\" content=\"Jaqueta de xandall confeccionada amb el teixit HORIZON, amb un perxat interior que mant\u00e9 la calor corporal. El teixit est\u00e0 tractat amb l&#039;acabat COOLCOMFORT, que assegura una expulsi\u00f3 f\u00e0cil de la suor cap a l&#039;exterior, mantenint la pell seca i fresca i garantint una gran comoditat. A la zona frontal t\u00e9 2 butxaques amb cremallera molt \u00fatils per guardar qualsevol objecte amb total seguretat. T\u00e9 una cremallera integral perqu\u00e8 te la puguis posar i treure f\u00e0cilment. Es pot personalitzar la part frontal. La resta de la jaqueta sempre \u00e9s negra.\" \/>\n<meta name=\"robots\" content=\"index, follow, max-snippet:-1, max-image-preview:large, max-video-preview:-1\" \/>\n<link rel=\"canonical\" href=\"https:\/\/www.inverseteams.com\/ca\/producte\/jaqueta-xandall-sc65\/\" \/>\n<meta property=\"og:locale\" content=\"ca_ES\" \/>\n<meta property=\"og:type\" content=\"article\" \/>\n<meta property=\"og:title\" content=\"Jaqueta xandall SC65\" \/>\n<meta property=\"og:description\" content=\"Jaqueta de xandall confeccionada amb el teixit HORIZON, amb un perxat interior que mant\u00e9 la calor corporal. El teixit est\u00e0 tractat amb l&#039;acabat COOLCOMFORT, que assegura una expulsi\u00f3 f\u00e0cil de la suor cap a l&#039;exterior, mantenint la pell seca i fresca i garantint una gran comoditat. A la zona frontal t\u00e9 2 butxaques amb cremallera molt \u00fatils per guardar qualsevol objecte amb total seguretat. T\u00e9 una cremallera integral perqu\u00e8 te la puguis posar i treure f\u00e0cilment. Es pot personalitzar la part frontal. La resta de la jaqueta sempre \u00e9s negra.\" \/>\n<meta property=\"og:url\" content=\"https:\/\/www.inverseteams.com\/ca\/producte\/jaqueta-xandall-sc65\/\" \/>\n<meta property=\"og:site_name\" content=\"Inverseteams\" \/>\n<meta property=\"article:publisher\" content=\"https:\/\/www.facebook.com\/inverseteams\" \/>\n<meta property=\"article:modified_time\" content=\"2025-03-14T14:05:44+00:00\" \/>\n<meta property=\"og:image\" content=\"https:\/\/www.inverseteams.com\/wp-content\/uploads\/CHAQUETA-CHANDAL-FUTBOL-SC65-1.jpg\" \/>\n\t<meta property=\"og:image:width\" content=\"1500\" \/>\n\t<meta property=\"og:image:height\" content=\"1612\" \/>\n\t<meta property=\"og:image:type\" content=\"image\/jpeg\" \/>\n<meta name=\"twitter:card\" content=\"summary_large_image\" \/>\n<meta name=\"twitter:label1\" content=\"Temps estimat de lectura\" \/>\n\t<meta name=\"twitter:data1\" content=\"1 minut\" \/>\n<script type=\"application\/ld+json\" class=\"yoast-schema-graph\">{\"@context\":\"https:\\\/\\\/schema.org\",\"@graph\":[{\"@type\":\"WebPage\",\"@id\":\"https:\\\/\\\/www.inverseteams.com\\\/ca\\\/producte\\\/jaqueta-xandall-sc65\\\/\",\"url\":\"https:\\\/\\\/www.inverseteams.com\\\/ca\\\/producte\\\/jaqueta-xandall-sc65\\\/\",\"name\":\"Jaqueta xandall SC65\",\"isPartOf\":{\"@id\":\"https:\\\/\\\/www.inverseteams.com\\\/ca\\\/#website\"},\"primaryImageOfPage\":{\"@id\":\"https:\\\/\\\/www.inverseteams.com\\\/ca\\\/producte\\\/jaqueta-xandall-sc65\\\/#primaryimage\"},\"image\":{\"@id\":\"https:\\\/\\\/www.inverseteams.com\\\/ca\\\/producte\\\/jaqueta-xandall-sc65\\\/#primaryimage\"},\"thumbnailUrl\":\"https:\\\/\\\/www.inverseteams.com\\\/wp-content\\\/uploads\\\/CHAQUETA-CHANDAL-FUTBOL-SC65-1.jpg\",\"datePublished\":\"2025-03-07T09:57:00+00:00\",\"dateModified\":\"2025-03-14T14:05:44+00:00\",\"description\":\"Jaqueta de xandall confeccionada amb el teixit HORIZON, amb un perxat interior que mant\u00e9 la calor corporal. El teixit est\u00e0 tractat amb l'acabat COOLCOMFORT, que assegura una expulsi\u00f3 f\u00e0cil de la suor cap a l'exterior, mantenint la pell seca i fresca i garantint una gran comoditat. A la zona frontal t\u00e9 2 butxaques amb cremallera molt \u00fatils per guardar qualsevol objecte amb total seguretat. T\u00e9 una cremallera integral perqu\u00e8 te la puguis posar i treure f\u00e0cilment. Es pot personalitzar la part frontal. La resta de la jaqueta sempre \u00e9s negra.\",\"breadcrumb\":{\"@id\":\"https:\\\/\\\/www.inverseteams.com\\\/ca\\\/producte\\\/jaqueta-xandall-sc65\\\/#breadcrumb\"},\"inLanguage\":\"ca\",\"potentialAction\":[{\"@type\":\"ReadAction\",\"target\":[\"https:\\\/\\\/www.inverseteams.com\\\/ca\\\/producte\\\/jaqueta-xandall-sc65\\\/\"]}]},{\"@type\":\"ImageObject\",\"inLanguage\":\"ca\",\"@id\":\"https:\\\/\\\/www.inverseteams.com\\\/ca\\\/producte\\\/jaqueta-xandall-sc65\\\/#primaryimage\",\"url\":\"https:\\\/\\\/www.inverseteams.com\\\/wp-content\\\/uploads\\\/CHAQUETA-CHANDAL-FUTBOL-SC65-1.jpg\",\"contentUrl\":\"https:\\\/\\\/www.inverseteams.com\\\/wp-content\\\/uploads\\\/CHAQUETA-CHANDAL-FUTBOL-SC65-1.jpg\",\"width\":1500,\"height\":1612},{\"@type\":\"BreadcrumbList\",\"@id\":\"https:\\\/\\\/www.inverseteams.com\\\/ca\\\/producte\\\/jaqueta-xandall-sc65\\\/#breadcrumb\",\"itemListElement\":[{\"@type\":\"ListItem\",\"position\":1,\"name\":\"Portada\",\"item\":\"https:\\\/\\\/www.inverseteams.com\\\/ca\\\/pagina-principal\\\/\"},{\"@type\":\"ListItem\",\"position\":2,\"name\":\"Botiga\",\"item\":\"https:\\\/\\\/www.inverseteams.com\\\/ca\\\/botiga\\\/\"},{\"@type\":\"ListItem\",\"position\":3,\"name\":\"Jaqueta xandall SC65-S\"}]},{\"@type\":\"WebSite\",\"@id\":\"https:\\\/\\\/www.inverseteams.com\\\/ca\\\/#website\",\"url\":\"https:\\\/\\\/www.inverseteams.com\\\/ca\\\/\",\"name\":\"Inverseteams\",\"description\":\"Tu marca de ropa deportiva personalizada\",\"publisher\":{\"@id\":\"https:\\\/\\\/www.inverseteams.com\\\/ca\\\/#organization\"},\"potentialAction\":[{\"@type\":\"SearchAction\",\"target\":{\"@type\":\"EntryPoint\",\"urlTemplate\":\"https:\\\/\\\/www.inverseteams.com\\\/ca\\\/?s={search_term_string}\"},\"query-input\":{\"@type\":\"PropertyValueSpecification\",\"valueRequired\":true,\"valueName\":\"search_term_string\"}}],\"inLanguage\":\"ca\"},{\"@type\":\"Organization\",\"@id\":\"https:\\\/\\\/www.inverseteams.com\\\/ca\\\/#organization\",\"name\":\"Inverse Teams\",\"url\":\"https:\\\/\\\/www.inverseteams.com\\\/ca\\\/\",\"logo\":{\"@type\":\"ImageObject\",\"inLanguage\":\"ca\",\"@id\":\"https:\\\/\\\/www.inverseteams.com\\\/ca\\\/#\\\/schema\\\/logo\\\/image\\\/\",\"url\":\"https:\\\/\\\/www.inverseteams.com\\\/wp-content\\\/uploads\\\/2021\\\/03\\\/logo-inverse-teams.png\",\"contentUrl\":\"https:\\\/\\\/www.inverseteams.com\\\/wp-content\\\/uploads\\\/2021\\\/03\\\/logo-inverse-teams.png\",\"width\":294,\"height\":99,\"caption\":\"Inverse Teams\"},\"image\":{\"@id\":\"https:\\\/\\\/www.inverseteams.com\\\/ca\\\/#\\\/schema\\\/logo\\\/image\\\/\"},\"sameAs\":[\"https:\\\/\\\/www.facebook.com\\\/inverseteams\",\"http:\\\/\\\/instagram.com\\\/inverseteams\",\"https:\\\/\\\/www.linkedin.com\\\/company\\\/inverse-cirosport-s-l-?trk=job_view_topcard_company_name\",\"http:\\\/\\\/www.pinterest.com\\\/inverseteams\\\/\",\"http:\\\/\\\/www.youtube.com\\\/user\\\/inverseteams?feature=watch\"]}]}<\/script>\n<!-- \/ Yoast SEO plugin. -->","yoast_head_json":{"title":"Jaqueta xandall SC65","description":"Jaqueta de xandall confeccionada amb el teixit HORIZON, amb un perxat interior que mant\u00e9 la calor corporal. El teixit est\u00e0 tractat amb l'acabat COOLCOMFORT, que assegura una expulsi\u00f3 f\u00e0cil de la suor cap a l'exterior, mantenint la pell seca i fresca i garantint una gran comoditat. A la zona frontal t\u00e9 2 butxaques amb cremallera molt \u00fatils per guardar qualsevol objecte amb total seguretat. T\u00e9 una cremallera integral perqu\u00e8 te la puguis posar i treure f\u00e0cilment. Es pot personalitzar la part frontal. La resta de la jaqueta sempre \u00e9s negra.","robots":{"index":"index","follow":"follow","max-snippet":"max-snippet:-1","max-image-preview":"max-image-preview:large","max-video-preview":"max-video-preview:-1"},"canonical":"https:\/\/www.inverseteams.com\/ca\/producte\/jaqueta-xandall-sc65\/","og_locale":"ca_ES","og_type":"article","og_title":"Jaqueta xandall SC65","og_description":"Jaqueta de xandall confeccionada amb el teixit HORIZON, amb un perxat interior que mant\u00e9 la calor corporal. El teixit est\u00e0 tractat amb l'acabat COOLCOMFORT, que assegura una expulsi\u00f3 f\u00e0cil de la suor cap a l'exterior, mantenint la pell seca i fresca i garantint una gran comoditat. A la zona frontal t\u00e9 2 butxaques amb cremallera molt \u00fatils per guardar qualsevol objecte amb total seguretat. T\u00e9 una cremallera integral perqu\u00e8 te la puguis posar i treure f\u00e0cilment. Es pot personalitzar la part frontal. La resta de la jaqueta sempre \u00e9s negra.","og_url":"https:\/\/www.inverseteams.com\/ca\/producte\/jaqueta-xandall-sc65\/","og_site_name":"Inverseteams","article_publisher":"https:\/\/www.facebook.com\/inverseteams","article_modified_time":"2025-03-14T14:05:44+00:00","og_image":[{"width":1500,"height":1612,"url":"https:\/\/www.inverseteams.com\/wp-content\/uploads\/CHAQUETA-CHANDAL-FUTBOL-SC65-1.jpg","type":"image\/jpeg"}],"twitter_card":"summary_large_image","twitter_misc":{"Temps estimat de lectura":"1 minut"},"schema":{"@context":"https:\/\/schema.org","@graph":[{"@type":"WebPage","@id":"https:\/\/www.inverseteams.com\/ca\/producte\/jaqueta-xandall-sc65\/","url":"https:\/\/www.inverseteams.com\/ca\/producte\/jaqueta-xandall-sc65\/","name":"Jaqueta xandall SC65","isPartOf":{"@id":"https:\/\/www.inverseteams.com\/ca\/#website"},"primaryImageOfPage":{"@id":"https:\/\/www.inverseteams.com\/ca\/producte\/jaqueta-xandall-sc65\/#primaryimage"},"image":{"@id":"https:\/\/www.inverseteams.com\/ca\/producte\/jaqueta-xandall-sc65\/#primaryimage"},"thumbnailUrl":"https:\/\/www.inverseteams.com\/wp-content\/uploads\/CHAQUETA-CHANDAL-FUTBOL-SC65-1.jpg","datePublished":"2025-03-07T09:57:00+00:00","dateModified":"2025-03-14T14:05:44+00:00","description":"Jaqueta de xandall confeccionada amb el teixit HORIZON, amb un perxat interior que mant\u00e9 la calor corporal. El teixit est\u00e0 tractat amb l'acabat COOLCOMFORT, que assegura una expulsi\u00f3 f\u00e0cil de la suor cap a l'exterior, mantenint la pell seca i fresca i garantint una gran comoditat. A la zona frontal t\u00e9 2 butxaques amb cremallera molt \u00fatils per guardar qualsevol objecte amb total seguretat. T\u00e9 una cremallera integral perqu\u00e8 te la puguis posar i treure f\u00e0cilment. Es pot personalitzar la part frontal. La resta de la jaqueta sempre \u00e9s negra.","breadcrumb":{"@id":"https:\/\/www.inverseteams.com\/ca\/producte\/jaqueta-xandall-sc65\/#breadcrumb"},"inLanguage":"ca","potentialAction":[{"@type":"ReadAction","target":["https:\/\/www.inverseteams.com\/ca\/producte\/jaqueta-xandall-sc65\/"]}]},{"@type":"ImageObject","inLanguage":"ca","@id":"https:\/\/www.inverseteams.com\/ca\/producte\/jaqueta-xandall-sc65\/#primaryimage","url":"https:\/\/www.inverseteams.com\/wp-content\/uploads\/CHAQUETA-CHANDAL-FUTBOL-SC65-1.jpg","contentUrl":"https:\/\/www.inverseteams.com\/wp-content\/uploads\/CHAQUETA-CHANDAL-FUTBOL-SC65-1.jpg","width":1500,"height":1612},{"@type":"BreadcrumbList","@id":"https:\/\/www.inverseteams.com\/ca\/producte\/jaqueta-xandall-sc65\/#breadcrumb","itemListElement":[{"@type":"ListItem","position":1,"name":"Portada","item":"https:\/\/www.inverseteams.com\/ca\/pagina-principal\/"},{"@type":"ListItem","position":2,"name":"Botiga","item":"https:\/\/www.inverseteams.com\/ca\/botiga\/"},{"@type":"ListItem","position":3,"name":"Jaqueta xandall SC65-S"}]},{"@type":"WebSite","@id":"https:\/\/www.inverseteams.com\/ca\/#website","url":"https:\/\/www.inverseteams.com\/ca\/","name":"Inverseteams","description":"Tu marca de ropa deportiva personalizada","publisher":{"@id":"https:\/\/www.inverseteams.com\/ca\/#organization"},"potentialAction":[{"@type":"SearchAction","target":{"@type":"EntryPoint","urlTemplate":"https:\/\/www.inverseteams.com\/ca\/?s={search_term_string}"},"query-input":{"@type":"PropertyValueSpecification","valueRequired":true,"valueName":"search_term_string"}}],"inLanguage":"ca"},{"@type":"Organization","@id":"https:\/\/www.inverseteams.com\/ca\/#organization","name":"Inverse Teams","url":"https:\/\/www.inverseteams.com\/ca\/","logo":{"@type":"ImageObject","inLanguage":"ca","@id":"https:\/\/www.inverseteams.com\/ca\/#\/schema\/logo\/image\/","url":"https:\/\/www.inverseteams.com\/wp-content\/uploads\/2021\/03\/logo-inverse-teams.png","contentUrl":"https:\/\/www.inverseteams.com\/wp-content\/uploads\/2021\/03\/logo-inverse-teams.png","width":294,"height":99,"caption":"Inverse Teams"},"image":{"@id":"https:\/\/www.inverseteams.com\/ca\/#\/schema\/logo\/image\/"},"sameAs":["https:\/\/www.facebook.com\/inverseteams","http:\/\/instagram.com\/inverseteams","https:\/\/www.linkedin.com\/company\/inverse-cirosport-s-l-?trk=job_view_topcard_company_name","http:\/\/www.pinterest.com\/inverseteams\/","http:\/\/www.youtube.com\/user\/inverseteams?feature=watch"]}]}},"_links":{"self":[{"href":"https:\/\/www.inverseteams.com\/ca\/wp-json\/wp\/v2\/product\/248001","targetHints":{"allow":["GET"]}}],"collection":[{"href":"https:\/\/www.inverseteams.com\/ca\/wp-json\/wp\/v2\/product"}],"about":[{"href":"https:\/\/www.inverseteams.com\/ca\/wp-json\/wp\/v2\/types\/product"}],"replies":[{"embeddable":true,"href":"https:\/\/www.inverseteams.com\/ca\/wp-json\/wp\/v2\/comments?post=248001"}],"wp:featuredmedia":[{"embeddable":true,"href":"https:\/\/www.inverseteams.com\/ca\/wp-json\/wp\/v2\/media\/247638"}],"wp:attachment":[{"href":"https:\/\/www.inverseteams.com\/ca\/wp-json\/wp\/v2\/media?parent=248001"}],"wp:term":[{"taxonomy":"product_brand","embeddable":true,"href":"https:\/\/www.inverseteams.com\/ca\/wp-json\/wp\/v2\/product_brand?post=248001"},{"taxonomy":"product_cat","embeddable":true,"href":"https:\/\/www.inverseteams.com\/ca\/wp-json\/wp\/v2\/product_cat?post=248001"},{"taxonomy":"product_tag","embeddable":true,"href":"https:\/\/www.inverseteams.com\/ca\/wp-json\/wp\/v2\/product_tag?post=248001"},{"taxonomy":"custom_category","embeddable":true,"href":"https:\/\/www.inverseteams.com\/ca\/wp-json\/wp\/v2\/custom_category?post=248001"},{"taxonomy":"range","embeddable":true,"href":"https:\/\/www.inverseteams.com\/ca\/wp-json\/wp\/v2\/range?post=248001"}],"curies":[{"name":"wp","href":"https:\/\/api.w.org\/{rel}","templated":true}]}}