{"id":247999,"date":"2025-03-07T08:15:00","date_gmt":"2025-03-07T09:57:00","guid":{"rendered":"https:\/\/www.inverseteams.com\/?post_type=product&#038;p=247999"},"modified":"2025-03-17T13:44:07","modified_gmt":"2025-03-17T13:44:07","slug":"dessuadora-amb-caputxa-sc64","status":"publish","type":"product","link":"https:\/\/www.inverseteams.com\/ca\/producte\/dessuadora-amb-caputxa-sc64\/","title":{"rendered":"Dessuadora amb caputxa SC64-S"},"content":{"rendered":"<p>Dessuadora confeccionada amb el teixit HORIZON, amb un perxat interior que mant\u00e9 la calor corporal. El teixit est\u00e0 tractat amb l&#8217;acabat COOLCOMFORT, que assegura una expulsi\u00f3 f\u00e0cil de la suor cap a l&#8217;exterior, mantenint la pell seca i fresca i garantint una gran comoditat. La seva caputxa t\u00e9 un cord\u00f3 perqu\u00e8 la puguis ajustar al cap. A la zona frontal t\u00e9 una butxaca de gran capacitat. Al final de les m\u00e0nigues ia la cintura t\u00e9 una banda el\u00e0stica perqu\u00e8 la dessuadora s&#8217;adapti perfectament al teu cos.<br \/>\nEs pot personalitzar la part frontal. La resta de la dessuadora ser\u00e0 negra, vermella, blau navy o blau royal.<\/p>\n","protected":false},"excerpt":{"rendered":"<p>Dessuadora confeccionada amb el teixit HORIZON, amb un perxat interior que mant\u00e9 la calor corporal. El teixit est\u00e0 tractat amb l&#8217;acabat COOLCOMFORT, que assegura una expulsi\u00f3 f\u00e0cil de la suor cap a l&#8217;exterior, mantenint la pell seca i fresca i garantint una gran comoditat. La seva caputxa t\u00e9 un cord\u00f3 perqu\u00e8 la puguis ajustar al cap. A la zona frontal t\u00e9 una butxaca de gran capacitat. Al final de les m\u00e0nigues ia la cintura t\u00e9 una banda el\u00e0stica perqu\u00e8 la dessuadora s&#8217;adapti perfectament al teu cos.<br \/>\nEs pot personalitzar la part frontal. La resta de la dessuadora ser\u00e0 negra, vermella, blau navy o blau royal.<\/p>\n","protected":false},"featured_media":247848,"comment_status":"closed","ping_status":"closed","template":"","meta":{"_acf_changed":false},"product_brand":[],"product_cat":[8306],"product_tag":[],"custom_category":[15157,15158],"range":[15143],"class_list":{"0":"post-247999","1":"product","2":"type-product","3":"status-publish","4":"has-post-thumbnail","6":"product_cat-uncategorized-ca","7":"pa_climatologia-fred","8":"pa_climatologia-temperatura-temperada","9":"pa_climatologia-vent","10":"pa_genero-home","11":"pa_genero-dona","12":"pa_genero-infantil-ca","13":"pa_patronaje-regular-ca","14":"pa_tipo-de-prenda-dessuadora","15":"custom_category-futbol-ca","16":"custom_category-esport-dequip","17":"range-passeig","19":"first","20":"instock","21":"product-type-custom"},"acf":[],"yoast_head":"<!-- This site is optimized with the Yoast SEO plugin v27.5 - https:\/\/yoast.com\/product\/yoast-seo-wordpress\/ -->\n<title>Dessuadora amb caputxa SC64<\/title>\n<meta name=\"description\" content=\"Dessuadora confeccionada amb el teixit HORIZON, amb un perxat interior que mant\u00e9 la calor corporal. El teixit est\u00e0 tractat amb l&#039;acabat COOLCOMFORT, que assegura una expulsi\u00f3 f\u00e0cil de la suor cap a l&#039;exterior, mantenint la pell seca i fresca i garantint una gran comoditat. La seva caputxa t\u00e9 un cord\u00f3 perqu\u00e8 la puguis ajustar al cap. A la zona frontal t\u00e9 una butxaca de gran capacitat. Al final de les m\u00e0nigues ia la cintura t\u00e9 una banda el\u00e0stica perqu\u00e8 la dessuadora s&#039;adapti perfectament al teu cos. Es pot personalitzar la part frontal. La resta de la dessuadora ser\u00e0 negra, vermella, blau navy o blau royal.\" \/>\n<meta name=\"robots\" content=\"index, follow, max-snippet:-1, max-image-preview:large, max-video-preview:-1\" \/>\n<link rel=\"canonical\" href=\"https:\/\/www.inverseteams.com\/ca\/producte\/dessuadora-amb-caputxa-sc64\/\" \/>\n<meta property=\"og:locale\" content=\"ca_ES\" \/>\n<meta property=\"og:type\" content=\"article\" \/>\n<meta property=\"og:title\" content=\"Dessuadora amb caputxa SC64\" \/>\n<meta property=\"og:description\" content=\"Dessuadora confeccionada amb el teixit HORIZON, amb un perxat interior que mant\u00e9 la calor corporal. El teixit est\u00e0 tractat amb l&#039;acabat COOLCOMFORT, que assegura una expulsi\u00f3 f\u00e0cil de la suor cap a l&#039;exterior, mantenint la pell seca i fresca i garantint una gran comoditat. La seva caputxa t\u00e9 un cord\u00f3 perqu\u00e8 la puguis ajustar al cap. A la zona frontal t\u00e9 una butxaca de gran capacitat. Al final de les m\u00e0nigues ia la cintura t\u00e9 una banda el\u00e0stica perqu\u00e8 la dessuadora s&#039;adapti perfectament al teu cos. Es pot personalitzar la part frontal. La resta de la dessuadora ser\u00e0 negra, vermella, blau navy o blau royal.\" \/>\n<meta property=\"og:url\" content=\"https:\/\/www.inverseteams.com\/ca\/producte\/dessuadora-amb-caputxa-sc64\/\" \/>\n<meta property=\"og:site_name\" content=\"Inverseteams\" \/>\n<meta property=\"article:publisher\" content=\"https:\/\/www.facebook.com\/inverseteams\" \/>\n<meta property=\"article:modified_time\" content=\"2025-03-17T13:44:07+00:00\" \/>\n<meta property=\"og:image\" content=\"https:\/\/www.inverseteams.com\/wp-content\/uploads\/SUDADERA-CON-CAPUCHA-SC64-1.jpg\" \/>\n\t<meta property=\"og:image:width\" content=\"1500\" \/>\n\t<meta property=\"og:image:height\" content=\"1612\" \/>\n\t<meta property=\"og:image:type\" content=\"image\/jpeg\" \/>\n<meta name=\"twitter:card\" content=\"summary_large_image\" \/>\n<meta name=\"twitter:label1\" content=\"Temps estimat de lectura\" \/>\n\t<meta name=\"twitter:data1\" content=\"1 minut\" \/>\n<script type=\"application\/ld+json\" class=\"yoast-schema-graph\">{\"@context\":\"https:\\\/\\\/schema.org\",\"@graph\":[{\"@type\":\"WebPage\",\"@id\":\"https:\\\/\\\/www.inverseteams.com\\\/ca\\\/producte\\\/dessuadora-amb-caputxa-sc64\\\/\",\"url\":\"https:\\\/\\\/www.inverseteams.com\\\/ca\\\/producte\\\/dessuadora-amb-caputxa-sc64\\\/\",\"name\":\"Dessuadora amb caputxa SC64\",\"isPartOf\":{\"@id\":\"https:\\\/\\\/www.inverseteams.com\\\/ca\\\/#website\"},\"primaryImageOfPage\":{\"@id\":\"https:\\\/\\\/www.inverseteams.com\\\/ca\\\/producte\\\/dessuadora-amb-caputxa-sc64\\\/#primaryimage\"},\"image\":{\"@id\":\"https:\\\/\\\/www.inverseteams.com\\\/ca\\\/producte\\\/dessuadora-amb-caputxa-sc64\\\/#primaryimage\"},\"thumbnailUrl\":\"https:\\\/\\\/www.inverseteams.com\\\/wp-content\\\/uploads\\\/SUDADERA-CON-CAPUCHA-SC64-1.jpg\",\"datePublished\":\"2025-03-07T09:57:00+00:00\",\"dateModified\":\"2025-03-17T13:44:07+00:00\",\"description\":\"Dessuadora confeccionada amb el teixit HORIZON, amb un perxat interior que mant\u00e9 la calor corporal. El teixit est\u00e0 tractat amb l'acabat COOLCOMFORT, que assegura una expulsi\u00f3 f\u00e0cil de la suor cap a l'exterior, mantenint la pell seca i fresca i garantint una gran comoditat. La seva caputxa t\u00e9 un cord\u00f3 perqu\u00e8 la puguis ajustar al cap. A la zona frontal t\u00e9 una butxaca de gran capacitat. Al final de les m\u00e0nigues ia la cintura t\u00e9 una banda el\u00e0stica perqu\u00e8 la dessuadora s'adapti perfectament al teu cos. Es pot personalitzar la part frontal. La resta de la dessuadora ser\u00e0 negra, vermella, blau navy o blau royal.\",\"breadcrumb\":{\"@id\":\"https:\\\/\\\/www.inverseteams.com\\\/ca\\\/producte\\\/dessuadora-amb-caputxa-sc64\\\/#breadcrumb\"},\"inLanguage\":\"ca\",\"potentialAction\":[{\"@type\":\"ReadAction\",\"target\":[\"https:\\\/\\\/www.inverseteams.com\\\/ca\\\/producte\\\/dessuadora-amb-caputxa-sc64\\\/\"]}]},{\"@type\":\"ImageObject\",\"inLanguage\":\"ca\",\"@id\":\"https:\\\/\\\/www.inverseteams.com\\\/ca\\\/producte\\\/dessuadora-amb-caputxa-sc64\\\/#primaryimage\",\"url\":\"https:\\\/\\\/www.inverseteams.com\\\/wp-content\\\/uploads\\\/SUDADERA-CON-CAPUCHA-SC64-1.jpg\",\"contentUrl\":\"https:\\\/\\\/www.inverseteams.com\\\/wp-content\\\/uploads\\\/SUDADERA-CON-CAPUCHA-SC64-1.jpg\",\"width\":1500,\"height\":1612},{\"@type\":\"BreadcrumbList\",\"@id\":\"https:\\\/\\\/www.inverseteams.com\\\/ca\\\/producte\\\/dessuadora-amb-caputxa-sc64\\\/#breadcrumb\",\"itemListElement\":[{\"@type\":\"ListItem\",\"position\":1,\"name\":\"Portada\",\"item\":\"https:\\\/\\\/www.inverseteams.com\\\/ca\\\/pagina-principal\\\/\"},{\"@type\":\"ListItem\",\"position\":2,\"name\":\"Botiga\",\"item\":\"https:\\\/\\\/www.inverseteams.com\\\/ca\\\/botiga\\\/\"},{\"@type\":\"ListItem\",\"position\":3,\"name\":\"Dessuadora amb caputxa SC64-S\"}]},{\"@type\":\"WebSite\",\"@id\":\"https:\\\/\\\/www.inverseteams.com\\\/ca\\\/#website\",\"url\":\"https:\\\/\\\/www.inverseteams.com\\\/ca\\\/\",\"name\":\"Inverseteams\",\"description\":\"Tu marca de ropa deportiva personalizada\",\"publisher\":{\"@id\":\"https:\\\/\\\/www.inverseteams.com\\\/ca\\\/#organization\"},\"potentialAction\":[{\"@type\":\"SearchAction\",\"target\":{\"@type\":\"EntryPoint\",\"urlTemplate\":\"https:\\\/\\\/www.inverseteams.com\\\/ca\\\/?s={search_term_string}\"},\"query-input\":{\"@type\":\"PropertyValueSpecification\",\"valueRequired\":true,\"valueName\":\"search_term_string\"}}],\"inLanguage\":\"ca\"},{\"@type\":\"Organization\",\"@id\":\"https:\\\/\\\/www.inverseteams.com\\\/ca\\\/#organization\",\"name\":\"Inverse Teams\",\"url\":\"https:\\\/\\\/www.inverseteams.com\\\/ca\\\/\",\"logo\":{\"@type\":\"ImageObject\",\"inLanguage\":\"ca\",\"@id\":\"https:\\\/\\\/www.inverseteams.com\\\/ca\\\/#\\\/schema\\\/logo\\\/image\\\/\",\"url\":\"https:\\\/\\\/www.inverseteams.com\\\/wp-content\\\/uploads\\\/2021\\\/03\\\/logo-inverse-teams.png\",\"contentUrl\":\"https:\\\/\\\/www.inverseteams.com\\\/wp-content\\\/uploads\\\/2021\\\/03\\\/logo-inverse-teams.png\",\"width\":294,\"height\":99,\"caption\":\"Inverse Teams\"},\"image\":{\"@id\":\"https:\\\/\\\/www.inverseteams.com\\\/ca\\\/#\\\/schema\\\/logo\\\/image\\\/\"},\"sameAs\":[\"https:\\\/\\\/www.facebook.com\\\/inverseteams\",\"http:\\\/\\\/instagram.com\\\/inverseteams\",\"https:\\\/\\\/www.linkedin.com\\\/company\\\/inverse-cirosport-s-l-?trk=job_view_topcard_company_name\",\"http:\\\/\\\/www.pinterest.com\\\/inverseteams\\\/\",\"http:\\\/\\\/www.youtube.com\\\/user\\\/inverseteams?feature=watch\"]}]}<\/script>\n<!-- \/ Yoast SEO plugin. -->","yoast_head_json":{"title":"Dessuadora amb caputxa SC64","description":"Dessuadora confeccionada amb el teixit HORIZON, amb un perxat interior que mant\u00e9 la calor corporal. El teixit est\u00e0 tractat amb l'acabat COOLCOMFORT, que assegura una expulsi\u00f3 f\u00e0cil de la suor cap a l'exterior, mantenint la pell seca i fresca i garantint una gran comoditat. La seva caputxa t\u00e9 un cord\u00f3 perqu\u00e8 la puguis ajustar al cap. A la zona frontal t\u00e9 una butxaca de gran capacitat. Al final de les m\u00e0nigues ia la cintura t\u00e9 una banda el\u00e0stica perqu\u00e8 la dessuadora s'adapti perfectament al teu cos. Es pot personalitzar la part frontal. La resta de la dessuadora ser\u00e0 negra, vermella, blau navy o blau royal.","robots":{"index":"index","follow":"follow","max-snippet":"max-snippet:-1","max-image-preview":"max-image-preview:large","max-video-preview":"max-video-preview:-1"},"canonical":"https:\/\/www.inverseteams.com\/ca\/producte\/dessuadora-amb-caputxa-sc64\/","og_locale":"ca_ES","og_type":"article","og_title":"Dessuadora amb caputxa SC64","og_description":"Dessuadora confeccionada amb el teixit HORIZON, amb un perxat interior que mant\u00e9 la calor corporal. El teixit est\u00e0 tractat amb l'acabat COOLCOMFORT, que assegura una expulsi\u00f3 f\u00e0cil de la suor cap a l'exterior, mantenint la pell seca i fresca i garantint una gran comoditat. La seva caputxa t\u00e9 un cord\u00f3 perqu\u00e8 la puguis ajustar al cap. A la zona frontal t\u00e9 una butxaca de gran capacitat. Al final de les m\u00e0nigues ia la cintura t\u00e9 una banda el\u00e0stica perqu\u00e8 la dessuadora s'adapti perfectament al teu cos. Es pot personalitzar la part frontal. La resta de la dessuadora ser\u00e0 negra, vermella, blau navy o blau royal.","og_url":"https:\/\/www.inverseteams.com\/ca\/producte\/dessuadora-amb-caputxa-sc64\/","og_site_name":"Inverseteams","article_publisher":"https:\/\/www.facebook.com\/inverseteams","article_modified_time":"2025-03-17T13:44:07+00:00","og_image":[{"width":1500,"height":1612,"url":"https:\/\/www.inverseteams.com\/wp-content\/uploads\/SUDADERA-CON-CAPUCHA-SC64-1.jpg","type":"image\/jpeg"}],"twitter_card":"summary_large_image","twitter_misc":{"Temps estimat de lectura":"1 minut"},"schema":{"@context":"https:\/\/schema.org","@graph":[{"@type":"WebPage","@id":"https:\/\/www.inverseteams.com\/ca\/producte\/dessuadora-amb-caputxa-sc64\/","url":"https:\/\/www.inverseteams.com\/ca\/producte\/dessuadora-amb-caputxa-sc64\/","name":"Dessuadora amb caputxa SC64","isPartOf":{"@id":"https:\/\/www.inverseteams.com\/ca\/#website"},"primaryImageOfPage":{"@id":"https:\/\/www.inverseteams.com\/ca\/producte\/dessuadora-amb-caputxa-sc64\/#primaryimage"},"image":{"@id":"https:\/\/www.inverseteams.com\/ca\/producte\/dessuadora-amb-caputxa-sc64\/#primaryimage"},"thumbnailUrl":"https:\/\/www.inverseteams.com\/wp-content\/uploads\/SUDADERA-CON-CAPUCHA-SC64-1.jpg","datePublished":"2025-03-07T09:57:00+00:00","dateModified":"2025-03-17T13:44:07+00:00","description":"Dessuadora confeccionada amb el teixit HORIZON, amb un perxat interior que mant\u00e9 la calor corporal. El teixit est\u00e0 tractat amb l'acabat COOLCOMFORT, que assegura una expulsi\u00f3 f\u00e0cil de la suor cap a l'exterior, mantenint la pell seca i fresca i garantint una gran comoditat. La seva caputxa t\u00e9 un cord\u00f3 perqu\u00e8 la puguis ajustar al cap. A la zona frontal t\u00e9 una butxaca de gran capacitat. Al final de les m\u00e0nigues ia la cintura t\u00e9 una banda el\u00e0stica perqu\u00e8 la dessuadora s'adapti perfectament al teu cos. Es pot personalitzar la part frontal. La resta de la dessuadora ser\u00e0 negra, vermella, blau navy o blau royal.","breadcrumb":{"@id":"https:\/\/www.inverseteams.com\/ca\/producte\/dessuadora-amb-caputxa-sc64\/#breadcrumb"},"inLanguage":"ca","potentialAction":[{"@type":"ReadAction","target":["https:\/\/www.inverseteams.com\/ca\/producte\/dessuadora-amb-caputxa-sc64\/"]}]},{"@type":"ImageObject","inLanguage":"ca","@id":"https:\/\/www.inverseteams.com\/ca\/producte\/dessuadora-amb-caputxa-sc64\/#primaryimage","url":"https:\/\/www.inverseteams.com\/wp-content\/uploads\/SUDADERA-CON-CAPUCHA-SC64-1.jpg","contentUrl":"https:\/\/www.inverseteams.com\/wp-content\/uploads\/SUDADERA-CON-CAPUCHA-SC64-1.jpg","width":1500,"height":1612},{"@type":"BreadcrumbList","@id":"https:\/\/www.inverseteams.com\/ca\/producte\/dessuadora-amb-caputxa-sc64\/#breadcrumb","itemListElement":[{"@type":"ListItem","position":1,"name":"Portada","item":"https:\/\/www.inverseteams.com\/ca\/pagina-principal\/"},{"@type":"ListItem","position":2,"name":"Botiga","item":"https:\/\/www.inverseteams.com\/ca\/botiga\/"},{"@type":"ListItem","position":3,"name":"Dessuadora amb caputxa SC64-S"}]},{"@type":"WebSite","@id":"https:\/\/www.inverseteams.com\/ca\/#website","url":"https:\/\/www.inverseteams.com\/ca\/","name":"Inverseteams","description":"Tu marca de ropa deportiva personalizada","publisher":{"@id":"https:\/\/www.inverseteams.com\/ca\/#organization"},"potentialAction":[{"@type":"SearchAction","target":{"@type":"EntryPoint","urlTemplate":"https:\/\/www.inverseteams.com\/ca\/?s={search_term_string}"},"query-input":{"@type":"PropertyValueSpecification","valueRequired":true,"valueName":"search_term_string"}}],"inLanguage":"ca"},{"@type":"Organization","@id":"https:\/\/www.inverseteams.com\/ca\/#organization","name":"Inverse Teams","url":"https:\/\/www.inverseteams.com\/ca\/","logo":{"@type":"ImageObject","inLanguage":"ca","@id":"https:\/\/www.inverseteams.com\/ca\/#\/schema\/logo\/image\/","url":"https:\/\/www.inverseteams.com\/wp-content\/uploads\/2021\/03\/logo-inverse-teams.png","contentUrl":"https:\/\/www.inverseteams.com\/wp-content\/uploads\/2021\/03\/logo-inverse-teams.png","width":294,"height":99,"caption":"Inverse Teams"},"image":{"@id":"https:\/\/www.inverseteams.com\/ca\/#\/schema\/logo\/image\/"},"sameAs":["https:\/\/www.facebook.com\/inverseteams","http:\/\/instagram.com\/inverseteams","https:\/\/www.linkedin.com\/company\/inverse-cirosport-s-l-?trk=job_view_topcard_company_name","http:\/\/www.pinterest.com\/inverseteams\/","http:\/\/www.youtube.com\/user\/inverseteams?feature=watch"]}]}},"_links":{"self":[{"href":"https:\/\/www.inverseteams.com\/ca\/wp-json\/wp\/v2\/product\/247999","targetHints":{"allow":["GET"]}}],"collection":[{"href":"https:\/\/www.inverseteams.com\/ca\/wp-json\/wp\/v2\/product"}],"about":[{"href":"https:\/\/www.inverseteams.com\/ca\/wp-json\/wp\/v2\/types\/product"}],"replies":[{"embeddable":true,"href":"https:\/\/www.inverseteams.com\/ca\/wp-json\/wp\/v2\/comments?post=247999"}],"wp:featuredmedia":[{"embeddable":true,"href":"https:\/\/www.inverseteams.com\/ca\/wp-json\/wp\/v2\/media\/247848"}],"wp:attachment":[{"href":"https:\/\/www.inverseteams.com\/ca\/wp-json\/wp\/v2\/media?parent=247999"}],"wp:term":[{"taxonomy":"product_brand","embeddable":true,"href":"https:\/\/www.inverseteams.com\/ca\/wp-json\/wp\/v2\/product_brand?post=247999"},{"taxonomy":"product_cat","embeddable":true,"href":"https:\/\/www.inverseteams.com\/ca\/wp-json\/wp\/v2\/product_cat?post=247999"},{"taxonomy":"product_tag","embeddable":true,"href":"https:\/\/www.inverseteams.com\/ca\/wp-json\/wp\/v2\/product_tag?post=247999"},{"taxonomy":"custom_category","embeddable":true,"href":"https:\/\/www.inverseteams.com\/ca\/wp-json\/wp\/v2\/custom_category?post=247999"},{"taxonomy":"range","embeddable":true,"href":"https:\/\/www.inverseteams.com\/ca\/wp-json\/wp\/v2\/range?post=247999"}],"curies":[{"name":"wp","href":"https:\/\/api.w.org\/{rel}","templated":true}]}}