{"id":247946,"date":"2025-03-06T14:52:00","date_gmt":"2025-03-06T14:53:01","guid":{"rendered":"https:\/\/www.inverseteams.com\/?post_type=product&#038;p=247946"},"modified":"2025-03-18T14:19:48","modified_gmt":"2025-03-18T14:19:48","slug":"pantalo-sf42","status":"publish","type":"product","link":"https:\/\/www.inverseteams.com\/ca\/producte\/pantalo-sf42\/","title":{"rendered":"Pantal\u00f3 SF42-C"},"content":{"rendered":"<p>Disponible en 6 colors: Negre, Blanc, Vermell, Blau Navy, Blau Royal i Verd. El dorsal i l&#8217;escut del club s&#8217;estamparan a DTF.<br \/>\nFabricat amb un teixit de multifilament resistent, amb un tacte suau i molt agradable. Garanteix un confort total durant tot el partit.<br \/>\nEl patronatge d&#8217;aquests pantalons de futbol est\u00e0 especialment dissenyat per oferir una llibertat de moviment excel\u00b7lent. T\u00e9 una obertura als laterals perqu\u00e8 puguis moure la cama sense notar cap resist\u00e8ncia.<br \/>\nLa cintura est\u00e0 confeccionada amb una goma el\u00e0stica que s\u02bbadaptar\u00e0 perfectament al cos sense causar mol\u00e8stia. A m\u00e9s, incorpora un cord\u00f3 per poder adaptar l\u02bbajust al gust del jugador.<\/p>\n","protected":false},"excerpt":{"rendered":"<p>Disponible en 6 colors: Negre, Blanc, Vermell, Blau Navy, Blau Royal i Verd. El dorsal i l&#8217;escut del club s&#8217;estamparan a DTF.<br \/>\nFabricat amb un teixit de multifilament resistent, amb un tacte suau i molt agradable. Garanteix un confort total durant tot el partit.<br \/>\nEl patronatge d&#8217;aquests pantalons de futbol est\u00e0 especialment dissenyat per oferir una llibertat de moviment excel\u00b7lent. T\u00e9 una obertura als laterals perqu\u00e8 puguis moure la cama sense notar cap resist\u00e8ncia.<br \/>\nLa cintura est\u00e0 confeccionada amb una goma el\u00e0stica que s\u02bbadaptar\u00e0 perfectament al cos sense causar mol\u00e8stia. A m\u00e9s, incorpora un cord\u00f3 per poder adaptar l\u02bbajust al gust del jugador.<\/p>\n","protected":false},"featured_media":250888,"comment_status":"closed","ping_status":"closed","template":"","meta":{"_acf_changed":false},"product_brand":[],"product_cat":[8306],"product_tag":[],"custom_category":[15157,15158],"range":[15138],"class_list":{"0":"post-247946","1":"product","2":"type-product","3":"status-publish","4":"has-post-thumbnail","6":"product_cat-uncategorized-ca","7":"pa_climatologia-calor-ca","8":"pa_climatologia-temperatura-temperada","9":"pa_genero-unisex-ca","10":"pa_genero-infantil-ca","11":"pa_patronaje-regular-ca","12":"pa_tipo-de-prenda-pantalo-curt","13":"custom_category-futbol-ca","14":"custom_category-esport-dequip","15":"range-entrenament","17":"first","18":"instock","19":"product-type-custom"},"acf":[],"yoast_head":"<!-- This site is optimized with the Yoast SEO plugin v27.5 - https:\/\/yoast.com\/product\/yoast-seo-wordpress\/ -->\n<title>Pantal\u00f3 SF42<\/title>\n<meta name=\"description\" content=\"Disponible en 6 colors: Negre, Blanc, Vermell, Blau Navy, Blau Royal i Verd. El dorsal i l&#039;escut del club s&#039;estamparan a DTF. Fabricat amb un teixit de multifilament resistent, amb un tacte suau i molt agradable. Garanteix un confort total durant tot el partit. El patronatge d&#039;aquests pantalons de futbol est\u00e0 especialment dissenyat per oferir una llibertat de moviment excel\u00b7lent. T\u00e9 una obertura als laterals perqu\u00e8 puguis moure la cama sense notar cap resist\u00e8ncia. La cintura est\u00e0 confeccionada amb una goma el\u00e0stica que s\u02bbadaptar\u00e0 perfectament al cos sense causar mol\u00e8stia. A m\u00e9s, incorpora un cord\u00f3 per poder adaptar l\u02bbajust al gust del jugador.\" \/>\n<meta name=\"robots\" content=\"index, follow, max-snippet:-1, max-image-preview:large, max-video-preview:-1\" \/>\n<link rel=\"canonical\" href=\"https:\/\/www.inverseteams.com\/ca\/producte\/pantalo-sf42\/\" \/>\n<meta property=\"og:locale\" content=\"ca_ES\" \/>\n<meta property=\"og:type\" content=\"article\" \/>\n<meta property=\"og:title\" content=\"Pantal\u00f3 SF42\" \/>\n<meta property=\"og:description\" content=\"Disponible en 6 colors: Negre, Blanc, Vermell, Blau Navy, Blau Royal i Verd. El dorsal i l&#039;escut del club s&#039;estamparan a DTF. Fabricat amb un teixit de multifilament resistent, amb un tacte suau i molt agradable. Garanteix un confort total durant tot el partit. El patronatge d&#039;aquests pantalons de futbol est\u00e0 especialment dissenyat per oferir una llibertat de moviment excel\u00b7lent. T\u00e9 una obertura als laterals perqu\u00e8 puguis moure la cama sense notar cap resist\u00e8ncia. La cintura est\u00e0 confeccionada amb una goma el\u00e0stica que s\u02bbadaptar\u00e0 perfectament al cos sense causar mol\u00e8stia. A m\u00e9s, incorpora un cord\u00f3 per poder adaptar l\u02bbajust al gust del jugador.\" \/>\n<meta property=\"og:url\" content=\"https:\/\/www.inverseteams.com\/ca\/producte\/pantalo-sf42\/\" \/>\n<meta property=\"og:site_name\" content=\"Inverseteams\" \/>\n<meta property=\"article:publisher\" content=\"https:\/\/www.facebook.com\/inverseteams\" \/>\n<meta property=\"article:modified_time\" content=\"2025-03-18T14:19:48+00:00\" \/>\n<meta property=\"og:image\" content=\"https:\/\/www.inverseteams.com\/wp-content\/uploads\/PANTALON-FUTBOL-SF42-1-1.jpg\" \/>\n\t<meta property=\"og:image:width\" content=\"1500\" \/>\n\t<meta property=\"og:image:height\" content=\"1612\" \/>\n\t<meta property=\"og:image:type\" content=\"image\/jpeg\" \/>\n<meta name=\"twitter:card\" content=\"summary_large_image\" \/>\n<meta name=\"twitter:label1\" content=\"Temps estimat de lectura\" \/>\n\t<meta name=\"twitter:data1\" content=\"1 minut\" \/>\n<script type=\"application\/ld+json\" class=\"yoast-schema-graph\">{\"@context\":\"https:\\\/\\\/schema.org\",\"@graph\":[{\"@type\":\"WebPage\",\"@id\":\"https:\\\/\\\/www.inverseteams.com\\\/ca\\\/producte\\\/pantalo-sf42\\\/\",\"url\":\"https:\\\/\\\/www.inverseteams.com\\\/ca\\\/producte\\\/pantalo-sf42\\\/\",\"name\":\"Pantal\u00f3 SF42\",\"isPartOf\":{\"@id\":\"https:\\\/\\\/www.inverseteams.com\\\/ca\\\/#website\"},\"primaryImageOfPage\":{\"@id\":\"https:\\\/\\\/www.inverseteams.com\\\/ca\\\/producte\\\/pantalo-sf42\\\/#primaryimage\"},\"image\":{\"@id\":\"https:\\\/\\\/www.inverseteams.com\\\/ca\\\/producte\\\/pantalo-sf42\\\/#primaryimage\"},\"thumbnailUrl\":\"https:\\\/\\\/www.inverseteams.com\\\/wp-content\\\/uploads\\\/PANTALON-FUTBOL-SF42-1-1.jpg\",\"datePublished\":\"2025-03-06T14:53:01+00:00\",\"dateModified\":\"2025-03-18T14:19:48+00:00\",\"description\":\"Disponible en 6 colors: Negre, Blanc, Vermell, Blau Navy, Blau Royal i Verd. El dorsal i l'escut del club s'estamparan a DTF. Fabricat amb un teixit de multifilament resistent, amb un tacte suau i molt agradable. Garanteix un confort total durant tot el partit. El patronatge d'aquests pantalons de futbol est\u00e0 especialment dissenyat per oferir una llibertat de moviment excel\u00b7lent. T\u00e9 una obertura als laterals perqu\u00e8 puguis moure la cama sense notar cap resist\u00e8ncia. La cintura est\u00e0 confeccionada amb una goma el\u00e0stica que s\u02bbadaptar\u00e0 perfectament al cos sense causar mol\u00e8stia. A m\u00e9s, incorpora un cord\u00f3 per poder adaptar l\u02bbajust al gust del jugador.\",\"breadcrumb\":{\"@id\":\"https:\\\/\\\/www.inverseteams.com\\\/ca\\\/producte\\\/pantalo-sf42\\\/#breadcrumb\"},\"inLanguage\":\"ca\",\"potentialAction\":[{\"@type\":\"ReadAction\",\"target\":[\"https:\\\/\\\/www.inverseteams.com\\\/ca\\\/producte\\\/pantalo-sf42\\\/\"]}]},{\"@type\":\"ImageObject\",\"inLanguage\":\"ca\",\"@id\":\"https:\\\/\\\/www.inverseteams.com\\\/ca\\\/producte\\\/pantalo-sf42\\\/#primaryimage\",\"url\":\"https:\\\/\\\/www.inverseteams.com\\\/wp-content\\\/uploads\\\/PANTALON-FUTBOL-SF42-1-1.jpg\",\"contentUrl\":\"https:\\\/\\\/www.inverseteams.com\\\/wp-content\\\/uploads\\\/PANTALON-FUTBOL-SF42-1-1.jpg\",\"width\":1500,\"height\":1612,\"caption\":\"pantalon futbol\"},{\"@type\":\"BreadcrumbList\",\"@id\":\"https:\\\/\\\/www.inverseteams.com\\\/ca\\\/producte\\\/pantalo-sf42\\\/#breadcrumb\",\"itemListElement\":[{\"@type\":\"ListItem\",\"position\":1,\"name\":\"Portada\",\"item\":\"https:\\\/\\\/www.inverseteams.com\\\/ca\\\/pagina-principal\\\/\"},{\"@type\":\"ListItem\",\"position\":2,\"name\":\"Botiga\",\"item\":\"https:\\\/\\\/www.inverseteams.com\\\/ca\\\/botiga\\\/\"},{\"@type\":\"ListItem\",\"position\":3,\"name\":\"Pantal\u00f3 SF42-C\"}]},{\"@type\":\"WebSite\",\"@id\":\"https:\\\/\\\/www.inverseteams.com\\\/ca\\\/#website\",\"url\":\"https:\\\/\\\/www.inverseteams.com\\\/ca\\\/\",\"name\":\"Inverseteams\",\"description\":\"Tu marca de ropa deportiva personalizada\",\"publisher\":{\"@id\":\"https:\\\/\\\/www.inverseteams.com\\\/ca\\\/#organization\"},\"potentialAction\":[{\"@type\":\"SearchAction\",\"target\":{\"@type\":\"EntryPoint\",\"urlTemplate\":\"https:\\\/\\\/www.inverseteams.com\\\/ca\\\/?s={search_term_string}\"},\"query-input\":{\"@type\":\"PropertyValueSpecification\",\"valueRequired\":true,\"valueName\":\"search_term_string\"}}],\"inLanguage\":\"ca\"},{\"@type\":\"Organization\",\"@id\":\"https:\\\/\\\/www.inverseteams.com\\\/ca\\\/#organization\",\"name\":\"Inverse Teams\",\"url\":\"https:\\\/\\\/www.inverseteams.com\\\/ca\\\/\",\"logo\":{\"@type\":\"ImageObject\",\"inLanguage\":\"ca\",\"@id\":\"https:\\\/\\\/www.inverseteams.com\\\/ca\\\/#\\\/schema\\\/logo\\\/image\\\/\",\"url\":\"https:\\\/\\\/www.inverseteams.com\\\/wp-content\\\/uploads\\\/2021\\\/03\\\/logo-inverse-teams.png\",\"contentUrl\":\"https:\\\/\\\/www.inverseteams.com\\\/wp-content\\\/uploads\\\/2021\\\/03\\\/logo-inverse-teams.png\",\"width\":294,\"height\":99,\"caption\":\"Inverse Teams\"},\"image\":{\"@id\":\"https:\\\/\\\/www.inverseteams.com\\\/ca\\\/#\\\/schema\\\/logo\\\/image\\\/\"},\"sameAs\":[\"https:\\\/\\\/www.facebook.com\\\/inverseteams\",\"http:\\\/\\\/instagram.com\\\/inverseteams\",\"https:\\\/\\\/www.linkedin.com\\\/company\\\/inverse-cirosport-s-l-?trk=job_view_topcard_company_name\",\"http:\\\/\\\/www.pinterest.com\\\/inverseteams\\\/\",\"http:\\\/\\\/www.youtube.com\\\/user\\\/inverseteams?feature=watch\"]}]}<\/script>\n<!-- \/ Yoast SEO plugin. -->","yoast_head_json":{"title":"Pantal\u00f3 SF42","description":"Disponible en 6 colors: Negre, Blanc, Vermell, Blau Navy, Blau Royal i Verd. El dorsal i l'escut del club s'estamparan a DTF. Fabricat amb un teixit de multifilament resistent, amb un tacte suau i molt agradable. Garanteix un confort total durant tot el partit. El patronatge d'aquests pantalons de futbol est\u00e0 especialment dissenyat per oferir una llibertat de moviment excel\u00b7lent. T\u00e9 una obertura als laterals perqu\u00e8 puguis moure la cama sense notar cap resist\u00e8ncia. La cintura est\u00e0 confeccionada amb una goma el\u00e0stica que s\u02bbadaptar\u00e0 perfectament al cos sense causar mol\u00e8stia. A m\u00e9s, incorpora un cord\u00f3 per poder adaptar l\u02bbajust al gust del jugador.","robots":{"index":"index","follow":"follow","max-snippet":"max-snippet:-1","max-image-preview":"max-image-preview:large","max-video-preview":"max-video-preview:-1"},"canonical":"https:\/\/www.inverseteams.com\/ca\/producte\/pantalo-sf42\/","og_locale":"ca_ES","og_type":"article","og_title":"Pantal\u00f3 SF42","og_description":"Disponible en 6 colors: Negre, Blanc, Vermell, Blau Navy, Blau Royal i Verd. El dorsal i l'escut del club s'estamparan a DTF. Fabricat amb un teixit de multifilament resistent, amb un tacte suau i molt agradable. Garanteix un confort total durant tot el partit. El patronatge d'aquests pantalons de futbol est\u00e0 especialment dissenyat per oferir una llibertat de moviment excel\u00b7lent. T\u00e9 una obertura als laterals perqu\u00e8 puguis moure la cama sense notar cap resist\u00e8ncia. La cintura est\u00e0 confeccionada amb una goma el\u00e0stica que s\u02bbadaptar\u00e0 perfectament al cos sense causar mol\u00e8stia. A m\u00e9s, incorpora un cord\u00f3 per poder adaptar l\u02bbajust al gust del jugador.","og_url":"https:\/\/www.inverseteams.com\/ca\/producte\/pantalo-sf42\/","og_site_name":"Inverseteams","article_publisher":"https:\/\/www.facebook.com\/inverseteams","article_modified_time":"2025-03-18T14:19:48+00:00","og_image":[{"width":1500,"height":1612,"url":"https:\/\/www.inverseteams.com\/wp-content\/uploads\/PANTALON-FUTBOL-SF42-1-1.jpg","type":"image\/jpeg"}],"twitter_card":"summary_large_image","twitter_misc":{"Temps estimat de lectura":"1 minut"},"schema":{"@context":"https:\/\/schema.org","@graph":[{"@type":"WebPage","@id":"https:\/\/www.inverseteams.com\/ca\/producte\/pantalo-sf42\/","url":"https:\/\/www.inverseteams.com\/ca\/producte\/pantalo-sf42\/","name":"Pantal\u00f3 SF42","isPartOf":{"@id":"https:\/\/www.inverseteams.com\/ca\/#website"},"primaryImageOfPage":{"@id":"https:\/\/www.inverseteams.com\/ca\/producte\/pantalo-sf42\/#primaryimage"},"image":{"@id":"https:\/\/www.inverseteams.com\/ca\/producte\/pantalo-sf42\/#primaryimage"},"thumbnailUrl":"https:\/\/www.inverseteams.com\/wp-content\/uploads\/PANTALON-FUTBOL-SF42-1-1.jpg","datePublished":"2025-03-06T14:53:01+00:00","dateModified":"2025-03-18T14:19:48+00:00","description":"Disponible en 6 colors: Negre, Blanc, Vermell, Blau Navy, Blau Royal i Verd. El dorsal i l'escut del club s'estamparan a DTF. Fabricat amb un teixit de multifilament resistent, amb un tacte suau i molt agradable. Garanteix un confort total durant tot el partit. El patronatge d'aquests pantalons de futbol est\u00e0 especialment dissenyat per oferir una llibertat de moviment excel\u00b7lent. T\u00e9 una obertura als laterals perqu\u00e8 puguis moure la cama sense notar cap resist\u00e8ncia. La cintura est\u00e0 confeccionada amb una goma el\u00e0stica que s\u02bbadaptar\u00e0 perfectament al cos sense causar mol\u00e8stia. A m\u00e9s, incorpora un cord\u00f3 per poder adaptar l\u02bbajust al gust del jugador.","breadcrumb":{"@id":"https:\/\/www.inverseteams.com\/ca\/producte\/pantalo-sf42\/#breadcrumb"},"inLanguage":"ca","potentialAction":[{"@type":"ReadAction","target":["https:\/\/www.inverseteams.com\/ca\/producte\/pantalo-sf42\/"]}]},{"@type":"ImageObject","inLanguage":"ca","@id":"https:\/\/www.inverseteams.com\/ca\/producte\/pantalo-sf42\/#primaryimage","url":"https:\/\/www.inverseteams.com\/wp-content\/uploads\/PANTALON-FUTBOL-SF42-1-1.jpg","contentUrl":"https:\/\/www.inverseteams.com\/wp-content\/uploads\/PANTALON-FUTBOL-SF42-1-1.jpg","width":1500,"height":1612,"caption":"pantalon futbol"},{"@type":"BreadcrumbList","@id":"https:\/\/www.inverseteams.com\/ca\/producte\/pantalo-sf42\/#breadcrumb","itemListElement":[{"@type":"ListItem","position":1,"name":"Portada","item":"https:\/\/www.inverseteams.com\/ca\/pagina-principal\/"},{"@type":"ListItem","position":2,"name":"Botiga","item":"https:\/\/www.inverseteams.com\/ca\/botiga\/"},{"@type":"ListItem","position":3,"name":"Pantal\u00f3 SF42-C"}]},{"@type":"WebSite","@id":"https:\/\/www.inverseteams.com\/ca\/#website","url":"https:\/\/www.inverseteams.com\/ca\/","name":"Inverseteams","description":"Tu marca de ropa deportiva personalizada","publisher":{"@id":"https:\/\/www.inverseteams.com\/ca\/#organization"},"potentialAction":[{"@type":"SearchAction","target":{"@type":"EntryPoint","urlTemplate":"https:\/\/www.inverseteams.com\/ca\/?s={search_term_string}"},"query-input":{"@type":"PropertyValueSpecification","valueRequired":true,"valueName":"search_term_string"}}],"inLanguage":"ca"},{"@type":"Organization","@id":"https:\/\/www.inverseteams.com\/ca\/#organization","name":"Inverse Teams","url":"https:\/\/www.inverseteams.com\/ca\/","logo":{"@type":"ImageObject","inLanguage":"ca","@id":"https:\/\/www.inverseteams.com\/ca\/#\/schema\/logo\/image\/","url":"https:\/\/www.inverseteams.com\/wp-content\/uploads\/2021\/03\/logo-inverse-teams.png","contentUrl":"https:\/\/www.inverseteams.com\/wp-content\/uploads\/2021\/03\/logo-inverse-teams.png","width":294,"height":99,"caption":"Inverse Teams"},"image":{"@id":"https:\/\/www.inverseteams.com\/ca\/#\/schema\/logo\/image\/"},"sameAs":["https:\/\/www.facebook.com\/inverseteams","http:\/\/instagram.com\/inverseteams","https:\/\/www.linkedin.com\/company\/inverse-cirosport-s-l-?trk=job_view_topcard_company_name","http:\/\/www.pinterest.com\/inverseteams\/","http:\/\/www.youtube.com\/user\/inverseteams?feature=watch"]}]}},"_links":{"self":[{"href":"https:\/\/www.inverseteams.com\/ca\/wp-json\/wp\/v2\/product\/247946","targetHints":{"allow":["GET"]}}],"collection":[{"href":"https:\/\/www.inverseteams.com\/ca\/wp-json\/wp\/v2\/product"}],"about":[{"href":"https:\/\/www.inverseteams.com\/ca\/wp-json\/wp\/v2\/types\/product"}],"replies":[{"embeddable":true,"href":"https:\/\/www.inverseteams.com\/ca\/wp-json\/wp\/v2\/comments?post=247946"}],"wp:featuredmedia":[{"embeddable":true,"href":"https:\/\/www.inverseteams.com\/ca\/wp-json\/wp\/v2\/media\/250888"}],"wp:attachment":[{"href":"https:\/\/www.inverseteams.com\/ca\/wp-json\/wp\/v2\/media?parent=247946"}],"wp:term":[{"taxonomy":"product_brand","embeddable":true,"href":"https:\/\/www.inverseteams.com\/ca\/wp-json\/wp\/v2\/product_brand?post=247946"},{"taxonomy":"product_cat","embeddable":true,"href":"https:\/\/www.inverseteams.com\/ca\/wp-json\/wp\/v2\/product_cat?post=247946"},{"taxonomy":"product_tag","embeddable":true,"href":"https:\/\/www.inverseteams.com\/ca\/wp-json\/wp\/v2\/product_tag?post=247946"},{"taxonomy":"custom_category","embeddable":true,"href":"https:\/\/www.inverseteams.com\/ca\/wp-json\/wp\/v2\/custom_category?post=247946"},{"taxonomy":"range","embeddable":true,"href":"https:\/\/www.inverseteams.com\/ca\/wp-json\/wp\/v2\/range?post=247946"}],"curies":[{"name":"wp","href":"https:\/\/api.w.org\/{rel}","templated":true}]}}