{"id":247903,"date":"2025-03-07T08:12:31","date_gmt":"2025-03-07T09:54:47","guid":{"rendered":"https:\/\/www.inverseteams.com\/?post_type=product&#038;p=247903"},"modified":"2025-03-14T13:52:09","modified_gmt":"2025-03-14T13:52:09","slug":"samarreta-elit-sf20","status":"publish","type":"product","link":"https:\/\/www.inverseteams.com\/ca\/producte\/samarreta-elit-sf20\/","title":{"rendered":"Samarreta ELIT SF20-S"},"content":{"rendered":"<p>Fabricada amb un teixit de multifilament resistent, amb un tacte suau i molt agradable. El teixit est\u00e0 tractat amb l&#8217;acabat COOLCOMFORT, que assegura una expulsi\u00f3 f\u00e0cil de la suor cap a l&#8217;exterior, mantenint la pell seca i fresca i garantint una gran comoditat durant tot el partit.<br \/>\nEl patronatge d&#8217;aquesta samarreta de futbol est\u00e0 especialment dissenyat per oferir una llibertat de moviment excel\u00b7lent i un ajustament ergon\u00f2mic que optimitza el rendiment. A m\u00e9s, linterior del coll t\u00e9 un tapacostures molt suau que evita qualsevol tipus de fregament o mol\u00e8stia durant lexercici f\u00edsic.<br \/>\n100% personalitzada amb la t\u00e8cnica de la sublimaci\u00f3. Aix\u00f2 garanteix una resist\u00e8ncia i durada dels colors inigualable. Les tintes utilitzades per a la sublimaci\u00f3 s\u00f3n ecol\u00f2giques, compleixen amb la norma OEKO-TEX\u00ae ECO PASSPORT que certifica que s\u00f3n respectuoses amb el medi ambient i inn\u00f2cues per a la salut.<\/p>\n","protected":false},"excerpt":{"rendered":"<p>Fabricada amb un teixit de multifilament resistent, amb un tacte suau i molt agradable. El teixit est\u00e0 tractat amb l&#8217;acabat COOLCOMFORT, que assegura una expulsi\u00f3 f\u00e0cil de la suor cap a l&#8217;exterior, mantenint la pell seca i fresca i garantint una gran comoditat durant tot el partit.<br \/>\nEl patronatge d&#8217;aquesta samarreta de futbol est\u00e0 especialment dissenyat per oferir una llibertat de moviment excel\u00b7lent i un ajustament ergon\u00f2mic que optimitza el rendiment. A m\u00e9s, linterior del coll t\u00e9 un tapacostures molt suau que evita qualsevol tipus de fregament o mol\u00e8stia durant lexercici f\u00edsic.<br \/>\n100% personalitzada amb la t\u00e8cnica de la sublimaci\u00f3. Aix\u00f2 garanteix una resist\u00e8ncia i durada dels colors inigualable. Les tintes utilitzades per a la sublimaci\u00f3 s\u00f3n ecol\u00f2giques, compleixen amb la norma OEKO-TEX\u00ae ECO PASSPORT que certifica que s\u00f3n respectuoses amb el medi ambient i inn\u00f2cues per a la salut.<\/p>\n","protected":false},"featured_media":246957,"comment_status":"closed","ping_status":"open","template":"","meta":{"_acf_changed":false},"product_brand":[],"product_cat":[8306],"product_tag":[],"custom_category":[15157,15158],"range":[15133],"class_list":{"0":"post-247903","1":"product","2":"type-product","3":"status-publish","4":"has-post-thumbnail","6":"product_cat-uncategorized-ca","7":"pa_climatologia-calor-ca","8":"pa_climatologia-temperatura-temperada","9":"pa_genero-infantil-ca","10":"pa_genero-home","11":"pa_genero-dona","12":"pa_patronaje-regular-ca","13":"pa_tipo-de-prenda-samarreta","14":"custom_category-futbol-ca","15":"custom_category-esport-dequip","16":"range-competicio","18":"first","19":"instock","20":"product-type-custom"},"acf":[],"yoast_head":"<!-- This site is optimized with the Yoast SEO plugin v27.2 - https:\/\/yoast.com\/product\/yoast-seo-wordpress\/ -->\n<title>Samarreta ELIT SF20<\/title>\n<meta name=\"description\" content=\"Fabricada amb un teixit de multifilament resistent, amb un tacte suau i molt agradable. El teixit est\u00e0 tractat amb l&#039;acabat COOLCOMFORT, que assegura una expulsi\u00f3 f\u00e0cil de la suor cap a l&#039;exterior, mantenint la pell seca i fresca i garantint una gran comoditat durant tot el partit. El patronatge d&#039;aquesta samarreta de futbol est\u00e0 especialment dissenyat per oferir una llibertat de moviment excel\u00b7lent i un ajustament ergon\u00f2mic que optimitza el rendiment. A m\u00e9s, linterior del coll t\u00e9 un tapacostures molt suau que evita qualsevol tipus de fregament o mol\u00e8stia durant lexercici f\u00edsic. 100% personalitzada amb la t\u00e8cnica de la sublimaci\u00f3. Aix\u00f2 garanteix una resist\u00e8ncia i durada dels colors inigualable. Les tintes utilitzades per a la sublimaci\u00f3 s\u00f3n ecol\u00f2giques, compleixen amb la norma OEKO-TEX\u00ae ECO PASSPORT que certifica que s\u00f3n respectuoses amb el medi ambient i inn\u00f2cues per a la salut.\" \/>\n<meta name=\"robots\" content=\"index, follow, max-snippet:-1, max-image-preview:large, max-video-preview:-1\" \/>\n<link rel=\"canonical\" href=\"https:\/\/www.inverseteams.com\/ca\/producte\/samarreta-elit-sf20\/\" \/>\n<meta property=\"og:locale\" content=\"ca_ES\" \/>\n<meta property=\"og:type\" content=\"article\" \/>\n<meta property=\"og:title\" content=\"Samarreta ELIT SF20\" \/>\n<meta property=\"og:description\" content=\"Fabricada amb un teixit de multifilament resistent, amb un tacte suau i molt agradable. El teixit est\u00e0 tractat amb l&#039;acabat COOLCOMFORT, que assegura una expulsi\u00f3 f\u00e0cil de la suor cap a l&#039;exterior, mantenint la pell seca i fresca i garantint una gran comoditat durant tot el partit. El patronatge d&#039;aquesta samarreta de futbol est\u00e0 especialment dissenyat per oferir una llibertat de moviment excel\u00b7lent i un ajustament ergon\u00f2mic que optimitza el rendiment. A m\u00e9s, linterior del coll t\u00e9 un tapacostures molt suau que evita qualsevol tipus de fregament o mol\u00e8stia durant lexercici f\u00edsic. 100% personalitzada amb la t\u00e8cnica de la sublimaci\u00f3. Aix\u00f2 garanteix una resist\u00e8ncia i durada dels colors inigualable. Les tintes utilitzades per a la sublimaci\u00f3 s\u00f3n ecol\u00f2giques, compleixen amb la norma OEKO-TEX\u00ae ECO PASSPORT que certifica que s\u00f3n respectuoses amb el medi ambient i inn\u00f2cues per a la salut.\" \/>\n<meta property=\"og:url\" content=\"https:\/\/www.inverseteams.com\/ca\/producte\/samarreta-elit-sf20\/\" \/>\n<meta property=\"og:site_name\" content=\"Inverseteams\" \/>\n<meta property=\"article:publisher\" content=\"https:\/\/www.facebook.com\/inverseteams\" \/>\n<meta property=\"article:modified_time\" content=\"2025-03-14T13:52:09+00:00\" \/>\n<meta property=\"og:image\" content=\"https:\/\/www.inverseteams.com\/wp-content\/uploads\/CAMISETA-FUTBOL-ELIT-SF20-1.jpg\" \/>\n\t<meta property=\"og:image:width\" content=\"1500\" \/>\n\t<meta property=\"og:image:height\" content=\"1612\" \/>\n\t<meta property=\"og:image:type\" content=\"image\/jpeg\" \/>\n<meta name=\"twitter:card\" content=\"summary_large_image\" \/>\n<meta name=\"twitter:label1\" content=\"Temps estimat de lectura\" \/>\n\t<meta name=\"twitter:data1\" content=\"1 minut\" \/>\n<script type=\"application\/ld+json\" class=\"yoast-schema-graph\">{\"@context\":\"https:\/\/schema.org\",\"@graph\":[{\"@type\":\"WebPage\",\"@id\":\"https:\/\/www.inverseteams.com\/ca\/producte\/samarreta-elit-sf20\/\",\"url\":\"https:\/\/www.inverseteams.com\/ca\/producte\/samarreta-elit-sf20\/\",\"name\":\"Samarreta ELIT SF20\",\"isPartOf\":{\"@id\":\"https:\/\/www.inverseteams.com\/ca\/#website\"},\"primaryImageOfPage\":{\"@id\":\"https:\/\/www.inverseteams.com\/ca\/producte\/samarreta-elit-sf20\/#primaryimage\"},\"image\":{\"@id\":\"https:\/\/www.inverseteams.com\/ca\/producte\/samarreta-elit-sf20\/#primaryimage\"},\"thumbnailUrl\":\"https:\/\/www.inverseteams.com\/wp-content\/uploads\/CAMISETA-FUTBOL-ELIT-SF20-1.jpg\",\"datePublished\":\"2025-03-07T09:54:47+00:00\",\"dateModified\":\"2025-03-14T13:52:09+00:00\",\"description\":\"Fabricada amb un teixit de multifilament resistent, amb un tacte suau i molt agradable. El teixit est\u00e0 tractat amb l'acabat COOLCOMFORT, que assegura una expulsi\u00f3 f\u00e0cil de la suor cap a l'exterior, mantenint la pell seca i fresca i garantint una gran comoditat durant tot el partit. El patronatge d'aquesta samarreta de futbol est\u00e0 especialment dissenyat per oferir una llibertat de moviment excel\u00b7lent i un ajustament ergon\u00f2mic que optimitza el rendiment. A m\u00e9s, linterior del coll t\u00e9 un tapacostures molt suau que evita qualsevol tipus de fregament o mol\u00e8stia durant lexercici f\u00edsic. 100% personalitzada amb la t\u00e8cnica de la sublimaci\u00f3. Aix\u00f2 garanteix una resist\u00e8ncia i durada dels colors inigualable. Les tintes utilitzades per a la sublimaci\u00f3 s\u00f3n ecol\u00f2giques, compleixen amb la norma OEKO-TEX\u00ae ECO PASSPORT que certifica que s\u00f3n respectuoses amb el medi ambient i inn\u00f2cues per a la salut.\",\"breadcrumb\":{\"@id\":\"https:\/\/www.inverseteams.com\/ca\/producte\/samarreta-elit-sf20\/#breadcrumb\"},\"inLanguage\":\"ca\",\"potentialAction\":[{\"@type\":\"ReadAction\",\"target\":[\"https:\/\/www.inverseteams.com\/ca\/producte\/samarreta-elit-sf20\/\"]}]},{\"@type\":\"ImageObject\",\"inLanguage\":\"ca\",\"@id\":\"https:\/\/www.inverseteams.com\/ca\/producte\/samarreta-elit-sf20\/#primaryimage\",\"url\":\"https:\/\/www.inverseteams.com\/wp-content\/uploads\/CAMISETA-FUTBOL-ELIT-SF20-1.jpg\",\"contentUrl\":\"https:\/\/www.inverseteams.com\/wp-content\/uploads\/CAMISETA-FUTBOL-ELIT-SF20-1.jpg\",\"width\":1500,\"height\":1612},{\"@type\":\"BreadcrumbList\",\"@id\":\"https:\/\/www.inverseteams.com\/ca\/producte\/samarreta-elit-sf20\/#breadcrumb\",\"itemListElement\":[{\"@type\":\"ListItem\",\"position\":1,\"name\":\"Portada\",\"item\":\"https:\/\/www.inverseteams.com\/ca\/pagina-principal\/\"},{\"@type\":\"ListItem\",\"position\":2,\"name\":\"Botiga\",\"item\":\"https:\/\/www.inverseteams.com\/ca\/botiga\/\"},{\"@type\":\"ListItem\",\"position\":3,\"name\":\"Samarreta ELIT SF20-S\"}]},{\"@type\":\"WebSite\",\"@id\":\"https:\/\/www.inverseteams.com\/ca\/#website\",\"url\":\"https:\/\/www.inverseteams.com\/ca\/\",\"name\":\"Inverseteams\",\"description\":\"Tu marca de ropa deportiva personalizada\",\"publisher\":{\"@id\":\"https:\/\/www.inverseteams.com\/ca\/#organization\"},\"potentialAction\":[{\"@type\":\"SearchAction\",\"target\":{\"@type\":\"EntryPoint\",\"urlTemplate\":\"https:\/\/www.inverseteams.com\/ca\/?s={search_term_string}\"},\"query-input\":{\"@type\":\"PropertyValueSpecification\",\"valueRequired\":true,\"valueName\":\"search_term_string\"}}],\"inLanguage\":\"ca\"},{\"@type\":\"Organization\",\"@id\":\"https:\/\/www.inverseteams.com\/ca\/#organization\",\"name\":\"Inverse Teams\",\"url\":\"https:\/\/www.inverseteams.com\/ca\/\",\"logo\":{\"@type\":\"ImageObject\",\"inLanguage\":\"ca\",\"@id\":\"https:\/\/www.inverseteams.com\/ca\/#\/schema\/logo\/image\/\",\"url\":\"https:\/\/www.inverseteams.com\/wp-content\/uploads\/2021\/03\/logo-inverse-teams.png\",\"contentUrl\":\"https:\/\/www.inverseteams.com\/wp-content\/uploads\/2021\/03\/logo-inverse-teams.png\",\"width\":294,\"height\":99,\"caption\":\"Inverse Teams\"},\"image\":{\"@id\":\"https:\/\/www.inverseteams.com\/ca\/#\/schema\/logo\/image\/\"},\"sameAs\":[\"https:\/\/www.facebook.com\/inverseteams\",\"http:\/\/instagram.com\/inverseteams\",\"https:\/\/www.linkedin.com\/company\/inverse-cirosport-s-l-?trk=job_view_topcard_company_name\",\"http:\/\/www.pinterest.com\/inverseteams\/\",\"http:\/\/www.youtube.com\/user\/inverseteams?feature=watch\"]}]}<\/script>\n<!-- \/ Yoast SEO plugin. -->","yoast_head_json":{"title":"Samarreta ELIT SF20","description":"Fabricada amb un teixit de multifilament resistent, amb un tacte suau i molt agradable. El teixit est\u00e0 tractat amb l'acabat COOLCOMFORT, que assegura una expulsi\u00f3 f\u00e0cil de la suor cap a l'exterior, mantenint la pell seca i fresca i garantint una gran comoditat durant tot el partit. El patronatge d'aquesta samarreta de futbol est\u00e0 especialment dissenyat per oferir una llibertat de moviment excel\u00b7lent i un ajustament ergon\u00f2mic que optimitza el rendiment. A m\u00e9s, linterior del coll t\u00e9 un tapacostures molt suau que evita qualsevol tipus de fregament o mol\u00e8stia durant lexercici f\u00edsic. 100% personalitzada amb la t\u00e8cnica de la sublimaci\u00f3. Aix\u00f2 garanteix una resist\u00e8ncia i durada dels colors inigualable. Les tintes utilitzades per a la sublimaci\u00f3 s\u00f3n ecol\u00f2giques, compleixen amb la norma OEKO-TEX\u00ae ECO PASSPORT que certifica que s\u00f3n respectuoses amb el medi ambient i inn\u00f2cues per a la salut.","robots":{"index":"index","follow":"follow","max-snippet":"max-snippet:-1","max-image-preview":"max-image-preview:large","max-video-preview":"max-video-preview:-1"},"canonical":"https:\/\/www.inverseteams.com\/ca\/producte\/samarreta-elit-sf20\/","og_locale":"ca_ES","og_type":"article","og_title":"Samarreta ELIT SF20","og_description":"Fabricada amb un teixit de multifilament resistent, amb un tacte suau i molt agradable. El teixit est\u00e0 tractat amb l'acabat COOLCOMFORT, que assegura una expulsi\u00f3 f\u00e0cil de la suor cap a l'exterior, mantenint la pell seca i fresca i garantint una gran comoditat durant tot el partit. El patronatge d'aquesta samarreta de futbol est\u00e0 especialment dissenyat per oferir una llibertat de moviment excel\u00b7lent i un ajustament ergon\u00f2mic que optimitza el rendiment. A m\u00e9s, linterior del coll t\u00e9 un tapacostures molt suau que evita qualsevol tipus de fregament o mol\u00e8stia durant lexercici f\u00edsic. 100% personalitzada amb la t\u00e8cnica de la sublimaci\u00f3. Aix\u00f2 garanteix una resist\u00e8ncia i durada dels colors inigualable. Les tintes utilitzades per a la sublimaci\u00f3 s\u00f3n ecol\u00f2giques, compleixen amb la norma OEKO-TEX\u00ae ECO PASSPORT que certifica que s\u00f3n respectuoses amb el medi ambient i inn\u00f2cues per a la salut.","og_url":"https:\/\/www.inverseteams.com\/ca\/producte\/samarreta-elit-sf20\/","og_site_name":"Inverseteams","article_publisher":"https:\/\/www.facebook.com\/inverseteams","article_modified_time":"2025-03-14T13:52:09+00:00","og_image":[{"width":1500,"height":1612,"url":"https:\/\/www.inverseteams.com\/wp-content\/uploads\/CAMISETA-FUTBOL-ELIT-SF20-1.jpg","type":"image\/jpeg"}],"twitter_card":"summary_large_image","twitter_misc":{"Temps estimat de lectura":"1 minut"},"schema":{"@context":"https:\/\/schema.org","@graph":[{"@type":"WebPage","@id":"https:\/\/www.inverseteams.com\/ca\/producte\/samarreta-elit-sf20\/","url":"https:\/\/www.inverseteams.com\/ca\/producte\/samarreta-elit-sf20\/","name":"Samarreta ELIT SF20","isPartOf":{"@id":"https:\/\/www.inverseteams.com\/ca\/#website"},"primaryImageOfPage":{"@id":"https:\/\/www.inverseteams.com\/ca\/producte\/samarreta-elit-sf20\/#primaryimage"},"image":{"@id":"https:\/\/www.inverseteams.com\/ca\/producte\/samarreta-elit-sf20\/#primaryimage"},"thumbnailUrl":"https:\/\/www.inverseteams.com\/wp-content\/uploads\/CAMISETA-FUTBOL-ELIT-SF20-1.jpg","datePublished":"2025-03-07T09:54:47+00:00","dateModified":"2025-03-14T13:52:09+00:00","description":"Fabricada amb un teixit de multifilament resistent, amb un tacte suau i molt agradable. El teixit est\u00e0 tractat amb l'acabat COOLCOMFORT, que assegura una expulsi\u00f3 f\u00e0cil de la suor cap a l'exterior, mantenint la pell seca i fresca i garantint una gran comoditat durant tot el partit. El patronatge d'aquesta samarreta de futbol est\u00e0 especialment dissenyat per oferir una llibertat de moviment excel\u00b7lent i un ajustament ergon\u00f2mic que optimitza el rendiment. A m\u00e9s, linterior del coll t\u00e9 un tapacostures molt suau que evita qualsevol tipus de fregament o mol\u00e8stia durant lexercici f\u00edsic. 100% personalitzada amb la t\u00e8cnica de la sublimaci\u00f3. Aix\u00f2 garanteix una resist\u00e8ncia i durada dels colors inigualable. Les tintes utilitzades per a la sublimaci\u00f3 s\u00f3n ecol\u00f2giques, compleixen amb la norma OEKO-TEX\u00ae ECO PASSPORT que certifica que s\u00f3n respectuoses amb el medi ambient i inn\u00f2cues per a la salut.","breadcrumb":{"@id":"https:\/\/www.inverseteams.com\/ca\/producte\/samarreta-elit-sf20\/#breadcrumb"},"inLanguage":"ca","potentialAction":[{"@type":"ReadAction","target":["https:\/\/www.inverseteams.com\/ca\/producte\/samarreta-elit-sf20\/"]}]},{"@type":"ImageObject","inLanguage":"ca","@id":"https:\/\/www.inverseteams.com\/ca\/producte\/samarreta-elit-sf20\/#primaryimage","url":"https:\/\/www.inverseteams.com\/wp-content\/uploads\/CAMISETA-FUTBOL-ELIT-SF20-1.jpg","contentUrl":"https:\/\/www.inverseteams.com\/wp-content\/uploads\/CAMISETA-FUTBOL-ELIT-SF20-1.jpg","width":1500,"height":1612},{"@type":"BreadcrumbList","@id":"https:\/\/www.inverseteams.com\/ca\/producte\/samarreta-elit-sf20\/#breadcrumb","itemListElement":[{"@type":"ListItem","position":1,"name":"Portada","item":"https:\/\/www.inverseteams.com\/ca\/pagina-principal\/"},{"@type":"ListItem","position":2,"name":"Botiga","item":"https:\/\/www.inverseteams.com\/ca\/botiga\/"},{"@type":"ListItem","position":3,"name":"Samarreta ELIT SF20-S"}]},{"@type":"WebSite","@id":"https:\/\/www.inverseteams.com\/ca\/#website","url":"https:\/\/www.inverseteams.com\/ca\/","name":"Inverseteams","description":"Tu marca de ropa deportiva personalizada","publisher":{"@id":"https:\/\/www.inverseteams.com\/ca\/#organization"},"potentialAction":[{"@type":"SearchAction","target":{"@type":"EntryPoint","urlTemplate":"https:\/\/www.inverseteams.com\/ca\/?s={search_term_string}"},"query-input":{"@type":"PropertyValueSpecification","valueRequired":true,"valueName":"search_term_string"}}],"inLanguage":"ca"},{"@type":"Organization","@id":"https:\/\/www.inverseteams.com\/ca\/#organization","name":"Inverse Teams","url":"https:\/\/www.inverseteams.com\/ca\/","logo":{"@type":"ImageObject","inLanguage":"ca","@id":"https:\/\/www.inverseteams.com\/ca\/#\/schema\/logo\/image\/","url":"https:\/\/www.inverseteams.com\/wp-content\/uploads\/2021\/03\/logo-inverse-teams.png","contentUrl":"https:\/\/www.inverseteams.com\/wp-content\/uploads\/2021\/03\/logo-inverse-teams.png","width":294,"height":99,"caption":"Inverse Teams"},"image":{"@id":"https:\/\/www.inverseteams.com\/ca\/#\/schema\/logo\/image\/"},"sameAs":["https:\/\/www.facebook.com\/inverseteams","http:\/\/instagram.com\/inverseteams","https:\/\/www.linkedin.com\/company\/inverse-cirosport-s-l-?trk=job_view_topcard_company_name","http:\/\/www.pinterest.com\/inverseteams\/","http:\/\/www.youtube.com\/user\/inverseteams?feature=watch"]}]}},"_links":{"self":[{"href":"https:\/\/www.inverseteams.com\/ca\/wp-json\/wp\/v2\/product\/247903","targetHints":{"allow":["GET"]}}],"collection":[{"href":"https:\/\/www.inverseteams.com\/ca\/wp-json\/wp\/v2\/product"}],"about":[{"href":"https:\/\/www.inverseteams.com\/ca\/wp-json\/wp\/v2\/types\/product"}],"replies":[{"embeddable":true,"href":"https:\/\/www.inverseteams.com\/ca\/wp-json\/wp\/v2\/comments?post=247903"}],"wp:featuredmedia":[{"embeddable":true,"href":"https:\/\/www.inverseteams.com\/ca\/wp-json\/wp\/v2\/media\/246957"}],"wp:attachment":[{"href":"https:\/\/www.inverseteams.com\/ca\/wp-json\/wp\/v2\/media?parent=247903"}],"wp:term":[{"taxonomy":"product_brand","embeddable":true,"href":"https:\/\/www.inverseteams.com\/ca\/wp-json\/wp\/v2\/product_brand?post=247903"},{"taxonomy":"product_cat","embeddable":true,"href":"https:\/\/www.inverseteams.com\/ca\/wp-json\/wp\/v2\/product_cat?post=247903"},{"taxonomy":"product_tag","embeddable":true,"href":"https:\/\/www.inverseteams.com\/ca\/wp-json\/wp\/v2\/product_tag?post=247903"},{"taxonomy":"custom_category","embeddable":true,"href":"https:\/\/www.inverseteams.com\/ca\/wp-json\/wp\/v2\/custom_category?post=247903"},{"taxonomy":"range","embeddable":true,"href":"https:\/\/www.inverseteams.com\/ca\/wp-json\/wp\/v2\/range?post=247903"}],"curies":[{"name":"wp","href":"https:\/\/api.w.org\/{rel}","templated":true}]}}