{"id":238171,"date":"2025-01-27T17:01:11","date_gmt":"2025-01-27T19:35:22","guid":{"rendered":"https:\/\/www.inverseteams.com\/?post_type=product&#038;p=238171"},"modified":"2025-10-02T00:02:11","modified_gmt":"2025-10-02T00:02:11","slug":"top-esportiu-eira-molo","status":"publish","type":"product","link":"https:\/\/www.inverseteams.com\/ca\/producte\/top-esportiu-eira-molo\/","title":{"rendered":"Top esportiu EIRA MOLO"},"content":{"rendered":"<p>La part frontal i els laterals estan confeccionats amb el teixit LYCRA REVOLUTION, molt suau, el\u00e0stic i altament resistent. A la zona de l&#8217;esquena s&#8217;ha afegit una pe\u00e7a de teixit perforat per una millor evacuaci\u00f3 de la suor. Aix\u00ed la teva pell es mantindr\u00e0 sempre fresca i seca.<br \/>\nLa l\u00ednia de l&#8217;escot \u00e9s lleugerament arrodonida per una major comoditat durant l&#8217;exercici. Els tirants, fabricats en polipropil\u00e8, mantindran el top ben arrapat, evitaran moviments inc\u00f2modes i repartiran el pes entre les espatlles.<br \/>\nEst\u00e0 acabat amb una c\u00f2moda banda el\u00e0stica d&#8217;escuma per una bona subjecci\u00f3 sense rascades.<\/p>\n","protected":false},"excerpt":{"rendered":"<p>La part frontal i els laterals estan confeccionats amb el teixit LYCRA REVOLUTION, molt suau, el\u00e0stic i altament resistent. A la zona de l&#8217;esquena s&#8217;ha afegit una pe\u00e7a de teixit perforat per una millor evacuaci\u00f3 de la suor. Aix\u00ed la teva pell es mantindr\u00e0 sempre fresca i seca.<br \/>\nLa l\u00ednia de l&#8217;escot \u00e9s lleugerament arrodonida per una major comoditat durant l&#8217;exercici. Els tirants, fabricats en polipropil\u00e8, mantindran el top ben arrapat, evitaran moviments inc\u00f2modes i repartiran el pes entre les espatlles.<br \/>\nEst\u00e0 acabat amb una c\u00f2moda banda el\u00e0stica d&#8217;escuma per una bona subjecci\u00f3 sense rascades.<\/p>\n","protected":false},"featured_media":237773,"comment_status":"closed","ping_status":"closed","template":"","meta":{"_acf_changed":false},"product_brand":[],"product_cat":[4110,4177,7175],"product_tag":[],"custom_category":[],"range":[],"class_list":{"0":"post-238171","1":"product","2":"type-product","3":"status-publish","4":"has-post-thumbnail","6":"product_cat-ciclisme","7":"product_cat-accesorios-ca","8":"product_cat-b2b-ca","9":"pa_climatologia-calor-ca","10":"pa_climatologia-fred","11":"pa_climatologia-temperatura-temperada","12":"pa_deporte-gravel-ca","13":"pa_deporte-atletisme","14":"pa_deporte-ciclisme","15":"pa_deporte-crosstraining-ca","16":"pa_deporte-fitness-ca","17":"pa_deporte-running-ca","18":"pa_deporte-trail-ca","19":"pa_genero-dona","20":"pa_patronaje-fit-ca","21":"pa_talla-l-ca","22":"pa_talla-m-ca","23":"pa_talla-s-ca","24":"pa_talla-xl-ca","25":"pa_talla-xs-ca","26":"pa_tipo-de-prenda-top-ca","28":"first","29":"instock","30":"taxable","31":"shipping-taxable","32":"purchasable","33":"product-type-variable","34":"has-default-attributes"},"acf":[],"yoast_head":"<!-- This site is optimized with the Yoast SEO plugin v27.3 - https:\/\/yoast.com\/product\/yoast-seo-wordpress\/ -->\n<title>Top esportiu EIRA MOLO<\/title>\n<meta name=\"description\" content=\"La part frontal i els laterals estan confeccionats amb el teixit LYCRA REVOLUTION, molt suau, el\u00e0stic i altament resistent. A la zona de l&#039;esquena s&#039;ha afegit una pe\u00e7a de teixit perforat per una millor evacuaci\u00f3 de la suor. Aix\u00ed la teva pell es mantindr\u00e0 sempre fresca i seca. La l\u00ednia de l&#039;escot \u00e9s lleugerament arrodonida per una major comoditat durant l&#039;exercici. Els tirants, fabricats en polipropil\u00e8, mantindran el top ben arrapat, evitaran moviments inc\u00f2modes i repartiran el pes entre les espatlles. Est\u00e0 acabat amb una c\u00f2moda banda el\u00e0stica d&#039;escuma per una bona subjecci\u00f3 sense rascades.\" \/>\n<meta name=\"robots\" content=\"index, follow, max-snippet:-1, max-image-preview:large, max-video-preview:-1\" \/>\n<link rel=\"canonical\" href=\"https:\/\/www.inverseteams.com\/ca\/producte\/top-esportiu-eira-molo\/\" \/>\n<meta property=\"og:locale\" content=\"ca_ES\" \/>\n<meta property=\"og:type\" content=\"article\" \/>\n<meta property=\"og:title\" content=\"Top esportiu EIRA MOLO\" \/>\n<meta property=\"og:description\" content=\"La part frontal i els laterals estan confeccionats amb el teixit LYCRA REVOLUTION, molt suau, el\u00e0stic i altament resistent. A la zona de l&#039;esquena s&#039;ha afegit una pe\u00e7a de teixit perforat per una millor evacuaci\u00f3 de la suor. Aix\u00ed la teva pell es mantindr\u00e0 sempre fresca i seca. La l\u00ednia de l&#039;escot \u00e9s lleugerament arrodonida per una major comoditat durant l&#039;exercici. Els tirants, fabricats en polipropil\u00e8, mantindran el top ben arrapat, evitaran moviments inc\u00f2modes i repartiran el pes entre les espatlles. Est\u00e0 acabat amb una c\u00f2moda banda el\u00e0stica d&#039;escuma per una bona subjecci\u00f3 sense rascades.\" \/>\n<meta property=\"og:url\" content=\"https:\/\/www.inverseteams.com\/ca\/producte\/top-esportiu-eira-molo\/\" \/>\n<meta property=\"og:site_name\" content=\"Inverseteams\" \/>\n<meta property=\"article:publisher\" content=\"https:\/\/www.facebook.com\/inverseteams\" \/>\n<meta property=\"article:modified_time\" content=\"2025-10-02T00:02:11+00:00\" \/>\n<meta property=\"og:image\" content=\"https:\/\/www.inverseteams.com\/wp-content\/uploads\/TOP-DEPORTIVO-EIRA-MOLO-1.jpg\" \/>\n\t<meta property=\"og:image:width\" content=\"1500\" \/>\n\t<meta property=\"og:image:height\" content=\"1612\" \/>\n\t<meta property=\"og:image:type\" content=\"image\/jpeg\" \/>\n<meta name=\"twitter:card\" content=\"summary_large_image\" \/>\n<meta name=\"twitter:label1\" content=\"Temps estimat de lectura\" \/>\n\t<meta name=\"twitter:data1\" content=\"1 minut\" \/>\n<script type=\"application\/ld+json\" class=\"yoast-schema-graph\">{\"@context\":\"https:\\\/\\\/schema.org\",\"@graph\":[{\"@type\":\"WebPage\",\"@id\":\"https:\\\/\\\/www.inverseteams.com\\\/ca\\\/producte\\\/top-esportiu-eira-molo\\\/\",\"url\":\"https:\\\/\\\/www.inverseteams.com\\\/ca\\\/producte\\\/top-esportiu-eira-molo\\\/\",\"name\":\"Top esportiu EIRA MOLO\",\"isPartOf\":{\"@id\":\"https:\\\/\\\/www.inverseteams.com\\\/fr\\\/#website\"},\"primaryImageOfPage\":{\"@id\":\"https:\\\/\\\/www.inverseteams.com\\\/ca\\\/producte\\\/top-esportiu-eira-molo\\\/#primaryimage\"},\"image\":{\"@id\":\"https:\\\/\\\/www.inverseteams.com\\\/ca\\\/producte\\\/top-esportiu-eira-molo\\\/#primaryimage\"},\"thumbnailUrl\":\"https:\\\/\\\/www.inverseteams.com\\\/wp-content\\\/uploads\\\/TOP-DEPORTIVO-EIRA-MOLO-1.jpg\",\"datePublished\":\"2025-01-27T19:35:22+00:00\",\"dateModified\":\"2025-10-02T00:02:11+00:00\",\"description\":\"La part frontal i els laterals estan confeccionats amb el teixit LYCRA REVOLUTION, molt suau, el\u00e0stic i altament resistent. A la zona de l'esquena s'ha afegit una pe\u00e7a de teixit perforat per una millor evacuaci\u00f3 de la suor. Aix\u00ed la teva pell es mantindr\u00e0 sempre fresca i seca. La l\u00ednia de l'escot \u00e9s lleugerament arrodonida per una major comoditat durant l'exercici. Els tirants, fabricats en polipropil\u00e8, mantindran el top ben arrapat, evitaran moviments inc\u00f2modes i repartiran el pes entre les espatlles. Est\u00e0 acabat amb una c\u00f2moda banda el\u00e0stica d'escuma per una bona subjecci\u00f3 sense rascades.\",\"breadcrumb\":{\"@id\":\"https:\\\/\\\/www.inverseteams.com\\\/ca\\\/producte\\\/top-esportiu-eira-molo\\\/#breadcrumb\"},\"inLanguage\":\"ca\",\"potentialAction\":[{\"@type\":\"ReadAction\",\"target\":[\"https:\\\/\\\/www.inverseteams.com\\\/ca\\\/producte\\\/top-esportiu-eira-molo\\\/\"]}]},{\"@type\":\"ImageObject\",\"inLanguage\":\"ca\",\"@id\":\"https:\\\/\\\/www.inverseteams.com\\\/ca\\\/producte\\\/top-esportiu-eira-molo\\\/#primaryimage\",\"url\":\"https:\\\/\\\/www.inverseteams.com\\\/wp-content\\\/uploads\\\/TOP-DEPORTIVO-EIRA-MOLO-1.jpg\",\"contentUrl\":\"https:\\\/\\\/www.inverseteams.com\\\/wp-content\\\/uploads\\\/TOP-DEPORTIVO-EIRA-MOLO-1.jpg\",\"width\":1500,\"height\":1612},{\"@type\":\"BreadcrumbList\",\"@id\":\"https:\\\/\\\/www.inverseteams.com\\\/ca\\\/producte\\\/top-esportiu-eira-molo\\\/#breadcrumb\",\"itemListElement\":[{\"@type\":\"ListItem\",\"position\":1,\"name\":\"Portada\",\"item\":\"https:\\\/\\\/www.inverseteams.com\\\/ca\\\/pagina-principal\\\/\"},{\"@type\":\"ListItem\",\"position\":2,\"name\":\"Botiga\",\"item\":\"https:\\\/\\\/www.inverseteams.com\\\/ca\\\/botiga\\\/\"},{\"@type\":\"ListItem\",\"position\":3,\"name\":\"Top esportiu EIRA MOLO\"}]},{\"@type\":\"WebSite\",\"@id\":\"https:\\\/\\\/www.inverseteams.com\\\/fr\\\/#website\",\"url\":\"https:\\\/\\\/www.inverseteams.com\\\/fr\\\/\",\"name\":\"Inverseteams\",\"description\":\"Tu marca de ropa deportiva personalizada\",\"publisher\":{\"@id\":\"https:\\\/\\\/www.inverseteams.com\\\/fr\\\/#organization\"},\"potentialAction\":[{\"@type\":\"SearchAction\",\"target\":{\"@type\":\"EntryPoint\",\"urlTemplate\":\"https:\\\/\\\/www.inverseteams.com\\\/fr\\\/?s={search_term_string}\"},\"query-input\":{\"@type\":\"PropertyValueSpecification\",\"valueRequired\":true,\"valueName\":\"search_term_string\"}}],\"inLanguage\":\"ca\"},{\"@type\":\"Organization\",\"@id\":\"https:\\\/\\\/www.inverseteams.com\\\/fr\\\/#organization\",\"name\":\"Inverse Teams\",\"url\":\"https:\\\/\\\/www.inverseteams.com\\\/fr\\\/\",\"logo\":{\"@type\":\"ImageObject\",\"inLanguage\":\"ca\",\"@id\":\"https:\\\/\\\/www.inverseteams.com\\\/fr\\\/#\\\/schema\\\/logo\\\/image\\\/\",\"url\":\"http:\\\/\\\/www.inverseteams.com\\\/wp-content\\\/uploads\\\/2021\\\/03\\\/logo-inverse-teams.png\",\"contentUrl\":\"http:\\\/\\\/www.inverseteams.com\\\/wp-content\\\/uploads\\\/2021\\\/03\\\/logo-inverse-teams.png\",\"width\":294,\"height\":99,\"caption\":\"Inverse Teams\"},\"image\":{\"@id\":\"https:\\\/\\\/www.inverseteams.com\\\/fr\\\/#\\\/schema\\\/logo\\\/image\\\/\"},\"sameAs\":[\"https:\\\/\\\/www.facebook.com\\\/inverseteams\",\"http:\\\/\\\/instagram.com\\\/inverseteams\",\"https:\\\/\\\/www.linkedin.com\\\/company\\\/inverse-cirosport-s-l-?trk=job_view_topcard_company_name\",\"http:\\\/\\\/www.pinterest.com\\\/inverseteams\\\/\",\"http:\\\/\\\/www.youtube.com\\\/user\\\/inverseteams?feature=watch\"]}]}<\/script>\n<!-- \/ Yoast SEO plugin. -->","yoast_head_json":{"title":"Top esportiu EIRA MOLO","description":"La part frontal i els laterals estan confeccionats amb el teixit LYCRA REVOLUTION, molt suau, el\u00e0stic i altament resistent. A la zona de l'esquena s'ha afegit una pe\u00e7a de teixit perforat per una millor evacuaci\u00f3 de la suor. Aix\u00ed la teva pell es mantindr\u00e0 sempre fresca i seca. La l\u00ednia de l'escot \u00e9s lleugerament arrodonida per una major comoditat durant l'exercici. Els tirants, fabricats en polipropil\u00e8, mantindran el top ben arrapat, evitaran moviments inc\u00f2modes i repartiran el pes entre les espatlles. Est\u00e0 acabat amb una c\u00f2moda banda el\u00e0stica d'escuma per una bona subjecci\u00f3 sense rascades.","robots":{"index":"index","follow":"follow","max-snippet":"max-snippet:-1","max-image-preview":"max-image-preview:large","max-video-preview":"max-video-preview:-1"},"canonical":"https:\/\/www.inverseteams.com\/ca\/producte\/top-esportiu-eira-molo\/","og_locale":"ca_ES","og_type":"article","og_title":"Top esportiu EIRA MOLO","og_description":"La part frontal i els laterals estan confeccionats amb el teixit LYCRA REVOLUTION, molt suau, el\u00e0stic i altament resistent. A la zona de l'esquena s'ha afegit una pe\u00e7a de teixit perforat per una millor evacuaci\u00f3 de la suor. Aix\u00ed la teva pell es mantindr\u00e0 sempre fresca i seca. La l\u00ednia de l'escot \u00e9s lleugerament arrodonida per una major comoditat durant l'exercici. Els tirants, fabricats en polipropil\u00e8, mantindran el top ben arrapat, evitaran moviments inc\u00f2modes i repartiran el pes entre les espatlles. Est\u00e0 acabat amb una c\u00f2moda banda el\u00e0stica d'escuma per una bona subjecci\u00f3 sense rascades.","og_url":"https:\/\/www.inverseteams.com\/ca\/producte\/top-esportiu-eira-molo\/","og_site_name":"Inverseteams","article_publisher":"https:\/\/www.facebook.com\/inverseteams","article_modified_time":"2025-10-02T00:02:11+00:00","og_image":[{"width":1500,"height":1612,"url":"https:\/\/www.inverseteams.com\/wp-content\/uploads\/TOP-DEPORTIVO-EIRA-MOLO-1.jpg","type":"image\/jpeg"}],"twitter_card":"summary_large_image","twitter_misc":{"Temps estimat de lectura":"1 minut"},"schema":{"@context":"https:\/\/schema.org","@graph":[{"@type":"WebPage","@id":"https:\/\/www.inverseteams.com\/ca\/producte\/top-esportiu-eira-molo\/","url":"https:\/\/www.inverseteams.com\/ca\/producte\/top-esportiu-eira-molo\/","name":"Top esportiu EIRA MOLO","isPartOf":{"@id":"https:\/\/www.inverseteams.com\/fr\/#website"},"primaryImageOfPage":{"@id":"https:\/\/www.inverseteams.com\/ca\/producte\/top-esportiu-eira-molo\/#primaryimage"},"image":{"@id":"https:\/\/www.inverseteams.com\/ca\/producte\/top-esportiu-eira-molo\/#primaryimage"},"thumbnailUrl":"https:\/\/www.inverseteams.com\/wp-content\/uploads\/TOP-DEPORTIVO-EIRA-MOLO-1.jpg","datePublished":"2025-01-27T19:35:22+00:00","dateModified":"2025-10-02T00:02:11+00:00","description":"La part frontal i els laterals estan confeccionats amb el teixit LYCRA REVOLUTION, molt suau, el\u00e0stic i altament resistent. A la zona de l'esquena s'ha afegit una pe\u00e7a de teixit perforat per una millor evacuaci\u00f3 de la suor. Aix\u00ed la teva pell es mantindr\u00e0 sempre fresca i seca. La l\u00ednia de l'escot \u00e9s lleugerament arrodonida per una major comoditat durant l'exercici. Els tirants, fabricats en polipropil\u00e8, mantindran el top ben arrapat, evitaran moviments inc\u00f2modes i repartiran el pes entre les espatlles. Est\u00e0 acabat amb una c\u00f2moda banda el\u00e0stica d'escuma per una bona subjecci\u00f3 sense rascades.","breadcrumb":{"@id":"https:\/\/www.inverseteams.com\/ca\/producte\/top-esportiu-eira-molo\/#breadcrumb"},"inLanguage":"ca","potentialAction":[{"@type":"ReadAction","target":["https:\/\/www.inverseteams.com\/ca\/producte\/top-esportiu-eira-molo\/"]}]},{"@type":"ImageObject","inLanguage":"ca","@id":"https:\/\/www.inverseteams.com\/ca\/producte\/top-esportiu-eira-molo\/#primaryimage","url":"https:\/\/www.inverseteams.com\/wp-content\/uploads\/TOP-DEPORTIVO-EIRA-MOLO-1.jpg","contentUrl":"https:\/\/www.inverseteams.com\/wp-content\/uploads\/TOP-DEPORTIVO-EIRA-MOLO-1.jpg","width":1500,"height":1612},{"@type":"BreadcrumbList","@id":"https:\/\/www.inverseteams.com\/ca\/producte\/top-esportiu-eira-molo\/#breadcrumb","itemListElement":[{"@type":"ListItem","position":1,"name":"Portada","item":"https:\/\/www.inverseteams.com\/ca\/pagina-principal\/"},{"@type":"ListItem","position":2,"name":"Botiga","item":"https:\/\/www.inverseteams.com\/ca\/botiga\/"},{"@type":"ListItem","position":3,"name":"Top esportiu EIRA MOLO"}]},{"@type":"WebSite","@id":"https:\/\/www.inverseteams.com\/fr\/#website","url":"https:\/\/www.inverseteams.com\/fr\/","name":"Inverseteams","description":"Tu marca de ropa deportiva personalizada","publisher":{"@id":"https:\/\/www.inverseteams.com\/fr\/#organization"},"potentialAction":[{"@type":"SearchAction","target":{"@type":"EntryPoint","urlTemplate":"https:\/\/www.inverseteams.com\/fr\/?s={search_term_string}"},"query-input":{"@type":"PropertyValueSpecification","valueRequired":true,"valueName":"search_term_string"}}],"inLanguage":"ca"},{"@type":"Organization","@id":"https:\/\/www.inverseteams.com\/fr\/#organization","name":"Inverse Teams","url":"https:\/\/www.inverseteams.com\/fr\/","logo":{"@type":"ImageObject","inLanguage":"ca","@id":"https:\/\/www.inverseteams.com\/fr\/#\/schema\/logo\/image\/","url":"https:\/\/www.inverseteams.com\/wp-content\/uploads\/2021\/03\/logo-inverse-teams.png","contentUrl":"https:\/\/www.inverseteams.com\/wp-content\/uploads\/2021\/03\/logo-inverse-teams.png","width":294,"height":99,"caption":"Inverse Teams"},"image":{"@id":"https:\/\/www.inverseteams.com\/fr\/#\/schema\/logo\/image\/"},"sameAs":["https:\/\/www.facebook.com\/inverseteams","http:\/\/instagram.com\/inverseteams","https:\/\/www.linkedin.com\/company\/inverse-cirosport-s-l-?trk=job_view_topcard_company_name","http:\/\/www.pinterest.com\/inverseteams\/","http:\/\/www.youtube.com\/user\/inverseteams?feature=watch"]}]}},"_links":{"self":[{"href":"https:\/\/www.inverseteams.com\/ca\/wp-json\/wp\/v2\/product\/238171","targetHints":{"allow":["GET"]}}],"collection":[{"href":"https:\/\/www.inverseteams.com\/ca\/wp-json\/wp\/v2\/product"}],"about":[{"href":"https:\/\/www.inverseteams.com\/ca\/wp-json\/wp\/v2\/types\/product"}],"replies":[{"embeddable":true,"href":"https:\/\/www.inverseteams.com\/ca\/wp-json\/wp\/v2\/comments?post=238171"}],"wp:featuredmedia":[{"embeddable":true,"href":"https:\/\/www.inverseteams.com\/ca\/wp-json\/wp\/v2\/media\/237773"}],"wp:attachment":[{"href":"https:\/\/www.inverseteams.com\/ca\/wp-json\/wp\/v2\/media?parent=238171"}],"wp:term":[{"taxonomy":"product_brand","embeddable":true,"href":"https:\/\/www.inverseteams.com\/ca\/wp-json\/wp\/v2\/product_brand?post=238171"},{"taxonomy":"product_cat","embeddable":true,"href":"https:\/\/www.inverseteams.com\/ca\/wp-json\/wp\/v2\/product_cat?post=238171"},{"taxonomy":"product_tag","embeddable":true,"href":"https:\/\/www.inverseteams.com\/ca\/wp-json\/wp\/v2\/product_tag?post=238171"},{"taxonomy":"custom_category","embeddable":true,"href":"https:\/\/www.inverseteams.com\/ca\/wp-json\/wp\/v2\/custom_category?post=238171"},{"taxonomy":"range","embeddable":true,"href":"https:\/\/www.inverseteams.com\/ca\/wp-json\/wp\/v2\/range?post=238171"}],"curies":[{"name":"wp","href":"https:\/\/api.w.org\/{rel}","templated":true}]}}