{"id":238169,"date":"2025-01-27T16:57:33","date_gmt":"2025-01-27T16:57:33","guid":{"rendered":"https:\/\/www.inverseteams.com\/?post_type=product&#038;p=238169"},"modified":"2025-10-02T00:02:21","modified_gmt":"2025-10-02T00:02:21","slug":"culot-cargo-symbiosis-cosmos-home","status":"publish","type":"product","link":"https:\/\/www.inverseteams.com\/ca\/producte\/culot-cargo-symbiosis-cosmos-home\/","title":{"rendered":"Culot cargo SYMBIOSIS COSMOS (HOME)"},"content":{"rendered":"<p>Fabricat amb teixit 100% reciclat i tintat amb el proc\u00e9s Naturdyes\u00ae Technology. Tots els productes que intervenen al tintat s\u00f3n 100% naturals, d&#8217;origen vegetal i mineral. No generen cap residu t\u00f2xic. Aquesta t\u00e8cnica consumeix un 70% menys daigua que un proc\u00e9s convencional. A m\u00e9s, en tintar a baixa temperatura aconseguim una efici\u00e8ncia energ\u00e8tica m\u00e9s gran i disminu\u00efm la petjada de carboni.<br \/>\nAquest culot cargo est\u00e0 confeccionat amb costures planes s\u00faper resistents que aporten un disseny molt atractiu i minimalista. Disposa de 2 butxaques laterals amb teixit interior transpirable. El teixit garanteix una gran resist\u00e8ncia, elasticitat i lleugeresa. Et permetr\u00e0 una bona llibertat de moviments sense sentir cap resist\u00e8ncia.<br \/>\nLa pe\u00e7a de l\u00b4esquena est\u00e0 confeccionada amb un teixit microperforat per poder evacuar f\u00e0cilment la suor. Aquesta pe\u00e7a uneix els 2 tirants plans de polipropil\u00e8 que distribueixen el pes de forma equilibrada perqu\u00e8 puguis gaudir de llargues sessions de ciclisme sense mol\u00e8sties.<br \/>\nLes cames estan acabades amb un tall l\u00e0ser ia la zona posterior t\u00e9 unes l\u00ednies reflectores que augmentaran la teva seguretat ja que reflectiran la llum dels vehicles.<br \/>\nIncorpora la badana Mustang d&#8217;Elastic Interface. Dissenyada amb el concepte Zero Fricci\u00f3, t\u00e9 transicions suaus entre els nivells. Combina l\u00b4escuma Pro Evo, d\u00b4alta densitat i amb gran capacitat de recuperaci\u00f3 i el teixit reciclat Re-Cycle.<br \/>\nEl culotte SYMBIOSIS COSMOS est\u00e0 dissenyat perqu\u00e8 gaudeixis de moltes hores de ciclisme amb total confort. \u00c9s perfecte per gaudir del gravel.<\/p>\n","protected":false},"excerpt":{"rendered":"<p>Fabricat amb teixit 100% reciclat i tintat amb el proc\u00e9s Naturdyes\u00ae Technology. Tots els productes que intervenen al tintat s\u00f3n 100% naturals, d&#8217;origen vegetal i mineral. No generen cap residu t\u00f2xic. Aquesta t\u00e8cnica consumeix un 70% menys daigua que un proc\u00e9s convencional. A m\u00e9s, en tintar a baixa temperatura aconseguim una efici\u00e8ncia energ\u00e8tica m\u00e9s gran i disminu\u00efm la petjada de carboni.<br \/>\nAquest culot cargo est\u00e0 confeccionat amb costures planes s\u00faper resistents que aporten un disseny molt atractiu i minimalista. Disposa de 2 butxaques laterals amb teixit interior transpirable. El teixit garanteix una gran resist\u00e8ncia, elasticitat i lleugeresa. Et permetr\u00e0 una bona llibertat de moviments sense sentir cap resist\u00e8ncia.<br \/>\nLa pe\u00e7a de l\u00b4esquena est\u00e0 confeccionada amb un teixit microperforat per poder evacuar f\u00e0cilment la suor. Aquesta pe\u00e7a uneix els 2 tirants plans de polipropil\u00e8 que distribueixen el pes de forma equilibrada perqu\u00e8 puguis gaudir de llargues sessions de ciclisme sense mol\u00e8sties.<br \/>\nLes cames estan acabades amb un tall l\u00e0ser ia la zona posterior t\u00e9 unes l\u00ednies reflectores que augmentaran la teva seguretat ja que reflectiran la llum dels vehicles.<br \/>\nIncorpora la badana Mustang d&#8217;Elastic Interface. Dissenyada amb el concepte Zero Fricci\u00f3, t\u00e9 transicions suaus entre els nivells. Combina l\u00b4escuma Pro Evo, d\u00b4alta densitat i amb gran capacitat de recuperaci\u00f3 i el teixit reciclat Re-Cycle.<br \/>\nEl culotte SYMBIOSIS COSMOS est\u00e0 dissenyat perqu\u00e8 gaudeixis de moltes hores de ciclisme amb total confort. \u00c9s perfecte per gaudir del gravel.<\/p>\n","protected":false},"featured_media":243007,"comment_status":"closed","ping_status":"closed","template":"","meta":{"_acf_changed":false},"product_brand":[],"product_cat":[9947,4126,7175],"product_tag":[],"custom_category":[],"range":[],"class_list":{"0":"post-238169","1":"product","2":"type-product","3":"status-publish","4":"has-post-thumbnail","6":"product_cat-gravel-cat","7":"product_cat-culotte-ciclista-ca","8":"product_cat-b2b-ca","9":"pa_climatologia-calor-ca","10":"pa_climatologia-temperatura-temperada","11":"pa_deporte-ciclisme","12":"pa_genero-home","13":"pa_patronaje-fit-ca","14":"pa_talla-l-ca","15":"pa_talla-m-ca","16":"pa_talla-s-ca","17":"pa_talla-xl-ca","18":"pa_talla-xxl-ca","19":"pa_tipo-de-prenda-culot-curt","21":"first","22":"outofstock","23":"taxable","24":"shipping-taxable","25":"purchasable","26":"product-type-variable","27":"has-default-attributes"},"acf":[],"yoast_head":"<!-- This site is optimized with the Yoast SEO plugin v27.3 - https:\/\/yoast.com\/product\/yoast-seo-wordpress\/ -->\n<title>Culot cargo SYMBIOSIS COSMOS (HOME)<\/title>\n<meta name=\"description\" content=\"Fabricat amb teixit 100% reciclat i tintat amb el proc\u00e9s Naturdyes\u00ae Technology. Tots els productes que intervenen al tintat s\u00f3n 100% naturals, d&#039;origen vegetal i mineral. No generen cap residu t\u00f2xic. Aquesta t\u00e8cnica consumeix un 70% menys daigua que un proc\u00e9s convencional. A m\u00e9s, en tintar a baixa temperatura aconseguim una efici\u00e8ncia energ\u00e8tica m\u00e9s gran i disminu\u00efm la petjada de carboni. Aquest culot cargo est\u00e0 confeccionat amb costures planes s\u00faper resistents que aporten un disseny molt atractiu i minimalista. Disposa de 2 butxaques laterals amb teixit interior transpirable. El teixit garanteix una gran resist\u00e8ncia, elasticitat i lleugeresa. Et permetr\u00e0 una bona llibertat de moviments sense sentir cap resist\u00e8ncia. La pe\u00e7a de l\u00b4esquena est\u00e0 confeccionada amb un teixit microperforat per poder evacuar f\u00e0cilment la suor. Aquesta pe\u00e7a uneix els 2 tirants plans de polipropil\u00e8 que distribueixen el pes de forma equilibrada perqu\u00e8 puguis gaudir de llargues sessions de ciclisme sense mol\u00e8sties. Les cames estan acabades amb un tall l\u00e0ser ia la zona posterior t\u00e9 unes l\u00ednies reflectores que augmentaran la teva seguretat ja que reflectiran la llum dels vehicles. Incorpora la badana Mustang d&#039;Elastic Interface. Dissenyada amb el concepte Zero Fricci\u00f3, t\u00e9 transicions suaus entre els nivells. Combina l\u00b4escuma Pro Evo, d\u00b4alta densitat i amb gran capacitat de recuperaci\u00f3 i el teixit reciclat Re-Cycle. El culotte SYMBIOSIS COSMOS est\u00e0 dissenyat perqu\u00e8 gaudeixis de moltes hores de ciclisme amb total confort. \u00c9s perfecte per gaudir del gravel.\" \/>\n<meta name=\"robots\" content=\"index, follow, max-snippet:-1, max-image-preview:large, max-video-preview:-1\" \/>\n<link rel=\"canonical\" href=\"https:\/\/www.inverseteams.com\/ca\/producte\/culot-cargo-symbiosis-cosmos-home\/\" \/>\n<meta property=\"og:locale\" content=\"ca_ES\" \/>\n<meta property=\"og:type\" content=\"article\" \/>\n<meta property=\"og:title\" content=\"Culot cargo SYMBIOSIS COSMOS (HOME)\" \/>\n<meta property=\"og:description\" content=\"Fabricat amb teixit 100% reciclat i tintat amb el proc\u00e9s Naturdyes\u00ae Technology. Tots els productes que intervenen al tintat s\u00f3n 100% naturals, d&#039;origen vegetal i mineral. No generen cap residu t\u00f2xic. Aquesta t\u00e8cnica consumeix un 70% menys daigua que un proc\u00e9s convencional. A m\u00e9s, en tintar a baixa temperatura aconseguim una efici\u00e8ncia energ\u00e8tica m\u00e9s gran i disminu\u00efm la petjada de carboni. Aquest culot cargo est\u00e0 confeccionat amb costures planes s\u00faper resistents que aporten un disseny molt atractiu i minimalista. Disposa de 2 butxaques laterals amb teixit interior transpirable. El teixit garanteix una gran resist\u00e8ncia, elasticitat i lleugeresa. Et permetr\u00e0 una bona llibertat de moviments sense sentir cap resist\u00e8ncia. La pe\u00e7a de l\u00b4esquena est\u00e0 confeccionada amb un teixit microperforat per poder evacuar f\u00e0cilment la suor. Aquesta pe\u00e7a uneix els 2 tirants plans de polipropil\u00e8 que distribueixen el pes de forma equilibrada perqu\u00e8 puguis gaudir de llargues sessions de ciclisme sense mol\u00e8sties. Les cames estan acabades amb un tall l\u00e0ser ia la zona posterior t\u00e9 unes l\u00ednies reflectores que augmentaran la teva seguretat ja que reflectiran la llum dels vehicles. Incorpora la badana Mustang d&#039;Elastic Interface. Dissenyada amb el concepte Zero Fricci\u00f3, t\u00e9 transicions suaus entre els nivells. Combina l\u00b4escuma Pro Evo, d\u00b4alta densitat i amb gran capacitat de recuperaci\u00f3 i el teixit reciclat Re-Cycle. El culotte SYMBIOSIS COSMOS est\u00e0 dissenyat perqu\u00e8 gaudeixis de moltes hores de ciclisme amb total confort. \u00c9s perfecte per gaudir del gravel.\" \/>\n<meta property=\"og:url\" content=\"https:\/\/www.inverseteams.com\/ca\/producte\/culot-cargo-symbiosis-cosmos-home\/\" \/>\n<meta property=\"og:site_name\" content=\"Inverseteams\" \/>\n<meta property=\"article:publisher\" content=\"https:\/\/www.facebook.com\/inverseteams\" \/>\n<meta property=\"article:modified_time\" content=\"2025-10-02T00:02:21+00:00\" \/>\n<meta property=\"og:image\" content=\"https:\/\/www.inverseteams.com\/wp-content\/uploads\/CULOTTE-CARGO-SYMBIOSIS-COSMOS-1-1.jpg\" \/>\n\t<meta property=\"og:image:width\" content=\"1500\" \/>\n\t<meta property=\"og:image:height\" content=\"1612\" \/>\n\t<meta property=\"og:image:type\" content=\"image\/jpeg\" \/>\n<meta name=\"twitter:card\" content=\"summary_large_image\" \/>\n<meta name=\"twitter:label1\" content=\"Temps estimat de lectura\" \/>\n\t<meta name=\"twitter:data1\" content=\"2 minut\" \/>\n<script type=\"application\/ld+json\" class=\"yoast-schema-graph\">{\"@context\":\"https:\\\/\\\/schema.org\",\"@graph\":[{\"@type\":\"WebPage\",\"@id\":\"https:\\\/\\\/www.inverseteams.com\\\/ca\\\/producte\\\/culot-cargo-symbiosis-cosmos-home\\\/\",\"url\":\"https:\\\/\\\/www.inverseteams.com\\\/ca\\\/producte\\\/culot-cargo-symbiosis-cosmos-home\\\/\",\"name\":\"Culot cargo SYMBIOSIS COSMOS (HOME)\",\"isPartOf\":{\"@id\":\"https:\\\/\\\/www.inverseteams.com\\\/ca\\\/#website\"},\"primaryImageOfPage\":{\"@id\":\"https:\\\/\\\/www.inverseteams.com\\\/ca\\\/producte\\\/culot-cargo-symbiosis-cosmos-home\\\/#primaryimage\"},\"image\":{\"@id\":\"https:\\\/\\\/www.inverseteams.com\\\/ca\\\/producte\\\/culot-cargo-symbiosis-cosmos-home\\\/#primaryimage\"},\"thumbnailUrl\":\"https:\\\/\\\/www.inverseteams.com\\\/wp-content\\\/uploads\\\/CULOTTE-CARGO-SYMBIOSIS-COSMOS-1-1.jpg\",\"datePublished\":\"2025-01-27T16:57:33+00:00\",\"dateModified\":\"2025-10-02T00:02:21+00:00\",\"description\":\"Fabricat amb teixit 100% reciclat i tintat amb el proc\u00e9s Naturdyes\u00ae Technology. Tots els productes que intervenen al tintat s\u00f3n 100% naturals, d'origen vegetal i mineral. No generen cap residu t\u00f2xic. Aquesta t\u00e8cnica consumeix un 70% menys daigua que un proc\u00e9s convencional. A m\u00e9s, en tintar a baixa temperatura aconseguim una efici\u00e8ncia energ\u00e8tica m\u00e9s gran i disminu\u00efm la petjada de carboni. Aquest culot cargo est\u00e0 confeccionat amb costures planes s\u00faper resistents que aporten un disseny molt atractiu i minimalista. Disposa de 2 butxaques laterals amb teixit interior transpirable. El teixit garanteix una gran resist\u00e8ncia, elasticitat i lleugeresa. Et permetr\u00e0 una bona llibertat de moviments sense sentir cap resist\u00e8ncia. La pe\u00e7a de l\u00b4esquena est\u00e0 confeccionada amb un teixit microperforat per poder evacuar f\u00e0cilment la suor. Aquesta pe\u00e7a uneix els 2 tirants plans de polipropil\u00e8 que distribueixen el pes de forma equilibrada perqu\u00e8 puguis gaudir de llargues sessions de ciclisme sense mol\u00e8sties. Les cames estan acabades amb un tall l\u00e0ser ia la zona posterior t\u00e9 unes l\u00ednies reflectores que augmentaran la teva seguretat ja que reflectiran la llum dels vehicles. Incorpora la badana Mustang d'Elastic Interface. Dissenyada amb el concepte Zero Fricci\u00f3, t\u00e9 transicions suaus entre els nivells. Combina l\u00b4escuma Pro Evo, d\u00b4alta densitat i amb gran capacitat de recuperaci\u00f3 i el teixit reciclat Re-Cycle. El culotte SYMBIOSIS COSMOS est\u00e0 dissenyat perqu\u00e8 gaudeixis de moltes hores de ciclisme amb total confort. \u00c9s perfecte per gaudir del gravel.\",\"breadcrumb\":{\"@id\":\"https:\\\/\\\/www.inverseteams.com\\\/ca\\\/producte\\\/culot-cargo-symbiosis-cosmos-home\\\/#breadcrumb\"},\"inLanguage\":\"ca\",\"potentialAction\":[{\"@type\":\"ReadAction\",\"target\":[\"https:\\\/\\\/www.inverseteams.com\\\/ca\\\/producte\\\/culot-cargo-symbiosis-cosmos-home\\\/\"]}]},{\"@type\":\"ImageObject\",\"inLanguage\":\"ca\",\"@id\":\"https:\\\/\\\/www.inverseteams.com\\\/ca\\\/producte\\\/culot-cargo-symbiosis-cosmos-home\\\/#primaryimage\",\"url\":\"https:\\\/\\\/www.inverseteams.com\\\/wp-content\\\/uploads\\\/CULOTTE-CARGO-SYMBIOSIS-COSMOS-1-1.jpg\",\"contentUrl\":\"https:\\\/\\\/www.inverseteams.com\\\/wp-content\\\/uploads\\\/CULOTTE-CARGO-SYMBIOSIS-COSMOS-1-1.jpg\",\"width\":1500,\"height\":1612,\"caption\":\"culotte cargo gravel inverse\"},{\"@type\":\"BreadcrumbList\",\"@id\":\"https:\\\/\\\/www.inverseteams.com\\\/ca\\\/producte\\\/culot-cargo-symbiosis-cosmos-home\\\/#breadcrumb\",\"itemListElement\":[{\"@type\":\"ListItem\",\"position\":1,\"name\":\"Portada\",\"item\":\"https:\\\/\\\/www.inverseteams.com\\\/ca\\\/pagina-principal\\\/\"},{\"@type\":\"ListItem\",\"position\":2,\"name\":\"Botiga\",\"item\":\"https:\\\/\\\/www.inverseteams.com\\\/ca\\\/botiga\\\/\"},{\"@type\":\"ListItem\",\"position\":3,\"name\":\"Culot cargo SYMBIOSIS COSMOS (HOME)\"}]},{\"@type\":\"WebSite\",\"@id\":\"https:\\\/\\\/www.inverseteams.com\\\/ca\\\/#website\",\"url\":\"https:\\\/\\\/www.inverseteams.com\\\/ca\\\/\",\"name\":\"Inverseteams\",\"description\":\"Tu marca de ropa deportiva personalizada\",\"publisher\":{\"@id\":\"https:\\\/\\\/www.inverseteams.com\\\/ca\\\/#organization\"},\"potentialAction\":[{\"@type\":\"SearchAction\",\"target\":{\"@type\":\"EntryPoint\",\"urlTemplate\":\"https:\\\/\\\/www.inverseteams.com\\\/ca\\\/?s={search_term_string}\"},\"query-input\":{\"@type\":\"PropertyValueSpecification\",\"valueRequired\":true,\"valueName\":\"search_term_string\"}}],\"inLanguage\":\"ca\"},{\"@type\":\"Organization\",\"@id\":\"https:\\\/\\\/www.inverseteams.com\\\/ca\\\/#organization\",\"name\":\"Inverse Teams\",\"url\":\"https:\\\/\\\/www.inverseteams.com\\\/ca\\\/\",\"logo\":{\"@type\":\"ImageObject\",\"inLanguage\":\"ca\",\"@id\":\"https:\\\/\\\/www.inverseteams.com\\\/ca\\\/#\\\/schema\\\/logo\\\/image\\\/\",\"url\":\"https:\\\/\\\/www.inverseteams.com\\\/wp-content\\\/uploads\\\/2021\\\/03\\\/logo-inverse-teams.png\",\"contentUrl\":\"https:\\\/\\\/www.inverseteams.com\\\/wp-content\\\/uploads\\\/2021\\\/03\\\/logo-inverse-teams.png\",\"width\":294,\"height\":99,\"caption\":\"Inverse Teams\"},\"image\":{\"@id\":\"https:\\\/\\\/www.inverseteams.com\\\/ca\\\/#\\\/schema\\\/logo\\\/image\\\/\"},\"sameAs\":[\"https:\\\/\\\/www.facebook.com\\\/inverseteams\",\"http:\\\/\\\/instagram.com\\\/inverseteams\",\"https:\\\/\\\/www.linkedin.com\\\/company\\\/inverse-cirosport-s-l-?trk=job_view_topcard_company_name\",\"http:\\\/\\\/www.pinterest.com\\\/inverseteams\\\/\",\"http:\\\/\\\/www.youtube.com\\\/user\\\/inverseteams?feature=watch\"]}]}<\/script>\n<!-- \/ Yoast SEO plugin. -->","yoast_head_json":{"title":"Culot cargo SYMBIOSIS COSMOS (HOME)","description":"Fabricat amb teixit 100% reciclat i tintat amb el proc\u00e9s Naturdyes\u00ae Technology. Tots els productes que intervenen al tintat s\u00f3n 100% naturals, d'origen vegetal i mineral. No generen cap residu t\u00f2xic. Aquesta t\u00e8cnica consumeix un 70% menys daigua que un proc\u00e9s convencional. A m\u00e9s, en tintar a baixa temperatura aconseguim una efici\u00e8ncia energ\u00e8tica m\u00e9s gran i disminu\u00efm la petjada de carboni. Aquest culot cargo est\u00e0 confeccionat amb costures planes s\u00faper resistents que aporten un disseny molt atractiu i minimalista. Disposa de 2 butxaques laterals amb teixit interior transpirable. El teixit garanteix una gran resist\u00e8ncia, elasticitat i lleugeresa. Et permetr\u00e0 una bona llibertat de moviments sense sentir cap resist\u00e8ncia. La pe\u00e7a de l\u00b4esquena est\u00e0 confeccionada amb un teixit microperforat per poder evacuar f\u00e0cilment la suor. Aquesta pe\u00e7a uneix els 2 tirants plans de polipropil\u00e8 que distribueixen el pes de forma equilibrada perqu\u00e8 puguis gaudir de llargues sessions de ciclisme sense mol\u00e8sties. Les cames estan acabades amb un tall l\u00e0ser ia la zona posterior t\u00e9 unes l\u00ednies reflectores que augmentaran la teva seguretat ja que reflectiran la llum dels vehicles. Incorpora la badana Mustang d'Elastic Interface. Dissenyada amb el concepte Zero Fricci\u00f3, t\u00e9 transicions suaus entre els nivells. Combina l\u00b4escuma Pro Evo, d\u00b4alta densitat i amb gran capacitat de recuperaci\u00f3 i el teixit reciclat Re-Cycle. El culotte SYMBIOSIS COSMOS est\u00e0 dissenyat perqu\u00e8 gaudeixis de moltes hores de ciclisme amb total confort. \u00c9s perfecte per gaudir del gravel.","robots":{"index":"index","follow":"follow","max-snippet":"max-snippet:-1","max-image-preview":"max-image-preview:large","max-video-preview":"max-video-preview:-1"},"canonical":"https:\/\/www.inverseteams.com\/ca\/producte\/culot-cargo-symbiosis-cosmos-home\/","og_locale":"ca_ES","og_type":"article","og_title":"Culot cargo SYMBIOSIS COSMOS (HOME)","og_description":"Fabricat amb teixit 100% reciclat i tintat amb el proc\u00e9s Naturdyes\u00ae Technology. Tots els productes que intervenen al tintat s\u00f3n 100% naturals, d'origen vegetal i mineral. No generen cap residu t\u00f2xic. Aquesta t\u00e8cnica consumeix un 70% menys daigua que un proc\u00e9s convencional. A m\u00e9s, en tintar a baixa temperatura aconseguim una efici\u00e8ncia energ\u00e8tica m\u00e9s gran i disminu\u00efm la petjada de carboni. Aquest culot cargo est\u00e0 confeccionat amb costures planes s\u00faper resistents que aporten un disseny molt atractiu i minimalista. Disposa de 2 butxaques laterals amb teixit interior transpirable. El teixit garanteix una gran resist\u00e8ncia, elasticitat i lleugeresa. Et permetr\u00e0 una bona llibertat de moviments sense sentir cap resist\u00e8ncia. La pe\u00e7a de l\u00b4esquena est\u00e0 confeccionada amb un teixit microperforat per poder evacuar f\u00e0cilment la suor. Aquesta pe\u00e7a uneix els 2 tirants plans de polipropil\u00e8 que distribueixen el pes de forma equilibrada perqu\u00e8 puguis gaudir de llargues sessions de ciclisme sense mol\u00e8sties. Les cames estan acabades amb un tall l\u00e0ser ia la zona posterior t\u00e9 unes l\u00ednies reflectores que augmentaran la teva seguretat ja que reflectiran la llum dels vehicles. Incorpora la badana Mustang d'Elastic Interface. Dissenyada amb el concepte Zero Fricci\u00f3, t\u00e9 transicions suaus entre els nivells. Combina l\u00b4escuma Pro Evo, d\u00b4alta densitat i amb gran capacitat de recuperaci\u00f3 i el teixit reciclat Re-Cycle. El culotte SYMBIOSIS COSMOS est\u00e0 dissenyat perqu\u00e8 gaudeixis de moltes hores de ciclisme amb total confort. \u00c9s perfecte per gaudir del gravel.","og_url":"https:\/\/www.inverseteams.com\/ca\/producte\/culot-cargo-symbiosis-cosmos-home\/","og_site_name":"Inverseteams","article_publisher":"https:\/\/www.facebook.com\/inverseteams","article_modified_time":"2025-10-02T00:02:21+00:00","og_image":[{"width":1500,"height":1612,"url":"https:\/\/www.inverseteams.com\/wp-content\/uploads\/CULOTTE-CARGO-SYMBIOSIS-COSMOS-1-1.jpg","type":"image\/jpeg"}],"twitter_card":"summary_large_image","twitter_misc":{"Temps estimat de lectura":"2 minut"},"schema":{"@context":"https:\/\/schema.org","@graph":[{"@type":"WebPage","@id":"https:\/\/www.inverseteams.com\/ca\/producte\/culot-cargo-symbiosis-cosmos-home\/","url":"https:\/\/www.inverseteams.com\/ca\/producte\/culot-cargo-symbiosis-cosmos-home\/","name":"Culot cargo SYMBIOSIS COSMOS (HOME)","isPartOf":{"@id":"https:\/\/www.inverseteams.com\/ca\/#website"},"primaryImageOfPage":{"@id":"https:\/\/www.inverseteams.com\/ca\/producte\/culot-cargo-symbiosis-cosmos-home\/#primaryimage"},"image":{"@id":"https:\/\/www.inverseteams.com\/ca\/producte\/culot-cargo-symbiosis-cosmos-home\/#primaryimage"},"thumbnailUrl":"https:\/\/www.inverseteams.com\/wp-content\/uploads\/CULOTTE-CARGO-SYMBIOSIS-COSMOS-1-1.jpg","datePublished":"2025-01-27T16:57:33+00:00","dateModified":"2025-10-02T00:02:21+00:00","description":"Fabricat amb teixit 100% reciclat i tintat amb el proc\u00e9s Naturdyes\u00ae Technology. Tots els productes que intervenen al tintat s\u00f3n 100% naturals, d'origen vegetal i mineral. No generen cap residu t\u00f2xic. Aquesta t\u00e8cnica consumeix un 70% menys daigua que un proc\u00e9s convencional. A m\u00e9s, en tintar a baixa temperatura aconseguim una efici\u00e8ncia energ\u00e8tica m\u00e9s gran i disminu\u00efm la petjada de carboni. Aquest culot cargo est\u00e0 confeccionat amb costures planes s\u00faper resistents que aporten un disseny molt atractiu i minimalista. Disposa de 2 butxaques laterals amb teixit interior transpirable. El teixit garanteix una gran resist\u00e8ncia, elasticitat i lleugeresa. Et permetr\u00e0 una bona llibertat de moviments sense sentir cap resist\u00e8ncia. La pe\u00e7a de l\u00b4esquena est\u00e0 confeccionada amb un teixit microperforat per poder evacuar f\u00e0cilment la suor. Aquesta pe\u00e7a uneix els 2 tirants plans de polipropil\u00e8 que distribueixen el pes de forma equilibrada perqu\u00e8 puguis gaudir de llargues sessions de ciclisme sense mol\u00e8sties. Les cames estan acabades amb un tall l\u00e0ser ia la zona posterior t\u00e9 unes l\u00ednies reflectores que augmentaran la teva seguretat ja que reflectiran la llum dels vehicles. Incorpora la badana Mustang d'Elastic Interface. Dissenyada amb el concepte Zero Fricci\u00f3, t\u00e9 transicions suaus entre els nivells. Combina l\u00b4escuma Pro Evo, d\u00b4alta densitat i amb gran capacitat de recuperaci\u00f3 i el teixit reciclat Re-Cycle. El culotte SYMBIOSIS COSMOS est\u00e0 dissenyat perqu\u00e8 gaudeixis de moltes hores de ciclisme amb total confort. \u00c9s perfecte per gaudir del gravel.","breadcrumb":{"@id":"https:\/\/www.inverseteams.com\/ca\/producte\/culot-cargo-symbiosis-cosmos-home\/#breadcrumb"},"inLanguage":"ca","potentialAction":[{"@type":"ReadAction","target":["https:\/\/www.inverseteams.com\/ca\/producte\/culot-cargo-symbiosis-cosmos-home\/"]}]},{"@type":"ImageObject","inLanguage":"ca","@id":"https:\/\/www.inverseteams.com\/ca\/producte\/culot-cargo-symbiosis-cosmos-home\/#primaryimage","url":"https:\/\/www.inverseteams.com\/wp-content\/uploads\/CULOTTE-CARGO-SYMBIOSIS-COSMOS-1-1.jpg","contentUrl":"https:\/\/www.inverseteams.com\/wp-content\/uploads\/CULOTTE-CARGO-SYMBIOSIS-COSMOS-1-1.jpg","width":1500,"height":1612,"caption":"culotte cargo gravel inverse"},{"@type":"BreadcrumbList","@id":"https:\/\/www.inverseteams.com\/ca\/producte\/culot-cargo-symbiosis-cosmos-home\/#breadcrumb","itemListElement":[{"@type":"ListItem","position":1,"name":"Portada","item":"https:\/\/www.inverseteams.com\/ca\/pagina-principal\/"},{"@type":"ListItem","position":2,"name":"Botiga","item":"https:\/\/www.inverseteams.com\/ca\/botiga\/"},{"@type":"ListItem","position":3,"name":"Culot cargo SYMBIOSIS COSMOS (HOME)"}]},{"@type":"WebSite","@id":"https:\/\/www.inverseteams.com\/ca\/#website","url":"https:\/\/www.inverseteams.com\/ca\/","name":"Inverseteams","description":"Tu marca de ropa deportiva personalizada","publisher":{"@id":"https:\/\/www.inverseteams.com\/ca\/#organization"},"potentialAction":[{"@type":"SearchAction","target":{"@type":"EntryPoint","urlTemplate":"https:\/\/www.inverseteams.com\/ca\/?s={search_term_string}"},"query-input":{"@type":"PropertyValueSpecification","valueRequired":true,"valueName":"search_term_string"}}],"inLanguage":"ca"},{"@type":"Organization","@id":"https:\/\/www.inverseteams.com\/ca\/#organization","name":"Inverse Teams","url":"https:\/\/www.inverseteams.com\/ca\/","logo":{"@type":"ImageObject","inLanguage":"ca","@id":"https:\/\/www.inverseteams.com\/ca\/#\/schema\/logo\/image\/","url":"https:\/\/www.inverseteams.com\/wp-content\/uploads\/2021\/03\/logo-inverse-teams.png","contentUrl":"https:\/\/www.inverseteams.com\/wp-content\/uploads\/2021\/03\/logo-inverse-teams.png","width":294,"height":99,"caption":"Inverse Teams"},"image":{"@id":"https:\/\/www.inverseteams.com\/ca\/#\/schema\/logo\/image\/"},"sameAs":["https:\/\/www.facebook.com\/inverseteams","http:\/\/instagram.com\/inverseteams","https:\/\/www.linkedin.com\/company\/inverse-cirosport-s-l-?trk=job_view_topcard_company_name","http:\/\/www.pinterest.com\/inverseteams\/","http:\/\/www.youtube.com\/user\/inverseteams?feature=watch"]}]}},"_links":{"self":[{"href":"https:\/\/www.inverseteams.com\/ca\/wp-json\/wp\/v2\/product\/238169","targetHints":{"allow":["GET"]}}],"collection":[{"href":"https:\/\/www.inverseteams.com\/ca\/wp-json\/wp\/v2\/product"}],"about":[{"href":"https:\/\/www.inverseteams.com\/ca\/wp-json\/wp\/v2\/types\/product"}],"replies":[{"embeddable":true,"href":"https:\/\/www.inverseteams.com\/ca\/wp-json\/wp\/v2\/comments?post=238169"}],"wp:featuredmedia":[{"embeddable":true,"href":"https:\/\/www.inverseteams.com\/ca\/wp-json\/wp\/v2\/media\/243007"}],"wp:attachment":[{"href":"https:\/\/www.inverseteams.com\/ca\/wp-json\/wp\/v2\/media?parent=238169"}],"wp:term":[{"taxonomy":"product_brand","embeddable":true,"href":"https:\/\/www.inverseteams.com\/ca\/wp-json\/wp\/v2\/product_brand?post=238169"},{"taxonomy":"product_cat","embeddable":true,"href":"https:\/\/www.inverseteams.com\/ca\/wp-json\/wp\/v2\/product_cat?post=238169"},{"taxonomy":"product_tag","embeddable":true,"href":"https:\/\/www.inverseteams.com\/ca\/wp-json\/wp\/v2\/product_tag?post=238169"},{"taxonomy":"custom_category","embeddable":true,"href":"https:\/\/www.inverseteams.com\/ca\/wp-json\/wp\/v2\/custom_category?post=238169"},{"taxonomy":"range","embeddable":true,"href":"https:\/\/www.inverseteams.com\/ca\/wp-json\/wp\/v2\/range?post=238169"}],"curies":[{"name":"wp","href":"https:\/\/api.w.org\/{rel}","templated":true}]}}