{"id":238167,"date":"2025-01-27T16:52:25","date_gmt":"2025-01-27T16:52:25","guid":{"rendered":"https:\/\/www.inverseteams.com\/?post_type=product&#038;p=238167"},"modified":"2025-10-02T00:02:16","modified_gmt":"2025-10-02T00:02:16","slug":"culot-ciclista-arlet-black-dona","status":"publish","type":"product","link":"https:\/\/www.inverseteams.com\/ca\/producte\/culot-ciclista-arlet-black-dona\/","title":{"rendered":"Culot ciclista ARLET BLACK (DONA)"},"content":{"rendered":"<p>El nou culotte destaca per tenir menys costures que un culotte convencional, cosa que el fa molt c\u00f2mode durant el pedaleig. S&#8217;ha eliminat la costura de la zona abductora per minimitzar la fricci\u00f3 i fregament. La costura plana lateral \u00e9s s\u00faper resistent i, a m\u00e9s, aporta un disseny molt atractiu i minimalista.<br \/>\nS&#8217;ha desenvolupat el sistema Flexygo 2.0 que permet pujar i baixar el culotte sense treure&#8217;s el mallot ni els tirants i poder anar al lavabo amb total comoditat. Aix\u00f2 s&#8217;aconsegueix gr\u00e0cies a la combinaci\u00f3 dels tirants creuats i el teixit s\u00faper el\u00e0stic de la zona lumbar. Els 2 tirants plans de polipropil\u00e8 distribueixen el pes de forma equilibrada perqu\u00e8 puguis gaudir de llargues sessions de ciclisme sense mol\u00e8sties.<br \/>\nEl culotte ARLET est\u00e0 confeccionat amb LYCRA REVOLUTION amb acabat mate. Es caracteritza per la seva resist\u00e8ncia, elasticitat i lleugeresa. Et permetr\u00e0 una gran llibertat de moviments sense sentir cap resist\u00e8ncia.<br \/>\nLes cames acabades amb un tall l\u00e0ser tenen un grip de silicona hipoal\u00b7lerg\u00e8nica al seu interior per mantenir el culotte ciclista ben subjecte i per evitar moviments inc\u00f2modes. A la zona posterior t\u00e9 unes l\u00ednies reflectores que augmentaran la teva seguretat ja que reflectiran la llum dels vehicles.<br \/>\nIncorpora la badana Mustang d&#8217;Elastic Interface. Dissenyada amb el concepte Zero Fricci\u00f3, t\u00e9 transicions suaus entre els nivells. Combina l\u00b4escuma Pro Evo, d\u00b4alta densitat i amb gran capacitat de recuperaci\u00f3 i el teixit reciclat Re-Cycle.<br \/>\nEl culotte ARLET est\u00e0 dissenyat perqu\u00e8 gaudeixis de moltes hores de ciclisme amb total confort. \u00c9s perfecte tant pel ciclisme de muntanya com pel ciclisme de carretera.<\/p>\n","protected":false},"excerpt":{"rendered":"<p>El nou culotte destaca per tenir menys costures que un culotte convencional, cosa que el fa molt c\u00f2mode durant el pedaleig. S&#8217;ha eliminat la costura de la zona abductora per minimitzar la fricci\u00f3 i fregament. La costura plana lateral \u00e9s s\u00faper resistent i, a m\u00e9s, aporta un disseny molt atractiu i minimalista.<br \/>\nS&#8217;ha desenvolupat el sistema Flexygo 2.0 que permet pujar i baixar el culotte sense treure&#8217;s el mallot ni els tirants i poder anar al lavabo amb total comoditat. Aix\u00f2 s&#8217;aconsegueix gr\u00e0cies a la combinaci\u00f3 dels tirants creuats i el teixit s\u00faper el\u00e0stic de la zona lumbar. Els 2 tirants plans de polipropil\u00e8 distribueixen el pes de forma equilibrada perqu\u00e8 puguis gaudir de llargues sessions de ciclisme sense mol\u00e8sties.<br \/>\nEl culotte ARLET est\u00e0 confeccionat amb LYCRA REVOLUTION amb acabat mate. Es caracteritza per la seva resist\u00e8ncia, elasticitat i lleugeresa. Et permetr\u00e0 una gran llibertat de moviments sense sentir cap resist\u00e8ncia.<br \/>\nLes cames acabades amb un tall l\u00e0ser tenen un grip de silicona hipoal\u00b7lerg\u00e8nica al seu interior per mantenir el culotte ciclista ben subjecte i per evitar moviments inc\u00f2modes. A la zona posterior t\u00e9 unes l\u00ednies reflectores que augmentaran la teva seguretat ja que reflectiran la llum dels vehicles.<br \/>\nIncorpora la badana Mustang d&#8217;Elastic Interface. Dissenyada amb el concepte Zero Fricci\u00f3, t\u00e9 transicions suaus entre els nivells. Combina l\u00b4escuma Pro Evo, d\u00b4alta densitat i amb gran capacitat de recuperaci\u00f3 i el teixit reciclat Re-Cycle.<br \/>\nEl culotte ARLET est\u00e0 dissenyat perqu\u00e8 gaudeixis de moltes hores de ciclisme amb total confort. \u00c9s perfecte tant pel ciclisme de muntanya com pel ciclisme de carretera.<\/p>\n","protected":false},"featured_media":237308,"comment_status":"closed","ping_status":"closed","template":"","meta":{"_acf_changed":false},"product_brand":[],"product_cat":[4110,4126,9947,7175],"product_tag":[],"custom_category":[],"range":[],"class_list":{"0":"post-238167","1":"product","2":"type-product","3":"status-publish","4":"has-post-thumbnail","6":"product_cat-ciclisme","7":"product_cat-culotte-ciclista-ca","8":"product_cat-gravel-cat","9":"product_cat-b2b-ca","10":"pa_climatologia-calor-ca","11":"pa_climatologia-temperatura-temperada","12":"pa_deporte-ciclisme","13":"pa_deporte-gravel-ca","14":"pa_genero-dona","15":"pa_patronaje-fit-ca","16":"pa_talla-m-ca","17":"pa_talla-s-ca","18":"pa_talla-xl-ca","19":"pa_talla-xs-ca","20":"pa_talla-l-ca","21":"pa_tipo-de-prenda-culot-curt","23":"first","24":"instock","25":"taxable","26":"shipping-taxable","27":"purchasable","28":"product-type-variable","29":"has-default-attributes"},"acf":[],"yoast_head":"<!-- This site is optimized with the Yoast SEO plugin v27.3 - https:\/\/yoast.com\/product\/yoast-seo-wordpress\/ -->\n<title>Culot ciclista ARLET BLACK (DONA)<\/title>\n<meta name=\"description\" content=\"El nou culotte destaca per tenir menys costures que un culotte convencional, cosa que el fa molt c\u00f2mode durant el pedaleig. S&#039;ha eliminat la costura de la zona abductora per minimitzar la fricci\u00f3 i fregament. La costura plana lateral \u00e9s s\u00faper resistent i, a m\u00e9s, aporta un disseny molt atractiu i minimalista. S&#039;ha desenvolupat el sistema Flexygo 2.0 que permet pujar i baixar el culotte sense treure&#039;s el mallot ni els tirants i poder anar al lavabo amb total comoditat. Aix\u00f2 s&#039;aconsegueix gr\u00e0cies a la combinaci\u00f3 dels tirants creuats i el teixit s\u00faper el\u00e0stic de la zona lumbar. Els 2 tirants plans de polipropil\u00e8 distribueixen el pes de forma equilibrada perqu\u00e8 puguis gaudir de llargues sessions de ciclisme sense mol\u00e8sties. El culotte ARLET est\u00e0 confeccionat amb LYCRA REVOLUTION amb acabat mate. Es caracteritza per la seva resist\u00e8ncia, elasticitat i lleugeresa. Et permetr\u00e0 una gran llibertat de moviments sense sentir cap resist\u00e8ncia. Les cames acabades amb un tall l\u00e0ser tenen un grip de silicona hipoal\u00b7lerg\u00e8nica al seu interior per mantenir el culotte ciclista ben subjecte i per evitar moviments inc\u00f2modes. A la zona posterior t\u00e9 unes l\u00ednies reflectores que augmentaran la teva seguretat ja que reflectiran la llum dels vehicles. Incorpora la badana Mustang d&#039;Elastic Interface. Dissenyada amb el concepte Zero Fricci\u00f3, t\u00e9 transicions suaus entre els nivells. Combina l\u00b4escuma Pro Evo, d\u00b4alta densitat i amb gran capacitat de recuperaci\u00f3 i el teixit reciclat Re-Cycle. El culotte ARLET est\u00e0 dissenyat perqu\u00e8 gaudeixis de moltes hores de ciclisme amb total confort. \u00c9s perfecte tant pel ciclisme de muntanya com pel ciclisme de carretera.\" \/>\n<meta name=\"robots\" content=\"index, follow, max-snippet:-1, max-image-preview:large, max-video-preview:-1\" \/>\n<link rel=\"canonical\" href=\"https:\/\/www.inverseteams.com\/ca\/producte\/culot-ciclista-arlet-black-dona\/\" \/>\n<meta property=\"og:locale\" content=\"ca_ES\" \/>\n<meta property=\"og:type\" content=\"article\" \/>\n<meta property=\"og:title\" content=\"Culot ciclista ARLET BLACK (DONA)\" \/>\n<meta property=\"og:description\" content=\"El nou culotte destaca per tenir menys costures que un culotte convencional, cosa que el fa molt c\u00f2mode durant el pedaleig. S&#039;ha eliminat la costura de la zona abductora per minimitzar la fricci\u00f3 i fregament. La costura plana lateral \u00e9s s\u00faper resistent i, a m\u00e9s, aporta un disseny molt atractiu i minimalista. S&#039;ha desenvolupat el sistema Flexygo 2.0 que permet pujar i baixar el culotte sense treure&#039;s el mallot ni els tirants i poder anar al lavabo amb total comoditat. Aix\u00f2 s&#039;aconsegueix gr\u00e0cies a la combinaci\u00f3 dels tirants creuats i el teixit s\u00faper el\u00e0stic de la zona lumbar. Els 2 tirants plans de polipropil\u00e8 distribueixen el pes de forma equilibrada perqu\u00e8 puguis gaudir de llargues sessions de ciclisme sense mol\u00e8sties. El culotte ARLET est\u00e0 confeccionat amb LYCRA REVOLUTION amb acabat mate. Es caracteritza per la seva resist\u00e8ncia, elasticitat i lleugeresa. Et permetr\u00e0 una gran llibertat de moviments sense sentir cap resist\u00e8ncia. Les cames acabades amb un tall l\u00e0ser tenen un grip de silicona hipoal\u00b7lerg\u00e8nica al seu interior per mantenir el culotte ciclista ben subjecte i per evitar moviments inc\u00f2modes. A la zona posterior t\u00e9 unes l\u00ednies reflectores que augmentaran la teva seguretat ja que reflectiran la llum dels vehicles. Incorpora la badana Mustang d&#039;Elastic Interface. Dissenyada amb el concepte Zero Fricci\u00f3, t\u00e9 transicions suaus entre els nivells. Combina l\u00b4escuma Pro Evo, d\u00b4alta densitat i amb gran capacitat de recuperaci\u00f3 i el teixit reciclat Re-Cycle. El culotte ARLET est\u00e0 dissenyat perqu\u00e8 gaudeixis de moltes hores de ciclisme amb total confort. \u00c9s perfecte tant pel ciclisme de muntanya com pel ciclisme de carretera.\" \/>\n<meta property=\"og:url\" content=\"https:\/\/www.inverseteams.com\/ca\/producte\/culot-ciclista-arlet-black-dona\/\" \/>\n<meta property=\"og:site_name\" content=\"Inverseteams\" \/>\n<meta property=\"article:publisher\" content=\"https:\/\/www.facebook.com\/inverseteams\" \/>\n<meta property=\"article:modified_time\" content=\"2025-10-02T00:02:16+00:00\" \/>\n<meta property=\"og:image\" content=\"https:\/\/www.inverseteams.com\/wp-content\/uploads\/CULOTTE-CICLISMO-MUJER-ARLET-BLACK-1.jpg\" \/>\n\t<meta property=\"og:image:width\" content=\"1500\" \/>\n\t<meta property=\"og:image:height\" content=\"1612\" \/>\n\t<meta property=\"og:image:type\" content=\"image\/jpeg\" \/>\n<meta name=\"twitter:card\" content=\"summary_large_image\" \/>\n<meta name=\"twitter:label1\" content=\"Temps estimat de lectura\" \/>\n\t<meta name=\"twitter:data1\" content=\"2 minut\" \/>\n<script type=\"application\/ld+json\" class=\"yoast-schema-graph\">{\"@context\":\"https:\\\/\\\/schema.org\",\"@graph\":[{\"@type\":\"WebPage\",\"@id\":\"https:\\\/\\\/www.inverseteams.com\\\/ca\\\/producte\\\/culot-ciclista-arlet-black-dona\\\/\",\"url\":\"https:\\\/\\\/www.inverseteams.com\\\/ca\\\/producte\\\/culot-ciclista-arlet-black-dona\\\/\",\"name\":\"Culot ciclista ARLET BLACK (DONA)\",\"isPartOf\":{\"@id\":\"https:\\\/\\\/www.inverseteams.com\\\/ca\\\/#website\"},\"primaryImageOfPage\":{\"@id\":\"https:\\\/\\\/www.inverseteams.com\\\/ca\\\/producte\\\/culot-ciclista-arlet-black-dona\\\/#primaryimage\"},\"image\":{\"@id\":\"https:\\\/\\\/www.inverseteams.com\\\/ca\\\/producte\\\/culot-ciclista-arlet-black-dona\\\/#primaryimage\"},\"thumbnailUrl\":\"https:\\\/\\\/www.inverseteams.com\\\/wp-content\\\/uploads\\\/CULOTTE-CICLISMO-MUJER-ARLET-BLACK-1.jpg\",\"datePublished\":\"2025-01-27T16:52:25+00:00\",\"dateModified\":\"2025-10-02T00:02:16+00:00\",\"description\":\"El nou culotte destaca per tenir menys costures que un culotte convencional, cosa que el fa molt c\u00f2mode durant el pedaleig. S'ha eliminat la costura de la zona abductora per minimitzar la fricci\u00f3 i fregament. La costura plana lateral \u00e9s s\u00faper resistent i, a m\u00e9s, aporta un disseny molt atractiu i minimalista. S'ha desenvolupat el sistema Flexygo 2.0 que permet pujar i baixar el culotte sense treure's el mallot ni els tirants i poder anar al lavabo amb total comoditat. Aix\u00f2 s'aconsegueix gr\u00e0cies a la combinaci\u00f3 dels tirants creuats i el teixit s\u00faper el\u00e0stic de la zona lumbar. Els 2 tirants plans de polipropil\u00e8 distribueixen el pes de forma equilibrada perqu\u00e8 puguis gaudir de llargues sessions de ciclisme sense mol\u00e8sties. El culotte ARLET est\u00e0 confeccionat amb LYCRA REVOLUTION amb acabat mate. Es caracteritza per la seva resist\u00e8ncia, elasticitat i lleugeresa. Et permetr\u00e0 una gran llibertat de moviments sense sentir cap resist\u00e8ncia. Les cames acabades amb un tall l\u00e0ser tenen un grip de silicona hipoal\u00b7lerg\u00e8nica al seu interior per mantenir el culotte ciclista ben subjecte i per evitar moviments inc\u00f2modes. A la zona posterior t\u00e9 unes l\u00ednies reflectores que augmentaran la teva seguretat ja que reflectiran la llum dels vehicles. Incorpora la badana Mustang d'Elastic Interface. Dissenyada amb el concepte Zero Fricci\u00f3, t\u00e9 transicions suaus entre els nivells. Combina l\u00b4escuma Pro Evo, d\u00b4alta densitat i amb gran capacitat de recuperaci\u00f3 i el teixit reciclat Re-Cycle. El culotte ARLET est\u00e0 dissenyat perqu\u00e8 gaudeixis de moltes hores de ciclisme amb total confort. \u00c9s perfecte tant pel ciclisme de muntanya com pel ciclisme de carretera.\",\"breadcrumb\":{\"@id\":\"https:\\\/\\\/www.inverseteams.com\\\/ca\\\/producte\\\/culot-ciclista-arlet-black-dona\\\/#breadcrumb\"},\"inLanguage\":\"ca\",\"potentialAction\":[{\"@type\":\"ReadAction\",\"target\":[\"https:\\\/\\\/www.inverseteams.com\\\/ca\\\/producte\\\/culot-ciclista-arlet-black-dona\\\/\"]}]},{\"@type\":\"ImageObject\",\"inLanguage\":\"ca\",\"@id\":\"https:\\\/\\\/www.inverseteams.com\\\/ca\\\/producte\\\/culot-ciclista-arlet-black-dona\\\/#primaryimage\",\"url\":\"https:\\\/\\\/www.inverseteams.com\\\/wp-content\\\/uploads\\\/CULOTTE-CICLISMO-MUJER-ARLET-BLACK-1.jpg\",\"contentUrl\":\"https:\\\/\\\/www.inverseteams.com\\\/wp-content\\\/uploads\\\/CULOTTE-CICLISMO-MUJER-ARLET-BLACK-1.jpg\",\"width\":1500,\"height\":1612},{\"@type\":\"BreadcrumbList\",\"@id\":\"https:\\\/\\\/www.inverseteams.com\\\/ca\\\/producte\\\/culot-ciclista-arlet-black-dona\\\/#breadcrumb\",\"itemListElement\":[{\"@type\":\"ListItem\",\"position\":1,\"name\":\"Portada\",\"item\":\"https:\\\/\\\/www.inverseteams.com\\\/ca\\\/pagina-principal\\\/\"},{\"@type\":\"ListItem\",\"position\":2,\"name\":\"Botiga\",\"item\":\"https:\\\/\\\/www.inverseteams.com\\\/ca\\\/botiga\\\/\"},{\"@type\":\"ListItem\",\"position\":3,\"name\":\"Culot ciclista ARLET BLACK (DONA)\"}]},{\"@type\":\"WebSite\",\"@id\":\"https:\\\/\\\/www.inverseteams.com\\\/ca\\\/#website\",\"url\":\"https:\\\/\\\/www.inverseteams.com\\\/ca\\\/\",\"name\":\"Inverseteams\",\"description\":\"Tu marca de ropa deportiva personalizada\",\"publisher\":{\"@id\":\"https:\\\/\\\/www.inverseteams.com\\\/ca\\\/#organization\"},\"potentialAction\":[{\"@type\":\"SearchAction\",\"target\":{\"@type\":\"EntryPoint\",\"urlTemplate\":\"https:\\\/\\\/www.inverseteams.com\\\/ca\\\/?s={search_term_string}\"},\"query-input\":{\"@type\":\"PropertyValueSpecification\",\"valueRequired\":true,\"valueName\":\"search_term_string\"}}],\"inLanguage\":\"ca\"},{\"@type\":\"Organization\",\"@id\":\"https:\\\/\\\/www.inverseteams.com\\\/ca\\\/#organization\",\"name\":\"Inverse Teams\",\"url\":\"https:\\\/\\\/www.inverseteams.com\\\/ca\\\/\",\"logo\":{\"@type\":\"ImageObject\",\"inLanguage\":\"ca\",\"@id\":\"https:\\\/\\\/www.inverseteams.com\\\/ca\\\/#\\\/schema\\\/logo\\\/image\\\/\",\"url\":\"http:\\\/\\\/www.inverseteams.com\\\/wp-content\\\/uploads\\\/2021\\\/03\\\/logo-inverse-teams.png\",\"contentUrl\":\"http:\\\/\\\/www.inverseteams.com\\\/wp-content\\\/uploads\\\/2021\\\/03\\\/logo-inverse-teams.png\",\"width\":294,\"height\":99,\"caption\":\"Inverse Teams\"},\"image\":{\"@id\":\"https:\\\/\\\/www.inverseteams.com\\\/ca\\\/#\\\/schema\\\/logo\\\/image\\\/\"},\"sameAs\":[\"https:\\\/\\\/www.facebook.com\\\/inverseteams\",\"http:\\\/\\\/instagram.com\\\/inverseteams\",\"https:\\\/\\\/www.linkedin.com\\\/company\\\/inverse-cirosport-s-l-?trk=job_view_topcard_company_name\",\"http:\\\/\\\/www.pinterest.com\\\/inverseteams\\\/\",\"http:\\\/\\\/www.youtube.com\\\/user\\\/inverseteams?feature=watch\"]}]}<\/script>\n<!-- \/ Yoast SEO plugin. -->","yoast_head_json":{"title":"Culot ciclista ARLET BLACK (DONA)","description":"El nou culotte destaca per tenir menys costures que un culotte convencional, cosa que el fa molt c\u00f2mode durant el pedaleig. S'ha eliminat la costura de la zona abductora per minimitzar la fricci\u00f3 i fregament. La costura plana lateral \u00e9s s\u00faper resistent i, a m\u00e9s, aporta un disseny molt atractiu i minimalista. S'ha desenvolupat el sistema Flexygo 2.0 que permet pujar i baixar el culotte sense treure's el mallot ni els tirants i poder anar al lavabo amb total comoditat. Aix\u00f2 s'aconsegueix gr\u00e0cies a la combinaci\u00f3 dels tirants creuats i el teixit s\u00faper el\u00e0stic de la zona lumbar. Els 2 tirants plans de polipropil\u00e8 distribueixen el pes de forma equilibrada perqu\u00e8 puguis gaudir de llargues sessions de ciclisme sense mol\u00e8sties. El culotte ARLET est\u00e0 confeccionat amb LYCRA REVOLUTION amb acabat mate. Es caracteritza per la seva resist\u00e8ncia, elasticitat i lleugeresa. Et permetr\u00e0 una gran llibertat de moviments sense sentir cap resist\u00e8ncia. Les cames acabades amb un tall l\u00e0ser tenen un grip de silicona hipoal\u00b7lerg\u00e8nica al seu interior per mantenir el culotte ciclista ben subjecte i per evitar moviments inc\u00f2modes. A la zona posterior t\u00e9 unes l\u00ednies reflectores que augmentaran la teva seguretat ja que reflectiran la llum dels vehicles. Incorpora la badana Mustang d'Elastic Interface. Dissenyada amb el concepte Zero Fricci\u00f3, t\u00e9 transicions suaus entre els nivells. Combina l\u00b4escuma Pro Evo, d\u00b4alta densitat i amb gran capacitat de recuperaci\u00f3 i el teixit reciclat Re-Cycle. El culotte ARLET est\u00e0 dissenyat perqu\u00e8 gaudeixis de moltes hores de ciclisme amb total confort. \u00c9s perfecte tant pel ciclisme de muntanya com pel ciclisme de carretera.","robots":{"index":"index","follow":"follow","max-snippet":"max-snippet:-1","max-image-preview":"max-image-preview:large","max-video-preview":"max-video-preview:-1"},"canonical":"https:\/\/www.inverseteams.com\/ca\/producte\/culot-ciclista-arlet-black-dona\/","og_locale":"ca_ES","og_type":"article","og_title":"Culot ciclista ARLET BLACK (DONA)","og_description":"El nou culotte destaca per tenir menys costures que un culotte convencional, cosa que el fa molt c\u00f2mode durant el pedaleig. S'ha eliminat la costura de la zona abductora per minimitzar la fricci\u00f3 i fregament. La costura plana lateral \u00e9s s\u00faper resistent i, a m\u00e9s, aporta un disseny molt atractiu i minimalista. S'ha desenvolupat el sistema Flexygo 2.0 que permet pujar i baixar el culotte sense treure's el mallot ni els tirants i poder anar al lavabo amb total comoditat. Aix\u00f2 s'aconsegueix gr\u00e0cies a la combinaci\u00f3 dels tirants creuats i el teixit s\u00faper el\u00e0stic de la zona lumbar. Els 2 tirants plans de polipropil\u00e8 distribueixen el pes de forma equilibrada perqu\u00e8 puguis gaudir de llargues sessions de ciclisme sense mol\u00e8sties. El culotte ARLET est\u00e0 confeccionat amb LYCRA REVOLUTION amb acabat mate. Es caracteritza per la seva resist\u00e8ncia, elasticitat i lleugeresa. Et permetr\u00e0 una gran llibertat de moviments sense sentir cap resist\u00e8ncia. Les cames acabades amb un tall l\u00e0ser tenen un grip de silicona hipoal\u00b7lerg\u00e8nica al seu interior per mantenir el culotte ciclista ben subjecte i per evitar moviments inc\u00f2modes. A la zona posterior t\u00e9 unes l\u00ednies reflectores que augmentaran la teva seguretat ja que reflectiran la llum dels vehicles. Incorpora la badana Mustang d'Elastic Interface. Dissenyada amb el concepte Zero Fricci\u00f3, t\u00e9 transicions suaus entre els nivells. Combina l\u00b4escuma Pro Evo, d\u00b4alta densitat i amb gran capacitat de recuperaci\u00f3 i el teixit reciclat Re-Cycle. El culotte ARLET est\u00e0 dissenyat perqu\u00e8 gaudeixis de moltes hores de ciclisme amb total confort. \u00c9s perfecte tant pel ciclisme de muntanya com pel ciclisme de carretera.","og_url":"https:\/\/www.inverseteams.com\/ca\/producte\/culot-ciclista-arlet-black-dona\/","og_site_name":"Inverseteams","article_publisher":"https:\/\/www.facebook.com\/inverseteams","article_modified_time":"2025-10-02T00:02:16+00:00","og_image":[{"width":1500,"height":1612,"url":"https:\/\/www.inverseteams.com\/wp-content\/uploads\/CULOTTE-CICLISMO-MUJER-ARLET-BLACK-1.jpg","type":"image\/jpeg"}],"twitter_card":"summary_large_image","twitter_misc":{"Temps estimat de lectura":"2 minut"},"schema":{"@context":"https:\/\/schema.org","@graph":[{"@type":"WebPage","@id":"https:\/\/www.inverseteams.com\/ca\/producte\/culot-ciclista-arlet-black-dona\/","url":"https:\/\/www.inverseteams.com\/ca\/producte\/culot-ciclista-arlet-black-dona\/","name":"Culot ciclista ARLET BLACK (DONA)","isPartOf":{"@id":"https:\/\/www.inverseteams.com\/ca\/#website"},"primaryImageOfPage":{"@id":"https:\/\/www.inverseteams.com\/ca\/producte\/culot-ciclista-arlet-black-dona\/#primaryimage"},"image":{"@id":"https:\/\/www.inverseteams.com\/ca\/producte\/culot-ciclista-arlet-black-dona\/#primaryimage"},"thumbnailUrl":"https:\/\/www.inverseteams.com\/wp-content\/uploads\/CULOTTE-CICLISMO-MUJER-ARLET-BLACK-1.jpg","datePublished":"2025-01-27T16:52:25+00:00","dateModified":"2025-10-02T00:02:16+00:00","description":"El nou culotte destaca per tenir menys costures que un culotte convencional, cosa que el fa molt c\u00f2mode durant el pedaleig. S'ha eliminat la costura de la zona abductora per minimitzar la fricci\u00f3 i fregament. La costura plana lateral \u00e9s s\u00faper resistent i, a m\u00e9s, aporta un disseny molt atractiu i minimalista. S'ha desenvolupat el sistema Flexygo 2.0 que permet pujar i baixar el culotte sense treure's el mallot ni els tirants i poder anar al lavabo amb total comoditat. Aix\u00f2 s'aconsegueix gr\u00e0cies a la combinaci\u00f3 dels tirants creuats i el teixit s\u00faper el\u00e0stic de la zona lumbar. Els 2 tirants plans de polipropil\u00e8 distribueixen el pes de forma equilibrada perqu\u00e8 puguis gaudir de llargues sessions de ciclisme sense mol\u00e8sties. El culotte ARLET est\u00e0 confeccionat amb LYCRA REVOLUTION amb acabat mate. Es caracteritza per la seva resist\u00e8ncia, elasticitat i lleugeresa. Et permetr\u00e0 una gran llibertat de moviments sense sentir cap resist\u00e8ncia. Les cames acabades amb un tall l\u00e0ser tenen un grip de silicona hipoal\u00b7lerg\u00e8nica al seu interior per mantenir el culotte ciclista ben subjecte i per evitar moviments inc\u00f2modes. A la zona posterior t\u00e9 unes l\u00ednies reflectores que augmentaran la teva seguretat ja que reflectiran la llum dels vehicles. Incorpora la badana Mustang d'Elastic Interface. Dissenyada amb el concepte Zero Fricci\u00f3, t\u00e9 transicions suaus entre els nivells. Combina l\u00b4escuma Pro Evo, d\u00b4alta densitat i amb gran capacitat de recuperaci\u00f3 i el teixit reciclat Re-Cycle. El culotte ARLET est\u00e0 dissenyat perqu\u00e8 gaudeixis de moltes hores de ciclisme amb total confort. \u00c9s perfecte tant pel ciclisme de muntanya com pel ciclisme de carretera.","breadcrumb":{"@id":"https:\/\/www.inverseteams.com\/ca\/producte\/culot-ciclista-arlet-black-dona\/#breadcrumb"},"inLanguage":"ca","potentialAction":[{"@type":"ReadAction","target":["https:\/\/www.inverseteams.com\/ca\/producte\/culot-ciclista-arlet-black-dona\/"]}]},{"@type":"ImageObject","inLanguage":"ca","@id":"https:\/\/www.inverseteams.com\/ca\/producte\/culot-ciclista-arlet-black-dona\/#primaryimage","url":"https:\/\/www.inverseteams.com\/wp-content\/uploads\/CULOTTE-CICLISMO-MUJER-ARLET-BLACK-1.jpg","contentUrl":"https:\/\/www.inverseteams.com\/wp-content\/uploads\/CULOTTE-CICLISMO-MUJER-ARLET-BLACK-1.jpg","width":1500,"height":1612},{"@type":"BreadcrumbList","@id":"https:\/\/www.inverseteams.com\/ca\/producte\/culot-ciclista-arlet-black-dona\/#breadcrumb","itemListElement":[{"@type":"ListItem","position":1,"name":"Portada","item":"https:\/\/www.inverseteams.com\/ca\/pagina-principal\/"},{"@type":"ListItem","position":2,"name":"Botiga","item":"https:\/\/www.inverseteams.com\/ca\/botiga\/"},{"@type":"ListItem","position":3,"name":"Culot ciclista ARLET BLACK (DONA)"}]},{"@type":"WebSite","@id":"https:\/\/www.inverseteams.com\/ca\/#website","url":"https:\/\/www.inverseteams.com\/ca\/","name":"Inverseteams","description":"Tu marca de ropa deportiva personalizada","publisher":{"@id":"https:\/\/www.inverseteams.com\/ca\/#organization"},"potentialAction":[{"@type":"SearchAction","target":{"@type":"EntryPoint","urlTemplate":"https:\/\/www.inverseteams.com\/ca\/?s={search_term_string}"},"query-input":{"@type":"PropertyValueSpecification","valueRequired":true,"valueName":"search_term_string"}}],"inLanguage":"ca"},{"@type":"Organization","@id":"https:\/\/www.inverseteams.com\/ca\/#organization","name":"Inverse Teams","url":"https:\/\/www.inverseteams.com\/ca\/","logo":{"@type":"ImageObject","inLanguage":"ca","@id":"https:\/\/www.inverseteams.com\/ca\/#\/schema\/logo\/image\/","url":"https:\/\/www.inverseteams.com\/wp-content\/uploads\/2021\/03\/logo-inverse-teams.png","contentUrl":"https:\/\/www.inverseteams.com\/wp-content\/uploads\/2021\/03\/logo-inverse-teams.png","width":294,"height":99,"caption":"Inverse Teams"},"image":{"@id":"https:\/\/www.inverseteams.com\/ca\/#\/schema\/logo\/image\/"},"sameAs":["https:\/\/www.facebook.com\/inverseteams","http:\/\/instagram.com\/inverseteams","https:\/\/www.linkedin.com\/company\/inverse-cirosport-s-l-?trk=job_view_topcard_company_name","http:\/\/www.pinterest.com\/inverseteams\/","http:\/\/www.youtube.com\/user\/inverseteams?feature=watch"]}]}},"_links":{"self":[{"href":"https:\/\/www.inverseteams.com\/ca\/wp-json\/wp\/v2\/product\/238167","targetHints":{"allow":["GET"]}}],"collection":[{"href":"https:\/\/www.inverseteams.com\/ca\/wp-json\/wp\/v2\/product"}],"about":[{"href":"https:\/\/www.inverseteams.com\/ca\/wp-json\/wp\/v2\/types\/product"}],"replies":[{"embeddable":true,"href":"https:\/\/www.inverseteams.com\/ca\/wp-json\/wp\/v2\/comments?post=238167"}],"wp:featuredmedia":[{"embeddable":true,"href":"https:\/\/www.inverseteams.com\/ca\/wp-json\/wp\/v2\/media\/237308"}],"wp:attachment":[{"href":"https:\/\/www.inverseteams.com\/ca\/wp-json\/wp\/v2\/media?parent=238167"}],"wp:term":[{"taxonomy":"product_brand","embeddable":true,"href":"https:\/\/www.inverseteams.com\/ca\/wp-json\/wp\/v2\/product_brand?post=238167"},{"taxonomy":"product_cat","embeddable":true,"href":"https:\/\/www.inverseteams.com\/ca\/wp-json\/wp\/v2\/product_cat?post=238167"},{"taxonomy":"product_tag","embeddable":true,"href":"https:\/\/www.inverseteams.com\/ca\/wp-json\/wp\/v2\/product_tag?post=238167"},{"taxonomy":"custom_category","embeddable":true,"href":"https:\/\/www.inverseteams.com\/ca\/wp-json\/wp\/v2\/custom_category?post=238167"},{"taxonomy":"range","embeddable":true,"href":"https:\/\/www.inverseteams.com\/ca\/wp-json\/wp\/v2\/range?post=238167"}],"curies":[{"name":"wp","href":"https:\/\/api.w.org\/{rel}","templated":true}]}}