{"id":238155,"date":"2025-01-27T16:20:21","date_gmt":"2025-01-27T16:20:21","guid":{"rendered":"https:\/\/www.inverseteams.com\/?post_type=product&#038;p=238155"},"modified":"2025-04-24T09:57:18","modified_gmt":"2025-04-24T09:57:18","slug":"mallot-ciclista-maniga-curta-pure-yuraq-home","status":"publish","type":"product","link":"https:\/\/www.inverseteams.com\/ca\/producte\/mallot-ciclista-maniga-curta-pure-yuraq-home\/","title":{"rendered":"Mallot ciclista m\u00e0niga curta PURE YURAQ (HOME)"},"content":{"rendered":"<p>El mallot de ciclisme perfecte per l&#8217;estiu. Les aixelles i la zona central de l&#8217;esquena estan confeccionades amb el teixit CYCLON de reixeta. Aix\u00ed expulsar\u00e0s r\u00e0pidament la suor i la teva pell estar\u00e0 fresca i seca. La resta de l&#8217;esquena est\u00e0 fabricada amb el teixit LITTLESQUARE, que tamb\u00e9 \u00e9s molt transpirable, per\u00f2 la seva estructura no \u00e9s tan oberta per protegir-te dels raigs del sol.<br \/>\nLes m\u00e0nigues estan confeccionades amb el teixit BEEPANEL, est\u00e8ticament molt elegant i que ofereix una elasticitat incre\u00efble que permet que la m\u00e0niga s&#8217;ajusti molt b\u00e9 al bra\u00e7.<br \/>\nEls 4 teixits que composen el mallot ciclista destaquen per la seva lleugesa i elasticitat. S&#8217;adapten molt b\u00e9 al cos i a totes les posicions i moviments. El seu tacte suau i agradable t&#8217;encantaran. Sentir\u00e0s el mallot com si fos una segona pell. Els acabats termosellats del mallot no nom\u00e9s optimitzen el seu disseny minimalista, sino que tamb\u00e9 milloren la durabilitat i comfort general.<br \/>\nEl seu coll ergon\u00f2mic s&#8217;adapta perfectament i evita l&#8217;entrada d&#8217;aire. T\u00e9 una cremallera integral amb el sistema antipull. A la cintura, perqu\u00e8 el mallot estigui ben arrapat al cos, t\u00e9 una banda el\u00e0stica amb un grip de silicona a l&#8217;interior.<br \/>\nA la zona lumbar incorpora 3 butxaques obertes. Tamb\u00e9 disposa d&#8217;una butxaca lateral amb cremallera. Aquesta \u00e9s impermeable perqu\u00e8 la suor no faci malb\u00e9 el que hi guardis.<br \/>\nPer augmentar la teva seguretat a la carretera t\u00e9 uns elements reflectants sobre les butxaques.<\/p>\n","protected":false},"excerpt":{"rendered":"<p>El mallot de ciclisme perfecte per l&#8217;estiu. Les aixelles i la zona central de l&#8217;esquena estan confeccionades amb el teixit CYCLON de reixeta. Aix\u00ed expulsar\u00e0s r\u00e0pidament la suor i la teva pell estar\u00e0 fresca i seca. La resta de l&#8217;esquena est\u00e0 fabricada amb el teixit LITTLESQUARE, que tamb\u00e9 \u00e9s molt transpirable, per\u00f2 la seva estructura no \u00e9s tan oberta per protegir-te dels raigs del sol.<br \/>\nLes m\u00e0nigues estan confeccionades amb el teixit BEEPANEL, est\u00e8ticament molt elegant i que ofereix una elasticitat incre\u00efble que permet que la m\u00e0niga s&#8217;ajusti molt b\u00e9 al bra\u00e7.<br \/>\nEls 4 teixits que composen el mallot ciclista destaquen per la seva lleugesa i elasticitat. S&#8217;adapten molt b\u00e9 al cos i a totes les posicions i moviments. El seu tacte suau i agradable t&#8217;encantaran. Sentir\u00e0s el mallot com si fos una segona pell. Els acabats termosellats del mallot no nom\u00e9s optimitzen el seu disseny minimalista, sino que tamb\u00e9 milloren la durabilitat i comfort general.<br \/>\nEl seu coll ergon\u00f2mic s&#8217;adapta perfectament i evita l&#8217;entrada d&#8217;aire. T\u00e9 una cremallera integral amb el sistema antipull. A la cintura, perqu\u00e8 el mallot estigui ben arrapat al cos, t\u00e9 una banda el\u00e0stica amb un grip de silicona a l&#8217;interior.<br \/>\nA la zona lumbar incorpora 3 butxaques obertes. Tamb\u00e9 disposa d&#8217;una butxaca lateral amb cremallera. Aquesta \u00e9s impermeable perqu\u00e8 la suor no faci malb\u00e9 el que hi guardis.<br \/>\nPer augmentar la teva seguretat a la carretera t\u00e9 uns elements reflectants sobre les butxaques.<\/p>\n","protected":false},"featured_media":237151,"comment_status":"closed","ping_status":"closed","template":"","meta":{"_acf_changed":false},"product_brand":[],"product_cat":[4120,4110,7175],"product_tag":[],"custom_category":[],"range":[],"class_list":{"0":"post-238155","1":"product","2":"type-product","3":"status-publish","4":"has-post-thumbnail","6":"product_cat-mallot-ciclista","7":"product_cat-ciclisme","8":"product_cat-b2b-ca","9":"pa_climatologia-calor-ca","10":"pa_deporte-ciclisme","11":"pa_genero-home","12":"pa_patronaje-fit-ca","13":"pa_talla-l-ca","14":"pa_talla-m-ca","15":"pa_talla-s-ca","16":"pa_talla-xl-ca","17":"pa_talla-xxl-ca","18":"pa_tipo-de-prenda-mallot-maniga-curta","20":"first","21":"outofstock","22":"taxable","23":"shipping-taxable","24":"purchasable","25":"product-type-variable","26":"has-default-attributes"},"acf":[],"yoast_head":"<!-- This site is optimized with the Yoast SEO plugin v27.3 - https:\/\/yoast.com\/product\/yoast-seo-wordpress\/ -->\n<title>Mallot ciclista m\u00e0niga curta PURE YURAQ (HOME)<\/title>\n<meta name=\"description\" content=\"El mallot de ciclisme perfecte per l&#039;estiu. Les aixelles i la zona central de l&#039;esquena estan confeccionades amb el teixit CYCLON de reixeta. Aix\u00ed expulsar\u00e0s r\u00e0pidament la suor i la teva pell estar\u00e0 fresca i seca. La resta de l&#039;esquena est\u00e0 fabricada amb el teixit LITTLESQUARE, que tamb\u00e9 \u00e9s molt transpirable, per\u00f2 la seva estructura no \u00e9s tan oberta per protegir-te dels raigs del sol. Les m\u00e0nigues estan confeccionades amb el teixit BEEPANEL, est\u00e8ticament molt elegant i que ofereix una elasticitat incre\u00efble que permet que la m\u00e0niga s&#039;ajusti molt b\u00e9 al bra\u00e7. Els 4 teixits que composen el mallot ciclista destaquen per la seva lleugesa i elasticitat. S&#039;adapten molt b\u00e9 al cos i a totes les posicions i moviments. El seu tacte suau i agradable t&#039;encantaran. Sentir\u00e0s el mallot com si fos una segona pell. Els acabats termosellats del mallot no nom\u00e9s optimitzen el seu disseny minimalista, sino que tamb\u00e9 milloren la durabilitat i comfort general. El seu coll ergon\u00f2mic s&#039;adapta perfectament i evita l&#039;entrada d&#039;aire. T\u00e9 una cremallera integral amb el sistema antipull. A la cintura, perqu\u00e8 el mallot estigui ben arrapat al cos, t\u00e9 una banda el\u00e0stica amb un grip de silicona a l&#039;interior. A la zona lumbar incorpora 3 butxaques obertes. Tamb\u00e9 disposa d&#039;una butxaca lateral amb cremallera. Aquesta \u00e9s impermeable perqu\u00e8 la suor no faci malb\u00e9 el que hi guardis. Per augmentar la teva seguretat a la carretera t\u00e9 uns elements reflectants sobre les butxaques.\" \/>\n<meta name=\"robots\" content=\"index, follow, max-snippet:-1, max-image-preview:large, max-video-preview:-1\" \/>\n<link rel=\"canonical\" href=\"https:\/\/www.inverseteams.com\/ca\/producte\/mallot-ciclista-maniga-curta-pure-yuraq-home\/\" \/>\n<meta property=\"og:locale\" content=\"ca_ES\" \/>\n<meta property=\"og:type\" content=\"article\" \/>\n<meta property=\"og:title\" content=\"Mallot ciclista m\u00e0niga curta PURE YURAQ (HOME)\" \/>\n<meta property=\"og:description\" content=\"El mallot de ciclisme perfecte per l&#039;estiu. Les aixelles i la zona central de l&#039;esquena estan confeccionades amb el teixit CYCLON de reixeta. Aix\u00ed expulsar\u00e0s r\u00e0pidament la suor i la teva pell estar\u00e0 fresca i seca. La resta de l&#039;esquena est\u00e0 fabricada amb el teixit LITTLESQUARE, que tamb\u00e9 \u00e9s molt transpirable, per\u00f2 la seva estructura no \u00e9s tan oberta per protegir-te dels raigs del sol. Les m\u00e0nigues estan confeccionades amb el teixit BEEPANEL, est\u00e8ticament molt elegant i que ofereix una elasticitat incre\u00efble que permet que la m\u00e0niga s&#039;ajusti molt b\u00e9 al bra\u00e7. Els 4 teixits que composen el mallot ciclista destaquen per la seva lleugesa i elasticitat. S&#039;adapten molt b\u00e9 al cos i a totes les posicions i moviments. El seu tacte suau i agradable t&#039;encantaran. Sentir\u00e0s el mallot com si fos una segona pell. Els acabats termosellats del mallot no nom\u00e9s optimitzen el seu disseny minimalista, sino que tamb\u00e9 milloren la durabilitat i comfort general. El seu coll ergon\u00f2mic s&#039;adapta perfectament i evita l&#039;entrada d&#039;aire. T\u00e9 una cremallera integral amb el sistema antipull. A la cintura, perqu\u00e8 el mallot estigui ben arrapat al cos, t\u00e9 una banda el\u00e0stica amb un grip de silicona a l&#039;interior. A la zona lumbar incorpora 3 butxaques obertes. Tamb\u00e9 disposa d&#039;una butxaca lateral amb cremallera. Aquesta \u00e9s impermeable perqu\u00e8 la suor no faci malb\u00e9 el que hi guardis. Per augmentar la teva seguretat a la carretera t\u00e9 uns elements reflectants sobre les butxaques.\" \/>\n<meta property=\"og:url\" content=\"https:\/\/www.inverseteams.com\/ca\/producte\/mallot-ciclista-maniga-curta-pure-yuraq-home\/\" \/>\n<meta property=\"og:site_name\" content=\"Inverseteams\" \/>\n<meta property=\"article:publisher\" content=\"https:\/\/www.facebook.com\/inverseteams\" \/>\n<meta property=\"article:modified_time\" content=\"2025-04-24T09:57:18+00:00\" \/>\n<meta property=\"og:image\" content=\"https:\/\/www.inverseteams.com\/wp-content\/uploads\/MAILLOT-CICLISMO-PURE-YURAQ-1.jpg\" \/>\n\t<meta property=\"og:image:width\" content=\"1500\" \/>\n\t<meta property=\"og:image:height\" content=\"1612\" \/>\n\t<meta property=\"og:image:type\" content=\"image\/jpeg\" \/>\n<meta name=\"twitter:card\" content=\"summary_large_image\" \/>\n<meta name=\"twitter:label1\" content=\"Temps estimat de lectura\" \/>\n\t<meta name=\"twitter:data1\" content=\"2 minut\" \/>\n<script type=\"application\/ld+json\" class=\"yoast-schema-graph\">{\"@context\":\"https:\\\/\\\/schema.org\",\"@graph\":[{\"@type\":\"WebPage\",\"@id\":\"https:\\\/\\\/www.inverseteams.com\\\/ca\\\/producte\\\/mallot-ciclista-maniga-curta-pure-yuraq-home\\\/\",\"url\":\"https:\\\/\\\/www.inverseteams.com\\\/ca\\\/producte\\\/mallot-ciclista-maniga-curta-pure-yuraq-home\\\/\",\"name\":\"Mallot ciclista m\u00e0niga curta PURE YURAQ (HOME)\",\"isPartOf\":{\"@id\":\"https:\\\/\\\/www.inverseteams.com\\\/ca\\\/#website\"},\"primaryImageOfPage\":{\"@id\":\"https:\\\/\\\/www.inverseteams.com\\\/ca\\\/producte\\\/mallot-ciclista-maniga-curta-pure-yuraq-home\\\/#primaryimage\"},\"image\":{\"@id\":\"https:\\\/\\\/www.inverseteams.com\\\/ca\\\/producte\\\/mallot-ciclista-maniga-curta-pure-yuraq-home\\\/#primaryimage\"},\"thumbnailUrl\":\"https:\\\/\\\/www.inverseteams.com\\\/wp-content\\\/uploads\\\/MAILLOT-CICLISMO-PURE-YURAQ-1.jpg\",\"datePublished\":\"2025-01-27T16:20:21+00:00\",\"dateModified\":\"2025-04-24T09:57:18+00:00\",\"description\":\"El mallot de ciclisme perfecte per l'estiu. Les aixelles i la zona central de l'esquena estan confeccionades amb el teixit CYCLON de reixeta. Aix\u00ed expulsar\u00e0s r\u00e0pidament la suor i la teva pell estar\u00e0 fresca i seca. La resta de l'esquena est\u00e0 fabricada amb el teixit LITTLESQUARE, que tamb\u00e9 \u00e9s molt transpirable, per\u00f2 la seva estructura no \u00e9s tan oberta per protegir-te dels raigs del sol. Les m\u00e0nigues estan confeccionades amb el teixit BEEPANEL, est\u00e8ticament molt elegant i que ofereix una elasticitat incre\u00efble que permet que la m\u00e0niga s'ajusti molt b\u00e9 al bra\u00e7. Els 4 teixits que composen el mallot ciclista destaquen per la seva lleugesa i elasticitat. S'adapten molt b\u00e9 al cos i a totes les posicions i moviments. El seu tacte suau i agradable t'encantaran. Sentir\u00e0s el mallot com si fos una segona pell. Els acabats termosellats del mallot no nom\u00e9s optimitzen el seu disseny minimalista, sino que tamb\u00e9 milloren la durabilitat i comfort general. El seu coll ergon\u00f2mic s'adapta perfectament i evita l'entrada d'aire. T\u00e9 una cremallera integral amb el sistema antipull. A la cintura, perqu\u00e8 el mallot estigui ben arrapat al cos, t\u00e9 una banda el\u00e0stica amb un grip de silicona a l'interior. A la zona lumbar incorpora 3 butxaques obertes. Tamb\u00e9 disposa d'una butxaca lateral amb cremallera. Aquesta \u00e9s impermeable perqu\u00e8 la suor no faci malb\u00e9 el que hi guardis. Per augmentar la teva seguretat a la carretera t\u00e9 uns elements reflectants sobre les butxaques.\",\"breadcrumb\":{\"@id\":\"https:\\\/\\\/www.inverseteams.com\\\/ca\\\/producte\\\/mallot-ciclista-maniga-curta-pure-yuraq-home\\\/#breadcrumb\"},\"inLanguage\":\"ca\",\"potentialAction\":[{\"@type\":\"ReadAction\",\"target\":[\"https:\\\/\\\/www.inverseteams.com\\\/ca\\\/producte\\\/mallot-ciclista-maniga-curta-pure-yuraq-home\\\/\"]}]},{\"@type\":\"ImageObject\",\"inLanguage\":\"ca\",\"@id\":\"https:\\\/\\\/www.inverseteams.com\\\/ca\\\/producte\\\/mallot-ciclista-maniga-curta-pure-yuraq-home\\\/#primaryimage\",\"url\":\"https:\\\/\\\/www.inverseteams.com\\\/wp-content\\\/uploads\\\/MAILLOT-CICLISMO-PURE-YURAQ-1.jpg\",\"contentUrl\":\"https:\\\/\\\/www.inverseteams.com\\\/wp-content\\\/uploads\\\/MAILLOT-CICLISMO-PURE-YURAQ-1.jpg\",\"width\":1500,\"height\":1612},{\"@type\":\"BreadcrumbList\",\"@id\":\"https:\\\/\\\/www.inverseteams.com\\\/ca\\\/producte\\\/mallot-ciclista-maniga-curta-pure-yuraq-home\\\/#breadcrumb\",\"itemListElement\":[{\"@type\":\"ListItem\",\"position\":1,\"name\":\"Portada\",\"item\":\"https:\\\/\\\/www.inverseteams.com\\\/ca\\\/pagina-principal\\\/\"},{\"@type\":\"ListItem\",\"position\":2,\"name\":\"Botiga\",\"item\":\"https:\\\/\\\/www.inverseteams.com\\\/ca\\\/botiga\\\/\"},{\"@type\":\"ListItem\",\"position\":3,\"name\":\"Mallot ciclista m\u00e0niga curta PURE YURAQ (HOME)\"}]},{\"@type\":\"WebSite\",\"@id\":\"https:\\\/\\\/www.inverseteams.com\\\/ca\\\/#website\",\"url\":\"https:\\\/\\\/www.inverseteams.com\\\/ca\\\/\",\"name\":\"Inverseteams\",\"description\":\"Tu marca de ropa deportiva personalizada\",\"publisher\":{\"@id\":\"https:\\\/\\\/www.inverseteams.com\\\/ca\\\/#organization\"},\"potentialAction\":[{\"@type\":\"SearchAction\",\"target\":{\"@type\":\"EntryPoint\",\"urlTemplate\":\"https:\\\/\\\/www.inverseteams.com\\\/ca\\\/?s={search_term_string}\"},\"query-input\":{\"@type\":\"PropertyValueSpecification\",\"valueRequired\":true,\"valueName\":\"search_term_string\"}}],\"inLanguage\":\"ca\"},{\"@type\":\"Organization\",\"@id\":\"https:\\\/\\\/www.inverseteams.com\\\/ca\\\/#organization\",\"name\":\"Inverse Teams\",\"url\":\"https:\\\/\\\/www.inverseteams.com\\\/ca\\\/\",\"logo\":{\"@type\":\"ImageObject\",\"inLanguage\":\"ca\",\"@id\":\"https:\\\/\\\/www.inverseteams.com\\\/ca\\\/#\\\/schema\\\/logo\\\/image\\\/\",\"url\":\"https:\\\/\\\/www.inverseteams.com\\\/wp-content\\\/uploads\\\/2021\\\/03\\\/logo-inverse-teams.png\",\"contentUrl\":\"https:\\\/\\\/www.inverseteams.com\\\/wp-content\\\/uploads\\\/2021\\\/03\\\/logo-inverse-teams.png\",\"width\":294,\"height\":99,\"caption\":\"Inverse Teams\"},\"image\":{\"@id\":\"https:\\\/\\\/www.inverseteams.com\\\/ca\\\/#\\\/schema\\\/logo\\\/image\\\/\"},\"sameAs\":[\"https:\\\/\\\/www.facebook.com\\\/inverseteams\",\"http:\\\/\\\/instagram.com\\\/inverseteams\",\"https:\\\/\\\/www.linkedin.com\\\/company\\\/inverse-cirosport-s-l-?trk=job_view_topcard_company_name\",\"http:\\\/\\\/www.pinterest.com\\\/inverseteams\\\/\",\"http:\\\/\\\/www.youtube.com\\\/user\\\/inverseteams?feature=watch\"]}]}<\/script>\n<!-- \/ Yoast SEO plugin. -->","yoast_head_json":{"title":"Mallot ciclista m\u00e0niga curta PURE YURAQ (HOME)","description":"El mallot de ciclisme perfecte per l'estiu. Les aixelles i la zona central de l'esquena estan confeccionades amb el teixit CYCLON de reixeta. Aix\u00ed expulsar\u00e0s r\u00e0pidament la suor i la teva pell estar\u00e0 fresca i seca. La resta de l'esquena est\u00e0 fabricada amb el teixit LITTLESQUARE, que tamb\u00e9 \u00e9s molt transpirable, per\u00f2 la seva estructura no \u00e9s tan oberta per protegir-te dels raigs del sol. Les m\u00e0nigues estan confeccionades amb el teixit BEEPANEL, est\u00e8ticament molt elegant i que ofereix una elasticitat incre\u00efble que permet que la m\u00e0niga s'ajusti molt b\u00e9 al bra\u00e7. Els 4 teixits que composen el mallot ciclista destaquen per la seva lleugesa i elasticitat. S'adapten molt b\u00e9 al cos i a totes les posicions i moviments. El seu tacte suau i agradable t'encantaran. Sentir\u00e0s el mallot com si fos una segona pell. Els acabats termosellats del mallot no nom\u00e9s optimitzen el seu disseny minimalista, sino que tamb\u00e9 milloren la durabilitat i comfort general. El seu coll ergon\u00f2mic s'adapta perfectament i evita l'entrada d'aire. T\u00e9 una cremallera integral amb el sistema antipull. A la cintura, perqu\u00e8 el mallot estigui ben arrapat al cos, t\u00e9 una banda el\u00e0stica amb un grip de silicona a l'interior. A la zona lumbar incorpora 3 butxaques obertes. Tamb\u00e9 disposa d'una butxaca lateral amb cremallera. Aquesta \u00e9s impermeable perqu\u00e8 la suor no faci malb\u00e9 el que hi guardis. Per augmentar la teva seguretat a la carretera t\u00e9 uns elements reflectants sobre les butxaques.","robots":{"index":"index","follow":"follow","max-snippet":"max-snippet:-1","max-image-preview":"max-image-preview:large","max-video-preview":"max-video-preview:-1"},"canonical":"https:\/\/www.inverseteams.com\/ca\/producte\/mallot-ciclista-maniga-curta-pure-yuraq-home\/","og_locale":"ca_ES","og_type":"article","og_title":"Mallot ciclista m\u00e0niga curta PURE YURAQ (HOME)","og_description":"El mallot de ciclisme perfecte per l'estiu. Les aixelles i la zona central de l'esquena estan confeccionades amb el teixit CYCLON de reixeta. Aix\u00ed expulsar\u00e0s r\u00e0pidament la suor i la teva pell estar\u00e0 fresca i seca. La resta de l'esquena est\u00e0 fabricada amb el teixit LITTLESQUARE, que tamb\u00e9 \u00e9s molt transpirable, per\u00f2 la seva estructura no \u00e9s tan oberta per protegir-te dels raigs del sol. Les m\u00e0nigues estan confeccionades amb el teixit BEEPANEL, est\u00e8ticament molt elegant i que ofereix una elasticitat incre\u00efble que permet que la m\u00e0niga s'ajusti molt b\u00e9 al bra\u00e7. Els 4 teixits que composen el mallot ciclista destaquen per la seva lleugesa i elasticitat. S'adapten molt b\u00e9 al cos i a totes les posicions i moviments. El seu tacte suau i agradable t'encantaran. Sentir\u00e0s el mallot com si fos una segona pell. Els acabats termosellats del mallot no nom\u00e9s optimitzen el seu disseny minimalista, sino que tamb\u00e9 milloren la durabilitat i comfort general. El seu coll ergon\u00f2mic s'adapta perfectament i evita l'entrada d'aire. T\u00e9 una cremallera integral amb el sistema antipull. A la cintura, perqu\u00e8 el mallot estigui ben arrapat al cos, t\u00e9 una banda el\u00e0stica amb un grip de silicona a l'interior. A la zona lumbar incorpora 3 butxaques obertes. Tamb\u00e9 disposa d'una butxaca lateral amb cremallera. Aquesta \u00e9s impermeable perqu\u00e8 la suor no faci malb\u00e9 el que hi guardis. Per augmentar la teva seguretat a la carretera t\u00e9 uns elements reflectants sobre les butxaques.","og_url":"https:\/\/www.inverseteams.com\/ca\/producte\/mallot-ciclista-maniga-curta-pure-yuraq-home\/","og_site_name":"Inverseteams","article_publisher":"https:\/\/www.facebook.com\/inverseteams","article_modified_time":"2025-04-24T09:57:18+00:00","og_image":[{"width":1500,"height":1612,"url":"https:\/\/www.inverseteams.com\/wp-content\/uploads\/MAILLOT-CICLISMO-PURE-YURAQ-1.jpg","type":"image\/jpeg"}],"twitter_card":"summary_large_image","twitter_misc":{"Temps estimat de lectura":"2 minut"},"schema":{"@context":"https:\/\/schema.org","@graph":[{"@type":"WebPage","@id":"https:\/\/www.inverseteams.com\/ca\/producte\/mallot-ciclista-maniga-curta-pure-yuraq-home\/","url":"https:\/\/www.inverseteams.com\/ca\/producte\/mallot-ciclista-maniga-curta-pure-yuraq-home\/","name":"Mallot ciclista m\u00e0niga curta PURE YURAQ (HOME)","isPartOf":{"@id":"https:\/\/www.inverseteams.com\/ca\/#website"},"primaryImageOfPage":{"@id":"https:\/\/www.inverseteams.com\/ca\/producte\/mallot-ciclista-maniga-curta-pure-yuraq-home\/#primaryimage"},"image":{"@id":"https:\/\/www.inverseteams.com\/ca\/producte\/mallot-ciclista-maniga-curta-pure-yuraq-home\/#primaryimage"},"thumbnailUrl":"https:\/\/www.inverseteams.com\/wp-content\/uploads\/MAILLOT-CICLISMO-PURE-YURAQ-1.jpg","datePublished":"2025-01-27T16:20:21+00:00","dateModified":"2025-04-24T09:57:18+00:00","description":"El mallot de ciclisme perfecte per l'estiu. Les aixelles i la zona central de l'esquena estan confeccionades amb el teixit CYCLON de reixeta. Aix\u00ed expulsar\u00e0s r\u00e0pidament la suor i la teva pell estar\u00e0 fresca i seca. La resta de l'esquena est\u00e0 fabricada amb el teixit LITTLESQUARE, que tamb\u00e9 \u00e9s molt transpirable, per\u00f2 la seva estructura no \u00e9s tan oberta per protegir-te dels raigs del sol. Les m\u00e0nigues estan confeccionades amb el teixit BEEPANEL, est\u00e8ticament molt elegant i que ofereix una elasticitat incre\u00efble que permet que la m\u00e0niga s'ajusti molt b\u00e9 al bra\u00e7. Els 4 teixits que composen el mallot ciclista destaquen per la seva lleugesa i elasticitat. S'adapten molt b\u00e9 al cos i a totes les posicions i moviments. El seu tacte suau i agradable t'encantaran. Sentir\u00e0s el mallot com si fos una segona pell. Els acabats termosellats del mallot no nom\u00e9s optimitzen el seu disseny minimalista, sino que tamb\u00e9 milloren la durabilitat i comfort general. El seu coll ergon\u00f2mic s'adapta perfectament i evita l'entrada d'aire. T\u00e9 una cremallera integral amb el sistema antipull. A la cintura, perqu\u00e8 el mallot estigui ben arrapat al cos, t\u00e9 una banda el\u00e0stica amb un grip de silicona a l'interior. A la zona lumbar incorpora 3 butxaques obertes. Tamb\u00e9 disposa d'una butxaca lateral amb cremallera. Aquesta \u00e9s impermeable perqu\u00e8 la suor no faci malb\u00e9 el que hi guardis. Per augmentar la teva seguretat a la carretera t\u00e9 uns elements reflectants sobre les butxaques.","breadcrumb":{"@id":"https:\/\/www.inverseteams.com\/ca\/producte\/mallot-ciclista-maniga-curta-pure-yuraq-home\/#breadcrumb"},"inLanguage":"ca","potentialAction":[{"@type":"ReadAction","target":["https:\/\/www.inverseteams.com\/ca\/producte\/mallot-ciclista-maniga-curta-pure-yuraq-home\/"]}]},{"@type":"ImageObject","inLanguage":"ca","@id":"https:\/\/www.inverseteams.com\/ca\/producte\/mallot-ciclista-maniga-curta-pure-yuraq-home\/#primaryimage","url":"https:\/\/www.inverseteams.com\/wp-content\/uploads\/MAILLOT-CICLISMO-PURE-YURAQ-1.jpg","contentUrl":"https:\/\/www.inverseteams.com\/wp-content\/uploads\/MAILLOT-CICLISMO-PURE-YURAQ-1.jpg","width":1500,"height":1612},{"@type":"BreadcrumbList","@id":"https:\/\/www.inverseteams.com\/ca\/producte\/mallot-ciclista-maniga-curta-pure-yuraq-home\/#breadcrumb","itemListElement":[{"@type":"ListItem","position":1,"name":"Portada","item":"https:\/\/www.inverseteams.com\/ca\/pagina-principal\/"},{"@type":"ListItem","position":2,"name":"Botiga","item":"https:\/\/www.inverseteams.com\/ca\/botiga\/"},{"@type":"ListItem","position":3,"name":"Mallot ciclista m\u00e0niga curta PURE YURAQ (HOME)"}]},{"@type":"WebSite","@id":"https:\/\/www.inverseteams.com\/ca\/#website","url":"https:\/\/www.inverseteams.com\/ca\/","name":"Inverseteams","description":"Tu marca de ropa deportiva personalizada","publisher":{"@id":"https:\/\/www.inverseteams.com\/ca\/#organization"},"potentialAction":[{"@type":"SearchAction","target":{"@type":"EntryPoint","urlTemplate":"https:\/\/www.inverseteams.com\/ca\/?s={search_term_string}"},"query-input":{"@type":"PropertyValueSpecification","valueRequired":true,"valueName":"search_term_string"}}],"inLanguage":"ca"},{"@type":"Organization","@id":"https:\/\/www.inverseteams.com\/ca\/#organization","name":"Inverse Teams","url":"https:\/\/www.inverseteams.com\/ca\/","logo":{"@type":"ImageObject","inLanguage":"ca","@id":"https:\/\/www.inverseteams.com\/ca\/#\/schema\/logo\/image\/","url":"https:\/\/www.inverseteams.com\/wp-content\/uploads\/2021\/03\/logo-inverse-teams.png","contentUrl":"https:\/\/www.inverseteams.com\/wp-content\/uploads\/2021\/03\/logo-inverse-teams.png","width":294,"height":99,"caption":"Inverse Teams"},"image":{"@id":"https:\/\/www.inverseteams.com\/ca\/#\/schema\/logo\/image\/"},"sameAs":["https:\/\/www.facebook.com\/inverseteams","http:\/\/instagram.com\/inverseteams","https:\/\/www.linkedin.com\/company\/inverse-cirosport-s-l-?trk=job_view_topcard_company_name","http:\/\/www.pinterest.com\/inverseteams\/","http:\/\/www.youtube.com\/user\/inverseteams?feature=watch"]}]}},"_links":{"self":[{"href":"https:\/\/www.inverseteams.com\/ca\/wp-json\/wp\/v2\/product\/238155","targetHints":{"allow":["GET"]}}],"collection":[{"href":"https:\/\/www.inverseteams.com\/ca\/wp-json\/wp\/v2\/product"}],"about":[{"href":"https:\/\/www.inverseteams.com\/ca\/wp-json\/wp\/v2\/types\/product"}],"replies":[{"embeddable":true,"href":"https:\/\/www.inverseteams.com\/ca\/wp-json\/wp\/v2\/comments?post=238155"}],"wp:featuredmedia":[{"embeddable":true,"href":"https:\/\/www.inverseteams.com\/ca\/wp-json\/wp\/v2\/media\/237151"}],"wp:attachment":[{"href":"https:\/\/www.inverseteams.com\/ca\/wp-json\/wp\/v2\/media?parent=238155"}],"wp:term":[{"taxonomy":"product_brand","embeddable":true,"href":"https:\/\/www.inverseteams.com\/ca\/wp-json\/wp\/v2\/product_brand?post=238155"},{"taxonomy":"product_cat","embeddable":true,"href":"https:\/\/www.inverseteams.com\/ca\/wp-json\/wp\/v2\/product_cat?post=238155"},{"taxonomy":"product_tag","embeddable":true,"href":"https:\/\/www.inverseteams.com\/ca\/wp-json\/wp\/v2\/product_tag?post=238155"},{"taxonomy":"custom_category","embeddable":true,"href":"https:\/\/www.inverseteams.com\/ca\/wp-json\/wp\/v2\/custom_category?post=238155"},{"taxonomy":"range","embeddable":true,"href":"https:\/\/www.inverseteams.com\/ca\/wp-json\/wp\/v2\/range?post=238155"}],"curies":[{"name":"wp","href":"https:\/\/api.w.org\/{rel}","templated":true}]}}