{"id":238153,"date":"2025-01-27T17:33:51","date_gmt":"2025-01-27T17:33:51","guid":{"rendered":"https:\/\/www.inverseteams.com\/?post_type=product&#038;p=238153"},"modified":"2025-12-04T00:05:53","modified_gmt":"2025-12-03T23:05:53","slug":"mallot-ciclista-maniga-curta-kila-ruby-dona","status":"publish","type":"product","link":"https:\/\/www.inverseteams.com\/ca\/producte\/mallot-ciclista-maniga-curta-kila-ruby-dona\/","title":{"rendered":"Mallot ciclista m\u00e0niga curta KILA RUBY (DONA)"},"content":{"rendered":"<p>Amb un tall ajustat i un patronatge ergon\u00f2mic, aquest mallot s&#8217;adapta perfectament a l&#8217;anatomia femenina, maximitzant el teu rendiment. Gr\u00e0cies a l&#8217;elasticitat i l&#8217;estructura avan\u00e7ada dels seus teixits, ofereix una aerodin\u00e0mica excepcional, permetent que l&#8217;aire flueixi sense resist\u00e8ncia. La cintura incorpora una banda el\u00e0stica amb un grip interior que garanteix un ajust ferm i c\u00f2mode.<br \/>\nA la part lumbar, compta amb 3 butxaques posteriors amb el sistema innovador de Seguretat ISP (Inverse Safe Pocket), ideals per portar armilles o barretes energ\u00e8tiques de forma segura. A m\u00e9s, inclou una quarta butxaca impermeable amb cremallera, perfecta per protegir els teus objectes m\u00e9s valuosos de la humitat i les inclem\u00e8ncies meteorol\u00f2giques.<br \/>\nEl disseny de coll baix i anat\u00f2mic assegura un contacte c\u00f2mode amb la pell, evitant mol\u00e8sties i reduint l&#8217;entrada d&#8217;aire. Els teixits t\u00e8cnics estan dissenyats per evacuar la suor r\u00e0pidament, mantenint la pell fresca i seca fins i tot en els dies m\u00e9s calorosos. Els acabats termosellats no nom\u00e9s optimitzen el disseny minimalista, sin\u00f3 que tamb\u00e9 milloren la durabilitat i el confort general de la pe\u00e7a.<br \/>\nSeguretat en cada quil\u00f2metre. Sobre les butxaques s&#8217;han integrat elements reflectants estrat\u00e8gics per millorar la visibilitat a la carretera i augmentar la teva protecci\u00f3.<br \/>\nGaudeix de les teves sortides amb bicicleta amb un maillot que combina lleugeresa, rendiment, comoditat i seguretat.<\/p>\n","protected":false},"excerpt":{"rendered":"<p>Amb un tall ajustat i un patronatge ergon\u00f2mic, aquest mallot s&#8217;adapta perfectament a l&#8217;anatomia femenina, maximitzant el teu rendiment. Gr\u00e0cies a l&#8217;elasticitat i l&#8217;estructura avan\u00e7ada dels seus teixits, ofereix una aerodin\u00e0mica excepcional, permetent que l&#8217;aire flueixi sense resist\u00e8ncia. La cintura incorpora una banda el\u00e0stica amb un grip interior que garanteix un ajust ferm i c\u00f2mode.<br \/>\nA la part lumbar, compta amb 3 butxaques posteriors amb el sistema innovador de Seguretat ISP (Inverse Safe Pocket), ideals per portar armilles o barretes energ\u00e8tiques de forma segura. A m\u00e9s, inclou una quarta butxaca impermeable amb cremallera, perfecta per protegir els teus objectes m\u00e9s valuosos de la humitat i les inclem\u00e8ncies meteorol\u00f2giques.<br \/>\nEl disseny de coll baix i anat\u00f2mic assegura un contacte c\u00f2mode amb la pell, evitant mol\u00e8sties i reduint l&#8217;entrada d&#8217;aire. Els teixits t\u00e8cnics estan dissenyats per evacuar la suor r\u00e0pidament, mantenint la pell fresca i seca fins i tot en els dies m\u00e9s calorosos. Els acabats termosellats no nom\u00e9s optimitzen el disseny minimalista, sin\u00f3 que tamb\u00e9 milloren la durabilitat i el confort general de la pe\u00e7a.<br \/>\nSeguretat en cada quil\u00f2metre. Sobre les butxaques s&#8217;han integrat elements reflectants estrat\u00e8gics per millorar la visibilitat a la carretera i augmentar la teva protecci\u00f3.<br \/>\nGaudeix de les teves sortides amb bicicleta amb un maillot que combina lleugeresa, rendiment, comoditat i seguretat.<\/p>\n","protected":false},"featured_media":237553,"comment_status":"closed","ping_status":"closed","template":"","meta":{"_acf_changed":false},"product_brand":[],"product_cat":[4110,4120,9947,7175],"product_tag":[],"custom_category":[],"range":[],"class_list":{"0":"post-238153","1":"product","2":"type-product","3":"status-publish","4":"has-post-thumbnail","6":"product_cat-ciclisme","7":"product_cat-mallot-ciclista","8":"product_cat-gravel-cat","9":"product_cat-b2b-ca","10":"pa_climatologia-calor-ca","11":"pa_deporte-ciclisme","12":"pa_deporte-gravel-ca","13":"pa_genero-dona","14":"pa_patronaje-fit-ca","15":"pa_talla-l-ca","16":"pa_talla-m-ca","17":"pa_talla-s-ca","18":"pa_talla-xl-ca","19":"pa_talla-xs-ca","20":"pa_tipo-de-prenda-mallot-maniga-curta","22":"first","23":"instock","24":"taxable","25":"shipping-taxable","26":"purchasable","27":"product-type-variable","28":"has-default-attributes"},"acf":[],"yoast_head":"<!-- This site is optimized with the Yoast SEO plugin v27.3 - https:\/\/yoast.com\/product\/yoast-seo-wordpress\/ -->\n<title>Mallot ciclista m\u00e0niga curta KILA RUBY (DONA)<\/title>\n<meta name=\"description\" content=\"Amb un tall ajustat i un patronatge ergon\u00f2mic, aquest mallot s&#039;adapta perfectament a l&#039;anatomia femenina, maximitzant el teu rendiment. Gr\u00e0cies a l&#039;elasticitat i l&#039;estructura avan\u00e7ada dels seus teixits, ofereix una aerodin\u00e0mica excepcional, permetent que l&#039;aire flueixi sense resist\u00e8ncia. La cintura incorpora una banda el\u00e0stica amb un grip interior que garanteix un ajust ferm i c\u00f2mode. A la part lumbar, compta amb 3 butxaques posteriors amb el sistema innovador de Seguretat ISP (Inverse Safe Pocket), ideals per portar armilles o barretes energ\u00e8tiques de forma segura. A m\u00e9s, inclou una quarta butxaca impermeable amb cremallera, perfecta per protegir els teus objectes m\u00e9s valuosos de la humitat i les inclem\u00e8ncies meteorol\u00f2giques. El disseny de coll baix i anat\u00f2mic assegura un contacte c\u00f2mode amb la pell, evitant mol\u00e8sties i reduint l&#039;entrada d&#039;aire. Els teixits t\u00e8cnics estan dissenyats per evacuar la suor r\u00e0pidament, mantenint la pell fresca i seca fins i tot en els dies m\u00e9s calorosos. Els acabats termosellats no nom\u00e9s optimitzen el disseny minimalista, sin\u00f3 que tamb\u00e9 milloren la durabilitat i el confort general de la pe\u00e7a. Seguretat en cada quil\u00f2metre. Sobre les butxaques s&#039;han integrat elements reflectants estrat\u00e8gics per millorar la visibilitat a la carretera i augmentar la teva protecci\u00f3. Gaudeix de les teves sortides amb bicicleta amb un maillot que combina lleugeresa, rendiment, comoditat i seguretat.\" \/>\n<meta name=\"robots\" content=\"index, follow, max-snippet:-1, max-image-preview:large, max-video-preview:-1\" \/>\n<link rel=\"canonical\" href=\"https:\/\/www.inverseteams.com\/ca\/producte\/mallot-ciclista-maniga-curta-kila-ruby-dona\/\" \/>\n<meta property=\"og:locale\" content=\"ca_ES\" \/>\n<meta property=\"og:type\" content=\"article\" \/>\n<meta property=\"og:title\" content=\"Mallot ciclista m\u00e0niga curta KILA RUBY (DONA)\" \/>\n<meta property=\"og:description\" content=\"Amb un tall ajustat i un patronatge ergon\u00f2mic, aquest mallot s&#039;adapta perfectament a l&#039;anatomia femenina, maximitzant el teu rendiment. Gr\u00e0cies a l&#039;elasticitat i l&#039;estructura avan\u00e7ada dels seus teixits, ofereix una aerodin\u00e0mica excepcional, permetent que l&#039;aire flueixi sense resist\u00e8ncia. La cintura incorpora una banda el\u00e0stica amb un grip interior que garanteix un ajust ferm i c\u00f2mode. A la part lumbar, compta amb 3 butxaques posteriors amb el sistema innovador de Seguretat ISP (Inverse Safe Pocket), ideals per portar armilles o barretes energ\u00e8tiques de forma segura. A m\u00e9s, inclou una quarta butxaca impermeable amb cremallera, perfecta per protegir els teus objectes m\u00e9s valuosos de la humitat i les inclem\u00e8ncies meteorol\u00f2giques. El disseny de coll baix i anat\u00f2mic assegura un contacte c\u00f2mode amb la pell, evitant mol\u00e8sties i reduint l&#039;entrada d&#039;aire. Els teixits t\u00e8cnics estan dissenyats per evacuar la suor r\u00e0pidament, mantenint la pell fresca i seca fins i tot en els dies m\u00e9s calorosos. Els acabats termosellats no nom\u00e9s optimitzen el disseny minimalista, sin\u00f3 que tamb\u00e9 milloren la durabilitat i el confort general de la pe\u00e7a. Seguretat en cada quil\u00f2metre. Sobre les butxaques s&#039;han integrat elements reflectants estrat\u00e8gics per millorar la visibilitat a la carretera i augmentar la teva protecci\u00f3. Gaudeix de les teves sortides amb bicicleta amb un maillot que combina lleugeresa, rendiment, comoditat i seguretat.\" \/>\n<meta property=\"og:url\" content=\"https:\/\/www.inverseteams.com\/ca\/producte\/mallot-ciclista-maniga-curta-kila-ruby-dona\/\" \/>\n<meta property=\"og:site_name\" content=\"Inverseteams\" \/>\n<meta property=\"article:publisher\" content=\"https:\/\/www.facebook.com\/inverseteams\" \/>\n<meta property=\"article:modified_time\" content=\"2025-12-03T23:05:53+00:00\" \/>\n<meta property=\"og:image\" content=\"https:\/\/www.inverseteams.com\/wp-content\/uploads\/MAILLOT-CICLISMO-MUJER-KILA-RUBY-1.jpg\" \/>\n\t<meta property=\"og:image:width\" content=\"1500\" \/>\n\t<meta property=\"og:image:height\" content=\"1612\" \/>\n\t<meta property=\"og:image:type\" content=\"image\/jpeg\" \/>\n<meta name=\"twitter:card\" content=\"summary_large_image\" \/>\n<meta name=\"twitter:label1\" content=\"Temps estimat de lectura\" \/>\n\t<meta name=\"twitter:data1\" content=\"2 minut\" \/>\n<script type=\"application\/ld+json\" class=\"yoast-schema-graph\">{\"@context\":\"https:\\\/\\\/schema.org\",\"@graph\":[{\"@type\":\"WebPage\",\"@id\":\"https:\\\/\\\/www.inverseteams.com\\\/ca\\\/producte\\\/mallot-ciclista-maniga-curta-kila-ruby-dona\\\/\",\"url\":\"https:\\\/\\\/www.inverseteams.com\\\/ca\\\/producte\\\/mallot-ciclista-maniga-curta-kila-ruby-dona\\\/\",\"name\":\"Mallot ciclista m\u00e0niga curta KILA RUBY (DONA)\",\"isPartOf\":{\"@id\":\"https:\\\/\\\/www.inverseteams.com\\\/ca\\\/#website\"},\"primaryImageOfPage\":{\"@id\":\"https:\\\/\\\/www.inverseteams.com\\\/ca\\\/producte\\\/mallot-ciclista-maniga-curta-kila-ruby-dona\\\/#primaryimage\"},\"image\":{\"@id\":\"https:\\\/\\\/www.inverseteams.com\\\/ca\\\/producte\\\/mallot-ciclista-maniga-curta-kila-ruby-dona\\\/#primaryimage\"},\"thumbnailUrl\":\"https:\\\/\\\/www.inverseteams.com\\\/wp-content\\\/uploads\\\/MAILLOT-CICLISMO-MUJER-KILA-RUBY-1.jpg\",\"datePublished\":\"2025-01-27T17:33:51+00:00\",\"dateModified\":\"2025-12-03T23:05:53+00:00\",\"description\":\"Amb un tall ajustat i un patronatge ergon\u00f2mic, aquest mallot s'adapta perfectament a l'anatomia femenina, maximitzant el teu rendiment. Gr\u00e0cies a l'elasticitat i l'estructura avan\u00e7ada dels seus teixits, ofereix una aerodin\u00e0mica excepcional, permetent que l'aire flueixi sense resist\u00e8ncia. La cintura incorpora una banda el\u00e0stica amb un grip interior que garanteix un ajust ferm i c\u00f2mode. A la part lumbar, compta amb 3 butxaques posteriors amb el sistema innovador de Seguretat ISP (Inverse Safe Pocket), ideals per portar armilles o barretes energ\u00e8tiques de forma segura. A m\u00e9s, inclou una quarta butxaca impermeable amb cremallera, perfecta per protegir els teus objectes m\u00e9s valuosos de la humitat i les inclem\u00e8ncies meteorol\u00f2giques. El disseny de coll baix i anat\u00f2mic assegura un contacte c\u00f2mode amb la pell, evitant mol\u00e8sties i reduint l'entrada d'aire. Els teixits t\u00e8cnics estan dissenyats per evacuar la suor r\u00e0pidament, mantenint la pell fresca i seca fins i tot en els dies m\u00e9s calorosos. Els acabats termosellats no nom\u00e9s optimitzen el disseny minimalista, sin\u00f3 que tamb\u00e9 milloren la durabilitat i el confort general de la pe\u00e7a. Seguretat en cada quil\u00f2metre. Sobre les butxaques s'han integrat elements reflectants estrat\u00e8gics per millorar la visibilitat a la carretera i augmentar la teva protecci\u00f3. Gaudeix de les teves sortides amb bicicleta amb un maillot que combina lleugeresa, rendiment, comoditat i seguretat.\",\"breadcrumb\":{\"@id\":\"https:\\\/\\\/www.inverseteams.com\\\/ca\\\/producte\\\/mallot-ciclista-maniga-curta-kila-ruby-dona\\\/#breadcrumb\"},\"inLanguage\":\"ca\",\"potentialAction\":[{\"@type\":\"ReadAction\",\"target\":[\"https:\\\/\\\/www.inverseteams.com\\\/ca\\\/producte\\\/mallot-ciclista-maniga-curta-kila-ruby-dona\\\/\"]}]},{\"@type\":\"ImageObject\",\"inLanguage\":\"ca\",\"@id\":\"https:\\\/\\\/www.inverseteams.com\\\/ca\\\/producte\\\/mallot-ciclista-maniga-curta-kila-ruby-dona\\\/#primaryimage\",\"url\":\"https:\\\/\\\/www.inverseteams.com\\\/wp-content\\\/uploads\\\/MAILLOT-CICLISMO-MUJER-KILA-RUBY-1.jpg\",\"contentUrl\":\"https:\\\/\\\/www.inverseteams.com\\\/wp-content\\\/uploads\\\/MAILLOT-CICLISMO-MUJER-KILA-RUBY-1.jpg\",\"width\":1500,\"height\":1612},{\"@type\":\"BreadcrumbList\",\"@id\":\"https:\\\/\\\/www.inverseteams.com\\\/ca\\\/producte\\\/mallot-ciclista-maniga-curta-kila-ruby-dona\\\/#breadcrumb\",\"itemListElement\":[{\"@type\":\"ListItem\",\"position\":1,\"name\":\"Portada\",\"item\":\"https:\\\/\\\/www.inverseteams.com\\\/ca\\\/pagina-principal\\\/\"},{\"@type\":\"ListItem\",\"position\":2,\"name\":\"Botiga\",\"item\":\"https:\\\/\\\/www.inverseteams.com\\\/ca\\\/botiga\\\/\"},{\"@type\":\"ListItem\",\"position\":3,\"name\":\"Mallot ciclista m\u00e0niga curta KILA RUBY (DONA)\"}]},{\"@type\":\"WebSite\",\"@id\":\"https:\\\/\\\/www.inverseteams.com\\\/ca\\\/#website\",\"url\":\"https:\\\/\\\/www.inverseteams.com\\\/ca\\\/\",\"name\":\"Inverseteams\",\"description\":\"Tu marca de ropa deportiva personalizada\",\"publisher\":{\"@id\":\"https:\\\/\\\/www.inverseteams.com\\\/ca\\\/#organization\"},\"potentialAction\":[{\"@type\":\"SearchAction\",\"target\":{\"@type\":\"EntryPoint\",\"urlTemplate\":\"https:\\\/\\\/www.inverseteams.com\\\/ca\\\/?s={search_term_string}\"},\"query-input\":{\"@type\":\"PropertyValueSpecification\",\"valueRequired\":true,\"valueName\":\"search_term_string\"}}],\"inLanguage\":\"ca\"},{\"@type\":\"Organization\",\"@id\":\"https:\\\/\\\/www.inverseteams.com\\\/ca\\\/#organization\",\"name\":\"Inverse Teams\",\"url\":\"https:\\\/\\\/www.inverseteams.com\\\/ca\\\/\",\"logo\":{\"@type\":\"ImageObject\",\"inLanguage\":\"ca\",\"@id\":\"https:\\\/\\\/www.inverseteams.com\\\/ca\\\/#\\\/schema\\\/logo\\\/image\\\/\",\"url\":\"http:\\\/\\\/www.inverseteams.com\\\/wp-content\\\/uploads\\\/2021\\\/03\\\/logo-inverse-teams.png\",\"contentUrl\":\"http:\\\/\\\/www.inverseteams.com\\\/wp-content\\\/uploads\\\/2021\\\/03\\\/logo-inverse-teams.png\",\"width\":294,\"height\":99,\"caption\":\"Inverse Teams\"},\"image\":{\"@id\":\"https:\\\/\\\/www.inverseteams.com\\\/ca\\\/#\\\/schema\\\/logo\\\/image\\\/\"},\"sameAs\":[\"https:\\\/\\\/www.facebook.com\\\/inverseteams\",\"http:\\\/\\\/instagram.com\\\/inverseteams\",\"https:\\\/\\\/www.linkedin.com\\\/company\\\/inverse-cirosport-s-l-?trk=job_view_topcard_company_name\",\"http:\\\/\\\/www.pinterest.com\\\/inverseteams\\\/\",\"http:\\\/\\\/www.youtube.com\\\/user\\\/inverseteams?feature=watch\"]}]}<\/script>\n<!-- \/ Yoast SEO plugin. -->","yoast_head_json":{"title":"Mallot ciclista m\u00e0niga curta KILA RUBY (DONA)","description":"Amb un tall ajustat i un patronatge ergon\u00f2mic, aquest mallot s'adapta perfectament a l'anatomia femenina, maximitzant el teu rendiment. Gr\u00e0cies a l'elasticitat i l'estructura avan\u00e7ada dels seus teixits, ofereix una aerodin\u00e0mica excepcional, permetent que l'aire flueixi sense resist\u00e8ncia. La cintura incorpora una banda el\u00e0stica amb un grip interior que garanteix un ajust ferm i c\u00f2mode. A la part lumbar, compta amb 3 butxaques posteriors amb el sistema innovador de Seguretat ISP (Inverse Safe Pocket), ideals per portar armilles o barretes energ\u00e8tiques de forma segura. A m\u00e9s, inclou una quarta butxaca impermeable amb cremallera, perfecta per protegir els teus objectes m\u00e9s valuosos de la humitat i les inclem\u00e8ncies meteorol\u00f2giques. El disseny de coll baix i anat\u00f2mic assegura un contacte c\u00f2mode amb la pell, evitant mol\u00e8sties i reduint l'entrada d'aire. Els teixits t\u00e8cnics estan dissenyats per evacuar la suor r\u00e0pidament, mantenint la pell fresca i seca fins i tot en els dies m\u00e9s calorosos. Els acabats termosellats no nom\u00e9s optimitzen el disseny minimalista, sin\u00f3 que tamb\u00e9 milloren la durabilitat i el confort general de la pe\u00e7a. Seguretat en cada quil\u00f2metre. Sobre les butxaques s'han integrat elements reflectants estrat\u00e8gics per millorar la visibilitat a la carretera i augmentar la teva protecci\u00f3. Gaudeix de les teves sortides amb bicicleta amb un maillot que combina lleugeresa, rendiment, comoditat i seguretat.","robots":{"index":"index","follow":"follow","max-snippet":"max-snippet:-1","max-image-preview":"max-image-preview:large","max-video-preview":"max-video-preview:-1"},"canonical":"https:\/\/www.inverseteams.com\/ca\/producte\/mallot-ciclista-maniga-curta-kila-ruby-dona\/","og_locale":"ca_ES","og_type":"article","og_title":"Mallot ciclista m\u00e0niga curta KILA RUBY (DONA)","og_description":"Amb un tall ajustat i un patronatge ergon\u00f2mic, aquest mallot s'adapta perfectament a l'anatomia femenina, maximitzant el teu rendiment. Gr\u00e0cies a l'elasticitat i l'estructura avan\u00e7ada dels seus teixits, ofereix una aerodin\u00e0mica excepcional, permetent que l'aire flueixi sense resist\u00e8ncia. La cintura incorpora una banda el\u00e0stica amb un grip interior que garanteix un ajust ferm i c\u00f2mode. A la part lumbar, compta amb 3 butxaques posteriors amb el sistema innovador de Seguretat ISP (Inverse Safe Pocket), ideals per portar armilles o barretes energ\u00e8tiques de forma segura. A m\u00e9s, inclou una quarta butxaca impermeable amb cremallera, perfecta per protegir els teus objectes m\u00e9s valuosos de la humitat i les inclem\u00e8ncies meteorol\u00f2giques. El disseny de coll baix i anat\u00f2mic assegura un contacte c\u00f2mode amb la pell, evitant mol\u00e8sties i reduint l'entrada d'aire. Els teixits t\u00e8cnics estan dissenyats per evacuar la suor r\u00e0pidament, mantenint la pell fresca i seca fins i tot en els dies m\u00e9s calorosos. Els acabats termosellats no nom\u00e9s optimitzen el disseny minimalista, sin\u00f3 que tamb\u00e9 milloren la durabilitat i el confort general de la pe\u00e7a. Seguretat en cada quil\u00f2metre. Sobre les butxaques s'han integrat elements reflectants estrat\u00e8gics per millorar la visibilitat a la carretera i augmentar la teva protecci\u00f3. Gaudeix de les teves sortides amb bicicleta amb un maillot que combina lleugeresa, rendiment, comoditat i seguretat.","og_url":"https:\/\/www.inverseteams.com\/ca\/producte\/mallot-ciclista-maniga-curta-kila-ruby-dona\/","og_site_name":"Inverseteams","article_publisher":"https:\/\/www.facebook.com\/inverseteams","article_modified_time":"2025-12-03T23:05:53+00:00","og_image":[{"width":1500,"height":1612,"url":"https:\/\/www.inverseteams.com\/wp-content\/uploads\/MAILLOT-CICLISMO-MUJER-KILA-RUBY-1.jpg","type":"image\/jpeg"}],"twitter_card":"summary_large_image","twitter_misc":{"Temps estimat de lectura":"2 minut"},"schema":{"@context":"https:\/\/schema.org","@graph":[{"@type":"WebPage","@id":"https:\/\/www.inverseteams.com\/ca\/producte\/mallot-ciclista-maniga-curta-kila-ruby-dona\/","url":"https:\/\/www.inverseteams.com\/ca\/producte\/mallot-ciclista-maniga-curta-kila-ruby-dona\/","name":"Mallot ciclista m\u00e0niga curta KILA RUBY (DONA)","isPartOf":{"@id":"https:\/\/www.inverseteams.com\/ca\/#website"},"primaryImageOfPage":{"@id":"https:\/\/www.inverseteams.com\/ca\/producte\/mallot-ciclista-maniga-curta-kila-ruby-dona\/#primaryimage"},"image":{"@id":"https:\/\/www.inverseteams.com\/ca\/producte\/mallot-ciclista-maniga-curta-kila-ruby-dona\/#primaryimage"},"thumbnailUrl":"https:\/\/www.inverseteams.com\/wp-content\/uploads\/MAILLOT-CICLISMO-MUJER-KILA-RUBY-1.jpg","datePublished":"2025-01-27T17:33:51+00:00","dateModified":"2025-12-03T23:05:53+00:00","description":"Amb un tall ajustat i un patronatge ergon\u00f2mic, aquest mallot s'adapta perfectament a l'anatomia femenina, maximitzant el teu rendiment. Gr\u00e0cies a l'elasticitat i l'estructura avan\u00e7ada dels seus teixits, ofereix una aerodin\u00e0mica excepcional, permetent que l'aire flueixi sense resist\u00e8ncia. La cintura incorpora una banda el\u00e0stica amb un grip interior que garanteix un ajust ferm i c\u00f2mode. A la part lumbar, compta amb 3 butxaques posteriors amb el sistema innovador de Seguretat ISP (Inverse Safe Pocket), ideals per portar armilles o barretes energ\u00e8tiques de forma segura. A m\u00e9s, inclou una quarta butxaca impermeable amb cremallera, perfecta per protegir els teus objectes m\u00e9s valuosos de la humitat i les inclem\u00e8ncies meteorol\u00f2giques. El disseny de coll baix i anat\u00f2mic assegura un contacte c\u00f2mode amb la pell, evitant mol\u00e8sties i reduint l'entrada d'aire. Els teixits t\u00e8cnics estan dissenyats per evacuar la suor r\u00e0pidament, mantenint la pell fresca i seca fins i tot en els dies m\u00e9s calorosos. Els acabats termosellats no nom\u00e9s optimitzen el disseny minimalista, sin\u00f3 que tamb\u00e9 milloren la durabilitat i el confort general de la pe\u00e7a. Seguretat en cada quil\u00f2metre. Sobre les butxaques s'han integrat elements reflectants estrat\u00e8gics per millorar la visibilitat a la carretera i augmentar la teva protecci\u00f3. Gaudeix de les teves sortides amb bicicleta amb un maillot que combina lleugeresa, rendiment, comoditat i seguretat.","breadcrumb":{"@id":"https:\/\/www.inverseteams.com\/ca\/producte\/mallot-ciclista-maniga-curta-kila-ruby-dona\/#breadcrumb"},"inLanguage":"ca","potentialAction":[{"@type":"ReadAction","target":["https:\/\/www.inverseteams.com\/ca\/producte\/mallot-ciclista-maniga-curta-kila-ruby-dona\/"]}]},{"@type":"ImageObject","inLanguage":"ca","@id":"https:\/\/www.inverseteams.com\/ca\/producte\/mallot-ciclista-maniga-curta-kila-ruby-dona\/#primaryimage","url":"https:\/\/www.inverseteams.com\/wp-content\/uploads\/MAILLOT-CICLISMO-MUJER-KILA-RUBY-1.jpg","contentUrl":"https:\/\/www.inverseteams.com\/wp-content\/uploads\/MAILLOT-CICLISMO-MUJER-KILA-RUBY-1.jpg","width":1500,"height":1612},{"@type":"BreadcrumbList","@id":"https:\/\/www.inverseteams.com\/ca\/producte\/mallot-ciclista-maniga-curta-kila-ruby-dona\/#breadcrumb","itemListElement":[{"@type":"ListItem","position":1,"name":"Portada","item":"https:\/\/www.inverseteams.com\/ca\/pagina-principal\/"},{"@type":"ListItem","position":2,"name":"Botiga","item":"https:\/\/www.inverseteams.com\/ca\/botiga\/"},{"@type":"ListItem","position":3,"name":"Mallot ciclista m\u00e0niga curta KILA RUBY (DONA)"}]},{"@type":"WebSite","@id":"https:\/\/www.inverseteams.com\/ca\/#website","url":"https:\/\/www.inverseteams.com\/ca\/","name":"Inverseteams","description":"Tu marca de ropa deportiva personalizada","publisher":{"@id":"https:\/\/www.inverseteams.com\/ca\/#organization"},"potentialAction":[{"@type":"SearchAction","target":{"@type":"EntryPoint","urlTemplate":"https:\/\/www.inverseteams.com\/ca\/?s={search_term_string}"},"query-input":{"@type":"PropertyValueSpecification","valueRequired":true,"valueName":"search_term_string"}}],"inLanguage":"ca"},{"@type":"Organization","@id":"https:\/\/www.inverseteams.com\/ca\/#organization","name":"Inverse Teams","url":"https:\/\/www.inverseteams.com\/ca\/","logo":{"@type":"ImageObject","inLanguage":"ca","@id":"https:\/\/www.inverseteams.com\/ca\/#\/schema\/logo\/image\/","url":"https:\/\/www.inverseteams.com\/wp-content\/uploads\/2021\/03\/logo-inverse-teams.png","contentUrl":"https:\/\/www.inverseteams.com\/wp-content\/uploads\/2021\/03\/logo-inverse-teams.png","width":294,"height":99,"caption":"Inverse Teams"},"image":{"@id":"https:\/\/www.inverseteams.com\/ca\/#\/schema\/logo\/image\/"},"sameAs":["https:\/\/www.facebook.com\/inverseteams","http:\/\/instagram.com\/inverseteams","https:\/\/www.linkedin.com\/company\/inverse-cirosport-s-l-?trk=job_view_topcard_company_name","http:\/\/www.pinterest.com\/inverseteams\/","http:\/\/www.youtube.com\/user\/inverseteams?feature=watch"]}]}},"_links":{"self":[{"href":"https:\/\/www.inverseteams.com\/ca\/wp-json\/wp\/v2\/product\/238153","targetHints":{"allow":["GET"]}}],"collection":[{"href":"https:\/\/www.inverseteams.com\/ca\/wp-json\/wp\/v2\/product"}],"about":[{"href":"https:\/\/www.inverseteams.com\/ca\/wp-json\/wp\/v2\/types\/product"}],"replies":[{"embeddable":true,"href":"https:\/\/www.inverseteams.com\/ca\/wp-json\/wp\/v2\/comments?post=238153"}],"wp:featuredmedia":[{"embeddable":true,"href":"https:\/\/www.inverseteams.com\/ca\/wp-json\/wp\/v2\/media\/237553"}],"wp:attachment":[{"href":"https:\/\/www.inverseteams.com\/ca\/wp-json\/wp\/v2\/media?parent=238153"}],"wp:term":[{"taxonomy":"product_brand","embeddable":true,"href":"https:\/\/www.inverseteams.com\/ca\/wp-json\/wp\/v2\/product_brand?post=238153"},{"taxonomy":"product_cat","embeddable":true,"href":"https:\/\/www.inverseteams.com\/ca\/wp-json\/wp\/v2\/product_cat?post=238153"},{"taxonomy":"product_tag","embeddable":true,"href":"https:\/\/www.inverseteams.com\/ca\/wp-json\/wp\/v2\/product_tag?post=238153"},{"taxonomy":"custom_category","embeddable":true,"href":"https:\/\/www.inverseteams.com\/ca\/wp-json\/wp\/v2\/custom_category?post=238153"},{"taxonomy":"range","embeddable":true,"href":"https:\/\/www.inverseteams.com\/ca\/wp-json\/wp\/v2\/range?post=238153"}],"curies":[{"name":"wp","href":"https:\/\/api.w.org\/{rel}","templated":true}]}}