{"id":218538,"date":"2024-10-09T08:52:32","date_gmt":"2024-10-09T08:52:35","guid":{"rendered":"https:\/\/www.inverseteams.com\/?post_type=product&#038;p=218538"},"modified":"2024-11-15T13:05:30","modified_gmt":"2024-11-15T13:05:30","slug":"mono-triatlo-llarga-distancia-2-peces-polka-dona","status":"publish","type":"product","link":"https:\/\/www.inverseteams.com\/ca\/producte\/mono-triatlo-llarga-distancia-2-peces-polka-dona\/","title":{"rendered":"Mono triatl\u00f3 llarga dist\u00e0ncia 2 peces POLKA + NICK (DONA)"},"content":{"rendered":"<p><strong>Producte personalitzat. No s&#8217;admeten canvis ni devolucions &#8211; Lliurament en 7 dies.<\/strong><\/p>\n<p>La zona superior t\u00e9 una cremallera integral que permet obrir el mono del tot. D&#8217;aquesta manera podr\u00e0s regular la ventilaci\u00f3 i tindr\u00e0s les avantatges aerodin\u00e0miques d&#8217;un mono i els avantatges de comoditat d&#8217;un mallot i un culot per separat.<br \/>\nEl teixit THINK del cos \u00e9s molt lleuger, el\u00e0stic i transpirable. Permet evacuar la suor r\u00e0pidament per mantenir la pell seca i evitar el sobreescalfament. Aix\u00f2 et permetr\u00e0 rendir al m\u00e0xim durant m\u00e9s temps.<br \/>\nAl final de les m\u00e0nigues tallades a l\u00e0ser t\u00e9 un grip interior de silicona per mantenir-la ferma al bra\u00e7 i evitar que entri l&#8217;aire. L&#8217;estructura del seu teixit garanteix un bon flux de vent per augmentar l&#8217;aerodin\u00e0mica i optimitzar tot el teu esfor\u00e7. El rivet el\u00e0stic del coll s&#8217;adapta al cos sense provocar rascades.<br \/>\nTots els panells han estat concebuts per adaptar-se a totes les posicions del triatl\u00f3 i perqu\u00e8 no oposin cap resist\u00e8ncia. Aquests estan cosits amb unes costures planes s\u00faper resistents.<br \/>\nEl teixit de les cames es caracteritza per la seva bona compressi\u00f3 muscular. Aconsegueix mantenir sota control l&#8217;\u00e0cid l\u00e0ctic, retarda la fatiga muscular i ajuda a oxigenar la sang. Al final de les cames t\u00e9 un grip de silicona hipoal\u00b7lerg\u00e8nica al seu interior. Aquest mant\u00e9 la pe\u00e7a ben subjecta a la cama.<\/p>\n","protected":false},"excerpt":{"rendered":"<p><strong>Producte personalitzat. No s&#8217;admeten canvis ni devolucions &#8211; Lliurament en 7 dies.<\/strong><\/p>\n<p>La zona superior t\u00e9 una cremallera integral que permet obrir el mono del tot. D&#8217;aquesta manera podr\u00e0s regular la ventilaci\u00f3 i tindr\u00e0s les avantatges aerodin\u00e0miques d&#8217;un mono i els avantatges de comoditat d&#8217;un mallot i un culot per separat.<br \/>\nEl teixit THINK del cos \u00e9s molt lleuger, el\u00e0stic i transpirable. Permet evacuar la suor r\u00e0pidament per mantenir la pell seca i evitar el sobreescalfament. Aix\u00f2 et permetr\u00e0 rendir al m\u00e0xim durant m\u00e9s temps.<br \/>\nAl final de les m\u00e0nigues tallades a l\u00e0ser t\u00e9 un grip interior de silicona per mantenir-la ferma al bra\u00e7 i evitar que entri l&#8217;aire. L&#8217;estructura del seu teixit garanteix un bon flux de vent per augmentar l&#8217;aerodin\u00e0mica i optimitzar tot el teu esfor\u00e7. El rivet el\u00e0stic del coll s&#8217;adapta al cos sense provocar rascades.<br \/>\nTots els panells han estat concebuts per adaptar-se a totes les posicions del triatl\u00f3 i perqu\u00e8 no oposin cap resist\u00e8ncia. Aquests estan cosits amb unes costures planes s\u00faper resistents.<br \/>\nEl teixit de les cames es caracteritza per la seva bona compressi\u00f3 muscular. Aconsegueix mantenir sota control l&#8217;\u00e0cid l\u00e0ctic, retarda la fatiga muscular i ajuda a oxigenar la sang. Al final de les cames t\u00e9 un grip de silicona hipoal\u00b7lerg\u00e8nica al seu interior. Aquest mant\u00e9 la pe\u00e7a ben subjecta a la cama.<\/p>\n","protected":false},"featured_media":223066,"comment_status":"closed","ping_status":"closed","template":"","meta":{"_acf_changed":false},"product_brand":[],"product_cat":[4141,4137],"product_tag":[],"custom_category":[],"range":[],"class_list":{"0":"post-218538","1":"product","2":"type-product","3":"status-publish","4":"has-post-thumbnail","6":"product_cat-mono-triatlo","7":"product_cat-triatlo","8":"pa_climatologia-calor-ca","9":"pa_deporte-triatlo","10":"pa_genero-dona","11":"pa_patronaje-fit-ca","12":"pa_talla-l-ca","13":"pa_talla-m-ca","14":"pa_talla-s-ca","15":"pa_talla-xl-ca","16":"pa_talla-xs-ca","17":"pa_talla-xxl-ca","18":"pa_talla-xxxl-ca","19":"pa_tipo-de-prenda-trimono-ca","21":"first","22":"instock","23":"taxable","24":"shipping-taxable","25":"purchasable","26":"product-type-variable"},"acf":[],"yoast_head":"<!-- This site is optimized with the Yoast SEO plugin v27.3 - https:\/\/yoast.com\/product\/yoast-seo-wordpress\/ -->\n<title>Mono triatl\u00f3 llarga dist\u00e0ncia 2 peces POLKA + NICK (DONA)<\/title>\n<meta name=\"description\" content=\"Mono triatl\u00f3 de llarga dist\u00e0ncia. Part superior molt transpirable amb cremallera integral. Personalitza&#039;l amb el teu nom!\" \/>\n<meta name=\"robots\" content=\"index, follow, max-snippet:-1, max-image-preview:large, max-video-preview:-1\" \/>\n<link rel=\"canonical\" href=\"https:\/\/www.inverseteams.com\/ca\/producte\/mono-triatlo-llarga-distancia-2-peces-polka-dona\/\" \/>\n<meta property=\"og:locale\" content=\"ca_ES\" \/>\n<meta property=\"og:type\" content=\"article\" \/>\n<meta property=\"og:title\" content=\"Mono triatl\u00f3 llarga dist\u00e0ncia 2 peces POLKA + NICK (DONA)\" \/>\n<meta property=\"og:description\" content=\"Mono triatl\u00f3 de llarga dist\u00e0ncia. Part superior molt transpirable amb cremallera integral. Personalitza&#039;l amb el teu nom!\" \/>\n<meta property=\"og:url\" content=\"https:\/\/www.inverseteams.com\/ca\/producte\/mono-triatlo-llarga-distancia-2-peces-polka-dona\/\" \/>\n<meta property=\"og:site_name\" content=\"Inverseteams\" \/>\n<meta property=\"article:publisher\" content=\"https:\/\/www.facebook.com\/inverseteams\" \/>\n<meta property=\"article:modified_time\" content=\"2024-11-15T13:05:30+00:00\" \/>\n<meta property=\"og:image\" content=\"https:\/\/www.inverseteams.com\/wp-content\/uploads\/TRITRAJE-LARGA-DISTANCIA-MUJER-POLKA-1.jpg\" \/>\n\t<meta property=\"og:image:width\" content=\"1500\" \/>\n\t<meta property=\"og:image:height\" content=\"1612\" \/>\n\t<meta property=\"og:image:type\" content=\"image\/jpeg\" \/>\n<meta name=\"twitter:card\" content=\"summary_large_image\" \/>\n<meta name=\"twitter:label1\" content=\"Temps estimat de lectura\" \/>\n\t<meta name=\"twitter:data1\" content=\"2 minut\" \/>\n<script type=\"application\/ld+json\" class=\"yoast-schema-graph\">{\"@context\":\"https:\\\/\\\/schema.org\",\"@graph\":[{\"@type\":\"WebPage\",\"@id\":\"https:\\\/\\\/www.inverseteams.com\\\/ca\\\/producte\\\/mono-triatlo-llarga-distancia-2-peces-polka-dona\\\/\",\"url\":\"https:\\\/\\\/www.inverseteams.com\\\/ca\\\/producte\\\/mono-triatlo-llarga-distancia-2-peces-polka-dona\\\/\",\"name\":\"Mono triatl\u00f3 llarga dist\u00e0ncia 2 peces POLKA + NICK (DONA)\",\"isPartOf\":{\"@id\":\"https:\\\/\\\/www.inverseteams.com\\\/ca\\\/#website\"},\"primaryImageOfPage\":{\"@id\":\"https:\\\/\\\/www.inverseteams.com\\\/ca\\\/producte\\\/mono-triatlo-llarga-distancia-2-peces-polka-dona\\\/#primaryimage\"},\"image\":{\"@id\":\"https:\\\/\\\/www.inverseteams.com\\\/ca\\\/producte\\\/mono-triatlo-llarga-distancia-2-peces-polka-dona\\\/#primaryimage\"},\"thumbnailUrl\":\"https:\\\/\\\/www.inverseteams.com\\\/wp-content\\\/uploads\\\/TRITRAJE-LARGA-DISTANCIA-MUJER-POLKA-1.jpg\",\"datePublished\":\"2024-10-09T08:52:35+00:00\",\"dateModified\":\"2024-11-15T13:05:30+00:00\",\"description\":\"Mono triatl\u00f3 de llarga dist\u00e0ncia. Part superior molt transpirable amb cremallera integral. Personalitza'l amb el teu nom!\",\"breadcrumb\":{\"@id\":\"https:\\\/\\\/www.inverseteams.com\\\/ca\\\/producte\\\/mono-triatlo-llarga-distancia-2-peces-polka-dona\\\/#breadcrumb\"},\"inLanguage\":\"ca\",\"potentialAction\":[{\"@type\":\"ReadAction\",\"target\":[\"https:\\\/\\\/www.inverseteams.com\\\/ca\\\/producte\\\/mono-triatlo-llarga-distancia-2-peces-polka-dona\\\/\"]}]},{\"@type\":\"ImageObject\",\"inLanguage\":\"ca\",\"@id\":\"https:\\\/\\\/www.inverseteams.com\\\/ca\\\/producte\\\/mono-triatlo-llarga-distancia-2-peces-polka-dona\\\/#primaryimage\",\"url\":\"https:\\\/\\\/www.inverseteams.com\\\/wp-content\\\/uploads\\\/TRITRAJE-LARGA-DISTANCIA-MUJER-POLKA-1.jpg\",\"contentUrl\":\"https:\\\/\\\/www.inverseteams.com\\\/wp-content\\\/uploads\\\/TRITRAJE-LARGA-DISTANCIA-MUJER-POLKA-1.jpg\",\"width\":1500,\"height\":1612,\"caption\":\"TRIFONCTION LONGUE DISTANCE FEMME POLKA\"},{\"@type\":\"BreadcrumbList\",\"@id\":\"https:\\\/\\\/www.inverseteams.com\\\/ca\\\/producte\\\/mono-triatlo-llarga-distancia-2-peces-polka-dona\\\/#breadcrumb\",\"itemListElement\":[{\"@type\":\"ListItem\",\"position\":1,\"name\":\"Portada\",\"item\":\"https:\\\/\\\/www.inverseteams.com\\\/ca\\\/pagina-principal\\\/\"},{\"@type\":\"ListItem\",\"position\":2,\"name\":\"Botiga\",\"item\":\"https:\\\/\\\/www.inverseteams.com\\\/ca\\\/botiga\\\/\"},{\"@type\":\"ListItem\",\"position\":3,\"name\":\"Mono triatl\u00f3 llarga dist\u00e0ncia 2 peces POLKA + NICK (DONA)\"}]},{\"@type\":\"WebSite\",\"@id\":\"https:\\\/\\\/www.inverseteams.com\\\/ca\\\/#website\",\"url\":\"https:\\\/\\\/www.inverseteams.com\\\/ca\\\/\",\"name\":\"Inverseteams\",\"description\":\"Tu marca de ropa deportiva personalizada\",\"publisher\":{\"@id\":\"https:\\\/\\\/www.inverseteams.com\\\/ca\\\/#organization\"},\"potentialAction\":[{\"@type\":\"SearchAction\",\"target\":{\"@type\":\"EntryPoint\",\"urlTemplate\":\"https:\\\/\\\/www.inverseteams.com\\\/ca\\\/?s={search_term_string}\"},\"query-input\":{\"@type\":\"PropertyValueSpecification\",\"valueRequired\":true,\"valueName\":\"search_term_string\"}}],\"inLanguage\":\"ca\"},{\"@type\":\"Organization\",\"@id\":\"https:\\\/\\\/www.inverseteams.com\\\/ca\\\/#organization\",\"name\":\"Inverse Teams\",\"url\":\"https:\\\/\\\/www.inverseteams.com\\\/ca\\\/\",\"logo\":{\"@type\":\"ImageObject\",\"inLanguage\":\"ca\",\"@id\":\"https:\\\/\\\/www.inverseteams.com\\\/ca\\\/#\\\/schema\\\/logo\\\/image\\\/\",\"url\":\"http:\\\/\\\/www.inverseteams.com\\\/wp-content\\\/uploads\\\/2021\\\/03\\\/logo-inverse-teams.png\",\"contentUrl\":\"http:\\\/\\\/www.inverseteams.com\\\/wp-content\\\/uploads\\\/2021\\\/03\\\/logo-inverse-teams.png\",\"width\":294,\"height\":99,\"caption\":\"Inverse Teams\"},\"image\":{\"@id\":\"https:\\\/\\\/www.inverseteams.com\\\/ca\\\/#\\\/schema\\\/logo\\\/image\\\/\"},\"sameAs\":[\"https:\\\/\\\/www.facebook.com\\\/inverseteams\",\"http:\\\/\\\/instagram.com\\\/inverseteams\",\"https:\\\/\\\/www.linkedin.com\\\/company\\\/inverse-cirosport-s-l-?trk=job_view_topcard_company_name\",\"http:\\\/\\\/www.pinterest.com\\\/inverseteams\\\/\",\"http:\\\/\\\/www.youtube.com\\\/user\\\/inverseteams?feature=watch\"]}]}<\/script>\n<!-- \/ Yoast SEO plugin. -->","yoast_head_json":{"title":"Mono triatl\u00f3 llarga dist\u00e0ncia 2 peces POLKA + NICK (DONA)","description":"Mono triatl\u00f3 de llarga dist\u00e0ncia. Part superior molt transpirable amb cremallera integral. Personalitza'l amb el teu nom!","robots":{"index":"index","follow":"follow","max-snippet":"max-snippet:-1","max-image-preview":"max-image-preview:large","max-video-preview":"max-video-preview:-1"},"canonical":"https:\/\/www.inverseteams.com\/ca\/producte\/mono-triatlo-llarga-distancia-2-peces-polka-dona\/","og_locale":"ca_ES","og_type":"article","og_title":"Mono triatl\u00f3 llarga dist\u00e0ncia 2 peces POLKA + NICK (DONA)","og_description":"Mono triatl\u00f3 de llarga dist\u00e0ncia. Part superior molt transpirable amb cremallera integral. Personalitza'l amb el teu nom!","og_url":"https:\/\/www.inverseteams.com\/ca\/producte\/mono-triatlo-llarga-distancia-2-peces-polka-dona\/","og_site_name":"Inverseteams","article_publisher":"https:\/\/www.facebook.com\/inverseteams","article_modified_time":"2024-11-15T13:05:30+00:00","og_image":[{"width":1500,"height":1612,"url":"https:\/\/www.inverseteams.com\/wp-content\/uploads\/TRITRAJE-LARGA-DISTANCIA-MUJER-POLKA-1.jpg","type":"image\/jpeg"}],"twitter_card":"summary_large_image","twitter_misc":{"Temps estimat de lectura":"2 minut"},"schema":{"@context":"https:\/\/schema.org","@graph":[{"@type":"WebPage","@id":"https:\/\/www.inverseteams.com\/ca\/producte\/mono-triatlo-llarga-distancia-2-peces-polka-dona\/","url":"https:\/\/www.inverseteams.com\/ca\/producte\/mono-triatlo-llarga-distancia-2-peces-polka-dona\/","name":"Mono triatl\u00f3 llarga dist\u00e0ncia 2 peces POLKA + NICK (DONA)","isPartOf":{"@id":"https:\/\/www.inverseteams.com\/ca\/#website"},"primaryImageOfPage":{"@id":"https:\/\/www.inverseteams.com\/ca\/producte\/mono-triatlo-llarga-distancia-2-peces-polka-dona\/#primaryimage"},"image":{"@id":"https:\/\/www.inverseteams.com\/ca\/producte\/mono-triatlo-llarga-distancia-2-peces-polka-dona\/#primaryimage"},"thumbnailUrl":"https:\/\/www.inverseteams.com\/wp-content\/uploads\/TRITRAJE-LARGA-DISTANCIA-MUJER-POLKA-1.jpg","datePublished":"2024-10-09T08:52:35+00:00","dateModified":"2024-11-15T13:05:30+00:00","description":"Mono triatl\u00f3 de llarga dist\u00e0ncia. Part superior molt transpirable amb cremallera integral. Personalitza'l amb el teu nom!","breadcrumb":{"@id":"https:\/\/www.inverseteams.com\/ca\/producte\/mono-triatlo-llarga-distancia-2-peces-polka-dona\/#breadcrumb"},"inLanguage":"ca","potentialAction":[{"@type":"ReadAction","target":["https:\/\/www.inverseteams.com\/ca\/producte\/mono-triatlo-llarga-distancia-2-peces-polka-dona\/"]}]},{"@type":"ImageObject","inLanguage":"ca","@id":"https:\/\/www.inverseteams.com\/ca\/producte\/mono-triatlo-llarga-distancia-2-peces-polka-dona\/#primaryimage","url":"https:\/\/www.inverseteams.com\/wp-content\/uploads\/TRITRAJE-LARGA-DISTANCIA-MUJER-POLKA-1.jpg","contentUrl":"https:\/\/www.inverseteams.com\/wp-content\/uploads\/TRITRAJE-LARGA-DISTANCIA-MUJER-POLKA-1.jpg","width":1500,"height":1612,"caption":"TRIFONCTION LONGUE DISTANCE FEMME POLKA"},{"@type":"BreadcrumbList","@id":"https:\/\/www.inverseteams.com\/ca\/producte\/mono-triatlo-llarga-distancia-2-peces-polka-dona\/#breadcrumb","itemListElement":[{"@type":"ListItem","position":1,"name":"Portada","item":"https:\/\/www.inverseteams.com\/ca\/pagina-principal\/"},{"@type":"ListItem","position":2,"name":"Botiga","item":"https:\/\/www.inverseteams.com\/ca\/botiga\/"},{"@type":"ListItem","position":3,"name":"Mono triatl\u00f3 llarga dist\u00e0ncia 2 peces POLKA + NICK (DONA)"}]},{"@type":"WebSite","@id":"https:\/\/www.inverseteams.com\/ca\/#website","url":"https:\/\/www.inverseteams.com\/ca\/","name":"Inverseteams","description":"Tu marca de ropa deportiva personalizada","publisher":{"@id":"https:\/\/www.inverseteams.com\/ca\/#organization"},"potentialAction":[{"@type":"SearchAction","target":{"@type":"EntryPoint","urlTemplate":"https:\/\/www.inverseteams.com\/ca\/?s={search_term_string}"},"query-input":{"@type":"PropertyValueSpecification","valueRequired":true,"valueName":"search_term_string"}}],"inLanguage":"ca"},{"@type":"Organization","@id":"https:\/\/www.inverseteams.com\/ca\/#organization","name":"Inverse Teams","url":"https:\/\/www.inverseteams.com\/ca\/","logo":{"@type":"ImageObject","inLanguage":"ca","@id":"https:\/\/www.inverseteams.com\/ca\/#\/schema\/logo\/image\/","url":"https:\/\/www.inverseteams.com\/wp-content\/uploads\/2021\/03\/logo-inverse-teams.png","contentUrl":"https:\/\/www.inverseteams.com\/wp-content\/uploads\/2021\/03\/logo-inverse-teams.png","width":294,"height":99,"caption":"Inverse Teams"},"image":{"@id":"https:\/\/www.inverseteams.com\/ca\/#\/schema\/logo\/image\/"},"sameAs":["https:\/\/www.facebook.com\/inverseteams","http:\/\/instagram.com\/inverseteams","https:\/\/www.linkedin.com\/company\/inverse-cirosport-s-l-?trk=job_view_topcard_company_name","http:\/\/www.pinterest.com\/inverseteams\/","http:\/\/www.youtube.com\/user\/inverseteams?feature=watch"]}]}},"_links":{"self":[{"href":"https:\/\/www.inverseteams.com\/ca\/wp-json\/wp\/v2\/product\/218538","targetHints":{"allow":["GET"]}}],"collection":[{"href":"https:\/\/www.inverseteams.com\/ca\/wp-json\/wp\/v2\/product"}],"about":[{"href":"https:\/\/www.inverseteams.com\/ca\/wp-json\/wp\/v2\/types\/product"}],"replies":[{"embeddable":true,"href":"https:\/\/www.inverseteams.com\/ca\/wp-json\/wp\/v2\/comments?post=218538"}],"wp:featuredmedia":[{"embeddable":true,"href":"https:\/\/www.inverseteams.com\/ca\/wp-json\/wp\/v2\/media\/223066"}],"wp:attachment":[{"href":"https:\/\/www.inverseteams.com\/ca\/wp-json\/wp\/v2\/media?parent=218538"}],"wp:term":[{"taxonomy":"product_brand","embeddable":true,"href":"https:\/\/www.inverseteams.com\/ca\/wp-json\/wp\/v2\/product_brand?post=218538"},{"taxonomy":"product_cat","embeddable":true,"href":"https:\/\/www.inverseteams.com\/ca\/wp-json\/wp\/v2\/product_cat?post=218538"},{"taxonomy":"product_tag","embeddable":true,"href":"https:\/\/www.inverseteams.com\/ca\/wp-json\/wp\/v2\/product_tag?post=218538"},{"taxonomy":"custom_category","embeddable":true,"href":"https:\/\/www.inverseteams.com\/ca\/wp-json\/wp\/v2\/custom_category?post=218538"},{"taxonomy":"range","embeddable":true,"href":"https:\/\/www.inverseteams.com\/ca\/wp-json\/wp\/v2\/range?post=218538"}],"curies":[{"name":"wp","href":"https:\/\/api.w.org\/{rel}","templated":true}]}}