{"id":209440,"date":"2024-07-26T13:04:53","date_gmt":"2024-07-26T13:23:19","guid":{"rendered":"https:\/\/www.inverseteams.com\/?post_type=product&#038;p=209440"},"modified":"2025-05-22T00:02:05","modified_gmt":"2025-05-22T00:02:05","slug":"mallot-symbiosis-vanir-dark-grey-unisex","status":"publish","type":"product","link":"https:\/\/www.inverseteams.com\/ca\/producte\/mallot-symbiosis-vanir-dark-grey-unisex\/","title":{"rendered":"Mallot SYMBIOSIS VANIR DARK GREY (UNISEX)"},"content":{"rendered":"<p>El nou mallot SYMBIOSIS est\u00e0 fabricat amb teixits d&#8217;\u00faltima generaci\u00f3 amb almenys un 70% d&#8217;origen reciclat.<br \/>\nTintats amb el proc\u00e9s Naturdyes\u00ae Technology. Tots els productes que intervenen al tintat s\u00f3n 100% naturals, d&#8217;origen vegetal i mineral. No generen cap residu t\u00f2xic. Aquesta t\u00e8cnica consumeix un 70% menys d&#8217;aigua que un proc\u00e9s convencional. A m\u00e9s, en tintar a baixa temperatura aconseguim una efici\u00e8ncia energ\u00e8tica m\u00e9s gran i disminu\u00efm la petjada de carboni.<br \/>\nEls teixits han estat seleccionats pel seu tacte especialment agradable, la seva lleugeresa i elasticitat. S&#8217;adapten molt b\u00e9 al cos i a totes les posicions i moviments. L&#8217;interior \u00e9s c\u00e0lid, per\u00f2 permet expulsar la suor. La sensaci\u00f3 de confort \u00e9s extraordin\u00e0ria.<br \/>\nEl coll ergon\u00f2mic s&#8217;hi adapta perfectament i evita l&#8217;entrada d&#8217;aire. T\u00e9 una cremallera integral amb el sistema antipull. A la zona posterior de la cintura, perqu\u00e8 el mallot estigui ben arrapat al cos, t\u00e9 una banda el\u00e0stica amb un grip de silicona a l&#8217;interior i al davant t\u00e9 un rivet el\u00e0stic que no notar\u00e0s durant tot l&#8217;exercici.<br \/>\nA la zona lumbar incorpora 3 butxaques dobles. Les interiors incorporen el sistema de seguretat ISP i les exteriors s\u00f3n el\u00e0stiques i tenen un grip interior.<\/p>\n","protected":false},"excerpt":{"rendered":"<p>El nou mallot SYMBIOSIS est\u00e0 fabricat amb teixits d&#8217;\u00faltima generaci\u00f3 amb almenys un 70% d&#8217;origen reciclat.<br \/>\nTintats amb el proc\u00e9s Naturdyes\u00ae Technology. Tots els productes que intervenen al tintat s\u00f3n 100% naturals, d&#8217;origen vegetal i mineral. No generen cap residu t\u00f2xic. Aquesta t\u00e8cnica consumeix un 70% menys d&#8217;aigua que un proc\u00e9s convencional. A m\u00e9s, en tintar a baixa temperatura aconseguim una efici\u00e8ncia energ\u00e8tica m\u00e9s gran i disminu\u00efm la petjada de carboni.<br \/>\nEls teixits han estat seleccionats pel seu tacte especialment agradable, la seva lleugeresa i elasticitat. S&#8217;adapten molt b\u00e9 al cos i a totes les posicions i moviments. L&#8217;interior \u00e9s c\u00e0lid, per\u00f2 permet expulsar la suor. La sensaci\u00f3 de confort \u00e9s extraordin\u00e0ria.<br \/>\nEl coll ergon\u00f2mic s&#8217;hi adapta perfectament i evita l&#8217;entrada d&#8217;aire. T\u00e9 una cremallera integral amb el sistema antipull. A la zona posterior de la cintura, perqu\u00e8 el mallot estigui ben arrapat al cos, t\u00e9 una banda el\u00e0stica amb un grip de silicona a l&#8217;interior i al davant t\u00e9 un rivet el\u00e0stic que no notar\u00e0s durant tot l&#8217;exercici.<br \/>\nA la zona lumbar incorpora 3 butxaques dobles. Les interiors incorporen el sistema de seguretat ISP i les exteriors s\u00f3n el\u00e0stiques i tenen un grip interior.<\/p>\n","protected":false},"featured_media":208956,"comment_status":"closed","ping_status":"closed","template":"","meta":{"_acf_changed":false},"product_brand":[],"product_cat":[4120,9947,7175],"product_tag":[],"custom_category":[],"range":[],"class_list":{"0":"post-209440","1":"product","2":"type-product","3":"status-publish","4":"has-post-thumbnail","6":"product_cat-mallot-ciclista","7":"product_cat-gravel-cat","8":"product_cat-b2b-ca","9":"pa_climatologia-fred","10":"pa_deporte-ciclisme","11":"pa_deporte-gravel-ca","12":"pa_genero-home","13":"pa_genero-dona","14":"pa_patronaje-fit-ca","15":"pa_talla-s-ca","16":"pa_talla-xl-ca","17":"pa_talla-xs-ca","18":"pa_talla-xxl-ca","19":"pa_talla-l-ca","20":"pa_talla-m-ca","21":"pa_tipo-de-prenda-mallot-maniga-llarga","23":"first","24":"instock","25":"taxable","26":"shipping-taxable","27":"purchasable","28":"product-type-variable","29":"has-default-attributes"},"acf":[],"yoast_head":"<!-- This site is optimized with the Yoast SEO plugin v27.3 - https:\/\/yoast.com\/product\/yoast-seo-wordpress\/ -->\n<title>Mallot SYMBIOSIS VANIR DARK GREY (UNISEX)<\/title>\n<meta name=\"description\" content=\"El nou mallot SYMBIOSIS est\u00e0 fabricat amb teixits d&#039;\u00faltima generaci\u00f3 amb almenys un 70% d&#039;origen reciclat. Tintats amb el proc\u00e9s Naturdyes\u00ae Technology. Tots els productes que intervenen al tintat s\u00f3n 100% naturals, d&#039;origen vegetal i mineral. No generen cap residu t\u00f2xic. Aquesta t\u00e8cnica consumeix un 70% menys d&#039;aigua que un proc\u00e9s convencional. A m\u00e9s, en tintar a baixa temperatura aconseguim una efici\u00e8ncia energ\u00e8tica m\u00e9s gran i disminu\u00efm la petjada de carboni. Els teixits han estat seleccionats pel seu tacte especialment agradable, la seva lleugeresa i elasticitat. S&#039;adapten molt b\u00e9 al cos i a totes les posicions i moviments. L&#039;interior \u00e9s c\u00e0lid, per\u00f2 permet expulsar la suor. La sensaci\u00f3 de confort \u00e9s extraordin\u00e0ria. El coll ergon\u00f2mic s&#039;hi adapta perfectament i evita l&#039;entrada d&#039;aire. T\u00e9 una cremallera integral amb el sistema antipull. A la zona posterior de la cintura, perqu\u00e8 el mallot estigui ben arrapat al cos, t\u00e9 una banda el\u00e0stica amb un grip de silicona a l&#039;interior i al davant t\u00e9 un rivet el\u00e0stic que no notar\u00e0s durant tot l&#039;exercici. A la zona lumbar incorpora 3 butxaques dobles. Les interiors incorporen el sistema de seguretat ISP i les exteriors s\u00f3n el\u00e0stiques i tenen un grip interior.\" \/>\n<meta name=\"robots\" content=\"index, follow, max-snippet:-1, max-image-preview:large, max-video-preview:-1\" \/>\n<link rel=\"canonical\" href=\"https:\/\/www.inverseteams.com\/ca\/producte\/mallot-symbiosis-vanir-dark-grey-unisex\/\" \/>\n<meta property=\"og:locale\" content=\"ca_ES\" \/>\n<meta property=\"og:type\" content=\"article\" \/>\n<meta property=\"og:title\" content=\"Mallot SYMBIOSIS VANIR DARK GREY (UNISEX)\" \/>\n<meta property=\"og:description\" content=\"El nou mallot SYMBIOSIS est\u00e0 fabricat amb teixits d&#039;\u00faltima generaci\u00f3 amb almenys un 70% d&#039;origen reciclat. Tintats amb el proc\u00e9s Naturdyes\u00ae Technology. Tots els productes que intervenen al tintat s\u00f3n 100% naturals, d&#039;origen vegetal i mineral. No generen cap residu t\u00f2xic. Aquesta t\u00e8cnica consumeix un 70% menys d&#039;aigua que un proc\u00e9s convencional. A m\u00e9s, en tintar a baixa temperatura aconseguim una efici\u00e8ncia energ\u00e8tica m\u00e9s gran i disminu\u00efm la petjada de carboni. Els teixits han estat seleccionats pel seu tacte especialment agradable, la seva lleugeresa i elasticitat. S&#039;adapten molt b\u00e9 al cos i a totes les posicions i moviments. L&#039;interior \u00e9s c\u00e0lid, per\u00f2 permet expulsar la suor. La sensaci\u00f3 de confort \u00e9s extraordin\u00e0ria. El coll ergon\u00f2mic s&#039;hi adapta perfectament i evita l&#039;entrada d&#039;aire. T\u00e9 una cremallera integral amb el sistema antipull. A la zona posterior de la cintura, perqu\u00e8 el mallot estigui ben arrapat al cos, t\u00e9 una banda el\u00e0stica amb un grip de silicona a l&#039;interior i al davant t\u00e9 un rivet el\u00e0stic que no notar\u00e0s durant tot l&#039;exercici. A la zona lumbar incorpora 3 butxaques dobles. Les interiors incorporen el sistema de seguretat ISP i les exteriors s\u00f3n el\u00e0stiques i tenen un grip interior.\" \/>\n<meta property=\"og:url\" content=\"https:\/\/www.inverseteams.com\/ca\/producte\/mallot-symbiosis-vanir-dark-grey-unisex\/\" \/>\n<meta property=\"og:site_name\" content=\"Inverseteams\" \/>\n<meta property=\"article:publisher\" content=\"https:\/\/www.facebook.com\/inverseteams\" \/>\n<meta property=\"article:modified_time\" content=\"2025-05-22T00:02:05+00:00\" \/>\n<meta property=\"og:image\" content=\"https:\/\/www.inverseteams.com\/wp-content\/uploads\/MAILLOT-INVIERNO-RECICLADO-SYMBIOSIS-DARKGREY-1.jpg\" \/>\n\t<meta property=\"og:image:width\" content=\"1500\" \/>\n\t<meta property=\"og:image:height\" content=\"1612\" \/>\n\t<meta property=\"og:image:type\" content=\"image\/jpeg\" \/>\n<meta name=\"twitter:card\" content=\"summary_large_image\" \/>\n<meta name=\"twitter:label1\" content=\"Temps estimat de lectura\" \/>\n\t<meta name=\"twitter:data1\" content=\"2 minut\" \/>\n<script type=\"application\/ld+json\" class=\"yoast-schema-graph\">{\"@context\":\"https:\\\/\\\/schema.org\",\"@graph\":[{\"@type\":\"WebPage\",\"@id\":\"https:\\\/\\\/www.inverseteams.com\\\/ca\\\/producte\\\/mallot-symbiosis-vanir-dark-grey-unisex\\\/\",\"url\":\"https:\\\/\\\/www.inverseteams.com\\\/ca\\\/producte\\\/mallot-symbiosis-vanir-dark-grey-unisex\\\/\",\"name\":\"Mallot SYMBIOSIS VANIR DARK GREY (UNISEX)\",\"isPartOf\":{\"@id\":\"https:\\\/\\\/www.inverseteams.com\\\/ca\\\/#website\"},\"primaryImageOfPage\":{\"@id\":\"https:\\\/\\\/www.inverseteams.com\\\/ca\\\/producte\\\/mallot-symbiosis-vanir-dark-grey-unisex\\\/#primaryimage\"},\"image\":{\"@id\":\"https:\\\/\\\/www.inverseteams.com\\\/ca\\\/producte\\\/mallot-symbiosis-vanir-dark-grey-unisex\\\/#primaryimage\"},\"thumbnailUrl\":\"https:\\\/\\\/www.inverseteams.com\\\/wp-content\\\/uploads\\\/MAILLOT-INVIERNO-RECICLADO-SYMBIOSIS-DARKGREY-1.jpg\",\"datePublished\":\"2024-07-26T13:23:19+00:00\",\"dateModified\":\"2025-05-22T00:02:05+00:00\",\"description\":\"El nou mallot SYMBIOSIS est\u00e0 fabricat amb teixits d'\u00faltima generaci\u00f3 amb almenys un 70% d'origen reciclat. Tintats amb el proc\u00e9s Naturdyes\u00ae Technology. Tots els productes que intervenen al tintat s\u00f3n 100% naturals, d'origen vegetal i mineral. No generen cap residu t\u00f2xic. Aquesta t\u00e8cnica consumeix un 70% menys d'aigua que un proc\u00e9s convencional. A m\u00e9s, en tintar a baixa temperatura aconseguim una efici\u00e8ncia energ\u00e8tica m\u00e9s gran i disminu\u00efm la petjada de carboni. Els teixits han estat seleccionats pel seu tacte especialment agradable, la seva lleugeresa i elasticitat. S'adapten molt b\u00e9 al cos i a totes les posicions i moviments. L'interior \u00e9s c\u00e0lid, per\u00f2 permet expulsar la suor. La sensaci\u00f3 de confort \u00e9s extraordin\u00e0ria. El coll ergon\u00f2mic s'hi adapta perfectament i evita l'entrada d'aire. T\u00e9 una cremallera integral amb el sistema antipull. A la zona posterior de la cintura, perqu\u00e8 el mallot estigui ben arrapat al cos, t\u00e9 una banda el\u00e0stica amb un grip de silicona a l'interior i al davant t\u00e9 un rivet el\u00e0stic que no notar\u00e0s durant tot l'exercici. A la zona lumbar incorpora 3 butxaques dobles. Les interiors incorporen el sistema de seguretat ISP i les exteriors s\u00f3n el\u00e0stiques i tenen un grip interior.\",\"breadcrumb\":{\"@id\":\"https:\\\/\\\/www.inverseteams.com\\\/ca\\\/producte\\\/mallot-symbiosis-vanir-dark-grey-unisex\\\/#breadcrumb\"},\"inLanguage\":\"ca\",\"potentialAction\":[{\"@type\":\"ReadAction\",\"target\":[\"https:\\\/\\\/www.inverseteams.com\\\/ca\\\/producte\\\/mallot-symbiosis-vanir-dark-grey-unisex\\\/\"]}]},{\"@type\":\"ImageObject\",\"inLanguage\":\"ca\",\"@id\":\"https:\\\/\\\/www.inverseteams.com\\\/ca\\\/producte\\\/mallot-symbiosis-vanir-dark-grey-unisex\\\/#primaryimage\",\"url\":\"https:\\\/\\\/www.inverseteams.com\\\/wp-content\\\/uploads\\\/MAILLOT-INVIERNO-RECICLADO-SYMBIOSIS-DARKGREY-1.jpg\",\"contentUrl\":\"https:\\\/\\\/www.inverseteams.com\\\/wp-content\\\/uploads\\\/MAILLOT-INVIERNO-RECICLADO-SYMBIOSIS-DARKGREY-1.jpg\",\"width\":1500,\"height\":1612,\"caption\":\"Mallot ciclismo reciclado SYMBIOSIS VANIR DARK GREY\"},{\"@type\":\"BreadcrumbList\",\"@id\":\"https:\\\/\\\/www.inverseteams.com\\\/ca\\\/producte\\\/mallot-symbiosis-vanir-dark-grey-unisex\\\/#breadcrumb\",\"itemListElement\":[{\"@type\":\"ListItem\",\"position\":1,\"name\":\"Portada\",\"item\":\"https:\\\/\\\/www.inverseteams.com\\\/ca\\\/pagina-principal\\\/\"},{\"@type\":\"ListItem\",\"position\":2,\"name\":\"Botiga\",\"item\":\"https:\\\/\\\/www.inverseteams.com\\\/ca\\\/botiga\\\/\"},{\"@type\":\"ListItem\",\"position\":3,\"name\":\"Mallot SYMBIOSIS VANIR DARK GREY (UNISEX)\"}]},{\"@type\":\"WebSite\",\"@id\":\"https:\\\/\\\/www.inverseteams.com\\\/ca\\\/#website\",\"url\":\"https:\\\/\\\/www.inverseteams.com\\\/ca\\\/\",\"name\":\"Inverseteams\",\"description\":\"Tu marca de ropa deportiva personalizada\",\"publisher\":{\"@id\":\"https:\\\/\\\/www.inverseteams.com\\\/ca\\\/#organization\"},\"potentialAction\":[{\"@type\":\"SearchAction\",\"target\":{\"@type\":\"EntryPoint\",\"urlTemplate\":\"https:\\\/\\\/www.inverseteams.com\\\/ca\\\/?s={search_term_string}\"},\"query-input\":{\"@type\":\"PropertyValueSpecification\",\"valueRequired\":true,\"valueName\":\"search_term_string\"}}],\"inLanguage\":\"ca\"},{\"@type\":\"Organization\",\"@id\":\"https:\\\/\\\/www.inverseteams.com\\\/ca\\\/#organization\",\"name\":\"Inverse Teams\",\"url\":\"https:\\\/\\\/www.inverseteams.com\\\/ca\\\/\",\"logo\":{\"@type\":\"ImageObject\",\"inLanguage\":\"ca\",\"@id\":\"https:\\\/\\\/www.inverseteams.com\\\/ca\\\/#\\\/schema\\\/logo\\\/image\\\/\",\"url\":\"https:\\\/\\\/www.inverseteams.com\\\/wp-content\\\/uploads\\\/2021\\\/03\\\/logo-inverse-teams.png\",\"contentUrl\":\"https:\\\/\\\/www.inverseteams.com\\\/wp-content\\\/uploads\\\/2021\\\/03\\\/logo-inverse-teams.png\",\"width\":294,\"height\":99,\"caption\":\"Inverse Teams\"},\"image\":{\"@id\":\"https:\\\/\\\/www.inverseteams.com\\\/ca\\\/#\\\/schema\\\/logo\\\/image\\\/\"},\"sameAs\":[\"https:\\\/\\\/www.facebook.com\\\/inverseteams\",\"http:\\\/\\\/instagram.com\\\/inverseteams\",\"https:\\\/\\\/www.linkedin.com\\\/company\\\/inverse-cirosport-s-l-?trk=job_view_topcard_company_name\",\"http:\\\/\\\/www.pinterest.com\\\/inverseteams\\\/\",\"http:\\\/\\\/www.youtube.com\\\/user\\\/inverseteams?feature=watch\"]}]}<\/script>\n<!-- \/ Yoast SEO plugin. -->","yoast_head_json":{"title":"Mallot SYMBIOSIS VANIR DARK GREY (UNISEX)","description":"El nou mallot SYMBIOSIS est\u00e0 fabricat amb teixits d'\u00faltima generaci\u00f3 amb almenys un 70% d'origen reciclat. Tintats amb el proc\u00e9s Naturdyes\u00ae Technology. Tots els productes que intervenen al tintat s\u00f3n 100% naturals, d'origen vegetal i mineral. No generen cap residu t\u00f2xic. Aquesta t\u00e8cnica consumeix un 70% menys d'aigua que un proc\u00e9s convencional. A m\u00e9s, en tintar a baixa temperatura aconseguim una efici\u00e8ncia energ\u00e8tica m\u00e9s gran i disminu\u00efm la petjada de carboni. Els teixits han estat seleccionats pel seu tacte especialment agradable, la seva lleugeresa i elasticitat. S'adapten molt b\u00e9 al cos i a totes les posicions i moviments. L'interior \u00e9s c\u00e0lid, per\u00f2 permet expulsar la suor. La sensaci\u00f3 de confort \u00e9s extraordin\u00e0ria. El coll ergon\u00f2mic s'hi adapta perfectament i evita l'entrada d'aire. T\u00e9 una cremallera integral amb el sistema antipull. A la zona posterior de la cintura, perqu\u00e8 el mallot estigui ben arrapat al cos, t\u00e9 una banda el\u00e0stica amb un grip de silicona a l'interior i al davant t\u00e9 un rivet el\u00e0stic que no notar\u00e0s durant tot l'exercici. A la zona lumbar incorpora 3 butxaques dobles. Les interiors incorporen el sistema de seguretat ISP i les exteriors s\u00f3n el\u00e0stiques i tenen un grip interior.","robots":{"index":"index","follow":"follow","max-snippet":"max-snippet:-1","max-image-preview":"max-image-preview:large","max-video-preview":"max-video-preview:-1"},"canonical":"https:\/\/www.inverseteams.com\/ca\/producte\/mallot-symbiosis-vanir-dark-grey-unisex\/","og_locale":"ca_ES","og_type":"article","og_title":"Mallot SYMBIOSIS VANIR DARK GREY (UNISEX)","og_description":"El nou mallot SYMBIOSIS est\u00e0 fabricat amb teixits d'\u00faltima generaci\u00f3 amb almenys un 70% d'origen reciclat. Tintats amb el proc\u00e9s Naturdyes\u00ae Technology. Tots els productes que intervenen al tintat s\u00f3n 100% naturals, d'origen vegetal i mineral. No generen cap residu t\u00f2xic. Aquesta t\u00e8cnica consumeix un 70% menys d'aigua que un proc\u00e9s convencional. A m\u00e9s, en tintar a baixa temperatura aconseguim una efici\u00e8ncia energ\u00e8tica m\u00e9s gran i disminu\u00efm la petjada de carboni. Els teixits han estat seleccionats pel seu tacte especialment agradable, la seva lleugeresa i elasticitat. S'adapten molt b\u00e9 al cos i a totes les posicions i moviments. L'interior \u00e9s c\u00e0lid, per\u00f2 permet expulsar la suor. La sensaci\u00f3 de confort \u00e9s extraordin\u00e0ria. El coll ergon\u00f2mic s'hi adapta perfectament i evita l'entrada d'aire. T\u00e9 una cremallera integral amb el sistema antipull. A la zona posterior de la cintura, perqu\u00e8 el mallot estigui ben arrapat al cos, t\u00e9 una banda el\u00e0stica amb un grip de silicona a l'interior i al davant t\u00e9 un rivet el\u00e0stic que no notar\u00e0s durant tot l'exercici. A la zona lumbar incorpora 3 butxaques dobles. Les interiors incorporen el sistema de seguretat ISP i les exteriors s\u00f3n el\u00e0stiques i tenen un grip interior.","og_url":"https:\/\/www.inverseteams.com\/ca\/producte\/mallot-symbiosis-vanir-dark-grey-unisex\/","og_site_name":"Inverseteams","article_publisher":"https:\/\/www.facebook.com\/inverseteams","article_modified_time":"2025-05-22T00:02:05+00:00","og_image":[{"width":1500,"height":1612,"url":"https:\/\/www.inverseteams.com\/wp-content\/uploads\/MAILLOT-INVIERNO-RECICLADO-SYMBIOSIS-DARKGREY-1.jpg","type":"image\/jpeg"}],"twitter_card":"summary_large_image","twitter_misc":{"Temps estimat de lectura":"2 minut"},"schema":{"@context":"https:\/\/schema.org","@graph":[{"@type":"WebPage","@id":"https:\/\/www.inverseteams.com\/ca\/producte\/mallot-symbiosis-vanir-dark-grey-unisex\/","url":"https:\/\/www.inverseteams.com\/ca\/producte\/mallot-symbiosis-vanir-dark-grey-unisex\/","name":"Mallot SYMBIOSIS VANIR DARK GREY (UNISEX)","isPartOf":{"@id":"https:\/\/www.inverseteams.com\/ca\/#website"},"primaryImageOfPage":{"@id":"https:\/\/www.inverseteams.com\/ca\/producte\/mallot-symbiosis-vanir-dark-grey-unisex\/#primaryimage"},"image":{"@id":"https:\/\/www.inverseteams.com\/ca\/producte\/mallot-symbiosis-vanir-dark-grey-unisex\/#primaryimage"},"thumbnailUrl":"https:\/\/www.inverseteams.com\/wp-content\/uploads\/MAILLOT-INVIERNO-RECICLADO-SYMBIOSIS-DARKGREY-1.jpg","datePublished":"2024-07-26T13:23:19+00:00","dateModified":"2025-05-22T00:02:05+00:00","description":"El nou mallot SYMBIOSIS est\u00e0 fabricat amb teixits d'\u00faltima generaci\u00f3 amb almenys un 70% d'origen reciclat. Tintats amb el proc\u00e9s Naturdyes\u00ae Technology. Tots els productes que intervenen al tintat s\u00f3n 100% naturals, d'origen vegetal i mineral. No generen cap residu t\u00f2xic. Aquesta t\u00e8cnica consumeix un 70% menys d'aigua que un proc\u00e9s convencional. A m\u00e9s, en tintar a baixa temperatura aconseguim una efici\u00e8ncia energ\u00e8tica m\u00e9s gran i disminu\u00efm la petjada de carboni. Els teixits han estat seleccionats pel seu tacte especialment agradable, la seva lleugeresa i elasticitat. S'adapten molt b\u00e9 al cos i a totes les posicions i moviments. L'interior \u00e9s c\u00e0lid, per\u00f2 permet expulsar la suor. La sensaci\u00f3 de confort \u00e9s extraordin\u00e0ria. El coll ergon\u00f2mic s'hi adapta perfectament i evita l'entrada d'aire. T\u00e9 una cremallera integral amb el sistema antipull. A la zona posterior de la cintura, perqu\u00e8 el mallot estigui ben arrapat al cos, t\u00e9 una banda el\u00e0stica amb un grip de silicona a l'interior i al davant t\u00e9 un rivet el\u00e0stic que no notar\u00e0s durant tot l'exercici. A la zona lumbar incorpora 3 butxaques dobles. Les interiors incorporen el sistema de seguretat ISP i les exteriors s\u00f3n el\u00e0stiques i tenen un grip interior.","breadcrumb":{"@id":"https:\/\/www.inverseteams.com\/ca\/producte\/mallot-symbiosis-vanir-dark-grey-unisex\/#breadcrumb"},"inLanguage":"ca","potentialAction":[{"@type":"ReadAction","target":["https:\/\/www.inverseteams.com\/ca\/producte\/mallot-symbiosis-vanir-dark-grey-unisex\/"]}]},{"@type":"ImageObject","inLanguage":"ca","@id":"https:\/\/www.inverseteams.com\/ca\/producte\/mallot-symbiosis-vanir-dark-grey-unisex\/#primaryimage","url":"https:\/\/www.inverseteams.com\/wp-content\/uploads\/MAILLOT-INVIERNO-RECICLADO-SYMBIOSIS-DARKGREY-1.jpg","contentUrl":"https:\/\/www.inverseteams.com\/wp-content\/uploads\/MAILLOT-INVIERNO-RECICLADO-SYMBIOSIS-DARKGREY-1.jpg","width":1500,"height":1612,"caption":"Mallot ciclismo reciclado SYMBIOSIS VANIR DARK GREY"},{"@type":"BreadcrumbList","@id":"https:\/\/www.inverseteams.com\/ca\/producte\/mallot-symbiosis-vanir-dark-grey-unisex\/#breadcrumb","itemListElement":[{"@type":"ListItem","position":1,"name":"Portada","item":"https:\/\/www.inverseteams.com\/ca\/pagina-principal\/"},{"@type":"ListItem","position":2,"name":"Botiga","item":"https:\/\/www.inverseteams.com\/ca\/botiga\/"},{"@type":"ListItem","position":3,"name":"Mallot SYMBIOSIS VANIR DARK GREY (UNISEX)"}]},{"@type":"WebSite","@id":"https:\/\/www.inverseteams.com\/ca\/#website","url":"https:\/\/www.inverseteams.com\/ca\/","name":"Inverseteams","description":"Tu marca de ropa deportiva personalizada","publisher":{"@id":"https:\/\/www.inverseteams.com\/ca\/#organization"},"potentialAction":[{"@type":"SearchAction","target":{"@type":"EntryPoint","urlTemplate":"https:\/\/www.inverseteams.com\/ca\/?s={search_term_string}"},"query-input":{"@type":"PropertyValueSpecification","valueRequired":true,"valueName":"search_term_string"}}],"inLanguage":"ca"},{"@type":"Organization","@id":"https:\/\/www.inverseteams.com\/ca\/#organization","name":"Inverse Teams","url":"https:\/\/www.inverseteams.com\/ca\/","logo":{"@type":"ImageObject","inLanguage":"ca","@id":"https:\/\/www.inverseteams.com\/ca\/#\/schema\/logo\/image\/","url":"https:\/\/www.inverseteams.com\/wp-content\/uploads\/2021\/03\/logo-inverse-teams.png","contentUrl":"https:\/\/www.inverseteams.com\/wp-content\/uploads\/2021\/03\/logo-inverse-teams.png","width":294,"height":99,"caption":"Inverse Teams"},"image":{"@id":"https:\/\/www.inverseteams.com\/ca\/#\/schema\/logo\/image\/"},"sameAs":["https:\/\/www.facebook.com\/inverseteams","http:\/\/instagram.com\/inverseteams","https:\/\/www.linkedin.com\/company\/inverse-cirosport-s-l-?trk=job_view_topcard_company_name","http:\/\/www.pinterest.com\/inverseteams\/","http:\/\/www.youtube.com\/user\/inverseteams?feature=watch"]}]}},"_links":{"self":[{"href":"https:\/\/www.inverseteams.com\/ca\/wp-json\/wp\/v2\/product\/209440","targetHints":{"allow":["GET"]}}],"collection":[{"href":"https:\/\/www.inverseteams.com\/ca\/wp-json\/wp\/v2\/product"}],"about":[{"href":"https:\/\/www.inverseteams.com\/ca\/wp-json\/wp\/v2\/types\/product"}],"replies":[{"embeddable":true,"href":"https:\/\/www.inverseteams.com\/ca\/wp-json\/wp\/v2\/comments?post=209440"}],"wp:featuredmedia":[{"embeddable":true,"href":"https:\/\/www.inverseteams.com\/ca\/wp-json\/wp\/v2\/media\/208956"}],"wp:attachment":[{"href":"https:\/\/www.inverseteams.com\/ca\/wp-json\/wp\/v2\/media?parent=209440"}],"wp:term":[{"taxonomy":"product_brand","embeddable":true,"href":"https:\/\/www.inverseteams.com\/ca\/wp-json\/wp\/v2\/product_brand?post=209440"},{"taxonomy":"product_cat","embeddable":true,"href":"https:\/\/www.inverseteams.com\/ca\/wp-json\/wp\/v2\/product_cat?post=209440"},{"taxonomy":"product_tag","embeddable":true,"href":"https:\/\/www.inverseteams.com\/ca\/wp-json\/wp\/v2\/product_tag?post=209440"},{"taxonomy":"custom_category","embeddable":true,"href":"https:\/\/www.inverseteams.com\/ca\/wp-json\/wp\/v2\/custom_category?post=209440"},{"taxonomy":"range","embeddable":true,"href":"https:\/\/www.inverseteams.com\/ca\/wp-json\/wp\/v2\/range?post=209440"}],"curies":[{"name":"wp","href":"https:\/\/api.w.org\/{rel}","templated":true}]}}