{"id":209434,"date":"2024-07-26T13:00:40","date_gmt":"2024-07-26T13:22:08","guid":{"rendered":"https:\/\/www.inverseteams.com\/?post_type=product&#038;p=209434"},"modified":"2024-09-19T17:41:31","modified_gmt":"2024-09-19T17:41:31","slug":"mitjons-esportius-trazz-navy","status":"publish","type":"product","link":"https:\/\/www.inverseteams.com\/ca\/producte\/mitjons-esportius-trazz-navy\/","title":{"rendered":"Mitjons esportius TRAZZ NAVY"},"content":{"rendered":"<p>Confeccionats amb cot\u00f3 antibacteri\u00e0, lycra revolution i elast\u00e0. Garanteixen una bona absorci\u00f3 i r\u00e0pida expulsi\u00f3 de la suor.<br \/>\nL&#8217;estructura del fil permet que el mitj\u00f3 s&#8217;ajusti molt b\u00e9 i evita que el peu rellisqui dins la sabata esportiva.<br \/>\nAquests mitjons s\u00f3n de mitja canya (22 cm.) i destaquen per tenir la punta i el tal\u00f3 refo\u00e7ats per augmentar la protecci\u00f3 i el confort.<\/p>\n","protected":false},"excerpt":{"rendered":"<p>Confeccionats amb cot\u00f3 antibacteri\u00e0, lycra revolution i elast\u00e0. Garanteixen una bona absorci\u00f3 i r\u00e0pida expulsi\u00f3 de la suor.<br \/>\nL&#8217;estructura del fil permet que el mitj\u00f3 s&#8217;ajusti molt b\u00e9 i evita que el peu rellisqui dins la sabata esportiva.<br \/>\nAquests mitjons s\u00f3n de mitja canya (22 cm.) i destaquen per tenir la punta i el tal\u00f3 refo\u00e7ats per augmentar la protecci\u00f3 i el confort.<\/p>\n","protected":false},"featured_media":208760,"comment_status":"closed","ping_status":"closed","template":"","meta":{"_acf_changed":false},"product_brand":[],"product_cat":[4110,9947,4156,4144,4180,7175],"product_tag":[],"custom_category":[],"range":[],"class_list":{"0":"post-209434","1":"product","2":"type-product","3":"status-publish","4":"has-post-thumbnail","6":"product_cat-ciclisme","7":"product_cat-gravel-cat","8":"product_cat-trail-ca","9":"product_cat-running-ca","10":"product_cat-calcetines-ca","11":"product_cat-b2b-ca","12":"pa_climatologia-calor-ca","13":"pa_climatologia-temperatura-temperada","14":"pa_deporte-ciclisme","15":"pa_deporte-ocr-ca","16":"pa_deporte-running-ca","17":"pa_deporte-trail-ca","18":"pa_deporte-casual-ca","19":"pa_genero-home","20":"pa_genero-dona","21":"pa_genero-infantil-ca","22":"pa_talla-l-xl-ca","23":"pa_talla-s-m-ca","24":"pa_tipo-de-prenda-mitjo","26":"first","27":"outofstock","28":"taxable","29":"shipping-taxable","30":"purchasable","31":"product-type-variable","32":"has-default-attributes"},"acf":[],"yoast_head":"<!-- This site is optimized with the Yoast SEO plugin v27.3 - https:\/\/yoast.com\/product\/yoast-seo-wordpress\/ -->\n<title>Mitjons esportius TRAZZ NAVY<\/title>\n<meta name=\"description\" content=\"Confeccionats amb cot\u00f3 antibacteri\u00e0, lycra revolution i elast\u00e0. Garanteixen una bona absorci\u00f3 i r\u00e0pida expulsi\u00f3 de la suor. L&#039;estructura del fil permet que el mitj\u00f3 s&#039;ajusti molt b\u00e9 i evita que el peu rellisqui dins la sabata esportiva. Aquests mitjons s\u00f3n de mitja canya (22 cm.) i destaquen per tenir la punta i el tal\u00f3 refo\u00e7ats per augmentar la protecci\u00f3 i el confort.\" \/>\n<meta name=\"robots\" content=\"index, follow, max-snippet:-1, max-image-preview:large, max-video-preview:-1\" \/>\n<link rel=\"canonical\" href=\"https:\/\/www.inverseteams.com\/ca\/producte\/mitjons-esportius-trazz-navy\/\" \/>\n<meta property=\"og:locale\" content=\"ca_ES\" \/>\n<meta property=\"og:type\" content=\"article\" \/>\n<meta property=\"og:title\" content=\"Mitjons esportius TRAZZ NAVY\" \/>\n<meta property=\"og:description\" content=\"Confeccionats amb cot\u00f3 antibacteri\u00e0, lycra revolution i elast\u00e0. Garanteixen una bona absorci\u00f3 i r\u00e0pida expulsi\u00f3 de la suor. L&#039;estructura del fil permet que el mitj\u00f3 s&#039;ajusti molt b\u00e9 i evita que el peu rellisqui dins la sabata esportiva. Aquests mitjons s\u00f3n de mitja canya (22 cm.) i destaquen per tenir la punta i el tal\u00f3 refo\u00e7ats per augmentar la protecci\u00f3 i el confort.\" \/>\n<meta property=\"og:url\" content=\"https:\/\/www.inverseteams.com\/ca\/producte\/mitjons-esportius-trazz-navy\/\" \/>\n<meta property=\"og:site_name\" content=\"Inverseteams\" \/>\n<meta property=\"article:publisher\" content=\"https:\/\/www.facebook.com\/inverseteams\" \/>\n<meta property=\"article:modified_time\" content=\"2024-09-19T17:41:31+00:00\" \/>\n<meta property=\"og:image\" content=\"https:\/\/www.inverseteams.com\/wp-content\/uploads\/CALCETINES-DEPORTIVOS-TRAZZ-NAVY-1.jpg\" \/>\n\t<meta property=\"og:image:width\" content=\"1500\" \/>\n\t<meta property=\"og:image:height\" content=\"1612\" \/>\n\t<meta property=\"og:image:type\" content=\"image\/jpeg\" \/>\n<meta name=\"twitter:card\" content=\"summary_large_image\" \/>\n<meta name=\"twitter:label1\" content=\"Temps estimat de lectura\" \/>\n\t<meta name=\"twitter:data1\" content=\"1 minut\" \/>\n<script type=\"application\/ld+json\" class=\"yoast-schema-graph\">{\"@context\":\"https:\\\/\\\/schema.org\",\"@graph\":[{\"@type\":\"WebPage\",\"@id\":\"https:\\\/\\\/www.inverseteams.com\\\/ca\\\/producte\\\/mitjons-esportius-trazz-navy\\\/\",\"url\":\"https:\\\/\\\/www.inverseteams.com\\\/ca\\\/producte\\\/mitjons-esportius-trazz-navy\\\/\",\"name\":\"Mitjons esportius TRAZZ NAVY\",\"isPartOf\":{\"@id\":\"https:\\\/\\\/www.inverseteams.com\\\/ca\\\/#website\"},\"primaryImageOfPage\":{\"@id\":\"https:\\\/\\\/www.inverseteams.com\\\/ca\\\/producte\\\/mitjons-esportius-trazz-navy\\\/#primaryimage\"},\"image\":{\"@id\":\"https:\\\/\\\/www.inverseteams.com\\\/ca\\\/producte\\\/mitjons-esportius-trazz-navy\\\/#primaryimage\"},\"thumbnailUrl\":\"https:\\\/\\\/www.inverseteams.com\\\/wp-content\\\/uploads\\\/CALCETINES-DEPORTIVOS-TRAZZ-NAVY-1.jpg\",\"datePublished\":\"2024-07-26T13:22:08+00:00\",\"dateModified\":\"2024-09-19T17:41:31+00:00\",\"description\":\"Confeccionats amb cot\u00f3 antibacteri\u00e0, lycra revolution i elast\u00e0. Garanteixen una bona absorci\u00f3 i r\u00e0pida expulsi\u00f3 de la suor. L'estructura del fil permet que el mitj\u00f3 s'ajusti molt b\u00e9 i evita que el peu rellisqui dins la sabata esportiva. Aquests mitjons s\u00f3n de mitja canya (22 cm.) i destaquen per tenir la punta i el tal\u00f3 refo\u00e7ats per augmentar la protecci\u00f3 i el confort.\",\"breadcrumb\":{\"@id\":\"https:\\\/\\\/www.inverseteams.com\\\/ca\\\/producte\\\/mitjons-esportius-trazz-navy\\\/#breadcrumb\"},\"inLanguage\":\"ca\",\"potentialAction\":[{\"@type\":\"ReadAction\",\"target\":[\"https:\\\/\\\/www.inverseteams.com\\\/ca\\\/producte\\\/mitjons-esportius-trazz-navy\\\/\"]}]},{\"@type\":\"ImageObject\",\"inLanguage\":\"ca\",\"@id\":\"https:\\\/\\\/www.inverseteams.com\\\/ca\\\/producte\\\/mitjons-esportius-trazz-navy\\\/#primaryimage\",\"url\":\"https:\\\/\\\/www.inverseteams.com\\\/wp-content\\\/uploads\\\/CALCETINES-DEPORTIVOS-TRAZZ-NAVY-1.jpg\",\"contentUrl\":\"https:\\\/\\\/www.inverseteams.com\\\/wp-content\\\/uploads\\\/CALCETINES-DEPORTIVOS-TRAZZ-NAVY-1.jpg\",\"width\":1500,\"height\":1612,\"caption\":\"Mitjons esportius TRAZZ NAVY\"},{\"@type\":\"BreadcrumbList\",\"@id\":\"https:\\\/\\\/www.inverseteams.com\\\/ca\\\/producte\\\/mitjons-esportius-trazz-navy\\\/#breadcrumb\",\"itemListElement\":[{\"@type\":\"ListItem\",\"position\":1,\"name\":\"Portada\",\"item\":\"https:\\\/\\\/www.inverseteams.com\\\/ca\\\/pagina-principal\\\/\"},{\"@type\":\"ListItem\",\"position\":2,\"name\":\"Botiga\",\"item\":\"https:\\\/\\\/www.inverseteams.com\\\/ca\\\/botiga\\\/\"},{\"@type\":\"ListItem\",\"position\":3,\"name\":\"Mitjons esportius TRAZZ NAVY\"}]},{\"@type\":\"WebSite\",\"@id\":\"https:\\\/\\\/www.inverseteams.com\\\/ca\\\/#website\",\"url\":\"https:\\\/\\\/www.inverseteams.com\\\/ca\\\/\",\"name\":\"Inverseteams\",\"description\":\"Tu marca de ropa deportiva personalizada\",\"publisher\":{\"@id\":\"https:\\\/\\\/www.inverseteams.com\\\/ca\\\/#organization\"},\"potentialAction\":[{\"@type\":\"SearchAction\",\"target\":{\"@type\":\"EntryPoint\",\"urlTemplate\":\"https:\\\/\\\/www.inverseteams.com\\\/ca\\\/?s={search_term_string}\"},\"query-input\":{\"@type\":\"PropertyValueSpecification\",\"valueRequired\":true,\"valueName\":\"search_term_string\"}}],\"inLanguage\":\"ca\"},{\"@type\":\"Organization\",\"@id\":\"https:\\\/\\\/www.inverseteams.com\\\/ca\\\/#organization\",\"name\":\"Inverse Teams\",\"url\":\"https:\\\/\\\/www.inverseteams.com\\\/ca\\\/\",\"logo\":{\"@type\":\"ImageObject\",\"inLanguage\":\"ca\",\"@id\":\"https:\\\/\\\/www.inverseteams.com\\\/ca\\\/#\\\/schema\\\/logo\\\/image\\\/\",\"url\":\"http:\\\/\\\/www.inverseteams.com\\\/wp-content\\\/uploads\\\/2021\\\/03\\\/logo-inverse-teams.png\",\"contentUrl\":\"http:\\\/\\\/www.inverseteams.com\\\/wp-content\\\/uploads\\\/2021\\\/03\\\/logo-inverse-teams.png\",\"width\":294,\"height\":99,\"caption\":\"Inverse Teams\"},\"image\":{\"@id\":\"https:\\\/\\\/www.inverseteams.com\\\/ca\\\/#\\\/schema\\\/logo\\\/image\\\/\"},\"sameAs\":[\"https:\\\/\\\/www.facebook.com\\\/inverseteams\",\"http:\\\/\\\/instagram.com\\\/inverseteams\",\"https:\\\/\\\/www.linkedin.com\\\/company\\\/inverse-cirosport-s-l-?trk=job_view_topcard_company_name\",\"http:\\\/\\\/www.pinterest.com\\\/inverseteams\\\/\",\"http:\\\/\\\/www.youtube.com\\\/user\\\/inverseteams?feature=watch\"]}]}<\/script>\n<!-- \/ Yoast SEO plugin. -->","yoast_head_json":{"title":"Mitjons esportius TRAZZ NAVY","description":"Confeccionats amb cot\u00f3 antibacteri\u00e0, lycra revolution i elast\u00e0. Garanteixen una bona absorci\u00f3 i r\u00e0pida expulsi\u00f3 de la suor. L'estructura del fil permet que el mitj\u00f3 s'ajusti molt b\u00e9 i evita que el peu rellisqui dins la sabata esportiva. Aquests mitjons s\u00f3n de mitja canya (22 cm.) i destaquen per tenir la punta i el tal\u00f3 refo\u00e7ats per augmentar la protecci\u00f3 i el confort.","robots":{"index":"index","follow":"follow","max-snippet":"max-snippet:-1","max-image-preview":"max-image-preview:large","max-video-preview":"max-video-preview:-1"},"canonical":"https:\/\/www.inverseteams.com\/ca\/producte\/mitjons-esportius-trazz-navy\/","og_locale":"ca_ES","og_type":"article","og_title":"Mitjons esportius TRAZZ NAVY","og_description":"Confeccionats amb cot\u00f3 antibacteri\u00e0, lycra revolution i elast\u00e0. Garanteixen una bona absorci\u00f3 i r\u00e0pida expulsi\u00f3 de la suor. L'estructura del fil permet que el mitj\u00f3 s'ajusti molt b\u00e9 i evita que el peu rellisqui dins la sabata esportiva. Aquests mitjons s\u00f3n de mitja canya (22 cm.) i destaquen per tenir la punta i el tal\u00f3 refo\u00e7ats per augmentar la protecci\u00f3 i el confort.","og_url":"https:\/\/www.inverseteams.com\/ca\/producte\/mitjons-esportius-trazz-navy\/","og_site_name":"Inverseteams","article_publisher":"https:\/\/www.facebook.com\/inverseteams","article_modified_time":"2024-09-19T17:41:31+00:00","og_image":[{"width":1500,"height":1612,"url":"https:\/\/www.inverseteams.com\/wp-content\/uploads\/CALCETINES-DEPORTIVOS-TRAZZ-NAVY-1.jpg","type":"image\/jpeg"}],"twitter_card":"summary_large_image","twitter_misc":{"Temps estimat de lectura":"1 minut"},"schema":{"@context":"https:\/\/schema.org","@graph":[{"@type":"WebPage","@id":"https:\/\/www.inverseteams.com\/ca\/producte\/mitjons-esportius-trazz-navy\/","url":"https:\/\/www.inverseteams.com\/ca\/producte\/mitjons-esportius-trazz-navy\/","name":"Mitjons esportius TRAZZ NAVY","isPartOf":{"@id":"https:\/\/www.inverseteams.com\/ca\/#website"},"primaryImageOfPage":{"@id":"https:\/\/www.inverseteams.com\/ca\/producte\/mitjons-esportius-trazz-navy\/#primaryimage"},"image":{"@id":"https:\/\/www.inverseteams.com\/ca\/producte\/mitjons-esportius-trazz-navy\/#primaryimage"},"thumbnailUrl":"https:\/\/www.inverseteams.com\/wp-content\/uploads\/CALCETINES-DEPORTIVOS-TRAZZ-NAVY-1.jpg","datePublished":"2024-07-26T13:22:08+00:00","dateModified":"2024-09-19T17:41:31+00:00","description":"Confeccionats amb cot\u00f3 antibacteri\u00e0, lycra revolution i elast\u00e0. Garanteixen una bona absorci\u00f3 i r\u00e0pida expulsi\u00f3 de la suor. L'estructura del fil permet que el mitj\u00f3 s'ajusti molt b\u00e9 i evita que el peu rellisqui dins la sabata esportiva. Aquests mitjons s\u00f3n de mitja canya (22 cm.) i destaquen per tenir la punta i el tal\u00f3 refo\u00e7ats per augmentar la protecci\u00f3 i el confort.","breadcrumb":{"@id":"https:\/\/www.inverseteams.com\/ca\/producte\/mitjons-esportius-trazz-navy\/#breadcrumb"},"inLanguage":"ca","potentialAction":[{"@type":"ReadAction","target":["https:\/\/www.inverseteams.com\/ca\/producte\/mitjons-esportius-trazz-navy\/"]}]},{"@type":"ImageObject","inLanguage":"ca","@id":"https:\/\/www.inverseteams.com\/ca\/producte\/mitjons-esportius-trazz-navy\/#primaryimage","url":"https:\/\/www.inverseteams.com\/wp-content\/uploads\/CALCETINES-DEPORTIVOS-TRAZZ-NAVY-1.jpg","contentUrl":"https:\/\/www.inverseteams.com\/wp-content\/uploads\/CALCETINES-DEPORTIVOS-TRAZZ-NAVY-1.jpg","width":1500,"height":1612,"caption":"Mitjons esportius TRAZZ NAVY"},{"@type":"BreadcrumbList","@id":"https:\/\/www.inverseteams.com\/ca\/producte\/mitjons-esportius-trazz-navy\/#breadcrumb","itemListElement":[{"@type":"ListItem","position":1,"name":"Portada","item":"https:\/\/www.inverseteams.com\/ca\/pagina-principal\/"},{"@type":"ListItem","position":2,"name":"Botiga","item":"https:\/\/www.inverseteams.com\/ca\/botiga\/"},{"@type":"ListItem","position":3,"name":"Mitjons esportius TRAZZ NAVY"}]},{"@type":"WebSite","@id":"https:\/\/www.inverseteams.com\/ca\/#website","url":"https:\/\/www.inverseteams.com\/ca\/","name":"Inverseteams","description":"Tu marca de ropa deportiva personalizada","publisher":{"@id":"https:\/\/www.inverseteams.com\/ca\/#organization"},"potentialAction":[{"@type":"SearchAction","target":{"@type":"EntryPoint","urlTemplate":"https:\/\/www.inverseteams.com\/ca\/?s={search_term_string}"},"query-input":{"@type":"PropertyValueSpecification","valueRequired":true,"valueName":"search_term_string"}}],"inLanguage":"ca"},{"@type":"Organization","@id":"https:\/\/www.inverseteams.com\/ca\/#organization","name":"Inverse Teams","url":"https:\/\/www.inverseteams.com\/ca\/","logo":{"@type":"ImageObject","inLanguage":"ca","@id":"https:\/\/www.inverseteams.com\/ca\/#\/schema\/logo\/image\/","url":"https:\/\/www.inverseteams.com\/wp-content\/uploads\/2021\/03\/logo-inverse-teams.png","contentUrl":"https:\/\/www.inverseteams.com\/wp-content\/uploads\/2021\/03\/logo-inverse-teams.png","width":294,"height":99,"caption":"Inverse Teams"},"image":{"@id":"https:\/\/www.inverseteams.com\/ca\/#\/schema\/logo\/image\/"},"sameAs":["https:\/\/www.facebook.com\/inverseteams","http:\/\/instagram.com\/inverseteams","https:\/\/www.linkedin.com\/company\/inverse-cirosport-s-l-?trk=job_view_topcard_company_name","http:\/\/www.pinterest.com\/inverseteams\/","http:\/\/www.youtube.com\/user\/inverseteams?feature=watch"]}]}},"_links":{"self":[{"href":"https:\/\/www.inverseteams.com\/ca\/wp-json\/wp\/v2\/product\/209434","targetHints":{"allow":["GET"]}}],"collection":[{"href":"https:\/\/www.inverseteams.com\/ca\/wp-json\/wp\/v2\/product"}],"about":[{"href":"https:\/\/www.inverseteams.com\/ca\/wp-json\/wp\/v2\/types\/product"}],"replies":[{"embeddable":true,"href":"https:\/\/www.inverseteams.com\/ca\/wp-json\/wp\/v2\/comments?post=209434"}],"wp:featuredmedia":[{"embeddable":true,"href":"https:\/\/www.inverseteams.com\/ca\/wp-json\/wp\/v2\/media\/208760"}],"wp:attachment":[{"href":"https:\/\/www.inverseteams.com\/ca\/wp-json\/wp\/v2\/media?parent=209434"}],"wp:term":[{"taxonomy":"product_brand","embeddable":true,"href":"https:\/\/www.inverseteams.com\/ca\/wp-json\/wp\/v2\/product_brand?post=209434"},{"taxonomy":"product_cat","embeddable":true,"href":"https:\/\/www.inverseteams.com\/ca\/wp-json\/wp\/v2\/product_cat?post=209434"},{"taxonomy":"product_tag","embeddable":true,"href":"https:\/\/www.inverseteams.com\/ca\/wp-json\/wp\/v2\/product_tag?post=209434"},{"taxonomy":"custom_category","embeddable":true,"href":"https:\/\/www.inverseteams.com\/ca\/wp-json\/wp\/v2\/custom_category?post=209434"},{"taxonomy":"range","embeddable":true,"href":"https:\/\/www.inverseteams.com\/ca\/wp-json\/wp\/v2\/range?post=209434"}],"curies":[{"name":"wp","href":"https:\/\/api.w.org\/{rel}","templated":true}]}}