{"id":209421,"date":"2024-07-26T12:41:46","date_gmt":"2024-07-26T12:41:46","guid":{"rendered":"https:\/\/www.inverseteams.com\/?post_type=product&#038;p=209421"},"modified":"2025-10-16T11:36:29","modified_gmt":"2025-10-16T11:36:29","slug":"jaqueta-ciclista-amb-llum-de-seguretat-antares-25-dona","status":"publish","type":"product","link":"https:\/\/www.inverseteams.com\/ca\/producte\/jaqueta-ciclista-amb-llum-de-seguretat-antares-25-dona\/","title":{"rendered":"Jaqueta ciclista amb llum de seguretat ANTARES 25 (DONA)"},"content":{"rendered":"<p>A la zona de les butxaques incorpora una llum LED de seguretat extra\u00efble. Aquesta t\u00e9 2 modes d&#8217;il\u00b7luminaci\u00f3: fix i parpelleig. Amb una pot\u00e8ncia de 150 lumens, el seu rang de visibilitat m\u00e0xim \u00e9s de 20 metres. T\u00e9 una durada de 2 a 4 hores i \u00e9s f\u00e0cilment recarregable per USB 3.0.<br \/>\nCom a novetat, aquest nou model t\u00e9 v\u00e0ries \u00e0rees confeccionades amb teixit reflectant per augmentar notablement la teva seguretat a la carretera.<br \/>\nLa nova jaqueta ANTARES \u00e9s perfecta per gaudir del ciclisme amb total seguretat durant els moments de poca llum.<br \/>\nJaqueta ciclista t\u00e8rmica dissenyada amb un patr\u00f3 original i innovador que millora l\u2019aerodin\u00e0mica sobre la bicicleta. Els seus teixits es caracteritzen per la seva alta transpirabilitat i permeten expulsar la suor cap a l\u2019exterior perqu\u00e8 la pell estigui sempre seca. A m\u00e9s, incorpora a la zona del pit el teixit AEROTECH-FAST, una membrana hidrof\u00edlica i termorreguladora que et protegir\u00e0 de la humitat i el vent. La seva elasticitat permet que la jaqueta s\u2019adapti perfectament al cos durant el pedaleig i deixa fluir f\u00e0cilment l\u2019aire per augmentar l\u2019aerodin\u00e0mica.<br \/>\nLes m\u00e0nigues s\u2019adapten a totes les posicions i estan confeccionades amb costures planes. El puny tallat a l\u00e0ser s\u2019ajusta molt b\u00e9 al bra\u00e7 i evita l\u2019entrada d\u2019aire.<br \/>\nA la zona lumbar incorpora 4 butxaques de gran capacitat on podr\u00e0s guardar qualsevol objecte sense por a perdre\u2019l. A la cintura t\u00e9 una banda el\u00e0stica amb un grip de silicona antilliscant a l\u2019interior per mantenir el mallot ben arrapat al cos.<\/p>\n","protected":false},"excerpt":{"rendered":"<p>A la zona de les butxaques incorpora una llum LED de seguretat extra\u00efble. Aquesta t\u00e9 2 modes d&#8217;il\u00b7luminaci\u00f3: fix i parpelleig. Amb una pot\u00e8ncia de 150 lumens, el seu rang de visibilitat m\u00e0xim \u00e9s de 20 metres. T\u00e9 una durada de 2 a 4 hores i \u00e9s f\u00e0cilment recarregable per USB 3.0.<br \/>\nCom a novetat, aquest nou model t\u00e9 v\u00e0ries \u00e0rees confeccionades amb teixit reflectant per augmentar notablement la teva seguretat a la carretera.<br \/>\nLa nova jaqueta ANTARES \u00e9s perfecta per gaudir del ciclisme amb total seguretat durant els moments de poca llum.<br \/>\nJaqueta ciclista t\u00e8rmica dissenyada amb un patr\u00f3 original i innovador que millora l\u2019aerodin\u00e0mica sobre la bicicleta. Els seus teixits es caracteritzen per la seva alta transpirabilitat i permeten expulsar la suor cap a l\u2019exterior perqu\u00e8 la pell estigui sempre seca. A m\u00e9s, incorpora a la zona del pit el teixit AEROTECH-FAST, una membrana hidrof\u00edlica i termorreguladora que et protegir\u00e0 de la humitat i el vent. La seva elasticitat permet que la jaqueta s\u2019adapti perfectament al cos durant el pedaleig i deixa fluir f\u00e0cilment l\u2019aire per augmentar l\u2019aerodin\u00e0mica.<br \/>\nLes m\u00e0nigues s\u2019adapten a totes les posicions i estan confeccionades amb costures planes. El puny tallat a l\u00e0ser s\u2019ajusta molt b\u00e9 al bra\u00e7 i evita l\u2019entrada d\u2019aire.<br \/>\nA la zona lumbar incorpora 4 butxaques de gran capacitat on podr\u00e0s guardar qualsevol objecte sense por a perdre\u2019l. A la cintura t\u00e9 una banda el\u00e0stica amb un grip de silicona antilliscant a l\u2019interior per mantenir el mallot ben arrapat al cos.<\/p>\n","protected":false},"featured_media":271001,"comment_status":"closed","ping_status":"closed","template":"","meta":{"_acf_changed":false},"product_brand":[],"product_cat":[4110,9947,4113,7175],"product_tag":[],"custom_category":[],"range":[],"class_list":{"0":"post-209421","1":"product","2":"type-product","3":"status-publish","4":"has-post-thumbnail","6":"product_cat-ciclisme","7":"product_cat-gravel-cat","8":"product_cat-jaqueta-ciclista","9":"product_cat-b2b-ca","10":"pa_climatologia-fred","11":"pa_climatologia-pluja","12":"pa_climatologia-vent","13":"pa_deporte-ciclisme","14":"pa_deporte-gravel-ca","15":"pa_genero-dona","16":"pa_patronaje-fit-ca","17":"pa_talla-l-ca","18":"pa_talla-m-ca","19":"pa_talla-s-ca","20":"pa_talla-xl-ca","21":"pa_talla-xs-ca","22":"pa_tipo-de-prenda-jaqueta","24":"first","25":"instock","26":"taxable","27":"shipping-taxable","28":"purchasable","29":"product-type-variable","30":"has-default-attributes"},"acf":[],"yoast_head":"<!-- This site is optimized with the Yoast SEO plugin v27.3 - https:\/\/yoast.com\/product\/yoast-seo-wordpress\/ -->\n<title>Jaqueta ciclista amb llum de seguretat ANTARES 25 (DONA)<\/title>\n<meta name=\"description\" content=\"A la zona de les butxaques incorpora una llum LED de seguretat extra\u00efble. Aquesta t\u00e9 2 modes d&#039;il\u00b7luminaci\u00f3: fix i parpelleig. Amb una pot\u00e8ncia de 150 lumens, el seu rang de visibilitat m\u00e0xim \u00e9s de 20 metres. T\u00e9 una durada de 2 a 4 hores i \u00e9s f\u00e0cilment recarregable per USB 3.0. Com a novetat, aquest nou model t\u00e9 v\u00e0ries \u00e0rees confeccionades amb teixit reflectant per augmentar notablement la teva seguretat a la carretera. La nova jaqueta ANTARES \u00e9s perfecta per gaudir del ciclisme amb total seguretat durant els moments de poca llum. Jaqueta ciclista t\u00e8rmica dissenyada amb un patr\u00f3 original i innovador que millora l\u2019aerodin\u00e0mica sobre la bicicleta. Els seus teixits es caracteritzen per la seva alta transpirabilitat i permeten expulsar la suor cap a l\u2019exterior perqu\u00e8 la pell estigui sempre seca. A m\u00e9s, incorpora a la zona del pit el teixit AEROTECH-FAST, una membrana hidrof\u00edlica i termorreguladora que et protegir\u00e0 de la humitat i el vent. La seva elasticitat permet que la jaqueta s\u2019adapti perfectament al cos durant el pedaleig i deixa fluir f\u00e0cilment l\u2019aire per augmentar l\u2019aerodin\u00e0mica. Les m\u00e0nigues s\u2019adapten a totes les posicions i estan confeccionades amb costures planes. El puny tallat a l\u00e0ser s\u2019ajusta molt b\u00e9 al bra\u00e7 i evita l\u2019entrada d\u2019aire. A la zona lumbar incorpora 4 butxaques de gran capacitat on podr\u00e0s guardar qualsevol objecte sense por a perdre\u2019l. A la cintura t\u00e9 una banda el\u00e0stica amb un grip de silicona antilliscant a l\u2019interior per mantenir el mallot ben arrapat al cos.\" \/>\n<meta name=\"robots\" content=\"index, follow, max-snippet:-1, max-image-preview:large, max-video-preview:-1\" \/>\n<link rel=\"canonical\" href=\"https:\/\/www.inverseteams.com\/ca\/producte\/jaqueta-ciclista-amb-llum-de-seguretat-antares-25-dona\/\" \/>\n<meta property=\"og:locale\" content=\"ca_ES\" \/>\n<meta property=\"og:type\" content=\"article\" \/>\n<meta property=\"og:title\" content=\"Jaqueta ciclista amb llum de seguretat ANTARES 25 (DONA)\" \/>\n<meta property=\"og:description\" content=\"A la zona de les butxaques incorpora una llum LED de seguretat extra\u00efble. Aquesta t\u00e9 2 modes d&#039;il\u00b7luminaci\u00f3: fix i parpelleig. Amb una pot\u00e8ncia de 150 lumens, el seu rang de visibilitat m\u00e0xim \u00e9s de 20 metres. T\u00e9 una durada de 2 a 4 hores i \u00e9s f\u00e0cilment recarregable per USB 3.0. Com a novetat, aquest nou model t\u00e9 v\u00e0ries \u00e0rees confeccionades amb teixit reflectant per augmentar notablement la teva seguretat a la carretera. La nova jaqueta ANTARES \u00e9s perfecta per gaudir del ciclisme amb total seguretat durant els moments de poca llum. Jaqueta ciclista t\u00e8rmica dissenyada amb un patr\u00f3 original i innovador que millora l\u2019aerodin\u00e0mica sobre la bicicleta. Els seus teixits es caracteritzen per la seva alta transpirabilitat i permeten expulsar la suor cap a l\u2019exterior perqu\u00e8 la pell estigui sempre seca. A m\u00e9s, incorpora a la zona del pit el teixit AEROTECH-FAST, una membrana hidrof\u00edlica i termorreguladora que et protegir\u00e0 de la humitat i el vent. La seva elasticitat permet que la jaqueta s\u2019adapti perfectament al cos durant el pedaleig i deixa fluir f\u00e0cilment l\u2019aire per augmentar l\u2019aerodin\u00e0mica. Les m\u00e0nigues s\u2019adapten a totes les posicions i estan confeccionades amb costures planes. El puny tallat a l\u00e0ser s\u2019ajusta molt b\u00e9 al bra\u00e7 i evita l\u2019entrada d\u2019aire. A la zona lumbar incorpora 4 butxaques de gran capacitat on podr\u00e0s guardar qualsevol objecte sense por a perdre\u2019l. A la cintura t\u00e9 una banda el\u00e0stica amb un grip de silicona antilliscant a l\u2019interior per mantenir el mallot ben arrapat al cos.\" \/>\n<meta property=\"og:url\" content=\"https:\/\/www.inverseteams.com\/ca\/producte\/jaqueta-ciclista-amb-llum-de-seguretat-antares-25-dona\/\" \/>\n<meta property=\"og:site_name\" content=\"Inverseteams\" \/>\n<meta property=\"article:publisher\" content=\"https:\/\/www.facebook.com\/inverseteams\" \/>\n<meta property=\"article:modified_time\" content=\"2025-10-16T11:36:29+00:00\" \/>\n<meta property=\"og:image\" content=\"https:\/\/www.inverseteams.com\/wp-content\/uploads\/INVERSE-CHAQUETA-MUJER-ANTARES-BLACK-001.jpg\" \/>\n\t<meta property=\"og:image:width\" content=\"1500\" \/>\n\t<meta property=\"og:image:height\" content=\"1612\" \/>\n\t<meta property=\"og:image:type\" content=\"image\/jpeg\" \/>\n<meta name=\"twitter:card\" content=\"summary_large_image\" \/>\n<meta name=\"twitter:label1\" content=\"Temps estimat de lectura\" \/>\n\t<meta name=\"twitter:data1\" content=\"2 minut\" \/>\n<script type=\"application\/ld+json\" class=\"yoast-schema-graph\">{\"@context\":\"https:\\\/\\\/schema.org\",\"@graph\":[{\"@type\":\"WebPage\",\"@id\":\"https:\\\/\\\/www.inverseteams.com\\\/ca\\\/producte\\\/jaqueta-ciclista-amb-llum-de-seguretat-antares-25-dona\\\/\",\"url\":\"https:\\\/\\\/www.inverseteams.com\\\/ca\\\/producte\\\/jaqueta-ciclista-amb-llum-de-seguretat-antares-25-dona\\\/\",\"name\":\"Jaqueta ciclista amb llum de seguretat ANTARES 25 (DONA)\",\"isPartOf\":{\"@id\":\"https:\\\/\\\/www.inverseteams.com\\\/ca\\\/#website\"},\"primaryImageOfPage\":{\"@id\":\"https:\\\/\\\/www.inverseteams.com\\\/ca\\\/producte\\\/jaqueta-ciclista-amb-llum-de-seguretat-antares-25-dona\\\/#primaryimage\"},\"image\":{\"@id\":\"https:\\\/\\\/www.inverseteams.com\\\/ca\\\/producte\\\/jaqueta-ciclista-amb-llum-de-seguretat-antares-25-dona\\\/#primaryimage\"},\"thumbnailUrl\":\"https:\\\/\\\/www.inverseteams.com\\\/wp-content\\\/uploads\\\/INVERSE-CHAQUETA-MUJER-ANTARES-BLACK-001.jpg\",\"datePublished\":\"2024-07-26T12:41:46+00:00\",\"dateModified\":\"2025-10-16T11:36:29+00:00\",\"description\":\"A la zona de les butxaques incorpora una llum LED de seguretat extra\u00efble. Aquesta t\u00e9 2 modes d'il\u00b7luminaci\u00f3: fix i parpelleig. Amb una pot\u00e8ncia de 150 lumens, el seu rang de visibilitat m\u00e0xim \u00e9s de 20 metres. T\u00e9 una durada de 2 a 4 hores i \u00e9s f\u00e0cilment recarregable per USB 3.0. Com a novetat, aquest nou model t\u00e9 v\u00e0ries \u00e0rees confeccionades amb teixit reflectant per augmentar notablement la teva seguretat a la carretera. La nova jaqueta ANTARES \u00e9s perfecta per gaudir del ciclisme amb total seguretat durant els moments de poca llum. Jaqueta ciclista t\u00e8rmica dissenyada amb un patr\u00f3 original i innovador que millora l\u2019aerodin\u00e0mica sobre la bicicleta. Els seus teixits es caracteritzen per la seva alta transpirabilitat i permeten expulsar la suor cap a l\u2019exterior perqu\u00e8 la pell estigui sempre seca. A m\u00e9s, incorpora a la zona del pit el teixit AEROTECH-FAST, una membrana hidrof\u00edlica i termorreguladora que et protegir\u00e0 de la humitat i el vent. La seva elasticitat permet que la jaqueta s\u2019adapti perfectament al cos durant el pedaleig i deixa fluir f\u00e0cilment l\u2019aire per augmentar l\u2019aerodin\u00e0mica. Les m\u00e0nigues s\u2019adapten a totes les posicions i estan confeccionades amb costures planes. El puny tallat a l\u00e0ser s\u2019ajusta molt b\u00e9 al bra\u00e7 i evita l\u2019entrada d\u2019aire. A la zona lumbar incorpora 4 butxaques de gran capacitat on podr\u00e0s guardar qualsevol objecte sense por a perdre\u2019l. A la cintura t\u00e9 una banda el\u00e0stica amb un grip de silicona antilliscant a l\u2019interior per mantenir el mallot ben arrapat al cos.\",\"breadcrumb\":{\"@id\":\"https:\\\/\\\/www.inverseteams.com\\\/ca\\\/producte\\\/jaqueta-ciclista-amb-llum-de-seguretat-antares-25-dona\\\/#breadcrumb\"},\"inLanguage\":\"ca\",\"potentialAction\":[{\"@type\":\"ReadAction\",\"target\":[\"https:\\\/\\\/www.inverseteams.com\\\/ca\\\/producte\\\/jaqueta-ciclista-amb-llum-de-seguretat-antares-25-dona\\\/\"]}]},{\"@type\":\"ImageObject\",\"inLanguage\":\"ca\",\"@id\":\"https:\\\/\\\/www.inverseteams.com\\\/ca\\\/producte\\\/jaqueta-ciclista-amb-llum-de-seguretat-antares-25-dona\\\/#primaryimage\",\"url\":\"https:\\\/\\\/www.inverseteams.com\\\/wp-content\\\/uploads\\\/INVERSE-CHAQUETA-MUJER-ANTARES-BLACK-001.jpg\",\"contentUrl\":\"https:\\\/\\\/www.inverseteams.com\\\/wp-content\\\/uploads\\\/INVERSE-CHAQUETA-MUJER-ANTARES-BLACK-001.jpg\",\"width\":1500,\"height\":1612},{\"@type\":\"BreadcrumbList\",\"@id\":\"https:\\\/\\\/www.inverseteams.com\\\/ca\\\/producte\\\/jaqueta-ciclista-amb-llum-de-seguretat-antares-25-dona\\\/#breadcrumb\",\"itemListElement\":[{\"@type\":\"ListItem\",\"position\":1,\"name\":\"Portada\",\"item\":\"https:\\\/\\\/www.inverseteams.com\\\/ca\\\/pagina-principal\\\/\"},{\"@type\":\"ListItem\",\"position\":2,\"name\":\"Botiga\",\"item\":\"https:\\\/\\\/www.inverseteams.com\\\/ca\\\/botiga\\\/\"},{\"@type\":\"ListItem\",\"position\":3,\"name\":\"Jaqueta ciclista amb llum de seguretat ANTARES 25 (DONA)\"}]},{\"@type\":\"WebSite\",\"@id\":\"https:\\\/\\\/www.inverseteams.com\\\/ca\\\/#website\",\"url\":\"https:\\\/\\\/www.inverseteams.com\\\/ca\\\/\",\"name\":\"Inverseteams\",\"description\":\"Tu marca de ropa deportiva personalizada\",\"publisher\":{\"@id\":\"https:\\\/\\\/www.inverseteams.com\\\/ca\\\/#organization\"},\"potentialAction\":[{\"@type\":\"SearchAction\",\"target\":{\"@type\":\"EntryPoint\",\"urlTemplate\":\"https:\\\/\\\/www.inverseteams.com\\\/ca\\\/?s={search_term_string}\"},\"query-input\":{\"@type\":\"PropertyValueSpecification\",\"valueRequired\":true,\"valueName\":\"search_term_string\"}}],\"inLanguage\":\"ca\"},{\"@type\":\"Organization\",\"@id\":\"https:\\\/\\\/www.inverseteams.com\\\/ca\\\/#organization\",\"name\":\"Inverse Teams\",\"url\":\"https:\\\/\\\/www.inverseteams.com\\\/ca\\\/\",\"logo\":{\"@type\":\"ImageObject\",\"inLanguage\":\"ca\",\"@id\":\"https:\\\/\\\/www.inverseteams.com\\\/ca\\\/#\\\/schema\\\/logo\\\/image\\\/\",\"url\":\"http:\\\/\\\/www.inverseteams.com\\\/wp-content\\\/uploads\\\/2021\\\/03\\\/logo-inverse-teams.png\",\"contentUrl\":\"http:\\\/\\\/www.inverseteams.com\\\/wp-content\\\/uploads\\\/2021\\\/03\\\/logo-inverse-teams.png\",\"width\":294,\"height\":99,\"caption\":\"Inverse Teams\"},\"image\":{\"@id\":\"https:\\\/\\\/www.inverseteams.com\\\/ca\\\/#\\\/schema\\\/logo\\\/image\\\/\"},\"sameAs\":[\"https:\\\/\\\/www.facebook.com\\\/inverseteams\",\"http:\\\/\\\/instagram.com\\\/inverseteams\",\"https:\\\/\\\/www.linkedin.com\\\/company\\\/inverse-cirosport-s-l-?trk=job_view_topcard_company_name\",\"http:\\\/\\\/www.pinterest.com\\\/inverseteams\\\/\",\"http:\\\/\\\/www.youtube.com\\\/user\\\/inverseteams?feature=watch\"]}]}<\/script>\n<!-- \/ Yoast SEO plugin. -->","yoast_head_json":{"title":"Jaqueta ciclista amb llum de seguretat ANTARES 25 (DONA)","description":"A la zona de les butxaques incorpora una llum LED de seguretat extra\u00efble. Aquesta t\u00e9 2 modes d'il\u00b7luminaci\u00f3: fix i parpelleig. Amb una pot\u00e8ncia de 150 lumens, el seu rang de visibilitat m\u00e0xim \u00e9s de 20 metres. T\u00e9 una durada de 2 a 4 hores i \u00e9s f\u00e0cilment recarregable per USB 3.0. Com a novetat, aquest nou model t\u00e9 v\u00e0ries \u00e0rees confeccionades amb teixit reflectant per augmentar notablement la teva seguretat a la carretera. La nova jaqueta ANTARES \u00e9s perfecta per gaudir del ciclisme amb total seguretat durant els moments de poca llum. Jaqueta ciclista t\u00e8rmica dissenyada amb un patr\u00f3 original i innovador que millora l\u2019aerodin\u00e0mica sobre la bicicleta. Els seus teixits es caracteritzen per la seva alta transpirabilitat i permeten expulsar la suor cap a l\u2019exterior perqu\u00e8 la pell estigui sempre seca. A m\u00e9s, incorpora a la zona del pit el teixit AEROTECH-FAST, una membrana hidrof\u00edlica i termorreguladora que et protegir\u00e0 de la humitat i el vent. La seva elasticitat permet que la jaqueta s\u2019adapti perfectament al cos durant el pedaleig i deixa fluir f\u00e0cilment l\u2019aire per augmentar l\u2019aerodin\u00e0mica. Les m\u00e0nigues s\u2019adapten a totes les posicions i estan confeccionades amb costures planes. El puny tallat a l\u00e0ser s\u2019ajusta molt b\u00e9 al bra\u00e7 i evita l\u2019entrada d\u2019aire. A la zona lumbar incorpora 4 butxaques de gran capacitat on podr\u00e0s guardar qualsevol objecte sense por a perdre\u2019l. A la cintura t\u00e9 una banda el\u00e0stica amb un grip de silicona antilliscant a l\u2019interior per mantenir el mallot ben arrapat al cos.","robots":{"index":"index","follow":"follow","max-snippet":"max-snippet:-1","max-image-preview":"max-image-preview:large","max-video-preview":"max-video-preview:-1"},"canonical":"https:\/\/www.inverseteams.com\/ca\/producte\/jaqueta-ciclista-amb-llum-de-seguretat-antares-25-dona\/","og_locale":"ca_ES","og_type":"article","og_title":"Jaqueta ciclista amb llum de seguretat ANTARES 25 (DONA)","og_description":"A la zona de les butxaques incorpora una llum LED de seguretat extra\u00efble. Aquesta t\u00e9 2 modes d'il\u00b7luminaci\u00f3: fix i parpelleig. Amb una pot\u00e8ncia de 150 lumens, el seu rang de visibilitat m\u00e0xim \u00e9s de 20 metres. T\u00e9 una durada de 2 a 4 hores i \u00e9s f\u00e0cilment recarregable per USB 3.0. Com a novetat, aquest nou model t\u00e9 v\u00e0ries \u00e0rees confeccionades amb teixit reflectant per augmentar notablement la teva seguretat a la carretera. La nova jaqueta ANTARES \u00e9s perfecta per gaudir del ciclisme amb total seguretat durant els moments de poca llum. Jaqueta ciclista t\u00e8rmica dissenyada amb un patr\u00f3 original i innovador que millora l\u2019aerodin\u00e0mica sobre la bicicleta. Els seus teixits es caracteritzen per la seva alta transpirabilitat i permeten expulsar la suor cap a l\u2019exterior perqu\u00e8 la pell estigui sempre seca. A m\u00e9s, incorpora a la zona del pit el teixit AEROTECH-FAST, una membrana hidrof\u00edlica i termorreguladora que et protegir\u00e0 de la humitat i el vent. La seva elasticitat permet que la jaqueta s\u2019adapti perfectament al cos durant el pedaleig i deixa fluir f\u00e0cilment l\u2019aire per augmentar l\u2019aerodin\u00e0mica. Les m\u00e0nigues s\u2019adapten a totes les posicions i estan confeccionades amb costures planes. El puny tallat a l\u00e0ser s\u2019ajusta molt b\u00e9 al bra\u00e7 i evita l\u2019entrada d\u2019aire. A la zona lumbar incorpora 4 butxaques de gran capacitat on podr\u00e0s guardar qualsevol objecte sense por a perdre\u2019l. A la cintura t\u00e9 una banda el\u00e0stica amb un grip de silicona antilliscant a l\u2019interior per mantenir el mallot ben arrapat al cos.","og_url":"https:\/\/www.inverseteams.com\/ca\/producte\/jaqueta-ciclista-amb-llum-de-seguretat-antares-25-dona\/","og_site_name":"Inverseteams","article_publisher":"https:\/\/www.facebook.com\/inverseteams","article_modified_time":"2025-10-16T11:36:29+00:00","og_image":[{"width":1500,"height":1612,"url":"https:\/\/www.inverseteams.com\/wp-content\/uploads\/INVERSE-CHAQUETA-MUJER-ANTARES-BLACK-001.jpg","type":"image\/jpeg"}],"twitter_card":"summary_large_image","twitter_misc":{"Temps estimat de lectura":"2 minut"},"schema":{"@context":"https:\/\/schema.org","@graph":[{"@type":"WebPage","@id":"https:\/\/www.inverseteams.com\/ca\/producte\/jaqueta-ciclista-amb-llum-de-seguretat-antares-25-dona\/","url":"https:\/\/www.inverseteams.com\/ca\/producte\/jaqueta-ciclista-amb-llum-de-seguretat-antares-25-dona\/","name":"Jaqueta ciclista amb llum de seguretat ANTARES 25 (DONA)","isPartOf":{"@id":"https:\/\/www.inverseteams.com\/ca\/#website"},"primaryImageOfPage":{"@id":"https:\/\/www.inverseteams.com\/ca\/producte\/jaqueta-ciclista-amb-llum-de-seguretat-antares-25-dona\/#primaryimage"},"image":{"@id":"https:\/\/www.inverseteams.com\/ca\/producte\/jaqueta-ciclista-amb-llum-de-seguretat-antares-25-dona\/#primaryimage"},"thumbnailUrl":"https:\/\/www.inverseteams.com\/wp-content\/uploads\/INVERSE-CHAQUETA-MUJER-ANTARES-BLACK-001.jpg","datePublished":"2024-07-26T12:41:46+00:00","dateModified":"2025-10-16T11:36:29+00:00","description":"A la zona de les butxaques incorpora una llum LED de seguretat extra\u00efble. Aquesta t\u00e9 2 modes d'il\u00b7luminaci\u00f3: fix i parpelleig. Amb una pot\u00e8ncia de 150 lumens, el seu rang de visibilitat m\u00e0xim \u00e9s de 20 metres. T\u00e9 una durada de 2 a 4 hores i \u00e9s f\u00e0cilment recarregable per USB 3.0. Com a novetat, aquest nou model t\u00e9 v\u00e0ries \u00e0rees confeccionades amb teixit reflectant per augmentar notablement la teva seguretat a la carretera. La nova jaqueta ANTARES \u00e9s perfecta per gaudir del ciclisme amb total seguretat durant els moments de poca llum. Jaqueta ciclista t\u00e8rmica dissenyada amb un patr\u00f3 original i innovador que millora l\u2019aerodin\u00e0mica sobre la bicicleta. Els seus teixits es caracteritzen per la seva alta transpirabilitat i permeten expulsar la suor cap a l\u2019exterior perqu\u00e8 la pell estigui sempre seca. A m\u00e9s, incorpora a la zona del pit el teixit AEROTECH-FAST, una membrana hidrof\u00edlica i termorreguladora que et protegir\u00e0 de la humitat i el vent. La seva elasticitat permet que la jaqueta s\u2019adapti perfectament al cos durant el pedaleig i deixa fluir f\u00e0cilment l\u2019aire per augmentar l\u2019aerodin\u00e0mica. Les m\u00e0nigues s\u2019adapten a totes les posicions i estan confeccionades amb costures planes. El puny tallat a l\u00e0ser s\u2019ajusta molt b\u00e9 al bra\u00e7 i evita l\u2019entrada d\u2019aire. A la zona lumbar incorpora 4 butxaques de gran capacitat on podr\u00e0s guardar qualsevol objecte sense por a perdre\u2019l. A la cintura t\u00e9 una banda el\u00e0stica amb un grip de silicona antilliscant a l\u2019interior per mantenir el mallot ben arrapat al cos.","breadcrumb":{"@id":"https:\/\/www.inverseteams.com\/ca\/producte\/jaqueta-ciclista-amb-llum-de-seguretat-antares-25-dona\/#breadcrumb"},"inLanguage":"ca","potentialAction":[{"@type":"ReadAction","target":["https:\/\/www.inverseteams.com\/ca\/producte\/jaqueta-ciclista-amb-llum-de-seguretat-antares-25-dona\/"]}]},{"@type":"ImageObject","inLanguage":"ca","@id":"https:\/\/www.inverseteams.com\/ca\/producte\/jaqueta-ciclista-amb-llum-de-seguretat-antares-25-dona\/#primaryimage","url":"https:\/\/www.inverseteams.com\/wp-content\/uploads\/INVERSE-CHAQUETA-MUJER-ANTARES-BLACK-001.jpg","contentUrl":"https:\/\/www.inverseteams.com\/wp-content\/uploads\/INVERSE-CHAQUETA-MUJER-ANTARES-BLACK-001.jpg","width":1500,"height":1612},{"@type":"BreadcrumbList","@id":"https:\/\/www.inverseteams.com\/ca\/producte\/jaqueta-ciclista-amb-llum-de-seguretat-antares-25-dona\/#breadcrumb","itemListElement":[{"@type":"ListItem","position":1,"name":"Portada","item":"https:\/\/www.inverseteams.com\/ca\/pagina-principal\/"},{"@type":"ListItem","position":2,"name":"Botiga","item":"https:\/\/www.inverseteams.com\/ca\/botiga\/"},{"@type":"ListItem","position":3,"name":"Jaqueta ciclista amb llum de seguretat ANTARES 25 (DONA)"}]},{"@type":"WebSite","@id":"https:\/\/www.inverseteams.com\/ca\/#website","url":"https:\/\/www.inverseteams.com\/ca\/","name":"Inverseteams","description":"Tu marca de ropa deportiva personalizada","publisher":{"@id":"https:\/\/www.inverseteams.com\/ca\/#organization"},"potentialAction":[{"@type":"SearchAction","target":{"@type":"EntryPoint","urlTemplate":"https:\/\/www.inverseteams.com\/ca\/?s={search_term_string}"},"query-input":{"@type":"PropertyValueSpecification","valueRequired":true,"valueName":"search_term_string"}}],"inLanguage":"ca"},{"@type":"Organization","@id":"https:\/\/www.inverseteams.com\/ca\/#organization","name":"Inverse Teams","url":"https:\/\/www.inverseteams.com\/ca\/","logo":{"@type":"ImageObject","inLanguage":"ca","@id":"https:\/\/www.inverseteams.com\/ca\/#\/schema\/logo\/image\/","url":"https:\/\/www.inverseteams.com\/wp-content\/uploads\/2021\/03\/logo-inverse-teams.png","contentUrl":"https:\/\/www.inverseteams.com\/wp-content\/uploads\/2021\/03\/logo-inverse-teams.png","width":294,"height":99,"caption":"Inverse Teams"},"image":{"@id":"https:\/\/www.inverseteams.com\/ca\/#\/schema\/logo\/image\/"},"sameAs":["https:\/\/www.facebook.com\/inverseteams","http:\/\/instagram.com\/inverseteams","https:\/\/www.linkedin.com\/company\/inverse-cirosport-s-l-?trk=job_view_topcard_company_name","http:\/\/www.pinterest.com\/inverseteams\/","http:\/\/www.youtube.com\/user\/inverseteams?feature=watch"]}]}},"_links":{"self":[{"href":"https:\/\/www.inverseteams.com\/ca\/wp-json\/wp\/v2\/product\/209421","targetHints":{"allow":["GET"]}}],"collection":[{"href":"https:\/\/www.inverseteams.com\/ca\/wp-json\/wp\/v2\/product"}],"about":[{"href":"https:\/\/www.inverseteams.com\/ca\/wp-json\/wp\/v2\/types\/product"}],"replies":[{"embeddable":true,"href":"https:\/\/www.inverseteams.com\/ca\/wp-json\/wp\/v2\/comments?post=209421"}],"wp:featuredmedia":[{"embeddable":true,"href":"https:\/\/www.inverseteams.com\/ca\/wp-json\/wp\/v2\/media\/271001"}],"wp:attachment":[{"href":"https:\/\/www.inverseteams.com\/ca\/wp-json\/wp\/v2\/media?parent=209421"}],"wp:term":[{"taxonomy":"product_brand","embeddable":true,"href":"https:\/\/www.inverseteams.com\/ca\/wp-json\/wp\/v2\/product_brand?post=209421"},{"taxonomy":"product_cat","embeddable":true,"href":"https:\/\/www.inverseteams.com\/ca\/wp-json\/wp\/v2\/product_cat?post=209421"},{"taxonomy":"product_tag","embeddable":true,"href":"https:\/\/www.inverseteams.com\/ca\/wp-json\/wp\/v2\/product_tag?post=209421"},{"taxonomy":"custom_category","embeddable":true,"href":"https:\/\/www.inverseteams.com\/ca\/wp-json\/wp\/v2\/custom_category?post=209421"},{"taxonomy":"range","embeddable":true,"href":"https:\/\/www.inverseteams.com\/ca\/wp-json\/wp\/v2\/range?post=209421"}],"curies":[{"name":"wp","href":"https:\/\/api.w.org\/{rel}","templated":true}]}}