{"id":209415,"date":"2024-07-26T12:32:09","date_gmt":"2024-07-26T12:32:09","guid":{"rendered":"https:\/\/www.inverseteams.com\/?post_type=product&#038;p=209415"},"modified":"2024-10-17T07:12:25","modified_gmt":"2024-10-17T07:12:25","slug":"jaqueta-ciclista-membrana-pure-helios-tierra-home","status":"publish","type":"product","link":"https:\/\/www.inverseteams.com\/ca\/producte\/jaqueta-ciclista-membrana-pure-helios-tierra-home\/","title":{"rendered":"Jaqueta ciclista membrana PURE HELIOS TIERRA (HOME)"},"content":{"rendered":"<p>La nova jaqueta ciclista t\u00e8rmica d&#8217;Inverse destaca pel seu patr\u00f3 original i innovador que millora l&#8217;aerodin\u00e0mica sobre la bicicleta i pel teixit amb una membrana hidr\u00f2fuga que et protegir\u00e0 de la humitat i de la pluja. S&#8217;adapta perfectament al cos durant el pedaleig i deixa fluir f\u00e0cilment l&#8217;aire per augmentar l&#8217;aerodin\u00e0mica. T\u00e9 una cremallera integral amb un sistema antipull que et permetr\u00e0 posar-te-la i treure-te-la f\u00e0cilment i podr\u00e0s regular la ventilaci\u00f3 durant l&#8217;exercici.<br \/>\nCom a novetat, respecte versions anteriors, t\u00e9 una cremallera lateral per augmentar la ventilaci\u00f3 i aix\u00ed poder refrigerar el cos. Tamb\u00e9 t\u00e9 una butxaca interior amb una goma el\u00e0stica que es pot utilitzar com a porta-claus. A m\u00e9s, inclou una gamusa perqu\u00e8 puguis netejar les ulleres.<br \/>\nLes m\u00e0nigues s\u2019adapten a totes les posicions i estan confeccionades amb costures planes. El puny tallat a l\u00e0ser s\u2019ajusta molt b\u00e9 al bra\u00e7 i evita l\u2019entrada d\u2019aire.<br \/>\nCom a novetat, a un lateral t\u00e9 la butxaca ECO-TECH de reixeta perqu\u00e8 puguis guardar els residus que generis. A m\u00e9s, a la zona lumbar incorpora 3 butxaques de gran capacitat on podr\u00e0s guardar qualsevol objecte sense por a perdre\u2019l. A la cintura t\u00e9 una banda el\u00e0stica amb un grip de silicona antilliscant a l\u2019interior per mantenir el mallot ben arrapat al cos. Tamb\u00e9 t\u00e9 varis detalls reflectants per augmentar la teva seguretat a la carretera. Gaudeix del ciclisme sense preocupacions.<\/p>\n","protected":false},"excerpt":{"rendered":"<p>La nova jaqueta ciclista t\u00e8rmica d&#8217;Inverse destaca pel seu patr\u00f3 original i innovador que millora l&#8217;aerodin\u00e0mica sobre la bicicleta i pel teixit amb una membrana hidr\u00f2fuga que et protegir\u00e0 de la humitat i de la pluja. S&#8217;adapta perfectament al cos durant el pedaleig i deixa fluir f\u00e0cilment l&#8217;aire per augmentar l&#8217;aerodin\u00e0mica. T\u00e9 una cremallera integral amb un sistema antipull que et permetr\u00e0 posar-te-la i treure-te-la f\u00e0cilment i podr\u00e0s regular la ventilaci\u00f3 durant l&#8217;exercici.<br \/>\nCom a novetat, respecte versions anteriors, t\u00e9 una cremallera lateral per augmentar la ventilaci\u00f3 i aix\u00ed poder refrigerar el cos. Tamb\u00e9 t\u00e9 una butxaca interior amb una goma el\u00e0stica que es pot utilitzar com a porta-claus. A m\u00e9s, inclou una gamusa perqu\u00e8 puguis netejar les ulleres.<br \/>\nLes m\u00e0nigues s\u2019adapten a totes les posicions i estan confeccionades amb costures planes. El puny tallat a l\u00e0ser s\u2019ajusta molt b\u00e9 al bra\u00e7 i evita l\u2019entrada d\u2019aire.<br \/>\nCom a novetat, a un lateral t\u00e9 la butxaca ECO-TECH de reixeta perqu\u00e8 puguis guardar els residus que generis. A m\u00e9s, a la zona lumbar incorpora 3 butxaques de gran capacitat on podr\u00e0s guardar qualsevol objecte sense por a perdre\u2019l. A la cintura t\u00e9 una banda el\u00e0stica amb un grip de silicona antilliscant a l\u2019interior per mantenir el mallot ben arrapat al cos. Tamb\u00e9 t\u00e9 varis detalls reflectants per augmentar la teva seguretat a la carretera. Gaudeix del ciclisme sense preocupacions.<\/p>\n","protected":false},"featured_media":217141,"comment_status":"closed","ping_status":"closed","template":"","meta":{"_acf_changed":false},"product_brand":[],"product_cat":[4113,7175],"product_tag":[],"custom_category":[],"range":[],"class_list":{"0":"post-209415","1":"product","2":"type-product","3":"status-publish","4":"has-post-thumbnail","6":"product_cat-jaqueta-ciclista","7":"product_cat-b2b-ca","8":"pa_climatologia-fred","9":"pa_climatologia-pluja","10":"pa_climatologia-vent","11":"pa_deporte-gravel-ca","12":"pa_deporte-ciclisme","13":"pa_genero-home","14":"pa_patronaje-fit-ca","15":"pa_talla-l-ca","16":"pa_talla-m-ca","17":"pa_talla-s-ca","18":"pa_talla-xl-ca","19":"pa_talla-xxl-ca","20":"pa_tipo-de-prenda-jaqueta","22":"first","23":"instock","24":"taxable","25":"shipping-taxable","26":"purchasable","27":"product-type-variable","28":"has-default-attributes"},"acf":[],"yoast_head":"<!-- This site is optimized with the Yoast SEO plugin v27.3 - https:\/\/yoast.com\/product\/yoast-seo-wordpress\/ -->\n<title>Jaqueta ciclista membrana PURE HELIOS TIERRA (HOME)<\/title>\n<meta name=\"description\" content=\"La nova jaqueta ciclista t\u00e8rmica d&#039;Inverse destaca pel seu patr\u00f3 original i innovador que millora l&#039;aerodin\u00e0mica sobre la bicicleta i pel teixit amb una membrana hidr\u00f2fuga que et protegir\u00e0 de la humitat i de la pluja. S&#039;adapta perfectament al cos durant el pedaleig i deixa fluir f\u00e0cilment l&#039;aire per augmentar l&#039;aerodin\u00e0mica. T\u00e9 una cremallera integral amb un sistema antipull que et permetr\u00e0 posar-te-la i treure-te-la f\u00e0cilment i podr\u00e0s regular la ventilaci\u00f3 durant l&#039;exercici. Com a novetat, respecte versions anteriors, t\u00e9 una cremallera lateral per augmentar la ventilaci\u00f3 i aix\u00ed poder refrigerar el cos. Tamb\u00e9 t\u00e9 una butxaca interior amb una goma el\u00e0stica que es pot utilitzar com a porta-claus. A m\u00e9s, inclou una gamusa perqu\u00e8 puguis netejar les ulleres. Les m\u00e0nigues s\u2019adapten a totes les posicions i estan confeccionades amb costures planes. El puny tallat a l\u00e0ser s\u2019ajusta molt b\u00e9 al bra\u00e7 i evita l\u2019entrada d\u2019aire. Com a novetat, a un lateral t\u00e9 la butxaca ECO-TECH de reixeta perqu\u00e8 puguis guardar els residus que generis. A m\u00e9s, a la zona lumbar incorpora 3 butxaques de gran capacitat on podr\u00e0s guardar qualsevol objecte sense por a perdre\u2019l. A la cintura t\u00e9 una banda el\u00e0stica amb un grip de silicona antilliscant a l\u2019interior per mantenir el mallot ben arrapat al cos. Tamb\u00e9 t\u00e9 varis detalls reflectants per augmentar la teva seguretat a la carretera. Gaudeix del ciclisme sense preocupacions.\" \/>\n<meta name=\"robots\" content=\"index, follow, max-snippet:-1, max-image-preview:large, max-video-preview:-1\" \/>\n<link rel=\"canonical\" href=\"https:\/\/www.inverseteams.com\/ca\/producte\/jaqueta-ciclista-membrana-pure-helios-tierra-home\/\" \/>\n<meta property=\"og:locale\" content=\"ca_ES\" \/>\n<meta property=\"og:type\" content=\"article\" \/>\n<meta property=\"og:title\" content=\"Jaqueta ciclista membrana PURE HELIOS TIERRA (HOME)\" \/>\n<meta property=\"og:description\" content=\"La nova jaqueta ciclista t\u00e8rmica d&#039;Inverse destaca pel seu patr\u00f3 original i innovador que millora l&#039;aerodin\u00e0mica sobre la bicicleta i pel teixit amb una membrana hidr\u00f2fuga que et protegir\u00e0 de la humitat i de la pluja. S&#039;adapta perfectament al cos durant el pedaleig i deixa fluir f\u00e0cilment l&#039;aire per augmentar l&#039;aerodin\u00e0mica. T\u00e9 una cremallera integral amb un sistema antipull que et permetr\u00e0 posar-te-la i treure-te-la f\u00e0cilment i podr\u00e0s regular la ventilaci\u00f3 durant l&#039;exercici. Com a novetat, respecte versions anteriors, t\u00e9 una cremallera lateral per augmentar la ventilaci\u00f3 i aix\u00ed poder refrigerar el cos. Tamb\u00e9 t\u00e9 una butxaca interior amb una goma el\u00e0stica que es pot utilitzar com a porta-claus. A m\u00e9s, inclou una gamusa perqu\u00e8 puguis netejar les ulleres. Les m\u00e0nigues s\u2019adapten a totes les posicions i estan confeccionades amb costures planes. El puny tallat a l\u00e0ser s\u2019ajusta molt b\u00e9 al bra\u00e7 i evita l\u2019entrada d\u2019aire. Com a novetat, a un lateral t\u00e9 la butxaca ECO-TECH de reixeta perqu\u00e8 puguis guardar els residus que generis. A m\u00e9s, a la zona lumbar incorpora 3 butxaques de gran capacitat on podr\u00e0s guardar qualsevol objecte sense por a perdre\u2019l. A la cintura t\u00e9 una banda el\u00e0stica amb un grip de silicona antilliscant a l\u2019interior per mantenir el mallot ben arrapat al cos. Tamb\u00e9 t\u00e9 varis detalls reflectants per augmentar la teva seguretat a la carretera. Gaudeix del ciclisme sense preocupacions.\" \/>\n<meta property=\"og:url\" content=\"https:\/\/www.inverseteams.com\/ca\/producte\/jaqueta-ciclista-membrana-pure-helios-tierra-home\/\" \/>\n<meta property=\"og:site_name\" content=\"Inverseteams\" \/>\n<meta property=\"article:publisher\" content=\"https:\/\/www.facebook.com\/inverseteams\" \/>\n<meta property=\"article:modified_time\" content=\"2024-10-17T07:12:25+00:00\" \/>\n<meta property=\"og:image\" content=\"https:\/\/www.inverseteams.com\/wp-content\/uploads\/CHAQUETA-CICLISMO-HOMBRE-PURE-HELIOS-TIERRA-1-1.jpg\" \/>\n\t<meta property=\"og:image:width\" content=\"1500\" \/>\n\t<meta property=\"og:image:height\" content=\"1612\" \/>\n\t<meta property=\"og:image:type\" content=\"image\/jpeg\" \/>\n<meta name=\"twitter:card\" content=\"summary_large_image\" \/>\n<meta name=\"twitter:label1\" content=\"Temps estimat de lectura\" \/>\n\t<meta name=\"twitter:data1\" content=\"2 minut\" \/>\n<script type=\"application\/ld+json\" class=\"yoast-schema-graph\">{\"@context\":\"https:\\\/\\\/schema.org\",\"@graph\":[{\"@type\":\"WebPage\",\"@id\":\"https:\\\/\\\/www.inverseteams.com\\\/ca\\\/producte\\\/jaqueta-ciclista-membrana-pure-helios-tierra-home\\\/\",\"url\":\"https:\\\/\\\/www.inverseteams.com\\\/ca\\\/producte\\\/jaqueta-ciclista-membrana-pure-helios-tierra-home\\\/\",\"name\":\"Jaqueta ciclista membrana PURE HELIOS TIERRA (HOME)\",\"isPartOf\":{\"@id\":\"https:\\\/\\\/www.inverseteams.com\\\/ca\\\/#website\"},\"primaryImageOfPage\":{\"@id\":\"https:\\\/\\\/www.inverseteams.com\\\/ca\\\/producte\\\/jaqueta-ciclista-membrana-pure-helios-tierra-home\\\/#primaryimage\"},\"image\":{\"@id\":\"https:\\\/\\\/www.inverseteams.com\\\/ca\\\/producte\\\/jaqueta-ciclista-membrana-pure-helios-tierra-home\\\/#primaryimage\"},\"thumbnailUrl\":\"https:\\\/\\\/www.inverseteams.com\\\/wp-content\\\/uploads\\\/CHAQUETA-CICLISMO-HOMBRE-PURE-HELIOS-TIERRA-1-1.jpg\",\"datePublished\":\"2024-07-26T12:32:09+00:00\",\"dateModified\":\"2024-10-17T07:12:25+00:00\",\"description\":\"La nova jaqueta ciclista t\u00e8rmica d'Inverse destaca pel seu patr\u00f3 original i innovador que millora l'aerodin\u00e0mica sobre la bicicleta i pel teixit amb una membrana hidr\u00f2fuga que et protegir\u00e0 de la humitat i de la pluja. S'adapta perfectament al cos durant el pedaleig i deixa fluir f\u00e0cilment l'aire per augmentar l'aerodin\u00e0mica. T\u00e9 una cremallera integral amb un sistema antipull que et permetr\u00e0 posar-te-la i treure-te-la f\u00e0cilment i podr\u00e0s regular la ventilaci\u00f3 durant l'exercici. Com a novetat, respecte versions anteriors, t\u00e9 una cremallera lateral per augmentar la ventilaci\u00f3 i aix\u00ed poder refrigerar el cos. Tamb\u00e9 t\u00e9 una butxaca interior amb una goma el\u00e0stica que es pot utilitzar com a porta-claus. A m\u00e9s, inclou una gamusa perqu\u00e8 puguis netejar les ulleres. Les m\u00e0nigues s\u2019adapten a totes les posicions i estan confeccionades amb costures planes. El puny tallat a l\u00e0ser s\u2019ajusta molt b\u00e9 al bra\u00e7 i evita l\u2019entrada d\u2019aire. Com a novetat, a un lateral t\u00e9 la butxaca ECO-TECH de reixeta perqu\u00e8 puguis guardar els residus que generis. A m\u00e9s, a la zona lumbar incorpora 3 butxaques de gran capacitat on podr\u00e0s guardar qualsevol objecte sense por a perdre\u2019l. A la cintura t\u00e9 una banda el\u00e0stica amb un grip de silicona antilliscant a l\u2019interior per mantenir el mallot ben arrapat al cos. Tamb\u00e9 t\u00e9 varis detalls reflectants per augmentar la teva seguretat a la carretera. Gaudeix del ciclisme sense preocupacions.\",\"breadcrumb\":{\"@id\":\"https:\\\/\\\/www.inverseteams.com\\\/ca\\\/producte\\\/jaqueta-ciclista-membrana-pure-helios-tierra-home\\\/#breadcrumb\"},\"inLanguage\":\"ca\",\"potentialAction\":[{\"@type\":\"ReadAction\",\"target\":[\"https:\\\/\\\/www.inverseteams.com\\\/ca\\\/producte\\\/jaqueta-ciclista-membrana-pure-helios-tierra-home\\\/\"]}]},{\"@type\":\"ImageObject\",\"inLanguage\":\"ca\",\"@id\":\"https:\\\/\\\/www.inverseteams.com\\\/ca\\\/producte\\\/jaqueta-ciclista-membrana-pure-helios-tierra-home\\\/#primaryimage\",\"url\":\"https:\\\/\\\/www.inverseteams.com\\\/wp-content\\\/uploads\\\/CHAQUETA-CICLISMO-HOMBRE-PURE-HELIOS-TIERRA-1-1.jpg\",\"contentUrl\":\"https:\\\/\\\/www.inverseteams.com\\\/wp-content\\\/uploads\\\/CHAQUETA-CICLISMO-HOMBRE-PURE-HELIOS-TIERRA-1-1.jpg\",\"width\":1500,\"height\":1612,\"caption\":\"CHAQUETA CICLISMO ALTA GAMA INVERSE\"},{\"@type\":\"BreadcrumbList\",\"@id\":\"https:\\\/\\\/www.inverseteams.com\\\/ca\\\/producte\\\/jaqueta-ciclista-membrana-pure-helios-tierra-home\\\/#breadcrumb\",\"itemListElement\":[{\"@type\":\"ListItem\",\"position\":1,\"name\":\"Portada\",\"item\":\"https:\\\/\\\/www.inverseteams.com\\\/ca\\\/pagina-principal\\\/\"},{\"@type\":\"ListItem\",\"position\":2,\"name\":\"Botiga\",\"item\":\"https:\\\/\\\/www.inverseteams.com\\\/ca\\\/botiga\\\/\"},{\"@type\":\"ListItem\",\"position\":3,\"name\":\"Jaqueta ciclista membrana PURE HELIOS TIERRA (HOME)\"}]},{\"@type\":\"WebSite\",\"@id\":\"https:\\\/\\\/www.inverseteams.com\\\/ca\\\/#website\",\"url\":\"https:\\\/\\\/www.inverseteams.com\\\/ca\\\/\",\"name\":\"Inverseteams\",\"description\":\"Tu marca de ropa deportiva personalizada\",\"publisher\":{\"@id\":\"https:\\\/\\\/www.inverseteams.com\\\/ca\\\/#organization\"},\"potentialAction\":[{\"@type\":\"SearchAction\",\"target\":{\"@type\":\"EntryPoint\",\"urlTemplate\":\"https:\\\/\\\/www.inverseteams.com\\\/ca\\\/?s={search_term_string}\"},\"query-input\":{\"@type\":\"PropertyValueSpecification\",\"valueRequired\":true,\"valueName\":\"search_term_string\"}}],\"inLanguage\":\"ca\"},{\"@type\":\"Organization\",\"@id\":\"https:\\\/\\\/www.inverseteams.com\\\/ca\\\/#organization\",\"name\":\"Inverse Teams\",\"url\":\"https:\\\/\\\/www.inverseteams.com\\\/ca\\\/\",\"logo\":{\"@type\":\"ImageObject\",\"inLanguage\":\"ca\",\"@id\":\"https:\\\/\\\/www.inverseteams.com\\\/ca\\\/#\\\/schema\\\/logo\\\/image\\\/\",\"url\":\"http:\\\/\\\/www.inverseteams.com\\\/wp-content\\\/uploads\\\/2021\\\/03\\\/logo-inverse-teams.png\",\"contentUrl\":\"http:\\\/\\\/www.inverseteams.com\\\/wp-content\\\/uploads\\\/2021\\\/03\\\/logo-inverse-teams.png\",\"width\":294,\"height\":99,\"caption\":\"Inverse Teams\"},\"image\":{\"@id\":\"https:\\\/\\\/www.inverseteams.com\\\/ca\\\/#\\\/schema\\\/logo\\\/image\\\/\"},\"sameAs\":[\"https:\\\/\\\/www.facebook.com\\\/inverseteams\",\"http:\\\/\\\/instagram.com\\\/inverseteams\",\"https:\\\/\\\/www.linkedin.com\\\/company\\\/inverse-cirosport-s-l-?trk=job_view_topcard_company_name\",\"http:\\\/\\\/www.pinterest.com\\\/inverseteams\\\/\",\"http:\\\/\\\/www.youtube.com\\\/user\\\/inverseteams?feature=watch\"]}]}<\/script>\n<!-- \/ Yoast SEO plugin. -->","yoast_head_json":{"title":"Jaqueta ciclista membrana PURE HELIOS TIERRA (HOME)","description":"La nova jaqueta ciclista t\u00e8rmica d'Inverse destaca pel seu patr\u00f3 original i innovador que millora l'aerodin\u00e0mica sobre la bicicleta i pel teixit amb una membrana hidr\u00f2fuga que et protegir\u00e0 de la humitat i de la pluja. S'adapta perfectament al cos durant el pedaleig i deixa fluir f\u00e0cilment l'aire per augmentar l'aerodin\u00e0mica. T\u00e9 una cremallera integral amb un sistema antipull que et permetr\u00e0 posar-te-la i treure-te-la f\u00e0cilment i podr\u00e0s regular la ventilaci\u00f3 durant l'exercici. Com a novetat, respecte versions anteriors, t\u00e9 una cremallera lateral per augmentar la ventilaci\u00f3 i aix\u00ed poder refrigerar el cos. Tamb\u00e9 t\u00e9 una butxaca interior amb una goma el\u00e0stica que es pot utilitzar com a porta-claus. A m\u00e9s, inclou una gamusa perqu\u00e8 puguis netejar les ulleres. Les m\u00e0nigues s\u2019adapten a totes les posicions i estan confeccionades amb costures planes. El puny tallat a l\u00e0ser s\u2019ajusta molt b\u00e9 al bra\u00e7 i evita l\u2019entrada d\u2019aire. Com a novetat, a un lateral t\u00e9 la butxaca ECO-TECH de reixeta perqu\u00e8 puguis guardar els residus que generis. A m\u00e9s, a la zona lumbar incorpora 3 butxaques de gran capacitat on podr\u00e0s guardar qualsevol objecte sense por a perdre\u2019l. A la cintura t\u00e9 una banda el\u00e0stica amb un grip de silicona antilliscant a l\u2019interior per mantenir el mallot ben arrapat al cos. Tamb\u00e9 t\u00e9 varis detalls reflectants per augmentar la teva seguretat a la carretera. Gaudeix del ciclisme sense preocupacions.","robots":{"index":"index","follow":"follow","max-snippet":"max-snippet:-1","max-image-preview":"max-image-preview:large","max-video-preview":"max-video-preview:-1"},"canonical":"https:\/\/www.inverseteams.com\/ca\/producte\/jaqueta-ciclista-membrana-pure-helios-tierra-home\/","og_locale":"ca_ES","og_type":"article","og_title":"Jaqueta ciclista membrana PURE HELIOS TIERRA (HOME)","og_description":"La nova jaqueta ciclista t\u00e8rmica d'Inverse destaca pel seu patr\u00f3 original i innovador que millora l'aerodin\u00e0mica sobre la bicicleta i pel teixit amb una membrana hidr\u00f2fuga que et protegir\u00e0 de la humitat i de la pluja. S'adapta perfectament al cos durant el pedaleig i deixa fluir f\u00e0cilment l'aire per augmentar l'aerodin\u00e0mica. T\u00e9 una cremallera integral amb un sistema antipull que et permetr\u00e0 posar-te-la i treure-te-la f\u00e0cilment i podr\u00e0s regular la ventilaci\u00f3 durant l'exercici. Com a novetat, respecte versions anteriors, t\u00e9 una cremallera lateral per augmentar la ventilaci\u00f3 i aix\u00ed poder refrigerar el cos. Tamb\u00e9 t\u00e9 una butxaca interior amb una goma el\u00e0stica que es pot utilitzar com a porta-claus. A m\u00e9s, inclou una gamusa perqu\u00e8 puguis netejar les ulleres. Les m\u00e0nigues s\u2019adapten a totes les posicions i estan confeccionades amb costures planes. El puny tallat a l\u00e0ser s\u2019ajusta molt b\u00e9 al bra\u00e7 i evita l\u2019entrada d\u2019aire. Com a novetat, a un lateral t\u00e9 la butxaca ECO-TECH de reixeta perqu\u00e8 puguis guardar els residus que generis. A m\u00e9s, a la zona lumbar incorpora 3 butxaques de gran capacitat on podr\u00e0s guardar qualsevol objecte sense por a perdre\u2019l. A la cintura t\u00e9 una banda el\u00e0stica amb un grip de silicona antilliscant a l\u2019interior per mantenir el mallot ben arrapat al cos. Tamb\u00e9 t\u00e9 varis detalls reflectants per augmentar la teva seguretat a la carretera. Gaudeix del ciclisme sense preocupacions.","og_url":"https:\/\/www.inverseteams.com\/ca\/producte\/jaqueta-ciclista-membrana-pure-helios-tierra-home\/","og_site_name":"Inverseteams","article_publisher":"https:\/\/www.facebook.com\/inverseteams","article_modified_time":"2024-10-17T07:12:25+00:00","og_image":[{"width":1500,"height":1612,"url":"https:\/\/www.inverseteams.com\/wp-content\/uploads\/CHAQUETA-CICLISMO-HOMBRE-PURE-HELIOS-TIERRA-1-1.jpg","type":"image\/jpeg"}],"twitter_card":"summary_large_image","twitter_misc":{"Temps estimat de lectura":"2 minut"},"schema":{"@context":"https:\/\/schema.org","@graph":[{"@type":"WebPage","@id":"https:\/\/www.inverseteams.com\/ca\/producte\/jaqueta-ciclista-membrana-pure-helios-tierra-home\/","url":"https:\/\/www.inverseteams.com\/ca\/producte\/jaqueta-ciclista-membrana-pure-helios-tierra-home\/","name":"Jaqueta ciclista membrana PURE HELIOS TIERRA (HOME)","isPartOf":{"@id":"https:\/\/www.inverseteams.com\/ca\/#website"},"primaryImageOfPage":{"@id":"https:\/\/www.inverseteams.com\/ca\/producte\/jaqueta-ciclista-membrana-pure-helios-tierra-home\/#primaryimage"},"image":{"@id":"https:\/\/www.inverseteams.com\/ca\/producte\/jaqueta-ciclista-membrana-pure-helios-tierra-home\/#primaryimage"},"thumbnailUrl":"https:\/\/www.inverseteams.com\/wp-content\/uploads\/CHAQUETA-CICLISMO-HOMBRE-PURE-HELIOS-TIERRA-1-1.jpg","datePublished":"2024-07-26T12:32:09+00:00","dateModified":"2024-10-17T07:12:25+00:00","description":"La nova jaqueta ciclista t\u00e8rmica d'Inverse destaca pel seu patr\u00f3 original i innovador que millora l'aerodin\u00e0mica sobre la bicicleta i pel teixit amb una membrana hidr\u00f2fuga que et protegir\u00e0 de la humitat i de la pluja. S'adapta perfectament al cos durant el pedaleig i deixa fluir f\u00e0cilment l'aire per augmentar l'aerodin\u00e0mica. T\u00e9 una cremallera integral amb un sistema antipull que et permetr\u00e0 posar-te-la i treure-te-la f\u00e0cilment i podr\u00e0s regular la ventilaci\u00f3 durant l'exercici. Com a novetat, respecte versions anteriors, t\u00e9 una cremallera lateral per augmentar la ventilaci\u00f3 i aix\u00ed poder refrigerar el cos. Tamb\u00e9 t\u00e9 una butxaca interior amb una goma el\u00e0stica que es pot utilitzar com a porta-claus. A m\u00e9s, inclou una gamusa perqu\u00e8 puguis netejar les ulleres. Les m\u00e0nigues s\u2019adapten a totes les posicions i estan confeccionades amb costures planes. El puny tallat a l\u00e0ser s\u2019ajusta molt b\u00e9 al bra\u00e7 i evita l\u2019entrada d\u2019aire. Com a novetat, a un lateral t\u00e9 la butxaca ECO-TECH de reixeta perqu\u00e8 puguis guardar els residus que generis. A m\u00e9s, a la zona lumbar incorpora 3 butxaques de gran capacitat on podr\u00e0s guardar qualsevol objecte sense por a perdre\u2019l. A la cintura t\u00e9 una banda el\u00e0stica amb un grip de silicona antilliscant a l\u2019interior per mantenir el mallot ben arrapat al cos. Tamb\u00e9 t\u00e9 varis detalls reflectants per augmentar la teva seguretat a la carretera. Gaudeix del ciclisme sense preocupacions.","breadcrumb":{"@id":"https:\/\/www.inverseteams.com\/ca\/producte\/jaqueta-ciclista-membrana-pure-helios-tierra-home\/#breadcrumb"},"inLanguage":"ca","potentialAction":[{"@type":"ReadAction","target":["https:\/\/www.inverseteams.com\/ca\/producte\/jaqueta-ciclista-membrana-pure-helios-tierra-home\/"]}]},{"@type":"ImageObject","inLanguage":"ca","@id":"https:\/\/www.inverseteams.com\/ca\/producte\/jaqueta-ciclista-membrana-pure-helios-tierra-home\/#primaryimage","url":"https:\/\/www.inverseteams.com\/wp-content\/uploads\/CHAQUETA-CICLISMO-HOMBRE-PURE-HELIOS-TIERRA-1-1.jpg","contentUrl":"https:\/\/www.inverseteams.com\/wp-content\/uploads\/CHAQUETA-CICLISMO-HOMBRE-PURE-HELIOS-TIERRA-1-1.jpg","width":1500,"height":1612,"caption":"CHAQUETA CICLISMO ALTA GAMA INVERSE"},{"@type":"BreadcrumbList","@id":"https:\/\/www.inverseteams.com\/ca\/producte\/jaqueta-ciclista-membrana-pure-helios-tierra-home\/#breadcrumb","itemListElement":[{"@type":"ListItem","position":1,"name":"Portada","item":"https:\/\/www.inverseteams.com\/ca\/pagina-principal\/"},{"@type":"ListItem","position":2,"name":"Botiga","item":"https:\/\/www.inverseteams.com\/ca\/botiga\/"},{"@type":"ListItem","position":3,"name":"Jaqueta ciclista membrana PURE HELIOS TIERRA (HOME)"}]},{"@type":"WebSite","@id":"https:\/\/www.inverseteams.com\/ca\/#website","url":"https:\/\/www.inverseteams.com\/ca\/","name":"Inverseteams","description":"Tu marca de ropa deportiva personalizada","publisher":{"@id":"https:\/\/www.inverseteams.com\/ca\/#organization"},"potentialAction":[{"@type":"SearchAction","target":{"@type":"EntryPoint","urlTemplate":"https:\/\/www.inverseteams.com\/ca\/?s={search_term_string}"},"query-input":{"@type":"PropertyValueSpecification","valueRequired":true,"valueName":"search_term_string"}}],"inLanguage":"ca"},{"@type":"Organization","@id":"https:\/\/www.inverseteams.com\/ca\/#organization","name":"Inverse Teams","url":"https:\/\/www.inverseteams.com\/ca\/","logo":{"@type":"ImageObject","inLanguage":"ca","@id":"https:\/\/www.inverseteams.com\/ca\/#\/schema\/logo\/image\/","url":"https:\/\/www.inverseteams.com\/wp-content\/uploads\/2021\/03\/logo-inverse-teams.png","contentUrl":"https:\/\/www.inverseteams.com\/wp-content\/uploads\/2021\/03\/logo-inverse-teams.png","width":294,"height":99,"caption":"Inverse Teams"},"image":{"@id":"https:\/\/www.inverseteams.com\/ca\/#\/schema\/logo\/image\/"},"sameAs":["https:\/\/www.facebook.com\/inverseteams","http:\/\/instagram.com\/inverseteams","https:\/\/www.linkedin.com\/company\/inverse-cirosport-s-l-?trk=job_view_topcard_company_name","http:\/\/www.pinterest.com\/inverseteams\/","http:\/\/www.youtube.com\/user\/inverseteams?feature=watch"]}]}},"_links":{"self":[{"href":"https:\/\/www.inverseteams.com\/ca\/wp-json\/wp\/v2\/product\/209415","targetHints":{"allow":["GET"]}}],"collection":[{"href":"https:\/\/www.inverseteams.com\/ca\/wp-json\/wp\/v2\/product"}],"about":[{"href":"https:\/\/www.inverseteams.com\/ca\/wp-json\/wp\/v2\/types\/product"}],"replies":[{"embeddable":true,"href":"https:\/\/www.inverseteams.com\/ca\/wp-json\/wp\/v2\/comments?post=209415"}],"wp:featuredmedia":[{"embeddable":true,"href":"https:\/\/www.inverseteams.com\/ca\/wp-json\/wp\/v2\/media\/217141"}],"wp:attachment":[{"href":"https:\/\/www.inverseteams.com\/ca\/wp-json\/wp\/v2\/media?parent=209415"}],"wp:term":[{"taxonomy":"product_brand","embeddable":true,"href":"https:\/\/www.inverseteams.com\/ca\/wp-json\/wp\/v2\/product_brand?post=209415"},{"taxonomy":"product_cat","embeddable":true,"href":"https:\/\/www.inverseteams.com\/ca\/wp-json\/wp\/v2\/product_cat?post=209415"},{"taxonomy":"product_tag","embeddable":true,"href":"https:\/\/www.inverseteams.com\/ca\/wp-json\/wp\/v2\/product_tag?post=209415"},{"taxonomy":"custom_category","embeddable":true,"href":"https:\/\/www.inverseteams.com\/ca\/wp-json\/wp\/v2\/custom_category?post=209415"},{"taxonomy":"range","embeddable":true,"href":"https:\/\/www.inverseteams.com\/ca\/wp-json\/wp\/v2\/range?post=209415"}],"curies":[{"name":"wp","href":"https:\/\/api.w.org\/{rel}","templated":true}]}}