{"id":209412,"date":"2024-07-26T12:26:54","date_gmt":"2024-07-26T12:26:54","guid":{"rendered":"https:\/\/www.inverseteams.com\/?post_type=product&#038;p=209412"},"modified":"2025-04-07T08:07:44","modified_gmt":"2025-04-07T08:07:44","slug":"impermeable-ciclista-reversible-2way-tierra-black-unisex","status":"publish","type":"product","link":"https:\/\/www.inverseteams.com\/ca\/producte\/impermeable-ciclista-reversible-2way-tierra-black-unisex\/","title":{"rendered":"Impermeable ciclista reversible 2WAY TIERRA\/BLACK (UNISEX)"},"content":{"rendered":"<p>Revolucionari impermeable reversible dissenyat amb un patr\u00f3 original i innovador que et permetr\u00e0 tenir dues peces en una i poder combinar-lo amb tots els teus culots.<br \/>\nGr\u00e0cies al seu teixit amb membrana bidireccional, les seves propietats s\u00f3n les mateixes per ambd\u00f3s costats. \u00c9s molt lleugera, tallavents i impermeable. Ideal pels descensos i els dies de climatologia variable.<br \/>\nAl ser tant fina i lleugera la podr\u00e0s guardar f\u00e0cilment a la butxaca del mallot quan no la necessitis. T\u00e9 una cremallera integral amb el sistema antipull que et permetr\u00e0 regular la ventilaci\u00f3 durant l\u2019exercici.<br \/>\nA ambd\u00f3s costats de la zona lumbar incorpora 3 butxaques de gran capacitat. A un dels costats les butxaques tenen una tapeta que les protegir\u00e0 de la pluja.<br \/>\nA la cintura t\u00e9 una banda el\u00e0stica amb un grip de silicona antilliscant a l\u2019interior per mantenir el mallot ben arrapat al cos. Gaudeix del ciclisme sense preocupacions.<\/p>\n","protected":false},"excerpt":{"rendered":"<p>Revolucionari impermeable reversible dissenyat amb un patr\u00f3 original i innovador que et permetr\u00e0 tenir dues peces en una i poder combinar-lo amb tots els teus culots.<br \/>\nGr\u00e0cies al seu teixit amb membrana bidireccional, les seves propietats s\u00f3n les mateixes per ambd\u00f3s costats. \u00c9s molt lleugera, tallavents i impermeable. Ideal pels descensos i els dies de climatologia variable.<br \/>\nAl ser tant fina i lleugera la podr\u00e0s guardar f\u00e0cilment a la butxaca del mallot quan no la necessitis. T\u00e9 una cremallera integral amb el sistema antipull que et permetr\u00e0 regular la ventilaci\u00f3 durant l\u2019exercici.<br \/>\nA ambd\u00f3s costats de la zona lumbar incorpora 3 butxaques de gran capacitat. A un dels costats les butxaques tenen una tapeta que les protegir\u00e0 de la pluja.<br \/>\nA la cintura t\u00e9 una banda el\u00e0stica amb un grip de silicona antilliscant a l\u2019interior per mantenir el mallot ben arrapat al cos. Gaudeix del ciclisme sense preocupacions.<\/p>\n","protected":false},"featured_media":209041,"comment_status":"closed","ping_status":"closed","template":"","meta":{"_acf_changed":false},"product_brand":[],"product_cat":[9947,4113,7175],"product_tag":[],"custom_category":[],"range":[],"class_list":{"0":"post-209412","1":"product","2":"type-product","3":"status-publish","4":"has-post-thumbnail","6":"product_cat-gravel-cat","7":"product_cat-jaqueta-ciclista","8":"product_cat-b2b-ca","9":"pa_climatologia-vent","10":"pa_climatologia-pluja","11":"pa_climatologia-temperatura-temperada","12":"pa_deporte-ciclisme","13":"pa_deporte-gravel-ca","14":"pa_genero-home","15":"pa_genero-dona","16":"pa_patronaje-regular-ca","17":"pa_talla-l-ca","18":"pa_talla-m-ca","19":"pa_talla-s-ca","20":"pa_talla-xl-ca","21":"pa_talla-xs-ca","22":"pa_tipo-de-prenda-impermeable-ca","24":"first","25":"instock","26":"taxable","27":"shipping-taxable","28":"purchasable","29":"product-type-variable","30":"has-default-attributes"},"acf":[],"yoast_head":"<!-- This site is optimized with the Yoast SEO plugin v27.3 - https:\/\/yoast.com\/product\/yoast-seo-wordpress\/ -->\n<title>Impermeable ciclista reversible 2WAY TIERRA\/BLACK (UNISEX)<\/title>\n<meta name=\"description\" content=\"Revolucionari impermeable reversible dissenyat amb un patr\u00f3 original i innovador que et permetr\u00e0 tenir dues peces en una i poder combinar-lo amb tots els teus culots. Gr\u00e0cies al seu teixit amb membrana bidireccional, les seves propietats s\u00f3n les mateixes per ambd\u00f3s costats. \u00c9s molt lleugera, tallavents i impermeable. Ideal pels descensos i els dies de climatologia variable. Al ser tant fina i lleugera la podr\u00e0s guardar f\u00e0cilment a la butxaca del mallot quan no la necessitis. T\u00e9 una cremallera integral amb el sistema antipull que et permetr\u00e0 regular la ventilaci\u00f3 durant l\u2019exercici. A ambd\u00f3s costats de la zona lumbar incorpora 3 butxaques de gran capacitat. A un dels costats les butxaques tenen una tapeta que les protegir\u00e0 de la pluja. A la cintura t\u00e9 una banda el\u00e0stica amb un grip de silicona antilliscant a l\u2019interior per mantenir el mallot ben arrapat al cos. Gaudeix del ciclisme sense preocupacions.\" \/>\n<meta name=\"robots\" content=\"index, follow, max-snippet:-1, max-image-preview:large, max-video-preview:-1\" \/>\n<link rel=\"canonical\" href=\"https:\/\/www.inverseteams.com\/ca\/producte\/impermeable-ciclista-reversible-2way-tierra-black-unisex\/\" \/>\n<meta property=\"og:locale\" content=\"ca_ES\" \/>\n<meta property=\"og:type\" content=\"article\" \/>\n<meta property=\"og:title\" content=\"Impermeable ciclista reversible 2WAY TIERRA\/BLACK (UNISEX)\" \/>\n<meta property=\"og:description\" content=\"Revolucionari impermeable reversible dissenyat amb un patr\u00f3 original i innovador que et permetr\u00e0 tenir dues peces en una i poder combinar-lo amb tots els teus culots. Gr\u00e0cies al seu teixit amb membrana bidireccional, les seves propietats s\u00f3n les mateixes per ambd\u00f3s costats. \u00c9s molt lleugera, tallavents i impermeable. Ideal pels descensos i els dies de climatologia variable. Al ser tant fina i lleugera la podr\u00e0s guardar f\u00e0cilment a la butxaca del mallot quan no la necessitis. T\u00e9 una cremallera integral amb el sistema antipull que et permetr\u00e0 regular la ventilaci\u00f3 durant l\u2019exercici. A ambd\u00f3s costats de la zona lumbar incorpora 3 butxaques de gran capacitat. A un dels costats les butxaques tenen una tapeta que les protegir\u00e0 de la pluja. A la cintura t\u00e9 una banda el\u00e0stica amb un grip de silicona antilliscant a l\u2019interior per mantenir el mallot ben arrapat al cos. Gaudeix del ciclisme sense preocupacions.\" \/>\n<meta property=\"og:url\" content=\"https:\/\/www.inverseteams.com\/ca\/producte\/impermeable-ciclista-reversible-2way-tierra-black-unisex\/\" \/>\n<meta property=\"og:site_name\" content=\"Inverseteams\" \/>\n<meta property=\"article:publisher\" content=\"https:\/\/www.facebook.com\/inverseteams\" \/>\n<meta property=\"article:modified_time\" content=\"2025-04-07T08:07:44+00:00\" \/>\n<meta property=\"og:image\" content=\"https:\/\/www.inverseteams.com\/wp-content\/uploads\/IMPERMEABLE-CICLISMO-REVERSIBLE-2WAY-1.jpg\" \/>\n\t<meta property=\"og:image:width\" content=\"1500\" \/>\n\t<meta property=\"og:image:height\" content=\"1612\" \/>\n\t<meta property=\"og:image:type\" content=\"image\/jpeg\" \/>\n<meta name=\"twitter:card\" content=\"summary_large_image\" \/>\n<meta name=\"twitter:label1\" content=\"Temps estimat de lectura\" \/>\n\t<meta name=\"twitter:data1\" content=\"1 minut\" \/>\n<script type=\"application\/ld+json\" class=\"yoast-schema-graph\">{\"@context\":\"https:\\\/\\\/schema.org\",\"@graph\":[{\"@type\":\"WebPage\",\"@id\":\"https:\\\/\\\/www.inverseteams.com\\\/ca\\\/producte\\\/impermeable-ciclista-reversible-2way-tierra-black-unisex\\\/\",\"url\":\"https:\\\/\\\/www.inverseteams.com\\\/ca\\\/producte\\\/impermeable-ciclista-reversible-2way-tierra-black-unisex\\\/\",\"name\":\"Impermeable ciclista reversible 2WAY TIERRA\\\/BLACK (UNISEX)\",\"isPartOf\":{\"@id\":\"https:\\\/\\\/www.inverseteams.com\\\/ca\\\/#website\"},\"primaryImageOfPage\":{\"@id\":\"https:\\\/\\\/www.inverseteams.com\\\/ca\\\/producte\\\/impermeable-ciclista-reversible-2way-tierra-black-unisex\\\/#primaryimage\"},\"image\":{\"@id\":\"https:\\\/\\\/www.inverseteams.com\\\/ca\\\/producte\\\/impermeable-ciclista-reversible-2way-tierra-black-unisex\\\/#primaryimage\"},\"thumbnailUrl\":\"https:\\\/\\\/www.inverseteams.com\\\/wp-content\\\/uploads\\\/IMPERMEABLE-CICLISMO-REVERSIBLE-2WAY-1.jpg\",\"datePublished\":\"2024-07-26T12:26:54+00:00\",\"dateModified\":\"2025-04-07T08:07:44+00:00\",\"description\":\"Revolucionari impermeable reversible dissenyat amb un patr\u00f3 original i innovador que et permetr\u00e0 tenir dues peces en una i poder combinar-lo amb tots els teus culots. Gr\u00e0cies al seu teixit amb membrana bidireccional, les seves propietats s\u00f3n les mateixes per ambd\u00f3s costats. \u00c9s molt lleugera, tallavents i impermeable. Ideal pels descensos i els dies de climatologia variable. Al ser tant fina i lleugera la podr\u00e0s guardar f\u00e0cilment a la butxaca del mallot quan no la necessitis. T\u00e9 una cremallera integral amb el sistema antipull que et permetr\u00e0 regular la ventilaci\u00f3 durant l\u2019exercici. A ambd\u00f3s costats de la zona lumbar incorpora 3 butxaques de gran capacitat. A un dels costats les butxaques tenen una tapeta que les protegir\u00e0 de la pluja. A la cintura t\u00e9 una banda el\u00e0stica amb un grip de silicona antilliscant a l\u2019interior per mantenir el mallot ben arrapat al cos. Gaudeix del ciclisme sense preocupacions.\",\"breadcrumb\":{\"@id\":\"https:\\\/\\\/www.inverseteams.com\\\/ca\\\/producte\\\/impermeable-ciclista-reversible-2way-tierra-black-unisex\\\/#breadcrumb\"},\"inLanguage\":\"ca\",\"potentialAction\":[{\"@type\":\"ReadAction\",\"target\":[\"https:\\\/\\\/www.inverseteams.com\\\/ca\\\/producte\\\/impermeable-ciclista-reversible-2way-tierra-black-unisex\\\/\"]}]},{\"@type\":\"ImageObject\",\"inLanguage\":\"ca\",\"@id\":\"https:\\\/\\\/www.inverseteams.com\\\/ca\\\/producte\\\/impermeable-ciclista-reversible-2way-tierra-black-unisex\\\/#primaryimage\",\"url\":\"https:\\\/\\\/www.inverseteams.com\\\/wp-content\\\/uploads\\\/IMPERMEABLE-CICLISMO-REVERSIBLE-2WAY-1.jpg\",\"contentUrl\":\"https:\\\/\\\/www.inverseteams.com\\\/wp-content\\\/uploads\\\/IMPERMEABLE-CICLISMO-REVERSIBLE-2WAY-1.jpg\",\"width\":1500,\"height\":1612,\"caption\":\"Impermeable ciclista reversible 2WAY TIERRA\\\/BLACK\"},{\"@type\":\"BreadcrumbList\",\"@id\":\"https:\\\/\\\/www.inverseteams.com\\\/ca\\\/producte\\\/impermeable-ciclista-reversible-2way-tierra-black-unisex\\\/#breadcrumb\",\"itemListElement\":[{\"@type\":\"ListItem\",\"position\":1,\"name\":\"Portada\",\"item\":\"https:\\\/\\\/www.inverseteams.com\\\/ca\\\/pagina-principal\\\/\"},{\"@type\":\"ListItem\",\"position\":2,\"name\":\"Botiga\",\"item\":\"https:\\\/\\\/www.inverseteams.com\\\/ca\\\/botiga\\\/\"},{\"@type\":\"ListItem\",\"position\":3,\"name\":\"Impermeable ciclista reversible 2WAY TIERRA\\\/BLACK (UNISEX)\"}]},{\"@type\":\"WebSite\",\"@id\":\"https:\\\/\\\/www.inverseteams.com\\\/ca\\\/#website\",\"url\":\"https:\\\/\\\/www.inverseteams.com\\\/ca\\\/\",\"name\":\"Inverseteams\",\"description\":\"Tu marca de ropa deportiva personalizada\",\"publisher\":{\"@id\":\"https:\\\/\\\/www.inverseteams.com\\\/ca\\\/#organization\"},\"potentialAction\":[{\"@type\":\"SearchAction\",\"target\":{\"@type\":\"EntryPoint\",\"urlTemplate\":\"https:\\\/\\\/www.inverseteams.com\\\/ca\\\/?s={search_term_string}\"},\"query-input\":{\"@type\":\"PropertyValueSpecification\",\"valueRequired\":true,\"valueName\":\"search_term_string\"}}],\"inLanguage\":\"ca\"},{\"@type\":\"Organization\",\"@id\":\"https:\\\/\\\/www.inverseteams.com\\\/ca\\\/#organization\",\"name\":\"Inverse Teams\",\"url\":\"https:\\\/\\\/www.inverseteams.com\\\/ca\\\/\",\"logo\":{\"@type\":\"ImageObject\",\"inLanguage\":\"ca\",\"@id\":\"https:\\\/\\\/www.inverseteams.com\\\/ca\\\/#\\\/schema\\\/logo\\\/image\\\/\",\"url\":\"http:\\\/\\\/www.inverseteams.com\\\/wp-content\\\/uploads\\\/2021\\\/03\\\/logo-inverse-teams.png\",\"contentUrl\":\"http:\\\/\\\/www.inverseteams.com\\\/wp-content\\\/uploads\\\/2021\\\/03\\\/logo-inverse-teams.png\",\"width\":294,\"height\":99,\"caption\":\"Inverse Teams\"},\"image\":{\"@id\":\"https:\\\/\\\/www.inverseteams.com\\\/ca\\\/#\\\/schema\\\/logo\\\/image\\\/\"},\"sameAs\":[\"https:\\\/\\\/www.facebook.com\\\/inverseteams\",\"http:\\\/\\\/instagram.com\\\/inverseteams\",\"https:\\\/\\\/www.linkedin.com\\\/company\\\/inverse-cirosport-s-l-?trk=job_view_topcard_company_name\",\"http:\\\/\\\/www.pinterest.com\\\/inverseteams\\\/\",\"http:\\\/\\\/www.youtube.com\\\/user\\\/inverseteams?feature=watch\"]}]}<\/script>\n<!-- \/ Yoast SEO plugin. -->","yoast_head_json":{"title":"Impermeable ciclista reversible 2WAY TIERRA\/BLACK (UNISEX)","description":"Revolucionari impermeable reversible dissenyat amb un patr\u00f3 original i innovador que et permetr\u00e0 tenir dues peces en una i poder combinar-lo amb tots els teus culots. Gr\u00e0cies al seu teixit amb membrana bidireccional, les seves propietats s\u00f3n les mateixes per ambd\u00f3s costats. \u00c9s molt lleugera, tallavents i impermeable. Ideal pels descensos i els dies de climatologia variable. Al ser tant fina i lleugera la podr\u00e0s guardar f\u00e0cilment a la butxaca del mallot quan no la necessitis. T\u00e9 una cremallera integral amb el sistema antipull que et permetr\u00e0 regular la ventilaci\u00f3 durant l\u2019exercici. A ambd\u00f3s costats de la zona lumbar incorpora 3 butxaques de gran capacitat. A un dels costats les butxaques tenen una tapeta que les protegir\u00e0 de la pluja. A la cintura t\u00e9 una banda el\u00e0stica amb un grip de silicona antilliscant a l\u2019interior per mantenir el mallot ben arrapat al cos. Gaudeix del ciclisme sense preocupacions.","robots":{"index":"index","follow":"follow","max-snippet":"max-snippet:-1","max-image-preview":"max-image-preview:large","max-video-preview":"max-video-preview:-1"},"canonical":"https:\/\/www.inverseteams.com\/ca\/producte\/impermeable-ciclista-reversible-2way-tierra-black-unisex\/","og_locale":"ca_ES","og_type":"article","og_title":"Impermeable ciclista reversible 2WAY TIERRA\/BLACK (UNISEX)","og_description":"Revolucionari impermeable reversible dissenyat amb un patr\u00f3 original i innovador que et permetr\u00e0 tenir dues peces en una i poder combinar-lo amb tots els teus culots. Gr\u00e0cies al seu teixit amb membrana bidireccional, les seves propietats s\u00f3n les mateixes per ambd\u00f3s costats. \u00c9s molt lleugera, tallavents i impermeable. Ideal pels descensos i els dies de climatologia variable. Al ser tant fina i lleugera la podr\u00e0s guardar f\u00e0cilment a la butxaca del mallot quan no la necessitis. T\u00e9 una cremallera integral amb el sistema antipull que et permetr\u00e0 regular la ventilaci\u00f3 durant l\u2019exercici. A ambd\u00f3s costats de la zona lumbar incorpora 3 butxaques de gran capacitat. A un dels costats les butxaques tenen una tapeta que les protegir\u00e0 de la pluja. A la cintura t\u00e9 una banda el\u00e0stica amb un grip de silicona antilliscant a l\u2019interior per mantenir el mallot ben arrapat al cos. Gaudeix del ciclisme sense preocupacions.","og_url":"https:\/\/www.inverseteams.com\/ca\/producte\/impermeable-ciclista-reversible-2way-tierra-black-unisex\/","og_site_name":"Inverseteams","article_publisher":"https:\/\/www.facebook.com\/inverseteams","article_modified_time":"2025-04-07T08:07:44+00:00","og_image":[{"width":1500,"height":1612,"url":"https:\/\/www.inverseteams.com\/wp-content\/uploads\/IMPERMEABLE-CICLISMO-REVERSIBLE-2WAY-1.jpg","type":"image\/jpeg"}],"twitter_card":"summary_large_image","twitter_misc":{"Temps estimat de lectura":"1 minut"},"schema":{"@context":"https:\/\/schema.org","@graph":[{"@type":"WebPage","@id":"https:\/\/www.inverseteams.com\/ca\/producte\/impermeable-ciclista-reversible-2way-tierra-black-unisex\/","url":"https:\/\/www.inverseteams.com\/ca\/producte\/impermeable-ciclista-reversible-2way-tierra-black-unisex\/","name":"Impermeable ciclista reversible 2WAY TIERRA\/BLACK (UNISEX)","isPartOf":{"@id":"https:\/\/www.inverseteams.com\/ca\/#website"},"primaryImageOfPage":{"@id":"https:\/\/www.inverseteams.com\/ca\/producte\/impermeable-ciclista-reversible-2way-tierra-black-unisex\/#primaryimage"},"image":{"@id":"https:\/\/www.inverseteams.com\/ca\/producte\/impermeable-ciclista-reversible-2way-tierra-black-unisex\/#primaryimage"},"thumbnailUrl":"https:\/\/www.inverseteams.com\/wp-content\/uploads\/IMPERMEABLE-CICLISMO-REVERSIBLE-2WAY-1.jpg","datePublished":"2024-07-26T12:26:54+00:00","dateModified":"2025-04-07T08:07:44+00:00","description":"Revolucionari impermeable reversible dissenyat amb un patr\u00f3 original i innovador que et permetr\u00e0 tenir dues peces en una i poder combinar-lo amb tots els teus culots. Gr\u00e0cies al seu teixit amb membrana bidireccional, les seves propietats s\u00f3n les mateixes per ambd\u00f3s costats. \u00c9s molt lleugera, tallavents i impermeable. Ideal pels descensos i els dies de climatologia variable. Al ser tant fina i lleugera la podr\u00e0s guardar f\u00e0cilment a la butxaca del mallot quan no la necessitis. T\u00e9 una cremallera integral amb el sistema antipull que et permetr\u00e0 regular la ventilaci\u00f3 durant l\u2019exercici. A ambd\u00f3s costats de la zona lumbar incorpora 3 butxaques de gran capacitat. A un dels costats les butxaques tenen una tapeta que les protegir\u00e0 de la pluja. A la cintura t\u00e9 una banda el\u00e0stica amb un grip de silicona antilliscant a l\u2019interior per mantenir el mallot ben arrapat al cos. Gaudeix del ciclisme sense preocupacions.","breadcrumb":{"@id":"https:\/\/www.inverseteams.com\/ca\/producte\/impermeable-ciclista-reversible-2way-tierra-black-unisex\/#breadcrumb"},"inLanguage":"ca","potentialAction":[{"@type":"ReadAction","target":["https:\/\/www.inverseteams.com\/ca\/producte\/impermeable-ciclista-reversible-2way-tierra-black-unisex\/"]}]},{"@type":"ImageObject","inLanguage":"ca","@id":"https:\/\/www.inverseteams.com\/ca\/producte\/impermeable-ciclista-reversible-2way-tierra-black-unisex\/#primaryimage","url":"https:\/\/www.inverseteams.com\/wp-content\/uploads\/IMPERMEABLE-CICLISMO-REVERSIBLE-2WAY-1.jpg","contentUrl":"https:\/\/www.inverseteams.com\/wp-content\/uploads\/IMPERMEABLE-CICLISMO-REVERSIBLE-2WAY-1.jpg","width":1500,"height":1612,"caption":"Impermeable ciclista reversible 2WAY TIERRA\/BLACK"},{"@type":"BreadcrumbList","@id":"https:\/\/www.inverseteams.com\/ca\/producte\/impermeable-ciclista-reversible-2way-tierra-black-unisex\/#breadcrumb","itemListElement":[{"@type":"ListItem","position":1,"name":"Portada","item":"https:\/\/www.inverseteams.com\/ca\/pagina-principal\/"},{"@type":"ListItem","position":2,"name":"Botiga","item":"https:\/\/www.inverseteams.com\/ca\/botiga\/"},{"@type":"ListItem","position":3,"name":"Impermeable ciclista reversible 2WAY TIERRA\/BLACK (UNISEX)"}]},{"@type":"WebSite","@id":"https:\/\/www.inverseteams.com\/ca\/#website","url":"https:\/\/www.inverseteams.com\/ca\/","name":"Inverseteams","description":"Tu marca de ropa deportiva personalizada","publisher":{"@id":"https:\/\/www.inverseteams.com\/ca\/#organization"},"potentialAction":[{"@type":"SearchAction","target":{"@type":"EntryPoint","urlTemplate":"https:\/\/www.inverseteams.com\/ca\/?s={search_term_string}"},"query-input":{"@type":"PropertyValueSpecification","valueRequired":true,"valueName":"search_term_string"}}],"inLanguage":"ca"},{"@type":"Organization","@id":"https:\/\/www.inverseteams.com\/ca\/#organization","name":"Inverse Teams","url":"https:\/\/www.inverseteams.com\/ca\/","logo":{"@type":"ImageObject","inLanguage":"ca","@id":"https:\/\/www.inverseteams.com\/ca\/#\/schema\/logo\/image\/","url":"https:\/\/www.inverseteams.com\/wp-content\/uploads\/2021\/03\/logo-inverse-teams.png","contentUrl":"https:\/\/www.inverseteams.com\/wp-content\/uploads\/2021\/03\/logo-inverse-teams.png","width":294,"height":99,"caption":"Inverse Teams"},"image":{"@id":"https:\/\/www.inverseteams.com\/ca\/#\/schema\/logo\/image\/"},"sameAs":["https:\/\/www.facebook.com\/inverseteams","http:\/\/instagram.com\/inverseteams","https:\/\/www.linkedin.com\/company\/inverse-cirosport-s-l-?trk=job_view_topcard_company_name","http:\/\/www.pinterest.com\/inverseteams\/","http:\/\/www.youtube.com\/user\/inverseteams?feature=watch"]}]}},"_links":{"self":[{"href":"https:\/\/www.inverseteams.com\/ca\/wp-json\/wp\/v2\/product\/209412","targetHints":{"allow":["GET"]}}],"collection":[{"href":"https:\/\/www.inverseteams.com\/ca\/wp-json\/wp\/v2\/product"}],"about":[{"href":"https:\/\/www.inverseteams.com\/ca\/wp-json\/wp\/v2\/types\/product"}],"replies":[{"embeddable":true,"href":"https:\/\/www.inverseteams.com\/ca\/wp-json\/wp\/v2\/comments?post=209412"}],"wp:featuredmedia":[{"embeddable":true,"href":"https:\/\/www.inverseteams.com\/ca\/wp-json\/wp\/v2\/media\/209041"}],"wp:attachment":[{"href":"https:\/\/www.inverseteams.com\/ca\/wp-json\/wp\/v2\/media?parent=209412"}],"wp:term":[{"taxonomy":"product_brand","embeddable":true,"href":"https:\/\/www.inverseteams.com\/ca\/wp-json\/wp\/v2\/product_brand?post=209412"},{"taxonomy":"product_cat","embeddable":true,"href":"https:\/\/www.inverseteams.com\/ca\/wp-json\/wp\/v2\/product_cat?post=209412"},{"taxonomy":"product_tag","embeddable":true,"href":"https:\/\/www.inverseteams.com\/ca\/wp-json\/wp\/v2\/product_tag?post=209412"},{"taxonomy":"custom_category","embeddable":true,"href":"https:\/\/www.inverseteams.com\/ca\/wp-json\/wp\/v2\/custom_category?post=209412"},{"taxonomy":"range","embeddable":true,"href":"https:\/\/www.inverseteams.com\/ca\/wp-json\/wp\/v2\/range?post=209412"}],"curies":[{"name":"wp","href":"https:\/\/api.w.org\/{rel}","templated":true}]}}