{"id":209396,"date":"2024-07-26T12:02:14","date_gmt":"2024-07-26T13:11:19","guid":{"rendered":"https:\/\/www.inverseteams.com\/?post_type=product&#038;p=209396"},"modified":"2024-09-19T12:59:22","modified_gmt":"2024-09-19T12:59:22","slug":"maillot-ciclista-maniga-llarga-sublim-jade-home","status":"publish","type":"product","link":"https:\/\/www.inverseteams.com\/ca\/producte\/maillot-ciclista-maniga-llarga-sublim-jade-home\/","title":{"rendered":"Maillot ciclista m\u00e0niga llarga SUBLIM JADE (HOME)"},"content":{"rendered":"<p>Com a novetat respecte a edicions anteriors, t\u00e9 una zona el\u00e0stica a l&#8217;interior de les m\u00e0nigues que millora l&#8217;adaptaci\u00f3 del mallot al cos.<br \/>\nEl teixit interior \u00e9s suau i agradable. Aporta sensaci\u00f3 t\u00e8rmica i d&#8217;escalfor durant els d\u00edes de m\u00e9s baixes temperatures. Es combina amb un teixit m\u00e9s transpirable als panells laterals i a l&#8217;esquena que evita que s&#8217;acumuli la suor. Tindr\u00e0s una sensaci\u00f3 de comfort total.<br \/>\nLes m\u00e0nigues muntades estan cosides amb costures planes per evitar mol\u00e8sties. El coll est\u00e0 fabricat amb un teixit suau i transpirable i a l&#8217;interior t\u00e9 una cinta plana antifregaments. A la zonba lumbar incorpora 3 butxaques amb el nou sistema de Seguretat ISP &#8211; Inverse Safe Pocket &#8211; on hi podr\u00e0s guardar qualsevol objecte sense por a perdre&#8217;l. Tamb\u00e9 t\u00e9 varis detalls reflectants per augmentar la teva seguretat a la carretera.<\/p>\n","protected":false},"excerpt":{"rendered":"<p>Com a novetat respecte a edicions anteriors, t\u00e9 una zona el\u00e0stica a l&#8217;interior de les m\u00e0nigues que millora l&#8217;adaptaci\u00f3 del mallot al cos.<br \/>\nEl teixit interior \u00e9s suau i agradable. Aporta sensaci\u00f3 t\u00e8rmica i d&#8217;escalfor durant els d\u00edes de m\u00e9s baixes temperatures. Es combina amb un teixit m\u00e9s transpirable als panells laterals i a l&#8217;esquena que evita que s&#8217;acumuli la suor. Tindr\u00e0s una sensaci\u00f3 de comfort total.<br \/>\nLes m\u00e0nigues muntades estan cosides amb costures planes per evitar mol\u00e8sties. El coll est\u00e0 fabricat amb un teixit suau i transpirable i a l&#8217;interior t\u00e9 una cinta plana antifregaments. A la zonba lumbar incorpora 3 butxaques amb el nou sistema de Seguretat ISP &#8211; Inverse Safe Pocket &#8211; on hi podr\u00e0s guardar qualsevol objecte sense por a perdre&#8217;l. Tamb\u00e9 t\u00e9 varis detalls reflectants per augmentar la teva seguretat a la carretera.<\/p>\n","protected":false},"featured_media":217181,"comment_status":"closed","ping_status":"closed","template":"","meta":{"_acf_changed":false},"product_brand":[],"product_cat":[4120,7175],"product_tag":[],"custom_category":[],"range":[],"class_list":{"0":"post-209396","1":"product","2":"type-product","3":"status-publish","4":"has-post-thumbnail","6":"product_cat-mallot-ciclista","7":"product_cat-b2b-ca","8":"pa_climatologia-fred","9":"pa_deporte-ciclisme","10":"pa_deporte-gravel-ca","11":"pa_genero-home","12":"pa_patronaje-fit-ca","13":"pa_talla-l-ca","14":"pa_talla-m-ca","15":"pa_talla-s-ca","16":"pa_talla-xl-ca","17":"pa_talla-xxl-ca","18":"pa_tipo-de-prenda-mallot-maniga-llarga","20":"first","21":"outofstock","22":"taxable","23":"shipping-taxable","24":"purchasable","25":"product-type-variable","26":"has-default-attributes"},"acf":[],"yoast_head":"<!-- This site is optimized with the Yoast SEO plugin v27.3 - https:\/\/yoast.com\/product\/yoast-seo-wordpress\/ -->\n<title>Maillot ciclista m\u00e0niga llarga SUBLIM JADE (HOME)<\/title>\n<meta name=\"description\" content=\"Com a novetat respecte a edicions anteriors, t\u00e9 una zona el\u00e0stica a l&#039;interior de les m\u00e0nigues que millora l&#039;adaptaci\u00f3 del mallot al cos. El teixit interior \u00e9s suau i agradable. Aporta sensaci\u00f3 t\u00e8rmica i d&#039;escalfor durant els d\u00edes de m\u00e9s baixes temperatures. Es combina amb un teixit m\u00e9s transpirable als panells laterals i a l&#039;esquena que evita que s&#039;acumuli la suor. Tindr\u00e0s una sensaci\u00f3 de comfort total. Les m\u00e0nigues muntades estan cosides amb costures planes per evitar mol\u00e8sties. El coll est\u00e0 fabricat amb un teixit suau i transpirable i a l&#039;interior t\u00e9 una cinta plana antifregaments. A la zonba lumbar incorpora 3 butxaques amb el nou sistema de Seguretat ISP - Inverse Safe Pocket - on hi podr\u00e0s guardar qualsevol objecte sense por a perdre&#039;l. Tamb\u00e9 t\u00e9 varis detalls reflectants per augmentar la teva seguretat a la carretera.\" \/>\n<meta name=\"robots\" content=\"index, follow, max-snippet:-1, max-image-preview:large, max-video-preview:-1\" \/>\n<link rel=\"canonical\" href=\"https:\/\/www.inverseteams.com\/ca\/producte\/maillot-ciclista-maniga-llarga-sublim-jade-home\/\" \/>\n<meta property=\"og:locale\" content=\"ca_ES\" \/>\n<meta property=\"og:type\" content=\"article\" \/>\n<meta property=\"og:title\" content=\"Maillot ciclista m\u00e0niga llarga SUBLIM JADE (HOME)\" \/>\n<meta property=\"og:description\" content=\"Com a novetat respecte a edicions anteriors, t\u00e9 una zona el\u00e0stica a l&#039;interior de les m\u00e0nigues que millora l&#039;adaptaci\u00f3 del mallot al cos. El teixit interior \u00e9s suau i agradable. Aporta sensaci\u00f3 t\u00e8rmica i d&#039;escalfor durant els d\u00edes de m\u00e9s baixes temperatures. Es combina amb un teixit m\u00e9s transpirable als panells laterals i a l&#039;esquena que evita que s&#039;acumuli la suor. Tindr\u00e0s una sensaci\u00f3 de comfort total. Les m\u00e0nigues muntades estan cosides amb costures planes per evitar mol\u00e8sties. El coll est\u00e0 fabricat amb un teixit suau i transpirable i a l&#039;interior t\u00e9 una cinta plana antifregaments. A la zonba lumbar incorpora 3 butxaques amb el nou sistema de Seguretat ISP - Inverse Safe Pocket - on hi podr\u00e0s guardar qualsevol objecte sense por a perdre&#039;l. Tamb\u00e9 t\u00e9 varis detalls reflectants per augmentar la teva seguretat a la carretera.\" \/>\n<meta property=\"og:url\" content=\"https:\/\/www.inverseteams.com\/ca\/producte\/maillot-ciclista-maniga-llarga-sublim-jade-home\/\" \/>\n<meta property=\"og:site_name\" content=\"Inverseteams\" \/>\n<meta property=\"article:publisher\" content=\"https:\/\/www.facebook.com\/inverseteams\" \/>\n<meta property=\"article:modified_time\" content=\"2024-09-19T12:59:22+00:00\" \/>\n<meta property=\"og:image\" content=\"https:\/\/www.inverseteams.com\/wp-content\/uploads\/MAILLOT-CICLISMO-MANGA-LARGA-SUBLIM-SLIM-JADE-1-1.jpg\" \/>\n\t<meta property=\"og:image:width\" content=\"1500\" \/>\n\t<meta property=\"og:image:height\" content=\"1612\" \/>\n\t<meta property=\"og:image:type\" content=\"image\/jpeg\" \/>\n<meta name=\"twitter:card\" content=\"summary_large_image\" \/>\n<meta name=\"twitter:label1\" content=\"Temps estimat de lectura\" \/>\n\t<meta name=\"twitter:data1\" content=\"1 minut\" \/>\n<script type=\"application\/ld+json\" class=\"yoast-schema-graph\">{\"@context\":\"https:\\\/\\\/schema.org\",\"@graph\":[{\"@type\":\"WebPage\",\"@id\":\"https:\\\/\\\/www.inverseteams.com\\\/ca\\\/producte\\\/maillot-ciclista-maniga-llarga-sublim-jade-home\\\/\",\"url\":\"https:\\\/\\\/www.inverseteams.com\\\/ca\\\/producte\\\/maillot-ciclista-maniga-llarga-sublim-jade-home\\\/\",\"name\":\"Maillot ciclista m\u00e0niga llarga SUBLIM JADE (HOME)\",\"isPartOf\":{\"@id\":\"https:\\\/\\\/www.inverseteams.com\\\/ca\\\/#website\"},\"primaryImageOfPage\":{\"@id\":\"https:\\\/\\\/www.inverseteams.com\\\/ca\\\/producte\\\/maillot-ciclista-maniga-llarga-sublim-jade-home\\\/#primaryimage\"},\"image\":{\"@id\":\"https:\\\/\\\/www.inverseteams.com\\\/ca\\\/producte\\\/maillot-ciclista-maniga-llarga-sublim-jade-home\\\/#primaryimage\"},\"thumbnailUrl\":\"https:\\\/\\\/www.inverseteams.com\\\/wp-content\\\/uploads\\\/MAILLOT-CICLISMO-MANGA-LARGA-SUBLIM-SLIM-JADE-1-1.jpg\",\"datePublished\":\"2024-07-26T13:11:19+00:00\",\"dateModified\":\"2024-09-19T12:59:22+00:00\",\"description\":\"Com a novetat respecte a edicions anteriors, t\u00e9 una zona el\u00e0stica a l'interior de les m\u00e0nigues que millora l'adaptaci\u00f3 del mallot al cos. El teixit interior \u00e9s suau i agradable. Aporta sensaci\u00f3 t\u00e8rmica i d'escalfor durant els d\u00edes de m\u00e9s baixes temperatures. Es combina amb un teixit m\u00e9s transpirable als panells laterals i a l'esquena que evita que s'acumuli la suor. Tindr\u00e0s una sensaci\u00f3 de comfort total. Les m\u00e0nigues muntades estan cosides amb costures planes per evitar mol\u00e8sties. El coll est\u00e0 fabricat amb un teixit suau i transpirable i a l'interior t\u00e9 una cinta plana antifregaments. A la zonba lumbar incorpora 3 butxaques amb el nou sistema de Seguretat ISP - Inverse Safe Pocket - on hi podr\u00e0s guardar qualsevol objecte sense por a perdre'l. Tamb\u00e9 t\u00e9 varis detalls reflectants per augmentar la teva seguretat a la carretera.\",\"breadcrumb\":{\"@id\":\"https:\\\/\\\/www.inverseteams.com\\\/ca\\\/producte\\\/maillot-ciclista-maniga-llarga-sublim-jade-home\\\/#breadcrumb\"},\"inLanguage\":\"ca\",\"potentialAction\":[{\"@type\":\"ReadAction\",\"target\":[\"https:\\\/\\\/www.inverseteams.com\\\/ca\\\/producte\\\/maillot-ciclista-maniga-llarga-sublim-jade-home\\\/\"]}]},{\"@type\":\"ImageObject\",\"inLanguage\":\"ca\",\"@id\":\"https:\\\/\\\/www.inverseteams.com\\\/ca\\\/producte\\\/maillot-ciclista-maniga-llarga-sublim-jade-home\\\/#primaryimage\",\"url\":\"https:\\\/\\\/www.inverseteams.com\\\/wp-content\\\/uploads\\\/MAILLOT-CICLISMO-MANGA-LARGA-SUBLIM-SLIM-JADE-1-1.jpg\",\"contentUrl\":\"https:\\\/\\\/www.inverseteams.com\\\/wp-content\\\/uploads\\\/MAILLOT-CICLISMO-MANGA-LARGA-SUBLIM-SLIM-JADE-1-1.jpg\",\"width\":1500,\"height\":1612,\"caption\":\"MAILLOT CICLISTA VERDE INVERSE\"},{\"@type\":\"BreadcrumbList\",\"@id\":\"https:\\\/\\\/www.inverseteams.com\\\/ca\\\/producte\\\/maillot-ciclista-maniga-llarga-sublim-jade-home\\\/#breadcrumb\",\"itemListElement\":[{\"@type\":\"ListItem\",\"position\":1,\"name\":\"Portada\",\"item\":\"https:\\\/\\\/www.inverseteams.com\\\/ca\\\/pagina-principal\\\/\"},{\"@type\":\"ListItem\",\"position\":2,\"name\":\"Botiga\",\"item\":\"https:\\\/\\\/www.inverseteams.com\\\/ca\\\/botiga\\\/\"},{\"@type\":\"ListItem\",\"position\":3,\"name\":\"Maillot ciclista m\u00e0niga llarga SUBLIM JADE (HOME)\"}]},{\"@type\":\"WebSite\",\"@id\":\"https:\\\/\\\/www.inverseteams.com\\\/ca\\\/#website\",\"url\":\"https:\\\/\\\/www.inverseteams.com\\\/ca\\\/\",\"name\":\"Inverseteams\",\"description\":\"Tu marca de ropa deportiva personalizada\",\"publisher\":{\"@id\":\"https:\\\/\\\/www.inverseteams.com\\\/ca\\\/#organization\"},\"potentialAction\":[{\"@type\":\"SearchAction\",\"target\":{\"@type\":\"EntryPoint\",\"urlTemplate\":\"https:\\\/\\\/www.inverseteams.com\\\/ca\\\/?s={search_term_string}\"},\"query-input\":{\"@type\":\"PropertyValueSpecification\",\"valueRequired\":true,\"valueName\":\"search_term_string\"}}],\"inLanguage\":\"ca\"},{\"@type\":\"Organization\",\"@id\":\"https:\\\/\\\/www.inverseteams.com\\\/ca\\\/#organization\",\"name\":\"Inverse Teams\",\"url\":\"https:\\\/\\\/www.inverseteams.com\\\/ca\\\/\",\"logo\":{\"@type\":\"ImageObject\",\"inLanguage\":\"ca\",\"@id\":\"https:\\\/\\\/www.inverseteams.com\\\/ca\\\/#\\\/schema\\\/logo\\\/image\\\/\",\"url\":\"https:\\\/\\\/www.inverseteams.com\\\/wp-content\\\/uploads\\\/2021\\\/03\\\/logo-inverse-teams.png\",\"contentUrl\":\"https:\\\/\\\/www.inverseteams.com\\\/wp-content\\\/uploads\\\/2021\\\/03\\\/logo-inverse-teams.png\",\"width\":294,\"height\":99,\"caption\":\"Inverse Teams\"},\"image\":{\"@id\":\"https:\\\/\\\/www.inverseteams.com\\\/ca\\\/#\\\/schema\\\/logo\\\/image\\\/\"},\"sameAs\":[\"https:\\\/\\\/www.facebook.com\\\/inverseteams\",\"http:\\\/\\\/instagram.com\\\/inverseteams\",\"https:\\\/\\\/www.linkedin.com\\\/company\\\/inverse-cirosport-s-l-?trk=job_view_topcard_company_name\",\"http:\\\/\\\/www.pinterest.com\\\/inverseteams\\\/\",\"http:\\\/\\\/www.youtube.com\\\/user\\\/inverseteams?feature=watch\"]}]}<\/script>\n<!-- \/ Yoast SEO plugin. -->","yoast_head_json":{"title":"Maillot ciclista m\u00e0niga llarga SUBLIM JADE (HOME)","description":"Com a novetat respecte a edicions anteriors, t\u00e9 una zona el\u00e0stica a l'interior de les m\u00e0nigues que millora l'adaptaci\u00f3 del mallot al cos. El teixit interior \u00e9s suau i agradable. Aporta sensaci\u00f3 t\u00e8rmica i d'escalfor durant els d\u00edes de m\u00e9s baixes temperatures. Es combina amb un teixit m\u00e9s transpirable als panells laterals i a l'esquena que evita que s'acumuli la suor. Tindr\u00e0s una sensaci\u00f3 de comfort total. Les m\u00e0nigues muntades estan cosides amb costures planes per evitar mol\u00e8sties. El coll est\u00e0 fabricat amb un teixit suau i transpirable i a l'interior t\u00e9 una cinta plana antifregaments. A la zonba lumbar incorpora 3 butxaques amb el nou sistema de Seguretat ISP - Inverse Safe Pocket - on hi podr\u00e0s guardar qualsevol objecte sense por a perdre'l. Tamb\u00e9 t\u00e9 varis detalls reflectants per augmentar la teva seguretat a la carretera.","robots":{"index":"index","follow":"follow","max-snippet":"max-snippet:-1","max-image-preview":"max-image-preview:large","max-video-preview":"max-video-preview:-1"},"canonical":"https:\/\/www.inverseteams.com\/ca\/producte\/maillot-ciclista-maniga-llarga-sublim-jade-home\/","og_locale":"ca_ES","og_type":"article","og_title":"Maillot ciclista m\u00e0niga llarga SUBLIM JADE (HOME)","og_description":"Com a novetat respecte a edicions anteriors, t\u00e9 una zona el\u00e0stica a l'interior de les m\u00e0nigues que millora l'adaptaci\u00f3 del mallot al cos. El teixit interior \u00e9s suau i agradable. Aporta sensaci\u00f3 t\u00e8rmica i d'escalfor durant els d\u00edes de m\u00e9s baixes temperatures. Es combina amb un teixit m\u00e9s transpirable als panells laterals i a l'esquena que evita que s'acumuli la suor. Tindr\u00e0s una sensaci\u00f3 de comfort total. Les m\u00e0nigues muntades estan cosides amb costures planes per evitar mol\u00e8sties. El coll est\u00e0 fabricat amb un teixit suau i transpirable i a l'interior t\u00e9 una cinta plana antifregaments. A la zonba lumbar incorpora 3 butxaques amb el nou sistema de Seguretat ISP - Inverse Safe Pocket - on hi podr\u00e0s guardar qualsevol objecte sense por a perdre'l. Tamb\u00e9 t\u00e9 varis detalls reflectants per augmentar la teva seguretat a la carretera.","og_url":"https:\/\/www.inverseteams.com\/ca\/producte\/maillot-ciclista-maniga-llarga-sublim-jade-home\/","og_site_name":"Inverseteams","article_publisher":"https:\/\/www.facebook.com\/inverseteams","article_modified_time":"2024-09-19T12:59:22+00:00","og_image":[{"width":1500,"height":1612,"url":"https:\/\/www.inverseteams.com\/wp-content\/uploads\/MAILLOT-CICLISMO-MANGA-LARGA-SUBLIM-SLIM-JADE-1-1.jpg","type":"image\/jpeg"}],"twitter_card":"summary_large_image","twitter_misc":{"Temps estimat de lectura":"1 minut"},"schema":{"@context":"https:\/\/schema.org","@graph":[{"@type":"WebPage","@id":"https:\/\/www.inverseteams.com\/ca\/producte\/maillot-ciclista-maniga-llarga-sublim-jade-home\/","url":"https:\/\/www.inverseteams.com\/ca\/producte\/maillot-ciclista-maniga-llarga-sublim-jade-home\/","name":"Maillot ciclista m\u00e0niga llarga SUBLIM JADE (HOME)","isPartOf":{"@id":"https:\/\/www.inverseteams.com\/ca\/#website"},"primaryImageOfPage":{"@id":"https:\/\/www.inverseteams.com\/ca\/producte\/maillot-ciclista-maniga-llarga-sublim-jade-home\/#primaryimage"},"image":{"@id":"https:\/\/www.inverseteams.com\/ca\/producte\/maillot-ciclista-maniga-llarga-sublim-jade-home\/#primaryimage"},"thumbnailUrl":"https:\/\/www.inverseteams.com\/wp-content\/uploads\/MAILLOT-CICLISMO-MANGA-LARGA-SUBLIM-SLIM-JADE-1-1.jpg","datePublished":"2024-07-26T13:11:19+00:00","dateModified":"2024-09-19T12:59:22+00:00","description":"Com a novetat respecte a edicions anteriors, t\u00e9 una zona el\u00e0stica a l'interior de les m\u00e0nigues que millora l'adaptaci\u00f3 del mallot al cos. El teixit interior \u00e9s suau i agradable. Aporta sensaci\u00f3 t\u00e8rmica i d'escalfor durant els d\u00edes de m\u00e9s baixes temperatures. Es combina amb un teixit m\u00e9s transpirable als panells laterals i a l'esquena que evita que s'acumuli la suor. Tindr\u00e0s una sensaci\u00f3 de comfort total. Les m\u00e0nigues muntades estan cosides amb costures planes per evitar mol\u00e8sties. El coll est\u00e0 fabricat amb un teixit suau i transpirable i a l'interior t\u00e9 una cinta plana antifregaments. A la zonba lumbar incorpora 3 butxaques amb el nou sistema de Seguretat ISP - Inverse Safe Pocket - on hi podr\u00e0s guardar qualsevol objecte sense por a perdre'l. Tamb\u00e9 t\u00e9 varis detalls reflectants per augmentar la teva seguretat a la carretera.","breadcrumb":{"@id":"https:\/\/www.inverseteams.com\/ca\/producte\/maillot-ciclista-maniga-llarga-sublim-jade-home\/#breadcrumb"},"inLanguage":"ca","potentialAction":[{"@type":"ReadAction","target":["https:\/\/www.inverseteams.com\/ca\/producte\/maillot-ciclista-maniga-llarga-sublim-jade-home\/"]}]},{"@type":"ImageObject","inLanguage":"ca","@id":"https:\/\/www.inverseteams.com\/ca\/producte\/maillot-ciclista-maniga-llarga-sublim-jade-home\/#primaryimage","url":"https:\/\/www.inverseteams.com\/wp-content\/uploads\/MAILLOT-CICLISMO-MANGA-LARGA-SUBLIM-SLIM-JADE-1-1.jpg","contentUrl":"https:\/\/www.inverseteams.com\/wp-content\/uploads\/MAILLOT-CICLISMO-MANGA-LARGA-SUBLIM-SLIM-JADE-1-1.jpg","width":1500,"height":1612,"caption":"MAILLOT CICLISTA VERDE INVERSE"},{"@type":"BreadcrumbList","@id":"https:\/\/www.inverseteams.com\/ca\/producte\/maillot-ciclista-maniga-llarga-sublim-jade-home\/#breadcrumb","itemListElement":[{"@type":"ListItem","position":1,"name":"Portada","item":"https:\/\/www.inverseteams.com\/ca\/pagina-principal\/"},{"@type":"ListItem","position":2,"name":"Botiga","item":"https:\/\/www.inverseteams.com\/ca\/botiga\/"},{"@type":"ListItem","position":3,"name":"Maillot ciclista m\u00e0niga llarga SUBLIM JADE (HOME)"}]},{"@type":"WebSite","@id":"https:\/\/www.inverseteams.com\/ca\/#website","url":"https:\/\/www.inverseteams.com\/ca\/","name":"Inverseteams","description":"Tu marca de ropa deportiva personalizada","publisher":{"@id":"https:\/\/www.inverseteams.com\/ca\/#organization"},"potentialAction":[{"@type":"SearchAction","target":{"@type":"EntryPoint","urlTemplate":"https:\/\/www.inverseteams.com\/ca\/?s={search_term_string}"},"query-input":{"@type":"PropertyValueSpecification","valueRequired":true,"valueName":"search_term_string"}}],"inLanguage":"ca"},{"@type":"Organization","@id":"https:\/\/www.inverseteams.com\/ca\/#organization","name":"Inverse Teams","url":"https:\/\/www.inverseteams.com\/ca\/","logo":{"@type":"ImageObject","inLanguage":"ca","@id":"https:\/\/www.inverseteams.com\/ca\/#\/schema\/logo\/image\/","url":"https:\/\/www.inverseteams.com\/wp-content\/uploads\/2021\/03\/logo-inverse-teams.png","contentUrl":"https:\/\/www.inverseteams.com\/wp-content\/uploads\/2021\/03\/logo-inverse-teams.png","width":294,"height":99,"caption":"Inverse Teams"},"image":{"@id":"https:\/\/www.inverseteams.com\/ca\/#\/schema\/logo\/image\/"},"sameAs":["https:\/\/www.facebook.com\/inverseteams","http:\/\/instagram.com\/inverseteams","https:\/\/www.linkedin.com\/company\/inverse-cirosport-s-l-?trk=job_view_topcard_company_name","http:\/\/www.pinterest.com\/inverseteams\/","http:\/\/www.youtube.com\/user\/inverseteams?feature=watch"]}]}},"_links":{"self":[{"href":"https:\/\/www.inverseteams.com\/ca\/wp-json\/wp\/v2\/product\/209396","targetHints":{"allow":["GET"]}}],"collection":[{"href":"https:\/\/www.inverseteams.com\/ca\/wp-json\/wp\/v2\/product"}],"about":[{"href":"https:\/\/www.inverseteams.com\/ca\/wp-json\/wp\/v2\/types\/product"}],"replies":[{"embeddable":true,"href":"https:\/\/www.inverseteams.com\/ca\/wp-json\/wp\/v2\/comments?post=209396"}],"wp:featuredmedia":[{"embeddable":true,"href":"https:\/\/www.inverseteams.com\/ca\/wp-json\/wp\/v2\/media\/217181"}],"wp:attachment":[{"href":"https:\/\/www.inverseteams.com\/ca\/wp-json\/wp\/v2\/media?parent=209396"}],"wp:term":[{"taxonomy":"product_brand","embeddable":true,"href":"https:\/\/www.inverseteams.com\/ca\/wp-json\/wp\/v2\/product_brand?post=209396"},{"taxonomy":"product_cat","embeddable":true,"href":"https:\/\/www.inverseteams.com\/ca\/wp-json\/wp\/v2\/product_cat?post=209396"},{"taxonomy":"product_tag","embeddable":true,"href":"https:\/\/www.inverseteams.com\/ca\/wp-json\/wp\/v2\/product_tag?post=209396"},{"taxonomy":"custom_category","embeddable":true,"href":"https:\/\/www.inverseteams.com\/ca\/wp-json\/wp\/v2\/custom_category?post=209396"},{"taxonomy":"range","embeddable":true,"href":"https:\/\/www.inverseteams.com\/ca\/wp-json\/wp\/v2\/range?post=209396"}],"curies":[{"name":"wp","href":"https:\/\/api.w.org\/{rel}","templated":true}]}}