{"id":190736,"date":"2024-03-12T08:42:21","date_gmt":"2024-03-12T08:42:27","guid":{"rendered":"https:\/\/www.inverseteams.com\/?post_type=product&#038;p=190736"},"modified":"2024-09-12T10:27:18","modified_gmt":"2024-09-12T10:27:18","slug":"mono-triatlo-cosmos-nick","status":"publish","type":"product","link":"https:\/\/www.inverseteams.com\/ca\/producte\/mono-triatlo-cosmos-nick\/","title":{"rendered":"Mono triatl\u00f3 COSMOS + NICK (HOME)"},"content":{"rendered":"<p><strong>Producte personalitzat. No s&#8217;admeten canvis ni devolucions &#8211; Lliurament en 7 dies.<\/strong><\/p>\n<p>El seu acabat de Tefl\u00f3 repel\u00b7leix l&#8217;aigua i t&#8217;ajuda a lliscar durant la nataci\u00f3 amb m\u00e9s facilitat i a assecar-te r\u00e0pidament durant la transici\u00f3. Aquesta propietat \u00e9s ideal per a les proves en qu\u00e8 no s&#8217;usa neopr\u00e8. Trimono perfecte per a les proves m\u00e9s exigents. L&#8217;elasticitat i lleugeresa del seu teixit et permetr\u00e0 una total llibertat de moviments i no sentir\u00e0s cap mol\u00e8stia durant les diferents etapes del triatl\u00f3.<br \/>\nEl coll i les cises estan finalitzades amb el rivet Evolution. \u00c9s fi i suau i no provoca cap tipus de rascada. A m\u00e9s, \u00e9s el\u00e0stic i s&#8217;adapta perfectament al cos per evitar al m\u00e0xim possible l&#8217;entrada d&#8217;aigua durant la nataci\u00f3 o d&#8217;aire durant el ciclisme.<br \/>\nAl final de les cames t\u00e9 una banda el\u00e0stica microperforada amb un grip de silicona hipoal\u00b7lerg\u00e8nica al seu interior. Aquesta evita que augmenti la sudoraci\u00f3 i mant\u00e9 la pe\u00e7a ben subjecta a la cama.<br \/>\nTots els panells que conformen el mono de triatl\u00f3 han estat dissenyats per adaptar-se a totes les posicions i optimitzar el teu rendiment. Les costures planes que els uneixen s\u00f3n s\u00faper resistents i a m\u00e9s aporten un disseny molt atractiu a la pe\u00e7a.<\/p>\n","protected":false},"excerpt":{"rendered":"<p><strong>Producte personalitzat. No s&#8217;admeten canvis ni devolucions &#8211; Lliurament en 7 dies.<\/strong><\/p>\n<p>El seu acabat de Tefl\u00f3 repel\u00b7leix l&#8217;aigua i t&#8217;ajuda a lliscar durant la nataci\u00f3 amb m\u00e9s facilitat i a assecar-te r\u00e0pidament durant la transici\u00f3. Aquesta propietat \u00e9s ideal per a les proves en qu\u00e8 no s&#8217;usa neopr\u00e8. Trimono perfecte per a les proves m\u00e9s exigents. L&#8217;elasticitat i lleugeresa del seu teixit et permetr\u00e0 una total llibertat de moviments i no sentir\u00e0s cap mol\u00e8stia durant les diferents etapes del triatl\u00f3.<br \/>\nEl coll i les cises estan finalitzades amb el rivet Evolution. \u00c9s fi i suau i no provoca cap tipus de rascada. A m\u00e9s, \u00e9s el\u00e0stic i s&#8217;adapta perfectament al cos per evitar al m\u00e0xim possible l&#8217;entrada d&#8217;aigua durant la nataci\u00f3 o d&#8217;aire durant el ciclisme.<br \/>\nAl final de les cames t\u00e9 una banda el\u00e0stica microperforada amb un grip de silicona hipoal\u00b7lerg\u00e8nica al seu interior. Aquesta evita que augmenti la sudoraci\u00f3 i mant\u00e9 la pe\u00e7a ben subjecta a la cama.<br \/>\nTots els panells que conformen el mono de triatl\u00f3 han estat dissenyats per adaptar-se a totes les posicions i optimitzar el teu rendiment. Les costures planes que els uneixen s\u00f3n s\u00faper resistents i a m\u00e9s aporten un disseny molt atractiu a la pe\u00e7a.<\/p>\n","protected":false},"featured_media":193470,"comment_status":"closed","ping_status":"closed","template":"","meta":{"_acf_changed":false},"product_brand":[],"product_cat":[4141,4137],"product_tag":[],"custom_category":[],"range":[],"class_list":{"0":"post-190736","1":"product","2":"type-product","3":"status-publish","4":"has-post-thumbnail","6":"product_cat-mono-triatlo","7":"product_cat-triatlo","8":"pa_climatologia-calor-ca","9":"pa_deporte-triatlo","10":"pa_genero-home","11":"pa_patronaje-fit-ca","12":"pa_talla-xs-ca","13":"pa_talla-xxl-ca","14":"pa_talla-xxxl-ca","15":"pa_talla-l-ca","16":"pa_talla-m-ca","17":"pa_talla-s-ca","18":"pa_talla-xl-ca","19":"pa_tipo-de-prenda-trimono-ca","21":"first","22":"instock","23":"taxable","24":"shipping-taxable","25":"purchasable","26":"product-type-variable"},"acf":[],"yoast_head":"<!-- This site is optimized with the Yoast SEO plugin v27.2 - https:\/\/yoast.com\/product\/yoast-seo-wordpress\/ -->\n<title>Mono triatl\u00f3 COSMOS + NICK<\/title>\n<meta name=\"description\" content=\"Producte personalitzat. No s&#039;admeten canvis ni devolucions - Lliurament en 7 dies.  El seu acabat de Tefl\u00f3 repel\u00b7leix l&#039;aigua i t&#039;ajuda a lliscar durant la nataci\u00f3 amb m\u00e9s facilitat i a assecar-te r\u00e0pidament durant la transici\u00f3. Aquesta propietat \u00e9s ideal per a les proves en qu\u00e8 no s&#039;usa neopr\u00e8. Trimono perfecte per a les proves m\u00e9s exigents. L&#039;elasticitat i lleugeresa del seu teixit et permetr\u00e0 una total llibertat de moviments i no sentir\u00e0s cap mol\u00e8stia durant les diferents etapes del triatl\u00f3. El coll i les cises estan finalitzades amb el rivet Evolution. \u00c9s fi i suau i no provoca cap tipus de rascada. A m\u00e9s, \u00e9s el\u00e0stic i s&#039;adapta perfectament al cos per evitar al m\u00e0xim possible l&#039;entrada d&#039;aigua durant la nataci\u00f3 o d&#039;aire durant el ciclisme. Al final de les cames t\u00e9 una banda el\u00e0stica microperforada amb un grip de silicona hipoal\u00b7lerg\u00e8nica al seu interior. Aquesta evita que augmenti la sudoraci\u00f3 i mant\u00e9 la pe\u00e7a ben subjecta a la cama. Tots els panells que conformen el mono de triatl\u00f3 han estat dissenyats per adaptar-se a totes les posicions i optimitzar el teu rendiment. Les costures planes que els uneixen s\u00f3n s\u00faper resistents i a m\u00e9s aporten un disseny molt atractiu a la pe\u00e7a.\" \/>\n<meta name=\"robots\" content=\"index, follow, max-snippet:-1, max-image-preview:large, max-video-preview:-1\" \/>\n<link rel=\"canonical\" href=\"https:\/\/www.inverseteams.com\/ca\/producte\/mono-triatlo-cosmos-nick\/\" \/>\n<meta property=\"og:locale\" content=\"ca_ES\" \/>\n<meta property=\"og:type\" content=\"article\" \/>\n<meta property=\"og:title\" content=\"Mono triatl\u00f3 COSMOS + NICK\" \/>\n<meta property=\"og:description\" content=\"Producte personalitzat. No s&#039;admeten canvis ni devolucions - Lliurament en 7 dies.  El seu acabat de Tefl\u00f3 repel\u00b7leix l&#039;aigua i t&#039;ajuda a lliscar durant la nataci\u00f3 amb m\u00e9s facilitat i a assecar-te r\u00e0pidament durant la transici\u00f3. Aquesta propietat \u00e9s ideal per a les proves en qu\u00e8 no s&#039;usa neopr\u00e8. Trimono perfecte per a les proves m\u00e9s exigents. L&#039;elasticitat i lleugeresa del seu teixit et permetr\u00e0 una total llibertat de moviments i no sentir\u00e0s cap mol\u00e8stia durant les diferents etapes del triatl\u00f3. El coll i les cises estan finalitzades amb el rivet Evolution. \u00c9s fi i suau i no provoca cap tipus de rascada. A m\u00e9s, \u00e9s el\u00e0stic i s&#039;adapta perfectament al cos per evitar al m\u00e0xim possible l&#039;entrada d&#039;aigua durant la nataci\u00f3 o d&#039;aire durant el ciclisme. Al final de les cames t\u00e9 una banda el\u00e0stica microperforada amb un grip de silicona hipoal\u00b7lerg\u00e8nica al seu interior. Aquesta evita que augmenti la sudoraci\u00f3 i mant\u00e9 la pe\u00e7a ben subjecta a la cama. Tots els panells que conformen el mono de triatl\u00f3 han estat dissenyats per adaptar-se a totes les posicions i optimitzar el teu rendiment. Les costures planes que els uneixen s\u00f3n s\u00faper resistents i a m\u00e9s aporten un disseny molt atractiu a la pe\u00e7a.\" \/>\n<meta property=\"og:url\" content=\"https:\/\/www.inverseteams.com\/ca\/producte\/mono-triatlo-cosmos-nick\/\" \/>\n<meta property=\"og:site_name\" content=\"Inverseteams\" \/>\n<meta property=\"article:publisher\" content=\"https:\/\/www.facebook.com\/inverseteams\" \/>\n<meta property=\"article:modified_time\" content=\"2024-09-12T10:27:18+00:00\" \/>\n<meta property=\"og:image\" content=\"https:\/\/www.inverseteams.com\/wp-content\/uploads\/TRIMONO-CT-COSMOS-1.jpg\" \/>\n\t<meta property=\"og:image:width\" content=\"1500\" \/>\n\t<meta property=\"og:image:height\" content=\"1612\" \/>\n\t<meta property=\"og:image:type\" content=\"image\/jpeg\" \/>\n<meta name=\"twitter:card\" content=\"summary_large_image\" \/>\n<meta name=\"twitter:label1\" content=\"Temps estimat de lectura\" \/>\n\t<meta name=\"twitter:data1\" content=\"2 minut\" \/>\n<script type=\"application\/ld+json\" class=\"yoast-schema-graph\">{\"@context\":\"https:\/\/schema.org\",\"@graph\":[{\"@type\":\"WebPage\",\"@id\":\"https:\/\/www.inverseteams.com\/ca\/producte\/mono-triatlo-cosmos-nick\/\",\"url\":\"https:\/\/www.inverseteams.com\/ca\/producte\/mono-triatlo-cosmos-nick\/\",\"name\":\"Mono triatl\u00f3 COSMOS + NICK\",\"isPartOf\":{\"@id\":\"https:\/\/www.inverseteams.com\/ca\/#website\"},\"primaryImageOfPage\":{\"@id\":\"https:\/\/www.inverseteams.com\/ca\/producte\/mono-triatlo-cosmos-nick\/#primaryimage\"},\"image\":{\"@id\":\"https:\/\/www.inverseteams.com\/ca\/producte\/mono-triatlo-cosmos-nick\/#primaryimage\"},\"thumbnailUrl\":\"https:\/\/www.inverseteams.com\/wp-content\/uploads\/TRIMONO-CT-COSMOS-1.jpg\",\"datePublished\":\"2024-03-12T08:42:27+00:00\",\"dateModified\":\"2024-09-12T10:27:18+00:00\",\"description\":\"Producte personalitzat. No s'admeten canvis ni devolucions - Lliurament en 7 dies. El seu acabat de Tefl\u00f3 repel\u00b7leix l'aigua i t'ajuda a lliscar durant la nataci\u00f3 amb m\u00e9s facilitat i a assecar-te r\u00e0pidament durant la transici\u00f3. Aquesta propietat \u00e9s ideal per a les proves en qu\u00e8 no s'usa neopr\u00e8. Trimono perfecte per a les proves m\u00e9s exigents. L'elasticitat i lleugeresa del seu teixit et permetr\u00e0 una total llibertat de moviments i no sentir\u00e0s cap mol\u00e8stia durant les diferents etapes del triatl\u00f3. El coll i les cises estan finalitzades amb el rivet Evolution. \u00c9s fi i suau i no provoca cap tipus de rascada. A m\u00e9s, \u00e9s el\u00e0stic i s'adapta perfectament al cos per evitar al m\u00e0xim possible l'entrada d'aigua durant la nataci\u00f3 o d'aire durant el ciclisme. Al final de les cames t\u00e9 una banda el\u00e0stica microperforada amb un grip de silicona hipoal\u00b7lerg\u00e8nica al seu interior. Aquesta evita que augmenti la sudoraci\u00f3 i mant\u00e9 la pe\u00e7a ben subjecta a la cama. Tots els panells que conformen el mono de triatl\u00f3 han estat dissenyats per adaptar-se a totes les posicions i optimitzar el teu rendiment. Les costures planes que els uneixen s\u00f3n s\u00faper resistents i a m\u00e9s aporten un disseny molt atractiu a la pe\u00e7a.\",\"breadcrumb\":{\"@id\":\"https:\/\/www.inverseteams.com\/ca\/producte\/mono-triatlo-cosmos-nick\/#breadcrumb\"},\"inLanguage\":\"ca\",\"potentialAction\":[{\"@type\":\"ReadAction\",\"target\":[\"https:\/\/www.inverseteams.com\/ca\/producte\/mono-triatlo-cosmos-nick\/\"]}]},{\"@type\":\"ImageObject\",\"inLanguage\":\"ca\",\"@id\":\"https:\/\/www.inverseteams.com\/ca\/producte\/mono-triatlo-cosmos-nick\/#primaryimage\",\"url\":\"https:\/\/www.inverseteams.com\/wp-content\/uploads\/TRIMONO-CT-COSMOS-1.jpg\",\"contentUrl\":\"https:\/\/www.inverseteams.com\/wp-content\/uploads\/TRIMONO-CT-COSMOS-1.jpg\",\"width\":1500,\"height\":1612},{\"@type\":\"BreadcrumbList\",\"@id\":\"https:\/\/www.inverseteams.com\/ca\/producte\/mono-triatlo-cosmos-nick\/#breadcrumb\",\"itemListElement\":[{\"@type\":\"ListItem\",\"position\":1,\"name\":\"Portada\",\"item\":\"https:\/\/www.inverseteams.com\/ca\/pagina-principal\/\"},{\"@type\":\"ListItem\",\"position\":2,\"name\":\"Botiga\",\"item\":\"https:\/\/www.inverseteams.com\/ca\/botiga\/\"},{\"@type\":\"ListItem\",\"position\":3,\"name\":\"Mono triatl\u00f3 COSMOS + NICK (HOME)\"}]},{\"@type\":\"WebSite\",\"@id\":\"https:\/\/www.inverseteams.com\/ca\/#website\",\"url\":\"https:\/\/www.inverseteams.com\/ca\/\",\"name\":\"Inverseteams\",\"description\":\"Tu marca de ropa deportiva personalizada\",\"publisher\":{\"@id\":\"https:\/\/www.inverseteams.com\/ca\/#organization\"},\"potentialAction\":[{\"@type\":\"SearchAction\",\"target\":{\"@type\":\"EntryPoint\",\"urlTemplate\":\"https:\/\/www.inverseteams.com\/ca\/?s={search_term_string}\"},\"query-input\":{\"@type\":\"PropertyValueSpecification\",\"valueRequired\":true,\"valueName\":\"search_term_string\"}}],\"inLanguage\":\"ca\"},{\"@type\":\"Organization\",\"@id\":\"https:\/\/www.inverseteams.com\/ca\/#organization\",\"name\":\"Inverse Teams\",\"url\":\"https:\/\/www.inverseteams.com\/ca\/\",\"logo\":{\"@type\":\"ImageObject\",\"inLanguage\":\"ca\",\"@id\":\"https:\/\/www.inverseteams.com\/ca\/#\/schema\/logo\/image\/\",\"url\":\"https:\/\/www.inverseteams.com\/wp-content\/uploads\/2021\/03\/logo-inverse-teams.png\",\"contentUrl\":\"https:\/\/www.inverseteams.com\/wp-content\/uploads\/2021\/03\/logo-inverse-teams.png\",\"width\":294,\"height\":99,\"caption\":\"Inverse Teams\"},\"image\":{\"@id\":\"https:\/\/www.inverseteams.com\/ca\/#\/schema\/logo\/image\/\"},\"sameAs\":[\"https:\/\/www.facebook.com\/inverseteams\",\"http:\/\/instagram.com\/inverseteams\",\"https:\/\/www.linkedin.com\/company\/inverse-cirosport-s-l-?trk=job_view_topcard_company_name\",\"http:\/\/www.pinterest.com\/inverseteams\/\",\"http:\/\/www.youtube.com\/user\/inverseteams?feature=watch\"]}]}<\/script>\n<!-- \/ Yoast SEO plugin. -->","yoast_head_json":{"title":"Mono triatl\u00f3 COSMOS + NICK","description":"Producte personalitzat. No s'admeten canvis ni devolucions - Lliurament en 7 dies.  El seu acabat de Tefl\u00f3 repel\u00b7leix l'aigua i t'ajuda a lliscar durant la nataci\u00f3 amb m\u00e9s facilitat i a assecar-te r\u00e0pidament durant la transici\u00f3. Aquesta propietat \u00e9s ideal per a les proves en qu\u00e8 no s'usa neopr\u00e8. Trimono perfecte per a les proves m\u00e9s exigents. L'elasticitat i lleugeresa del seu teixit et permetr\u00e0 una total llibertat de moviments i no sentir\u00e0s cap mol\u00e8stia durant les diferents etapes del triatl\u00f3. El coll i les cises estan finalitzades amb el rivet Evolution. \u00c9s fi i suau i no provoca cap tipus de rascada. A m\u00e9s, \u00e9s el\u00e0stic i s'adapta perfectament al cos per evitar al m\u00e0xim possible l'entrada d'aigua durant la nataci\u00f3 o d'aire durant el ciclisme. Al final de les cames t\u00e9 una banda el\u00e0stica microperforada amb un grip de silicona hipoal\u00b7lerg\u00e8nica al seu interior. Aquesta evita que augmenti la sudoraci\u00f3 i mant\u00e9 la pe\u00e7a ben subjecta a la cama. Tots els panells que conformen el mono de triatl\u00f3 han estat dissenyats per adaptar-se a totes les posicions i optimitzar el teu rendiment. Les costures planes que els uneixen s\u00f3n s\u00faper resistents i a m\u00e9s aporten un disseny molt atractiu a la pe\u00e7a.","robots":{"index":"index","follow":"follow","max-snippet":"max-snippet:-1","max-image-preview":"max-image-preview:large","max-video-preview":"max-video-preview:-1"},"canonical":"https:\/\/www.inverseteams.com\/ca\/producte\/mono-triatlo-cosmos-nick\/","og_locale":"ca_ES","og_type":"article","og_title":"Mono triatl\u00f3 COSMOS + NICK","og_description":"Producte personalitzat. No s'admeten canvis ni devolucions - Lliurament en 7 dies.  El seu acabat de Tefl\u00f3 repel\u00b7leix l'aigua i t'ajuda a lliscar durant la nataci\u00f3 amb m\u00e9s facilitat i a assecar-te r\u00e0pidament durant la transici\u00f3. Aquesta propietat \u00e9s ideal per a les proves en qu\u00e8 no s'usa neopr\u00e8. Trimono perfecte per a les proves m\u00e9s exigents. L'elasticitat i lleugeresa del seu teixit et permetr\u00e0 una total llibertat de moviments i no sentir\u00e0s cap mol\u00e8stia durant les diferents etapes del triatl\u00f3. El coll i les cises estan finalitzades amb el rivet Evolution. \u00c9s fi i suau i no provoca cap tipus de rascada. A m\u00e9s, \u00e9s el\u00e0stic i s'adapta perfectament al cos per evitar al m\u00e0xim possible l'entrada d'aigua durant la nataci\u00f3 o d'aire durant el ciclisme. Al final de les cames t\u00e9 una banda el\u00e0stica microperforada amb un grip de silicona hipoal\u00b7lerg\u00e8nica al seu interior. Aquesta evita que augmenti la sudoraci\u00f3 i mant\u00e9 la pe\u00e7a ben subjecta a la cama. Tots els panells que conformen el mono de triatl\u00f3 han estat dissenyats per adaptar-se a totes les posicions i optimitzar el teu rendiment. Les costures planes que els uneixen s\u00f3n s\u00faper resistents i a m\u00e9s aporten un disseny molt atractiu a la pe\u00e7a.","og_url":"https:\/\/www.inverseteams.com\/ca\/producte\/mono-triatlo-cosmos-nick\/","og_site_name":"Inverseteams","article_publisher":"https:\/\/www.facebook.com\/inverseteams","article_modified_time":"2024-09-12T10:27:18+00:00","og_image":[{"width":1500,"height":1612,"url":"https:\/\/www.inverseteams.com\/wp-content\/uploads\/TRIMONO-CT-COSMOS-1.jpg","type":"image\/jpeg"}],"twitter_card":"summary_large_image","twitter_misc":{"Temps estimat de lectura":"2 minut"},"schema":{"@context":"https:\/\/schema.org","@graph":[{"@type":"WebPage","@id":"https:\/\/www.inverseteams.com\/ca\/producte\/mono-triatlo-cosmos-nick\/","url":"https:\/\/www.inverseteams.com\/ca\/producte\/mono-triatlo-cosmos-nick\/","name":"Mono triatl\u00f3 COSMOS + NICK","isPartOf":{"@id":"https:\/\/www.inverseteams.com\/ca\/#website"},"primaryImageOfPage":{"@id":"https:\/\/www.inverseteams.com\/ca\/producte\/mono-triatlo-cosmos-nick\/#primaryimage"},"image":{"@id":"https:\/\/www.inverseteams.com\/ca\/producte\/mono-triatlo-cosmos-nick\/#primaryimage"},"thumbnailUrl":"https:\/\/www.inverseteams.com\/wp-content\/uploads\/TRIMONO-CT-COSMOS-1.jpg","datePublished":"2024-03-12T08:42:27+00:00","dateModified":"2024-09-12T10:27:18+00:00","description":"Producte personalitzat. No s'admeten canvis ni devolucions - Lliurament en 7 dies. El seu acabat de Tefl\u00f3 repel\u00b7leix l'aigua i t'ajuda a lliscar durant la nataci\u00f3 amb m\u00e9s facilitat i a assecar-te r\u00e0pidament durant la transici\u00f3. Aquesta propietat \u00e9s ideal per a les proves en qu\u00e8 no s'usa neopr\u00e8. Trimono perfecte per a les proves m\u00e9s exigents. L'elasticitat i lleugeresa del seu teixit et permetr\u00e0 una total llibertat de moviments i no sentir\u00e0s cap mol\u00e8stia durant les diferents etapes del triatl\u00f3. El coll i les cises estan finalitzades amb el rivet Evolution. \u00c9s fi i suau i no provoca cap tipus de rascada. A m\u00e9s, \u00e9s el\u00e0stic i s'adapta perfectament al cos per evitar al m\u00e0xim possible l'entrada d'aigua durant la nataci\u00f3 o d'aire durant el ciclisme. Al final de les cames t\u00e9 una banda el\u00e0stica microperforada amb un grip de silicona hipoal\u00b7lerg\u00e8nica al seu interior. Aquesta evita que augmenti la sudoraci\u00f3 i mant\u00e9 la pe\u00e7a ben subjecta a la cama. Tots els panells que conformen el mono de triatl\u00f3 han estat dissenyats per adaptar-se a totes les posicions i optimitzar el teu rendiment. Les costures planes que els uneixen s\u00f3n s\u00faper resistents i a m\u00e9s aporten un disseny molt atractiu a la pe\u00e7a.","breadcrumb":{"@id":"https:\/\/www.inverseteams.com\/ca\/producte\/mono-triatlo-cosmos-nick\/#breadcrumb"},"inLanguage":"ca","potentialAction":[{"@type":"ReadAction","target":["https:\/\/www.inverseteams.com\/ca\/producte\/mono-triatlo-cosmos-nick\/"]}]},{"@type":"ImageObject","inLanguage":"ca","@id":"https:\/\/www.inverseteams.com\/ca\/producte\/mono-triatlo-cosmos-nick\/#primaryimage","url":"https:\/\/www.inverseteams.com\/wp-content\/uploads\/TRIMONO-CT-COSMOS-1.jpg","contentUrl":"https:\/\/www.inverseteams.com\/wp-content\/uploads\/TRIMONO-CT-COSMOS-1.jpg","width":1500,"height":1612},{"@type":"BreadcrumbList","@id":"https:\/\/www.inverseteams.com\/ca\/producte\/mono-triatlo-cosmos-nick\/#breadcrumb","itemListElement":[{"@type":"ListItem","position":1,"name":"Portada","item":"https:\/\/www.inverseteams.com\/ca\/pagina-principal\/"},{"@type":"ListItem","position":2,"name":"Botiga","item":"https:\/\/www.inverseteams.com\/ca\/botiga\/"},{"@type":"ListItem","position":3,"name":"Mono triatl\u00f3 COSMOS + NICK (HOME)"}]},{"@type":"WebSite","@id":"https:\/\/www.inverseteams.com\/ca\/#website","url":"https:\/\/www.inverseteams.com\/ca\/","name":"Inverseteams","description":"Tu marca de ropa deportiva personalizada","publisher":{"@id":"https:\/\/www.inverseteams.com\/ca\/#organization"},"potentialAction":[{"@type":"SearchAction","target":{"@type":"EntryPoint","urlTemplate":"https:\/\/www.inverseteams.com\/ca\/?s={search_term_string}"},"query-input":{"@type":"PropertyValueSpecification","valueRequired":true,"valueName":"search_term_string"}}],"inLanguage":"ca"},{"@type":"Organization","@id":"https:\/\/www.inverseteams.com\/ca\/#organization","name":"Inverse Teams","url":"https:\/\/www.inverseteams.com\/ca\/","logo":{"@type":"ImageObject","inLanguage":"ca","@id":"https:\/\/www.inverseteams.com\/ca\/#\/schema\/logo\/image\/","url":"https:\/\/www.inverseteams.com\/wp-content\/uploads\/2021\/03\/logo-inverse-teams.png","contentUrl":"https:\/\/www.inverseteams.com\/wp-content\/uploads\/2021\/03\/logo-inverse-teams.png","width":294,"height":99,"caption":"Inverse Teams"},"image":{"@id":"https:\/\/www.inverseteams.com\/ca\/#\/schema\/logo\/image\/"},"sameAs":["https:\/\/www.facebook.com\/inverseteams","http:\/\/instagram.com\/inverseteams","https:\/\/www.linkedin.com\/company\/inverse-cirosport-s-l-?trk=job_view_topcard_company_name","http:\/\/www.pinterest.com\/inverseteams\/","http:\/\/www.youtube.com\/user\/inverseteams?feature=watch"]}]}},"_links":{"self":[{"href":"https:\/\/www.inverseteams.com\/ca\/wp-json\/wp\/v2\/product\/190736","targetHints":{"allow":["GET"]}}],"collection":[{"href":"https:\/\/www.inverseteams.com\/ca\/wp-json\/wp\/v2\/product"}],"about":[{"href":"https:\/\/www.inverseteams.com\/ca\/wp-json\/wp\/v2\/types\/product"}],"replies":[{"embeddable":true,"href":"https:\/\/www.inverseteams.com\/ca\/wp-json\/wp\/v2\/comments?post=190736"}],"wp:featuredmedia":[{"embeddable":true,"href":"https:\/\/www.inverseteams.com\/ca\/wp-json\/wp\/v2\/media\/193470"}],"wp:attachment":[{"href":"https:\/\/www.inverseteams.com\/ca\/wp-json\/wp\/v2\/media?parent=190736"}],"wp:term":[{"taxonomy":"product_brand","embeddable":true,"href":"https:\/\/www.inverseteams.com\/ca\/wp-json\/wp\/v2\/product_brand?post=190736"},{"taxonomy":"product_cat","embeddable":true,"href":"https:\/\/www.inverseteams.com\/ca\/wp-json\/wp\/v2\/product_cat?post=190736"},{"taxonomy":"product_tag","embeddable":true,"href":"https:\/\/www.inverseteams.com\/ca\/wp-json\/wp\/v2\/product_tag?post=190736"},{"taxonomy":"custom_category","embeddable":true,"href":"https:\/\/www.inverseteams.com\/ca\/wp-json\/wp\/v2\/custom_category?post=190736"},{"taxonomy":"range","embeddable":true,"href":"https:\/\/www.inverseteams.com\/ca\/wp-json\/wp\/v2\/range?post=190736"}],"curies":[{"name":"wp","href":"https:\/\/api.w.org\/{rel}","templated":true}]}}