{"id":188234,"date":"2024-02-27T10:05:17","date_gmt":"2024-02-27T10:05:17","guid":{"rendered":"https:\/\/www.inverseteams.com\/?post_type=product&#038;p=188234"},"modified":"2026-03-31T10:37:17","modified_gmt":"2026-03-31T09:37:17","slug":"culot-ciclista-pure-home","status":"publish","type":"product","link":"https:\/\/www.inverseteams.com\/ca\/producte\/culot-ciclista-pure-home\/","title":{"rendered":"Culot ciclista PURE (HOME)"},"content":{"rendered":"<p data-start=\"470\" data-end=\"787\">Aquest culotte de ciclisme per a home de gamma premium combina materials d\u2019alta qualitat, ajust ergon\u00f2mic i tecnologia avan\u00e7ada per oferir m\u00e0xima comoditat, estabilitat i rendiment fins i tot en les rutes m\u00e9s exigents.<br \/>\nEls laterals i la pe\u00e7a lumbar estan confeccionats amb un teixit lleuger i compacte de compressi\u00f3, que afavoreix la subjecci\u00f3 muscular durant el pedaleig i ajuda a millorar el retorn ven\u00f3s. Aquest efecte compressiu contribueix a reduir la fatiga muscular i permet mantenir un rendiment constant en sortides llargues.<br \/>\nPensat per a entrenaments intensos i ciclisme d\u2019alt rendiment, el culotte incorpora una <strong data-start=\"1206\" data-end=\"1244\">badana t\u00e8cnica de llarga dist\u00e0ncia<\/strong>, dissenyada per oferir confort i protecci\u00f3 durant <strong data-start=\"1295\" data-end=\"1344\">sessions de m\u00e9s de 7 hores sobre la bicicleta<\/strong>.<br \/>\nEls <strong data-start=\"1351\" data-end=\"1377\">tirants de polipropil\u00e8<\/strong> estan dissenyats en dues zones diferenciades per millorar l\u2019estabilitat i el confort. La zona lumbar, amb m\u00e9s refor\u00e7 i tensi\u00f3, proporciona una millor subjecci\u00f3 del culotte durant el pedaleig. La zona frontal, m\u00e9s lleugera i transpirable, ofereix suavitat i evita fregaments.<br \/>\nLes camals compten amb <strong data-start=\"1685\" data-end=\"1731\">acabat de tall l\u00e0ser amb silicona interior<\/strong>, que garanteix un ajust net i prec\u00eds, evitant despla\u00e7aments durant el pedaleig.<br \/>\nPer millorar la seguretat a la carretera, el culotte incorpora <strong data-start=\"1876\" data-end=\"1899\">detalls reflectants<\/strong>, que augmenten la visibilitat en condicions de poca llum.<br \/>\n<strong>Aquest culotte ciclisme home d\u2019alta gamma est\u00e0 pensat per a ciclistes que busquen m\u00e0xim confort, compressi\u00f3 muscular i rendiment en llargues dist\u00e0ncies, ideal per a ciclisme de carretera, entrenaments intensius i competicions.<\/strong><\/p>\n","protected":false},"excerpt":{"rendered":"<p>Aquest culotte de ciclisme per a home de gamma premium combina materials d\u2019alta qualitat, ajust ergon\u00f2mic i tecnologia avan\u00e7ada per oferir m\u00e0xima comoditat, estabilitat i rendiment fins i tot en les rutes m\u00e9s exigents.<br \/>\nEls laterals i la pe\u00e7a lumbar estan confeccionats amb un teixit lleuger i compacte de compressi\u00f3, que afavoreix la subjecci\u00f3 muscular durant el pedaleig i ajuda a millorar el retorn ven\u00f3s. Aquest efecte compressiu contribueix a reduir la fatiga muscular i permet mantenir un rendiment constant en sortides llargues.<br \/>\nPensat per a entrenaments intensos i ciclisme d\u2019alt rendiment, el culotte incorpora una <strong data-start=\"1206\" data-end=\"1244\">badana t\u00e8cnica de llarga dist\u00e0ncia<\/strong>, dissenyada per oferir confort i protecci\u00f3 durant <strong data-start=\"1295\" data-end=\"1344\">sessions de m\u00e9s de 7 hores sobre la bicicleta<\/strong>.<br \/>\nEls <strong data-start=\"1351\" data-end=\"1377\">tirants de polipropil\u00e8<\/strong> estan dissenyats en dues zones diferenciades per millorar l\u2019estabilitat i el confort. La zona lumbar, amb m\u00e9s refor\u00e7 i tensi\u00f3, proporciona una millor subjecci\u00f3 del culotte durant el pedaleig. La zona frontal, m\u00e9s lleugera i transpirable, ofereix suavitat i evita fregaments.<br \/>\nLes camals compten amb <strong data-start=\"1685\" data-end=\"1731\">acabat de tall l\u00e0ser amb silicona interior<\/strong>, que garanteix un ajust net i prec\u00eds, evitant despla\u00e7aments durant el pedaleig.<br \/>\nPer millorar la seguretat a la carretera, el culotte incorpora <strong data-start=\"1876\" data-end=\"1899\">detalls reflectants<\/strong>, que augmenten la visibilitat en condicions de poca llum.<br \/>\n<strong>Aquest culotte ciclisme home d\u2019alta gamma est\u00e0 pensat per a ciclistes que busquen m\u00e0xim confort, compressi\u00f3 muscular i rendiment en llargues dist\u00e0ncies, ideal per a ciclisme de carretera, entrenaments intensius i competicions.<\/strong><\/p>\n","protected":false},"featured_media":280154,"comment_status":"closed","ping_status":"closed","template":"","meta":{"_acf_changed":false},"product_brand":[],"product_cat":[4110,4126,9947,7175],"product_tag":[],"custom_category":[],"range":[],"class_list":{"0":"post-188234","1":"product","2":"type-product","3":"status-publish","4":"has-post-thumbnail","6":"product_cat-ciclisme","7":"product_cat-culotte-ciclista-ca","8":"product_cat-gravel-cat","9":"product_cat-b2b-ca","10":"pa_climatologia-calor-ca","11":"pa_climatologia-temperatura-temperada","12":"pa_deporte-gravel-ca","13":"pa_deporte-ciclisme","14":"pa_genero-home","15":"pa_patronaje-fit-ca","16":"pa_talla-m-ca","17":"pa_talla-s-ca","18":"pa_talla-xl-ca","19":"pa_talla-xxl-ca","20":"pa_talla-l-ca","21":"pa_tipo-de-prenda-culot-curt","23":"first","24":"instock","25":"featured","26":"taxable","27":"shipping-taxable","28":"purchasable","29":"product-type-variable","30":"has-default-attributes"},"acf":[],"yoast_head":"<!-- This site is optimized with the Yoast SEO plugin v27.3 - https:\/\/yoast.com\/product\/yoast-seo-wordpress\/ -->\n<title>Culot ciclista PURE (UNISEX)<\/title>\n<meta name=\"description\" content=\"Aquest culotte de ciclisme per a home de gamma premium combina materials d\u2019alta qualitat, ajust ergon\u00f2mic i tecnologia avan\u00e7ada per oferir m\u00e0xima comoditat, estabilitat i rendiment fins i tot en les rutes m\u00e9s exigents. Els laterals i la pe\u00e7a lumbar estan confeccionats amb un teixit lleuger i compacte de compressi\u00f3, que afavoreix la subjecci\u00f3 muscular durant el pedaleig i ajuda a millorar el retorn ven\u00f3s. Aquest efecte compressiu contribueix a reduir la fatiga muscular i permet mantenir un rendiment constant en sortides llargues. Pensat per a entrenaments intensos i ciclisme d\u2019alt rendiment, el culotte incorpora una badana t\u00e8cnica de llarga dist\u00e0ncia, dissenyada per oferir confort i protecci\u00f3 durant sessions de m\u00e9s de 7 hores sobre la bicicleta. Els tirants de polipropil\u00e8 estan dissenyats en dues zones diferenciades per millorar l\u2019estabilitat i el confort. La zona lumbar, amb m\u00e9s refor\u00e7 i tensi\u00f3, proporciona una millor subjecci\u00f3 del culotte durant el pedaleig. La zona frontal, m\u00e9s lleugera i transpirable, ofereix suavitat i evita fregaments. Les camals compten amb acabat de tall l\u00e0ser amb silicona interior, que garanteix un ajust net i prec\u00eds, evitant despla\u00e7aments durant el pedaleig. Per millorar la seguretat a la carretera, el culotte incorpora detalls reflectants, que augmenten la visibilitat en condicions de poca llum. Aquest culotte ciclisme home d\u2019alta gamma est\u00e0 pensat per a ciclistes que busquen m\u00e0xim confort, compressi\u00f3 muscular i rendiment en llargues dist\u00e0ncies, ideal per a ciclisme de carretera, entrenaments intensius i competicions.\" \/>\n<meta name=\"robots\" content=\"index, follow, max-snippet:-1, max-image-preview:large, max-video-preview:-1\" \/>\n<link rel=\"canonical\" href=\"https:\/\/www.inverseteams.com\/ca\/producte\/culot-ciclista-pure-home\/\" \/>\n<meta property=\"og:locale\" content=\"ca_ES\" \/>\n<meta property=\"og:type\" content=\"article\" \/>\n<meta property=\"og:title\" content=\"Culot ciclista PURE (UNISEX)\" \/>\n<meta property=\"og:description\" content=\"Aquest culotte de ciclisme per a home de gamma premium combina materials d\u2019alta qualitat, ajust ergon\u00f2mic i tecnologia avan\u00e7ada per oferir m\u00e0xima comoditat, estabilitat i rendiment fins i tot en les rutes m\u00e9s exigents. Els laterals i la pe\u00e7a lumbar estan confeccionats amb un teixit lleuger i compacte de compressi\u00f3, que afavoreix la subjecci\u00f3 muscular durant el pedaleig i ajuda a millorar el retorn ven\u00f3s. Aquest efecte compressiu contribueix a reduir la fatiga muscular i permet mantenir un rendiment constant en sortides llargues. Pensat per a entrenaments intensos i ciclisme d\u2019alt rendiment, el culotte incorpora una badana t\u00e8cnica de llarga dist\u00e0ncia, dissenyada per oferir confort i protecci\u00f3 durant sessions de m\u00e9s de 7 hores sobre la bicicleta. Els tirants de polipropil\u00e8 estan dissenyats en dues zones diferenciades per millorar l\u2019estabilitat i el confort. La zona lumbar, amb m\u00e9s refor\u00e7 i tensi\u00f3, proporciona una millor subjecci\u00f3 del culotte durant el pedaleig. La zona frontal, m\u00e9s lleugera i transpirable, ofereix suavitat i evita fregaments. Les camals compten amb acabat de tall l\u00e0ser amb silicona interior, que garanteix un ajust net i prec\u00eds, evitant despla\u00e7aments durant el pedaleig. Per millorar la seguretat a la carretera, el culotte incorpora detalls reflectants, que augmenten la visibilitat en condicions de poca llum. Aquest culotte ciclisme home d\u2019alta gamma est\u00e0 pensat per a ciclistes que busquen m\u00e0xim confort, compressi\u00f3 muscular i rendiment en llargues dist\u00e0ncies, ideal per a ciclisme de carretera, entrenaments intensius i competicions.\" \/>\n<meta property=\"og:url\" content=\"https:\/\/www.inverseteams.com\/ca\/producte\/culot-ciclista-pure-home\/\" \/>\n<meta property=\"og:site_name\" content=\"Inverseteams\" \/>\n<meta property=\"article:publisher\" content=\"https:\/\/www.facebook.com\/inverseteams\" \/>\n<meta property=\"article:modified_time\" content=\"2026-03-31T09:37:17+00:00\" \/>\n<meta property=\"og:image\" content=\"https:\/\/www.inverseteams.com\/wp-content\/uploads\/INVERSE-CICLISMO-HOMBRE-CULOTTE-PURE-BLACK-001.jpg\" \/>\n\t<meta property=\"og:image:width\" content=\"1500\" \/>\n\t<meta property=\"og:image:height\" content=\"1612\" \/>\n\t<meta property=\"og:image:type\" content=\"image\/jpeg\" \/>\n<meta name=\"twitter:card\" content=\"summary_large_image\" \/>\n<meta name=\"twitter:label1\" content=\"Temps estimat de lectura\" \/>\n\t<meta name=\"twitter:data1\" content=\"2 minut\" \/>\n<script type=\"application\/ld+json\" class=\"yoast-schema-graph\">{\"@context\":\"https:\\\/\\\/schema.org\",\"@graph\":[{\"@type\":\"WebPage\",\"@id\":\"https:\\\/\\\/www.inverseteams.com\\\/ca\\\/producte\\\/culot-ciclista-pure-home\\\/\",\"url\":\"https:\\\/\\\/www.inverseteams.com\\\/ca\\\/producte\\\/culot-ciclista-pure-home\\\/\",\"name\":\"Culot ciclista PURE (UNISEX)\",\"isPartOf\":{\"@id\":\"https:\\\/\\\/www.inverseteams.com\\\/ca\\\/#website\"},\"primaryImageOfPage\":{\"@id\":\"https:\\\/\\\/www.inverseteams.com\\\/ca\\\/producte\\\/culot-ciclista-pure-home\\\/#primaryimage\"},\"image\":{\"@id\":\"https:\\\/\\\/www.inverseteams.com\\\/ca\\\/producte\\\/culot-ciclista-pure-home\\\/#primaryimage\"},\"thumbnailUrl\":\"https:\\\/\\\/www.inverseteams.com\\\/wp-content\\\/uploads\\\/INVERSE-CICLISMO-HOMBRE-CULOTTE-PURE-BLACK-001.jpg\",\"datePublished\":\"2024-02-27T10:05:17+00:00\",\"dateModified\":\"2026-03-31T09:37:17+00:00\",\"description\":\"Aquest culotte de ciclisme per a home de gamma premium combina materials d\u2019alta qualitat, ajust ergon\u00f2mic i tecnologia avan\u00e7ada per oferir m\u00e0xima comoditat, estabilitat i rendiment fins i tot en les rutes m\u00e9s exigents. Els laterals i la pe\u00e7a lumbar estan confeccionats amb un teixit lleuger i compacte de compressi\u00f3, que afavoreix la subjecci\u00f3 muscular durant el pedaleig i ajuda a millorar el retorn ven\u00f3s. Aquest efecte compressiu contribueix a reduir la fatiga muscular i permet mantenir un rendiment constant en sortides llargues. Pensat per a entrenaments intensos i ciclisme d\u2019alt rendiment, el culotte incorpora una badana t\u00e8cnica de llarga dist\u00e0ncia, dissenyada per oferir confort i protecci\u00f3 durant sessions de m\u00e9s de 7 hores sobre la bicicleta. Els tirants de polipropil\u00e8 estan dissenyats en dues zones diferenciades per millorar l\u2019estabilitat i el confort. La zona lumbar, amb m\u00e9s refor\u00e7 i tensi\u00f3, proporciona una millor subjecci\u00f3 del culotte durant el pedaleig. La zona frontal, m\u00e9s lleugera i transpirable, ofereix suavitat i evita fregaments. Les camals compten amb acabat de tall l\u00e0ser amb silicona interior, que garanteix un ajust net i prec\u00eds, evitant despla\u00e7aments durant el pedaleig. Per millorar la seguretat a la carretera, el culotte incorpora detalls reflectants, que augmenten la visibilitat en condicions de poca llum. Aquest culotte ciclisme home d\u2019alta gamma est\u00e0 pensat per a ciclistes que busquen m\u00e0xim confort, compressi\u00f3 muscular i rendiment en llargues dist\u00e0ncies, ideal per a ciclisme de carretera, entrenaments intensius i competicions.\",\"breadcrumb\":{\"@id\":\"https:\\\/\\\/www.inverseteams.com\\\/ca\\\/producte\\\/culot-ciclista-pure-home\\\/#breadcrumb\"},\"inLanguage\":\"ca\",\"potentialAction\":[{\"@type\":\"ReadAction\",\"target\":[\"https:\\\/\\\/www.inverseteams.com\\\/ca\\\/producte\\\/culot-ciclista-pure-home\\\/\"]}]},{\"@type\":\"ImageObject\",\"inLanguage\":\"ca\",\"@id\":\"https:\\\/\\\/www.inverseteams.com\\\/ca\\\/producte\\\/culot-ciclista-pure-home\\\/#primaryimage\",\"url\":\"https:\\\/\\\/www.inverseteams.com\\\/wp-content\\\/uploads\\\/INVERSE-CICLISMO-HOMBRE-CULOTTE-PURE-BLACK-001.jpg\",\"contentUrl\":\"https:\\\/\\\/www.inverseteams.com\\\/wp-content\\\/uploads\\\/INVERSE-CICLISMO-HOMBRE-CULOTTE-PURE-BLACK-001.jpg\",\"width\":1500,\"height\":1612},{\"@type\":\"BreadcrumbList\",\"@id\":\"https:\\\/\\\/www.inverseteams.com\\\/ca\\\/producte\\\/culot-ciclista-pure-home\\\/#breadcrumb\",\"itemListElement\":[{\"@type\":\"ListItem\",\"position\":1,\"name\":\"Portada\",\"item\":\"https:\\\/\\\/www.inverseteams.com\\\/ca\\\/pagina-principal\\\/\"},{\"@type\":\"ListItem\",\"position\":2,\"name\":\"Botiga\",\"item\":\"https:\\\/\\\/www.inverseteams.com\\\/ca\\\/botiga\\\/\"},{\"@type\":\"ListItem\",\"position\":3,\"name\":\"Culot ciclista PURE (HOME)\"}]},{\"@type\":\"WebSite\",\"@id\":\"https:\\\/\\\/www.inverseteams.com\\\/ca\\\/#website\",\"url\":\"https:\\\/\\\/www.inverseteams.com\\\/ca\\\/\",\"name\":\"Inverseteams\",\"description\":\"Tu marca de ropa deportiva personalizada\",\"publisher\":{\"@id\":\"https:\\\/\\\/www.inverseteams.com\\\/ca\\\/#organization\"},\"potentialAction\":[{\"@type\":\"SearchAction\",\"target\":{\"@type\":\"EntryPoint\",\"urlTemplate\":\"https:\\\/\\\/www.inverseteams.com\\\/ca\\\/?s={search_term_string}\"},\"query-input\":{\"@type\":\"PropertyValueSpecification\",\"valueRequired\":true,\"valueName\":\"search_term_string\"}}],\"inLanguage\":\"ca\"},{\"@type\":\"Organization\",\"@id\":\"https:\\\/\\\/www.inverseteams.com\\\/ca\\\/#organization\",\"name\":\"Inverse Teams\",\"url\":\"https:\\\/\\\/www.inverseteams.com\\\/ca\\\/\",\"logo\":{\"@type\":\"ImageObject\",\"inLanguage\":\"ca\",\"@id\":\"https:\\\/\\\/www.inverseteams.com\\\/ca\\\/#\\\/schema\\\/logo\\\/image\\\/\",\"url\":\"http:\\\/\\\/www.inverseteams.com\\\/wp-content\\\/uploads\\\/2021\\\/03\\\/logo-inverse-teams.png\",\"contentUrl\":\"http:\\\/\\\/www.inverseteams.com\\\/wp-content\\\/uploads\\\/2021\\\/03\\\/logo-inverse-teams.png\",\"width\":294,\"height\":99,\"caption\":\"Inverse Teams\"},\"image\":{\"@id\":\"https:\\\/\\\/www.inverseteams.com\\\/ca\\\/#\\\/schema\\\/logo\\\/image\\\/\"},\"sameAs\":[\"https:\\\/\\\/www.facebook.com\\\/inverseteams\",\"http:\\\/\\\/instagram.com\\\/inverseteams\",\"https:\\\/\\\/www.linkedin.com\\\/company\\\/inverse-cirosport-s-l-?trk=job_view_topcard_company_name\",\"http:\\\/\\\/www.pinterest.com\\\/inverseteams\\\/\",\"http:\\\/\\\/www.youtube.com\\\/user\\\/inverseteams?feature=watch\"]}]}<\/script>\n<!-- \/ Yoast SEO plugin. -->","yoast_head_json":{"title":"Culot ciclista PURE (UNISEX)","description":"Aquest culotte de ciclisme per a home de gamma premium combina materials d\u2019alta qualitat, ajust ergon\u00f2mic i tecnologia avan\u00e7ada per oferir m\u00e0xima comoditat, estabilitat i rendiment fins i tot en les rutes m\u00e9s exigents. Els laterals i la pe\u00e7a lumbar estan confeccionats amb un teixit lleuger i compacte de compressi\u00f3, que afavoreix la subjecci\u00f3 muscular durant el pedaleig i ajuda a millorar el retorn ven\u00f3s. Aquest efecte compressiu contribueix a reduir la fatiga muscular i permet mantenir un rendiment constant en sortides llargues. Pensat per a entrenaments intensos i ciclisme d\u2019alt rendiment, el culotte incorpora una badana t\u00e8cnica de llarga dist\u00e0ncia, dissenyada per oferir confort i protecci\u00f3 durant sessions de m\u00e9s de 7 hores sobre la bicicleta. Els tirants de polipropil\u00e8 estan dissenyats en dues zones diferenciades per millorar l\u2019estabilitat i el confort. La zona lumbar, amb m\u00e9s refor\u00e7 i tensi\u00f3, proporciona una millor subjecci\u00f3 del culotte durant el pedaleig. La zona frontal, m\u00e9s lleugera i transpirable, ofereix suavitat i evita fregaments. Les camals compten amb acabat de tall l\u00e0ser amb silicona interior, que garanteix un ajust net i prec\u00eds, evitant despla\u00e7aments durant el pedaleig. Per millorar la seguretat a la carretera, el culotte incorpora detalls reflectants, que augmenten la visibilitat en condicions de poca llum. Aquest culotte ciclisme home d\u2019alta gamma est\u00e0 pensat per a ciclistes que busquen m\u00e0xim confort, compressi\u00f3 muscular i rendiment en llargues dist\u00e0ncies, ideal per a ciclisme de carretera, entrenaments intensius i competicions.","robots":{"index":"index","follow":"follow","max-snippet":"max-snippet:-1","max-image-preview":"max-image-preview:large","max-video-preview":"max-video-preview:-1"},"canonical":"https:\/\/www.inverseteams.com\/ca\/producte\/culot-ciclista-pure-home\/","og_locale":"ca_ES","og_type":"article","og_title":"Culot ciclista PURE (UNISEX)","og_description":"Aquest culotte de ciclisme per a home de gamma premium combina materials d\u2019alta qualitat, ajust ergon\u00f2mic i tecnologia avan\u00e7ada per oferir m\u00e0xima comoditat, estabilitat i rendiment fins i tot en les rutes m\u00e9s exigents. Els laterals i la pe\u00e7a lumbar estan confeccionats amb un teixit lleuger i compacte de compressi\u00f3, que afavoreix la subjecci\u00f3 muscular durant el pedaleig i ajuda a millorar el retorn ven\u00f3s. Aquest efecte compressiu contribueix a reduir la fatiga muscular i permet mantenir un rendiment constant en sortides llargues. Pensat per a entrenaments intensos i ciclisme d\u2019alt rendiment, el culotte incorpora una badana t\u00e8cnica de llarga dist\u00e0ncia, dissenyada per oferir confort i protecci\u00f3 durant sessions de m\u00e9s de 7 hores sobre la bicicleta. Els tirants de polipropil\u00e8 estan dissenyats en dues zones diferenciades per millorar l\u2019estabilitat i el confort. La zona lumbar, amb m\u00e9s refor\u00e7 i tensi\u00f3, proporciona una millor subjecci\u00f3 del culotte durant el pedaleig. La zona frontal, m\u00e9s lleugera i transpirable, ofereix suavitat i evita fregaments. Les camals compten amb acabat de tall l\u00e0ser amb silicona interior, que garanteix un ajust net i prec\u00eds, evitant despla\u00e7aments durant el pedaleig. Per millorar la seguretat a la carretera, el culotte incorpora detalls reflectants, que augmenten la visibilitat en condicions de poca llum. Aquest culotte ciclisme home d\u2019alta gamma est\u00e0 pensat per a ciclistes que busquen m\u00e0xim confort, compressi\u00f3 muscular i rendiment en llargues dist\u00e0ncies, ideal per a ciclisme de carretera, entrenaments intensius i competicions.","og_url":"https:\/\/www.inverseteams.com\/ca\/producte\/culot-ciclista-pure-home\/","og_site_name":"Inverseteams","article_publisher":"https:\/\/www.facebook.com\/inverseteams","article_modified_time":"2026-03-31T09:37:17+00:00","og_image":[{"width":1500,"height":1612,"url":"https:\/\/www.inverseteams.com\/wp-content\/uploads\/INVERSE-CICLISMO-HOMBRE-CULOTTE-PURE-BLACK-001.jpg","type":"image\/jpeg"}],"twitter_card":"summary_large_image","twitter_misc":{"Temps estimat de lectura":"2 minut"},"schema":{"@context":"https:\/\/schema.org","@graph":[{"@type":"WebPage","@id":"https:\/\/www.inverseteams.com\/ca\/producte\/culot-ciclista-pure-home\/","url":"https:\/\/www.inverseteams.com\/ca\/producte\/culot-ciclista-pure-home\/","name":"Culot ciclista PURE (UNISEX)","isPartOf":{"@id":"https:\/\/www.inverseteams.com\/ca\/#website"},"primaryImageOfPage":{"@id":"https:\/\/www.inverseteams.com\/ca\/producte\/culot-ciclista-pure-home\/#primaryimage"},"image":{"@id":"https:\/\/www.inverseteams.com\/ca\/producte\/culot-ciclista-pure-home\/#primaryimage"},"thumbnailUrl":"https:\/\/www.inverseteams.com\/wp-content\/uploads\/INVERSE-CICLISMO-HOMBRE-CULOTTE-PURE-BLACK-001.jpg","datePublished":"2024-02-27T10:05:17+00:00","dateModified":"2026-03-31T09:37:17+00:00","description":"Aquest culotte de ciclisme per a home de gamma premium combina materials d\u2019alta qualitat, ajust ergon\u00f2mic i tecnologia avan\u00e7ada per oferir m\u00e0xima comoditat, estabilitat i rendiment fins i tot en les rutes m\u00e9s exigents. Els laterals i la pe\u00e7a lumbar estan confeccionats amb un teixit lleuger i compacte de compressi\u00f3, que afavoreix la subjecci\u00f3 muscular durant el pedaleig i ajuda a millorar el retorn ven\u00f3s. Aquest efecte compressiu contribueix a reduir la fatiga muscular i permet mantenir un rendiment constant en sortides llargues. Pensat per a entrenaments intensos i ciclisme d\u2019alt rendiment, el culotte incorpora una badana t\u00e8cnica de llarga dist\u00e0ncia, dissenyada per oferir confort i protecci\u00f3 durant sessions de m\u00e9s de 7 hores sobre la bicicleta. Els tirants de polipropil\u00e8 estan dissenyats en dues zones diferenciades per millorar l\u2019estabilitat i el confort. La zona lumbar, amb m\u00e9s refor\u00e7 i tensi\u00f3, proporciona una millor subjecci\u00f3 del culotte durant el pedaleig. La zona frontal, m\u00e9s lleugera i transpirable, ofereix suavitat i evita fregaments. Les camals compten amb acabat de tall l\u00e0ser amb silicona interior, que garanteix un ajust net i prec\u00eds, evitant despla\u00e7aments durant el pedaleig. Per millorar la seguretat a la carretera, el culotte incorpora detalls reflectants, que augmenten la visibilitat en condicions de poca llum. Aquest culotte ciclisme home d\u2019alta gamma est\u00e0 pensat per a ciclistes que busquen m\u00e0xim confort, compressi\u00f3 muscular i rendiment en llargues dist\u00e0ncies, ideal per a ciclisme de carretera, entrenaments intensius i competicions.","breadcrumb":{"@id":"https:\/\/www.inverseteams.com\/ca\/producte\/culot-ciclista-pure-home\/#breadcrumb"},"inLanguage":"ca","potentialAction":[{"@type":"ReadAction","target":["https:\/\/www.inverseteams.com\/ca\/producte\/culot-ciclista-pure-home\/"]}]},{"@type":"ImageObject","inLanguage":"ca","@id":"https:\/\/www.inverseteams.com\/ca\/producte\/culot-ciclista-pure-home\/#primaryimage","url":"https:\/\/www.inverseteams.com\/wp-content\/uploads\/INVERSE-CICLISMO-HOMBRE-CULOTTE-PURE-BLACK-001.jpg","contentUrl":"https:\/\/www.inverseteams.com\/wp-content\/uploads\/INVERSE-CICLISMO-HOMBRE-CULOTTE-PURE-BLACK-001.jpg","width":1500,"height":1612},{"@type":"BreadcrumbList","@id":"https:\/\/www.inverseteams.com\/ca\/producte\/culot-ciclista-pure-home\/#breadcrumb","itemListElement":[{"@type":"ListItem","position":1,"name":"Portada","item":"https:\/\/www.inverseteams.com\/ca\/pagina-principal\/"},{"@type":"ListItem","position":2,"name":"Botiga","item":"https:\/\/www.inverseteams.com\/ca\/botiga\/"},{"@type":"ListItem","position":3,"name":"Culot ciclista PURE (HOME)"}]},{"@type":"WebSite","@id":"https:\/\/www.inverseteams.com\/ca\/#website","url":"https:\/\/www.inverseteams.com\/ca\/","name":"Inverseteams","description":"Tu marca de ropa deportiva personalizada","publisher":{"@id":"https:\/\/www.inverseteams.com\/ca\/#organization"},"potentialAction":[{"@type":"SearchAction","target":{"@type":"EntryPoint","urlTemplate":"https:\/\/www.inverseteams.com\/ca\/?s={search_term_string}"},"query-input":{"@type":"PropertyValueSpecification","valueRequired":true,"valueName":"search_term_string"}}],"inLanguage":"ca"},{"@type":"Organization","@id":"https:\/\/www.inverseteams.com\/ca\/#organization","name":"Inverse Teams","url":"https:\/\/www.inverseteams.com\/ca\/","logo":{"@type":"ImageObject","inLanguage":"ca","@id":"https:\/\/www.inverseteams.com\/ca\/#\/schema\/logo\/image\/","url":"https:\/\/www.inverseteams.com\/wp-content\/uploads\/2021\/03\/logo-inverse-teams.png","contentUrl":"https:\/\/www.inverseteams.com\/wp-content\/uploads\/2021\/03\/logo-inverse-teams.png","width":294,"height":99,"caption":"Inverse Teams"},"image":{"@id":"https:\/\/www.inverseteams.com\/ca\/#\/schema\/logo\/image\/"},"sameAs":["https:\/\/www.facebook.com\/inverseteams","http:\/\/instagram.com\/inverseteams","https:\/\/www.linkedin.com\/company\/inverse-cirosport-s-l-?trk=job_view_topcard_company_name","http:\/\/www.pinterest.com\/inverseteams\/","http:\/\/www.youtube.com\/user\/inverseteams?feature=watch"]}]}},"_links":{"self":[{"href":"https:\/\/www.inverseteams.com\/ca\/wp-json\/wp\/v2\/product\/188234","targetHints":{"allow":["GET"]}}],"collection":[{"href":"https:\/\/www.inverseteams.com\/ca\/wp-json\/wp\/v2\/product"}],"about":[{"href":"https:\/\/www.inverseteams.com\/ca\/wp-json\/wp\/v2\/types\/product"}],"replies":[{"embeddable":true,"href":"https:\/\/www.inverseteams.com\/ca\/wp-json\/wp\/v2\/comments?post=188234"}],"wp:featuredmedia":[{"embeddable":true,"href":"https:\/\/www.inverseteams.com\/ca\/wp-json\/wp\/v2\/media\/280154"}],"wp:attachment":[{"href":"https:\/\/www.inverseteams.com\/ca\/wp-json\/wp\/v2\/media?parent=188234"}],"wp:term":[{"taxonomy":"product_brand","embeddable":true,"href":"https:\/\/www.inverseteams.com\/ca\/wp-json\/wp\/v2\/product_brand?post=188234"},{"taxonomy":"product_cat","embeddable":true,"href":"https:\/\/www.inverseteams.com\/ca\/wp-json\/wp\/v2\/product_cat?post=188234"},{"taxonomy":"product_tag","embeddable":true,"href":"https:\/\/www.inverseteams.com\/ca\/wp-json\/wp\/v2\/product_tag?post=188234"},{"taxonomy":"custom_category","embeddable":true,"href":"https:\/\/www.inverseteams.com\/ca\/wp-json\/wp\/v2\/custom_category?post=188234"},{"taxonomy":"range","embeddable":true,"href":"https:\/\/www.inverseteams.com\/ca\/wp-json\/wp\/v2\/range?post=188234"}],"curies":[{"name":"wp","href":"https:\/\/api.w.org\/{rel}","templated":true}]}}