{"id":188230,"date":"2024-02-27T09:59:25","date_gmt":"2024-02-27T09:59:25","guid":{"rendered":"https:\/\/www.inverseteams.com\/?post_type=product&#038;p=188230"},"modified":"2024-06-04T00:01:41","modified_gmt":"2024-06-04T00:01:41","slug":"mallot-ciclista-maniga-curta-ares-cute-dona","status":"publish","type":"product","link":"https:\/\/www.inverseteams.com\/ca\/producte\/mallot-ciclista-maniga-curta-ares-cute-dona\/","title":{"rendered":"Mallot ciclista m\u00e0niga curta ARES CUTE (DONA)"},"content":{"rendered":"<p>Mallot t\u00e8cnic s\u00faper lleuger ideal per la competici\u00f3 i els entrenaments. Amb patronatge molt ajustat s\u2019arrapar\u00e0 al teu cos i et permetr\u00e0 rendir al m\u00e0xim. Gr\u00e0cies a l\u2019elasticitat i estructura dels seus teixits l\u2019aire lliscar\u00e0 f\u00e0cilment al teu voltant i la teva aerodin\u00e0mica ser\u00e0 envejable. A la cintura t\u00e9 una banda el\u00e0stica amb un grip interior.<br \/>\nA la zona lumbar incorpora 3 butxaques amb el nou sistema de seguretat ISP \u2013 Inverse Safe Pocket \u2013 on podr\u00e0s guardar una armilla o barretes nutritives sense a por a perdre-les. Addicionalment, t\u00e9 una quarta butxaca amb cremallera perqu\u00e8 guardis els teus objectes m\u00e9s preuats. Gaudeix del ciclisme sense preocupacions.<br \/>\nEl coll baix i anat\u00f2mic estar\u00e0 sempre en contacte amb el teus cos sense provocar mol\u00e8sties i evitant l\u2019entrada d\u2019aire. L\u2019estructura dels filaments dels teixits garanteix una total expulsi\u00f3 de la suor. Tindr\u00e0s la pell fresca i seca incl\u00fas en els moments de m\u00e9s calor. La teva seguretat \u00e9s molt important per nosaltres. Per aix\u00f2, hem afegit sobre les butxaques uns elements reflectants per augmentar la teva visibilitat a la carretera.<\/p>\n","protected":false},"excerpt":{"rendered":"<p>Mallot t\u00e8cnic s\u00faper lleuger ideal per la competici\u00f3 i els entrenaments. Amb patronatge molt ajustat s\u2019arrapar\u00e0 al teu cos i et permetr\u00e0 rendir al m\u00e0xim. Gr\u00e0cies a l\u2019elasticitat i estructura dels seus teixits l\u2019aire lliscar\u00e0 f\u00e0cilment al teu voltant i la teva aerodin\u00e0mica ser\u00e0 envejable. A la cintura t\u00e9 una banda el\u00e0stica amb un grip interior.<br \/>\nA la zona lumbar incorpora 3 butxaques amb el nou sistema de seguretat ISP \u2013 Inverse Safe Pocket \u2013 on podr\u00e0s guardar una armilla o barretes nutritives sense a por a perdre-les. Addicionalment, t\u00e9 una quarta butxaca amb cremallera perqu\u00e8 guardis els teus objectes m\u00e9s preuats. Gaudeix del ciclisme sense preocupacions.<br \/>\nEl coll baix i anat\u00f2mic estar\u00e0 sempre en contacte amb el teus cos sense provocar mol\u00e8sties i evitant l\u2019entrada d\u2019aire. L\u2019estructura dels filaments dels teixits garanteix una total expulsi\u00f3 de la suor. Tindr\u00e0s la pell fresca i seca incl\u00fas en els moments de m\u00e9s calor. La teva seguretat \u00e9s molt important per nosaltres. Per aix\u00f2, hem afegit sobre les butxaques uns elements reflectants per augmentar la teva visibilitat a la carretera.<\/p>\n","protected":false},"featured_media":188022,"comment_status":"closed","ping_status":"closed","template":"","meta":{"_acf_changed":false},"product_brand":[],"product_cat":[4110,4120,7175],"product_tag":[],"custom_category":[],"range":[],"class_list":{"0":"post-188230","1":"product","2":"type-product","3":"status-publish","4":"has-post-thumbnail","6":"product_cat-ciclisme","7":"product_cat-mallot-ciclista","8":"product_cat-b2b-ca","9":"pa_climatologia-calor-ca","10":"pa_deporte-ciclisme","11":"pa_genero-dona","12":"pa_patronaje-fit-ca","13":"pa_talla-l-ca","14":"pa_talla-m-ca","15":"pa_talla-s-ca","16":"pa_talla-xl-ca","17":"pa_talla-xs-ca","18":"pa_tipo-de-prenda-mallot-maniga-curta","20":"first","21":"outofstock","22":"taxable","23":"shipping-taxable","24":"purchasable","25":"product-type-variable","26":"has-default-attributes"},"acf":[],"yoast_head":"<!-- This site is optimized with the Yoast SEO plugin v27.3 - https:\/\/yoast.com\/product\/yoast-seo-wordpress\/ -->\n<title>Mallot ciclista m\u00e0niga curta ARES CUTE (DONA)<\/title>\n<meta name=\"description\" content=\"Mallot t\u00e8cnic s\u00faper lleuger ideal per la competici\u00f3 i els entrenaments. Amb patronatge molt ajustat s\u2019arrapar\u00e0 al teu cos i et permetr\u00e0 rendir al m\u00e0xim. Gr\u00e0cies a l\u2019elasticitat i estructura dels seus teixits l\u2019aire lliscar\u00e0 f\u00e0cilment al teu voltant i la teva aerodin\u00e0mica ser\u00e0 envejable. A la cintura t\u00e9 una banda el\u00e0stica amb un grip interior. A la zona lumbar incorpora 3 butxaques amb el nou sistema de seguretat ISP \u2013 Inverse Safe Pocket \u2013 on podr\u00e0s guardar una armilla o barretes nutritives sense a por a perdre-les. Addicionalment, t\u00e9 una quarta butxaca amb cremallera perqu\u00e8 guardis els teus objectes m\u00e9s preuats. Gaudeix del ciclisme sense preocupacions. El coll baix i anat\u00f2mic estar\u00e0 sempre en contacte amb el teus cos sense provocar mol\u00e8sties i evitant l\u2019entrada d\u2019aire. L\u2019estructura dels filaments dels teixits garanteix una total expulsi\u00f3 de la suor. Tindr\u00e0s la pell fresca i seca incl\u00fas en els moments de m\u00e9s calor. La teva seguretat \u00e9s molt important per nosaltres. Per aix\u00f2, hem afegit sobre les butxaques uns elements reflectants per augmentar la teva visibilitat a la carretera.\" \/>\n<meta name=\"robots\" content=\"index, follow, max-snippet:-1, max-image-preview:large, max-video-preview:-1\" \/>\n<link rel=\"canonical\" href=\"https:\/\/www.inverseteams.com\/ca\/producte\/mallot-ciclista-maniga-curta-ares-cute-dona\/\" \/>\n<meta property=\"og:locale\" content=\"ca_ES\" \/>\n<meta property=\"og:type\" content=\"article\" \/>\n<meta property=\"og:title\" content=\"Mallot ciclista m\u00e0niga curta ARES CUTE (DONA)\" \/>\n<meta property=\"og:description\" content=\"Mallot t\u00e8cnic s\u00faper lleuger ideal per la competici\u00f3 i els entrenaments. Amb patronatge molt ajustat s\u2019arrapar\u00e0 al teu cos i et permetr\u00e0 rendir al m\u00e0xim. Gr\u00e0cies a l\u2019elasticitat i estructura dels seus teixits l\u2019aire lliscar\u00e0 f\u00e0cilment al teu voltant i la teva aerodin\u00e0mica ser\u00e0 envejable. A la cintura t\u00e9 una banda el\u00e0stica amb un grip interior. A la zona lumbar incorpora 3 butxaques amb el nou sistema de seguretat ISP \u2013 Inverse Safe Pocket \u2013 on podr\u00e0s guardar una armilla o barretes nutritives sense a por a perdre-les. Addicionalment, t\u00e9 una quarta butxaca amb cremallera perqu\u00e8 guardis els teus objectes m\u00e9s preuats. Gaudeix del ciclisme sense preocupacions. El coll baix i anat\u00f2mic estar\u00e0 sempre en contacte amb el teus cos sense provocar mol\u00e8sties i evitant l\u2019entrada d\u2019aire. L\u2019estructura dels filaments dels teixits garanteix una total expulsi\u00f3 de la suor. Tindr\u00e0s la pell fresca i seca incl\u00fas en els moments de m\u00e9s calor. La teva seguretat \u00e9s molt important per nosaltres. Per aix\u00f2, hem afegit sobre les butxaques uns elements reflectants per augmentar la teva visibilitat a la carretera.\" \/>\n<meta property=\"og:url\" content=\"https:\/\/www.inverseteams.com\/ca\/producte\/mallot-ciclista-maniga-curta-ares-cute-dona\/\" \/>\n<meta property=\"og:site_name\" content=\"Inverseteams\" \/>\n<meta property=\"article:publisher\" content=\"https:\/\/www.facebook.com\/inverseteams\" \/>\n<meta property=\"article:modified_time\" content=\"2024-06-04T00:01:41+00:00\" \/>\n<meta property=\"og:image\" content=\"https:\/\/www.inverseteams.com\/wp-content\/uploads\/MAILLOT-CICLISTA-MUJER-ARES-CUTE-1.jpg\" \/>\n\t<meta property=\"og:image:width\" content=\"1500\" \/>\n\t<meta property=\"og:image:height\" content=\"1612\" \/>\n\t<meta property=\"og:image:type\" content=\"image\/jpeg\" \/>\n<meta name=\"twitter:card\" content=\"summary_large_image\" \/>\n<meta name=\"twitter:label1\" content=\"Temps estimat de lectura\" \/>\n\t<meta name=\"twitter:data1\" content=\"1 minut\" \/>\n<script type=\"application\/ld+json\" class=\"yoast-schema-graph\">{\"@context\":\"https:\\\/\\\/schema.org\",\"@graph\":[{\"@type\":\"WebPage\",\"@id\":\"https:\\\/\\\/www.inverseteams.com\\\/ca\\\/producte\\\/mallot-ciclista-maniga-curta-ares-cute-dona\\\/\",\"url\":\"https:\\\/\\\/www.inverseteams.com\\\/ca\\\/producte\\\/mallot-ciclista-maniga-curta-ares-cute-dona\\\/\",\"name\":\"Mallot ciclista m\u00e0niga curta ARES CUTE (DONA)\",\"isPartOf\":{\"@id\":\"https:\\\/\\\/www.inverseteams.com\\\/ca\\\/#website\"},\"primaryImageOfPage\":{\"@id\":\"https:\\\/\\\/www.inverseteams.com\\\/ca\\\/producte\\\/mallot-ciclista-maniga-curta-ares-cute-dona\\\/#primaryimage\"},\"image\":{\"@id\":\"https:\\\/\\\/www.inverseteams.com\\\/ca\\\/producte\\\/mallot-ciclista-maniga-curta-ares-cute-dona\\\/#primaryimage\"},\"thumbnailUrl\":\"https:\\\/\\\/www.inverseteams.com\\\/wp-content\\\/uploads\\\/MAILLOT-CICLISTA-MUJER-ARES-CUTE-1.jpg\",\"datePublished\":\"2024-02-27T09:59:25+00:00\",\"dateModified\":\"2024-06-04T00:01:41+00:00\",\"description\":\"Mallot t\u00e8cnic s\u00faper lleuger ideal per la competici\u00f3 i els entrenaments. Amb patronatge molt ajustat s\u2019arrapar\u00e0 al teu cos i et permetr\u00e0 rendir al m\u00e0xim. Gr\u00e0cies a l\u2019elasticitat i estructura dels seus teixits l\u2019aire lliscar\u00e0 f\u00e0cilment al teu voltant i la teva aerodin\u00e0mica ser\u00e0 envejable. A la cintura t\u00e9 una banda el\u00e0stica amb un grip interior. A la zona lumbar incorpora 3 butxaques amb el nou sistema de seguretat ISP \u2013 Inverse Safe Pocket \u2013 on podr\u00e0s guardar una armilla o barretes nutritives sense a por a perdre-les. Addicionalment, t\u00e9 una quarta butxaca amb cremallera perqu\u00e8 guardis els teus objectes m\u00e9s preuats. Gaudeix del ciclisme sense preocupacions. El coll baix i anat\u00f2mic estar\u00e0 sempre en contacte amb el teus cos sense provocar mol\u00e8sties i evitant l\u2019entrada d\u2019aire. L\u2019estructura dels filaments dels teixits garanteix una total expulsi\u00f3 de la suor. Tindr\u00e0s la pell fresca i seca incl\u00fas en els moments de m\u00e9s calor. La teva seguretat \u00e9s molt important per nosaltres. Per aix\u00f2, hem afegit sobre les butxaques uns elements reflectants per augmentar la teva visibilitat a la carretera.\",\"breadcrumb\":{\"@id\":\"https:\\\/\\\/www.inverseteams.com\\\/ca\\\/producte\\\/mallot-ciclista-maniga-curta-ares-cute-dona\\\/#breadcrumb\"},\"inLanguage\":\"ca\",\"potentialAction\":[{\"@type\":\"ReadAction\",\"target\":[\"https:\\\/\\\/www.inverseteams.com\\\/ca\\\/producte\\\/mallot-ciclista-maniga-curta-ares-cute-dona\\\/\"]}]},{\"@type\":\"ImageObject\",\"inLanguage\":\"ca\",\"@id\":\"https:\\\/\\\/www.inverseteams.com\\\/ca\\\/producte\\\/mallot-ciclista-maniga-curta-ares-cute-dona\\\/#primaryimage\",\"url\":\"https:\\\/\\\/www.inverseteams.com\\\/wp-content\\\/uploads\\\/MAILLOT-CICLISTA-MUJER-ARES-CUTE-1.jpg\",\"contentUrl\":\"https:\\\/\\\/www.inverseteams.com\\\/wp-content\\\/uploads\\\/MAILLOT-CICLISTA-MUJER-ARES-CUTE-1.jpg\",\"width\":1500,\"height\":1612,\"caption\":\"Mallot ciclista m\u00e0niga curta ARES CUTE\"},{\"@type\":\"BreadcrumbList\",\"@id\":\"https:\\\/\\\/www.inverseteams.com\\\/ca\\\/producte\\\/mallot-ciclista-maniga-curta-ares-cute-dona\\\/#breadcrumb\",\"itemListElement\":[{\"@type\":\"ListItem\",\"position\":1,\"name\":\"Portada\",\"item\":\"https:\\\/\\\/www.inverseteams.com\\\/ca\\\/pagina-principal\\\/\"},{\"@type\":\"ListItem\",\"position\":2,\"name\":\"Botiga\",\"item\":\"https:\\\/\\\/www.inverseteams.com\\\/ca\\\/botiga\\\/\"},{\"@type\":\"ListItem\",\"position\":3,\"name\":\"Mallot ciclista m\u00e0niga curta ARES CUTE (DONA)\"}]},{\"@type\":\"WebSite\",\"@id\":\"https:\\\/\\\/www.inverseteams.com\\\/ca\\\/#website\",\"url\":\"https:\\\/\\\/www.inverseteams.com\\\/ca\\\/\",\"name\":\"Inverseteams\",\"description\":\"Tu marca de ropa deportiva personalizada\",\"publisher\":{\"@id\":\"https:\\\/\\\/www.inverseteams.com\\\/ca\\\/#organization\"},\"potentialAction\":[{\"@type\":\"SearchAction\",\"target\":{\"@type\":\"EntryPoint\",\"urlTemplate\":\"https:\\\/\\\/www.inverseteams.com\\\/ca\\\/?s={search_term_string}\"},\"query-input\":{\"@type\":\"PropertyValueSpecification\",\"valueRequired\":true,\"valueName\":\"search_term_string\"}}],\"inLanguage\":\"ca\"},{\"@type\":\"Organization\",\"@id\":\"https:\\\/\\\/www.inverseteams.com\\\/ca\\\/#organization\",\"name\":\"Inverse Teams\",\"url\":\"https:\\\/\\\/www.inverseteams.com\\\/ca\\\/\",\"logo\":{\"@type\":\"ImageObject\",\"inLanguage\":\"ca\",\"@id\":\"https:\\\/\\\/www.inverseteams.com\\\/ca\\\/#\\\/schema\\\/logo\\\/image\\\/\",\"url\":\"http:\\\/\\\/www.inverseteams.com\\\/wp-content\\\/uploads\\\/2021\\\/03\\\/logo-inverse-teams.png\",\"contentUrl\":\"http:\\\/\\\/www.inverseteams.com\\\/wp-content\\\/uploads\\\/2021\\\/03\\\/logo-inverse-teams.png\",\"width\":294,\"height\":99,\"caption\":\"Inverse Teams\"},\"image\":{\"@id\":\"https:\\\/\\\/www.inverseteams.com\\\/ca\\\/#\\\/schema\\\/logo\\\/image\\\/\"},\"sameAs\":[\"https:\\\/\\\/www.facebook.com\\\/inverseteams\",\"http:\\\/\\\/instagram.com\\\/inverseteams\",\"https:\\\/\\\/www.linkedin.com\\\/company\\\/inverse-cirosport-s-l-?trk=job_view_topcard_company_name\",\"http:\\\/\\\/www.pinterest.com\\\/inverseteams\\\/\",\"http:\\\/\\\/www.youtube.com\\\/user\\\/inverseteams?feature=watch\"]}]}<\/script>\n<!-- \/ Yoast SEO plugin. -->","yoast_head_json":{"title":"Mallot ciclista m\u00e0niga curta ARES CUTE (DONA)","description":"Mallot t\u00e8cnic s\u00faper lleuger ideal per la competici\u00f3 i els entrenaments. Amb patronatge molt ajustat s\u2019arrapar\u00e0 al teu cos i et permetr\u00e0 rendir al m\u00e0xim. Gr\u00e0cies a l\u2019elasticitat i estructura dels seus teixits l\u2019aire lliscar\u00e0 f\u00e0cilment al teu voltant i la teva aerodin\u00e0mica ser\u00e0 envejable. A la cintura t\u00e9 una banda el\u00e0stica amb un grip interior. A la zona lumbar incorpora 3 butxaques amb el nou sistema de seguretat ISP \u2013 Inverse Safe Pocket \u2013 on podr\u00e0s guardar una armilla o barretes nutritives sense a por a perdre-les. Addicionalment, t\u00e9 una quarta butxaca amb cremallera perqu\u00e8 guardis els teus objectes m\u00e9s preuats. Gaudeix del ciclisme sense preocupacions. El coll baix i anat\u00f2mic estar\u00e0 sempre en contacte amb el teus cos sense provocar mol\u00e8sties i evitant l\u2019entrada d\u2019aire. L\u2019estructura dels filaments dels teixits garanteix una total expulsi\u00f3 de la suor. Tindr\u00e0s la pell fresca i seca incl\u00fas en els moments de m\u00e9s calor. La teva seguretat \u00e9s molt important per nosaltres. Per aix\u00f2, hem afegit sobre les butxaques uns elements reflectants per augmentar la teva visibilitat a la carretera.","robots":{"index":"index","follow":"follow","max-snippet":"max-snippet:-1","max-image-preview":"max-image-preview:large","max-video-preview":"max-video-preview:-1"},"canonical":"https:\/\/www.inverseteams.com\/ca\/producte\/mallot-ciclista-maniga-curta-ares-cute-dona\/","og_locale":"ca_ES","og_type":"article","og_title":"Mallot ciclista m\u00e0niga curta ARES CUTE (DONA)","og_description":"Mallot t\u00e8cnic s\u00faper lleuger ideal per la competici\u00f3 i els entrenaments. Amb patronatge molt ajustat s\u2019arrapar\u00e0 al teu cos i et permetr\u00e0 rendir al m\u00e0xim. Gr\u00e0cies a l\u2019elasticitat i estructura dels seus teixits l\u2019aire lliscar\u00e0 f\u00e0cilment al teu voltant i la teva aerodin\u00e0mica ser\u00e0 envejable. A la cintura t\u00e9 una banda el\u00e0stica amb un grip interior. A la zona lumbar incorpora 3 butxaques amb el nou sistema de seguretat ISP \u2013 Inverse Safe Pocket \u2013 on podr\u00e0s guardar una armilla o barretes nutritives sense a por a perdre-les. Addicionalment, t\u00e9 una quarta butxaca amb cremallera perqu\u00e8 guardis els teus objectes m\u00e9s preuats. Gaudeix del ciclisme sense preocupacions. El coll baix i anat\u00f2mic estar\u00e0 sempre en contacte amb el teus cos sense provocar mol\u00e8sties i evitant l\u2019entrada d\u2019aire. L\u2019estructura dels filaments dels teixits garanteix una total expulsi\u00f3 de la suor. Tindr\u00e0s la pell fresca i seca incl\u00fas en els moments de m\u00e9s calor. La teva seguretat \u00e9s molt important per nosaltres. Per aix\u00f2, hem afegit sobre les butxaques uns elements reflectants per augmentar la teva visibilitat a la carretera.","og_url":"https:\/\/www.inverseteams.com\/ca\/producte\/mallot-ciclista-maniga-curta-ares-cute-dona\/","og_site_name":"Inverseteams","article_publisher":"https:\/\/www.facebook.com\/inverseteams","article_modified_time":"2024-06-04T00:01:41+00:00","og_image":[{"width":1500,"height":1612,"url":"https:\/\/www.inverseteams.com\/wp-content\/uploads\/MAILLOT-CICLISTA-MUJER-ARES-CUTE-1.jpg","type":"image\/jpeg"}],"twitter_card":"summary_large_image","twitter_misc":{"Temps estimat de lectura":"1 minut"},"schema":{"@context":"https:\/\/schema.org","@graph":[{"@type":"WebPage","@id":"https:\/\/www.inverseteams.com\/ca\/producte\/mallot-ciclista-maniga-curta-ares-cute-dona\/","url":"https:\/\/www.inverseteams.com\/ca\/producte\/mallot-ciclista-maniga-curta-ares-cute-dona\/","name":"Mallot ciclista m\u00e0niga curta ARES CUTE (DONA)","isPartOf":{"@id":"https:\/\/www.inverseteams.com\/ca\/#website"},"primaryImageOfPage":{"@id":"https:\/\/www.inverseteams.com\/ca\/producte\/mallot-ciclista-maniga-curta-ares-cute-dona\/#primaryimage"},"image":{"@id":"https:\/\/www.inverseteams.com\/ca\/producte\/mallot-ciclista-maniga-curta-ares-cute-dona\/#primaryimage"},"thumbnailUrl":"https:\/\/www.inverseteams.com\/wp-content\/uploads\/MAILLOT-CICLISTA-MUJER-ARES-CUTE-1.jpg","datePublished":"2024-02-27T09:59:25+00:00","dateModified":"2024-06-04T00:01:41+00:00","description":"Mallot t\u00e8cnic s\u00faper lleuger ideal per la competici\u00f3 i els entrenaments. Amb patronatge molt ajustat s\u2019arrapar\u00e0 al teu cos i et permetr\u00e0 rendir al m\u00e0xim. Gr\u00e0cies a l\u2019elasticitat i estructura dels seus teixits l\u2019aire lliscar\u00e0 f\u00e0cilment al teu voltant i la teva aerodin\u00e0mica ser\u00e0 envejable. A la cintura t\u00e9 una banda el\u00e0stica amb un grip interior. A la zona lumbar incorpora 3 butxaques amb el nou sistema de seguretat ISP \u2013 Inverse Safe Pocket \u2013 on podr\u00e0s guardar una armilla o barretes nutritives sense a por a perdre-les. Addicionalment, t\u00e9 una quarta butxaca amb cremallera perqu\u00e8 guardis els teus objectes m\u00e9s preuats. Gaudeix del ciclisme sense preocupacions. El coll baix i anat\u00f2mic estar\u00e0 sempre en contacte amb el teus cos sense provocar mol\u00e8sties i evitant l\u2019entrada d\u2019aire. L\u2019estructura dels filaments dels teixits garanteix una total expulsi\u00f3 de la suor. Tindr\u00e0s la pell fresca i seca incl\u00fas en els moments de m\u00e9s calor. La teva seguretat \u00e9s molt important per nosaltres. Per aix\u00f2, hem afegit sobre les butxaques uns elements reflectants per augmentar la teva visibilitat a la carretera.","breadcrumb":{"@id":"https:\/\/www.inverseteams.com\/ca\/producte\/mallot-ciclista-maniga-curta-ares-cute-dona\/#breadcrumb"},"inLanguage":"ca","potentialAction":[{"@type":"ReadAction","target":["https:\/\/www.inverseteams.com\/ca\/producte\/mallot-ciclista-maniga-curta-ares-cute-dona\/"]}]},{"@type":"ImageObject","inLanguage":"ca","@id":"https:\/\/www.inverseteams.com\/ca\/producte\/mallot-ciclista-maniga-curta-ares-cute-dona\/#primaryimage","url":"https:\/\/www.inverseteams.com\/wp-content\/uploads\/MAILLOT-CICLISTA-MUJER-ARES-CUTE-1.jpg","contentUrl":"https:\/\/www.inverseteams.com\/wp-content\/uploads\/MAILLOT-CICLISTA-MUJER-ARES-CUTE-1.jpg","width":1500,"height":1612,"caption":"Mallot ciclista m\u00e0niga curta ARES CUTE"},{"@type":"BreadcrumbList","@id":"https:\/\/www.inverseteams.com\/ca\/producte\/mallot-ciclista-maniga-curta-ares-cute-dona\/#breadcrumb","itemListElement":[{"@type":"ListItem","position":1,"name":"Portada","item":"https:\/\/www.inverseteams.com\/ca\/pagina-principal\/"},{"@type":"ListItem","position":2,"name":"Botiga","item":"https:\/\/www.inverseteams.com\/ca\/botiga\/"},{"@type":"ListItem","position":3,"name":"Mallot ciclista m\u00e0niga curta ARES CUTE (DONA)"}]},{"@type":"WebSite","@id":"https:\/\/www.inverseteams.com\/ca\/#website","url":"https:\/\/www.inverseteams.com\/ca\/","name":"Inverseteams","description":"Tu marca de ropa deportiva personalizada","publisher":{"@id":"https:\/\/www.inverseteams.com\/ca\/#organization"},"potentialAction":[{"@type":"SearchAction","target":{"@type":"EntryPoint","urlTemplate":"https:\/\/www.inverseteams.com\/ca\/?s={search_term_string}"},"query-input":{"@type":"PropertyValueSpecification","valueRequired":true,"valueName":"search_term_string"}}],"inLanguage":"ca"},{"@type":"Organization","@id":"https:\/\/www.inverseteams.com\/ca\/#organization","name":"Inverse Teams","url":"https:\/\/www.inverseteams.com\/ca\/","logo":{"@type":"ImageObject","inLanguage":"ca","@id":"https:\/\/www.inverseteams.com\/ca\/#\/schema\/logo\/image\/","url":"https:\/\/www.inverseteams.com\/wp-content\/uploads\/2021\/03\/logo-inverse-teams.png","contentUrl":"https:\/\/www.inverseteams.com\/wp-content\/uploads\/2021\/03\/logo-inverse-teams.png","width":294,"height":99,"caption":"Inverse Teams"},"image":{"@id":"https:\/\/www.inverseteams.com\/ca\/#\/schema\/logo\/image\/"},"sameAs":["https:\/\/www.facebook.com\/inverseteams","http:\/\/instagram.com\/inverseteams","https:\/\/www.linkedin.com\/company\/inverse-cirosport-s-l-?trk=job_view_topcard_company_name","http:\/\/www.pinterest.com\/inverseteams\/","http:\/\/www.youtube.com\/user\/inverseteams?feature=watch"]}]}},"_links":{"self":[{"href":"https:\/\/www.inverseteams.com\/ca\/wp-json\/wp\/v2\/product\/188230","targetHints":{"allow":["GET"]}}],"collection":[{"href":"https:\/\/www.inverseteams.com\/ca\/wp-json\/wp\/v2\/product"}],"about":[{"href":"https:\/\/www.inverseteams.com\/ca\/wp-json\/wp\/v2\/types\/product"}],"replies":[{"embeddable":true,"href":"https:\/\/www.inverseteams.com\/ca\/wp-json\/wp\/v2\/comments?post=188230"}],"wp:featuredmedia":[{"embeddable":true,"href":"https:\/\/www.inverseteams.com\/ca\/wp-json\/wp\/v2\/media\/188022"}],"wp:attachment":[{"href":"https:\/\/www.inverseteams.com\/ca\/wp-json\/wp\/v2\/media?parent=188230"}],"wp:term":[{"taxonomy":"product_brand","embeddable":true,"href":"https:\/\/www.inverseteams.com\/ca\/wp-json\/wp\/v2\/product_brand?post=188230"},{"taxonomy":"product_cat","embeddable":true,"href":"https:\/\/www.inverseteams.com\/ca\/wp-json\/wp\/v2\/product_cat?post=188230"},{"taxonomy":"product_tag","embeddable":true,"href":"https:\/\/www.inverseteams.com\/ca\/wp-json\/wp\/v2\/product_tag?post=188230"},{"taxonomy":"custom_category","embeddable":true,"href":"https:\/\/www.inverseteams.com\/ca\/wp-json\/wp\/v2\/custom_category?post=188230"},{"taxonomy":"range","embeddable":true,"href":"https:\/\/www.inverseteams.com\/ca\/wp-json\/wp\/v2\/range?post=188230"}],"curies":[{"name":"wp","href":"https:\/\/api.w.org\/{rel}","templated":true}]}}