{"id":17477,"date":"2021-05-10T08:32:33","date_gmt":"2021-05-10T09:06:52","guid":{"rendered":"https:\/\/inverseteams.com\/?post_type=product&#038;p=17477"},"modified":"2023-05-05T10:57:27","modified_gmt":"2023-05-05T10:57:27","slug":"banyador-natacio-dona-atlantis","status":"publish","type":"product","link":"https:\/\/www.inverseteams.com\/ca\/producte\/banyador-natacio-dona-atlantis\/","title":{"rendered":"Banyador nataci\u00f3 dona ATLANTIS"},"content":{"rendered":"<p>Gr\u00e0cies al seu bon ajustament i a l&#8217;estructura del teixit aquest banyador ofereix un excel\u00b7lent lliscament per l&#8217;aigua. Destaca per ser s\u00faper resistent al clor i al salnitre, i pel seu r\u00e0pid assecat. Al seu interior incorpora un folre molt fi de tacte agradable que evita rascades i possibles transpar\u00e8ncies.<br \/>\n\u00c9s un banyador ideal per a un \u00fas diari i intens.<\/p>\n","protected":false},"excerpt":{"rendered":"<p>Gr\u00e0cies al seu bon ajustament i a l&#8217;estructura del teixit aquest banyador ofereix un excel\u00b7lent lliscament per l&#8217;aigua. Destaca per ser s\u00faper resistent al clor i al salnitre, i pel seu r\u00e0pid assecat. Al seu interior incorpora un folre molt fi de tacte agradable que evita rascades i possibles transpar\u00e8ncies.<br \/>\n\u00c9s un banyador ideal per a un \u00fas diari i intens.<\/p>\n","protected":false},"featured_media":129149,"comment_status":"closed","ping_status":"closed","template":"","meta":{"_acf_changed":false},"product_brand":[],"product_cat":[8306],"product_tag":[],"custom_category":[3452,3347,3449],"range":[2529],"class_list":{"0":"post-17477","1":"product","2":"type-product","3":"status-publish","4":"has-post-thumbnail","6":"product_cat-uncategorized-ca","7":"pa_climatologia-calor-ca","8":"pa_deporte-natacio","9":"pa_genero-dona","10":"pa_genero-infantil-ca","11":"pa_patronaje-fit-ca","12":"pa_tipo-de-prenda-banyador","13":"custom_category-banyador-natacio-personalitzat","14":"custom_category-esport","15":"custom_category-roba-de-natacio-personalitzada","16":"range-atlantis-ca","18":"first","19":"instock","20":"product-type-custom"},"acf":[],"yoast_head":"<!-- This site is optimized with the Yoast SEO plugin v27.3 - https:\/\/yoast.com\/product\/yoast-seo-wordpress\/ -->\n<title>Banyador nataci\u00f3 dona ATLANTIS<\/title>\n<meta name=\"description\" content=\"Gr\u00e0cies al seu bon ajustament i a l&#039;estructura del teixit aquest banyador ofereix un excel\u00b7lent lliscament per l&#039;aigua. Destaca per ser s\u00faper resistent al clor i al salnitre, i pel seu r\u00e0pid assecat. Al seu interior incorpora un folre molt fi de tacte agradable que evita rascades i possibles transpar\u00e8ncies. \u00c9s un banyador ideal per a un \u00fas diari i intens.\" \/>\n<meta name=\"robots\" content=\"index, follow, max-snippet:-1, max-image-preview:large, max-video-preview:-1\" \/>\n<link rel=\"canonical\" href=\"https:\/\/www.inverseteams.com\/ca\/producte\/banyador-natacio-dona-atlantis\/\" \/>\n<meta property=\"og:locale\" content=\"ca_ES\" \/>\n<meta property=\"og:type\" content=\"article\" \/>\n<meta property=\"og:title\" content=\"Banyador nataci\u00f3 dona ATLANTIS\" \/>\n<meta property=\"og:description\" content=\"Gr\u00e0cies al seu bon ajustament i a l&#039;estructura del teixit aquest banyador ofereix un excel\u00b7lent lliscament per l&#039;aigua. Destaca per ser s\u00faper resistent al clor i al salnitre, i pel seu r\u00e0pid assecat. Al seu interior incorpora un folre molt fi de tacte agradable que evita rascades i possibles transpar\u00e8ncies. \u00c9s un banyador ideal per a un \u00fas diari i intens.\" \/>\n<meta property=\"og:url\" content=\"https:\/\/www.inverseteams.com\/ca\/producte\/banyador-natacio-dona-atlantis\/\" \/>\n<meta property=\"og:site_name\" content=\"Inverseteams\" \/>\n<meta property=\"article:publisher\" content=\"https:\/\/www.facebook.com\/inverseteams\" \/>\n<meta property=\"article:modified_time\" content=\"2023-05-05T10:57:27+00:00\" \/>\n<meta property=\"og:image\" content=\"https:\/\/www.inverseteams.com\/wp-content\/uploads\/BANADOR-NATACION-MUJER-PERSONALIZADO-ATLANTIS-1.jpg\" \/>\n\t<meta property=\"og:image:width\" content=\"3222\" \/>\n\t<meta property=\"og:image:height\" content=\"3462\" \/>\n\t<meta property=\"og:image:type\" content=\"image\/jpeg\" \/>\n<meta name=\"twitter:card\" content=\"summary_large_image\" \/>\n<script type=\"application\/ld+json\" class=\"yoast-schema-graph\">{\"@context\":\"https:\\\/\\\/schema.org\",\"@graph\":[{\"@type\":\"WebPage\",\"@id\":\"https:\\\/\\\/www.inverseteams.com\\\/ca\\\/producte\\\/banyador-natacio-dona-atlantis\\\/\",\"url\":\"https:\\\/\\\/www.inverseteams.com\\\/ca\\\/producte\\\/banyador-natacio-dona-atlantis\\\/\",\"name\":\"Banyador nataci\u00f3 dona ATLANTIS\",\"isPartOf\":{\"@id\":\"https:\\\/\\\/www.inverseteams.com\\\/ca\\\/#website\"},\"primaryImageOfPage\":{\"@id\":\"https:\\\/\\\/www.inverseteams.com\\\/ca\\\/producte\\\/banyador-natacio-dona-atlantis\\\/#primaryimage\"},\"image\":{\"@id\":\"https:\\\/\\\/www.inverseteams.com\\\/ca\\\/producte\\\/banyador-natacio-dona-atlantis\\\/#primaryimage\"},\"thumbnailUrl\":\"https:\\\/\\\/www.inverseteams.com\\\/wp-content\\\/uploads\\\/BANADOR-NATACION-MUJER-PERSONALIZADO-ATLANTIS-1.jpg\",\"datePublished\":\"2021-05-10T09:06:52+00:00\",\"dateModified\":\"2023-05-05T10:57:27+00:00\",\"description\":\"Gr\u00e0cies al seu bon ajustament i a l'estructura del teixit aquest banyador ofereix un excel\u00b7lent lliscament per l'aigua. Destaca per ser s\u00faper resistent al clor i al salnitre, i pel seu r\u00e0pid assecat. Al seu interior incorpora un folre molt fi de tacte agradable que evita rascades i possibles transpar\u00e8ncies. \u00c9s un banyador ideal per a un \u00fas diari i intens.\",\"breadcrumb\":{\"@id\":\"https:\\\/\\\/www.inverseteams.com\\\/ca\\\/producte\\\/banyador-natacio-dona-atlantis\\\/#breadcrumb\"},\"inLanguage\":\"ca\",\"potentialAction\":[{\"@type\":\"ReadAction\",\"target\":[\"https:\\\/\\\/www.inverseteams.com\\\/ca\\\/producte\\\/banyador-natacio-dona-atlantis\\\/\"]}]},{\"@type\":\"ImageObject\",\"inLanguage\":\"ca\",\"@id\":\"https:\\\/\\\/www.inverseteams.com\\\/ca\\\/producte\\\/banyador-natacio-dona-atlantis\\\/#primaryimage\",\"url\":\"https:\\\/\\\/www.inverseteams.com\\\/wp-content\\\/uploads\\\/BANADOR-NATACION-MUJER-PERSONALIZADO-ATLANTIS-1.jpg\",\"contentUrl\":\"https:\\\/\\\/www.inverseteams.com\\\/wp-content\\\/uploads\\\/BANADOR-NATACION-MUJER-PERSONALIZADO-ATLANTIS-1.jpg\",\"width\":3222,\"height\":3462,\"caption\":\"ba\u00f1ador natacion mujer personalizable\"},{\"@type\":\"BreadcrumbList\",\"@id\":\"https:\\\/\\\/www.inverseteams.com\\\/ca\\\/producte\\\/banyador-natacio-dona-atlantis\\\/#breadcrumb\",\"itemListElement\":[{\"@type\":\"ListItem\",\"position\":1,\"name\":\"Portada\",\"item\":\"https:\\\/\\\/www.inverseteams.com\\\/ca\\\/pagina-principal\\\/\"},{\"@type\":\"ListItem\",\"position\":2,\"name\":\"Botiga\",\"item\":\"https:\\\/\\\/www.inverseteams.com\\\/ca\\\/botiga\\\/\"},{\"@type\":\"ListItem\",\"position\":3,\"name\":\"Banyador nataci\u00f3 dona ATLANTIS\"}]},{\"@type\":\"WebSite\",\"@id\":\"https:\\\/\\\/www.inverseteams.com\\\/ca\\\/#website\",\"url\":\"https:\\\/\\\/www.inverseteams.com\\\/ca\\\/\",\"name\":\"Inverseteams\",\"description\":\"Tu marca de ropa deportiva personalizada\",\"publisher\":{\"@id\":\"https:\\\/\\\/www.inverseteams.com\\\/ca\\\/#organization\"},\"potentialAction\":[{\"@type\":\"SearchAction\",\"target\":{\"@type\":\"EntryPoint\",\"urlTemplate\":\"https:\\\/\\\/www.inverseteams.com\\\/ca\\\/?s={search_term_string}\"},\"query-input\":{\"@type\":\"PropertyValueSpecification\",\"valueRequired\":true,\"valueName\":\"search_term_string\"}}],\"inLanguage\":\"ca\"},{\"@type\":\"Organization\",\"@id\":\"https:\\\/\\\/www.inverseteams.com\\\/ca\\\/#organization\",\"name\":\"Inverse Teams\",\"url\":\"https:\\\/\\\/www.inverseteams.com\\\/ca\\\/\",\"logo\":{\"@type\":\"ImageObject\",\"inLanguage\":\"ca\",\"@id\":\"https:\\\/\\\/www.inverseteams.com\\\/ca\\\/#\\\/schema\\\/logo\\\/image\\\/\",\"url\":\"http:\\\/\\\/www.inverseteams.com\\\/wp-content\\\/uploads\\\/2021\\\/03\\\/logo-inverse-teams.png\",\"contentUrl\":\"http:\\\/\\\/www.inverseteams.com\\\/wp-content\\\/uploads\\\/2021\\\/03\\\/logo-inverse-teams.png\",\"width\":294,\"height\":99,\"caption\":\"Inverse Teams\"},\"image\":{\"@id\":\"https:\\\/\\\/www.inverseteams.com\\\/ca\\\/#\\\/schema\\\/logo\\\/image\\\/\"},\"sameAs\":[\"https:\\\/\\\/www.facebook.com\\\/inverseteams\",\"http:\\\/\\\/instagram.com\\\/inverseteams\",\"https:\\\/\\\/www.linkedin.com\\\/company\\\/inverse-cirosport-s-l-?trk=job_view_topcard_company_name\",\"http:\\\/\\\/www.pinterest.com\\\/inverseteams\\\/\",\"http:\\\/\\\/www.youtube.com\\\/user\\\/inverseteams?feature=watch\"]}]}<\/script>\n<!-- \/ Yoast SEO plugin. -->","yoast_head_json":{"title":"Banyador nataci\u00f3 dona ATLANTIS","description":"Gr\u00e0cies al seu bon ajustament i a l'estructura del teixit aquest banyador ofereix un excel\u00b7lent lliscament per l'aigua. Destaca per ser s\u00faper resistent al clor i al salnitre, i pel seu r\u00e0pid assecat. Al seu interior incorpora un folre molt fi de tacte agradable que evita rascades i possibles transpar\u00e8ncies. \u00c9s un banyador ideal per a un \u00fas diari i intens.","robots":{"index":"index","follow":"follow","max-snippet":"max-snippet:-1","max-image-preview":"max-image-preview:large","max-video-preview":"max-video-preview:-1"},"canonical":"https:\/\/www.inverseteams.com\/ca\/producte\/banyador-natacio-dona-atlantis\/","og_locale":"ca_ES","og_type":"article","og_title":"Banyador nataci\u00f3 dona ATLANTIS","og_description":"Gr\u00e0cies al seu bon ajustament i a l'estructura del teixit aquest banyador ofereix un excel\u00b7lent lliscament per l'aigua. Destaca per ser s\u00faper resistent al clor i al salnitre, i pel seu r\u00e0pid assecat. Al seu interior incorpora un folre molt fi de tacte agradable que evita rascades i possibles transpar\u00e8ncies. \u00c9s un banyador ideal per a un \u00fas diari i intens.","og_url":"https:\/\/www.inverseteams.com\/ca\/producte\/banyador-natacio-dona-atlantis\/","og_site_name":"Inverseteams","article_publisher":"https:\/\/www.facebook.com\/inverseteams","article_modified_time":"2023-05-05T10:57:27+00:00","og_image":[{"width":3222,"height":3462,"url":"https:\/\/www.inverseteams.com\/wp-content\/uploads\/BANADOR-NATACION-MUJER-PERSONALIZADO-ATLANTIS-1.jpg","type":"image\/jpeg"}],"twitter_card":"summary_large_image","schema":{"@context":"https:\/\/schema.org","@graph":[{"@type":"WebPage","@id":"https:\/\/www.inverseteams.com\/ca\/producte\/banyador-natacio-dona-atlantis\/","url":"https:\/\/www.inverseteams.com\/ca\/producte\/banyador-natacio-dona-atlantis\/","name":"Banyador nataci\u00f3 dona ATLANTIS","isPartOf":{"@id":"https:\/\/www.inverseteams.com\/ca\/#website"},"primaryImageOfPage":{"@id":"https:\/\/www.inverseteams.com\/ca\/producte\/banyador-natacio-dona-atlantis\/#primaryimage"},"image":{"@id":"https:\/\/www.inverseteams.com\/ca\/producte\/banyador-natacio-dona-atlantis\/#primaryimage"},"thumbnailUrl":"https:\/\/www.inverseteams.com\/wp-content\/uploads\/BANADOR-NATACION-MUJER-PERSONALIZADO-ATLANTIS-1.jpg","datePublished":"2021-05-10T09:06:52+00:00","dateModified":"2023-05-05T10:57:27+00:00","description":"Gr\u00e0cies al seu bon ajustament i a l'estructura del teixit aquest banyador ofereix un excel\u00b7lent lliscament per l'aigua. Destaca per ser s\u00faper resistent al clor i al salnitre, i pel seu r\u00e0pid assecat. Al seu interior incorpora un folre molt fi de tacte agradable que evita rascades i possibles transpar\u00e8ncies. \u00c9s un banyador ideal per a un \u00fas diari i intens.","breadcrumb":{"@id":"https:\/\/www.inverseteams.com\/ca\/producte\/banyador-natacio-dona-atlantis\/#breadcrumb"},"inLanguage":"ca","potentialAction":[{"@type":"ReadAction","target":["https:\/\/www.inverseteams.com\/ca\/producte\/banyador-natacio-dona-atlantis\/"]}]},{"@type":"ImageObject","inLanguage":"ca","@id":"https:\/\/www.inverseteams.com\/ca\/producte\/banyador-natacio-dona-atlantis\/#primaryimage","url":"https:\/\/www.inverseteams.com\/wp-content\/uploads\/BANADOR-NATACION-MUJER-PERSONALIZADO-ATLANTIS-1.jpg","contentUrl":"https:\/\/www.inverseteams.com\/wp-content\/uploads\/BANADOR-NATACION-MUJER-PERSONALIZADO-ATLANTIS-1.jpg","width":3222,"height":3462,"caption":"ba\u00f1ador natacion mujer personalizable"},{"@type":"BreadcrumbList","@id":"https:\/\/www.inverseteams.com\/ca\/producte\/banyador-natacio-dona-atlantis\/#breadcrumb","itemListElement":[{"@type":"ListItem","position":1,"name":"Portada","item":"https:\/\/www.inverseteams.com\/ca\/pagina-principal\/"},{"@type":"ListItem","position":2,"name":"Botiga","item":"https:\/\/www.inverseteams.com\/ca\/botiga\/"},{"@type":"ListItem","position":3,"name":"Banyador nataci\u00f3 dona ATLANTIS"}]},{"@type":"WebSite","@id":"https:\/\/www.inverseteams.com\/ca\/#website","url":"https:\/\/www.inverseteams.com\/ca\/","name":"Inverseteams","description":"Tu marca de ropa deportiva personalizada","publisher":{"@id":"https:\/\/www.inverseteams.com\/ca\/#organization"},"potentialAction":[{"@type":"SearchAction","target":{"@type":"EntryPoint","urlTemplate":"https:\/\/www.inverseteams.com\/ca\/?s={search_term_string}"},"query-input":{"@type":"PropertyValueSpecification","valueRequired":true,"valueName":"search_term_string"}}],"inLanguage":"ca"},{"@type":"Organization","@id":"https:\/\/www.inverseteams.com\/ca\/#organization","name":"Inverse Teams","url":"https:\/\/www.inverseteams.com\/ca\/","logo":{"@type":"ImageObject","inLanguage":"ca","@id":"https:\/\/www.inverseteams.com\/ca\/#\/schema\/logo\/image\/","url":"https:\/\/www.inverseteams.com\/wp-content\/uploads\/2021\/03\/logo-inverse-teams.png","contentUrl":"https:\/\/www.inverseteams.com\/wp-content\/uploads\/2021\/03\/logo-inverse-teams.png","width":294,"height":99,"caption":"Inverse Teams"},"image":{"@id":"https:\/\/www.inverseteams.com\/ca\/#\/schema\/logo\/image\/"},"sameAs":["https:\/\/www.facebook.com\/inverseteams","http:\/\/instagram.com\/inverseteams","https:\/\/www.linkedin.com\/company\/inverse-cirosport-s-l-?trk=job_view_topcard_company_name","http:\/\/www.pinterest.com\/inverseteams\/","http:\/\/www.youtube.com\/user\/inverseteams?feature=watch"]}]}},"_links":{"self":[{"href":"https:\/\/www.inverseteams.com\/ca\/wp-json\/wp\/v2\/product\/17477","targetHints":{"allow":["GET"]}}],"collection":[{"href":"https:\/\/www.inverseteams.com\/ca\/wp-json\/wp\/v2\/product"}],"about":[{"href":"https:\/\/www.inverseteams.com\/ca\/wp-json\/wp\/v2\/types\/product"}],"replies":[{"embeddable":true,"href":"https:\/\/www.inverseteams.com\/ca\/wp-json\/wp\/v2\/comments?post=17477"}],"wp:featuredmedia":[{"embeddable":true,"href":"https:\/\/www.inverseteams.com\/ca\/wp-json\/wp\/v2\/media\/129149"}],"wp:attachment":[{"href":"https:\/\/www.inverseteams.com\/ca\/wp-json\/wp\/v2\/media?parent=17477"}],"wp:term":[{"taxonomy":"product_brand","embeddable":true,"href":"https:\/\/www.inverseteams.com\/ca\/wp-json\/wp\/v2\/product_brand?post=17477"},{"taxonomy":"product_cat","embeddable":true,"href":"https:\/\/www.inverseteams.com\/ca\/wp-json\/wp\/v2\/product_cat?post=17477"},{"taxonomy":"product_tag","embeddable":true,"href":"https:\/\/www.inverseteams.com\/ca\/wp-json\/wp\/v2\/product_tag?post=17477"},{"taxonomy":"custom_category","embeddable":true,"href":"https:\/\/www.inverseteams.com\/ca\/wp-json\/wp\/v2\/custom_category?post=17477"},{"taxonomy":"range","embeddable":true,"href":"https:\/\/www.inverseteams.com\/ca\/wp-json\/wp\/v2\/range?post=17477"}],"curies":[{"name":"wp","href":"https:\/\/api.w.org\/{rel}","templated":true}]}}