{"id":17476,"date":"2021-05-10T08:32:26","date_gmt":"2021-05-10T09:06:52","guid":{"rendered":"https:\/\/inverseteams.com\/?post_type=product&#038;p=17476"},"modified":"2023-10-03T07:06:58","modified_gmt":"2023-10-03T07:06:58","slug":"culot-spinning-sense-tirants-work-out","status":"publish","type":"product","link":"https:\/\/www.inverseteams.com\/ca\/producte\/culot-spinning-sense-tirants-work-out\/","title":{"rendered":"Culot spinning sense tirants WORK OUT"},"content":{"rendered":"<p>La seva elasticitat i lleugeresa et permetran una gran llibertat de moviments. Els panells del culot ciclista estan dissenyats perqu\u00e8 s&#8217;adaptin perfectament a les diferents posicions de la pedalada. No notar\u00e0s cap resist\u00e8ncia. A la cintura t\u00e9 una goma el\u00e0stica per mantenir la pe\u00e7a ben subjecta sense incomodar.<br \/>\nAl final de les cames t\u00e9 una banda el\u00e0stica microperforada amb un grip de silicona hipoal\u00b7lerg\u00e8nica al seu interior. Aquesta evita que augmenti la sudoraci\u00f3 i mant\u00e9 la pe\u00e7a ben subjecta a la cama. A l&#8217;exterior t\u00e9 unes l\u00ednies reflectants 360\u00ba que augmentaran la teva seguretat ja que reflectiran la llum dels vehicles en cas que facis servir el culot per entrenar per la carretera.<\/p>\n","protected":false},"excerpt":{"rendered":"<p>La seva elasticitat i lleugeresa et permetran una gran llibertat de moviments. Els panells del culot ciclista estan dissenyats perqu\u00e8 s&#8217;adaptin perfectament a les diferents posicions de la pedalada. No notar\u00e0s cap resist\u00e8ncia. A la cintura t\u00e9 una goma el\u00e0stica per mantenir la pe\u00e7a ben subjecta sense incomodar.<br \/>\nAl final de les cames t\u00e9 una banda el\u00e0stica microperforada amb un grip de silicona hipoal\u00b7lerg\u00e8nica al seu interior. Aquesta evita que augmenti la sudoraci\u00f3 i mant\u00e9 la pe\u00e7a ben subjecta a la cama. A l&#8217;exterior t\u00e9 unes l\u00ednies reflectants 360\u00ba que augmentaran la teva seguretat ja que reflectiran la llum dels vehicles en cas que facis servir el culot per entrenar per la carretera.<\/p>\n","protected":false},"featured_media":141173,"comment_status":"closed","ping_status":"closed","template":"","meta":{"_acf_changed":false},"product_brand":[],"product_cat":[8306],"product_tag":[],"custom_category":[3347,3440,3434],"range":[2531],"class_list":{"0":"post-17476","1":"product","2":"type-product","3":"status-publish","4":"has-post-thumbnail","6":"product_cat-uncategorized-ca","7":"pa_climatologia-calor-ca","8":"pa_climatologia-temperatura-temperada","9":"pa_deporte-fitness-ca","10":"pa_genero-home","11":"pa_genero-dona","12":"pa_genero-infantil-ca","13":"pa_patronaje-fit-ca","14":"pa_tipo-de-prenda-culot-curt","15":"custom_category-esport","16":"custom_category-culot-spinning-personalitzat","17":"custom_category-roba-de-fitness-personalitzada","18":"range-work-out-ca","20":"first","21":"instock","22":"product-type-custom"},"acf":[],"yoast_head":"<!-- This site is optimized with the Yoast SEO plugin v27.3 - https:\/\/yoast.com\/product\/yoast-seo-wordpress\/ -->\n<title>Culot spinning sense tirants WORK OUT<\/title>\n<meta name=\"description\" content=\"La seva elasticitat i lleugeresa et permetran una gran llibertat de moviments. Els panells del culot ciclista estan dissenyats perqu\u00e8 s&#039;adaptin perfectament a les diferents posicions de la pedalada. No notar\u00e0s cap resist\u00e8ncia. A la cintura t\u00e9 una goma el\u00e0stica per mantenir la pe\u00e7a ben subjecta sense incomodar. Al final de les cames t\u00e9 una banda el\u00e0stica microperforada amb un grip de silicona hipoal\u00b7lerg\u00e8nica al seu interior. Aquesta evita que augmenti la sudoraci\u00f3 i mant\u00e9 la pe\u00e7a ben subjecta a la cama. A l&#039;exterior t\u00e9 unes l\u00ednies reflectants 360\u00ba que augmentaran la teva seguretat ja que reflectiran la llum dels vehicles en cas que facis servir el culot per entrenar per la carretera.\" \/>\n<meta name=\"robots\" content=\"index, follow, max-snippet:-1, max-image-preview:large, max-video-preview:-1\" \/>\n<link rel=\"canonical\" href=\"https:\/\/www.inverseteams.com\/ca\/producte\/culot-spinning-sense-tirants-work-out\/\" \/>\n<meta property=\"og:locale\" content=\"ca_ES\" \/>\n<meta property=\"og:type\" content=\"article\" \/>\n<meta property=\"og:title\" content=\"Culot spinning sense tirants WORK OUT\" \/>\n<meta property=\"og:description\" content=\"La seva elasticitat i lleugeresa et permetran una gran llibertat de moviments. Els panells del culot ciclista estan dissenyats perqu\u00e8 s&#039;adaptin perfectament a les diferents posicions de la pedalada. No notar\u00e0s cap resist\u00e8ncia. A la cintura t\u00e9 una goma el\u00e0stica per mantenir la pe\u00e7a ben subjecta sense incomodar. Al final de les cames t\u00e9 una banda el\u00e0stica microperforada amb un grip de silicona hipoal\u00b7lerg\u00e8nica al seu interior. Aquesta evita que augmenti la sudoraci\u00f3 i mant\u00e9 la pe\u00e7a ben subjecta a la cama. A l&#039;exterior t\u00e9 unes l\u00ednies reflectants 360\u00ba que augmentaran la teva seguretat ja que reflectiran la llum dels vehicles en cas que facis servir el culot per entrenar per la carretera.\" \/>\n<meta property=\"og:url\" content=\"https:\/\/www.inverseteams.com\/ca\/producte\/culot-spinning-sense-tirants-work-out\/\" \/>\n<meta property=\"og:site_name\" content=\"Inverseteams\" \/>\n<meta property=\"article:publisher\" content=\"https:\/\/www.facebook.com\/inverseteams\" \/>\n<meta property=\"article:modified_time\" content=\"2023-10-03T07:06:58+00:00\" \/>\n<meta property=\"og:image\" content=\"https:\/\/www.inverseteams.com\/wp-content\/uploads\/CULOTTE-SPINNING-WORK-OUT-1.jpg\" \/>\n\t<meta property=\"og:image:width\" content=\"3222\" \/>\n\t<meta property=\"og:image:height\" content=\"3462\" \/>\n\t<meta property=\"og:image:type\" content=\"image\/jpeg\" \/>\n<meta name=\"twitter:card\" content=\"summary_large_image\" \/>\n<meta name=\"twitter:label1\" content=\"Temps estimat de lectura\" \/>\n\t<meta name=\"twitter:data1\" content=\"1 minut\" \/>\n<script type=\"application\/ld+json\" class=\"yoast-schema-graph\">{\"@context\":\"https:\\\/\\\/schema.org\",\"@graph\":[{\"@type\":\"WebPage\",\"@id\":\"https:\\\/\\\/www.inverseteams.com\\\/ca\\\/producte\\\/culot-spinning-sense-tirants-work-out\\\/\",\"url\":\"https:\\\/\\\/www.inverseteams.com\\\/ca\\\/producte\\\/culot-spinning-sense-tirants-work-out\\\/\",\"name\":\"Culot spinning sense tirants WORK OUT\",\"isPartOf\":{\"@id\":\"https:\\\/\\\/www.inverseteams.com\\\/ca\\\/#website\"},\"primaryImageOfPage\":{\"@id\":\"https:\\\/\\\/www.inverseteams.com\\\/ca\\\/producte\\\/culot-spinning-sense-tirants-work-out\\\/#primaryimage\"},\"image\":{\"@id\":\"https:\\\/\\\/www.inverseteams.com\\\/ca\\\/producte\\\/culot-spinning-sense-tirants-work-out\\\/#primaryimage\"},\"thumbnailUrl\":\"https:\\\/\\\/www.inverseteams.com\\\/wp-content\\\/uploads\\\/CULOTTE-SPINNING-WORK-OUT-1.jpg\",\"datePublished\":\"2021-05-10T09:06:52+00:00\",\"dateModified\":\"2023-10-03T07:06:58+00:00\",\"description\":\"La seva elasticitat i lleugeresa et permetran una gran llibertat de moviments. Els panells del culot ciclista estan dissenyats perqu\u00e8 s'adaptin perfectament a les diferents posicions de la pedalada. No notar\u00e0s cap resist\u00e8ncia. A la cintura t\u00e9 una goma el\u00e0stica per mantenir la pe\u00e7a ben subjecta sense incomodar. Al final de les cames t\u00e9 una banda el\u00e0stica microperforada amb un grip de silicona hipoal\u00b7lerg\u00e8nica al seu interior. Aquesta evita que augmenti la sudoraci\u00f3 i mant\u00e9 la pe\u00e7a ben subjecta a la cama. A l'exterior t\u00e9 unes l\u00ednies reflectants 360\u00ba que augmentaran la teva seguretat ja que reflectiran la llum dels vehicles en cas que facis servir el culot per entrenar per la carretera.\",\"breadcrumb\":{\"@id\":\"https:\\\/\\\/www.inverseteams.com\\\/ca\\\/producte\\\/culot-spinning-sense-tirants-work-out\\\/#breadcrumb\"},\"inLanguage\":\"ca\",\"potentialAction\":[{\"@type\":\"ReadAction\",\"target\":[\"https:\\\/\\\/www.inverseteams.com\\\/ca\\\/producte\\\/culot-spinning-sense-tirants-work-out\\\/\"]}]},{\"@type\":\"ImageObject\",\"inLanguage\":\"ca\",\"@id\":\"https:\\\/\\\/www.inverseteams.com\\\/ca\\\/producte\\\/culot-spinning-sense-tirants-work-out\\\/#primaryimage\",\"url\":\"https:\\\/\\\/www.inverseteams.com\\\/wp-content\\\/uploads\\\/CULOTTE-SPINNING-WORK-OUT-1.jpg\",\"contentUrl\":\"https:\\\/\\\/www.inverseteams.com\\\/wp-content\\\/uploads\\\/CULOTTE-SPINNING-WORK-OUT-1.jpg\",\"width\":3222,\"height\":3462,\"caption\":\"culotte spinning personalizado\"},{\"@type\":\"BreadcrumbList\",\"@id\":\"https:\\\/\\\/www.inverseteams.com\\\/ca\\\/producte\\\/culot-spinning-sense-tirants-work-out\\\/#breadcrumb\",\"itemListElement\":[{\"@type\":\"ListItem\",\"position\":1,\"name\":\"Portada\",\"item\":\"https:\\\/\\\/www.inverseteams.com\\\/ca\\\/pagina-principal\\\/\"},{\"@type\":\"ListItem\",\"position\":2,\"name\":\"Botiga\",\"item\":\"https:\\\/\\\/www.inverseteams.com\\\/ca\\\/botiga\\\/\"},{\"@type\":\"ListItem\",\"position\":3,\"name\":\"Culot spinning sense tirants WORK OUT\"}]},{\"@type\":\"WebSite\",\"@id\":\"https:\\\/\\\/www.inverseteams.com\\\/ca\\\/#website\",\"url\":\"https:\\\/\\\/www.inverseteams.com\\\/ca\\\/\",\"name\":\"Inverseteams\",\"description\":\"Tu marca de ropa deportiva personalizada\",\"publisher\":{\"@id\":\"https:\\\/\\\/www.inverseteams.com\\\/ca\\\/#organization\"},\"potentialAction\":[{\"@type\":\"SearchAction\",\"target\":{\"@type\":\"EntryPoint\",\"urlTemplate\":\"https:\\\/\\\/www.inverseteams.com\\\/ca\\\/?s={search_term_string}\"},\"query-input\":{\"@type\":\"PropertyValueSpecification\",\"valueRequired\":true,\"valueName\":\"search_term_string\"}}],\"inLanguage\":\"ca\"},{\"@type\":\"Organization\",\"@id\":\"https:\\\/\\\/www.inverseteams.com\\\/ca\\\/#organization\",\"name\":\"Inverse Teams\",\"url\":\"https:\\\/\\\/www.inverseteams.com\\\/ca\\\/\",\"logo\":{\"@type\":\"ImageObject\",\"inLanguage\":\"ca\",\"@id\":\"https:\\\/\\\/www.inverseteams.com\\\/ca\\\/#\\\/schema\\\/logo\\\/image\\\/\",\"url\":\"http:\\\/\\\/www.inverseteams.com\\\/wp-content\\\/uploads\\\/2021\\\/03\\\/logo-inverse-teams.png\",\"contentUrl\":\"http:\\\/\\\/www.inverseteams.com\\\/wp-content\\\/uploads\\\/2021\\\/03\\\/logo-inverse-teams.png\",\"width\":294,\"height\":99,\"caption\":\"Inverse Teams\"},\"image\":{\"@id\":\"https:\\\/\\\/www.inverseteams.com\\\/ca\\\/#\\\/schema\\\/logo\\\/image\\\/\"},\"sameAs\":[\"https:\\\/\\\/www.facebook.com\\\/inverseteams\",\"http:\\\/\\\/instagram.com\\\/inverseteams\",\"https:\\\/\\\/www.linkedin.com\\\/company\\\/inverse-cirosport-s-l-?trk=job_view_topcard_company_name\",\"http:\\\/\\\/www.pinterest.com\\\/inverseteams\\\/\",\"http:\\\/\\\/www.youtube.com\\\/user\\\/inverseteams?feature=watch\"]}]}<\/script>\n<!-- \/ Yoast SEO plugin. -->","yoast_head_json":{"title":"Culot spinning sense tirants WORK OUT","description":"La seva elasticitat i lleugeresa et permetran una gran llibertat de moviments. Els panells del culot ciclista estan dissenyats perqu\u00e8 s'adaptin perfectament a les diferents posicions de la pedalada. No notar\u00e0s cap resist\u00e8ncia. A la cintura t\u00e9 una goma el\u00e0stica per mantenir la pe\u00e7a ben subjecta sense incomodar. Al final de les cames t\u00e9 una banda el\u00e0stica microperforada amb un grip de silicona hipoal\u00b7lerg\u00e8nica al seu interior. Aquesta evita que augmenti la sudoraci\u00f3 i mant\u00e9 la pe\u00e7a ben subjecta a la cama. A l'exterior t\u00e9 unes l\u00ednies reflectants 360\u00ba que augmentaran la teva seguretat ja que reflectiran la llum dels vehicles en cas que facis servir el culot per entrenar per la carretera.","robots":{"index":"index","follow":"follow","max-snippet":"max-snippet:-1","max-image-preview":"max-image-preview:large","max-video-preview":"max-video-preview:-1"},"canonical":"https:\/\/www.inverseteams.com\/ca\/producte\/culot-spinning-sense-tirants-work-out\/","og_locale":"ca_ES","og_type":"article","og_title":"Culot spinning sense tirants WORK OUT","og_description":"La seva elasticitat i lleugeresa et permetran una gran llibertat de moviments. Els panells del culot ciclista estan dissenyats perqu\u00e8 s'adaptin perfectament a les diferents posicions de la pedalada. No notar\u00e0s cap resist\u00e8ncia. A la cintura t\u00e9 una goma el\u00e0stica per mantenir la pe\u00e7a ben subjecta sense incomodar. Al final de les cames t\u00e9 una banda el\u00e0stica microperforada amb un grip de silicona hipoal\u00b7lerg\u00e8nica al seu interior. Aquesta evita que augmenti la sudoraci\u00f3 i mant\u00e9 la pe\u00e7a ben subjecta a la cama. A l'exterior t\u00e9 unes l\u00ednies reflectants 360\u00ba que augmentaran la teva seguretat ja que reflectiran la llum dels vehicles en cas que facis servir el culot per entrenar per la carretera.","og_url":"https:\/\/www.inverseteams.com\/ca\/producte\/culot-spinning-sense-tirants-work-out\/","og_site_name":"Inverseteams","article_publisher":"https:\/\/www.facebook.com\/inverseteams","article_modified_time":"2023-10-03T07:06:58+00:00","og_image":[{"width":3222,"height":3462,"url":"https:\/\/www.inverseteams.com\/wp-content\/uploads\/CULOTTE-SPINNING-WORK-OUT-1.jpg","type":"image\/jpeg"}],"twitter_card":"summary_large_image","twitter_misc":{"Temps estimat de lectura":"1 minut"},"schema":{"@context":"https:\/\/schema.org","@graph":[{"@type":"WebPage","@id":"https:\/\/www.inverseteams.com\/ca\/producte\/culot-spinning-sense-tirants-work-out\/","url":"https:\/\/www.inverseteams.com\/ca\/producte\/culot-spinning-sense-tirants-work-out\/","name":"Culot spinning sense tirants WORK OUT","isPartOf":{"@id":"https:\/\/www.inverseteams.com\/ca\/#website"},"primaryImageOfPage":{"@id":"https:\/\/www.inverseteams.com\/ca\/producte\/culot-spinning-sense-tirants-work-out\/#primaryimage"},"image":{"@id":"https:\/\/www.inverseteams.com\/ca\/producte\/culot-spinning-sense-tirants-work-out\/#primaryimage"},"thumbnailUrl":"https:\/\/www.inverseteams.com\/wp-content\/uploads\/CULOTTE-SPINNING-WORK-OUT-1.jpg","datePublished":"2021-05-10T09:06:52+00:00","dateModified":"2023-10-03T07:06:58+00:00","description":"La seva elasticitat i lleugeresa et permetran una gran llibertat de moviments. Els panells del culot ciclista estan dissenyats perqu\u00e8 s'adaptin perfectament a les diferents posicions de la pedalada. No notar\u00e0s cap resist\u00e8ncia. A la cintura t\u00e9 una goma el\u00e0stica per mantenir la pe\u00e7a ben subjecta sense incomodar. Al final de les cames t\u00e9 una banda el\u00e0stica microperforada amb un grip de silicona hipoal\u00b7lerg\u00e8nica al seu interior. Aquesta evita que augmenti la sudoraci\u00f3 i mant\u00e9 la pe\u00e7a ben subjecta a la cama. A l'exterior t\u00e9 unes l\u00ednies reflectants 360\u00ba que augmentaran la teva seguretat ja que reflectiran la llum dels vehicles en cas que facis servir el culot per entrenar per la carretera.","breadcrumb":{"@id":"https:\/\/www.inverseteams.com\/ca\/producte\/culot-spinning-sense-tirants-work-out\/#breadcrumb"},"inLanguage":"ca","potentialAction":[{"@type":"ReadAction","target":["https:\/\/www.inverseteams.com\/ca\/producte\/culot-spinning-sense-tirants-work-out\/"]}]},{"@type":"ImageObject","inLanguage":"ca","@id":"https:\/\/www.inverseteams.com\/ca\/producte\/culot-spinning-sense-tirants-work-out\/#primaryimage","url":"https:\/\/www.inverseteams.com\/wp-content\/uploads\/CULOTTE-SPINNING-WORK-OUT-1.jpg","contentUrl":"https:\/\/www.inverseteams.com\/wp-content\/uploads\/CULOTTE-SPINNING-WORK-OUT-1.jpg","width":3222,"height":3462,"caption":"culotte spinning personalizado"},{"@type":"BreadcrumbList","@id":"https:\/\/www.inverseteams.com\/ca\/producte\/culot-spinning-sense-tirants-work-out\/#breadcrumb","itemListElement":[{"@type":"ListItem","position":1,"name":"Portada","item":"https:\/\/www.inverseteams.com\/ca\/pagina-principal\/"},{"@type":"ListItem","position":2,"name":"Botiga","item":"https:\/\/www.inverseteams.com\/ca\/botiga\/"},{"@type":"ListItem","position":3,"name":"Culot spinning sense tirants WORK OUT"}]},{"@type":"WebSite","@id":"https:\/\/www.inverseteams.com\/ca\/#website","url":"https:\/\/www.inverseteams.com\/ca\/","name":"Inverseteams","description":"Tu marca de ropa deportiva personalizada","publisher":{"@id":"https:\/\/www.inverseteams.com\/ca\/#organization"},"potentialAction":[{"@type":"SearchAction","target":{"@type":"EntryPoint","urlTemplate":"https:\/\/www.inverseteams.com\/ca\/?s={search_term_string}"},"query-input":{"@type":"PropertyValueSpecification","valueRequired":true,"valueName":"search_term_string"}}],"inLanguage":"ca"},{"@type":"Organization","@id":"https:\/\/www.inverseteams.com\/ca\/#organization","name":"Inverse Teams","url":"https:\/\/www.inverseteams.com\/ca\/","logo":{"@type":"ImageObject","inLanguage":"ca","@id":"https:\/\/www.inverseteams.com\/ca\/#\/schema\/logo\/image\/","url":"https:\/\/www.inverseteams.com\/wp-content\/uploads\/2021\/03\/logo-inverse-teams.png","contentUrl":"https:\/\/www.inverseteams.com\/wp-content\/uploads\/2021\/03\/logo-inverse-teams.png","width":294,"height":99,"caption":"Inverse Teams"},"image":{"@id":"https:\/\/www.inverseteams.com\/ca\/#\/schema\/logo\/image\/"},"sameAs":["https:\/\/www.facebook.com\/inverseteams","http:\/\/instagram.com\/inverseteams","https:\/\/www.linkedin.com\/company\/inverse-cirosport-s-l-?trk=job_view_topcard_company_name","http:\/\/www.pinterest.com\/inverseteams\/","http:\/\/www.youtube.com\/user\/inverseteams?feature=watch"]}]}},"_links":{"self":[{"href":"https:\/\/www.inverseteams.com\/ca\/wp-json\/wp\/v2\/product\/17476","targetHints":{"allow":["GET"]}}],"collection":[{"href":"https:\/\/www.inverseteams.com\/ca\/wp-json\/wp\/v2\/product"}],"about":[{"href":"https:\/\/www.inverseteams.com\/ca\/wp-json\/wp\/v2\/types\/product"}],"replies":[{"embeddable":true,"href":"https:\/\/www.inverseteams.com\/ca\/wp-json\/wp\/v2\/comments?post=17476"}],"wp:featuredmedia":[{"embeddable":true,"href":"https:\/\/www.inverseteams.com\/ca\/wp-json\/wp\/v2\/media\/141173"}],"wp:attachment":[{"href":"https:\/\/www.inverseteams.com\/ca\/wp-json\/wp\/v2\/media?parent=17476"}],"wp:term":[{"taxonomy":"product_brand","embeddable":true,"href":"https:\/\/www.inverseteams.com\/ca\/wp-json\/wp\/v2\/product_brand?post=17476"},{"taxonomy":"product_cat","embeddable":true,"href":"https:\/\/www.inverseteams.com\/ca\/wp-json\/wp\/v2\/product_cat?post=17476"},{"taxonomy":"product_tag","embeddable":true,"href":"https:\/\/www.inverseteams.com\/ca\/wp-json\/wp\/v2\/product_tag?post=17476"},{"taxonomy":"custom_category","embeddable":true,"href":"https:\/\/www.inverseteams.com\/ca\/wp-json\/wp\/v2\/custom_category?post=17476"},{"taxonomy":"range","embeddable":true,"href":"https:\/\/www.inverseteams.com\/ca\/wp-json\/wp\/v2\/range?post=17476"}],"curies":[{"name":"wp","href":"https:\/\/api.w.org\/{rel}","templated":true}]}}