{"id":17463,"date":"2021-05-10T08:32:12","date_gmt":"2021-05-10T09:06:33","guid":{"rendered":"https:\/\/inverseteams.com\/?post_type=product&#038;p=17463"},"modified":"2023-10-02T12:53:17","modified_gmt":"2023-10-02T12:53:17","slug":"samarreta-de-tirants-crosstraining-hard-home","status":"publish","type":"product","link":"https:\/\/www.inverseteams.com\/ca\/producte\/samarreta-de-tirants-crosstraining-hard-home\/","title":{"rendered":"Samarreta de tirants crosstraining HARD (HOME)"},"content":{"rendered":"<p>El seu patronatge, lleugeresa i suavitat et faran sentir molt confortable durant l&#8217;entrenament.<br \/>\nL&#8217;acabat Dual Confort System del teixit regula la temperatura corporal i evita el sobreescalfament de la pell. A m\u00e9s, l&#8217;estructura dels seus filaments permet expulsar r\u00e0pidament la suor cap a l&#8217;exterior per mantenir la teva pell seca.<br \/>\nLa nova samarreta de crosstraining t&#8217;ajudar\u00e0 a optimitzar els teus esfor\u00e7os i a gaudir de l&#8217;esport.<\/p>\n","protected":false},"excerpt":{"rendered":"<p>El seu patronatge, lleugeresa i suavitat et faran sentir molt confortable durant l&#8217;entrenament.<br \/>\nL&#8217;acabat Dual Confort System del teixit regula la temperatura corporal i evita el sobreescalfament de la pell. A m\u00e9s, l&#8217;estructura dels seus filaments permet expulsar r\u00e0pidament la suor cap a l&#8217;exterior per mantenir la teva pell seca.<br \/>\nLa nova samarreta de crosstraining t&#8217;ajudar\u00e0 a optimitzar els teus esfor\u00e7os i a gaudir de l&#8217;esport.<\/p>\n","protected":false},"featured_media":141085,"comment_status":"closed","ping_status":"closed","template":"","meta":{"_acf_changed":false},"product_brand":[],"product_cat":[8306],"product_tag":[],"custom_category":[3347,3428,3425],"range":[2530],"class_list":{"0":"post-17463","1":"product","2":"type-product","3":"status-publish","4":"has-post-thumbnail","6":"product_cat-uncategorized-ca","7":"pa_climatologia-calor-ca","8":"pa_deporte-crosstraining-ca","9":"pa_genero-home","10":"pa_patronaje-regular-ca","11":"pa_tipo-de-prenda-samarreta","12":"custom_category-esport","13":"custom_category-samarreta-crosstraining-personalitzada","14":"custom_category-roba-de-crosstraining-personalitzada","15":"range-hard-ca","17":"first","18":"instock","19":"product-type-custom"},"acf":[],"yoast_head":"<!-- This site is optimized with the Yoast SEO plugin v27.2 - https:\/\/yoast.com\/product\/yoast-seo-wordpress\/ -->\n<title>Samarreta de tirants crosstraining HARD (HOME)<\/title>\n<meta name=\"description\" content=\"El seu patronatge, lleugeresa i suavitat et faran sentir molt confortable durant l&#039;entrenament. L&#039;acabat Dual Confort System del teixit regula la temperatura corporal i evita el sobreescalfament de la pell. A m\u00e9s, l&#039;estructura dels seus filaments permet expulsar r\u00e0pidament la suor cap a l&#039;exterior per mantenir la teva pell seca. La nova samarreta de crosstraining t&#039;ajudar\u00e0 a optimitzar els teus esfor\u00e7os i a gaudir de l&#039;esport.\" \/>\n<meta name=\"robots\" content=\"index, follow, max-snippet:-1, max-image-preview:large, max-video-preview:-1\" \/>\n<link rel=\"canonical\" href=\"https:\/\/www.inverseteams.com\/ca\/producte\/samarreta-de-tirants-crosstraining-hard-home\/\" \/>\n<meta property=\"og:locale\" content=\"ca_ES\" \/>\n<meta property=\"og:type\" content=\"article\" \/>\n<meta property=\"og:title\" content=\"Samarreta de tirants crosstraining HARD (HOME)\" \/>\n<meta property=\"og:description\" content=\"El seu patronatge, lleugeresa i suavitat et faran sentir molt confortable durant l&#039;entrenament. L&#039;acabat Dual Confort System del teixit regula la temperatura corporal i evita el sobreescalfament de la pell. A m\u00e9s, l&#039;estructura dels seus filaments permet expulsar r\u00e0pidament la suor cap a l&#039;exterior per mantenir la teva pell seca. La nova samarreta de crosstraining t&#039;ajudar\u00e0 a optimitzar els teus esfor\u00e7os i a gaudir de l&#039;esport.\" \/>\n<meta property=\"og:url\" content=\"https:\/\/www.inverseteams.com\/ca\/producte\/samarreta-de-tirants-crosstraining-hard-home\/\" \/>\n<meta property=\"og:site_name\" content=\"Inverseteams\" \/>\n<meta property=\"article:publisher\" content=\"https:\/\/www.facebook.com\/inverseteams\" \/>\n<meta property=\"article:modified_time\" content=\"2023-10-02T12:53:17+00:00\" \/>\n<meta property=\"og:image\" content=\"https:\/\/www.inverseteams.com\/wp-content\/uploads\/CAMISETA-CT-HARD-1.jpg\" \/>\n\t<meta property=\"og:image:width\" content=\"3222\" \/>\n\t<meta property=\"og:image:height\" content=\"3462\" \/>\n\t<meta property=\"og:image:type\" content=\"image\/jpeg\" \/>\n<meta name=\"twitter:card\" content=\"summary_large_image\" \/>\n<meta name=\"twitter:label1\" content=\"Temps estimat de lectura\" \/>\n\t<meta name=\"twitter:data1\" content=\"1 minut\" \/>\n<script type=\"application\/ld+json\" class=\"yoast-schema-graph\">{\"@context\":\"https:\/\/schema.org\",\"@graph\":[{\"@type\":\"WebPage\",\"@id\":\"https:\/\/www.inverseteams.com\/ca\/producte\/samarreta-de-tirants-crosstraining-hard-home\/\",\"url\":\"https:\/\/www.inverseteams.com\/ca\/producte\/samarreta-de-tirants-crosstraining-hard-home\/\",\"name\":\"Samarreta de tirants crosstraining HARD (HOME)\",\"isPartOf\":{\"@id\":\"https:\/\/www.inverseteams.com\/ca\/#website\"},\"primaryImageOfPage\":{\"@id\":\"https:\/\/www.inverseteams.com\/ca\/producte\/samarreta-de-tirants-crosstraining-hard-home\/#primaryimage\"},\"image\":{\"@id\":\"https:\/\/www.inverseteams.com\/ca\/producte\/samarreta-de-tirants-crosstraining-hard-home\/#primaryimage\"},\"thumbnailUrl\":\"https:\/\/www.inverseteams.com\/wp-content\/uploads\/CAMISETA-CT-HARD-1.jpg\",\"datePublished\":\"2021-05-10T09:06:33+00:00\",\"dateModified\":\"2023-10-02T12:53:17+00:00\",\"description\":\"El seu patronatge, lleugeresa i suavitat et faran sentir molt confortable durant l'entrenament. L'acabat Dual Confort System del teixit regula la temperatura corporal i evita el sobreescalfament de la pell. A m\u00e9s, l'estructura dels seus filaments permet expulsar r\u00e0pidament la suor cap a l'exterior per mantenir la teva pell seca. La nova samarreta de crosstraining t'ajudar\u00e0 a optimitzar els teus esfor\u00e7os i a gaudir de l'esport.\",\"breadcrumb\":{\"@id\":\"https:\/\/www.inverseteams.com\/ca\/producte\/samarreta-de-tirants-crosstraining-hard-home\/#breadcrumb\"},\"inLanguage\":\"ca\",\"potentialAction\":[{\"@type\":\"ReadAction\",\"target\":[\"https:\/\/www.inverseteams.com\/ca\/producte\/samarreta-de-tirants-crosstraining-hard-home\/\"]}]},{\"@type\":\"ImageObject\",\"inLanguage\":\"ca\",\"@id\":\"https:\/\/www.inverseteams.com\/ca\/producte\/samarreta-de-tirants-crosstraining-hard-home\/#primaryimage\",\"url\":\"https:\/\/www.inverseteams.com\/wp-content\/uploads\/CAMISETA-CT-HARD-1.jpg\",\"contentUrl\":\"https:\/\/www.inverseteams.com\/wp-content\/uploads\/CAMISETA-CT-HARD-1.jpg\",\"width\":3222,\"height\":3462,\"caption\":\"camiseta tirantes crosstraining personalizada\"},{\"@type\":\"BreadcrumbList\",\"@id\":\"https:\/\/www.inverseteams.com\/ca\/producte\/samarreta-de-tirants-crosstraining-hard-home\/#breadcrumb\",\"itemListElement\":[{\"@type\":\"ListItem\",\"position\":1,\"name\":\"Portada\",\"item\":\"https:\/\/www.inverseteams.com\/ca\/pagina-principal\/\"},{\"@type\":\"ListItem\",\"position\":2,\"name\":\"Botiga\",\"item\":\"https:\/\/www.inverseteams.com\/ca\/botiga\/\"},{\"@type\":\"ListItem\",\"position\":3,\"name\":\"Samarreta de tirants crosstraining HARD (HOME)\"}]},{\"@type\":\"WebSite\",\"@id\":\"https:\/\/www.inverseteams.com\/ca\/#website\",\"url\":\"https:\/\/www.inverseteams.com\/ca\/\",\"name\":\"Inverseteams\",\"description\":\"Tu marca de ropa deportiva personalizada\",\"publisher\":{\"@id\":\"https:\/\/www.inverseteams.com\/ca\/#organization\"},\"potentialAction\":[{\"@type\":\"SearchAction\",\"target\":{\"@type\":\"EntryPoint\",\"urlTemplate\":\"https:\/\/www.inverseteams.com\/ca\/?s={search_term_string}\"},\"query-input\":{\"@type\":\"PropertyValueSpecification\",\"valueRequired\":true,\"valueName\":\"search_term_string\"}}],\"inLanguage\":\"ca\"},{\"@type\":\"Organization\",\"@id\":\"https:\/\/www.inverseteams.com\/ca\/#organization\",\"name\":\"Inverse Teams\",\"url\":\"https:\/\/www.inverseteams.com\/ca\/\",\"logo\":{\"@type\":\"ImageObject\",\"inLanguage\":\"ca\",\"@id\":\"https:\/\/www.inverseteams.com\/ca\/#\/schema\/logo\/image\/\",\"url\":\"https:\/\/www.inverseteams.com\/wp-content\/uploads\/2021\/03\/logo-inverse-teams.png\",\"contentUrl\":\"https:\/\/www.inverseteams.com\/wp-content\/uploads\/2021\/03\/logo-inverse-teams.png\",\"width\":294,\"height\":99,\"caption\":\"Inverse Teams\"},\"image\":{\"@id\":\"https:\/\/www.inverseteams.com\/ca\/#\/schema\/logo\/image\/\"},\"sameAs\":[\"https:\/\/www.facebook.com\/inverseteams\",\"http:\/\/instagram.com\/inverseteams\",\"https:\/\/www.linkedin.com\/company\/inverse-cirosport-s-l-?trk=job_view_topcard_company_name\",\"http:\/\/www.pinterest.com\/inverseteams\/\",\"http:\/\/www.youtube.com\/user\/inverseteams?feature=watch\"]}]}<\/script>\n<!-- \/ Yoast SEO plugin. -->","yoast_head_json":{"title":"Samarreta de tirants crosstraining HARD (HOME)","description":"El seu patronatge, lleugeresa i suavitat et faran sentir molt confortable durant l'entrenament. L'acabat Dual Confort System del teixit regula la temperatura corporal i evita el sobreescalfament de la pell. A m\u00e9s, l'estructura dels seus filaments permet expulsar r\u00e0pidament la suor cap a l'exterior per mantenir la teva pell seca. La nova samarreta de crosstraining t'ajudar\u00e0 a optimitzar els teus esfor\u00e7os i a gaudir de l'esport.","robots":{"index":"index","follow":"follow","max-snippet":"max-snippet:-1","max-image-preview":"max-image-preview:large","max-video-preview":"max-video-preview:-1"},"canonical":"https:\/\/www.inverseteams.com\/ca\/producte\/samarreta-de-tirants-crosstraining-hard-home\/","og_locale":"ca_ES","og_type":"article","og_title":"Samarreta de tirants crosstraining HARD (HOME)","og_description":"El seu patronatge, lleugeresa i suavitat et faran sentir molt confortable durant l'entrenament. L'acabat Dual Confort System del teixit regula la temperatura corporal i evita el sobreescalfament de la pell. A m\u00e9s, l'estructura dels seus filaments permet expulsar r\u00e0pidament la suor cap a l'exterior per mantenir la teva pell seca. La nova samarreta de crosstraining t'ajudar\u00e0 a optimitzar els teus esfor\u00e7os i a gaudir de l'esport.","og_url":"https:\/\/www.inverseteams.com\/ca\/producte\/samarreta-de-tirants-crosstraining-hard-home\/","og_site_name":"Inverseteams","article_publisher":"https:\/\/www.facebook.com\/inverseteams","article_modified_time":"2023-10-02T12:53:17+00:00","og_image":[{"width":3222,"height":3462,"url":"https:\/\/www.inverseteams.com\/wp-content\/uploads\/CAMISETA-CT-HARD-1.jpg","type":"image\/jpeg"}],"twitter_card":"summary_large_image","twitter_misc":{"Temps estimat de lectura":"1 minut"},"schema":{"@context":"https:\/\/schema.org","@graph":[{"@type":"WebPage","@id":"https:\/\/www.inverseteams.com\/ca\/producte\/samarreta-de-tirants-crosstraining-hard-home\/","url":"https:\/\/www.inverseteams.com\/ca\/producte\/samarreta-de-tirants-crosstraining-hard-home\/","name":"Samarreta de tirants crosstraining HARD (HOME)","isPartOf":{"@id":"https:\/\/www.inverseteams.com\/ca\/#website"},"primaryImageOfPage":{"@id":"https:\/\/www.inverseteams.com\/ca\/producte\/samarreta-de-tirants-crosstraining-hard-home\/#primaryimage"},"image":{"@id":"https:\/\/www.inverseteams.com\/ca\/producte\/samarreta-de-tirants-crosstraining-hard-home\/#primaryimage"},"thumbnailUrl":"https:\/\/www.inverseteams.com\/wp-content\/uploads\/CAMISETA-CT-HARD-1.jpg","datePublished":"2021-05-10T09:06:33+00:00","dateModified":"2023-10-02T12:53:17+00:00","description":"El seu patronatge, lleugeresa i suavitat et faran sentir molt confortable durant l'entrenament. L'acabat Dual Confort System del teixit regula la temperatura corporal i evita el sobreescalfament de la pell. A m\u00e9s, l'estructura dels seus filaments permet expulsar r\u00e0pidament la suor cap a l'exterior per mantenir la teva pell seca. La nova samarreta de crosstraining t'ajudar\u00e0 a optimitzar els teus esfor\u00e7os i a gaudir de l'esport.","breadcrumb":{"@id":"https:\/\/www.inverseteams.com\/ca\/producte\/samarreta-de-tirants-crosstraining-hard-home\/#breadcrumb"},"inLanguage":"ca","potentialAction":[{"@type":"ReadAction","target":["https:\/\/www.inverseteams.com\/ca\/producte\/samarreta-de-tirants-crosstraining-hard-home\/"]}]},{"@type":"ImageObject","inLanguage":"ca","@id":"https:\/\/www.inverseteams.com\/ca\/producte\/samarreta-de-tirants-crosstraining-hard-home\/#primaryimage","url":"https:\/\/www.inverseteams.com\/wp-content\/uploads\/CAMISETA-CT-HARD-1.jpg","contentUrl":"https:\/\/www.inverseteams.com\/wp-content\/uploads\/CAMISETA-CT-HARD-1.jpg","width":3222,"height":3462,"caption":"camiseta tirantes crosstraining personalizada"},{"@type":"BreadcrumbList","@id":"https:\/\/www.inverseteams.com\/ca\/producte\/samarreta-de-tirants-crosstraining-hard-home\/#breadcrumb","itemListElement":[{"@type":"ListItem","position":1,"name":"Portada","item":"https:\/\/www.inverseteams.com\/ca\/pagina-principal\/"},{"@type":"ListItem","position":2,"name":"Botiga","item":"https:\/\/www.inverseteams.com\/ca\/botiga\/"},{"@type":"ListItem","position":3,"name":"Samarreta de tirants crosstraining HARD (HOME)"}]},{"@type":"WebSite","@id":"https:\/\/www.inverseteams.com\/ca\/#website","url":"https:\/\/www.inverseteams.com\/ca\/","name":"Inverseteams","description":"Tu marca de ropa deportiva personalizada","publisher":{"@id":"https:\/\/www.inverseteams.com\/ca\/#organization"},"potentialAction":[{"@type":"SearchAction","target":{"@type":"EntryPoint","urlTemplate":"https:\/\/www.inverseteams.com\/ca\/?s={search_term_string}"},"query-input":{"@type":"PropertyValueSpecification","valueRequired":true,"valueName":"search_term_string"}}],"inLanguage":"ca"},{"@type":"Organization","@id":"https:\/\/www.inverseteams.com\/ca\/#organization","name":"Inverse Teams","url":"https:\/\/www.inverseteams.com\/ca\/","logo":{"@type":"ImageObject","inLanguage":"ca","@id":"https:\/\/www.inverseteams.com\/ca\/#\/schema\/logo\/image\/","url":"https:\/\/www.inverseteams.com\/wp-content\/uploads\/2021\/03\/logo-inverse-teams.png","contentUrl":"https:\/\/www.inverseteams.com\/wp-content\/uploads\/2021\/03\/logo-inverse-teams.png","width":294,"height":99,"caption":"Inverse Teams"},"image":{"@id":"https:\/\/www.inverseteams.com\/ca\/#\/schema\/logo\/image\/"},"sameAs":["https:\/\/www.facebook.com\/inverseteams","http:\/\/instagram.com\/inverseteams","https:\/\/www.linkedin.com\/company\/inverse-cirosport-s-l-?trk=job_view_topcard_company_name","http:\/\/www.pinterest.com\/inverseteams\/","http:\/\/www.youtube.com\/user\/inverseteams?feature=watch"]}]}},"_links":{"self":[{"href":"https:\/\/www.inverseteams.com\/ca\/wp-json\/wp\/v2\/product\/17463","targetHints":{"allow":["GET"]}}],"collection":[{"href":"https:\/\/www.inverseteams.com\/ca\/wp-json\/wp\/v2\/product"}],"about":[{"href":"https:\/\/www.inverseteams.com\/ca\/wp-json\/wp\/v2\/types\/product"}],"replies":[{"embeddable":true,"href":"https:\/\/www.inverseteams.com\/ca\/wp-json\/wp\/v2\/comments?post=17463"}],"wp:featuredmedia":[{"embeddable":true,"href":"https:\/\/www.inverseteams.com\/ca\/wp-json\/wp\/v2\/media\/141085"}],"wp:attachment":[{"href":"https:\/\/www.inverseteams.com\/ca\/wp-json\/wp\/v2\/media?parent=17463"}],"wp:term":[{"taxonomy":"product_brand","embeddable":true,"href":"https:\/\/www.inverseteams.com\/ca\/wp-json\/wp\/v2\/product_brand?post=17463"},{"taxonomy":"product_cat","embeddable":true,"href":"https:\/\/www.inverseteams.com\/ca\/wp-json\/wp\/v2\/product_cat?post=17463"},{"taxonomy":"product_tag","embeddable":true,"href":"https:\/\/www.inverseteams.com\/ca\/wp-json\/wp\/v2\/product_tag?post=17463"},{"taxonomy":"custom_category","embeddable":true,"href":"https:\/\/www.inverseteams.com\/ca\/wp-json\/wp\/v2\/custom_category?post=17463"},{"taxonomy":"range","embeddable":true,"href":"https:\/\/www.inverseteams.com\/ca\/wp-json\/wp\/v2\/range?post=17463"}],"curies":[{"name":"wp","href":"https:\/\/api.w.org\/{rel}","templated":true}]}}