{"id":17461,"date":"2021-05-10T08:32:05","date_gmt":"2021-05-10T09:06:33","guid":{"rendered":"https:\/\/inverseteams.com\/?post_type=product&#038;p=17461"},"modified":"2023-10-02T12:53:02","modified_gmt":"2023-10-02T12:53:02","slug":"samarreta-maniga-curta-crosstraining-hard","status":"publish","type":"product","link":"https:\/\/www.inverseteams.com\/ca\/producte\/samarreta-maniga-curta-crosstraining-hard\/","title":{"rendered":"Samarreta m\u00e0niga curta crosstraining HARD"},"content":{"rendered":"<p>Samarreta t\u00e8cnica molt lleugera ideal per a la competici\u00f3. Destaca per la seva gran resist\u00e8ncia i capacitat de transpiraci\u00f3. Les m\u00e0nigues de lycra s&#8217;adapten perfectament al bra\u00e7 i et faran sentir molt confortable. La zona de les espatlles \u00e9s de teixit COOLTECH, resistent al pilling, perqu\u00e8 resisteixi el frec d&#8217;una motxilla o altres objectes que carreguis.<br \/>\nEl patr\u00f3 entallat i l&#8217;elasticitat dels seus teixits mantindran la samarreta sempre cenyida al cos. D&#8217;aquesta manera evitar\u00e0s enganxar-te amb els obstacles de la prova.<br \/>\nEl seu teixit t\u00e9 una alta capacitat d&#8217;assecat i mantindr\u00e0 el teu cos sec. T\u00e9 una cremallera curta al pit perqu\u00e8 puguis regular la ventilaci\u00f3 durant la carrera. Als dos laterals trobar\u00e0s una butxaca de reixeta per poder guardar gels i barretes nutritives c\u00f2modament. Les propietats antibacterianes i el tacte suau fan que aquesta samarreta sigui una pe\u00e7a ideal per a llargues sessions d&#8217;exercici. Gaudeix de l&#8217;esport a l&#8217;aire lliure per molta calor que faci.<\/p>\n","protected":false},"excerpt":{"rendered":"<p>Samarreta t\u00e8cnica molt lleugera ideal per a la competici\u00f3. Destaca per la seva gran resist\u00e8ncia i capacitat de transpiraci\u00f3. Les m\u00e0nigues de lycra s&#8217;adapten perfectament al bra\u00e7 i et faran sentir molt confortable. La zona de les espatlles \u00e9s de teixit COOLTECH, resistent al pilling, perqu\u00e8 resisteixi el frec d&#8217;una motxilla o altres objectes que carreguis.<br \/>\nEl patr\u00f3 entallat i l&#8217;elasticitat dels seus teixits mantindran la samarreta sempre cenyida al cos. D&#8217;aquesta manera evitar\u00e0s enganxar-te amb els obstacles de la prova.<br \/>\nEl seu teixit t\u00e9 una alta capacitat d&#8217;assecat i mantindr\u00e0 el teu cos sec. T\u00e9 una cremallera curta al pit perqu\u00e8 puguis regular la ventilaci\u00f3 durant la carrera. Als dos laterals trobar\u00e0s una butxaca de reixeta per poder guardar gels i barretes nutritives c\u00f2modament. Les propietats antibacterianes i el tacte suau fan que aquesta samarreta sigui una pe\u00e7a ideal per a llargues sessions d&#8217;exercici. Gaudeix de l&#8217;esport a l&#8217;aire lliure per molta calor que faci.<\/p>\n","protected":false},"featured_media":141093,"comment_status":"closed","ping_status":"closed","template":"","meta":{"_acf_changed":false},"product_brand":[],"product_cat":[8306],"product_tag":[],"custom_category":[3347,3428,3425],"range":[2530],"class_list":{"0":"post-17461","1":"product","2":"type-product","3":"status-publish","4":"has-post-thumbnail","6":"product_cat-uncategorized-ca","7":"pa_climatologia-calor-ca","8":"pa_deporte-crosstraining-ca","9":"pa_genero-home","10":"pa_genero-dona","11":"pa_patronaje-fit-ca","12":"pa_tipo-de-prenda-samarreta","13":"custom_category-esport","14":"custom_category-samarreta-crosstraining-personalitzada","15":"custom_category-roba-de-crosstraining-personalitzada","16":"range-hard-ca","18":"first","19":"instock","20":"product-type-custom"},"acf":[],"yoast_head":"<!-- This site is optimized with the Yoast SEO plugin v27.5 - https:\/\/yoast.com\/product\/yoast-seo-wordpress\/ -->\n<title>Samarreta m\u00e0niga curta crosstraining HARD<\/title>\n<meta name=\"description\" content=\"Samarreta t\u00e8cnica molt lleugera ideal per a la competici\u00f3. Destaca per la seva gran resist\u00e8ncia i capacitat de transpiraci\u00f3. Les m\u00e0nigues de lycra s&#039;adapten perfectament al bra\u00e7 i et faran sentir molt confortable. La zona de les espatlles \u00e9s de teixit COOLTECH, resistent al pilling, perqu\u00e8 resisteixi el frec d&#039;una motxilla o altres objectes que carreguis. El patr\u00f3 entallat i l&#039;elasticitat dels seus teixits mantindran la samarreta sempre cenyida al cos. D&#039;aquesta manera evitar\u00e0s enganxar-te amb els obstacles de la prova. El seu teixit t\u00e9 una alta capacitat d&#039;assecat i mantindr\u00e0 el teu cos sec. T\u00e9 una cremallera curta al pit perqu\u00e8 puguis regular la ventilaci\u00f3 durant la carrera. Als dos laterals trobar\u00e0s una butxaca de reixeta per poder guardar gels i barretes nutritives c\u00f2modament. Les propietats antibacterianes i el tacte suau fan que aquesta samarreta sigui una pe\u00e7a ideal per a llargues sessions d&#039;exercici. Gaudeix de l&#039;esport a l&#039;aire lliure per molta calor que faci.\" \/>\n<meta name=\"robots\" content=\"index, follow, max-snippet:-1, max-image-preview:large, max-video-preview:-1\" \/>\n<link rel=\"canonical\" href=\"https:\/\/www.inverseteams.com\/ca\/producte\/samarreta-maniga-curta-crosstraining-hard\/\" \/>\n<meta property=\"og:locale\" content=\"ca_ES\" \/>\n<meta property=\"og:type\" content=\"article\" \/>\n<meta property=\"og:title\" content=\"Samarreta m\u00e0niga curta crosstraining HARD\" \/>\n<meta property=\"og:description\" content=\"Samarreta t\u00e8cnica molt lleugera ideal per a la competici\u00f3. Destaca per la seva gran resist\u00e8ncia i capacitat de transpiraci\u00f3. Les m\u00e0nigues de lycra s&#039;adapten perfectament al bra\u00e7 i et faran sentir molt confortable. La zona de les espatlles \u00e9s de teixit COOLTECH, resistent al pilling, perqu\u00e8 resisteixi el frec d&#039;una motxilla o altres objectes que carreguis. El patr\u00f3 entallat i l&#039;elasticitat dels seus teixits mantindran la samarreta sempre cenyida al cos. D&#039;aquesta manera evitar\u00e0s enganxar-te amb els obstacles de la prova. El seu teixit t\u00e9 una alta capacitat d&#039;assecat i mantindr\u00e0 el teu cos sec. T\u00e9 una cremallera curta al pit perqu\u00e8 puguis regular la ventilaci\u00f3 durant la carrera. Als dos laterals trobar\u00e0s una butxaca de reixeta per poder guardar gels i barretes nutritives c\u00f2modament. Les propietats antibacterianes i el tacte suau fan que aquesta samarreta sigui una pe\u00e7a ideal per a llargues sessions d&#039;exercici. Gaudeix de l&#039;esport a l&#039;aire lliure per molta calor que faci.\" \/>\n<meta property=\"og:url\" content=\"https:\/\/www.inverseteams.com\/ca\/producte\/samarreta-maniga-curta-crosstraining-hard\/\" \/>\n<meta property=\"og:site_name\" content=\"Inverseteams\" \/>\n<meta property=\"article:publisher\" content=\"https:\/\/www.facebook.com\/inverseteams\" \/>\n<meta property=\"article:modified_time\" content=\"2023-10-02T12:53:02+00:00\" \/>\n<meta property=\"og:image\" content=\"https:\/\/www.inverseteams.com\/wp-content\/uploads\/CAMISETA-MC-HARD-1.jpg\" \/>\n\t<meta property=\"og:image:width\" content=\"3222\" \/>\n\t<meta property=\"og:image:height\" content=\"3462\" \/>\n\t<meta property=\"og:image:type\" content=\"image\/jpeg\" \/>\n<meta name=\"twitter:card\" content=\"summary_large_image\" \/>\n<meta name=\"twitter:label1\" content=\"Temps estimat de lectura\" \/>\n\t<meta name=\"twitter:data1\" content=\"1 minut\" \/>\n<script type=\"application\/ld+json\" class=\"yoast-schema-graph\">{\"@context\":\"https:\\\/\\\/schema.org\",\"@graph\":[{\"@type\":\"WebPage\",\"@id\":\"https:\\\/\\\/www.inverseteams.com\\\/ca\\\/producte\\\/samarreta-maniga-curta-crosstraining-hard\\\/\",\"url\":\"https:\\\/\\\/www.inverseteams.com\\\/ca\\\/producte\\\/samarreta-maniga-curta-crosstraining-hard\\\/\",\"name\":\"Samarreta m\u00e0niga curta crosstraining HARD\",\"isPartOf\":{\"@id\":\"https:\\\/\\\/www.inverseteams.com\\\/ca\\\/#website\"},\"primaryImageOfPage\":{\"@id\":\"https:\\\/\\\/www.inverseteams.com\\\/ca\\\/producte\\\/samarreta-maniga-curta-crosstraining-hard\\\/#primaryimage\"},\"image\":{\"@id\":\"https:\\\/\\\/www.inverseteams.com\\\/ca\\\/producte\\\/samarreta-maniga-curta-crosstraining-hard\\\/#primaryimage\"},\"thumbnailUrl\":\"https:\\\/\\\/www.inverseteams.com\\\/wp-content\\\/uploads\\\/CAMISETA-MC-HARD-1.jpg\",\"datePublished\":\"2021-05-10T09:06:33+00:00\",\"dateModified\":\"2023-10-02T12:53:02+00:00\",\"description\":\"Samarreta t\u00e8cnica molt lleugera ideal per a la competici\u00f3. Destaca per la seva gran resist\u00e8ncia i capacitat de transpiraci\u00f3. Les m\u00e0nigues de lycra s'adapten perfectament al bra\u00e7 i et faran sentir molt confortable. La zona de les espatlles \u00e9s de teixit COOLTECH, resistent al pilling, perqu\u00e8 resisteixi el frec d'una motxilla o altres objectes que carreguis. El patr\u00f3 entallat i l'elasticitat dels seus teixits mantindran la samarreta sempre cenyida al cos. D'aquesta manera evitar\u00e0s enganxar-te amb els obstacles de la prova. El seu teixit t\u00e9 una alta capacitat d'assecat i mantindr\u00e0 el teu cos sec. T\u00e9 una cremallera curta al pit perqu\u00e8 puguis regular la ventilaci\u00f3 durant la carrera. Als dos laterals trobar\u00e0s una butxaca de reixeta per poder guardar gels i barretes nutritives c\u00f2modament. Les propietats antibacterianes i el tacte suau fan que aquesta samarreta sigui una pe\u00e7a ideal per a llargues sessions d'exercici. Gaudeix de l'esport a l'aire lliure per molta calor que faci.\",\"breadcrumb\":{\"@id\":\"https:\\\/\\\/www.inverseteams.com\\\/ca\\\/producte\\\/samarreta-maniga-curta-crosstraining-hard\\\/#breadcrumb\"},\"inLanguage\":\"ca\",\"potentialAction\":[{\"@type\":\"ReadAction\",\"target\":[\"https:\\\/\\\/www.inverseteams.com\\\/ca\\\/producte\\\/samarreta-maniga-curta-crosstraining-hard\\\/\"]}]},{\"@type\":\"ImageObject\",\"inLanguage\":\"ca\",\"@id\":\"https:\\\/\\\/www.inverseteams.com\\\/ca\\\/producte\\\/samarreta-maniga-curta-crosstraining-hard\\\/#primaryimage\",\"url\":\"https:\\\/\\\/www.inverseteams.com\\\/wp-content\\\/uploads\\\/CAMISETA-MC-HARD-1.jpg\",\"contentUrl\":\"https:\\\/\\\/www.inverseteams.com\\\/wp-content\\\/uploads\\\/CAMISETA-MC-HARD-1.jpg\",\"width\":3222,\"height\":3462,\"caption\":\"camiseta crosstraining ocr spartan personalizada\"},{\"@type\":\"BreadcrumbList\",\"@id\":\"https:\\\/\\\/www.inverseteams.com\\\/ca\\\/producte\\\/samarreta-maniga-curta-crosstraining-hard\\\/#breadcrumb\",\"itemListElement\":[{\"@type\":\"ListItem\",\"position\":1,\"name\":\"Portada\",\"item\":\"https:\\\/\\\/www.inverseteams.com\\\/ca\\\/pagina-principal\\\/\"},{\"@type\":\"ListItem\",\"position\":2,\"name\":\"Botiga\",\"item\":\"https:\\\/\\\/www.inverseteams.com\\\/ca\\\/botiga\\\/\"},{\"@type\":\"ListItem\",\"position\":3,\"name\":\"Samarreta m\u00e0niga curta crosstraining HARD\"}]},{\"@type\":\"WebSite\",\"@id\":\"https:\\\/\\\/www.inverseteams.com\\\/ca\\\/#website\",\"url\":\"https:\\\/\\\/www.inverseteams.com\\\/ca\\\/\",\"name\":\"Inverseteams\",\"description\":\"Tu marca de ropa deportiva personalizada\",\"publisher\":{\"@id\":\"https:\\\/\\\/www.inverseteams.com\\\/ca\\\/#organization\"},\"potentialAction\":[{\"@type\":\"SearchAction\",\"target\":{\"@type\":\"EntryPoint\",\"urlTemplate\":\"https:\\\/\\\/www.inverseteams.com\\\/ca\\\/?s={search_term_string}\"},\"query-input\":{\"@type\":\"PropertyValueSpecification\",\"valueRequired\":true,\"valueName\":\"search_term_string\"}}],\"inLanguage\":\"ca\"},{\"@type\":\"Organization\",\"@id\":\"https:\\\/\\\/www.inverseteams.com\\\/ca\\\/#organization\",\"name\":\"Inverse Teams\",\"url\":\"https:\\\/\\\/www.inverseteams.com\\\/ca\\\/\",\"logo\":{\"@type\":\"ImageObject\",\"inLanguage\":\"ca\",\"@id\":\"https:\\\/\\\/www.inverseteams.com\\\/ca\\\/#\\\/schema\\\/logo\\\/image\\\/\",\"url\":\"https:\\\/\\\/www.inverseteams.com\\\/wp-content\\\/uploads\\\/2021\\\/03\\\/logo-inverse-teams.png\",\"contentUrl\":\"https:\\\/\\\/www.inverseteams.com\\\/wp-content\\\/uploads\\\/2021\\\/03\\\/logo-inverse-teams.png\",\"width\":294,\"height\":99,\"caption\":\"Inverse Teams\"},\"image\":{\"@id\":\"https:\\\/\\\/www.inverseteams.com\\\/ca\\\/#\\\/schema\\\/logo\\\/image\\\/\"},\"sameAs\":[\"https:\\\/\\\/www.facebook.com\\\/inverseteams\",\"http:\\\/\\\/instagram.com\\\/inverseteams\",\"https:\\\/\\\/www.linkedin.com\\\/company\\\/inverse-cirosport-s-l-?trk=job_view_topcard_company_name\",\"http:\\\/\\\/www.pinterest.com\\\/inverseteams\\\/\",\"http:\\\/\\\/www.youtube.com\\\/user\\\/inverseteams?feature=watch\"]}]}<\/script>\n<!-- \/ Yoast SEO plugin. -->","yoast_head_json":{"title":"Samarreta m\u00e0niga curta crosstraining HARD","description":"Samarreta t\u00e8cnica molt lleugera ideal per a la competici\u00f3. Destaca per la seva gran resist\u00e8ncia i capacitat de transpiraci\u00f3. Les m\u00e0nigues de lycra s'adapten perfectament al bra\u00e7 i et faran sentir molt confortable. La zona de les espatlles \u00e9s de teixit COOLTECH, resistent al pilling, perqu\u00e8 resisteixi el frec d'una motxilla o altres objectes que carreguis. El patr\u00f3 entallat i l'elasticitat dels seus teixits mantindran la samarreta sempre cenyida al cos. D'aquesta manera evitar\u00e0s enganxar-te amb els obstacles de la prova. El seu teixit t\u00e9 una alta capacitat d'assecat i mantindr\u00e0 el teu cos sec. T\u00e9 una cremallera curta al pit perqu\u00e8 puguis regular la ventilaci\u00f3 durant la carrera. Als dos laterals trobar\u00e0s una butxaca de reixeta per poder guardar gels i barretes nutritives c\u00f2modament. Les propietats antibacterianes i el tacte suau fan que aquesta samarreta sigui una pe\u00e7a ideal per a llargues sessions d'exercici. Gaudeix de l'esport a l'aire lliure per molta calor que faci.","robots":{"index":"index","follow":"follow","max-snippet":"max-snippet:-1","max-image-preview":"max-image-preview:large","max-video-preview":"max-video-preview:-1"},"canonical":"https:\/\/www.inverseteams.com\/ca\/producte\/samarreta-maniga-curta-crosstraining-hard\/","og_locale":"ca_ES","og_type":"article","og_title":"Samarreta m\u00e0niga curta crosstraining HARD","og_description":"Samarreta t\u00e8cnica molt lleugera ideal per a la competici\u00f3. Destaca per la seva gran resist\u00e8ncia i capacitat de transpiraci\u00f3. Les m\u00e0nigues de lycra s'adapten perfectament al bra\u00e7 i et faran sentir molt confortable. La zona de les espatlles \u00e9s de teixit COOLTECH, resistent al pilling, perqu\u00e8 resisteixi el frec d'una motxilla o altres objectes que carreguis. El patr\u00f3 entallat i l'elasticitat dels seus teixits mantindran la samarreta sempre cenyida al cos. D'aquesta manera evitar\u00e0s enganxar-te amb els obstacles de la prova. El seu teixit t\u00e9 una alta capacitat d'assecat i mantindr\u00e0 el teu cos sec. T\u00e9 una cremallera curta al pit perqu\u00e8 puguis regular la ventilaci\u00f3 durant la carrera. Als dos laterals trobar\u00e0s una butxaca de reixeta per poder guardar gels i barretes nutritives c\u00f2modament. Les propietats antibacterianes i el tacte suau fan que aquesta samarreta sigui una pe\u00e7a ideal per a llargues sessions d'exercici. Gaudeix de l'esport a l'aire lliure per molta calor que faci.","og_url":"https:\/\/www.inverseteams.com\/ca\/producte\/samarreta-maniga-curta-crosstraining-hard\/","og_site_name":"Inverseteams","article_publisher":"https:\/\/www.facebook.com\/inverseteams","article_modified_time":"2023-10-02T12:53:02+00:00","og_image":[{"width":3222,"height":3462,"url":"https:\/\/www.inverseteams.com\/wp-content\/uploads\/CAMISETA-MC-HARD-1.jpg","type":"image\/jpeg"}],"twitter_card":"summary_large_image","twitter_misc":{"Temps estimat de lectura":"1 minut"},"schema":{"@context":"https:\/\/schema.org","@graph":[{"@type":"WebPage","@id":"https:\/\/www.inverseteams.com\/ca\/producte\/samarreta-maniga-curta-crosstraining-hard\/","url":"https:\/\/www.inverseteams.com\/ca\/producte\/samarreta-maniga-curta-crosstraining-hard\/","name":"Samarreta m\u00e0niga curta crosstraining HARD","isPartOf":{"@id":"https:\/\/www.inverseteams.com\/ca\/#website"},"primaryImageOfPage":{"@id":"https:\/\/www.inverseteams.com\/ca\/producte\/samarreta-maniga-curta-crosstraining-hard\/#primaryimage"},"image":{"@id":"https:\/\/www.inverseteams.com\/ca\/producte\/samarreta-maniga-curta-crosstraining-hard\/#primaryimage"},"thumbnailUrl":"https:\/\/www.inverseteams.com\/wp-content\/uploads\/CAMISETA-MC-HARD-1.jpg","datePublished":"2021-05-10T09:06:33+00:00","dateModified":"2023-10-02T12:53:02+00:00","description":"Samarreta t\u00e8cnica molt lleugera ideal per a la competici\u00f3. Destaca per la seva gran resist\u00e8ncia i capacitat de transpiraci\u00f3. Les m\u00e0nigues de lycra s'adapten perfectament al bra\u00e7 i et faran sentir molt confortable. La zona de les espatlles \u00e9s de teixit COOLTECH, resistent al pilling, perqu\u00e8 resisteixi el frec d'una motxilla o altres objectes que carreguis. El patr\u00f3 entallat i l'elasticitat dels seus teixits mantindran la samarreta sempre cenyida al cos. D'aquesta manera evitar\u00e0s enganxar-te amb els obstacles de la prova. El seu teixit t\u00e9 una alta capacitat d'assecat i mantindr\u00e0 el teu cos sec. T\u00e9 una cremallera curta al pit perqu\u00e8 puguis regular la ventilaci\u00f3 durant la carrera. Als dos laterals trobar\u00e0s una butxaca de reixeta per poder guardar gels i barretes nutritives c\u00f2modament. Les propietats antibacterianes i el tacte suau fan que aquesta samarreta sigui una pe\u00e7a ideal per a llargues sessions d'exercici. Gaudeix de l'esport a l'aire lliure per molta calor que faci.","breadcrumb":{"@id":"https:\/\/www.inverseteams.com\/ca\/producte\/samarreta-maniga-curta-crosstraining-hard\/#breadcrumb"},"inLanguage":"ca","potentialAction":[{"@type":"ReadAction","target":["https:\/\/www.inverseteams.com\/ca\/producte\/samarreta-maniga-curta-crosstraining-hard\/"]}]},{"@type":"ImageObject","inLanguage":"ca","@id":"https:\/\/www.inverseteams.com\/ca\/producte\/samarreta-maniga-curta-crosstraining-hard\/#primaryimage","url":"https:\/\/www.inverseteams.com\/wp-content\/uploads\/CAMISETA-MC-HARD-1.jpg","contentUrl":"https:\/\/www.inverseteams.com\/wp-content\/uploads\/CAMISETA-MC-HARD-1.jpg","width":3222,"height":3462,"caption":"camiseta crosstraining ocr spartan personalizada"},{"@type":"BreadcrumbList","@id":"https:\/\/www.inverseteams.com\/ca\/producte\/samarreta-maniga-curta-crosstraining-hard\/#breadcrumb","itemListElement":[{"@type":"ListItem","position":1,"name":"Portada","item":"https:\/\/www.inverseteams.com\/ca\/pagina-principal\/"},{"@type":"ListItem","position":2,"name":"Botiga","item":"https:\/\/www.inverseteams.com\/ca\/botiga\/"},{"@type":"ListItem","position":3,"name":"Samarreta m\u00e0niga curta crosstraining HARD"}]},{"@type":"WebSite","@id":"https:\/\/www.inverseteams.com\/ca\/#website","url":"https:\/\/www.inverseteams.com\/ca\/","name":"Inverseteams","description":"Tu marca de ropa deportiva personalizada","publisher":{"@id":"https:\/\/www.inverseteams.com\/ca\/#organization"},"potentialAction":[{"@type":"SearchAction","target":{"@type":"EntryPoint","urlTemplate":"https:\/\/www.inverseteams.com\/ca\/?s={search_term_string}"},"query-input":{"@type":"PropertyValueSpecification","valueRequired":true,"valueName":"search_term_string"}}],"inLanguage":"ca"},{"@type":"Organization","@id":"https:\/\/www.inverseteams.com\/ca\/#organization","name":"Inverse Teams","url":"https:\/\/www.inverseteams.com\/ca\/","logo":{"@type":"ImageObject","inLanguage":"ca","@id":"https:\/\/www.inverseteams.com\/ca\/#\/schema\/logo\/image\/","url":"https:\/\/www.inverseteams.com\/wp-content\/uploads\/2021\/03\/logo-inverse-teams.png","contentUrl":"https:\/\/www.inverseteams.com\/wp-content\/uploads\/2021\/03\/logo-inverse-teams.png","width":294,"height":99,"caption":"Inverse Teams"},"image":{"@id":"https:\/\/www.inverseteams.com\/ca\/#\/schema\/logo\/image\/"},"sameAs":["https:\/\/www.facebook.com\/inverseteams","http:\/\/instagram.com\/inverseteams","https:\/\/www.linkedin.com\/company\/inverse-cirosport-s-l-?trk=job_view_topcard_company_name","http:\/\/www.pinterest.com\/inverseteams\/","http:\/\/www.youtube.com\/user\/inverseteams?feature=watch"]}]}},"_links":{"self":[{"href":"https:\/\/www.inverseteams.com\/ca\/wp-json\/wp\/v2\/product\/17461","targetHints":{"allow":["GET"]}}],"collection":[{"href":"https:\/\/www.inverseteams.com\/ca\/wp-json\/wp\/v2\/product"}],"about":[{"href":"https:\/\/www.inverseteams.com\/ca\/wp-json\/wp\/v2\/types\/product"}],"replies":[{"embeddable":true,"href":"https:\/\/www.inverseteams.com\/ca\/wp-json\/wp\/v2\/comments?post=17461"}],"wp:featuredmedia":[{"embeddable":true,"href":"https:\/\/www.inverseteams.com\/ca\/wp-json\/wp\/v2\/media\/141093"}],"wp:attachment":[{"href":"https:\/\/www.inverseteams.com\/ca\/wp-json\/wp\/v2\/media?parent=17461"}],"wp:term":[{"taxonomy":"product_brand","embeddable":true,"href":"https:\/\/www.inverseteams.com\/ca\/wp-json\/wp\/v2\/product_brand?post=17461"},{"taxonomy":"product_cat","embeddable":true,"href":"https:\/\/www.inverseteams.com\/ca\/wp-json\/wp\/v2\/product_cat?post=17461"},{"taxonomy":"product_tag","embeddable":true,"href":"https:\/\/www.inverseteams.com\/ca\/wp-json\/wp\/v2\/product_tag?post=17461"},{"taxonomy":"custom_category","embeddable":true,"href":"https:\/\/www.inverseteams.com\/ca\/wp-json\/wp\/v2\/custom_category?post=17461"},{"taxonomy":"range","embeddable":true,"href":"https:\/\/www.inverseteams.com\/ca\/wp-json\/wp\/v2\/range?post=17461"}],"curies":[{"name":"wp","href":"https:\/\/api.w.org\/{rel}","templated":true}]}}