{"id":17460,"date":"2021-05-10T08:32:05","date_gmt":"2021-05-10T09:06:28","guid":{"rendered":"https:\/\/inverseteams.com\/?post_type=product&#038;p=17460"},"modified":"2023-10-03T07:49:53","modified_gmt":"2023-10-03T07:49:53","slug":"pantalo-curt-atletisme-veloce","status":"publish","type":"product","link":"https:\/\/www.inverseteams.com\/ca\/producte\/pantalo-curt-atletisme-veloce\/","title":{"rendered":"Pantal\u00f3 curt atletisme VELOCE"},"content":{"rendered":"<p>Aquest pantal\u00f3 d&#8217;atletisme s\u00faper lleuger et permetr\u00e0 gaudir de llargues sessions d&#8217;exercici durant els dies calorosos. Les obertures laterals et permetran realitzar qualsevol moviment sense sentir cap resist\u00e8ncia.<br \/>\nLa goma el\u00e0stica de la cintura s&#8217;ajusta molt b\u00e9 al cos i mant\u00e9 els pantalons ben subjectes sense molestar. A l&#8217;interior t\u00e9 un folre de reixeta d&#8217;assecat r\u00e0pid.<\/p>\n","protected":false},"excerpt":{"rendered":"<p>Aquest pantal\u00f3 d&#8217;atletisme s\u00faper lleuger et permetr\u00e0 gaudir de llargues sessions d&#8217;exercici durant els dies calorosos. Les obertures laterals et permetran realitzar qualsevol moviment sense sentir cap resist\u00e8ncia.<br \/>\nLa goma el\u00e0stica de la cintura s&#8217;ajusta molt b\u00e9 al cos i mant\u00e9 els pantalons ben subjectes sense molestar. A l&#8217;interior t\u00e9 un folre de reixeta d&#8217;assecat r\u00e0pid.<\/p>\n","protected":false},"featured_media":141229,"comment_status":"closed","ping_status":"closed","template":"","meta":{"_acf_changed":false},"product_brand":[],"product_cat":[8306],"product_tag":[],"custom_category":[3347,3386,3377],"range":[2527],"class_list":{"0":"post-17460","1":"product","2":"type-product","3":"status-publish","4":"has-post-thumbnail","6":"product_cat-uncategorized-ca","7":"pa_climatologia-calor-ca","8":"pa_deporte-atletisme","9":"pa_genero-home","10":"pa_genero-dona","11":"pa_genero-infantil-ca","12":"pa_patronaje-regular-ca","13":"pa_tipo-de-prenda-pantalo-curt","14":"custom_category-esport","15":"custom_category-pantalons-atletisme-personalitzats","16":"custom_category-roba-datletisme-personalitzada","17":"range-veloce-ca","19":"first","20":"instock","21":"product-type-custom"},"acf":[],"yoast_head":"<!-- This site is optimized with the Yoast SEO plugin v27.3 - https:\/\/yoast.com\/product\/yoast-seo-wordpress\/ -->\n<title>Pantal\u00f3 curt atletisme VELOCE<\/title>\n<meta name=\"description\" content=\"Aquest pantal\u00f3 d&#039;atletisme s\u00faper lleuger et permetr\u00e0 gaudir de llargues sessions d&#039;exercici durant els dies calorosos. Les obertures laterals et permetran realitzar qualsevol moviment sense sentir cap resist\u00e8ncia. La goma el\u00e0stica de la cintura s&#039;ajusta molt b\u00e9 al cos i mant\u00e9 els pantalons ben subjectes sense molestar. A l&#039;interior t\u00e9 un folre de reixeta d&#039;assecat r\u00e0pid.\" \/>\n<meta name=\"robots\" content=\"index, follow, max-snippet:-1, max-image-preview:large, max-video-preview:-1\" \/>\n<link rel=\"canonical\" href=\"https:\/\/www.inverseteams.com\/ca\/producte\/pantalo-curt-atletisme-veloce\/\" \/>\n<meta property=\"og:locale\" content=\"ca_ES\" \/>\n<meta property=\"og:type\" content=\"article\" \/>\n<meta property=\"og:title\" content=\"Pantal\u00f3 curt atletisme VELOCE\" \/>\n<meta property=\"og:description\" content=\"Aquest pantal\u00f3 d&#039;atletisme s\u00faper lleuger et permetr\u00e0 gaudir de llargues sessions d&#039;exercici durant els dies calorosos. Les obertures laterals et permetran realitzar qualsevol moviment sense sentir cap resist\u00e8ncia. La goma el\u00e0stica de la cintura s&#039;ajusta molt b\u00e9 al cos i mant\u00e9 els pantalons ben subjectes sense molestar. A l&#039;interior t\u00e9 un folre de reixeta d&#039;assecat r\u00e0pid.\" \/>\n<meta property=\"og:url\" content=\"https:\/\/www.inverseteams.com\/ca\/producte\/pantalo-curt-atletisme-veloce\/\" \/>\n<meta property=\"og:site_name\" content=\"Inverseteams\" \/>\n<meta property=\"article:publisher\" content=\"https:\/\/www.facebook.com\/inverseteams\" \/>\n<meta property=\"article:modified_time\" content=\"2023-10-03T07:49:53+00:00\" \/>\n<meta property=\"og:image\" content=\"https:\/\/www.inverseteams.com\/wp-content\/uploads\/PANTALON-CORTO-VELOCE-1.jpg\" \/>\n\t<meta property=\"og:image:width\" content=\"3222\" \/>\n\t<meta property=\"og:image:height\" content=\"3462\" \/>\n\t<meta property=\"og:image:type\" content=\"image\/jpeg\" \/>\n<meta name=\"twitter:card\" content=\"summary_large_image\" \/>\n<meta name=\"twitter:label1\" content=\"Temps estimat de lectura\" \/>\n\t<meta name=\"twitter:data1\" content=\"1 minut\" \/>\n<script type=\"application\/ld+json\" class=\"yoast-schema-graph\">{\"@context\":\"https:\\\/\\\/schema.org\",\"@graph\":[{\"@type\":\"WebPage\",\"@id\":\"https:\\\/\\\/www.inverseteams.com\\\/ca\\\/producte\\\/pantalo-curt-atletisme-veloce\\\/\",\"url\":\"https:\\\/\\\/www.inverseteams.com\\\/ca\\\/producte\\\/pantalo-curt-atletisme-veloce\\\/\",\"name\":\"Pantal\u00f3 curt atletisme VELOCE\",\"isPartOf\":{\"@id\":\"https:\\\/\\\/www.inverseteams.com\\\/ca\\\/#website\"},\"primaryImageOfPage\":{\"@id\":\"https:\\\/\\\/www.inverseteams.com\\\/ca\\\/producte\\\/pantalo-curt-atletisme-veloce\\\/#primaryimage\"},\"image\":{\"@id\":\"https:\\\/\\\/www.inverseteams.com\\\/ca\\\/producte\\\/pantalo-curt-atletisme-veloce\\\/#primaryimage\"},\"thumbnailUrl\":\"https:\\\/\\\/www.inverseteams.com\\\/wp-content\\\/uploads\\\/PANTALON-CORTO-VELOCE-1.jpg\",\"datePublished\":\"2021-05-10T09:06:28+00:00\",\"dateModified\":\"2023-10-03T07:49:53+00:00\",\"description\":\"Aquest pantal\u00f3 d'atletisme s\u00faper lleuger et permetr\u00e0 gaudir de llargues sessions d'exercici durant els dies calorosos. Les obertures laterals et permetran realitzar qualsevol moviment sense sentir cap resist\u00e8ncia. La goma el\u00e0stica de la cintura s'ajusta molt b\u00e9 al cos i mant\u00e9 els pantalons ben subjectes sense molestar. A l'interior t\u00e9 un folre de reixeta d'assecat r\u00e0pid.\",\"breadcrumb\":{\"@id\":\"https:\\\/\\\/www.inverseteams.com\\\/ca\\\/producte\\\/pantalo-curt-atletisme-veloce\\\/#breadcrumb\"},\"inLanguage\":\"ca\",\"potentialAction\":[{\"@type\":\"ReadAction\",\"target\":[\"https:\\\/\\\/www.inverseteams.com\\\/ca\\\/producte\\\/pantalo-curt-atletisme-veloce\\\/\"]}]},{\"@type\":\"ImageObject\",\"inLanguage\":\"ca\",\"@id\":\"https:\\\/\\\/www.inverseteams.com\\\/ca\\\/producte\\\/pantalo-curt-atletisme-veloce\\\/#primaryimage\",\"url\":\"https:\\\/\\\/www.inverseteams.com\\\/wp-content\\\/uploads\\\/PANTALON-CORTO-VELOCE-1.jpg\",\"contentUrl\":\"https:\\\/\\\/www.inverseteams.com\\\/wp-content\\\/uploads\\\/PANTALON-CORTO-VELOCE-1.jpg\",\"width\":3222,\"height\":3462,\"caption\":\"pantalon corto atletismo personalizado\"},{\"@type\":\"BreadcrumbList\",\"@id\":\"https:\\\/\\\/www.inverseteams.com\\\/ca\\\/producte\\\/pantalo-curt-atletisme-veloce\\\/#breadcrumb\",\"itemListElement\":[{\"@type\":\"ListItem\",\"position\":1,\"name\":\"Portada\",\"item\":\"https:\\\/\\\/www.inverseteams.com\\\/ca\\\/pagina-principal\\\/\"},{\"@type\":\"ListItem\",\"position\":2,\"name\":\"Botiga\",\"item\":\"https:\\\/\\\/www.inverseteams.com\\\/ca\\\/botiga\\\/\"},{\"@type\":\"ListItem\",\"position\":3,\"name\":\"Pantal\u00f3 curt atletisme VELOCE\"}]},{\"@type\":\"WebSite\",\"@id\":\"https:\\\/\\\/www.inverseteams.com\\\/ca\\\/#website\",\"url\":\"https:\\\/\\\/www.inverseteams.com\\\/ca\\\/\",\"name\":\"Inverseteams\",\"description\":\"Tu marca de ropa deportiva personalizada\",\"publisher\":{\"@id\":\"https:\\\/\\\/www.inverseteams.com\\\/ca\\\/#organization\"},\"potentialAction\":[{\"@type\":\"SearchAction\",\"target\":{\"@type\":\"EntryPoint\",\"urlTemplate\":\"https:\\\/\\\/www.inverseteams.com\\\/ca\\\/?s={search_term_string}\"},\"query-input\":{\"@type\":\"PropertyValueSpecification\",\"valueRequired\":true,\"valueName\":\"search_term_string\"}}],\"inLanguage\":\"ca\"},{\"@type\":\"Organization\",\"@id\":\"https:\\\/\\\/www.inverseteams.com\\\/ca\\\/#organization\",\"name\":\"Inverse Teams\",\"url\":\"https:\\\/\\\/www.inverseteams.com\\\/ca\\\/\",\"logo\":{\"@type\":\"ImageObject\",\"inLanguage\":\"ca\",\"@id\":\"https:\\\/\\\/www.inverseteams.com\\\/ca\\\/#\\\/schema\\\/logo\\\/image\\\/\",\"url\":\"http:\\\/\\\/www.inverseteams.com\\\/wp-content\\\/uploads\\\/2021\\\/03\\\/logo-inverse-teams.png\",\"contentUrl\":\"http:\\\/\\\/www.inverseteams.com\\\/wp-content\\\/uploads\\\/2021\\\/03\\\/logo-inverse-teams.png\",\"width\":294,\"height\":99,\"caption\":\"Inverse Teams\"},\"image\":{\"@id\":\"https:\\\/\\\/www.inverseteams.com\\\/ca\\\/#\\\/schema\\\/logo\\\/image\\\/\"},\"sameAs\":[\"https:\\\/\\\/www.facebook.com\\\/inverseteams\",\"http:\\\/\\\/instagram.com\\\/inverseteams\",\"https:\\\/\\\/www.linkedin.com\\\/company\\\/inverse-cirosport-s-l-?trk=job_view_topcard_company_name\",\"http:\\\/\\\/www.pinterest.com\\\/inverseteams\\\/\",\"http:\\\/\\\/www.youtube.com\\\/user\\\/inverseteams?feature=watch\"]}]}<\/script>\n<!-- \/ Yoast SEO plugin. -->","yoast_head_json":{"title":"Pantal\u00f3 curt atletisme VELOCE","description":"Aquest pantal\u00f3 d'atletisme s\u00faper lleuger et permetr\u00e0 gaudir de llargues sessions d'exercici durant els dies calorosos. Les obertures laterals et permetran realitzar qualsevol moviment sense sentir cap resist\u00e8ncia. La goma el\u00e0stica de la cintura s'ajusta molt b\u00e9 al cos i mant\u00e9 els pantalons ben subjectes sense molestar. A l'interior t\u00e9 un folre de reixeta d'assecat r\u00e0pid.","robots":{"index":"index","follow":"follow","max-snippet":"max-snippet:-1","max-image-preview":"max-image-preview:large","max-video-preview":"max-video-preview:-1"},"canonical":"https:\/\/www.inverseteams.com\/ca\/producte\/pantalo-curt-atletisme-veloce\/","og_locale":"ca_ES","og_type":"article","og_title":"Pantal\u00f3 curt atletisme VELOCE","og_description":"Aquest pantal\u00f3 d'atletisme s\u00faper lleuger et permetr\u00e0 gaudir de llargues sessions d'exercici durant els dies calorosos. Les obertures laterals et permetran realitzar qualsevol moviment sense sentir cap resist\u00e8ncia. La goma el\u00e0stica de la cintura s'ajusta molt b\u00e9 al cos i mant\u00e9 els pantalons ben subjectes sense molestar. A l'interior t\u00e9 un folre de reixeta d'assecat r\u00e0pid.","og_url":"https:\/\/www.inverseteams.com\/ca\/producte\/pantalo-curt-atletisme-veloce\/","og_site_name":"Inverseteams","article_publisher":"https:\/\/www.facebook.com\/inverseteams","article_modified_time":"2023-10-03T07:49:53+00:00","og_image":[{"width":3222,"height":3462,"url":"https:\/\/www.inverseteams.com\/wp-content\/uploads\/PANTALON-CORTO-VELOCE-1.jpg","type":"image\/jpeg"}],"twitter_card":"summary_large_image","twitter_misc":{"Temps estimat de lectura":"1 minut"},"schema":{"@context":"https:\/\/schema.org","@graph":[{"@type":"WebPage","@id":"https:\/\/www.inverseteams.com\/ca\/producte\/pantalo-curt-atletisme-veloce\/","url":"https:\/\/www.inverseteams.com\/ca\/producte\/pantalo-curt-atletisme-veloce\/","name":"Pantal\u00f3 curt atletisme VELOCE","isPartOf":{"@id":"https:\/\/www.inverseteams.com\/ca\/#website"},"primaryImageOfPage":{"@id":"https:\/\/www.inverseteams.com\/ca\/producte\/pantalo-curt-atletisme-veloce\/#primaryimage"},"image":{"@id":"https:\/\/www.inverseteams.com\/ca\/producte\/pantalo-curt-atletisme-veloce\/#primaryimage"},"thumbnailUrl":"https:\/\/www.inverseteams.com\/wp-content\/uploads\/PANTALON-CORTO-VELOCE-1.jpg","datePublished":"2021-05-10T09:06:28+00:00","dateModified":"2023-10-03T07:49:53+00:00","description":"Aquest pantal\u00f3 d'atletisme s\u00faper lleuger et permetr\u00e0 gaudir de llargues sessions d'exercici durant els dies calorosos. Les obertures laterals et permetran realitzar qualsevol moviment sense sentir cap resist\u00e8ncia. La goma el\u00e0stica de la cintura s'ajusta molt b\u00e9 al cos i mant\u00e9 els pantalons ben subjectes sense molestar. A l'interior t\u00e9 un folre de reixeta d'assecat r\u00e0pid.","breadcrumb":{"@id":"https:\/\/www.inverseteams.com\/ca\/producte\/pantalo-curt-atletisme-veloce\/#breadcrumb"},"inLanguage":"ca","potentialAction":[{"@type":"ReadAction","target":["https:\/\/www.inverseteams.com\/ca\/producte\/pantalo-curt-atletisme-veloce\/"]}]},{"@type":"ImageObject","inLanguage":"ca","@id":"https:\/\/www.inverseteams.com\/ca\/producte\/pantalo-curt-atletisme-veloce\/#primaryimage","url":"https:\/\/www.inverseteams.com\/wp-content\/uploads\/PANTALON-CORTO-VELOCE-1.jpg","contentUrl":"https:\/\/www.inverseteams.com\/wp-content\/uploads\/PANTALON-CORTO-VELOCE-1.jpg","width":3222,"height":3462,"caption":"pantalon corto atletismo personalizado"},{"@type":"BreadcrumbList","@id":"https:\/\/www.inverseteams.com\/ca\/producte\/pantalo-curt-atletisme-veloce\/#breadcrumb","itemListElement":[{"@type":"ListItem","position":1,"name":"Portada","item":"https:\/\/www.inverseteams.com\/ca\/pagina-principal\/"},{"@type":"ListItem","position":2,"name":"Botiga","item":"https:\/\/www.inverseteams.com\/ca\/botiga\/"},{"@type":"ListItem","position":3,"name":"Pantal\u00f3 curt atletisme VELOCE"}]},{"@type":"WebSite","@id":"https:\/\/www.inverseteams.com\/ca\/#website","url":"https:\/\/www.inverseteams.com\/ca\/","name":"Inverseteams","description":"Tu marca de ropa deportiva personalizada","publisher":{"@id":"https:\/\/www.inverseteams.com\/ca\/#organization"},"potentialAction":[{"@type":"SearchAction","target":{"@type":"EntryPoint","urlTemplate":"https:\/\/www.inverseteams.com\/ca\/?s={search_term_string}"},"query-input":{"@type":"PropertyValueSpecification","valueRequired":true,"valueName":"search_term_string"}}],"inLanguage":"ca"},{"@type":"Organization","@id":"https:\/\/www.inverseteams.com\/ca\/#organization","name":"Inverse Teams","url":"https:\/\/www.inverseteams.com\/ca\/","logo":{"@type":"ImageObject","inLanguage":"ca","@id":"https:\/\/www.inverseteams.com\/ca\/#\/schema\/logo\/image\/","url":"https:\/\/www.inverseteams.com\/wp-content\/uploads\/2021\/03\/logo-inverse-teams.png","contentUrl":"https:\/\/www.inverseteams.com\/wp-content\/uploads\/2021\/03\/logo-inverse-teams.png","width":294,"height":99,"caption":"Inverse Teams"},"image":{"@id":"https:\/\/www.inverseteams.com\/ca\/#\/schema\/logo\/image\/"},"sameAs":["https:\/\/www.facebook.com\/inverseteams","http:\/\/instagram.com\/inverseteams","https:\/\/www.linkedin.com\/company\/inverse-cirosport-s-l-?trk=job_view_topcard_company_name","http:\/\/www.pinterest.com\/inverseteams\/","http:\/\/www.youtube.com\/user\/inverseteams?feature=watch"]}]}},"_links":{"self":[{"href":"https:\/\/www.inverseteams.com\/ca\/wp-json\/wp\/v2\/product\/17460","targetHints":{"allow":["GET"]}}],"collection":[{"href":"https:\/\/www.inverseteams.com\/ca\/wp-json\/wp\/v2\/product"}],"about":[{"href":"https:\/\/www.inverseteams.com\/ca\/wp-json\/wp\/v2\/types\/product"}],"replies":[{"embeddable":true,"href":"https:\/\/www.inverseteams.com\/ca\/wp-json\/wp\/v2\/comments?post=17460"}],"wp:featuredmedia":[{"embeddable":true,"href":"https:\/\/www.inverseteams.com\/ca\/wp-json\/wp\/v2\/media\/141229"}],"wp:attachment":[{"href":"https:\/\/www.inverseteams.com\/ca\/wp-json\/wp\/v2\/media?parent=17460"}],"wp:term":[{"taxonomy":"product_brand","embeddable":true,"href":"https:\/\/www.inverseteams.com\/ca\/wp-json\/wp\/v2\/product_brand?post=17460"},{"taxonomy":"product_cat","embeddable":true,"href":"https:\/\/www.inverseteams.com\/ca\/wp-json\/wp\/v2\/product_cat?post=17460"},{"taxonomy":"product_tag","embeddable":true,"href":"https:\/\/www.inverseteams.com\/ca\/wp-json\/wp\/v2\/product_tag?post=17460"},{"taxonomy":"custom_category","embeddable":true,"href":"https:\/\/www.inverseteams.com\/ca\/wp-json\/wp\/v2\/custom_category?post=17460"},{"taxonomy":"range","embeddable":true,"href":"https:\/\/www.inverseteams.com\/ca\/wp-json\/wp\/v2\/range?post=17460"}],"curies":[{"name":"wp","href":"https:\/\/api.w.org\/{rel}","templated":true}]}}