{"id":17448,"date":"2021-05-10T08:31:50","date_gmt":"2021-05-10T09:06:16","guid":{"rendered":"https:\/\/inverseteams.com\/?post_type=product&#038;p=17448"},"modified":"2023-10-05T08:16:48","modified_gmt":"2023-10-05T08:16:48","slug":"malla-curta-extrem","status":"publish","type":"product","link":"https:\/\/www.inverseteams.com\/ca\/producte\/malla-curta-extrem\/","title":{"rendered":"Malla curta EXTREM"},"content":{"rendered":"<p>Amb la nova malla de running aconseguir\u00e0s assolir el teu m\u00e0xim rendiment. El teixit es caracteritza per la seva bona compressi\u00f3 muscular. Aconsegueix mantenir sota control l&#8217;\u00e0cid l\u00e0ctic, retarda la fatiga muscular i ajuda a oxigenar la sang. Al final de les cames t\u00e9 una banda el\u00e0stica microperforada amb un grip de silicona hipoal\u00b7lerg\u00e8nica al seu interior. Aquesta evita que augmenti la sudoraci\u00f3 i mant\u00e9 la pe\u00e7a ben subjecta a la cama. A l&#8217;exterior t\u00e9 unes l\u00ednies reflectants 360\u00ba que augmentaran la teva seguretat ja que reflectiran la llum dels vehicles.<br \/>\nA la zona lumbar trobar\u00e0s una butxaca amb cremallera genial per guardar algun objecte de valor durant l&#8217;entrenament. Als dos laterals t\u00e9 una butxaca de reixeta perqu\u00e8 puguis portar barretes nutritives.<br \/>\nLes costures planes que incorpora s\u00f3n molt resistents i eviten qualsevol frec o irritaci\u00f3 de la pell. La goma el\u00e0stica de la cintura s&#8217;ajusta molt b\u00e9 al cos i mant\u00e9 la malla ferma sense molestar.<\/p>\n","protected":false},"excerpt":{"rendered":"<p>Amb la nova malla de running aconseguir\u00e0s assolir el teu m\u00e0xim rendiment. El teixit es caracteritza per la seva bona compressi\u00f3 muscular. Aconsegueix mantenir sota control l&#8217;\u00e0cid l\u00e0ctic, retarda la fatiga muscular i ajuda a oxigenar la sang. Al final de les cames t\u00e9 una banda el\u00e0stica microperforada amb un grip de silicona hipoal\u00b7lerg\u00e8nica al seu interior. Aquesta evita que augmenti la sudoraci\u00f3 i mant\u00e9 la pe\u00e7a ben subjecta a la cama. A l&#8217;exterior t\u00e9 unes l\u00ednies reflectants 360\u00ba que augmentaran la teva seguretat ja que reflectiran la llum dels vehicles.<br \/>\nA la zona lumbar trobar\u00e0s una butxaca amb cremallera genial per guardar algun objecte de valor durant l&#8217;entrenament. Als dos laterals t\u00e9 una butxaca de reixeta perqu\u00e8 puguis portar barretes nutritives.<br \/>\nLes costures planes que incorpora s\u00f3n molt resistents i eviten qualsevol frec o irritaci\u00f3 de la pell. La goma el\u00e0stica de la cintura s&#8217;ajusta molt b\u00e9 al cos i mant\u00e9 la malla ferma sense molestar.<\/p>\n","protected":false},"featured_media":141664,"comment_status":"closed","ping_status":"closed","template":"","meta":{"_acf_changed":false},"product_brand":[],"product_cat":[8306],"product_tag":[],"custom_category":[3347,3488,3473],"range":[2524],"class_list":{"0":"post-17448","1":"product","2":"type-product","3":"status-publish","4":"has-post-thumbnail","6":"product_cat-uncategorized-ca","7":"pa_climatologia-calor-ca","8":"pa_deporte-trail-ca","9":"pa_genero-home","10":"pa_genero-dona","11":"pa_genero-infantil-ca","12":"pa_patronaje-fit-ca","13":"pa_tipo-de-prenda-malla-curta","14":"custom_category-esport","15":"custom_category-pantalo-trail-running-personalitzat","16":"custom_category-roba-de-trail-running-personalitzada","17":"range-extrem-ca","19":"first","20":"instock","21":"product-type-custom"},"acf":[],"yoast_head":"<!-- This site is optimized with the Yoast SEO plugin v27.3 - https:\/\/yoast.com\/product\/yoast-seo-wordpress\/ -->\n<title>Malla curta EXTREM<\/title>\n<meta name=\"description\" content=\"Amb la nova malla de running aconseguir\u00e0s assolir el teu m\u00e0xim rendiment. El teixit es caracteritza per la seva bona compressi\u00f3 muscular. Aconsegueix mantenir sota control l&#039;\u00e0cid l\u00e0ctic, retarda la fatiga muscular i ajuda a oxigenar la sang. Al final de les cames t\u00e9 una banda el\u00e0stica microperforada amb un grip de silicona hipoal\u00b7lerg\u00e8nica al seu interior. Aquesta evita que augmenti la sudoraci\u00f3 i mant\u00e9 la pe\u00e7a ben subjecta a la cama. A l&#039;exterior t\u00e9 unes l\u00ednies reflectants 360\u00ba que augmentaran la teva seguretat ja que reflectiran la llum dels vehicles. A la zona lumbar trobar\u00e0s una butxaca amb cremallera genial per guardar algun objecte de valor durant l&#039;entrenament. Als dos laterals t\u00e9 una butxaca de reixeta perqu\u00e8 puguis portar barretes nutritives. Les costures planes que incorpora s\u00f3n molt resistents i eviten qualsevol frec o irritaci\u00f3 de la pell. La goma el\u00e0stica de la cintura s&#039;ajusta molt b\u00e9 al cos i mant\u00e9 la malla ferma sense molestar.\" \/>\n<meta name=\"robots\" content=\"index, follow, max-snippet:-1, max-image-preview:large, max-video-preview:-1\" \/>\n<link rel=\"canonical\" href=\"https:\/\/www.inverseteams.com\/ca\/producte\/malla-curta-extrem\/\" \/>\n<meta property=\"og:locale\" content=\"ca_ES\" \/>\n<meta property=\"og:type\" content=\"article\" \/>\n<meta property=\"og:title\" content=\"Malla curta EXTREM\" \/>\n<meta property=\"og:description\" content=\"Amb la nova malla de running aconseguir\u00e0s assolir el teu m\u00e0xim rendiment. El teixit es caracteritza per la seva bona compressi\u00f3 muscular. Aconsegueix mantenir sota control l&#039;\u00e0cid l\u00e0ctic, retarda la fatiga muscular i ajuda a oxigenar la sang. Al final de les cames t\u00e9 una banda el\u00e0stica microperforada amb un grip de silicona hipoal\u00b7lerg\u00e8nica al seu interior. Aquesta evita que augmenti la sudoraci\u00f3 i mant\u00e9 la pe\u00e7a ben subjecta a la cama. A l&#039;exterior t\u00e9 unes l\u00ednies reflectants 360\u00ba que augmentaran la teva seguretat ja que reflectiran la llum dels vehicles. A la zona lumbar trobar\u00e0s una butxaca amb cremallera genial per guardar algun objecte de valor durant l&#039;entrenament. Als dos laterals t\u00e9 una butxaca de reixeta perqu\u00e8 puguis portar barretes nutritives. Les costures planes que incorpora s\u00f3n molt resistents i eviten qualsevol frec o irritaci\u00f3 de la pell. La goma el\u00e0stica de la cintura s&#039;ajusta molt b\u00e9 al cos i mant\u00e9 la malla ferma sense molestar.\" \/>\n<meta property=\"og:url\" content=\"https:\/\/www.inverseteams.com\/ca\/producte\/malla-curta-extrem\/\" \/>\n<meta property=\"og:site_name\" content=\"Inverseteams\" \/>\n<meta property=\"article:publisher\" content=\"https:\/\/www.facebook.com\/inverseteams\" \/>\n<meta property=\"article:modified_time\" content=\"2023-10-05T08:16:48+00:00\" \/>\n<meta property=\"og:image\" content=\"https:\/\/www.inverseteams.com\/wp-content\/uploads\/MALLA-CORTA-EXTREM-1.jpg\" \/>\n\t<meta property=\"og:image:width\" content=\"3222\" \/>\n\t<meta property=\"og:image:height\" content=\"3462\" \/>\n\t<meta property=\"og:image:type\" content=\"image\/jpeg\" \/>\n<meta name=\"twitter:card\" content=\"summary_large_image\" \/>\n<meta name=\"twitter:label1\" content=\"Temps estimat de lectura\" \/>\n\t<meta name=\"twitter:data1\" content=\"1 minut\" \/>\n<script type=\"application\/ld+json\" class=\"yoast-schema-graph\">{\"@context\":\"https:\\\/\\\/schema.org\",\"@graph\":[{\"@type\":\"WebPage\",\"@id\":\"https:\\\/\\\/www.inverseteams.com\\\/ca\\\/producte\\\/malla-curta-extrem\\\/\",\"url\":\"https:\\\/\\\/www.inverseteams.com\\\/ca\\\/producte\\\/malla-curta-extrem\\\/\",\"name\":\"Malla curta EXTREM\",\"isPartOf\":{\"@id\":\"https:\\\/\\\/www.inverseteams.com\\\/ca\\\/#website\"},\"primaryImageOfPage\":{\"@id\":\"https:\\\/\\\/www.inverseteams.com\\\/ca\\\/producte\\\/malla-curta-extrem\\\/#primaryimage\"},\"image\":{\"@id\":\"https:\\\/\\\/www.inverseteams.com\\\/ca\\\/producte\\\/malla-curta-extrem\\\/#primaryimage\"},\"thumbnailUrl\":\"https:\\\/\\\/www.inverseteams.com\\\/wp-content\\\/uploads\\\/MALLA-CORTA-EXTREM-1.jpg\",\"datePublished\":\"2021-05-10T09:06:16+00:00\",\"dateModified\":\"2023-10-05T08:16:48+00:00\",\"description\":\"Amb la nova malla de running aconseguir\u00e0s assolir el teu m\u00e0xim rendiment. El teixit es caracteritza per la seva bona compressi\u00f3 muscular. Aconsegueix mantenir sota control l'\u00e0cid l\u00e0ctic, retarda la fatiga muscular i ajuda a oxigenar la sang. Al final de les cames t\u00e9 una banda el\u00e0stica microperforada amb un grip de silicona hipoal\u00b7lerg\u00e8nica al seu interior. Aquesta evita que augmenti la sudoraci\u00f3 i mant\u00e9 la pe\u00e7a ben subjecta a la cama. A l'exterior t\u00e9 unes l\u00ednies reflectants 360\u00ba que augmentaran la teva seguretat ja que reflectiran la llum dels vehicles. A la zona lumbar trobar\u00e0s una butxaca amb cremallera genial per guardar algun objecte de valor durant l'entrenament. Als dos laterals t\u00e9 una butxaca de reixeta perqu\u00e8 puguis portar barretes nutritives. Les costures planes que incorpora s\u00f3n molt resistents i eviten qualsevol frec o irritaci\u00f3 de la pell. La goma el\u00e0stica de la cintura s'ajusta molt b\u00e9 al cos i mant\u00e9 la malla ferma sense molestar.\",\"breadcrumb\":{\"@id\":\"https:\\\/\\\/www.inverseteams.com\\\/ca\\\/producte\\\/malla-curta-extrem\\\/#breadcrumb\"},\"inLanguage\":\"ca\",\"potentialAction\":[{\"@type\":\"ReadAction\",\"target\":[\"https:\\\/\\\/www.inverseteams.com\\\/ca\\\/producte\\\/malla-curta-extrem\\\/\"]}]},{\"@type\":\"ImageObject\",\"inLanguage\":\"ca\",\"@id\":\"https:\\\/\\\/www.inverseteams.com\\\/ca\\\/producte\\\/malla-curta-extrem\\\/#primaryimage\",\"url\":\"https:\\\/\\\/www.inverseteams.com\\\/wp-content\\\/uploads\\\/MALLA-CORTA-EXTREM-1.jpg\",\"contentUrl\":\"https:\\\/\\\/www.inverseteams.com\\\/wp-content\\\/uploads\\\/MALLA-CORTA-EXTREM-1.jpg\",\"width\":3222,\"height\":3462,\"caption\":\"short trail running personalizado\"},{\"@type\":\"BreadcrumbList\",\"@id\":\"https:\\\/\\\/www.inverseteams.com\\\/ca\\\/producte\\\/malla-curta-extrem\\\/#breadcrumb\",\"itemListElement\":[{\"@type\":\"ListItem\",\"position\":1,\"name\":\"Portada\",\"item\":\"https:\\\/\\\/www.inverseteams.com\\\/ca\\\/pagina-principal\\\/\"},{\"@type\":\"ListItem\",\"position\":2,\"name\":\"Botiga\",\"item\":\"https:\\\/\\\/www.inverseteams.com\\\/ca\\\/botiga\\\/\"},{\"@type\":\"ListItem\",\"position\":3,\"name\":\"Malla curta EXTREM\"}]},{\"@type\":\"WebSite\",\"@id\":\"https:\\\/\\\/www.inverseteams.com\\\/ca\\\/#website\",\"url\":\"https:\\\/\\\/www.inverseteams.com\\\/ca\\\/\",\"name\":\"Inverseteams\",\"description\":\"Tu marca de ropa deportiva personalizada\",\"publisher\":{\"@id\":\"https:\\\/\\\/www.inverseteams.com\\\/ca\\\/#organization\"},\"potentialAction\":[{\"@type\":\"SearchAction\",\"target\":{\"@type\":\"EntryPoint\",\"urlTemplate\":\"https:\\\/\\\/www.inverseteams.com\\\/ca\\\/?s={search_term_string}\"},\"query-input\":{\"@type\":\"PropertyValueSpecification\",\"valueRequired\":true,\"valueName\":\"search_term_string\"}}],\"inLanguage\":\"ca\"},{\"@type\":\"Organization\",\"@id\":\"https:\\\/\\\/www.inverseteams.com\\\/ca\\\/#organization\",\"name\":\"Inverse Teams\",\"url\":\"https:\\\/\\\/www.inverseteams.com\\\/ca\\\/\",\"logo\":{\"@type\":\"ImageObject\",\"inLanguage\":\"ca\",\"@id\":\"https:\\\/\\\/www.inverseteams.com\\\/ca\\\/#\\\/schema\\\/logo\\\/image\\\/\",\"url\":\"http:\\\/\\\/www.inverseteams.com\\\/wp-content\\\/uploads\\\/2021\\\/03\\\/logo-inverse-teams.png\",\"contentUrl\":\"http:\\\/\\\/www.inverseteams.com\\\/wp-content\\\/uploads\\\/2021\\\/03\\\/logo-inverse-teams.png\",\"width\":294,\"height\":99,\"caption\":\"Inverse Teams\"},\"image\":{\"@id\":\"https:\\\/\\\/www.inverseteams.com\\\/ca\\\/#\\\/schema\\\/logo\\\/image\\\/\"},\"sameAs\":[\"https:\\\/\\\/www.facebook.com\\\/inverseteams\",\"http:\\\/\\\/instagram.com\\\/inverseteams\",\"https:\\\/\\\/www.linkedin.com\\\/company\\\/inverse-cirosport-s-l-?trk=job_view_topcard_company_name\",\"http:\\\/\\\/www.pinterest.com\\\/inverseteams\\\/\",\"http:\\\/\\\/www.youtube.com\\\/user\\\/inverseteams?feature=watch\"]}]}<\/script>\n<!-- \/ Yoast SEO plugin. -->","yoast_head_json":{"title":"Malla curta EXTREM","description":"Amb la nova malla de running aconseguir\u00e0s assolir el teu m\u00e0xim rendiment. El teixit es caracteritza per la seva bona compressi\u00f3 muscular. Aconsegueix mantenir sota control l'\u00e0cid l\u00e0ctic, retarda la fatiga muscular i ajuda a oxigenar la sang. Al final de les cames t\u00e9 una banda el\u00e0stica microperforada amb un grip de silicona hipoal\u00b7lerg\u00e8nica al seu interior. Aquesta evita que augmenti la sudoraci\u00f3 i mant\u00e9 la pe\u00e7a ben subjecta a la cama. A l'exterior t\u00e9 unes l\u00ednies reflectants 360\u00ba que augmentaran la teva seguretat ja que reflectiran la llum dels vehicles. A la zona lumbar trobar\u00e0s una butxaca amb cremallera genial per guardar algun objecte de valor durant l'entrenament. Als dos laterals t\u00e9 una butxaca de reixeta perqu\u00e8 puguis portar barretes nutritives. Les costures planes que incorpora s\u00f3n molt resistents i eviten qualsevol frec o irritaci\u00f3 de la pell. La goma el\u00e0stica de la cintura s'ajusta molt b\u00e9 al cos i mant\u00e9 la malla ferma sense molestar.","robots":{"index":"index","follow":"follow","max-snippet":"max-snippet:-1","max-image-preview":"max-image-preview:large","max-video-preview":"max-video-preview:-1"},"canonical":"https:\/\/www.inverseteams.com\/ca\/producte\/malla-curta-extrem\/","og_locale":"ca_ES","og_type":"article","og_title":"Malla curta EXTREM","og_description":"Amb la nova malla de running aconseguir\u00e0s assolir el teu m\u00e0xim rendiment. El teixit es caracteritza per la seva bona compressi\u00f3 muscular. Aconsegueix mantenir sota control l'\u00e0cid l\u00e0ctic, retarda la fatiga muscular i ajuda a oxigenar la sang. Al final de les cames t\u00e9 una banda el\u00e0stica microperforada amb un grip de silicona hipoal\u00b7lerg\u00e8nica al seu interior. Aquesta evita que augmenti la sudoraci\u00f3 i mant\u00e9 la pe\u00e7a ben subjecta a la cama. A l'exterior t\u00e9 unes l\u00ednies reflectants 360\u00ba que augmentaran la teva seguretat ja que reflectiran la llum dels vehicles. A la zona lumbar trobar\u00e0s una butxaca amb cremallera genial per guardar algun objecte de valor durant l'entrenament. Als dos laterals t\u00e9 una butxaca de reixeta perqu\u00e8 puguis portar barretes nutritives. Les costures planes que incorpora s\u00f3n molt resistents i eviten qualsevol frec o irritaci\u00f3 de la pell. La goma el\u00e0stica de la cintura s'ajusta molt b\u00e9 al cos i mant\u00e9 la malla ferma sense molestar.","og_url":"https:\/\/www.inverseteams.com\/ca\/producte\/malla-curta-extrem\/","og_site_name":"Inverseteams","article_publisher":"https:\/\/www.facebook.com\/inverseteams","article_modified_time":"2023-10-05T08:16:48+00:00","og_image":[{"width":3222,"height":3462,"url":"https:\/\/www.inverseteams.com\/wp-content\/uploads\/MALLA-CORTA-EXTREM-1.jpg","type":"image\/jpeg"}],"twitter_card":"summary_large_image","twitter_misc":{"Temps estimat de lectura":"1 minut"},"schema":{"@context":"https:\/\/schema.org","@graph":[{"@type":"WebPage","@id":"https:\/\/www.inverseteams.com\/ca\/producte\/malla-curta-extrem\/","url":"https:\/\/www.inverseteams.com\/ca\/producte\/malla-curta-extrem\/","name":"Malla curta EXTREM","isPartOf":{"@id":"https:\/\/www.inverseteams.com\/ca\/#website"},"primaryImageOfPage":{"@id":"https:\/\/www.inverseteams.com\/ca\/producte\/malla-curta-extrem\/#primaryimage"},"image":{"@id":"https:\/\/www.inverseteams.com\/ca\/producte\/malla-curta-extrem\/#primaryimage"},"thumbnailUrl":"https:\/\/www.inverseteams.com\/wp-content\/uploads\/MALLA-CORTA-EXTREM-1.jpg","datePublished":"2021-05-10T09:06:16+00:00","dateModified":"2023-10-05T08:16:48+00:00","description":"Amb la nova malla de running aconseguir\u00e0s assolir el teu m\u00e0xim rendiment. El teixit es caracteritza per la seva bona compressi\u00f3 muscular. Aconsegueix mantenir sota control l'\u00e0cid l\u00e0ctic, retarda la fatiga muscular i ajuda a oxigenar la sang. Al final de les cames t\u00e9 una banda el\u00e0stica microperforada amb un grip de silicona hipoal\u00b7lerg\u00e8nica al seu interior. Aquesta evita que augmenti la sudoraci\u00f3 i mant\u00e9 la pe\u00e7a ben subjecta a la cama. A l'exterior t\u00e9 unes l\u00ednies reflectants 360\u00ba que augmentaran la teva seguretat ja que reflectiran la llum dels vehicles. A la zona lumbar trobar\u00e0s una butxaca amb cremallera genial per guardar algun objecte de valor durant l'entrenament. Als dos laterals t\u00e9 una butxaca de reixeta perqu\u00e8 puguis portar barretes nutritives. Les costures planes que incorpora s\u00f3n molt resistents i eviten qualsevol frec o irritaci\u00f3 de la pell. La goma el\u00e0stica de la cintura s'ajusta molt b\u00e9 al cos i mant\u00e9 la malla ferma sense molestar.","breadcrumb":{"@id":"https:\/\/www.inverseteams.com\/ca\/producte\/malla-curta-extrem\/#breadcrumb"},"inLanguage":"ca","potentialAction":[{"@type":"ReadAction","target":["https:\/\/www.inverseteams.com\/ca\/producte\/malla-curta-extrem\/"]}]},{"@type":"ImageObject","inLanguage":"ca","@id":"https:\/\/www.inverseteams.com\/ca\/producte\/malla-curta-extrem\/#primaryimage","url":"https:\/\/www.inverseteams.com\/wp-content\/uploads\/MALLA-CORTA-EXTREM-1.jpg","contentUrl":"https:\/\/www.inverseteams.com\/wp-content\/uploads\/MALLA-CORTA-EXTREM-1.jpg","width":3222,"height":3462,"caption":"short trail running personalizado"},{"@type":"BreadcrumbList","@id":"https:\/\/www.inverseteams.com\/ca\/producte\/malla-curta-extrem\/#breadcrumb","itemListElement":[{"@type":"ListItem","position":1,"name":"Portada","item":"https:\/\/www.inverseteams.com\/ca\/pagina-principal\/"},{"@type":"ListItem","position":2,"name":"Botiga","item":"https:\/\/www.inverseteams.com\/ca\/botiga\/"},{"@type":"ListItem","position":3,"name":"Malla curta EXTREM"}]},{"@type":"WebSite","@id":"https:\/\/www.inverseteams.com\/ca\/#website","url":"https:\/\/www.inverseteams.com\/ca\/","name":"Inverseteams","description":"Tu marca de ropa deportiva personalizada","publisher":{"@id":"https:\/\/www.inverseteams.com\/ca\/#organization"},"potentialAction":[{"@type":"SearchAction","target":{"@type":"EntryPoint","urlTemplate":"https:\/\/www.inverseteams.com\/ca\/?s={search_term_string}"},"query-input":{"@type":"PropertyValueSpecification","valueRequired":true,"valueName":"search_term_string"}}],"inLanguage":"ca"},{"@type":"Organization","@id":"https:\/\/www.inverseteams.com\/ca\/#organization","name":"Inverse Teams","url":"https:\/\/www.inverseteams.com\/ca\/","logo":{"@type":"ImageObject","inLanguage":"ca","@id":"https:\/\/www.inverseteams.com\/ca\/#\/schema\/logo\/image\/","url":"https:\/\/www.inverseteams.com\/wp-content\/uploads\/2021\/03\/logo-inverse-teams.png","contentUrl":"https:\/\/www.inverseteams.com\/wp-content\/uploads\/2021\/03\/logo-inverse-teams.png","width":294,"height":99,"caption":"Inverse Teams"},"image":{"@id":"https:\/\/www.inverseteams.com\/ca\/#\/schema\/logo\/image\/"},"sameAs":["https:\/\/www.facebook.com\/inverseteams","http:\/\/instagram.com\/inverseteams","https:\/\/www.linkedin.com\/company\/inverse-cirosport-s-l-?trk=job_view_topcard_company_name","http:\/\/www.pinterest.com\/inverseteams\/","http:\/\/www.youtube.com\/user\/inverseteams?feature=watch"]}]}},"_links":{"self":[{"href":"https:\/\/www.inverseteams.com\/ca\/wp-json\/wp\/v2\/product\/17448","targetHints":{"allow":["GET"]}}],"collection":[{"href":"https:\/\/www.inverseteams.com\/ca\/wp-json\/wp\/v2\/product"}],"about":[{"href":"https:\/\/www.inverseteams.com\/ca\/wp-json\/wp\/v2\/types\/product"}],"replies":[{"embeddable":true,"href":"https:\/\/www.inverseteams.com\/ca\/wp-json\/wp\/v2\/comments?post=17448"}],"wp:featuredmedia":[{"embeddable":true,"href":"https:\/\/www.inverseteams.com\/ca\/wp-json\/wp\/v2\/media\/141664"}],"wp:attachment":[{"href":"https:\/\/www.inverseteams.com\/ca\/wp-json\/wp\/v2\/media?parent=17448"}],"wp:term":[{"taxonomy":"product_brand","embeddable":true,"href":"https:\/\/www.inverseteams.com\/ca\/wp-json\/wp\/v2\/product_brand?post=17448"},{"taxonomy":"product_cat","embeddable":true,"href":"https:\/\/www.inverseteams.com\/ca\/wp-json\/wp\/v2\/product_cat?post=17448"},{"taxonomy":"product_tag","embeddable":true,"href":"https:\/\/www.inverseteams.com\/ca\/wp-json\/wp\/v2\/product_tag?post=17448"},{"taxonomy":"custom_category","embeddable":true,"href":"https:\/\/www.inverseteams.com\/ca\/wp-json\/wp\/v2\/custom_category?post=17448"},{"taxonomy":"range","embeddable":true,"href":"https:\/\/www.inverseteams.com\/ca\/wp-json\/wp\/v2\/range?post=17448"}],"curies":[{"name":"wp","href":"https:\/\/api.w.org\/{rel}","templated":true}]}}