{"id":17446,"date":"2021-05-10T08:31:43","date_gmt":"2021-05-10T09:06:16","guid":{"rendered":"https:\/\/inverseteams.com\/?post_type=product&#038;p=17446"},"modified":"2023-10-05T08:16:18","modified_gmt":"2023-10-05T08:16:18","slug":"samarreta-trail-maniga-curta-extrem","status":"publish","type":"product","link":"https:\/\/www.inverseteams.com\/ca\/producte\/samarreta-trail-maniga-curta-extrem\/","title":{"rendered":"Samarreta trail m\u00e0niga curta EXTREM"},"content":{"rendered":"<p>Samarreta t\u00e8cnica s\u00faper lleugera ideal per a l&#8217;entrenament i la competici\u00f3. El seu teixit d&#8217;estructura oberta assegura una r\u00e0pida expulsi\u00f3 de la humitat corporal, deixant la pell seca i fresca. A m\u00e9s, t\u00e9 una alta capacitat d&#8217;assecat i podr\u00e0s c\u00f3rrer de manera confortable.<br \/>\nEl rivet el\u00e0stic de coll t\u00e9 un tacte molt agradable i s&#8217;adapta perfectament al cos sense provocar rascades. Les diferents peces de la samarreta estan cosides amb costures planes s\u00faper resistents que augmenten la qualitat de la pe\u00e7a, augmenten el teu confort i aporten un disseny m\u00e9s atractiu.<br \/>\nAls laterals t\u00e9 una butxaca de reixeta on podr\u00e0s portar c\u00f2modament barretes nutritives.<\/p>\n","protected":false},"excerpt":{"rendered":"<p>Samarreta t\u00e8cnica s\u00faper lleugera ideal per a l&#8217;entrenament i la competici\u00f3. El seu teixit d&#8217;estructura oberta assegura una r\u00e0pida expulsi\u00f3 de la humitat corporal, deixant la pell seca i fresca. A m\u00e9s, t\u00e9 una alta capacitat d&#8217;assecat i podr\u00e0s c\u00f3rrer de manera confortable.<br \/>\nEl rivet el\u00e0stic de coll t\u00e9 un tacte molt agradable i s&#8217;adapta perfectament al cos sense provocar rascades. Les diferents peces de la samarreta estan cosides amb costures planes s\u00faper resistents que augmenten la qualitat de la pe\u00e7a, augmenten el teu confort i aporten un disseny m\u00e9s atractiu.<br \/>\nAls laterals t\u00e9 una butxaca de reixeta on podr\u00e0s portar c\u00f2modament barretes nutritives.<\/p>\n","protected":false},"featured_media":141648,"comment_status":"closed","ping_status":"closed","template":"","meta":{"_acf_changed":false},"product_brand":[],"product_cat":[8306],"product_tag":[],"custom_category":[3347,3476,3473],"range":[2524],"class_list":{"0":"post-17446","1":"product","2":"type-product","3":"status-publish","4":"has-post-thumbnail","6":"product_cat-uncategorized-ca","7":"pa_climatologia-calor-ca","8":"pa_deporte-trail-ca","9":"pa_genero-dona","10":"pa_genero-infantil-ca","11":"pa_genero-home","12":"pa_patronaje-regular-ca","13":"pa_tipo-de-prenda-samarreta","14":"custom_category-esport","15":"custom_category-samarreta-trail-running-personalitzada","16":"custom_category-roba-de-trail-running-personalitzada","17":"range-extrem-ca","19":"first","20":"instock","21":"product-type-custom"},"acf":[],"yoast_head":"<!-- This site is optimized with the Yoast SEO plugin v27.3 - https:\/\/yoast.com\/product\/yoast-seo-wordpress\/ -->\n<title>Samarreta trail m\u00e0niga curta EXTREM<\/title>\n<meta name=\"description\" content=\"Samarreta t\u00e8cnica s\u00faper lleugera ideal per a l&#039;entrenament i la competici\u00f3. El seu teixit d&#039;estructura oberta assegura una r\u00e0pida expulsi\u00f3 de la humitat corporal, deixant la pell seca i fresca. A m\u00e9s, t\u00e9 una alta capacitat d&#039;assecat i podr\u00e0s c\u00f3rrer de manera confortable. El rivet el\u00e0stic de coll t\u00e9 un tacte molt agradable i s&#039;adapta perfectament al cos sense provocar rascades. Les diferents peces de la samarreta estan cosides amb costures planes s\u00faper resistents que augmenten la qualitat de la pe\u00e7a, augmenten el teu confort i aporten un disseny m\u00e9s atractiu. Als laterals t\u00e9 una butxaca de reixeta on podr\u00e0s portar c\u00f2modament barretes nutritives.\" \/>\n<meta name=\"robots\" content=\"index, follow, max-snippet:-1, max-image-preview:large, max-video-preview:-1\" \/>\n<link rel=\"canonical\" href=\"https:\/\/www.inverseteams.com\/ca\/producte\/samarreta-trail-maniga-curta-extrem\/\" \/>\n<meta property=\"og:locale\" content=\"ca_ES\" \/>\n<meta property=\"og:type\" content=\"article\" \/>\n<meta property=\"og:title\" content=\"Samarreta trail m\u00e0niga curta EXTREM\" \/>\n<meta property=\"og:description\" content=\"Samarreta t\u00e8cnica s\u00faper lleugera ideal per a l&#039;entrenament i la competici\u00f3. El seu teixit d&#039;estructura oberta assegura una r\u00e0pida expulsi\u00f3 de la humitat corporal, deixant la pell seca i fresca. A m\u00e9s, t\u00e9 una alta capacitat d&#039;assecat i podr\u00e0s c\u00f3rrer de manera confortable. El rivet el\u00e0stic de coll t\u00e9 un tacte molt agradable i s&#039;adapta perfectament al cos sense provocar rascades. Les diferents peces de la samarreta estan cosides amb costures planes s\u00faper resistents que augmenten la qualitat de la pe\u00e7a, augmenten el teu confort i aporten un disseny m\u00e9s atractiu. Als laterals t\u00e9 una butxaca de reixeta on podr\u00e0s portar c\u00f2modament barretes nutritives.\" \/>\n<meta property=\"og:url\" content=\"https:\/\/www.inverseteams.com\/ca\/producte\/samarreta-trail-maniga-curta-extrem\/\" \/>\n<meta property=\"og:site_name\" content=\"Inverseteams\" \/>\n<meta property=\"article:publisher\" content=\"https:\/\/www.facebook.com\/inverseteams\" \/>\n<meta property=\"article:modified_time\" content=\"2023-10-05T08:16:18+00:00\" \/>\n<meta property=\"og:image\" content=\"https:\/\/www.inverseteams.com\/wp-content\/uploads\/CAMISETA-MC-EXTREM-1-1.jpg\" \/>\n\t<meta property=\"og:image:width\" content=\"3222\" \/>\n\t<meta property=\"og:image:height\" content=\"3462\" \/>\n\t<meta property=\"og:image:type\" content=\"image\/jpeg\" \/>\n<meta name=\"twitter:card\" content=\"summary_large_image\" \/>\n<meta name=\"twitter:label1\" content=\"Temps estimat de lectura\" \/>\n\t<meta name=\"twitter:data1\" content=\"1 minut\" \/>\n<script type=\"application\/ld+json\" class=\"yoast-schema-graph\">{\"@context\":\"https:\\\/\\\/schema.org\",\"@graph\":[{\"@type\":\"WebPage\",\"@id\":\"https:\\\/\\\/www.inverseteams.com\\\/ca\\\/producte\\\/samarreta-trail-maniga-curta-extrem\\\/\",\"url\":\"https:\\\/\\\/www.inverseteams.com\\\/ca\\\/producte\\\/samarreta-trail-maniga-curta-extrem\\\/\",\"name\":\"Samarreta trail m\u00e0niga curta EXTREM\",\"isPartOf\":{\"@id\":\"https:\\\/\\\/www.inverseteams.com\\\/ca\\\/#website\"},\"primaryImageOfPage\":{\"@id\":\"https:\\\/\\\/www.inverseteams.com\\\/ca\\\/producte\\\/samarreta-trail-maniga-curta-extrem\\\/#primaryimage\"},\"image\":{\"@id\":\"https:\\\/\\\/www.inverseteams.com\\\/ca\\\/producte\\\/samarreta-trail-maniga-curta-extrem\\\/#primaryimage\"},\"thumbnailUrl\":\"https:\\\/\\\/www.inverseteams.com\\\/wp-content\\\/uploads\\\/CAMISETA-MC-EXTREM-1-1.jpg\",\"datePublished\":\"2021-05-10T09:06:16+00:00\",\"dateModified\":\"2023-10-05T08:16:18+00:00\",\"description\":\"Samarreta t\u00e8cnica s\u00faper lleugera ideal per a l'entrenament i la competici\u00f3. El seu teixit d'estructura oberta assegura una r\u00e0pida expulsi\u00f3 de la humitat corporal, deixant la pell seca i fresca. A m\u00e9s, t\u00e9 una alta capacitat d'assecat i podr\u00e0s c\u00f3rrer de manera confortable. El rivet el\u00e0stic de coll t\u00e9 un tacte molt agradable i s'adapta perfectament al cos sense provocar rascades. Les diferents peces de la samarreta estan cosides amb costures planes s\u00faper resistents que augmenten la qualitat de la pe\u00e7a, augmenten el teu confort i aporten un disseny m\u00e9s atractiu. Als laterals t\u00e9 una butxaca de reixeta on podr\u00e0s portar c\u00f2modament barretes nutritives.\",\"breadcrumb\":{\"@id\":\"https:\\\/\\\/www.inverseteams.com\\\/ca\\\/producte\\\/samarreta-trail-maniga-curta-extrem\\\/#breadcrumb\"},\"inLanguage\":\"ca\",\"potentialAction\":[{\"@type\":\"ReadAction\",\"target\":[\"https:\\\/\\\/www.inverseteams.com\\\/ca\\\/producte\\\/samarreta-trail-maniga-curta-extrem\\\/\"]}]},{\"@type\":\"ImageObject\",\"inLanguage\":\"ca\",\"@id\":\"https:\\\/\\\/www.inverseteams.com\\\/ca\\\/producte\\\/samarreta-trail-maniga-curta-extrem\\\/#primaryimage\",\"url\":\"https:\\\/\\\/www.inverseteams.com\\\/wp-content\\\/uploads\\\/CAMISETA-MC-EXTREM-1-1.jpg\",\"contentUrl\":\"https:\\\/\\\/www.inverseteams.com\\\/wp-content\\\/uploads\\\/CAMISETA-MC-EXTREM-1-1.jpg\",\"width\":3222,\"height\":3462,\"caption\":\"camiseta manga corta sky running personalizada\"},{\"@type\":\"BreadcrumbList\",\"@id\":\"https:\\\/\\\/www.inverseteams.com\\\/ca\\\/producte\\\/samarreta-trail-maniga-curta-extrem\\\/#breadcrumb\",\"itemListElement\":[{\"@type\":\"ListItem\",\"position\":1,\"name\":\"Portada\",\"item\":\"https:\\\/\\\/www.inverseteams.com\\\/ca\\\/pagina-principal\\\/\"},{\"@type\":\"ListItem\",\"position\":2,\"name\":\"Botiga\",\"item\":\"https:\\\/\\\/www.inverseteams.com\\\/ca\\\/botiga\\\/\"},{\"@type\":\"ListItem\",\"position\":3,\"name\":\"Samarreta trail m\u00e0niga curta EXTREM\"}]},{\"@type\":\"WebSite\",\"@id\":\"https:\\\/\\\/www.inverseteams.com\\\/ca\\\/#website\",\"url\":\"https:\\\/\\\/www.inverseteams.com\\\/ca\\\/\",\"name\":\"Inverseteams\",\"description\":\"Tu marca de ropa deportiva personalizada\",\"publisher\":{\"@id\":\"https:\\\/\\\/www.inverseteams.com\\\/ca\\\/#organization\"},\"potentialAction\":[{\"@type\":\"SearchAction\",\"target\":{\"@type\":\"EntryPoint\",\"urlTemplate\":\"https:\\\/\\\/www.inverseteams.com\\\/ca\\\/?s={search_term_string}\"},\"query-input\":{\"@type\":\"PropertyValueSpecification\",\"valueRequired\":true,\"valueName\":\"search_term_string\"}}],\"inLanguage\":\"ca\"},{\"@type\":\"Organization\",\"@id\":\"https:\\\/\\\/www.inverseteams.com\\\/ca\\\/#organization\",\"name\":\"Inverse Teams\",\"url\":\"https:\\\/\\\/www.inverseteams.com\\\/ca\\\/\",\"logo\":{\"@type\":\"ImageObject\",\"inLanguage\":\"ca\",\"@id\":\"https:\\\/\\\/www.inverseteams.com\\\/ca\\\/#\\\/schema\\\/logo\\\/image\\\/\",\"url\":\"https:\\\/\\\/www.inverseteams.com\\\/wp-content\\\/uploads\\\/2021\\\/03\\\/logo-inverse-teams.png\",\"contentUrl\":\"https:\\\/\\\/www.inverseteams.com\\\/wp-content\\\/uploads\\\/2021\\\/03\\\/logo-inverse-teams.png\",\"width\":294,\"height\":99,\"caption\":\"Inverse Teams\"},\"image\":{\"@id\":\"https:\\\/\\\/www.inverseteams.com\\\/ca\\\/#\\\/schema\\\/logo\\\/image\\\/\"},\"sameAs\":[\"https:\\\/\\\/www.facebook.com\\\/inverseteams\",\"http:\\\/\\\/instagram.com\\\/inverseteams\",\"https:\\\/\\\/www.linkedin.com\\\/company\\\/inverse-cirosport-s-l-?trk=job_view_topcard_company_name\",\"http:\\\/\\\/www.pinterest.com\\\/inverseteams\\\/\",\"http:\\\/\\\/www.youtube.com\\\/user\\\/inverseteams?feature=watch\"]}]}<\/script>\n<!-- \/ Yoast SEO plugin. -->","yoast_head_json":{"title":"Samarreta trail m\u00e0niga curta EXTREM","description":"Samarreta t\u00e8cnica s\u00faper lleugera ideal per a l'entrenament i la competici\u00f3. El seu teixit d'estructura oberta assegura una r\u00e0pida expulsi\u00f3 de la humitat corporal, deixant la pell seca i fresca. A m\u00e9s, t\u00e9 una alta capacitat d'assecat i podr\u00e0s c\u00f3rrer de manera confortable. El rivet el\u00e0stic de coll t\u00e9 un tacte molt agradable i s'adapta perfectament al cos sense provocar rascades. Les diferents peces de la samarreta estan cosides amb costures planes s\u00faper resistents que augmenten la qualitat de la pe\u00e7a, augmenten el teu confort i aporten un disseny m\u00e9s atractiu. Als laterals t\u00e9 una butxaca de reixeta on podr\u00e0s portar c\u00f2modament barretes nutritives.","robots":{"index":"index","follow":"follow","max-snippet":"max-snippet:-1","max-image-preview":"max-image-preview:large","max-video-preview":"max-video-preview:-1"},"canonical":"https:\/\/www.inverseteams.com\/ca\/producte\/samarreta-trail-maniga-curta-extrem\/","og_locale":"ca_ES","og_type":"article","og_title":"Samarreta trail m\u00e0niga curta EXTREM","og_description":"Samarreta t\u00e8cnica s\u00faper lleugera ideal per a l'entrenament i la competici\u00f3. El seu teixit d'estructura oberta assegura una r\u00e0pida expulsi\u00f3 de la humitat corporal, deixant la pell seca i fresca. A m\u00e9s, t\u00e9 una alta capacitat d'assecat i podr\u00e0s c\u00f3rrer de manera confortable. El rivet el\u00e0stic de coll t\u00e9 un tacte molt agradable i s'adapta perfectament al cos sense provocar rascades. Les diferents peces de la samarreta estan cosides amb costures planes s\u00faper resistents que augmenten la qualitat de la pe\u00e7a, augmenten el teu confort i aporten un disseny m\u00e9s atractiu. Als laterals t\u00e9 una butxaca de reixeta on podr\u00e0s portar c\u00f2modament barretes nutritives.","og_url":"https:\/\/www.inverseteams.com\/ca\/producte\/samarreta-trail-maniga-curta-extrem\/","og_site_name":"Inverseteams","article_publisher":"https:\/\/www.facebook.com\/inverseteams","article_modified_time":"2023-10-05T08:16:18+00:00","og_image":[{"width":3222,"height":3462,"url":"https:\/\/www.inverseteams.com\/wp-content\/uploads\/CAMISETA-MC-EXTREM-1-1.jpg","type":"image\/jpeg"}],"twitter_card":"summary_large_image","twitter_misc":{"Temps estimat de lectura":"1 minut"},"schema":{"@context":"https:\/\/schema.org","@graph":[{"@type":"WebPage","@id":"https:\/\/www.inverseteams.com\/ca\/producte\/samarreta-trail-maniga-curta-extrem\/","url":"https:\/\/www.inverseteams.com\/ca\/producte\/samarreta-trail-maniga-curta-extrem\/","name":"Samarreta trail m\u00e0niga curta EXTREM","isPartOf":{"@id":"https:\/\/www.inverseteams.com\/ca\/#website"},"primaryImageOfPage":{"@id":"https:\/\/www.inverseteams.com\/ca\/producte\/samarreta-trail-maniga-curta-extrem\/#primaryimage"},"image":{"@id":"https:\/\/www.inverseteams.com\/ca\/producte\/samarreta-trail-maniga-curta-extrem\/#primaryimage"},"thumbnailUrl":"https:\/\/www.inverseteams.com\/wp-content\/uploads\/CAMISETA-MC-EXTREM-1-1.jpg","datePublished":"2021-05-10T09:06:16+00:00","dateModified":"2023-10-05T08:16:18+00:00","description":"Samarreta t\u00e8cnica s\u00faper lleugera ideal per a l'entrenament i la competici\u00f3. El seu teixit d'estructura oberta assegura una r\u00e0pida expulsi\u00f3 de la humitat corporal, deixant la pell seca i fresca. A m\u00e9s, t\u00e9 una alta capacitat d'assecat i podr\u00e0s c\u00f3rrer de manera confortable. El rivet el\u00e0stic de coll t\u00e9 un tacte molt agradable i s'adapta perfectament al cos sense provocar rascades. Les diferents peces de la samarreta estan cosides amb costures planes s\u00faper resistents que augmenten la qualitat de la pe\u00e7a, augmenten el teu confort i aporten un disseny m\u00e9s atractiu. Als laterals t\u00e9 una butxaca de reixeta on podr\u00e0s portar c\u00f2modament barretes nutritives.","breadcrumb":{"@id":"https:\/\/www.inverseteams.com\/ca\/producte\/samarreta-trail-maniga-curta-extrem\/#breadcrumb"},"inLanguage":"ca","potentialAction":[{"@type":"ReadAction","target":["https:\/\/www.inverseteams.com\/ca\/producte\/samarreta-trail-maniga-curta-extrem\/"]}]},{"@type":"ImageObject","inLanguage":"ca","@id":"https:\/\/www.inverseteams.com\/ca\/producte\/samarreta-trail-maniga-curta-extrem\/#primaryimage","url":"https:\/\/www.inverseteams.com\/wp-content\/uploads\/CAMISETA-MC-EXTREM-1-1.jpg","contentUrl":"https:\/\/www.inverseteams.com\/wp-content\/uploads\/CAMISETA-MC-EXTREM-1-1.jpg","width":3222,"height":3462,"caption":"camiseta manga corta sky running personalizada"},{"@type":"BreadcrumbList","@id":"https:\/\/www.inverseteams.com\/ca\/producte\/samarreta-trail-maniga-curta-extrem\/#breadcrumb","itemListElement":[{"@type":"ListItem","position":1,"name":"Portada","item":"https:\/\/www.inverseteams.com\/ca\/pagina-principal\/"},{"@type":"ListItem","position":2,"name":"Botiga","item":"https:\/\/www.inverseteams.com\/ca\/botiga\/"},{"@type":"ListItem","position":3,"name":"Samarreta trail m\u00e0niga curta EXTREM"}]},{"@type":"WebSite","@id":"https:\/\/www.inverseteams.com\/ca\/#website","url":"https:\/\/www.inverseteams.com\/ca\/","name":"Inverseteams","description":"Tu marca de ropa deportiva personalizada","publisher":{"@id":"https:\/\/www.inverseteams.com\/ca\/#organization"},"potentialAction":[{"@type":"SearchAction","target":{"@type":"EntryPoint","urlTemplate":"https:\/\/www.inverseteams.com\/ca\/?s={search_term_string}"},"query-input":{"@type":"PropertyValueSpecification","valueRequired":true,"valueName":"search_term_string"}}],"inLanguage":"ca"},{"@type":"Organization","@id":"https:\/\/www.inverseteams.com\/ca\/#organization","name":"Inverse Teams","url":"https:\/\/www.inverseteams.com\/ca\/","logo":{"@type":"ImageObject","inLanguage":"ca","@id":"https:\/\/www.inverseteams.com\/ca\/#\/schema\/logo\/image\/","url":"https:\/\/www.inverseteams.com\/wp-content\/uploads\/2021\/03\/logo-inverse-teams.png","contentUrl":"https:\/\/www.inverseteams.com\/wp-content\/uploads\/2021\/03\/logo-inverse-teams.png","width":294,"height":99,"caption":"Inverse Teams"},"image":{"@id":"https:\/\/www.inverseteams.com\/ca\/#\/schema\/logo\/image\/"},"sameAs":["https:\/\/www.facebook.com\/inverseteams","http:\/\/instagram.com\/inverseteams","https:\/\/www.linkedin.com\/company\/inverse-cirosport-s-l-?trk=job_view_topcard_company_name","http:\/\/www.pinterest.com\/inverseteams\/","http:\/\/www.youtube.com\/user\/inverseteams?feature=watch"]}]}},"_links":{"self":[{"href":"https:\/\/www.inverseteams.com\/ca\/wp-json\/wp\/v2\/product\/17446","targetHints":{"allow":["GET"]}}],"collection":[{"href":"https:\/\/www.inverseteams.com\/ca\/wp-json\/wp\/v2\/product"}],"about":[{"href":"https:\/\/www.inverseteams.com\/ca\/wp-json\/wp\/v2\/types\/product"}],"replies":[{"embeddable":true,"href":"https:\/\/www.inverseteams.com\/ca\/wp-json\/wp\/v2\/comments?post=17446"}],"wp:featuredmedia":[{"embeddable":true,"href":"https:\/\/www.inverseteams.com\/ca\/wp-json\/wp\/v2\/media\/141648"}],"wp:attachment":[{"href":"https:\/\/www.inverseteams.com\/ca\/wp-json\/wp\/v2\/media?parent=17446"}],"wp:term":[{"taxonomy":"product_brand","embeddable":true,"href":"https:\/\/www.inverseteams.com\/ca\/wp-json\/wp\/v2\/product_brand?post=17446"},{"taxonomy":"product_cat","embeddable":true,"href":"https:\/\/www.inverseteams.com\/ca\/wp-json\/wp\/v2\/product_cat?post=17446"},{"taxonomy":"product_tag","embeddable":true,"href":"https:\/\/www.inverseteams.com\/ca\/wp-json\/wp\/v2\/product_tag?post=17446"},{"taxonomy":"custom_category","embeddable":true,"href":"https:\/\/www.inverseteams.com\/ca\/wp-json\/wp\/v2\/custom_category?post=17446"},{"taxonomy":"range","embeddable":true,"href":"https:\/\/www.inverseteams.com\/ca\/wp-json\/wp\/v2\/range?post=17446"}],"curies":[{"name":"wp","href":"https:\/\/api.w.org\/{rel}","templated":true}]}}