{"id":17438,"date":"2021-05-10T08:31:36","date_gmt":"2021-05-10T08:31:36","guid":{"rendered":"https:\/\/inverseteams.com\/?post_type=product&#038;p=17438"},"modified":"2023-10-04T10:57:53","modified_gmt":"2023-10-04T10:57:53","slug":"malla-llarga-isotermica-kom","status":"publish","type":"product","link":"https:\/\/www.inverseteams.com\/ca\/producte\/malla-llarga-isotermica-kom\/","title":{"rendered":"Malla llarga isot\u00e8rmica KOM"},"content":{"rendered":"<p>Amb la nova malla de running aconseguir\u00e0s assolir el teu m\u00e0xim rendiment. L&#8217;elasticitat del teixit permetr\u00e0 que s&#8217;adapti perfectament a les teves cames. A m\u00e9s tenen un tacte molt agradable perqu\u00e8 et sentis confortable durant llargues sessions d&#8217;exercici. El seu teixit t\u00e8rmic et permetr\u00e0 mantenir l\u2019escalfor corporal i poder c\u00f3rrer sense problemes tot i que les temperatures siguin baixes.<br \/>\nA la zona lumbar trobar\u00e0s una butxaca amb cremallera genial per guardar algun objecte de valor durant l&#8217;entrenament. En tots dos laterals t\u00e9 una butxaca de reixeta perqu\u00e8 puguis portar barretes nutritives.<br \/>\nLes costures planes que incorpora s\u00f3n molt resistents i eviten qualsevol frec o irritaci\u00f3 de la pell. La goma el\u00e0stica de la cintura s&#8217;ajusta molt b\u00e9 al cos i mant\u00e9 la malla ferma sense molestar. Al final de les cames t\u00e9 una banda el\u00e0stica microperforada amb un grip de silicona hipoal\u00b7lerg\u00e8nica al seu interior. Aquesta evita que augmenti la sudoraci\u00f3 i mant\u00e9 la pe\u00e7a ben subjecta a la cama. A l&#8217;exterior t\u00e9 unes l\u00ednies reflectants 360\u00ba que augmentaran la teva seguretat ja que reflectiran la llum dels vehicles.<\/p>\n","protected":false},"excerpt":{"rendered":"<p>Amb la nova malla de running aconseguir\u00e0s assolir el teu m\u00e0xim rendiment. L&#8217;elasticitat del teixit permetr\u00e0 que s&#8217;adapti perfectament a les teves cames. A m\u00e9s tenen un tacte molt agradable perqu\u00e8 et sentis confortable durant llargues sessions d&#8217;exercici. El seu teixit t\u00e8rmic et permetr\u00e0 mantenir l\u2019escalfor corporal i poder c\u00f3rrer sense problemes tot i que les temperatures siguin baixes.<br \/>\nA la zona lumbar trobar\u00e0s una butxaca amb cremallera genial per guardar algun objecte de valor durant l&#8217;entrenament. En tots dos laterals t\u00e9 una butxaca de reixeta perqu\u00e8 puguis portar barretes nutritives.<br \/>\nLes costures planes que incorpora s\u00f3n molt resistents i eviten qualsevol frec o irritaci\u00f3 de la pell. La goma el\u00e0stica de la cintura s&#8217;ajusta molt b\u00e9 al cos i mant\u00e9 la malla ferma sense molestar. Al final de les cames t\u00e9 una banda el\u00e0stica microperforada amb un grip de silicona hipoal\u00b7lerg\u00e8nica al seu interior. Aquesta evita que augmenti la sudoraci\u00f3 i mant\u00e9 la pe\u00e7a ben subjecta a la cama. A l&#8217;exterior t\u00e9 unes l\u00ednies reflectants 360\u00ba que augmentaran la teva seguretat ja que reflectiran la llum dels vehicles.<\/p>\n","protected":false},"featured_media":141638,"comment_status":"closed","ping_status":"closed","template":"","meta":{"_acf_changed":false},"product_brand":[],"product_cat":[8306],"product_tag":[],"custom_category":[3347,3455,3470],"range":[2522],"class_list":{"0":"post-17438","1":"product","2":"type-product","3":"status-publish","4":"has-post-thumbnail","6":"product_cat-uncategorized-ca","7":"pa_climatologia-fred","8":"pa_climatologia-vent","9":"pa_deporte-running-ca","10":"pa_genero-dona","11":"pa_genero-infantil-ca","12":"pa_genero-home","13":"pa_patronaje-fit-ca","14":"pa_tipo-de-prenda-malla-llarga","15":"custom_category-esport","16":"custom_category-roba-de-running-personalitzada","17":"custom_category-pantalons-running-personalitzats","18":"range-kom-ca","20":"first","21":"instock","22":"product-type-custom"},"acf":[],"yoast_head":"<!-- This site is optimized with the Yoast SEO plugin v27.3 - https:\/\/yoast.com\/product\/yoast-seo-wordpress\/ -->\n<title>Malla llarga isot\u00e8rmica KOM<\/title>\n<meta name=\"description\" content=\"Amb la nova malla de running aconseguir\u00e0s assolir el teu m\u00e0xim rendiment. L&#039;elasticitat del teixit permetr\u00e0 que s&#039;adapti perfectament a les teves cames. A m\u00e9s tenen un tacte molt agradable perqu\u00e8 et sentis confortable durant llargues sessions d&#039;exercici. El seu teixit t\u00e8rmic et permetr\u00e0 mantenir l\u2019escalfor corporal i poder c\u00f3rrer sense problemes tot i que les temperatures siguin baixes. A la zona lumbar trobar\u00e0s una butxaca amb cremallera genial per guardar algun objecte de valor durant l&#039;entrenament. En tots dos laterals t\u00e9 una butxaca de reixeta perqu\u00e8 puguis portar barretes nutritives. Les costures planes que incorpora s\u00f3n molt resistents i eviten qualsevol frec o irritaci\u00f3 de la pell. La goma el\u00e0stica de la cintura s&#039;ajusta molt b\u00e9 al cos i mant\u00e9 la malla ferma sense molestar. Al final de les cames t\u00e9 una banda el\u00e0stica microperforada amb un grip de silicona hipoal\u00b7lerg\u00e8nica al seu interior. Aquesta evita que augmenti la sudoraci\u00f3 i mant\u00e9 la pe\u00e7a ben subjecta a la cama. A l&#039;exterior t\u00e9 unes l\u00ednies reflectants 360\u00ba que augmentaran la teva seguretat ja que reflectiran la llum dels vehicles.\" \/>\n<meta name=\"robots\" content=\"index, follow, max-snippet:-1, max-image-preview:large, max-video-preview:-1\" \/>\n<link rel=\"canonical\" href=\"https:\/\/www.inverseteams.com\/ca\/producte\/malla-llarga-isotermica-kom\/\" \/>\n<meta property=\"og:locale\" content=\"ca_ES\" \/>\n<meta property=\"og:type\" content=\"article\" \/>\n<meta property=\"og:title\" content=\"Malla llarga isot\u00e8rmica KOM\" \/>\n<meta property=\"og:description\" content=\"Amb la nova malla de running aconseguir\u00e0s assolir el teu m\u00e0xim rendiment. L&#039;elasticitat del teixit permetr\u00e0 que s&#039;adapti perfectament a les teves cames. A m\u00e9s tenen un tacte molt agradable perqu\u00e8 et sentis confortable durant llargues sessions d&#039;exercici. El seu teixit t\u00e8rmic et permetr\u00e0 mantenir l\u2019escalfor corporal i poder c\u00f3rrer sense problemes tot i que les temperatures siguin baixes. A la zona lumbar trobar\u00e0s una butxaca amb cremallera genial per guardar algun objecte de valor durant l&#039;entrenament. En tots dos laterals t\u00e9 una butxaca de reixeta perqu\u00e8 puguis portar barretes nutritives. Les costures planes que incorpora s\u00f3n molt resistents i eviten qualsevol frec o irritaci\u00f3 de la pell. La goma el\u00e0stica de la cintura s&#039;ajusta molt b\u00e9 al cos i mant\u00e9 la malla ferma sense molestar. Al final de les cames t\u00e9 una banda el\u00e0stica microperforada amb un grip de silicona hipoal\u00b7lerg\u00e8nica al seu interior. Aquesta evita que augmenti la sudoraci\u00f3 i mant\u00e9 la pe\u00e7a ben subjecta a la cama. A l&#039;exterior t\u00e9 unes l\u00ednies reflectants 360\u00ba que augmentaran la teva seguretat ja que reflectiran la llum dels vehicles.\" \/>\n<meta property=\"og:url\" content=\"https:\/\/www.inverseteams.com\/ca\/producte\/malla-llarga-isotermica-kom\/\" \/>\n<meta property=\"og:site_name\" content=\"Inverseteams\" \/>\n<meta property=\"article:publisher\" content=\"https:\/\/www.facebook.com\/inverseteams\" \/>\n<meta property=\"article:modified_time\" content=\"2023-10-04T10:57:53+00:00\" \/>\n<meta property=\"og:image\" content=\"https:\/\/www.inverseteams.com\/wp-content\/uploads\/MALLA-LARGA-ISOTERMICA-KOM-1.jpg\" \/>\n\t<meta property=\"og:image:width\" content=\"3222\" \/>\n\t<meta property=\"og:image:height\" content=\"3462\" \/>\n\t<meta property=\"og:image:type\" content=\"image\/jpeg\" \/>\n<meta name=\"twitter:card\" content=\"summary_large_image\" \/>\n<meta name=\"twitter:label1\" content=\"Temps estimat de lectura\" \/>\n\t<meta name=\"twitter:data1\" content=\"1 minut\" \/>\n<script type=\"application\/ld+json\" class=\"yoast-schema-graph\">{\"@context\":\"https:\\\/\\\/schema.org\",\"@graph\":[{\"@type\":\"WebPage\",\"@id\":\"https:\\\/\\\/www.inverseteams.com\\\/ca\\\/producte\\\/malla-llarga-isotermica-kom\\\/\",\"url\":\"https:\\\/\\\/www.inverseteams.com\\\/ca\\\/producte\\\/malla-llarga-isotermica-kom\\\/\",\"name\":\"Malla llarga isot\u00e8rmica KOM\",\"isPartOf\":{\"@id\":\"https:\\\/\\\/www.inverseteams.com\\\/ca\\\/#website\"},\"primaryImageOfPage\":{\"@id\":\"https:\\\/\\\/www.inverseteams.com\\\/ca\\\/producte\\\/malla-llarga-isotermica-kom\\\/#primaryimage\"},\"image\":{\"@id\":\"https:\\\/\\\/www.inverseteams.com\\\/ca\\\/producte\\\/malla-llarga-isotermica-kom\\\/#primaryimage\"},\"thumbnailUrl\":\"https:\\\/\\\/www.inverseteams.com\\\/wp-content\\\/uploads\\\/MALLA-LARGA-ISOTERMICA-KOM-1.jpg\",\"datePublished\":\"2021-05-10T08:31:36+00:00\",\"dateModified\":\"2023-10-04T10:57:53+00:00\",\"description\":\"Amb la nova malla de running aconseguir\u00e0s assolir el teu m\u00e0xim rendiment. L'elasticitat del teixit permetr\u00e0 que s'adapti perfectament a les teves cames. A m\u00e9s tenen un tacte molt agradable perqu\u00e8 et sentis confortable durant llargues sessions d'exercici. El seu teixit t\u00e8rmic et permetr\u00e0 mantenir l\u2019escalfor corporal i poder c\u00f3rrer sense problemes tot i que les temperatures siguin baixes. A la zona lumbar trobar\u00e0s una butxaca amb cremallera genial per guardar algun objecte de valor durant l'entrenament. En tots dos laterals t\u00e9 una butxaca de reixeta perqu\u00e8 puguis portar barretes nutritives. Les costures planes que incorpora s\u00f3n molt resistents i eviten qualsevol frec o irritaci\u00f3 de la pell. La goma el\u00e0stica de la cintura s'ajusta molt b\u00e9 al cos i mant\u00e9 la malla ferma sense molestar. Al final de les cames t\u00e9 una banda el\u00e0stica microperforada amb un grip de silicona hipoal\u00b7lerg\u00e8nica al seu interior. Aquesta evita que augmenti la sudoraci\u00f3 i mant\u00e9 la pe\u00e7a ben subjecta a la cama. A l'exterior t\u00e9 unes l\u00ednies reflectants 360\u00ba que augmentaran la teva seguretat ja que reflectiran la llum dels vehicles.\",\"breadcrumb\":{\"@id\":\"https:\\\/\\\/www.inverseteams.com\\\/ca\\\/producte\\\/malla-llarga-isotermica-kom\\\/#breadcrumb\"},\"inLanguage\":\"ca\",\"potentialAction\":[{\"@type\":\"ReadAction\",\"target\":[\"https:\\\/\\\/www.inverseteams.com\\\/ca\\\/producte\\\/malla-llarga-isotermica-kom\\\/\"]}]},{\"@type\":\"ImageObject\",\"inLanguage\":\"ca\",\"@id\":\"https:\\\/\\\/www.inverseteams.com\\\/ca\\\/producte\\\/malla-llarga-isotermica-kom\\\/#primaryimage\",\"url\":\"https:\\\/\\\/www.inverseteams.com\\\/wp-content\\\/uploads\\\/MALLA-LARGA-ISOTERMICA-KOM-1.jpg\",\"contentUrl\":\"https:\\\/\\\/www.inverseteams.com\\\/wp-content\\\/uploads\\\/MALLA-LARGA-ISOTERMICA-KOM-1.jpg\",\"width\":3222,\"height\":3462,\"caption\":\"malla larga running isotermica personalizada\"},{\"@type\":\"BreadcrumbList\",\"@id\":\"https:\\\/\\\/www.inverseteams.com\\\/ca\\\/producte\\\/malla-llarga-isotermica-kom\\\/#breadcrumb\",\"itemListElement\":[{\"@type\":\"ListItem\",\"position\":1,\"name\":\"Portada\",\"item\":\"https:\\\/\\\/www.inverseteams.com\\\/ca\\\/pagina-principal\\\/\"},{\"@type\":\"ListItem\",\"position\":2,\"name\":\"Botiga\",\"item\":\"https:\\\/\\\/www.inverseteams.com\\\/ca\\\/botiga\\\/\"},{\"@type\":\"ListItem\",\"position\":3,\"name\":\"Malla llarga isot\u00e8rmica KOM\"}]},{\"@type\":\"WebSite\",\"@id\":\"https:\\\/\\\/www.inverseteams.com\\\/ca\\\/#website\",\"url\":\"https:\\\/\\\/www.inverseteams.com\\\/ca\\\/\",\"name\":\"Inverseteams\",\"description\":\"Tu marca de ropa deportiva personalizada\",\"publisher\":{\"@id\":\"https:\\\/\\\/www.inverseteams.com\\\/ca\\\/#organization\"},\"potentialAction\":[{\"@type\":\"SearchAction\",\"target\":{\"@type\":\"EntryPoint\",\"urlTemplate\":\"https:\\\/\\\/www.inverseteams.com\\\/ca\\\/?s={search_term_string}\"},\"query-input\":{\"@type\":\"PropertyValueSpecification\",\"valueRequired\":true,\"valueName\":\"search_term_string\"}}],\"inLanguage\":\"ca\"},{\"@type\":\"Organization\",\"@id\":\"https:\\\/\\\/www.inverseteams.com\\\/ca\\\/#organization\",\"name\":\"Inverse Teams\",\"url\":\"https:\\\/\\\/www.inverseteams.com\\\/ca\\\/\",\"logo\":{\"@type\":\"ImageObject\",\"inLanguage\":\"ca\",\"@id\":\"https:\\\/\\\/www.inverseteams.com\\\/ca\\\/#\\\/schema\\\/logo\\\/image\\\/\",\"url\":\"http:\\\/\\\/www.inverseteams.com\\\/wp-content\\\/uploads\\\/2021\\\/03\\\/logo-inverse-teams.png\",\"contentUrl\":\"http:\\\/\\\/www.inverseteams.com\\\/wp-content\\\/uploads\\\/2021\\\/03\\\/logo-inverse-teams.png\",\"width\":294,\"height\":99,\"caption\":\"Inverse Teams\"},\"image\":{\"@id\":\"https:\\\/\\\/www.inverseteams.com\\\/ca\\\/#\\\/schema\\\/logo\\\/image\\\/\"},\"sameAs\":[\"https:\\\/\\\/www.facebook.com\\\/inverseteams\",\"http:\\\/\\\/instagram.com\\\/inverseteams\",\"https:\\\/\\\/www.linkedin.com\\\/company\\\/inverse-cirosport-s-l-?trk=job_view_topcard_company_name\",\"http:\\\/\\\/www.pinterest.com\\\/inverseteams\\\/\",\"http:\\\/\\\/www.youtube.com\\\/user\\\/inverseteams?feature=watch\"]}]}<\/script>\n<!-- \/ Yoast SEO plugin. -->","yoast_head_json":{"title":"Malla llarga isot\u00e8rmica KOM","description":"Amb la nova malla de running aconseguir\u00e0s assolir el teu m\u00e0xim rendiment. L'elasticitat del teixit permetr\u00e0 que s'adapti perfectament a les teves cames. A m\u00e9s tenen un tacte molt agradable perqu\u00e8 et sentis confortable durant llargues sessions d'exercici. El seu teixit t\u00e8rmic et permetr\u00e0 mantenir l\u2019escalfor corporal i poder c\u00f3rrer sense problemes tot i que les temperatures siguin baixes. A la zona lumbar trobar\u00e0s una butxaca amb cremallera genial per guardar algun objecte de valor durant l'entrenament. En tots dos laterals t\u00e9 una butxaca de reixeta perqu\u00e8 puguis portar barretes nutritives. Les costures planes que incorpora s\u00f3n molt resistents i eviten qualsevol frec o irritaci\u00f3 de la pell. La goma el\u00e0stica de la cintura s'ajusta molt b\u00e9 al cos i mant\u00e9 la malla ferma sense molestar. Al final de les cames t\u00e9 una banda el\u00e0stica microperforada amb un grip de silicona hipoal\u00b7lerg\u00e8nica al seu interior. Aquesta evita que augmenti la sudoraci\u00f3 i mant\u00e9 la pe\u00e7a ben subjecta a la cama. A l'exterior t\u00e9 unes l\u00ednies reflectants 360\u00ba que augmentaran la teva seguretat ja que reflectiran la llum dels vehicles.","robots":{"index":"index","follow":"follow","max-snippet":"max-snippet:-1","max-image-preview":"max-image-preview:large","max-video-preview":"max-video-preview:-1"},"canonical":"https:\/\/www.inverseteams.com\/ca\/producte\/malla-llarga-isotermica-kom\/","og_locale":"ca_ES","og_type":"article","og_title":"Malla llarga isot\u00e8rmica KOM","og_description":"Amb la nova malla de running aconseguir\u00e0s assolir el teu m\u00e0xim rendiment. L'elasticitat del teixit permetr\u00e0 que s'adapti perfectament a les teves cames. A m\u00e9s tenen un tacte molt agradable perqu\u00e8 et sentis confortable durant llargues sessions d'exercici. El seu teixit t\u00e8rmic et permetr\u00e0 mantenir l\u2019escalfor corporal i poder c\u00f3rrer sense problemes tot i que les temperatures siguin baixes. A la zona lumbar trobar\u00e0s una butxaca amb cremallera genial per guardar algun objecte de valor durant l'entrenament. En tots dos laterals t\u00e9 una butxaca de reixeta perqu\u00e8 puguis portar barretes nutritives. Les costures planes que incorpora s\u00f3n molt resistents i eviten qualsevol frec o irritaci\u00f3 de la pell. La goma el\u00e0stica de la cintura s'ajusta molt b\u00e9 al cos i mant\u00e9 la malla ferma sense molestar. Al final de les cames t\u00e9 una banda el\u00e0stica microperforada amb un grip de silicona hipoal\u00b7lerg\u00e8nica al seu interior. Aquesta evita que augmenti la sudoraci\u00f3 i mant\u00e9 la pe\u00e7a ben subjecta a la cama. A l'exterior t\u00e9 unes l\u00ednies reflectants 360\u00ba que augmentaran la teva seguretat ja que reflectiran la llum dels vehicles.","og_url":"https:\/\/www.inverseteams.com\/ca\/producte\/malla-llarga-isotermica-kom\/","og_site_name":"Inverseteams","article_publisher":"https:\/\/www.facebook.com\/inverseteams","article_modified_time":"2023-10-04T10:57:53+00:00","og_image":[{"width":3222,"height":3462,"url":"https:\/\/www.inverseteams.com\/wp-content\/uploads\/MALLA-LARGA-ISOTERMICA-KOM-1.jpg","type":"image\/jpeg"}],"twitter_card":"summary_large_image","twitter_misc":{"Temps estimat de lectura":"1 minut"},"schema":{"@context":"https:\/\/schema.org","@graph":[{"@type":"WebPage","@id":"https:\/\/www.inverseteams.com\/ca\/producte\/malla-llarga-isotermica-kom\/","url":"https:\/\/www.inverseteams.com\/ca\/producte\/malla-llarga-isotermica-kom\/","name":"Malla llarga isot\u00e8rmica KOM","isPartOf":{"@id":"https:\/\/www.inverseteams.com\/ca\/#website"},"primaryImageOfPage":{"@id":"https:\/\/www.inverseteams.com\/ca\/producte\/malla-llarga-isotermica-kom\/#primaryimage"},"image":{"@id":"https:\/\/www.inverseteams.com\/ca\/producte\/malla-llarga-isotermica-kom\/#primaryimage"},"thumbnailUrl":"https:\/\/www.inverseteams.com\/wp-content\/uploads\/MALLA-LARGA-ISOTERMICA-KOM-1.jpg","datePublished":"2021-05-10T08:31:36+00:00","dateModified":"2023-10-04T10:57:53+00:00","description":"Amb la nova malla de running aconseguir\u00e0s assolir el teu m\u00e0xim rendiment. L'elasticitat del teixit permetr\u00e0 que s'adapti perfectament a les teves cames. A m\u00e9s tenen un tacte molt agradable perqu\u00e8 et sentis confortable durant llargues sessions d'exercici. El seu teixit t\u00e8rmic et permetr\u00e0 mantenir l\u2019escalfor corporal i poder c\u00f3rrer sense problemes tot i que les temperatures siguin baixes. A la zona lumbar trobar\u00e0s una butxaca amb cremallera genial per guardar algun objecte de valor durant l'entrenament. En tots dos laterals t\u00e9 una butxaca de reixeta perqu\u00e8 puguis portar barretes nutritives. Les costures planes que incorpora s\u00f3n molt resistents i eviten qualsevol frec o irritaci\u00f3 de la pell. La goma el\u00e0stica de la cintura s'ajusta molt b\u00e9 al cos i mant\u00e9 la malla ferma sense molestar. Al final de les cames t\u00e9 una banda el\u00e0stica microperforada amb un grip de silicona hipoal\u00b7lerg\u00e8nica al seu interior. Aquesta evita que augmenti la sudoraci\u00f3 i mant\u00e9 la pe\u00e7a ben subjecta a la cama. A l'exterior t\u00e9 unes l\u00ednies reflectants 360\u00ba que augmentaran la teva seguretat ja que reflectiran la llum dels vehicles.","breadcrumb":{"@id":"https:\/\/www.inverseteams.com\/ca\/producte\/malla-llarga-isotermica-kom\/#breadcrumb"},"inLanguage":"ca","potentialAction":[{"@type":"ReadAction","target":["https:\/\/www.inverseteams.com\/ca\/producte\/malla-llarga-isotermica-kom\/"]}]},{"@type":"ImageObject","inLanguage":"ca","@id":"https:\/\/www.inverseteams.com\/ca\/producte\/malla-llarga-isotermica-kom\/#primaryimage","url":"https:\/\/www.inverseteams.com\/wp-content\/uploads\/MALLA-LARGA-ISOTERMICA-KOM-1.jpg","contentUrl":"https:\/\/www.inverseteams.com\/wp-content\/uploads\/MALLA-LARGA-ISOTERMICA-KOM-1.jpg","width":3222,"height":3462,"caption":"malla larga running isotermica personalizada"},{"@type":"BreadcrumbList","@id":"https:\/\/www.inverseteams.com\/ca\/producte\/malla-llarga-isotermica-kom\/#breadcrumb","itemListElement":[{"@type":"ListItem","position":1,"name":"Portada","item":"https:\/\/www.inverseteams.com\/ca\/pagina-principal\/"},{"@type":"ListItem","position":2,"name":"Botiga","item":"https:\/\/www.inverseteams.com\/ca\/botiga\/"},{"@type":"ListItem","position":3,"name":"Malla llarga isot\u00e8rmica KOM"}]},{"@type":"WebSite","@id":"https:\/\/www.inverseteams.com\/ca\/#website","url":"https:\/\/www.inverseteams.com\/ca\/","name":"Inverseteams","description":"Tu marca de ropa deportiva personalizada","publisher":{"@id":"https:\/\/www.inverseteams.com\/ca\/#organization"},"potentialAction":[{"@type":"SearchAction","target":{"@type":"EntryPoint","urlTemplate":"https:\/\/www.inverseteams.com\/ca\/?s={search_term_string}"},"query-input":{"@type":"PropertyValueSpecification","valueRequired":true,"valueName":"search_term_string"}}],"inLanguage":"ca"},{"@type":"Organization","@id":"https:\/\/www.inverseteams.com\/ca\/#organization","name":"Inverse Teams","url":"https:\/\/www.inverseteams.com\/ca\/","logo":{"@type":"ImageObject","inLanguage":"ca","@id":"https:\/\/www.inverseteams.com\/ca\/#\/schema\/logo\/image\/","url":"https:\/\/www.inverseteams.com\/wp-content\/uploads\/2021\/03\/logo-inverse-teams.png","contentUrl":"https:\/\/www.inverseteams.com\/wp-content\/uploads\/2021\/03\/logo-inverse-teams.png","width":294,"height":99,"caption":"Inverse Teams"},"image":{"@id":"https:\/\/www.inverseteams.com\/ca\/#\/schema\/logo\/image\/"},"sameAs":["https:\/\/www.facebook.com\/inverseteams","http:\/\/instagram.com\/inverseteams","https:\/\/www.linkedin.com\/company\/inverse-cirosport-s-l-?trk=job_view_topcard_company_name","http:\/\/www.pinterest.com\/inverseteams\/","http:\/\/www.youtube.com\/user\/inverseteams?feature=watch"]}]}},"_links":{"self":[{"href":"https:\/\/www.inverseteams.com\/ca\/wp-json\/wp\/v2\/product\/17438","targetHints":{"allow":["GET"]}}],"collection":[{"href":"https:\/\/www.inverseteams.com\/ca\/wp-json\/wp\/v2\/product"}],"about":[{"href":"https:\/\/www.inverseteams.com\/ca\/wp-json\/wp\/v2\/types\/product"}],"replies":[{"embeddable":true,"href":"https:\/\/www.inverseteams.com\/ca\/wp-json\/wp\/v2\/comments?post=17438"}],"wp:featuredmedia":[{"embeddable":true,"href":"https:\/\/www.inverseteams.com\/ca\/wp-json\/wp\/v2\/media\/141638"}],"wp:attachment":[{"href":"https:\/\/www.inverseteams.com\/ca\/wp-json\/wp\/v2\/media?parent=17438"}],"wp:term":[{"taxonomy":"product_brand","embeddable":true,"href":"https:\/\/www.inverseteams.com\/ca\/wp-json\/wp\/v2\/product_brand?post=17438"},{"taxonomy":"product_cat","embeddable":true,"href":"https:\/\/www.inverseteams.com\/ca\/wp-json\/wp\/v2\/product_cat?post=17438"},{"taxonomy":"product_tag","embeddable":true,"href":"https:\/\/www.inverseteams.com\/ca\/wp-json\/wp\/v2\/product_tag?post=17438"},{"taxonomy":"custom_category","embeddable":true,"href":"https:\/\/www.inverseteams.com\/ca\/wp-json\/wp\/v2\/custom_category?post=17438"},{"taxonomy":"range","embeddable":true,"href":"https:\/\/www.inverseteams.com\/ca\/wp-json\/wp\/v2\/range?post=17438"}],"curies":[{"name":"wp","href":"https:\/\/api.w.org\/{rel}","templated":true}]}}