{"id":17437,"date":"2021-10-07T13:16:43","date_gmt":"2021-10-07T13:18:06","guid":{"rendered":"https:\/\/inverseteams.com\/?post_type=product&#038;p=17437"},"modified":"2023-10-04T10:57:37","modified_gmt":"2023-10-04T10:57:37","slug":"impermeable-running-kom","status":"publish","type":"product","link":"https:\/\/www.inverseteams.com\/ca\/producte\/impermeable-running-kom\/","title":{"rendered":"Paravents running amb caputxa KOM"},"content":{"rendered":"<p>El seu teixit s\u00faper lleuger permet que puguis guardar f\u00e0cilment el tallavents mentre no el necessitis. La jaqueta s&#8217;adapta molt b\u00e9 al cos sense anar ajustada perqu\u00e8 puguis c\u00f3rrer amb llibertat sense notar cap oposici\u00f3 de la pe\u00e7a. Al final de la m\u00e0niga hi ha un rivet el\u00e0stic per enganxar-lo al dit gros de la ma. D\u2019aquesta manera les m\u00e0nigues mai es pujaran durant l\u2019exercici i sempre et sentir\u00e0s abrigat. \u00c9s ideal per als dies ventosos i per protegir-te de la humitat o la pluja fina.<\/p>\n","protected":false},"excerpt":{"rendered":"<p>El seu teixit s\u00faper lleuger permet que puguis guardar f\u00e0cilment el tallavents mentre no el necessitis. La jaqueta s&#8217;adapta molt b\u00e9 al cos sense anar ajustada perqu\u00e8 puguis c\u00f3rrer amb llibertat sense notar cap oposici\u00f3 de la pe\u00e7a. Al final de la m\u00e0niga hi ha un rivet el\u00e0stic per enganxar-lo al dit gros de la ma. D\u2019aquesta manera les m\u00e0nigues mai es pujaran durant l\u2019exercici i sempre et sentir\u00e0s abrigat. \u00c9s ideal per als dies ventosos i per protegir-te de la humitat o la pluja fina.<\/p>\n","protected":false},"featured_media":141630,"comment_status":"closed","ping_status":"closed","template":"","meta":{"_acf_changed":false},"product_brand":[],"product_cat":[8306],"product_tag":[],"custom_category":[3347,3455,3464],"range":[2522],"class_list":{"0":"post-17437","1":"product","2":"type-product","3":"status-publish","4":"has-post-thumbnail","6":"product_cat-uncategorized-ca","7":"pa_climatologia-pluja","8":"pa_climatologia-temperatura-temperada","9":"pa_climatologia-vent","10":"pa_deporte-running-ca","11":"pa_genero-home","12":"pa_genero-dona","13":"pa_genero-infantil-ca","14":"pa_patronaje-regular-ca","15":"pa_tipo-de-prenda-impermeable-ca","16":"custom_category-esport","17":"custom_category-roba-de-running-personalitzada","18":"custom_category-paravents-running-personalitzat","19":"range-kom-ca","21":"first","22":"instock","23":"product-type-custom"},"acf":[],"yoast_head":"<!-- This site is optimized with the Yoast SEO plugin v27.3 - https:\/\/yoast.com\/product\/yoast-seo-wordpress\/ -->\n<title>Paravents running amb caputxa KOM<\/title>\n<meta name=\"description\" content=\"El seu teixit s\u00faper lleuger permet que puguis guardar f\u00e0cilment el tallavents mentre no el necessitis. La jaqueta s&#039;adapta molt b\u00e9 al cos sense anar ajustada perqu\u00e8 puguis c\u00f3rrer amb llibertat sense notar cap oposici\u00f3 de la pe\u00e7a. Al final de la m\u00e0niga hi ha un rivet el\u00e0stic per enganxar-lo al dit gros de la ma. D\u2019aquesta manera les m\u00e0nigues mai es pujaran durant l\u2019exercici i sempre et sentir\u00e0s abrigat. \u00c9s ideal per als dies ventosos i per protegir-te de la humitat o la pluja fina.\" \/>\n<meta name=\"robots\" content=\"index, follow, max-snippet:-1, max-image-preview:large, max-video-preview:-1\" \/>\n<link rel=\"canonical\" href=\"https:\/\/www.inverseteams.com\/ca\/producte\/impermeable-running-kom\/\" \/>\n<meta property=\"og:locale\" content=\"ca_ES\" \/>\n<meta property=\"og:type\" content=\"article\" \/>\n<meta property=\"og:title\" content=\"Paravents running amb caputxa KOM\" \/>\n<meta property=\"og:description\" content=\"El seu teixit s\u00faper lleuger permet que puguis guardar f\u00e0cilment el tallavents mentre no el necessitis. La jaqueta s&#039;adapta molt b\u00e9 al cos sense anar ajustada perqu\u00e8 puguis c\u00f3rrer amb llibertat sense notar cap oposici\u00f3 de la pe\u00e7a. Al final de la m\u00e0niga hi ha un rivet el\u00e0stic per enganxar-lo al dit gros de la ma. D\u2019aquesta manera les m\u00e0nigues mai es pujaran durant l\u2019exercici i sempre et sentir\u00e0s abrigat. \u00c9s ideal per als dies ventosos i per protegir-te de la humitat o la pluja fina.\" \/>\n<meta property=\"og:url\" content=\"https:\/\/www.inverseteams.com\/ca\/producte\/impermeable-running-kom\/\" \/>\n<meta property=\"og:site_name\" content=\"Inverseteams\" \/>\n<meta property=\"article:publisher\" content=\"https:\/\/www.facebook.com\/inverseteams\" \/>\n<meta property=\"article:modified_time\" content=\"2023-10-04T10:57:37+00:00\" \/>\n<meta property=\"og:image\" content=\"https:\/\/www.inverseteams.com\/wp-content\/uploads\/CORTAVIENTOS-CON-CAPUCHA-RUNNING-KOM-1.jpg\" \/>\n\t<meta property=\"og:image:width\" content=\"3222\" \/>\n\t<meta property=\"og:image:height\" content=\"3462\" \/>\n\t<meta property=\"og:image:type\" content=\"image\/jpeg\" \/>\n<meta name=\"twitter:card\" content=\"summary_large_image\" \/>\n<meta name=\"twitter:label1\" content=\"Temps estimat de lectura\" \/>\n\t<meta name=\"twitter:data1\" content=\"1 minut\" \/>\n<script type=\"application\/ld+json\" class=\"yoast-schema-graph\">{\"@context\":\"https:\\\/\\\/schema.org\",\"@graph\":[{\"@type\":\"WebPage\",\"@id\":\"https:\\\/\\\/www.inverseteams.com\\\/ca\\\/producte\\\/impermeable-running-kom\\\/\",\"url\":\"https:\\\/\\\/www.inverseteams.com\\\/ca\\\/producte\\\/impermeable-running-kom\\\/\",\"name\":\"Paravents running amb caputxa KOM\",\"isPartOf\":{\"@id\":\"https:\\\/\\\/www.inverseteams.com\\\/ca\\\/#website\"},\"primaryImageOfPage\":{\"@id\":\"https:\\\/\\\/www.inverseteams.com\\\/ca\\\/producte\\\/impermeable-running-kom\\\/#primaryimage\"},\"image\":{\"@id\":\"https:\\\/\\\/www.inverseteams.com\\\/ca\\\/producte\\\/impermeable-running-kom\\\/#primaryimage\"},\"thumbnailUrl\":\"https:\\\/\\\/www.inverseteams.com\\\/wp-content\\\/uploads\\\/CORTAVIENTOS-CON-CAPUCHA-RUNNING-KOM-1.jpg\",\"datePublished\":\"2021-10-07T13:18:06+00:00\",\"dateModified\":\"2023-10-04T10:57:37+00:00\",\"description\":\"El seu teixit s\u00faper lleuger permet que puguis guardar f\u00e0cilment el tallavents mentre no el necessitis. La jaqueta s'adapta molt b\u00e9 al cos sense anar ajustada perqu\u00e8 puguis c\u00f3rrer amb llibertat sense notar cap oposici\u00f3 de la pe\u00e7a. Al final de la m\u00e0niga hi ha un rivet el\u00e0stic per enganxar-lo al dit gros de la ma. D\u2019aquesta manera les m\u00e0nigues mai es pujaran durant l\u2019exercici i sempre et sentir\u00e0s abrigat. \u00c9s ideal per als dies ventosos i per protegir-te de la humitat o la pluja fina.\",\"breadcrumb\":{\"@id\":\"https:\\\/\\\/www.inverseteams.com\\\/ca\\\/producte\\\/impermeable-running-kom\\\/#breadcrumb\"},\"inLanguage\":\"ca\",\"potentialAction\":[{\"@type\":\"ReadAction\",\"target\":[\"https:\\\/\\\/www.inverseteams.com\\\/ca\\\/producte\\\/impermeable-running-kom\\\/\"]}]},{\"@type\":\"ImageObject\",\"inLanguage\":\"ca\",\"@id\":\"https:\\\/\\\/www.inverseteams.com\\\/ca\\\/producte\\\/impermeable-running-kom\\\/#primaryimage\",\"url\":\"https:\\\/\\\/www.inverseteams.com\\\/wp-content\\\/uploads\\\/CORTAVIENTOS-CON-CAPUCHA-RUNNING-KOM-1.jpg\",\"contentUrl\":\"https:\\\/\\\/www.inverseteams.com\\\/wp-content\\\/uploads\\\/CORTAVIENTOS-CON-CAPUCHA-RUNNING-KOM-1.jpg\",\"width\":3222,\"height\":3462,\"caption\":\"CORTAVIENTOS CON CAPUCHA RUNNING PERSONALIZADO\"},{\"@type\":\"BreadcrumbList\",\"@id\":\"https:\\\/\\\/www.inverseteams.com\\\/ca\\\/producte\\\/impermeable-running-kom\\\/#breadcrumb\",\"itemListElement\":[{\"@type\":\"ListItem\",\"position\":1,\"name\":\"Portada\",\"item\":\"https:\\\/\\\/www.inverseteams.com\\\/ca\\\/pagina-principal\\\/\"},{\"@type\":\"ListItem\",\"position\":2,\"name\":\"Botiga\",\"item\":\"https:\\\/\\\/www.inverseteams.com\\\/ca\\\/botiga\\\/\"},{\"@type\":\"ListItem\",\"position\":3,\"name\":\"Paravents running amb caputxa KOM\"}]},{\"@type\":\"WebSite\",\"@id\":\"https:\\\/\\\/www.inverseteams.com\\\/ca\\\/#website\",\"url\":\"https:\\\/\\\/www.inverseteams.com\\\/ca\\\/\",\"name\":\"Inverseteams\",\"description\":\"Tu marca de ropa deportiva personalizada\",\"publisher\":{\"@id\":\"https:\\\/\\\/www.inverseteams.com\\\/ca\\\/#organization\"},\"potentialAction\":[{\"@type\":\"SearchAction\",\"target\":{\"@type\":\"EntryPoint\",\"urlTemplate\":\"https:\\\/\\\/www.inverseteams.com\\\/ca\\\/?s={search_term_string}\"},\"query-input\":{\"@type\":\"PropertyValueSpecification\",\"valueRequired\":true,\"valueName\":\"search_term_string\"}}],\"inLanguage\":\"ca\"},{\"@type\":\"Organization\",\"@id\":\"https:\\\/\\\/www.inverseteams.com\\\/ca\\\/#organization\",\"name\":\"Inverse Teams\",\"url\":\"https:\\\/\\\/www.inverseteams.com\\\/ca\\\/\",\"logo\":{\"@type\":\"ImageObject\",\"inLanguage\":\"ca\",\"@id\":\"https:\\\/\\\/www.inverseteams.com\\\/ca\\\/#\\\/schema\\\/logo\\\/image\\\/\",\"url\":\"https:\\\/\\\/www.inverseteams.com\\\/wp-content\\\/uploads\\\/2021\\\/03\\\/logo-inverse-teams.png\",\"contentUrl\":\"https:\\\/\\\/www.inverseteams.com\\\/wp-content\\\/uploads\\\/2021\\\/03\\\/logo-inverse-teams.png\",\"width\":294,\"height\":99,\"caption\":\"Inverse Teams\"},\"image\":{\"@id\":\"https:\\\/\\\/www.inverseteams.com\\\/ca\\\/#\\\/schema\\\/logo\\\/image\\\/\"},\"sameAs\":[\"https:\\\/\\\/www.facebook.com\\\/inverseteams\",\"http:\\\/\\\/instagram.com\\\/inverseteams\",\"https:\\\/\\\/www.linkedin.com\\\/company\\\/inverse-cirosport-s-l-?trk=job_view_topcard_company_name\",\"http:\\\/\\\/www.pinterest.com\\\/inverseteams\\\/\",\"http:\\\/\\\/www.youtube.com\\\/user\\\/inverseteams?feature=watch\"]}]}<\/script>\n<!-- \/ Yoast SEO plugin. -->","yoast_head_json":{"title":"Paravents running amb caputxa KOM","description":"El seu teixit s\u00faper lleuger permet que puguis guardar f\u00e0cilment el tallavents mentre no el necessitis. La jaqueta s'adapta molt b\u00e9 al cos sense anar ajustada perqu\u00e8 puguis c\u00f3rrer amb llibertat sense notar cap oposici\u00f3 de la pe\u00e7a. Al final de la m\u00e0niga hi ha un rivet el\u00e0stic per enganxar-lo al dit gros de la ma. D\u2019aquesta manera les m\u00e0nigues mai es pujaran durant l\u2019exercici i sempre et sentir\u00e0s abrigat. \u00c9s ideal per als dies ventosos i per protegir-te de la humitat o la pluja fina.","robots":{"index":"index","follow":"follow","max-snippet":"max-snippet:-1","max-image-preview":"max-image-preview:large","max-video-preview":"max-video-preview:-1"},"canonical":"https:\/\/www.inverseteams.com\/ca\/producte\/impermeable-running-kom\/","og_locale":"ca_ES","og_type":"article","og_title":"Paravents running amb caputxa KOM","og_description":"El seu teixit s\u00faper lleuger permet que puguis guardar f\u00e0cilment el tallavents mentre no el necessitis. La jaqueta s'adapta molt b\u00e9 al cos sense anar ajustada perqu\u00e8 puguis c\u00f3rrer amb llibertat sense notar cap oposici\u00f3 de la pe\u00e7a. Al final de la m\u00e0niga hi ha un rivet el\u00e0stic per enganxar-lo al dit gros de la ma. D\u2019aquesta manera les m\u00e0nigues mai es pujaran durant l\u2019exercici i sempre et sentir\u00e0s abrigat. \u00c9s ideal per als dies ventosos i per protegir-te de la humitat o la pluja fina.","og_url":"https:\/\/www.inverseteams.com\/ca\/producte\/impermeable-running-kom\/","og_site_name":"Inverseteams","article_publisher":"https:\/\/www.facebook.com\/inverseteams","article_modified_time":"2023-10-04T10:57:37+00:00","og_image":[{"width":3222,"height":3462,"url":"https:\/\/www.inverseteams.com\/wp-content\/uploads\/CORTAVIENTOS-CON-CAPUCHA-RUNNING-KOM-1.jpg","type":"image\/jpeg"}],"twitter_card":"summary_large_image","twitter_misc":{"Temps estimat de lectura":"1 minut"},"schema":{"@context":"https:\/\/schema.org","@graph":[{"@type":"WebPage","@id":"https:\/\/www.inverseteams.com\/ca\/producte\/impermeable-running-kom\/","url":"https:\/\/www.inverseteams.com\/ca\/producte\/impermeable-running-kom\/","name":"Paravents running amb caputxa KOM","isPartOf":{"@id":"https:\/\/www.inverseteams.com\/ca\/#website"},"primaryImageOfPage":{"@id":"https:\/\/www.inverseteams.com\/ca\/producte\/impermeable-running-kom\/#primaryimage"},"image":{"@id":"https:\/\/www.inverseteams.com\/ca\/producte\/impermeable-running-kom\/#primaryimage"},"thumbnailUrl":"https:\/\/www.inverseteams.com\/wp-content\/uploads\/CORTAVIENTOS-CON-CAPUCHA-RUNNING-KOM-1.jpg","datePublished":"2021-10-07T13:18:06+00:00","dateModified":"2023-10-04T10:57:37+00:00","description":"El seu teixit s\u00faper lleuger permet que puguis guardar f\u00e0cilment el tallavents mentre no el necessitis. La jaqueta s'adapta molt b\u00e9 al cos sense anar ajustada perqu\u00e8 puguis c\u00f3rrer amb llibertat sense notar cap oposici\u00f3 de la pe\u00e7a. Al final de la m\u00e0niga hi ha un rivet el\u00e0stic per enganxar-lo al dit gros de la ma. D\u2019aquesta manera les m\u00e0nigues mai es pujaran durant l\u2019exercici i sempre et sentir\u00e0s abrigat. \u00c9s ideal per als dies ventosos i per protegir-te de la humitat o la pluja fina.","breadcrumb":{"@id":"https:\/\/www.inverseteams.com\/ca\/producte\/impermeable-running-kom\/#breadcrumb"},"inLanguage":"ca","potentialAction":[{"@type":"ReadAction","target":["https:\/\/www.inverseteams.com\/ca\/producte\/impermeable-running-kom\/"]}]},{"@type":"ImageObject","inLanguage":"ca","@id":"https:\/\/www.inverseteams.com\/ca\/producte\/impermeable-running-kom\/#primaryimage","url":"https:\/\/www.inverseteams.com\/wp-content\/uploads\/CORTAVIENTOS-CON-CAPUCHA-RUNNING-KOM-1.jpg","contentUrl":"https:\/\/www.inverseteams.com\/wp-content\/uploads\/CORTAVIENTOS-CON-CAPUCHA-RUNNING-KOM-1.jpg","width":3222,"height":3462,"caption":"CORTAVIENTOS CON CAPUCHA RUNNING PERSONALIZADO"},{"@type":"BreadcrumbList","@id":"https:\/\/www.inverseteams.com\/ca\/producte\/impermeable-running-kom\/#breadcrumb","itemListElement":[{"@type":"ListItem","position":1,"name":"Portada","item":"https:\/\/www.inverseteams.com\/ca\/pagina-principal\/"},{"@type":"ListItem","position":2,"name":"Botiga","item":"https:\/\/www.inverseteams.com\/ca\/botiga\/"},{"@type":"ListItem","position":3,"name":"Paravents running amb caputxa KOM"}]},{"@type":"WebSite","@id":"https:\/\/www.inverseteams.com\/ca\/#website","url":"https:\/\/www.inverseteams.com\/ca\/","name":"Inverseteams","description":"Tu marca de ropa deportiva personalizada","publisher":{"@id":"https:\/\/www.inverseteams.com\/ca\/#organization"},"potentialAction":[{"@type":"SearchAction","target":{"@type":"EntryPoint","urlTemplate":"https:\/\/www.inverseteams.com\/ca\/?s={search_term_string}"},"query-input":{"@type":"PropertyValueSpecification","valueRequired":true,"valueName":"search_term_string"}}],"inLanguage":"ca"},{"@type":"Organization","@id":"https:\/\/www.inverseteams.com\/ca\/#organization","name":"Inverse Teams","url":"https:\/\/www.inverseteams.com\/ca\/","logo":{"@type":"ImageObject","inLanguage":"ca","@id":"https:\/\/www.inverseteams.com\/ca\/#\/schema\/logo\/image\/","url":"https:\/\/www.inverseteams.com\/wp-content\/uploads\/2021\/03\/logo-inverse-teams.png","contentUrl":"https:\/\/www.inverseteams.com\/wp-content\/uploads\/2021\/03\/logo-inverse-teams.png","width":294,"height":99,"caption":"Inverse Teams"},"image":{"@id":"https:\/\/www.inverseteams.com\/ca\/#\/schema\/logo\/image\/"},"sameAs":["https:\/\/www.facebook.com\/inverseteams","http:\/\/instagram.com\/inverseteams","https:\/\/www.linkedin.com\/company\/inverse-cirosport-s-l-?trk=job_view_topcard_company_name","http:\/\/www.pinterest.com\/inverseteams\/","http:\/\/www.youtube.com\/user\/inverseteams?feature=watch"]}]}},"_links":{"self":[{"href":"https:\/\/www.inverseteams.com\/ca\/wp-json\/wp\/v2\/product\/17437","targetHints":{"allow":["GET"]}}],"collection":[{"href":"https:\/\/www.inverseteams.com\/ca\/wp-json\/wp\/v2\/product"}],"about":[{"href":"https:\/\/www.inverseteams.com\/ca\/wp-json\/wp\/v2\/types\/product"}],"replies":[{"embeddable":true,"href":"https:\/\/www.inverseteams.com\/ca\/wp-json\/wp\/v2\/comments?post=17437"}],"wp:featuredmedia":[{"embeddable":true,"href":"https:\/\/www.inverseteams.com\/ca\/wp-json\/wp\/v2\/media\/141630"}],"wp:attachment":[{"href":"https:\/\/www.inverseteams.com\/ca\/wp-json\/wp\/v2\/media?parent=17437"}],"wp:term":[{"taxonomy":"product_brand","embeddable":true,"href":"https:\/\/www.inverseteams.com\/ca\/wp-json\/wp\/v2\/product_brand?post=17437"},{"taxonomy":"product_cat","embeddable":true,"href":"https:\/\/www.inverseteams.com\/ca\/wp-json\/wp\/v2\/product_cat?post=17437"},{"taxonomy":"product_tag","embeddable":true,"href":"https:\/\/www.inverseteams.com\/ca\/wp-json\/wp\/v2\/product_tag?post=17437"},{"taxonomy":"custom_category","embeddable":true,"href":"https:\/\/www.inverseteams.com\/ca\/wp-json\/wp\/v2\/custom_category?post=17437"},{"taxonomy":"range","embeddable":true,"href":"https:\/\/www.inverseteams.com\/ca\/wp-json\/wp\/v2\/range?post=17437"}],"curies":[{"name":"wp","href":"https:\/\/api.w.org\/{rel}","templated":true}]}}