{"id":17432,"date":"2021-05-10T08:31:29","date_gmt":"2021-05-10T09:05:59","guid":{"rendered":"https:\/\/inverseteams.com\/?post_type=product&#038;p=17432"},"modified":"2023-10-04T09:55:46","modified_gmt":"2023-10-04T09:55:46","slug":"armilla-paravents-running-pulse","status":"publish","type":"product","link":"https:\/\/www.inverseteams.com\/ca\/producte\/armilla-paravents-running-pulse\/","title":{"rendered":"Armilla paravents running PULSE"},"content":{"rendered":"<p>El seu teixit s\u00faper lleuger permet que puguis guardar f\u00e0cilment el tallavents mentre no el necessitis. Els panells dels laterals i l&#8217;esquena estan confeccionats amb un teixit de reixeta per evacuar r\u00e0pidament la suor i mantenir la pell seca. D&#8217;aquesta manera no et sobreescalfar\u00e0s i no perdr\u00e0s rendiment.<br \/>\nL&#8217;armilla s&#8217;adapta molt b\u00e9 al cos sense anar ajustada perqu\u00e8 puguis c\u00f3rrer amb llibertat sense notar cap oposici\u00f3 de la pe\u00e7a. Les cises estan acabades amb un rivet el\u00e0stic que mantindran l&#8217;armilla ben arrapada a l\u2019espatlla i evitaran que entre l&#8217;aire.<br \/>\n\u00c9s ideal per als dies ventosos i per protegir-te de la humitat o la pluja fina.<\/p>\n","protected":false},"excerpt":{"rendered":"<p>El seu teixit s\u00faper lleuger permet que puguis guardar f\u00e0cilment el tallavents mentre no el necessitis. Els panells dels laterals i l&#8217;esquena estan confeccionats amb un teixit de reixeta per evacuar r\u00e0pidament la suor i mantenir la pell seca. D&#8217;aquesta manera no et sobreescalfar\u00e0s i no perdr\u00e0s rendiment.<br \/>\nL&#8217;armilla s&#8217;adapta molt b\u00e9 al cos sense anar ajustada perqu\u00e8 puguis c\u00f3rrer amb llibertat sense notar cap oposici\u00f3 de la pe\u00e7a. Les cises estan acabades amb un rivet el\u00e0stic que mantindran l&#8217;armilla ben arrapada a l\u2019espatlla i evitaran que entre l&#8217;aire.<br \/>\n\u00c9s ideal per als dies ventosos i per protegir-te de la humitat o la pluja fina.<\/p>\n","protected":false},"featured_media":141579,"comment_status":"closed","ping_status":"closed","template":"","meta":{"_acf_changed":false},"product_brand":[],"product_cat":[8306],"product_tag":[],"custom_category":[3347,3455,3461,3464],"range":[2521],"class_list":{"0":"post-17432","1":"product","2":"type-product","3":"status-publish","4":"has-post-thumbnail","6":"product_cat-uncategorized-ca","7":"pa_climatologia-temperatura-temperada","8":"pa_climatologia-vent","9":"pa_deporte-running-ca","10":"pa_genero-home","11":"pa_genero-dona","12":"pa_genero-infantil-ca","13":"pa_patronaje-regular-ca","14":"pa_tipo-de-prenda-armilla","15":"custom_category-esport","16":"custom_category-roba-de-running-personalitzada","17":"custom_category-armilla-running-personalitzada","18":"custom_category-paravents-running-personalitzat","19":"range-pulse-ca","21":"first","22":"instock","23":"product-type-custom"},"acf":[],"yoast_head":"<!-- This site is optimized with the Yoast SEO plugin v27.3 - https:\/\/yoast.com\/product\/yoast-seo-wordpress\/ -->\n<title>Armilla paravents running PULSE<\/title>\n<meta name=\"description\" content=\"El seu teixit s\u00faper lleuger permet que puguis guardar f\u00e0cilment el tallavents mentre no el necessitis. Els panells dels laterals i l&#039;esquena estan confeccionats amb un teixit de reixeta per evacuar r\u00e0pidament la suor i mantenir la pell seca. D&#039;aquesta manera no et sobreescalfar\u00e0s i no perdr\u00e0s rendiment. L&#039;armilla s&#039;adapta molt b\u00e9 al cos sense anar ajustada perqu\u00e8 puguis c\u00f3rrer amb llibertat sense notar cap oposici\u00f3 de la pe\u00e7a. Les cises estan acabades amb un rivet el\u00e0stic que mantindran l&#039;armilla ben arrapada a l\u2019espatlla i evitaran que entre l&#039;aire. \u00c9s ideal per als dies ventosos i per protegir-te de la humitat o la pluja fina.\" \/>\n<meta name=\"robots\" content=\"index, follow, max-snippet:-1, max-image-preview:large, max-video-preview:-1\" \/>\n<link rel=\"canonical\" href=\"https:\/\/www.inverseteams.com\/ca\/producte\/armilla-paravents-running-pulse\/\" \/>\n<meta property=\"og:locale\" content=\"ca_ES\" \/>\n<meta property=\"og:type\" content=\"article\" \/>\n<meta property=\"og:title\" content=\"Armilla paravents running PULSE\" \/>\n<meta property=\"og:description\" content=\"El seu teixit s\u00faper lleuger permet que puguis guardar f\u00e0cilment el tallavents mentre no el necessitis. Els panells dels laterals i l&#039;esquena estan confeccionats amb un teixit de reixeta per evacuar r\u00e0pidament la suor i mantenir la pell seca. D&#039;aquesta manera no et sobreescalfar\u00e0s i no perdr\u00e0s rendiment. L&#039;armilla s&#039;adapta molt b\u00e9 al cos sense anar ajustada perqu\u00e8 puguis c\u00f3rrer amb llibertat sense notar cap oposici\u00f3 de la pe\u00e7a. Les cises estan acabades amb un rivet el\u00e0stic que mantindran l&#039;armilla ben arrapada a l\u2019espatlla i evitaran que entre l&#039;aire. \u00c9s ideal per als dies ventosos i per protegir-te de la humitat o la pluja fina.\" \/>\n<meta property=\"og:url\" content=\"https:\/\/www.inverseteams.com\/ca\/producte\/armilla-paravents-running-pulse\/\" \/>\n<meta property=\"og:site_name\" content=\"Inverseteams\" \/>\n<meta property=\"article:publisher\" content=\"https:\/\/www.facebook.com\/inverseteams\" \/>\n<meta property=\"article:modified_time\" content=\"2023-10-04T09:55:46+00:00\" \/>\n<meta property=\"og:image\" content=\"https:\/\/www.inverseteams.com\/wp-content\/uploads\/CHALECO-PULSE-1.jpg\" \/>\n\t<meta property=\"og:image:width\" content=\"3222\" \/>\n\t<meta property=\"og:image:height\" content=\"3462\" \/>\n\t<meta property=\"og:image:type\" content=\"image\/jpeg\" \/>\n<meta name=\"twitter:card\" content=\"summary_large_image\" \/>\n<meta name=\"twitter:label1\" content=\"Temps estimat de lectura\" \/>\n\t<meta name=\"twitter:data1\" content=\"1 minut\" \/>\n<script type=\"application\/ld+json\" class=\"yoast-schema-graph\">{\"@context\":\"https:\\\/\\\/schema.org\",\"@graph\":[{\"@type\":\"WebPage\",\"@id\":\"https:\\\/\\\/www.inverseteams.com\\\/ca\\\/producte\\\/armilla-paravents-running-pulse\\\/\",\"url\":\"https:\\\/\\\/www.inverseteams.com\\\/ca\\\/producte\\\/armilla-paravents-running-pulse\\\/\",\"name\":\"Armilla paravents running PULSE\",\"isPartOf\":{\"@id\":\"https:\\\/\\\/www.inverseteams.com\\\/ca\\\/#website\"},\"primaryImageOfPage\":{\"@id\":\"https:\\\/\\\/www.inverseteams.com\\\/ca\\\/producte\\\/armilla-paravents-running-pulse\\\/#primaryimage\"},\"image\":{\"@id\":\"https:\\\/\\\/www.inverseteams.com\\\/ca\\\/producte\\\/armilla-paravents-running-pulse\\\/#primaryimage\"},\"thumbnailUrl\":\"https:\\\/\\\/www.inverseteams.com\\\/wp-content\\\/uploads\\\/CHALECO-PULSE-1.jpg\",\"datePublished\":\"2021-05-10T09:05:59+00:00\",\"dateModified\":\"2023-10-04T09:55:46+00:00\",\"description\":\"El seu teixit s\u00faper lleuger permet que puguis guardar f\u00e0cilment el tallavents mentre no el necessitis. Els panells dels laterals i l'esquena estan confeccionats amb un teixit de reixeta per evacuar r\u00e0pidament la suor i mantenir la pell seca. D'aquesta manera no et sobreescalfar\u00e0s i no perdr\u00e0s rendiment. L'armilla s'adapta molt b\u00e9 al cos sense anar ajustada perqu\u00e8 puguis c\u00f3rrer amb llibertat sense notar cap oposici\u00f3 de la pe\u00e7a. Les cises estan acabades amb un rivet el\u00e0stic que mantindran l'armilla ben arrapada a l\u2019espatlla i evitaran que entre l'aire. \u00c9s ideal per als dies ventosos i per protegir-te de la humitat o la pluja fina.\",\"breadcrumb\":{\"@id\":\"https:\\\/\\\/www.inverseteams.com\\\/ca\\\/producte\\\/armilla-paravents-running-pulse\\\/#breadcrumb\"},\"inLanguage\":\"ca\",\"potentialAction\":[{\"@type\":\"ReadAction\",\"target\":[\"https:\\\/\\\/www.inverseteams.com\\\/ca\\\/producte\\\/armilla-paravents-running-pulse\\\/\"]}]},{\"@type\":\"ImageObject\",\"inLanguage\":\"ca\",\"@id\":\"https:\\\/\\\/www.inverseteams.com\\\/ca\\\/producte\\\/armilla-paravents-running-pulse\\\/#primaryimage\",\"url\":\"https:\\\/\\\/www.inverseteams.com\\\/wp-content\\\/uploads\\\/CHALECO-PULSE-1.jpg\",\"contentUrl\":\"https:\\\/\\\/www.inverseteams.com\\\/wp-content\\\/uploads\\\/CHALECO-PULSE-1.jpg\",\"width\":3222,\"height\":3462,\"caption\":\"chaleco running personalizable\"},{\"@type\":\"BreadcrumbList\",\"@id\":\"https:\\\/\\\/www.inverseteams.com\\\/ca\\\/producte\\\/armilla-paravents-running-pulse\\\/#breadcrumb\",\"itemListElement\":[{\"@type\":\"ListItem\",\"position\":1,\"name\":\"Portada\",\"item\":\"https:\\\/\\\/www.inverseteams.com\\\/ca\\\/pagina-principal\\\/\"},{\"@type\":\"ListItem\",\"position\":2,\"name\":\"Botiga\",\"item\":\"https:\\\/\\\/www.inverseteams.com\\\/ca\\\/botiga\\\/\"},{\"@type\":\"ListItem\",\"position\":3,\"name\":\"Armilla paravents running PULSE\"}]},{\"@type\":\"WebSite\",\"@id\":\"https:\\\/\\\/www.inverseteams.com\\\/ca\\\/#website\",\"url\":\"https:\\\/\\\/www.inverseteams.com\\\/ca\\\/\",\"name\":\"Inverseteams\",\"description\":\"Tu marca de ropa deportiva personalizada\",\"publisher\":{\"@id\":\"https:\\\/\\\/www.inverseteams.com\\\/ca\\\/#organization\"},\"potentialAction\":[{\"@type\":\"SearchAction\",\"target\":{\"@type\":\"EntryPoint\",\"urlTemplate\":\"https:\\\/\\\/www.inverseteams.com\\\/ca\\\/?s={search_term_string}\"},\"query-input\":{\"@type\":\"PropertyValueSpecification\",\"valueRequired\":true,\"valueName\":\"search_term_string\"}}],\"inLanguage\":\"ca\"},{\"@type\":\"Organization\",\"@id\":\"https:\\\/\\\/www.inverseteams.com\\\/ca\\\/#organization\",\"name\":\"Inverse Teams\",\"url\":\"https:\\\/\\\/www.inverseteams.com\\\/ca\\\/\",\"logo\":{\"@type\":\"ImageObject\",\"inLanguage\":\"ca\",\"@id\":\"https:\\\/\\\/www.inverseteams.com\\\/ca\\\/#\\\/schema\\\/logo\\\/image\\\/\",\"url\":\"http:\\\/\\\/www.inverseteams.com\\\/wp-content\\\/uploads\\\/2021\\\/03\\\/logo-inverse-teams.png\",\"contentUrl\":\"http:\\\/\\\/www.inverseteams.com\\\/wp-content\\\/uploads\\\/2021\\\/03\\\/logo-inverse-teams.png\",\"width\":294,\"height\":99,\"caption\":\"Inverse Teams\"},\"image\":{\"@id\":\"https:\\\/\\\/www.inverseteams.com\\\/ca\\\/#\\\/schema\\\/logo\\\/image\\\/\"},\"sameAs\":[\"https:\\\/\\\/www.facebook.com\\\/inverseteams\",\"http:\\\/\\\/instagram.com\\\/inverseteams\",\"https:\\\/\\\/www.linkedin.com\\\/company\\\/inverse-cirosport-s-l-?trk=job_view_topcard_company_name\",\"http:\\\/\\\/www.pinterest.com\\\/inverseteams\\\/\",\"http:\\\/\\\/www.youtube.com\\\/user\\\/inverseteams?feature=watch\"]}]}<\/script>\n<!-- \/ Yoast SEO plugin. -->","yoast_head_json":{"title":"Armilla paravents running PULSE","description":"El seu teixit s\u00faper lleuger permet que puguis guardar f\u00e0cilment el tallavents mentre no el necessitis. Els panells dels laterals i l'esquena estan confeccionats amb un teixit de reixeta per evacuar r\u00e0pidament la suor i mantenir la pell seca. D'aquesta manera no et sobreescalfar\u00e0s i no perdr\u00e0s rendiment. L'armilla s'adapta molt b\u00e9 al cos sense anar ajustada perqu\u00e8 puguis c\u00f3rrer amb llibertat sense notar cap oposici\u00f3 de la pe\u00e7a. Les cises estan acabades amb un rivet el\u00e0stic que mantindran l'armilla ben arrapada a l\u2019espatlla i evitaran que entre l'aire. \u00c9s ideal per als dies ventosos i per protegir-te de la humitat o la pluja fina.","robots":{"index":"index","follow":"follow","max-snippet":"max-snippet:-1","max-image-preview":"max-image-preview:large","max-video-preview":"max-video-preview:-1"},"canonical":"https:\/\/www.inverseteams.com\/ca\/producte\/armilla-paravents-running-pulse\/","og_locale":"ca_ES","og_type":"article","og_title":"Armilla paravents running PULSE","og_description":"El seu teixit s\u00faper lleuger permet que puguis guardar f\u00e0cilment el tallavents mentre no el necessitis. Els panells dels laterals i l'esquena estan confeccionats amb un teixit de reixeta per evacuar r\u00e0pidament la suor i mantenir la pell seca. D'aquesta manera no et sobreescalfar\u00e0s i no perdr\u00e0s rendiment. L'armilla s'adapta molt b\u00e9 al cos sense anar ajustada perqu\u00e8 puguis c\u00f3rrer amb llibertat sense notar cap oposici\u00f3 de la pe\u00e7a. Les cises estan acabades amb un rivet el\u00e0stic que mantindran l'armilla ben arrapada a l\u2019espatlla i evitaran que entre l'aire. \u00c9s ideal per als dies ventosos i per protegir-te de la humitat o la pluja fina.","og_url":"https:\/\/www.inverseteams.com\/ca\/producte\/armilla-paravents-running-pulse\/","og_site_name":"Inverseteams","article_publisher":"https:\/\/www.facebook.com\/inverseteams","article_modified_time":"2023-10-04T09:55:46+00:00","og_image":[{"width":3222,"height":3462,"url":"https:\/\/www.inverseteams.com\/wp-content\/uploads\/CHALECO-PULSE-1.jpg","type":"image\/jpeg"}],"twitter_card":"summary_large_image","twitter_misc":{"Temps estimat de lectura":"1 minut"},"schema":{"@context":"https:\/\/schema.org","@graph":[{"@type":"WebPage","@id":"https:\/\/www.inverseteams.com\/ca\/producte\/armilla-paravents-running-pulse\/","url":"https:\/\/www.inverseteams.com\/ca\/producte\/armilla-paravents-running-pulse\/","name":"Armilla paravents running PULSE","isPartOf":{"@id":"https:\/\/www.inverseteams.com\/ca\/#website"},"primaryImageOfPage":{"@id":"https:\/\/www.inverseteams.com\/ca\/producte\/armilla-paravents-running-pulse\/#primaryimage"},"image":{"@id":"https:\/\/www.inverseteams.com\/ca\/producte\/armilla-paravents-running-pulse\/#primaryimage"},"thumbnailUrl":"https:\/\/www.inverseteams.com\/wp-content\/uploads\/CHALECO-PULSE-1.jpg","datePublished":"2021-05-10T09:05:59+00:00","dateModified":"2023-10-04T09:55:46+00:00","description":"El seu teixit s\u00faper lleuger permet que puguis guardar f\u00e0cilment el tallavents mentre no el necessitis. Els panells dels laterals i l'esquena estan confeccionats amb un teixit de reixeta per evacuar r\u00e0pidament la suor i mantenir la pell seca. D'aquesta manera no et sobreescalfar\u00e0s i no perdr\u00e0s rendiment. L'armilla s'adapta molt b\u00e9 al cos sense anar ajustada perqu\u00e8 puguis c\u00f3rrer amb llibertat sense notar cap oposici\u00f3 de la pe\u00e7a. Les cises estan acabades amb un rivet el\u00e0stic que mantindran l'armilla ben arrapada a l\u2019espatlla i evitaran que entre l'aire. \u00c9s ideal per als dies ventosos i per protegir-te de la humitat o la pluja fina.","breadcrumb":{"@id":"https:\/\/www.inverseteams.com\/ca\/producte\/armilla-paravents-running-pulse\/#breadcrumb"},"inLanguage":"ca","potentialAction":[{"@type":"ReadAction","target":["https:\/\/www.inverseteams.com\/ca\/producte\/armilla-paravents-running-pulse\/"]}]},{"@type":"ImageObject","inLanguage":"ca","@id":"https:\/\/www.inverseteams.com\/ca\/producte\/armilla-paravents-running-pulse\/#primaryimage","url":"https:\/\/www.inverseteams.com\/wp-content\/uploads\/CHALECO-PULSE-1.jpg","contentUrl":"https:\/\/www.inverseteams.com\/wp-content\/uploads\/CHALECO-PULSE-1.jpg","width":3222,"height":3462,"caption":"chaleco running personalizable"},{"@type":"BreadcrumbList","@id":"https:\/\/www.inverseteams.com\/ca\/producte\/armilla-paravents-running-pulse\/#breadcrumb","itemListElement":[{"@type":"ListItem","position":1,"name":"Portada","item":"https:\/\/www.inverseteams.com\/ca\/pagina-principal\/"},{"@type":"ListItem","position":2,"name":"Botiga","item":"https:\/\/www.inverseteams.com\/ca\/botiga\/"},{"@type":"ListItem","position":3,"name":"Armilla paravents running PULSE"}]},{"@type":"WebSite","@id":"https:\/\/www.inverseteams.com\/ca\/#website","url":"https:\/\/www.inverseteams.com\/ca\/","name":"Inverseteams","description":"Tu marca de ropa deportiva personalizada","publisher":{"@id":"https:\/\/www.inverseteams.com\/ca\/#organization"},"potentialAction":[{"@type":"SearchAction","target":{"@type":"EntryPoint","urlTemplate":"https:\/\/www.inverseteams.com\/ca\/?s={search_term_string}"},"query-input":{"@type":"PropertyValueSpecification","valueRequired":true,"valueName":"search_term_string"}}],"inLanguage":"ca"},{"@type":"Organization","@id":"https:\/\/www.inverseteams.com\/ca\/#organization","name":"Inverse Teams","url":"https:\/\/www.inverseteams.com\/ca\/","logo":{"@type":"ImageObject","inLanguage":"ca","@id":"https:\/\/www.inverseteams.com\/ca\/#\/schema\/logo\/image\/","url":"https:\/\/www.inverseteams.com\/wp-content\/uploads\/2021\/03\/logo-inverse-teams.png","contentUrl":"https:\/\/www.inverseteams.com\/wp-content\/uploads\/2021\/03\/logo-inverse-teams.png","width":294,"height":99,"caption":"Inverse Teams"},"image":{"@id":"https:\/\/www.inverseteams.com\/ca\/#\/schema\/logo\/image\/"},"sameAs":["https:\/\/www.facebook.com\/inverseteams","http:\/\/instagram.com\/inverseteams","https:\/\/www.linkedin.com\/company\/inverse-cirosport-s-l-?trk=job_view_topcard_company_name","http:\/\/www.pinterest.com\/inverseteams\/","http:\/\/www.youtube.com\/user\/inverseteams?feature=watch"]}]}},"_links":{"self":[{"href":"https:\/\/www.inverseteams.com\/ca\/wp-json\/wp\/v2\/product\/17432","targetHints":{"allow":["GET"]}}],"collection":[{"href":"https:\/\/www.inverseteams.com\/ca\/wp-json\/wp\/v2\/product"}],"about":[{"href":"https:\/\/www.inverseteams.com\/ca\/wp-json\/wp\/v2\/types\/product"}],"replies":[{"embeddable":true,"href":"https:\/\/www.inverseteams.com\/ca\/wp-json\/wp\/v2\/comments?post=17432"}],"wp:featuredmedia":[{"embeddable":true,"href":"https:\/\/www.inverseteams.com\/ca\/wp-json\/wp\/v2\/media\/141579"}],"wp:attachment":[{"href":"https:\/\/www.inverseteams.com\/ca\/wp-json\/wp\/v2\/media?parent=17432"}],"wp:term":[{"taxonomy":"product_brand","embeddable":true,"href":"https:\/\/www.inverseteams.com\/ca\/wp-json\/wp\/v2\/product_brand?post=17432"},{"taxonomy":"product_cat","embeddable":true,"href":"https:\/\/www.inverseteams.com\/ca\/wp-json\/wp\/v2\/product_cat?post=17432"},{"taxonomy":"product_tag","embeddable":true,"href":"https:\/\/www.inverseteams.com\/ca\/wp-json\/wp\/v2\/product_tag?post=17432"},{"taxonomy":"custom_category","embeddable":true,"href":"https:\/\/www.inverseteams.com\/ca\/wp-json\/wp\/v2\/custom_category?post=17432"},{"taxonomy":"range","embeddable":true,"href":"https:\/\/www.inverseteams.com\/ca\/wp-json\/wp\/v2\/range?post=17432"}],"curies":[{"name":"wp","href":"https:\/\/api.w.org\/{rel}","templated":true}]}}