{"id":17422,"date":"2021-05-10T08:31:14","date_gmt":"2021-05-10T09:05:45","guid":{"rendered":"https:\/\/inverseteams.com\/?post_type=product&#038;p=17422"},"modified":"2023-10-05T11:01:40","modified_gmt":"2023-10-05T11:01:40","slug":"short-triatlo-aqua","status":"publish","type":"product","link":"https:\/\/www.inverseteams.com\/ca\/producte\/short-triatlo-aqua\/","title":{"rendered":"Short triatl\u00f3 AQUA"},"content":{"rendered":"<p>El seu acabat de Tefl\u00f3 repel\u00b7leix l&#8217;aigua i t&#8217;ajuda a lliscar durant la nataci\u00f3 amb m\u00e9s facilitat i a assecar-te r\u00e0pidament durant la transici\u00f3. Aquesta propietat \u00e9s ideal per a les proves en qu\u00e8 no s&#8217;usa neopr\u00e8. Tritop perfecte per a les proves m\u00e9s exigents. L&#8217;elasticitat i lleugeresa del seu teixit et permetr\u00e0 una total llibertat de moviments i no sentir\u00e0s cap mol\u00e8stia durant les diferents etapes del triatl\u00f3. A la cintura t\u00e9 una goma el\u00e0stica per mantenir la pe\u00e7a ben ferma al cos sense mol\u00e8sties.<br \/>\nAl final de les cames t\u00e9 una banda el\u00e0stica microperforada amb un grip de silicona hipoal\u00b7lerg\u00e8nica al seu interior. Aquesta evita que augmenti la sudoraci\u00f3 i mant\u00e9 la pe\u00e7a ben subjecta a la cama.<br \/>\nTots els panells que el conformen han estat dissenyats per adaptar-se a totes les posicions i optimitzar el teu rendiment. Les costures planes que els uneixen s\u00f3n s\u00faper resistents i a m\u00e9s aporten un disseny molt atractiu a la pe\u00e7a.<\/p>\n","protected":false},"excerpt":{"rendered":"<p>El seu acabat de Tefl\u00f3 repel\u00b7leix l&#8217;aigua i t&#8217;ajuda a lliscar durant la nataci\u00f3 amb m\u00e9s facilitat i a assecar-te r\u00e0pidament durant la transici\u00f3. Aquesta propietat \u00e9s ideal per a les proves en qu\u00e8 no s&#8217;usa neopr\u00e8. Tritop perfecte per a les proves m\u00e9s exigents. L&#8217;elasticitat i lleugeresa del seu teixit et permetr\u00e0 una total llibertat de moviments i no sentir\u00e0s cap mol\u00e8stia durant les diferents etapes del triatl\u00f3. A la cintura t\u00e9 una goma el\u00e0stica per mantenir la pe\u00e7a ben ferma al cos sense mol\u00e8sties.<br \/>\nAl final de les cames t\u00e9 una banda el\u00e0stica microperforada amb un grip de silicona hipoal\u00b7lerg\u00e8nica al seu interior. Aquesta evita que augmenti la sudoraci\u00f3 i mant\u00e9 la pe\u00e7a ben subjecta a la cama.<br \/>\nTots els panells que el conformen han estat dissenyats per adaptar-se a totes les posicions i optimitzar el teu rendiment. Les costures planes que els uneixen s\u00f3n s\u00faper resistents i a m\u00e9s aporten un disseny molt atractiu a la pe\u00e7a.<\/p>\n","protected":false},"featured_media":141848,"comment_status":"closed","ping_status":"closed","template":"","meta":{"_acf_changed":false},"product_brand":[],"product_cat":[8306],"product_tag":[],"custom_category":[3347,3491,3500],"range":[2519],"class_list":{"0":"post-17422","1":"product","2":"type-product","3":"status-publish","4":"has-post-thumbnail","6":"product_cat-uncategorized-ca","7":"pa_climatologia-calor-ca","8":"pa_deporte-triatlo","9":"pa_genero-home","10":"pa_patronaje-fit-ca","11":"pa_tipo-de-prenda-trishort-ca","12":"custom_category-esport","13":"custom_category-roba-de-triatlo-personalitzada","14":"custom_category-short-triatlo-personalitzat","15":"range-aqua-ca","17":"first","18":"instock","19":"product-type-custom"},"acf":[],"yoast_head":"<!-- This site is optimized with the Yoast SEO plugin v27.5 - https:\/\/yoast.com\/product\/yoast-seo-wordpress\/ -->\n<title>Short triatl\u00f3 AQUA<\/title>\n<meta name=\"description\" content=\"El seu acabat de Tefl\u00f3 repel\u00b7leix l&#039;aigua i t&#039;ajuda a lliscar durant la nataci\u00f3 amb m\u00e9s facilitat i a assecar-te r\u00e0pidament durant la transici\u00f3. Aquesta propietat \u00e9s ideal per a les proves en qu\u00e8 no s&#039;usa neopr\u00e8. Tritop perfecte per a les proves m\u00e9s exigents. L&#039;elasticitat i lleugeresa del seu teixit et permetr\u00e0 una total llibertat de moviments i no sentir\u00e0s cap mol\u00e8stia durant les diferents etapes del triatl\u00f3. A la cintura t\u00e9 una goma el\u00e0stica per mantenir la pe\u00e7a ben ferma al cos sense mol\u00e8sties. Al final de les cames t\u00e9 una banda el\u00e0stica microperforada amb un grip de silicona hipoal\u00b7lerg\u00e8nica al seu interior. Aquesta evita que augmenti la sudoraci\u00f3 i mant\u00e9 la pe\u00e7a ben subjecta a la cama. Tots els panells que el conformen han estat dissenyats per adaptar-se a totes les posicions i optimitzar el teu rendiment. Les costures planes que els uneixen s\u00f3n s\u00faper resistents i a m\u00e9s aporten un disseny molt atractiu a la pe\u00e7a.\" \/>\n<meta name=\"robots\" content=\"index, follow, max-snippet:-1, max-image-preview:large, max-video-preview:-1\" \/>\n<link rel=\"canonical\" href=\"https:\/\/www.inverseteams.com\/ca\/producte\/short-triatlo-aqua\/\" \/>\n<meta property=\"og:locale\" content=\"ca_ES\" \/>\n<meta property=\"og:type\" content=\"article\" \/>\n<meta property=\"og:title\" content=\"Short triatl\u00f3 AQUA\" \/>\n<meta property=\"og:description\" content=\"El seu acabat de Tefl\u00f3 repel\u00b7leix l&#039;aigua i t&#039;ajuda a lliscar durant la nataci\u00f3 amb m\u00e9s facilitat i a assecar-te r\u00e0pidament durant la transici\u00f3. Aquesta propietat \u00e9s ideal per a les proves en qu\u00e8 no s&#039;usa neopr\u00e8. Tritop perfecte per a les proves m\u00e9s exigents. L&#039;elasticitat i lleugeresa del seu teixit et permetr\u00e0 una total llibertat de moviments i no sentir\u00e0s cap mol\u00e8stia durant les diferents etapes del triatl\u00f3. A la cintura t\u00e9 una goma el\u00e0stica per mantenir la pe\u00e7a ben ferma al cos sense mol\u00e8sties. Al final de les cames t\u00e9 una banda el\u00e0stica microperforada amb un grip de silicona hipoal\u00b7lerg\u00e8nica al seu interior. Aquesta evita que augmenti la sudoraci\u00f3 i mant\u00e9 la pe\u00e7a ben subjecta a la cama. Tots els panells que el conformen han estat dissenyats per adaptar-se a totes les posicions i optimitzar el teu rendiment. Les costures planes que els uneixen s\u00f3n s\u00faper resistents i a m\u00e9s aporten un disseny molt atractiu a la pe\u00e7a.\" \/>\n<meta property=\"og:url\" content=\"https:\/\/www.inverseteams.com\/ca\/producte\/short-triatlo-aqua\/\" \/>\n<meta property=\"og:site_name\" content=\"Inverseteams\" \/>\n<meta property=\"article:publisher\" content=\"https:\/\/www.facebook.com\/inverseteams\" \/>\n<meta property=\"article:modified_time\" content=\"2023-10-05T11:01:40+00:00\" \/>\n<meta property=\"og:image\" content=\"https:\/\/www.inverseteams.com\/wp-content\/uploads\/TRISHORT-AQUA-1-1.jpg\" \/>\n\t<meta property=\"og:image:width\" content=\"3222\" \/>\n\t<meta property=\"og:image:height\" content=\"3462\" \/>\n\t<meta property=\"og:image:type\" content=\"image\/jpeg\" \/>\n<meta name=\"twitter:card\" content=\"summary_large_image\" \/>\n<meta name=\"twitter:label1\" content=\"Temps estimat de lectura\" \/>\n\t<meta name=\"twitter:data1\" content=\"1 minut\" \/>\n<script type=\"application\/ld+json\" class=\"yoast-schema-graph\">{\"@context\":\"https:\\\/\\\/schema.org\",\"@graph\":[{\"@type\":\"WebPage\",\"@id\":\"https:\\\/\\\/www.inverseteams.com\\\/ca\\\/producte\\\/short-triatlo-aqua\\\/\",\"url\":\"https:\\\/\\\/www.inverseteams.com\\\/ca\\\/producte\\\/short-triatlo-aqua\\\/\",\"name\":\"Short triatl\u00f3 AQUA\",\"isPartOf\":{\"@id\":\"https:\\\/\\\/www.inverseteams.com\\\/ca\\\/#website\"},\"primaryImageOfPage\":{\"@id\":\"https:\\\/\\\/www.inverseteams.com\\\/ca\\\/producte\\\/short-triatlo-aqua\\\/#primaryimage\"},\"image\":{\"@id\":\"https:\\\/\\\/www.inverseteams.com\\\/ca\\\/producte\\\/short-triatlo-aqua\\\/#primaryimage\"},\"thumbnailUrl\":\"https:\\\/\\\/www.inverseteams.com\\\/wp-content\\\/uploads\\\/TRISHORT-AQUA-1-1.jpg\",\"datePublished\":\"2021-05-10T09:05:45+00:00\",\"dateModified\":\"2023-10-05T11:01:40+00:00\",\"description\":\"El seu acabat de Tefl\u00f3 repel\u00b7leix l'aigua i t'ajuda a lliscar durant la nataci\u00f3 amb m\u00e9s facilitat i a assecar-te r\u00e0pidament durant la transici\u00f3. Aquesta propietat \u00e9s ideal per a les proves en qu\u00e8 no s'usa neopr\u00e8. Tritop perfecte per a les proves m\u00e9s exigents. L'elasticitat i lleugeresa del seu teixit et permetr\u00e0 una total llibertat de moviments i no sentir\u00e0s cap mol\u00e8stia durant les diferents etapes del triatl\u00f3. A la cintura t\u00e9 una goma el\u00e0stica per mantenir la pe\u00e7a ben ferma al cos sense mol\u00e8sties. Al final de les cames t\u00e9 una banda el\u00e0stica microperforada amb un grip de silicona hipoal\u00b7lerg\u00e8nica al seu interior. Aquesta evita que augmenti la sudoraci\u00f3 i mant\u00e9 la pe\u00e7a ben subjecta a la cama. Tots els panells que el conformen han estat dissenyats per adaptar-se a totes les posicions i optimitzar el teu rendiment. Les costures planes que els uneixen s\u00f3n s\u00faper resistents i a m\u00e9s aporten un disseny molt atractiu a la pe\u00e7a.\",\"breadcrumb\":{\"@id\":\"https:\\\/\\\/www.inverseteams.com\\\/ca\\\/producte\\\/short-triatlo-aqua\\\/#breadcrumb\"},\"inLanguage\":\"ca\",\"potentialAction\":[{\"@type\":\"ReadAction\",\"target\":[\"https:\\\/\\\/www.inverseteams.com\\\/ca\\\/producte\\\/short-triatlo-aqua\\\/\"]}]},{\"@type\":\"ImageObject\",\"inLanguage\":\"ca\",\"@id\":\"https:\\\/\\\/www.inverseteams.com\\\/ca\\\/producte\\\/short-triatlo-aqua\\\/#primaryimage\",\"url\":\"https:\\\/\\\/www.inverseteams.com\\\/wp-content\\\/uploads\\\/TRISHORT-AQUA-1-1.jpg\",\"contentUrl\":\"https:\\\/\\\/www.inverseteams.com\\\/wp-content\\\/uploads\\\/TRISHORT-AQUA-1-1.jpg\",\"width\":3222,\"height\":3462,\"caption\":\"short triatlon aqua personalizado\"},{\"@type\":\"BreadcrumbList\",\"@id\":\"https:\\\/\\\/www.inverseteams.com\\\/ca\\\/producte\\\/short-triatlo-aqua\\\/#breadcrumb\",\"itemListElement\":[{\"@type\":\"ListItem\",\"position\":1,\"name\":\"Portada\",\"item\":\"https:\\\/\\\/www.inverseteams.com\\\/ca\\\/pagina-principal\\\/\"},{\"@type\":\"ListItem\",\"position\":2,\"name\":\"Botiga\",\"item\":\"https:\\\/\\\/www.inverseteams.com\\\/ca\\\/botiga\\\/\"},{\"@type\":\"ListItem\",\"position\":3,\"name\":\"Short triatl\u00f3 AQUA\"}]},{\"@type\":\"WebSite\",\"@id\":\"https:\\\/\\\/www.inverseteams.com\\\/ca\\\/#website\",\"url\":\"https:\\\/\\\/www.inverseteams.com\\\/ca\\\/\",\"name\":\"Inverseteams\",\"description\":\"Tu marca de ropa deportiva personalizada\",\"publisher\":{\"@id\":\"https:\\\/\\\/www.inverseteams.com\\\/ca\\\/#organization\"},\"potentialAction\":[{\"@type\":\"SearchAction\",\"target\":{\"@type\":\"EntryPoint\",\"urlTemplate\":\"https:\\\/\\\/www.inverseteams.com\\\/ca\\\/?s={search_term_string}\"},\"query-input\":{\"@type\":\"PropertyValueSpecification\",\"valueRequired\":true,\"valueName\":\"search_term_string\"}}],\"inLanguage\":\"ca\"},{\"@type\":\"Organization\",\"@id\":\"https:\\\/\\\/www.inverseteams.com\\\/ca\\\/#organization\",\"name\":\"Inverse Teams\",\"url\":\"https:\\\/\\\/www.inverseteams.com\\\/ca\\\/\",\"logo\":{\"@type\":\"ImageObject\",\"inLanguage\":\"ca\",\"@id\":\"https:\\\/\\\/www.inverseteams.com\\\/ca\\\/#\\\/schema\\\/logo\\\/image\\\/\",\"url\":\"https:\\\/\\\/www.inverseteams.com\\\/wp-content\\\/uploads\\\/2021\\\/03\\\/logo-inverse-teams.png\",\"contentUrl\":\"https:\\\/\\\/www.inverseteams.com\\\/wp-content\\\/uploads\\\/2021\\\/03\\\/logo-inverse-teams.png\",\"width\":294,\"height\":99,\"caption\":\"Inverse Teams\"},\"image\":{\"@id\":\"https:\\\/\\\/www.inverseteams.com\\\/ca\\\/#\\\/schema\\\/logo\\\/image\\\/\"},\"sameAs\":[\"https:\\\/\\\/www.facebook.com\\\/inverseteams\",\"http:\\\/\\\/instagram.com\\\/inverseteams\",\"https:\\\/\\\/www.linkedin.com\\\/company\\\/inverse-cirosport-s-l-?trk=job_view_topcard_company_name\",\"http:\\\/\\\/www.pinterest.com\\\/inverseteams\\\/\",\"http:\\\/\\\/www.youtube.com\\\/user\\\/inverseteams?feature=watch\"]}]}<\/script>\n<!-- \/ Yoast SEO plugin. -->","yoast_head_json":{"title":"Short triatl\u00f3 AQUA","description":"El seu acabat de Tefl\u00f3 repel\u00b7leix l'aigua i t'ajuda a lliscar durant la nataci\u00f3 amb m\u00e9s facilitat i a assecar-te r\u00e0pidament durant la transici\u00f3. Aquesta propietat \u00e9s ideal per a les proves en qu\u00e8 no s'usa neopr\u00e8. Tritop perfecte per a les proves m\u00e9s exigents. L'elasticitat i lleugeresa del seu teixit et permetr\u00e0 una total llibertat de moviments i no sentir\u00e0s cap mol\u00e8stia durant les diferents etapes del triatl\u00f3. A la cintura t\u00e9 una goma el\u00e0stica per mantenir la pe\u00e7a ben ferma al cos sense mol\u00e8sties. Al final de les cames t\u00e9 una banda el\u00e0stica microperforada amb un grip de silicona hipoal\u00b7lerg\u00e8nica al seu interior. Aquesta evita que augmenti la sudoraci\u00f3 i mant\u00e9 la pe\u00e7a ben subjecta a la cama. Tots els panells que el conformen han estat dissenyats per adaptar-se a totes les posicions i optimitzar el teu rendiment. Les costures planes que els uneixen s\u00f3n s\u00faper resistents i a m\u00e9s aporten un disseny molt atractiu a la pe\u00e7a.","robots":{"index":"index","follow":"follow","max-snippet":"max-snippet:-1","max-image-preview":"max-image-preview:large","max-video-preview":"max-video-preview:-1"},"canonical":"https:\/\/www.inverseteams.com\/ca\/producte\/short-triatlo-aqua\/","og_locale":"ca_ES","og_type":"article","og_title":"Short triatl\u00f3 AQUA","og_description":"El seu acabat de Tefl\u00f3 repel\u00b7leix l'aigua i t'ajuda a lliscar durant la nataci\u00f3 amb m\u00e9s facilitat i a assecar-te r\u00e0pidament durant la transici\u00f3. Aquesta propietat \u00e9s ideal per a les proves en qu\u00e8 no s'usa neopr\u00e8. Tritop perfecte per a les proves m\u00e9s exigents. L'elasticitat i lleugeresa del seu teixit et permetr\u00e0 una total llibertat de moviments i no sentir\u00e0s cap mol\u00e8stia durant les diferents etapes del triatl\u00f3. A la cintura t\u00e9 una goma el\u00e0stica per mantenir la pe\u00e7a ben ferma al cos sense mol\u00e8sties. Al final de les cames t\u00e9 una banda el\u00e0stica microperforada amb un grip de silicona hipoal\u00b7lerg\u00e8nica al seu interior. Aquesta evita que augmenti la sudoraci\u00f3 i mant\u00e9 la pe\u00e7a ben subjecta a la cama. Tots els panells que el conformen han estat dissenyats per adaptar-se a totes les posicions i optimitzar el teu rendiment. Les costures planes que els uneixen s\u00f3n s\u00faper resistents i a m\u00e9s aporten un disseny molt atractiu a la pe\u00e7a.","og_url":"https:\/\/www.inverseteams.com\/ca\/producte\/short-triatlo-aqua\/","og_site_name":"Inverseteams","article_publisher":"https:\/\/www.facebook.com\/inverseteams","article_modified_time":"2023-10-05T11:01:40+00:00","og_image":[{"width":3222,"height":3462,"url":"https:\/\/www.inverseteams.com\/wp-content\/uploads\/TRISHORT-AQUA-1-1.jpg","type":"image\/jpeg"}],"twitter_card":"summary_large_image","twitter_misc":{"Temps estimat de lectura":"1 minut"},"schema":{"@context":"https:\/\/schema.org","@graph":[{"@type":"WebPage","@id":"https:\/\/www.inverseteams.com\/ca\/producte\/short-triatlo-aqua\/","url":"https:\/\/www.inverseteams.com\/ca\/producte\/short-triatlo-aqua\/","name":"Short triatl\u00f3 AQUA","isPartOf":{"@id":"https:\/\/www.inverseteams.com\/ca\/#website"},"primaryImageOfPage":{"@id":"https:\/\/www.inverseteams.com\/ca\/producte\/short-triatlo-aqua\/#primaryimage"},"image":{"@id":"https:\/\/www.inverseteams.com\/ca\/producte\/short-triatlo-aqua\/#primaryimage"},"thumbnailUrl":"https:\/\/www.inverseteams.com\/wp-content\/uploads\/TRISHORT-AQUA-1-1.jpg","datePublished":"2021-05-10T09:05:45+00:00","dateModified":"2023-10-05T11:01:40+00:00","description":"El seu acabat de Tefl\u00f3 repel\u00b7leix l'aigua i t'ajuda a lliscar durant la nataci\u00f3 amb m\u00e9s facilitat i a assecar-te r\u00e0pidament durant la transici\u00f3. Aquesta propietat \u00e9s ideal per a les proves en qu\u00e8 no s'usa neopr\u00e8. Tritop perfecte per a les proves m\u00e9s exigents. L'elasticitat i lleugeresa del seu teixit et permetr\u00e0 una total llibertat de moviments i no sentir\u00e0s cap mol\u00e8stia durant les diferents etapes del triatl\u00f3. A la cintura t\u00e9 una goma el\u00e0stica per mantenir la pe\u00e7a ben ferma al cos sense mol\u00e8sties. Al final de les cames t\u00e9 una banda el\u00e0stica microperforada amb un grip de silicona hipoal\u00b7lerg\u00e8nica al seu interior. Aquesta evita que augmenti la sudoraci\u00f3 i mant\u00e9 la pe\u00e7a ben subjecta a la cama. Tots els panells que el conformen han estat dissenyats per adaptar-se a totes les posicions i optimitzar el teu rendiment. Les costures planes que els uneixen s\u00f3n s\u00faper resistents i a m\u00e9s aporten un disseny molt atractiu a la pe\u00e7a.","breadcrumb":{"@id":"https:\/\/www.inverseteams.com\/ca\/producte\/short-triatlo-aqua\/#breadcrumb"},"inLanguage":"ca","potentialAction":[{"@type":"ReadAction","target":["https:\/\/www.inverseteams.com\/ca\/producte\/short-triatlo-aqua\/"]}]},{"@type":"ImageObject","inLanguage":"ca","@id":"https:\/\/www.inverseteams.com\/ca\/producte\/short-triatlo-aqua\/#primaryimage","url":"https:\/\/www.inverseteams.com\/wp-content\/uploads\/TRISHORT-AQUA-1-1.jpg","contentUrl":"https:\/\/www.inverseteams.com\/wp-content\/uploads\/TRISHORT-AQUA-1-1.jpg","width":3222,"height":3462,"caption":"short triatlon aqua personalizado"},{"@type":"BreadcrumbList","@id":"https:\/\/www.inverseteams.com\/ca\/producte\/short-triatlo-aqua\/#breadcrumb","itemListElement":[{"@type":"ListItem","position":1,"name":"Portada","item":"https:\/\/www.inverseteams.com\/ca\/pagina-principal\/"},{"@type":"ListItem","position":2,"name":"Botiga","item":"https:\/\/www.inverseteams.com\/ca\/botiga\/"},{"@type":"ListItem","position":3,"name":"Short triatl\u00f3 AQUA"}]},{"@type":"WebSite","@id":"https:\/\/www.inverseteams.com\/ca\/#website","url":"https:\/\/www.inverseteams.com\/ca\/","name":"Inverseteams","description":"Tu marca de ropa deportiva personalizada","publisher":{"@id":"https:\/\/www.inverseteams.com\/ca\/#organization"},"potentialAction":[{"@type":"SearchAction","target":{"@type":"EntryPoint","urlTemplate":"https:\/\/www.inverseteams.com\/ca\/?s={search_term_string}"},"query-input":{"@type":"PropertyValueSpecification","valueRequired":true,"valueName":"search_term_string"}}],"inLanguage":"ca"},{"@type":"Organization","@id":"https:\/\/www.inverseteams.com\/ca\/#organization","name":"Inverse Teams","url":"https:\/\/www.inverseteams.com\/ca\/","logo":{"@type":"ImageObject","inLanguage":"ca","@id":"https:\/\/www.inverseteams.com\/ca\/#\/schema\/logo\/image\/","url":"https:\/\/www.inverseteams.com\/wp-content\/uploads\/2021\/03\/logo-inverse-teams.png","contentUrl":"https:\/\/www.inverseteams.com\/wp-content\/uploads\/2021\/03\/logo-inverse-teams.png","width":294,"height":99,"caption":"Inverse Teams"},"image":{"@id":"https:\/\/www.inverseteams.com\/ca\/#\/schema\/logo\/image\/"},"sameAs":["https:\/\/www.facebook.com\/inverseteams","http:\/\/instagram.com\/inverseteams","https:\/\/www.linkedin.com\/company\/inverse-cirosport-s-l-?trk=job_view_topcard_company_name","http:\/\/www.pinterest.com\/inverseteams\/","http:\/\/www.youtube.com\/user\/inverseteams?feature=watch"]}]}},"_links":{"self":[{"href":"https:\/\/www.inverseteams.com\/ca\/wp-json\/wp\/v2\/product\/17422","targetHints":{"allow":["GET"]}}],"collection":[{"href":"https:\/\/www.inverseteams.com\/ca\/wp-json\/wp\/v2\/product"}],"about":[{"href":"https:\/\/www.inverseteams.com\/ca\/wp-json\/wp\/v2\/types\/product"}],"replies":[{"embeddable":true,"href":"https:\/\/www.inverseteams.com\/ca\/wp-json\/wp\/v2\/comments?post=17422"}],"wp:featuredmedia":[{"embeddable":true,"href":"https:\/\/www.inverseteams.com\/ca\/wp-json\/wp\/v2\/media\/141848"}],"wp:attachment":[{"href":"https:\/\/www.inverseteams.com\/ca\/wp-json\/wp\/v2\/media?parent=17422"}],"wp:term":[{"taxonomy":"product_brand","embeddable":true,"href":"https:\/\/www.inverseteams.com\/ca\/wp-json\/wp\/v2\/product_brand?post=17422"},{"taxonomy":"product_cat","embeddable":true,"href":"https:\/\/www.inverseteams.com\/ca\/wp-json\/wp\/v2\/product_cat?post=17422"},{"taxonomy":"product_tag","embeddable":true,"href":"https:\/\/www.inverseteams.com\/ca\/wp-json\/wp\/v2\/product_tag?post=17422"},{"taxonomy":"custom_category","embeddable":true,"href":"https:\/\/www.inverseteams.com\/ca\/wp-json\/wp\/v2\/custom_category?post=17422"},{"taxonomy":"range","embeddable":true,"href":"https:\/\/www.inverseteams.com\/ca\/wp-json\/wp\/v2\/range?post=17422"}],"curies":[{"name":"wp","href":"https:\/\/api.w.org\/{rel}","templated":true}]}}