{"id":17407,"date":"2021-10-05T09:46:42","date_gmt":"2021-10-05T09:49:47","guid":{"rendered":"https:\/\/inverseteams.com\/?post_type=product&#038;p=17407"},"modified":"2024-12-10T15:07:38","modified_gmt":"2024-12-10T15:07:38","slug":"mono-ciclista-maniga-llarga-kronos","status":"publish","type":"product","link":"https:\/\/www.inverseteams.com\/ca\/producte\/mono-ciclista-maniga-llarga-kronos\/","title":{"rendered":"Mono ciclista m\u00e0niga llarga KRONOS"},"content":{"rendered":"<p>El teixit THINK del cos \u00e9s molt lleuger, el\u00e0stic i transpirable. Permet evacuar la suor r\u00e0pidament per mantenir la pell seca i evitar el sobreescalfament. Aix\u00f2 et permetr\u00e0 rendir al m\u00e0xim durant m\u00e9s temps.<br \/>\nL&#8217;estructura del teixit de les m\u00e0nigues garanteix un bon flux de vent per augmentar l&#8217;aerodin\u00e0mica i optimitzar tot el teu esfor\u00e7. El rivet el\u00e0stic de coll s&#8217;adapta a el cos sense provocar rascades.<br \/>\nTots els panells han estat concebuts per adaptar-se a la posici\u00f3 sobre la bici i perqu\u00e8 no s&#8217;oposin cap resist\u00e8ncia. Aquests estan cosits amb unes costures planes s\u00faper resistents.<br \/>\nEl teixit de les cames es caracteritza per la seva bona compressi\u00f3 muscular. Aconsegueix mantenir sota control l&#8217;\u00e0cid l\u00e0ctic, retarda la fatiga muscular i ajuda a oxigenar la sang. Al final de les cames t\u00e9 una banda el\u00e0stica microperforada amb un grip de silicona hipoal\u00b7lerg\u00e8nica al seu interior. Aquesta evita que augmenti la sudoraci\u00f3 i mant\u00e9 la pe\u00e7a ben subjecta a la cama. A l&#8217;exterior t\u00e9 unes l\u00ednies reflectants 360\u00ba que augmentaran la teva seguretat ja que reflectiran la llum dels vehicles.<\/p>\n","protected":false},"excerpt":{"rendered":"<p>El teixit THINK del cos \u00e9s molt lleuger, el\u00e0stic i transpirable. Permet evacuar la suor r\u00e0pidament per mantenir la pell seca i evitar el sobreescalfament. Aix\u00f2 et permetr\u00e0 rendir al m\u00e0xim durant m\u00e9s temps.<br \/>\nL&#8217;estructura del teixit de les m\u00e0nigues garanteix un bon flux de vent per augmentar l&#8217;aerodin\u00e0mica i optimitzar tot el teu esfor\u00e7. El rivet el\u00e0stic de coll s&#8217;adapta a el cos sense provocar rascades.<br \/>\nTots els panells han estat concebuts per adaptar-se a la posici\u00f3 sobre la bici i perqu\u00e8 no s&#8217;oposin cap resist\u00e8ncia. Aquests estan cosits amb unes costures planes s\u00faper resistents.<br \/>\nEl teixit de les cames es caracteritza per la seva bona compressi\u00f3 muscular. Aconsegueix mantenir sota control l&#8217;\u00e0cid l\u00e0ctic, retarda la fatiga muscular i ajuda a oxigenar la sang. Al final de les cames t\u00e9 una banda el\u00e0stica microperforada amb un grip de silicona hipoal\u00b7lerg\u00e8nica al seu interior. Aquesta evita que augmenti la sudoraci\u00f3 i mant\u00e9 la pe\u00e7a ben subjecta a la cama. A l&#8217;exterior t\u00e9 unes l\u00ednies reflectants 360\u00ba que augmentaran la teva seguretat ja que reflectiran la llum dels vehicles.<\/p>\n","protected":false},"featured_media":223955,"comment_status":"closed","ping_status":"closed","template":"","meta":{"_acf_changed":false},"product_brand":[],"product_cat":[8306],"product_tag":[],"custom_category":[3347,3350,3416],"range":[2517],"class_list":{"0":"post-17407","1":"product","2":"type-product","3":"status-publish","4":"has-post-thumbnail","6":"product_cat-uncategorized-ca","7":"pa_climatologia-calor-ca","8":"pa_climatologia-temperatura-temperada","9":"pa_deporte-ciclisme","10":"pa_genero-home","11":"pa_genero-dona","12":"pa_patronaje-fit-ca","13":"pa_tipo-de-prenda-mono-ca","14":"custom_category-esport","15":"custom_category-roba-de-ciclisme-personalitzada","16":"custom_category-mono-ciclista-personalitzat","17":"range-kronos-ca","19":"first","20":"instock","21":"product-type-custom"},"acf":[],"yoast_head":"<!-- This site is optimized with the Yoast SEO plugin v27.3 - https:\/\/yoast.com\/product\/yoast-seo-wordpress\/ -->\n<title>Mono ciclista m\u00e0niga llarga KRONOS<\/title>\n<meta name=\"description\" content=\"El teixit THINK del cos \u00e9s molt lleuger, el\u00e0stic i transpirable. Permet evacuar la suor r\u00e0pidament per mantenir la pell seca i evitar el sobreescalfament. Aix\u00f2 et permetr\u00e0 rendir al m\u00e0xim durant m\u00e9s temps. L&#039;estructura del teixit de les m\u00e0nigues garanteix un bon flux de vent per augmentar l&#039;aerodin\u00e0mica i optimitzar tot el teu esfor\u00e7. El rivet el\u00e0stic de coll s&#039;adapta a el cos sense provocar rascades. Tots els panells han estat concebuts per adaptar-se a la posici\u00f3 sobre la bici i perqu\u00e8 no s&#039;oposin cap resist\u00e8ncia. Aquests estan cosits amb unes costures planes s\u00faper resistents. El teixit de les cames es caracteritza per la seva bona compressi\u00f3 muscular. Aconsegueix mantenir sota control l&#039;\u00e0cid l\u00e0ctic, retarda la fatiga muscular i ajuda a oxigenar la sang. Al final de les cames t\u00e9 una banda el\u00e0stica microperforada amb un grip de silicona hipoal\u00b7lerg\u00e8nica al seu interior. Aquesta evita que augmenti la sudoraci\u00f3 i mant\u00e9 la pe\u00e7a ben subjecta a la cama. A l&#039;exterior t\u00e9 unes l\u00ednies reflectants 360\u00ba que augmentaran la teva seguretat ja que reflectiran la llum dels vehicles.\" \/>\n<meta name=\"robots\" content=\"index, follow, max-snippet:-1, max-image-preview:large, max-video-preview:-1\" \/>\n<link rel=\"canonical\" href=\"https:\/\/www.inverseteams.com\/ca\/producte\/mono-ciclista-maniga-llarga-kronos\/\" \/>\n<meta property=\"og:locale\" content=\"ca_ES\" \/>\n<meta property=\"og:type\" content=\"article\" \/>\n<meta property=\"og:title\" content=\"Mono ciclista m\u00e0niga llarga KRONOS\" \/>\n<meta property=\"og:description\" content=\"El teixit THINK del cos \u00e9s molt lleuger, el\u00e0stic i transpirable. Permet evacuar la suor r\u00e0pidament per mantenir la pell seca i evitar el sobreescalfament. Aix\u00f2 et permetr\u00e0 rendir al m\u00e0xim durant m\u00e9s temps. L&#039;estructura del teixit de les m\u00e0nigues garanteix un bon flux de vent per augmentar l&#039;aerodin\u00e0mica i optimitzar tot el teu esfor\u00e7. El rivet el\u00e0stic de coll s&#039;adapta a el cos sense provocar rascades. Tots els panells han estat concebuts per adaptar-se a la posici\u00f3 sobre la bici i perqu\u00e8 no s&#039;oposin cap resist\u00e8ncia. Aquests estan cosits amb unes costures planes s\u00faper resistents. El teixit de les cames es caracteritza per la seva bona compressi\u00f3 muscular. Aconsegueix mantenir sota control l&#039;\u00e0cid l\u00e0ctic, retarda la fatiga muscular i ajuda a oxigenar la sang. Al final de les cames t\u00e9 una banda el\u00e0stica microperforada amb un grip de silicona hipoal\u00b7lerg\u00e8nica al seu interior. Aquesta evita que augmenti la sudoraci\u00f3 i mant\u00e9 la pe\u00e7a ben subjecta a la cama. A l&#039;exterior t\u00e9 unes l\u00ednies reflectants 360\u00ba que augmentaran la teva seguretat ja que reflectiran la llum dels vehicles.\" \/>\n<meta property=\"og:url\" content=\"https:\/\/www.inverseteams.com\/ca\/producte\/mono-ciclista-maniga-llarga-kronos\/\" \/>\n<meta property=\"og:site_name\" content=\"Inverseteams\" \/>\n<meta property=\"article:publisher\" content=\"https:\/\/www.facebook.com\/inverseteams\" \/>\n<meta property=\"article:modified_time\" content=\"2024-12-10T15:07:38+00:00\" \/>\n<meta property=\"og:image\" content=\"https:\/\/www.inverseteams.com\/wp-content\/uploads\/BUZO-ML-CONTRARRELOJ-PERSONALIZADO-KRONOS-1.jpg\" \/>\n\t<meta property=\"og:image:width\" content=\"1500\" \/>\n\t<meta property=\"og:image:height\" content=\"1612\" \/>\n\t<meta property=\"og:image:type\" content=\"image\/jpeg\" \/>\n<meta name=\"twitter:card\" content=\"summary_large_image\" \/>\n<meta name=\"twitter:label1\" content=\"Temps estimat de lectura\" \/>\n\t<meta name=\"twitter:data1\" content=\"2 minut\" \/>\n<script type=\"application\/ld+json\" class=\"yoast-schema-graph\">{\"@context\":\"https:\\\/\\\/schema.org\",\"@graph\":[{\"@type\":\"WebPage\",\"@id\":\"https:\\\/\\\/www.inverseteams.com\\\/ca\\\/producte\\\/mono-ciclista-maniga-llarga-kronos\\\/\",\"url\":\"https:\\\/\\\/www.inverseteams.com\\\/ca\\\/producte\\\/mono-ciclista-maniga-llarga-kronos\\\/\",\"name\":\"Mono ciclista m\u00e0niga llarga KRONOS\",\"isPartOf\":{\"@id\":\"https:\\\/\\\/www.inverseteams.com\\\/ca\\\/#website\"},\"primaryImageOfPage\":{\"@id\":\"https:\\\/\\\/www.inverseteams.com\\\/ca\\\/producte\\\/mono-ciclista-maniga-llarga-kronos\\\/#primaryimage\"},\"image\":{\"@id\":\"https:\\\/\\\/www.inverseteams.com\\\/ca\\\/producte\\\/mono-ciclista-maniga-llarga-kronos\\\/#primaryimage\"},\"thumbnailUrl\":\"https:\\\/\\\/www.inverseteams.com\\\/wp-content\\\/uploads\\\/BUZO-ML-CONTRARRELOJ-PERSONALIZADO-KRONOS-1.jpg\",\"datePublished\":\"2021-10-05T09:49:47+00:00\",\"dateModified\":\"2024-12-10T15:07:38+00:00\",\"description\":\"El teixit THINK del cos \u00e9s molt lleuger, el\u00e0stic i transpirable. Permet evacuar la suor r\u00e0pidament per mantenir la pell seca i evitar el sobreescalfament. Aix\u00f2 et permetr\u00e0 rendir al m\u00e0xim durant m\u00e9s temps. L'estructura del teixit de les m\u00e0nigues garanteix un bon flux de vent per augmentar l'aerodin\u00e0mica i optimitzar tot el teu esfor\u00e7. El rivet el\u00e0stic de coll s'adapta a el cos sense provocar rascades. Tots els panells han estat concebuts per adaptar-se a la posici\u00f3 sobre la bici i perqu\u00e8 no s'oposin cap resist\u00e8ncia. Aquests estan cosits amb unes costures planes s\u00faper resistents. El teixit de les cames es caracteritza per la seva bona compressi\u00f3 muscular. Aconsegueix mantenir sota control l'\u00e0cid l\u00e0ctic, retarda la fatiga muscular i ajuda a oxigenar la sang. Al final de les cames t\u00e9 una banda el\u00e0stica microperforada amb un grip de silicona hipoal\u00b7lerg\u00e8nica al seu interior. Aquesta evita que augmenti la sudoraci\u00f3 i mant\u00e9 la pe\u00e7a ben subjecta a la cama. A l'exterior t\u00e9 unes l\u00ednies reflectants 360\u00ba que augmentaran la teva seguretat ja que reflectiran la llum dels vehicles.\",\"breadcrumb\":{\"@id\":\"https:\\\/\\\/www.inverseteams.com\\\/ca\\\/producte\\\/mono-ciclista-maniga-llarga-kronos\\\/#breadcrumb\"},\"inLanguage\":\"ca\",\"potentialAction\":[{\"@type\":\"ReadAction\",\"target\":[\"https:\\\/\\\/www.inverseteams.com\\\/ca\\\/producte\\\/mono-ciclista-maniga-llarga-kronos\\\/\"]}]},{\"@type\":\"ImageObject\",\"inLanguage\":\"ca\",\"@id\":\"https:\\\/\\\/www.inverseteams.com\\\/ca\\\/producte\\\/mono-ciclista-maniga-llarga-kronos\\\/#primaryimage\",\"url\":\"https:\\\/\\\/www.inverseteams.com\\\/wp-content\\\/uploads\\\/BUZO-ML-CONTRARRELOJ-PERSONALIZADO-KRONOS-1.jpg\",\"contentUrl\":\"https:\\\/\\\/www.inverseteams.com\\\/wp-content\\\/uploads\\\/BUZO-ML-CONTRARRELOJ-PERSONALIZADO-KRONOS-1.jpg\",\"width\":1500,\"height\":1612,\"caption\":\"buzo ciclismo crono manga larga\"},{\"@type\":\"BreadcrumbList\",\"@id\":\"https:\\\/\\\/www.inverseteams.com\\\/ca\\\/producte\\\/mono-ciclista-maniga-llarga-kronos\\\/#breadcrumb\",\"itemListElement\":[{\"@type\":\"ListItem\",\"position\":1,\"name\":\"Portada\",\"item\":\"https:\\\/\\\/www.inverseteams.com\\\/ca\\\/pagina-principal\\\/\"},{\"@type\":\"ListItem\",\"position\":2,\"name\":\"Botiga\",\"item\":\"https:\\\/\\\/www.inverseteams.com\\\/ca\\\/botiga\\\/\"},{\"@type\":\"ListItem\",\"position\":3,\"name\":\"Mono ciclista m\u00e0niga llarga KRONOS\"}]},{\"@type\":\"WebSite\",\"@id\":\"https:\\\/\\\/www.inverseteams.com\\\/ca\\\/#website\",\"url\":\"https:\\\/\\\/www.inverseteams.com\\\/ca\\\/\",\"name\":\"Inverseteams\",\"description\":\"Tu marca de ropa deportiva personalizada\",\"publisher\":{\"@id\":\"https:\\\/\\\/www.inverseteams.com\\\/ca\\\/#organization\"},\"potentialAction\":[{\"@type\":\"SearchAction\",\"target\":{\"@type\":\"EntryPoint\",\"urlTemplate\":\"https:\\\/\\\/www.inverseteams.com\\\/ca\\\/?s={search_term_string}\"},\"query-input\":{\"@type\":\"PropertyValueSpecification\",\"valueRequired\":true,\"valueName\":\"search_term_string\"}}],\"inLanguage\":\"ca\"},{\"@type\":\"Organization\",\"@id\":\"https:\\\/\\\/www.inverseteams.com\\\/ca\\\/#organization\",\"name\":\"Inverse Teams\",\"url\":\"https:\\\/\\\/www.inverseteams.com\\\/ca\\\/\",\"logo\":{\"@type\":\"ImageObject\",\"inLanguage\":\"ca\",\"@id\":\"https:\\\/\\\/www.inverseteams.com\\\/ca\\\/#\\\/schema\\\/logo\\\/image\\\/\",\"url\":\"http:\\\/\\\/www.inverseteams.com\\\/wp-content\\\/uploads\\\/2021\\\/03\\\/logo-inverse-teams.png\",\"contentUrl\":\"http:\\\/\\\/www.inverseteams.com\\\/wp-content\\\/uploads\\\/2021\\\/03\\\/logo-inverse-teams.png\",\"width\":294,\"height\":99,\"caption\":\"Inverse Teams\"},\"image\":{\"@id\":\"https:\\\/\\\/www.inverseteams.com\\\/ca\\\/#\\\/schema\\\/logo\\\/image\\\/\"},\"sameAs\":[\"https:\\\/\\\/www.facebook.com\\\/inverseteams\",\"http:\\\/\\\/instagram.com\\\/inverseteams\",\"https:\\\/\\\/www.linkedin.com\\\/company\\\/inverse-cirosport-s-l-?trk=job_view_topcard_company_name\",\"http:\\\/\\\/www.pinterest.com\\\/inverseteams\\\/\",\"http:\\\/\\\/www.youtube.com\\\/user\\\/inverseteams?feature=watch\"]}]}<\/script>\n<!-- \/ Yoast SEO plugin. -->","yoast_head_json":{"title":"Mono ciclista m\u00e0niga llarga KRONOS","description":"El teixit THINK del cos \u00e9s molt lleuger, el\u00e0stic i transpirable. Permet evacuar la suor r\u00e0pidament per mantenir la pell seca i evitar el sobreescalfament. Aix\u00f2 et permetr\u00e0 rendir al m\u00e0xim durant m\u00e9s temps. L'estructura del teixit de les m\u00e0nigues garanteix un bon flux de vent per augmentar l'aerodin\u00e0mica i optimitzar tot el teu esfor\u00e7. El rivet el\u00e0stic de coll s'adapta a el cos sense provocar rascades. Tots els panells han estat concebuts per adaptar-se a la posici\u00f3 sobre la bici i perqu\u00e8 no s'oposin cap resist\u00e8ncia. Aquests estan cosits amb unes costures planes s\u00faper resistents. El teixit de les cames es caracteritza per la seva bona compressi\u00f3 muscular. Aconsegueix mantenir sota control l'\u00e0cid l\u00e0ctic, retarda la fatiga muscular i ajuda a oxigenar la sang. Al final de les cames t\u00e9 una banda el\u00e0stica microperforada amb un grip de silicona hipoal\u00b7lerg\u00e8nica al seu interior. Aquesta evita que augmenti la sudoraci\u00f3 i mant\u00e9 la pe\u00e7a ben subjecta a la cama. A l'exterior t\u00e9 unes l\u00ednies reflectants 360\u00ba que augmentaran la teva seguretat ja que reflectiran la llum dels vehicles.","robots":{"index":"index","follow":"follow","max-snippet":"max-snippet:-1","max-image-preview":"max-image-preview:large","max-video-preview":"max-video-preview:-1"},"canonical":"https:\/\/www.inverseteams.com\/ca\/producte\/mono-ciclista-maniga-llarga-kronos\/","og_locale":"ca_ES","og_type":"article","og_title":"Mono ciclista m\u00e0niga llarga KRONOS","og_description":"El teixit THINK del cos \u00e9s molt lleuger, el\u00e0stic i transpirable. Permet evacuar la suor r\u00e0pidament per mantenir la pell seca i evitar el sobreescalfament. Aix\u00f2 et permetr\u00e0 rendir al m\u00e0xim durant m\u00e9s temps. L'estructura del teixit de les m\u00e0nigues garanteix un bon flux de vent per augmentar l'aerodin\u00e0mica i optimitzar tot el teu esfor\u00e7. El rivet el\u00e0stic de coll s'adapta a el cos sense provocar rascades. Tots els panells han estat concebuts per adaptar-se a la posici\u00f3 sobre la bici i perqu\u00e8 no s'oposin cap resist\u00e8ncia. Aquests estan cosits amb unes costures planes s\u00faper resistents. El teixit de les cames es caracteritza per la seva bona compressi\u00f3 muscular. Aconsegueix mantenir sota control l'\u00e0cid l\u00e0ctic, retarda la fatiga muscular i ajuda a oxigenar la sang. Al final de les cames t\u00e9 una banda el\u00e0stica microperforada amb un grip de silicona hipoal\u00b7lerg\u00e8nica al seu interior. Aquesta evita que augmenti la sudoraci\u00f3 i mant\u00e9 la pe\u00e7a ben subjecta a la cama. A l'exterior t\u00e9 unes l\u00ednies reflectants 360\u00ba que augmentaran la teva seguretat ja que reflectiran la llum dels vehicles.","og_url":"https:\/\/www.inverseteams.com\/ca\/producte\/mono-ciclista-maniga-llarga-kronos\/","og_site_name":"Inverseteams","article_publisher":"https:\/\/www.facebook.com\/inverseteams","article_modified_time":"2024-12-10T15:07:38+00:00","og_image":[{"width":1500,"height":1612,"url":"https:\/\/www.inverseteams.com\/wp-content\/uploads\/BUZO-ML-CONTRARRELOJ-PERSONALIZADO-KRONOS-1.jpg","type":"image\/jpeg"}],"twitter_card":"summary_large_image","twitter_misc":{"Temps estimat de lectura":"2 minut"},"schema":{"@context":"https:\/\/schema.org","@graph":[{"@type":"WebPage","@id":"https:\/\/www.inverseteams.com\/ca\/producte\/mono-ciclista-maniga-llarga-kronos\/","url":"https:\/\/www.inverseteams.com\/ca\/producte\/mono-ciclista-maniga-llarga-kronos\/","name":"Mono ciclista m\u00e0niga llarga KRONOS","isPartOf":{"@id":"https:\/\/www.inverseteams.com\/ca\/#website"},"primaryImageOfPage":{"@id":"https:\/\/www.inverseteams.com\/ca\/producte\/mono-ciclista-maniga-llarga-kronos\/#primaryimage"},"image":{"@id":"https:\/\/www.inverseteams.com\/ca\/producte\/mono-ciclista-maniga-llarga-kronos\/#primaryimage"},"thumbnailUrl":"https:\/\/www.inverseteams.com\/wp-content\/uploads\/BUZO-ML-CONTRARRELOJ-PERSONALIZADO-KRONOS-1.jpg","datePublished":"2021-10-05T09:49:47+00:00","dateModified":"2024-12-10T15:07:38+00:00","description":"El teixit THINK del cos \u00e9s molt lleuger, el\u00e0stic i transpirable. Permet evacuar la suor r\u00e0pidament per mantenir la pell seca i evitar el sobreescalfament. Aix\u00f2 et permetr\u00e0 rendir al m\u00e0xim durant m\u00e9s temps. L'estructura del teixit de les m\u00e0nigues garanteix un bon flux de vent per augmentar l'aerodin\u00e0mica i optimitzar tot el teu esfor\u00e7. El rivet el\u00e0stic de coll s'adapta a el cos sense provocar rascades. Tots els panells han estat concebuts per adaptar-se a la posici\u00f3 sobre la bici i perqu\u00e8 no s'oposin cap resist\u00e8ncia. Aquests estan cosits amb unes costures planes s\u00faper resistents. El teixit de les cames es caracteritza per la seva bona compressi\u00f3 muscular. Aconsegueix mantenir sota control l'\u00e0cid l\u00e0ctic, retarda la fatiga muscular i ajuda a oxigenar la sang. Al final de les cames t\u00e9 una banda el\u00e0stica microperforada amb un grip de silicona hipoal\u00b7lerg\u00e8nica al seu interior. Aquesta evita que augmenti la sudoraci\u00f3 i mant\u00e9 la pe\u00e7a ben subjecta a la cama. A l'exterior t\u00e9 unes l\u00ednies reflectants 360\u00ba que augmentaran la teva seguretat ja que reflectiran la llum dels vehicles.","breadcrumb":{"@id":"https:\/\/www.inverseteams.com\/ca\/producte\/mono-ciclista-maniga-llarga-kronos\/#breadcrumb"},"inLanguage":"ca","potentialAction":[{"@type":"ReadAction","target":["https:\/\/www.inverseteams.com\/ca\/producte\/mono-ciclista-maniga-llarga-kronos\/"]}]},{"@type":"ImageObject","inLanguage":"ca","@id":"https:\/\/www.inverseteams.com\/ca\/producte\/mono-ciclista-maniga-llarga-kronos\/#primaryimage","url":"https:\/\/www.inverseteams.com\/wp-content\/uploads\/BUZO-ML-CONTRARRELOJ-PERSONALIZADO-KRONOS-1.jpg","contentUrl":"https:\/\/www.inverseteams.com\/wp-content\/uploads\/BUZO-ML-CONTRARRELOJ-PERSONALIZADO-KRONOS-1.jpg","width":1500,"height":1612,"caption":"buzo ciclismo crono manga larga"},{"@type":"BreadcrumbList","@id":"https:\/\/www.inverseteams.com\/ca\/producte\/mono-ciclista-maniga-llarga-kronos\/#breadcrumb","itemListElement":[{"@type":"ListItem","position":1,"name":"Portada","item":"https:\/\/www.inverseteams.com\/ca\/pagina-principal\/"},{"@type":"ListItem","position":2,"name":"Botiga","item":"https:\/\/www.inverseteams.com\/ca\/botiga\/"},{"@type":"ListItem","position":3,"name":"Mono ciclista m\u00e0niga llarga KRONOS"}]},{"@type":"WebSite","@id":"https:\/\/www.inverseteams.com\/ca\/#website","url":"https:\/\/www.inverseteams.com\/ca\/","name":"Inverseteams","description":"Tu marca de ropa deportiva personalizada","publisher":{"@id":"https:\/\/www.inverseteams.com\/ca\/#organization"},"potentialAction":[{"@type":"SearchAction","target":{"@type":"EntryPoint","urlTemplate":"https:\/\/www.inverseteams.com\/ca\/?s={search_term_string}"},"query-input":{"@type":"PropertyValueSpecification","valueRequired":true,"valueName":"search_term_string"}}],"inLanguage":"ca"},{"@type":"Organization","@id":"https:\/\/www.inverseteams.com\/ca\/#organization","name":"Inverse Teams","url":"https:\/\/www.inverseteams.com\/ca\/","logo":{"@type":"ImageObject","inLanguage":"ca","@id":"https:\/\/www.inverseteams.com\/ca\/#\/schema\/logo\/image\/","url":"https:\/\/www.inverseteams.com\/wp-content\/uploads\/2021\/03\/logo-inverse-teams.png","contentUrl":"https:\/\/www.inverseteams.com\/wp-content\/uploads\/2021\/03\/logo-inverse-teams.png","width":294,"height":99,"caption":"Inverse Teams"},"image":{"@id":"https:\/\/www.inverseteams.com\/ca\/#\/schema\/logo\/image\/"},"sameAs":["https:\/\/www.facebook.com\/inverseteams","http:\/\/instagram.com\/inverseteams","https:\/\/www.linkedin.com\/company\/inverse-cirosport-s-l-?trk=job_view_topcard_company_name","http:\/\/www.pinterest.com\/inverseteams\/","http:\/\/www.youtube.com\/user\/inverseteams?feature=watch"]}]}},"_links":{"self":[{"href":"https:\/\/www.inverseteams.com\/ca\/wp-json\/wp\/v2\/product\/17407","targetHints":{"allow":["GET"]}}],"collection":[{"href":"https:\/\/www.inverseteams.com\/ca\/wp-json\/wp\/v2\/product"}],"about":[{"href":"https:\/\/www.inverseteams.com\/ca\/wp-json\/wp\/v2\/types\/product"}],"replies":[{"embeddable":true,"href":"https:\/\/www.inverseteams.com\/ca\/wp-json\/wp\/v2\/comments?post=17407"}],"wp:featuredmedia":[{"embeddable":true,"href":"https:\/\/www.inverseteams.com\/ca\/wp-json\/wp\/v2\/media\/223955"}],"wp:attachment":[{"href":"https:\/\/www.inverseteams.com\/ca\/wp-json\/wp\/v2\/media?parent=17407"}],"wp:term":[{"taxonomy":"product_brand","embeddable":true,"href":"https:\/\/www.inverseteams.com\/ca\/wp-json\/wp\/v2\/product_brand?post=17407"},{"taxonomy":"product_cat","embeddable":true,"href":"https:\/\/www.inverseteams.com\/ca\/wp-json\/wp\/v2\/product_cat?post=17407"},{"taxonomy":"product_tag","embeddable":true,"href":"https:\/\/www.inverseteams.com\/ca\/wp-json\/wp\/v2\/product_tag?post=17407"},{"taxonomy":"custom_category","embeddable":true,"href":"https:\/\/www.inverseteams.com\/ca\/wp-json\/wp\/v2\/custom_category?post=17407"},{"taxonomy":"range","embeddable":true,"href":"https:\/\/www.inverseteams.com\/ca\/wp-json\/wp\/v2\/range?post=17407"}],"curies":[{"name":"wp","href":"https:\/\/api.w.org\/{rel}","templated":true}]}}