{"id":17400,"date":"2021-10-12T09:01:29","date_gmt":"2021-10-12T09:02:47","guid":{"rendered":"https:\/\/inverseteams.com\/?post_type=product&#038;p=17400"},"modified":"2024-12-13T11:36:29","modified_gmt":"2024-12-13T11:36:29","slug":"culot-pirata-ciclista-sense-tirants-tempus","status":"publish","type":"product","link":"https:\/\/www.inverseteams.com\/ca\/producte\/culot-pirata-ciclista-sense-tirants-tempus\/","title":{"rendered":"Culot pirata ciclista sense tirants TEMPUS"},"content":{"rendered":"<p>La seva elasticitat i lleugeresa et permetran una gran llibertat de moviments. Es caracteritza per la seva bona compressi\u00f3 muscular. Aquest culot aconsegueix mantenir sota control l&#8217;\u00e0cid l\u00e0ctic, retarda la fatiga muscular i ajuda a oxigenar la sang. Els panells de l&#8217;culot ciclista estan dissenyats perqu\u00e8 s&#8217;adaptin perfectament a les diferents posicions de la pedalada. No notar\u00e0s cap resist\u00e8ncia.<br \/>\nEl seu teixit est\u00e0 concebut per mantenir l\u00a1escalfor corporal i alhora expulsar la suor r\u00e0pidament cap a l&#8217;exterior. Tindr\u00e0s la pell seca i evitar\u00e0s un sobreescalfament per poder rendir al m\u00e0xim.<br \/>\nA la cintura t\u00e9 una goma el\u00e0stica per mantenir la pe\u00e7a ben subjecte al cos sense incomodar. Al final de les cames t\u00e9 una banda el\u00e0stica microperforada amb un grip de silicona hipoal\u00b7lerg\u00e8nica al seu interior. Aquesta evita que augmenti la sudoraci\u00f3 i mant\u00e9 la pe\u00e7a ben subjecta a la cama. A l&#8217;exterior t\u00e9 unes l\u00ednies reflectants 360\u00ba que augmentaran la teva seguretat ja que reflectiran la llum dels vehicles.<\/p>\n","protected":false},"excerpt":{"rendered":"<p>La seva elasticitat i lleugeresa et permetran una gran llibertat de moviments. Es caracteritza per la seva bona compressi\u00f3 muscular. Aquest culot aconsegueix mantenir sota control l&#8217;\u00e0cid l\u00e0ctic, retarda la fatiga muscular i ajuda a oxigenar la sang. Els panells de l&#8217;culot ciclista estan dissenyats perqu\u00e8 s&#8217;adaptin perfectament a les diferents posicions de la pedalada. No notar\u00e0s cap resist\u00e8ncia.<br \/>\nEl seu teixit est\u00e0 concebut per mantenir l\u00a1escalfor corporal i alhora expulsar la suor r\u00e0pidament cap a l&#8217;exterior. Tindr\u00e0s la pell seca i evitar\u00e0s un sobreescalfament per poder rendir al m\u00e0xim.<br \/>\nA la cintura t\u00e9 una goma el\u00e0stica per mantenir la pe\u00e7a ben subjecte al cos sense incomodar. Al final de les cames t\u00e9 una banda el\u00e0stica microperforada amb un grip de silicona hipoal\u00b7lerg\u00e8nica al seu interior. Aquesta evita que augmenti la sudoraci\u00f3 i mant\u00e9 la pe\u00e7a ben subjecta a la cama. A l&#8217;exterior t\u00e9 unes l\u00ednies reflectants 360\u00ba que augmentaran la teva seguretat ja que reflectiran la llum dels vehicles.<\/p>\n","protected":false},"featured_media":223852,"comment_status":"closed","ping_status":"closed","template":"","meta":{"_acf_changed":false},"product_brand":[],"product_cat":[8306],"product_tag":[],"custom_category":[3347,3350,3404],"range":[2515],"class_list":{"0":"post-17400","1":"product","2":"type-product","3":"status-publish","4":"has-post-thumbnail","6":"product_cat-uncategorized-ca","7":"pa_climatologia-fred","8":"pa_climatologia-temperatura-temperada","9":"pa_deporte-ciclisme","10":"pa_genero-home","11":"pa_genero-dona","12":"pa_genero-infantil-ca","13":"pa_patronaje-fit-ca","14":"pa_tipo-de-prenda-culot-pirata","15":"custom_category-esport","16":"custom_category-roba-de-ciclisme-personalitzada","17":"custom_category-culot-ciclista-personalitzat","18":"range-tempus-ca","20":"first","21":"instock","22":"product-type-custom"},"acf":[],"yoast_head":"<!-- This site is optimized with the Yoast SEO plugin v27.3 - https:\/\/yoast.com\/product\/yoast-seo-wordpress\/ -->\n<title>Culot pirata ciclista sense tirants TEMPUS<\/title>\n<meta name=\"description\" content=\"La seva elasticitat i lleugeresa et permetran una gran llibertat de moviments. Es caracteritza per la seva bona compressi\u00f3 muscular. Aquest culot aconsegueix mantenir sota control l&#039;\u00e0cid l\u00e0ctic, retarda la fatiga muscular i ajuda a oxigenar la sang. Els panells de l&#039;culot ciclista estan dissenyats perqu\u00e8 s&#039;adaptin perfectament a les diferents posicions de la pedalada. No notar\u00e0s cap resist\u00e8ncia. El seu teixit est\u00e0 concebut per mantenir l\u00a1escalfor corporal i alhora expulsar la suor r\u00e0pidament cap a l&#039;exterior. Tindr\u00e0s la pell seca i evitar\u00e0s un sobreescalfament per poder rendir al m\u00e0xim. A la cintura t\u00e9 una goma el\u00e0stica per mantenir la pe\u00e7a ben subjecte al cos sense incomodar. Al final de les cames t\u00e9 una banda el\u00e0stica microperforada amb un grip de silicona hipoal\u00b7lerg\u00e8nica al seu interior. Aquesta evita que augmenti la sudoraci\u00f3 i mant\u00e9 la pe\u00e7a ben subjecta a la cama. A l&#039;exterior t\u00e9 unes l\u00ednies reflectants 360\u00ba que augmentaran la teva seguretat ja que reflectiran la llum dels vehicles.\" \/>\n<meta name=\"robots\" content=\"index, follow, max-snippet:-1, max-image-preview:large, max-video-preview:-1\" \/>\n<link rel=\"canonical\" href=\"https:\/\/www.inverseteams.com\/ca\/producte\/culot-pirata-ciclista-sense-tirants-tempus\/\" \/>\n<meta property=\"og:locale\" content=\"ca_ES\" \/>\n<meta property=\"og:type\" content=\"article\" \/>\n<meta property=\"og:title\" content=\"Culot pirata ciclista sense tirants TEMPUS\" \/>\n<meta property=\"og:description\" content=\"La seva elasticitat i lleugeresa et permetran una gran llibertat de moviments. Es caracteritza per la seva bona compressi\u00f3 muscular. Aquest culot aconsegueix mantenir sota control l&#039;\u00e0cid l\u00e0ctic, retarda la fatiga muscular i ajuda a oxigenar la sang. Els panells de l&#039;culot ciclista estan dissenyats perqu\u00e8 s&#039;adaptin perfectament a les diferents posicions de la pedalada. No notar\u00e0s cap resist\u00e8ncia. El seu teixit est\u00e0 concebut per mantenir l\u00a1escalfor corporal i alhora expulsar la suor r\u00e0pidament cap a l&#039;exterior. Tindr\u00e0s la pell seca i evitar\u00e0s un sobreescalfament per poder rendir al m\u00e0xim. A la cintura t\u00e9 una goma el\u00e0stica per mantenir la pe\u00e7a ben subjecte al cos sense incomodar. Al final de les cames t\u00e9 una banda el\u00e0stica microperforada amb un grip de silicona hipoal\u00b7lerg\u00e8nica al seu interior. Aquesta evita que augmenti la sudoraci\u00f3 i mant\u00e9 la pe\u00e7a ben subjecta a la cama. A l&#039;exterior t\u00e9 unes l\u00ednies reflectants 360\u00ba que augmentaran la teva seguretat ja que reflectiran la llum dels vehicles.\" \/>\n<meta property=\"og:url\" content=\"https:\/\/www.inverseteams.com\/ca\/producte\/culot-pirata-ciclista-sense-tirants-tempus\/\" \/>\n<meta property=\"og:site_name\" content=\"Inverseteams\" \/>\n<meta property=\"article:publisher\" content=\"https:\/\/www.facebook.com\/inverseteams\" \/>\n<meta property=\"article:modified_time\" content=\"2024-12-13T11:36:29+00:00\" \/>\n<meta property=\"og:image\" content=\"https:\/\/www.inverseteams.com\/wp-content\/uploads\/PIRATA-ST-CICLISMO-PERSONALIZADO-TEMPUS-1.jpg\" \/>\n\t<meta property=\"og:image:width\" content=\"1500\" \/>\n\t<meta property=\"og:image:height\" content=\"1612\" \/>\n\t<meta property=\"og:image:type\" content=\"image\/jpeg\" \/>\n<meta name=\"twitter:card\" content=\"summary_large_image\" \/>\n<meta name=\"twitter:label1\" content=\"Temps estimat de lectura\" \/>\n\t<meta name=\"twitter:data1\" content=\"1 minut\" \/>\n<script type=\"application\/ld+json\" class=\"yoast-schema-graph\">{\"@context\":\"https:\\\/\\\/schema.org\",\"@graph\":[{\"@type\":\"WebPage\",\"@id\":\"https:\\\/\\\/www.inverseteams.com\\\/ca\\\/producte\\\/culot-pirata-ciclista-sense-tirants-tempus\\\/\",\"url\":\"https:\\\/\\\/www.inverseteams.com\\\/ca\\\/producte\\\/culot-pirata-ciclista-sense-tirants-tempus\\\/\",\"name\":\"Culot pirata ciclista sense tirants TEMPUS\",\"isPartOf\":{\"@id\":\"https:\\\/\\\/www.inverseteams.com\\\/ca\\\/#website\"},\"primaryImageOfPage\":{\"@id\":\"https:\\\/\\\/www.inverseteams.com\\\/ca\\\/producte\\\/culot-pirata-ciclista-sense-tirants-tempus\\\/#primaryimage\"},\"image\":{\"@id\":\"https:\\\/\\\/www.inverseteams.com\\\/ca\\\/producte\\\/culot-pirata-ciclista-sense-tirants-tempus\\\/#primaryimage\"},\"thumbnailUrl\":\"https:\\\/\\\/www.inverseteams.com\\\/wp-content\\\/uploads\\\/PIRATA-ST-CICLISMO-PERSONALIZADO-TEMPUS-1.jpg\",\"datePublished\":\"2021-10-12T09:02:47+00:00\",\"dateModified\":\"2024-12-13T11:36:29+00:00\",\"description\":\"La seva elasticitat i lleugeresa et permetran una gran llibertat de moviments. Es caracteritza per la seva bona compressi\u00f3 muscular. Aquest culot aconsegueix mantenir sota control l'\u00e0cid l\u00e0ctic, retarda la fatiga muscular i ajuda a oxigenar la sang. Els panells de l'culot ciclista estan dissenyats perqu\u00e8 s'adaptin perfectament a les diferents posicions de la pedalada. No notar\u00e0s cap resist\u00e8ncia. El seu teixit est\u00e0 concebut per mantenir l\u00a1escalfor corporal i alhora expulsar la suor r\u00e0pidament cap a l'exterior. Tindr\u00e0s la pell seca i evitar\u00e0s un sobreescalfament per poder rendir al m\u00e0xim. A la cintura t\u00e9 una goma el\u00e0stica per mantenir la pe\u00e7a ben subjecte al cos sense incomodar. Al final de les cames t\u00e9 una banda el\u00e0stica microperforada amb un grip de silicona hipoal\u00b7lerg\u00e8nica al seu interior. Aquesta evita que augmenti la sudoraci\u00f3 i mant\u00e9 la pe\u00e7a ben subjecta a la cama. A l'exterior t\u00e9 unes l\u00ednies reflectants 360\u00ba que augmentaran la teva seguretat ja que reflectiran la llum dels vehicles.\",\"breadcrumb\":{\"@id\":\"https:\\\/\\\/www.inverseteams.com\\\/ca\\\/producte\\\/culot-pirata-ciclista-sense-tirants-tempus\\\/#breadcrumb\"},\"inLanguage\":\"ca\",\"potentialAction\":[{\"@type\":\"ReadAction\",\"target\":[\"https:\\\/\\\/www.inverseteams.com\\\/ca\\\/producte\\\/culot-pirata-ciclista-sense-tirants-tempus\\\/\"]}]},{\"@type\":\"ImageObject\",\"inLanguage\":\"ca\",\"@id\":\"https:\\\/\\\/www.inverseteams.com\\\/ca\\\/producte\\\/culot-pirata-ciclista-sense-tirants-tempus\\\/#primaryimage\",\"url\":\"https:\\\/\\\/www.inverseteams.com\\\/wp-content\\\/uploads\\\/PIRATA-ST-CICLISMO-PERSONALIZADO-TEMPUS-1.jpg\",\"contentUrl\":\"https:\\\/\\\/www.inverseteams.com\\\/wp-content\\\/uploads\\\/PIRATA-ST-CICLISMO-PERSONALIZADO-TEMPUS-1.jpg\",\"width\":1500,\"height\":1612,\"caption\":\"culotte pirata ciclismo inverse\"},{\"@type\":\"BreadcrumbList\",\"@id\":\"https:\\\/\\\/www.inverseteams.com\\\/ca\\\/producte\\\/culot-pirata-ciclista-sense-tirants-tempus\\\/#breadcrumb\",\"itemListElement\":[{\"@type\":\"ListItem\",\"position\":1,\"name\":\"Portada\",\"item\":\"https:\\\/\\\/www.inverseteams.com\\\/ca\\\/pagina-principal\\\/\"},{\"@type\":\"ListItem\",\"position\":2,\"name\":\"Botiga\",\"item\":\"https:\\\/\\\/www.inverseteams.com\\\/ca\\\/botiga\\\/\"},{\"@type\":\"ListItem\",\"position\":3,\"name\":\"Culot pirata ciclista sense tirants TEMPUS\"}]},{\"@type\":\"WebSite\",\"@id\":\"https:\\\/\\\/www.inverseteams.com\\\/ca\\\/#website\",\"url\":\"https:\\\/\\\/www.inverseteams.com\\\/ca\\\/\",\"name\":\"Inverseteams\",\"description\":\"Tu marca de ropa deportiva personalizada\",\"publisher\":{\"@id\":\"https:\\\/\\\/www.inverseteams.com\\\/ca\\\/#organization\"},\"potentialAction\":[{\"@type\":\"SearchAction\",\"target\":{\"@type\":\"EntryPoint\",\"urlTemplate\":\"https:\\\/\\\/www.inverseteams.com\\\/ca\\\/?s={search_term_string}\"},\"query-input\":{\"@type\":\"PropertyValueSpecification\",\"valueRequired\":true,\"valueName\":\"search_term_string\"}}],\"inLanguage\":\"ca\"},{\"@type\":\"Organization\",\"@id\":\"https:\\\/\\\/www.inverseteams.com\\\/ca\\\/#organization\",\"name\":\"Inverse Teams\",\"url\":\"https:\\\/\\\/www.inverseteams.com\\\/ca\\\/\",\"logo\":{\"@type\":\"ImageObject\",\"inLanguage\":\"ca\",\"@id\":\"https:\\\/\\\/www.inverseteams.com\\\/ca\\\/#\\\/schema\\\/logo\\\/image\\\/\",\"url\":\"http:\\\/\\\/www.inverseteams.com\\\/wp-content\\\/uploads\\\/2021\\\/03\\\/logo-inverse-teams.png\",\"contentUrl\":\"http:\\\/\\\/www.inverseteams.com\\\/wp-content\\\/uploads\\\/2021\\\/03\\\/logo-inverse-teams.png\",\"width\":294,\"height\":99,\"caption\":\"Inverse Teams\"},\"image\":{\"@id\":\"https:\\\/\\\/www.inverseteams.com\\\/ca\\\/#\\\/schema\\\/logo\\\/image\\\/\"},\"sameAs\":[\"https:\\\/\\\/www.facebook.com\\\/inverseteams\",\"http:\\\/\\\/instagram.com\\\/inverseteams\",\"https:\\\/\\\/www.linkedin.com\\\/company\\\/inverse-cirosport-s-l-?trk=job_view_topcard_company_name\",\"http:\\\/\\\/www.pinterest.com\\\/inverseteams\\\/\",\"http:\\\/\\\/www.youtube.com\\\/user\\\/inverseteams?feature=watch\"]}]}<\/script>\n<!-- \/ Yoast SEO plugin. -->","yoast_head_json":{"title":"Culot pirata ciclista sense tirants TEMPUS","description":"La seva elasticitat i lleugeresa et permetran una gran llibertat de moviments. Es caracteritza per la seva bona compressi\u00f3 muscular. Aquest culot aconsegueix mantenir sota control l'\u00e0cid l\u00e0ctic, retarda la fatiga muscular i ajuda a oxigenar la sang. Els panells de l'culot ciclista estan dissenyats perqu\u00e8 s'adaptin perfectament a les diferents posicions de la pedalada. No notar\u00e0s cap resist\u00e8ncia. El seu teixit est\u00e0 concebut per mantenir l\u00a1escalfor corporal i alhora expulsar la suor r\u00e0pidament cap a l'exterior. Tindr\u00e0s la pell seca i evitar\u00e0s un sobreescalfament per poder rendir al m\u00e0xim. A la cintura t\u00e9 una goma el\u00e0stica per mantenir la pe\u00e7a ben subjecte al cos sense incomodar. Al final de les cames t\u00e9 una banda el\u00e0stica microperforada amb un grip de silicona hipoal\u00b7lerg\u00e8nica al seu interior. Aquesta evita que augmenti la sudoraci\u00f3 i mant\u00e9 la pe\u00e7a ben subjecta a la cama. A l'exterior t\u00e9 unes l\u00ednies reflectants 360\u00ba que augmentaran la teva seguretat ja que reflectiran la llum dels vehicles.","robots":{"index":"index","follow":"follow","max-snippet":"max-snippet:-1","max-image-preview":"max-image-preview:large","max-video-preview":"max-video-preview:-1"},"canonical":"https:\/\/www.inverseteams.com\/ca\/producte\/culot-pirata-ciclista-sense-tirants-tempus\/","og_locale":"ca_ES","og_type":"article","og_title":"Culot pirata ciclista sense tirants TEMPUS","og_description":"La seva elasticitat i lleugeresa et permetran una gran llibertat de moviments. Es caracteritza per la seva bona compressi\u00f3 muscular. Aquest culot aconsegueix mantenir sota control l'\u00e0cid l\u00e0ctic, retarda la fatiga muscular i ajuda a oxigenar la sang. Els panells de l'culot ciclista estan dissenyats perqu\u00e8 s'adaptin perfectament a les diferents posicions de la pedalada. No notar\u00e0s cap resist\u00e8ncia. El seu teixit est\u00e0 concebut per mantenir l\u00a1escalfor corporal i alhora expulsar la suor r\u00e0pidament cap a l'exterior. Tindr\u00e0s la pell seca i evitar\u00e0s un sobreescalfament per poder rendir al m\u00e0xim. A la cintura t\u00e9 una goma el\u00e0stica per mantenir la pe\u00e7a ben subjecte al cos sense incomodar. Al final de les cames t\u00e9 una banda el\u00e0stica microperforada amb un grip de silicona hipoal\u00b7lerg\u00e8nica al seu interior. Aquesta evita que augmenti la sudoraci\u00f3 i mant\u00e9 la pe\u00e7a ben subjecta a la cama. A l'exterior t\u00e9 unes l\u00ednies reflectants 360\u00ba que augmentaran la teva seguretat ja que reflectiran la llum dels vehicles.","og_url":"https:\/\/www.inverseteams.com\/ca\/producte\/culot-pirata-ciclista-sense-tirants-tempus\/","og_site_name":"Inverseteams","article_publisher":"https:\/\/www.facebook.com\/inverseteams","article_modified_time":"2024-12-13T11:36:29+00:00","og_image":[{"width":1500,"height":1612,"url":"https:\/\/www.inverseteams.com\/wp-content\/uploads\/PIRATA-ST-CICLISMO-PERSONALIZADO-TEMPUS-1.jpg","type":"image\/jpeg"}],"twitter_card":"summary_large_image","twitter_misc":{"Temps estimat de lectura":"1 minut"},"schema":{"@context":"https:\/\/schema.org","@graph":[{"@type":"WebPage","@id":"https:\/\/www.inverseteams.com\/ca\/producte\/culot-pirata-ciclista-sense-tirants-tempus\/","url":"https:\/\/www.inverseteams.com\/ca\/producte\/culot-pirata-ciclista-sense-tirants-tempus\/","name":"Culot pirata ciclista sense tirants TEMPUS","isPartOf":{"@id":"https:\/\/www.inverseteams.com\/ca\/#website"},"primaryImageOfPage":{"@id":"https:\/\/www.inverseteams.com\/ca\/producte\/culot-pirata-ciclista-sense-tirants-tempus\/#primaryimage"},"image":{"@id":"https:\/\/www.inverseteams.com\/ca\/producte\/culot-pirata-ciclista-sense-tirants-tempus\/#primaryimage"},"thumbnailUrl":"https:\/\/www.inverseteams.com\/wp-content\/uploads\/PIRATA-ST-CICLISMO-PERSONALIZADO-TEMPUS-1.jpg","datePublished":"2021-10-12T09:02:47+00:00","dateModified":"2024-12-13T11:36:29+00:00","description":"La seva elasticitat i lleugeresa et permetran una gran llibertat de moviments. Es caracteritza per la seva bona compressi\u00f3 muscular. Aquest culot aconsegueix mantenir sota control l'\u00e0cid l\u00e0ctic, retarda la fatiga muscular i ajuda a oxigenar la sang. Els panells de l'culot ciclista estan dissenyats perqu\u00e8 s'adaptin perfectament a les diferents posicions de la pedalada. No notar\u00e0s cap resist\u00e8ncia. El seu teixit est\u00e0 concebut per mantenir l\u00a1escalfor corporal i alhora expulsar la suor r\u00e0pidament cap a l'exterior. Tindr\u00e0s la pell seca i evitar\u00e0s un sobreescalfament per poder rendir al m\u00e0xim. A la cintura t\u00e9 una goma el\u00e0stica per mantenir la pe\u00e7a ben subjecte al cos sense incomodar. Al final de les cames t\u00e9 una banda el\u00e0stica microperforada amb un grip de silicona hipoal\u00b7lerg\u00e8nica al seu interior. Aquesta evita que augmenti la sudoraci\u00f3 i mant\u00e9 la pe\u00e7a ben subjecta a la cama. A l'exterior t\u00e9 unes l\u00ednies reflectants 360\u00ba que augmentaran la teva seguretat ja que reflectiran la llum dels vehicles.","breadcrumb":{"@id":"https:\/\/www.inverseteams.com\/ca\/producte\/culot-pirata-ciclista-sense-tirants-tempus\/#breadcrumb"},"inLanguage":"ca","potentialAction":[{"@type":"ReadAction","target":["https:\/\/www.inverseteams.com\/ca\/producte\/culot-pirata-ciclista-sense-tirants-tempus\/"]}]},{"@type":"ImageObject","inLanguage":"ca","@id":"https:\/\/www.inverseteams.com\/ca\/producte\/culot-pirata-ciclista-sense-tirants-tempus\/#primaryimage","url":"https:\/\/www.inverseteams.com\/wp-content\/uploads\/PIRATA-ST-CICLISMO-PERSONALIZADO-TEMPUS-1.jpg","contentUrl":"https:\/\/www.inverseteams.com\/wp-content\/uploads\/PIRATA-ST-CICLISMO-PERSONALIZADO-TEMPUS-1.jpg","width":1500,"height":1612,"caption":"culotte pirata ciclismo inverse"},{"@type":"BreadcrumbList","@id":"https:\/\/www.inverseteams.com\/ca\/producte\/culot-pirata-ciclista-sense-tirants-tempus\/#breadcrumb","itemListElement":[{"@type":"ListItem","position":1,"name":"Portada","item":"https:\/\/www.inverseteams.com\/ca\/pagina-principal\/"},{"@type":"ListItem","position":2,"name":"Botiga","item":"https:\/\/www.inverseteams.com\/ca\/botiga\/"},{"@type":"ListItem","position":3,"name":"Culot pirata ciclista sense tirants TEMPUS"}]},{"@type":"WebSite","@id":"https:\/\/www.inverseteams.com\/ca\/#website","url":"https:\/\/www.inverseteams.com\/ca\/","name":"Inverseteams","description":"Tu marca de ropa deportiva personalizada","publisher":{"@id":"https:\/\/www.inverseteams.com\/ca\/#organization"},"potentialAction":[{"@type":"SearchAction","target":{"@type":"EntryPoint","urlTemplate":"https:\/\/www.inverseteams.com\/ca\/?s={search_term_string}"},"query-input":{"@type":"PropertyValueSpecification","valueRequired":true,"valueName":"search_term_string"}}],"inLanguage":"ca"},{"@type":"Organization","@id":"https:\/\/www.inverseteams.com\/ca\/#organization","name":"Inverse Teams","url":"https:\/\/www.inverseteams.com\/ca\/","logo":{"@type":"ImageObject","inLanguage":"ca","@id":"https:\/\/www.inverseteams.com\/ca\/#\/schema\/logo\/image\/","url":"https:\/\/www.inverseteams.com\/wp-content\/uploads\/2021\/03\/logo-inverse-teams.png","contentUrl":"https:\/\/www.inverseteams.com\/wp-content\/uploads\/2021\/03\/logo-inverse-teams.png","width":294,"height":99,"caption":"Inverse Teams"},"image":{"@id":"https:\/\/www.inverseteams.com\/ca\/#\/schema\/logo\/image\/"},"sameAs":["https:\/\/www.facebook.com\/inverseteams","http:\/\/instagram.com\/inverseteams","https:\/\/www.linkedin.com\/company\/inverse-cirosport-s-l-?trk=job_view_topcard_company_name","http:\/\/www.pinterest.com\/inverseteams\/","http:\/\/www.youtube.com\/user\/inverseteams?feature=watch"]}]}},"_links":{"self":[{"href":"https:\/\/www.inverseteams.com\/ca\/wp-json\/wp\/v2\/product\/17400","targetHints":{"allow":["GET"]}}],"collection":[{"href":"https:\/\/www.inverseteams.com\/ca\/wp-json\/wp\/v2\/product"}],"about":[{"href":"https:\/\/www.inverseteams.com\/ca\/wp-json\/wp\/v2\/types\/product"}],"replies":[{"embeddable":true,"href":"https:\/\/www.inverseteams.com\/ca\/wp-json\/wp\/v2\/comments?post=17400"}],"wp:featuredmedia":[{"embeddable":true,"href":"https:\/\/www.inverseteams.com\/ca\/wp-json\/wp\/v2\/media\/223852"}],"wp:attachment":[{"href":"https:\/\/www.inverseteams.com\/ca\/wp-json\/wp\/v2\/media?parent=17400"}],"wp:term":[{"taxonomy":"product_brand","embeddable":true,"href":"https:\/\/www.inverseteams.com\/ca\/wp-json\/wp\/v2\/product_brand?post=17400"},{"taxonomy":"product_cat","embeddable":true,"href":"https:\/\/www.inverseteams.com\/ca\/wp-json\/wp\/v2\/product_cat?post=17400"},{"taxonomy":"product_tag","embeddable":true,"href":"https:\/\/www.inverseteams.com\/ca\/wp-json\/wp\/v2\/product_tag?post=17400"},{"taxonomy":"custom_category","embeddable":true,"href":"https:\/\/www.inverseteams.com\/ca\/wp-json\/wp\/v2\/custom_category?post=17400"},{"taxonomy":"range","embeddable":true,"href":"https:\/\/www.inverseteams.com\/ca\/wp-json\/wp\/v2\/range?post=17400"}],"curies":[{"name":"wp","href":"https:\/\/api.w.org\/{rel}","templated":true}]}}