{"id":17396,"date":"2021-05-10T08:30:31","date_gmt":"2021-05-10T09:05:15","guid":{"rendered":"https:\/\/inverseteams.com\/?post_type=product&#038;p=17396"},"modified":"2024-12-13T09:28:49","modified_gmt":"2024-12-13T09:28:49","slug":"jaqueta-ciclista-tempus","status":"publish","type":"product","link":"https:\/\/www.inverseteams.com\/ca\/producte\/jaqueta-ciclista-tempus\/","title":{"rendered":"Jaqueta ciclista TEMPUS"},"content":{"rendered":"<p>Aquesta jaqueta \u00e9s perfecta per protegir-te del fred i la pluja. El model TEMPUS est\u00e0 confeccionat amb 2 teixits diferents.<br \/>\nEl teixit AEROTECH est\u00e0 compost de 3 membranes. La capa exterior actua com a barrera per evitar que l&#8217;aigua penetri. La capa interna ajuda a evacuar la suor i a mantenir l\u2019escalfor corporal. Tindr\u00e0s la pell seca i evitar\u00e0s un sobreescalfament per poder rendir al m\u00e0xim.<br \/>\nEls laterals fabricats amb SPIRIT-T\u00c8RMIC s\u00f3n el\u00e0stics i s&#8217;adapten a qualsevol posici\u00f3 sobre la bici sense oposar resist\u00e8ncia.<br \/>\nEl coll anat\u00f2mic s&#8217;ajusta molt b\u00e9 al cos sense causar mol\u00e8sties i evita l&#8217;entrada d&#8217;aire. La jaqueta de ciclisme TEMPUS combina diferents tecnologies perqu\u00e8 sempre es mantingui en la posici\u00f3 ideal. Al final de les m\u00e0nigues t\u00e9 un puny de doble capa tallat a l\u00e0ser que s&#8217;ajusta molt b\u00e9 a el bra\u00e7 i evita que entri aire. Aquestes estan cosides amb unes costures planes s\u00faper resistents. A la cintura t\u00e9 un rivet que s&#8217;adaptar\u00e0 al teu cos. Aquest incorpora unes l\u00ednies reflectants 360\u00ba que augmentaran la teva seguretat ja que reflectiran la llum dels vehicles.<br \/>\nA la zona lumbar incorpora 3 butxaques amb el nou sistema de Seguretat ISP &#8211; Inverse Safe Pocket &#8211; on podr\u00e0s guardar qualsevol objecte sense por de perdre-ho. Gaudeix del ciclisme sense preocupacions.<\/p>\n","protected":false},"excerpt":{"rendered":"<p>Aquesta jaqueta \u00e9s perfecta per protegir-te del fred i la pluja. El model TEMPUS est\u00e0 confeccionat amb 2 teixits diferents.<br \/>\nEl teixit AEROTECH est\u00e0 compost de 3 membranes. La capa exterior actua com a barrera per evitar que l&#8217;aigua penetri. La capa interna ajuda a evacuar la suor i a mantenir l\u2019escalfor corporal. Tindr\u00e0s la pell seca i evitar\u00e0s un sobreescalfament per poder rendir al m\u00e0xim.<br \/>\nEls laterals fabricats amb SPIRIT-T\u00c8RMIC s\u00f3n el\u00e0stics i s&#8217;adapten a qualsevol posici\u00f3 sobre la bici sense oposar resist\u00e8ncia.<br \/>\nEl coll anat\u00f2mic s&#8217;ajusta molt b\u00e9 al cos sense causar mol\u00e8sties i evita l&#8217;entrada d&#8217;aire. La jaqueta de ciclisme TEMPUS combina diferents tecnologies perqu\u00e8 sempre es mantingui en la posici\u00f3 ideal. Al final de les m\u00e0nigues t\u00e9 un puny de doble capa tallat a l\u00e0ser que s&#8217;ajusta molt b\u00e9 a el bra\u00e7 i evita que entri aire. Aquestes estan cosides amb unes costures planes s\u00faper resistents. A la cintura t\u00e9 un rivet que s&#8217;adaptar\u00e0 al teu cos. Aquest incorpora unes l\u00ednies reflectants 360\u00ba que augmentaran la teva seguretat ja que reflectiran la llum dels vehicles.<br \/>\nA la zona lumbar incorpora 3 butxaques amb el nou sistema de Seguretat ISP &#8211; Inverse Safe Pocket &#8211; on podr\u00e0s guardar qualsevol objecte sense por de perdre-ho. Gaudeix del ciclisme sense preocupacions.<\/p>\n","protected":false},"featured_media":223802,"comment_status":"closed","ping_status":"closed","template":"","meta":{"_acf_changed":false},"product_brand":[],"product_cat":[8306],"product_tag":[],"custom_category":[3350,3347,3398],"range":[2515],"class_list":{"0":"post-17396","1":"product","2":"type-product","3":"status-publish","4":"has-post-thumbnail","6":"product_cat-uncategorized-ca","7":"pa_climatologia-fred","8":"pa_climatologia-pluja","9":"pa_climatologia-vent","10":"pa_deporte-ciclisme","11":"pa_genero-home","12":"pa_genero-dona","13":"pa_genero-infantil-ca","14":"pa_patronaje-regular-ca","15":"pa_patronaje-fit-ca","16":"pa_tipo-de-prenda-jaqueta","17":"custom_category-roba-de-ciclisme-personalitzada","18":"custom_category-esport","19":"custom_category-jaqueta-ciclista-personalitzada","20":"range-tempus-ca","22":"first","23":"instock","24":"product-type-custom"},"acf":[],"yoast_head":"<!-- This site is optimized with the Yoast SEO plugin v27.5 - https:\/\/yoast.com\/product\/yoast-seo-wordpress\/ -->\n<title>Jaqueta ciclista TEMPUS<\/title>\n<meta name=\"description\" content=\"Aquesta jaqueta \u00e9s perfecta per protegir-te del fred i la pluja. El model TEMPUS est\u00e0 confeccionat amb 2 teixits diferents. El teixit AEROTECH est\u00e0 compost de 3 membranes. La capa exterior actua com a barrera per evitar que l&#039;aigua penetri. La capa interna ajuda a evacuar la suor i a mantenir l\u2019escalfor corporal. Tindr\u00e0s la pell seca i evitar\u00e0s un sobreescalfament per poder rendir al m\u00e0xim. Els laterals fabricats amb SPIRIT-T\u00c8RMIC s\u00f3n el\u00e0stics i s&#039;adapten a qualsevol posici\u00f3 sobre la bici sense oposar resist\u00e8ncia. El coll anat\u00f2mic s&#039;ajusta molt b\u00e9 al cos sense causar mol\u00e8sties i evita l&#039;entrada d&#039;aire. La jaqueta de ciclisme TEMPUS combina diferents tecnologies perqu\u00e8 sempre es mantingui en la posici\u00f3 ideal. Al final de les m\u00e0nigues t\u00e9 un puny de doble capa tallat a l\u00e0ser que s&#039;ajusta molt b\u00e9 a el bra\u00e7 i evita que entri aire. Aquestes estan cosides amb unes costures planes s\u00faper resistents. A la cintura t\u00e9 un rivet que s&#039;adaptar\u00e0 al teu cos. Aquest incorpora unes l\u00ednies reflectants 360\u00ba que augmentaran la teva seguretat ja que reflectiran la llum dels vehicles. A la zona lumbar incorpora 3 butxaques amb el nou sistema de Seguretat ISP - Inverse Safe Pocket - on podr\u00e0s guardar qualsevol objecte sense por de perdre-ho. Gaudeix del ciclisme sense preocupacions.\" \/>\n<meta name=\"robots\" content=\"index, follow, max-snippet:-1, max-image-preview:large, max-video-preview:-1\" \/>\n<link rel=\"canonical\" href=\"https:\/\/www.inverseteams.com\/ca\/producte\/jaqueta-ciclista-tempus\/\" \/>\n<meta property=\"og:locale\" content=\"ca_ES\" \/>\n<meta property=\"og:type\" content=\"article\" \/>\n<meta property=\"og:title\" content=\"Jaqueta ciclista TEMPUS\" \/>\n<meta property=\"og:description\" content=\"Aquesta jaqueta \u00e9s perfecta per protegir-te del fred i la pluja. El model TEMPUS est\u00e0 confeccionat amb 2 teixits diferents. El teixit AEROTECH est\u00e0 compost de 3 membranes. La capa exterior actua com a barrera per evitar que l&#039;aigua penetri. La capa interna ajuda a evacuar la suor i a mantenir l\u2019escalfor corporal. Tindr\u00e0s la pell seca i evitar\u00e0s un sobreescalfament per poder rendir al m\u00e0xim. Els laterals fabricats amb SPIRIT-T\u00c8RMIC s\u00f3n el\u00e0stics i s&#039;adapten a qualsevol posici\u00f3 sobre la bici sense oposar resist\u00e8ncia. El coll anat\u00f2mic s&#039;ajusta molt b\u00e9 al cos sense causar mol\u00e8sties i evita l&#039;entrada d&#039;aire. La jaqueta de ciclisme TEMPUS combina diferents tecnologies perqu\u00e8 sempre es mantingui en la posici\u00f3 ideal. Al final de les m\u00e0nigues t\u00e9 un puny de doble capa tallat a l\u00e0ser que s&#039;ajusta molt b\u00e9 a el bra\u00e7 i evita que entri aire. Aquestes estan cosides amb unes costures planes s\u00faper resistents. A la cintura t\u00e9 un rivet que s&#039;adaptar\u00e0 al teu cos. Aquest incorpora unes l\u00ednies reflectants 360\u00ba que augmentaran la teva seguretat ja que reflectiran la llum dels vehicles. A la zona lumbar incorpora 3 butxaques amb el nou sistema de Seguretat ISP - Inverse Safe Pocket - on podr\u00e0s guardar qualsevol objecte sense por de perdre-ho. Gaudeix del ciclisme sense preocupacions.\" \/>\n<meta property=\"og:url\" content=\"https:\/\/www.inverseteams.com\/ca\/producte\/jaqueta-ciclista-tempus\/\" \/>\n<meta property=\"og:site_name\" content=\"Inverseteams\" \/>\n<meta property=\"article:publisher\" content=\"https:\/\/www.facebook.com\/inverseteams\" \/>\n<meta property=\"article:modified_time\" content=\"2024-12-13T09:28:49+00:00\" \/>\n<meta property=\"og:image\" content=\"https:\/\/www.inverseteams.com\/wp-content\/uploads\/CHAQUETA-MEMBRANA-PERSONALIZADA-TEMPUS-1.jpg\" \/>\n\t<meta property=\"og:image:width\" content=\"1500\" \/>\n\t<meta property=\"og:image:height\" content=\"1612\" \/>\n\t<meta property=\"og:image:type\" content=\"image\/jpeg\" \/>\n<meta name=\"twitter:card\" content=\"summary_large_image\" \/>\n<meta name=\"twitter:label1\" content=\"Temps estimat de lectura\" \/>\n\t<meta name=\"twitter:data1\" content=\"2 minut\" \/>\n<script type=\"application\/ld+json\" class=\"yoast-schema-graph\">{\"@context\":\"https:\\\/\\\/schema.org\",\"@graph\":[{\"@type\":\"WebPage\",\"@id\":\"https:\\\/\\\/www.inverseteams.com\\\/ca\\\/producte\\\/jaqueta-ciclista-tempus\\\/\",\"url\":\"https:\\\/\\\/www.inverseteams.com\\\/ca\\\/producte\\\/jaqueta-ciclista-tempus\\\/\",\"name\":\"Jaqueta ciclista TEMPUS\",\"isPartOf\":{\"@id\":\"https:\\\/\\\/www.inverseteams.com\\\/ca\\\/#website\"},\"primaryImageOfPage\":{\"@id\":\"https:\\\/\\\/www.inverseteams.com\\\/ca\\\/producte\\\/jaqueta-ciclista-tempus\\\/#primaryimage\"},\"image\":{\"@id\":\"https:\\\/\\\/www.inverseteams.com\\\/ca\\\/producte\\\/jaqueta-ciclista-tempus\\\/#primaryimage\"},\"thumbnailUrl\":\"https:\\\/\\\/www.inverseteams.com\\\/wp-content\\\/uploads\\\/CHAQUETA-MEMBRANA-PERSONALIZADA-TEMPUS-1.jpg\",\"datePublished\":\"2021-05-10T09:05:15+00:00\",\"dateModified\":\"2024-12-13T09:28:49+00:00\",\"description\":\"Aquesta jaqueta \u00e9s perfecta per protegir-te del fred i la pluja. El model TEMPUS est\u00e0 confeccionat amb 2 teixits diferents. El teixit AEROTECH est\u00e0 compost de 3 membranes. La capa exterior actua com a barrera per evitar que l'aigua penetri. La capa interna ajuda a evacuar la suor i a mantenir l\u2019escalfor corporal. Tindr\u00e0s la pell seca i evitar\u00e0s un sobreescalfament per poder rendir al m\u00e0xim. Els laterals fabricats amb SPIRIT-T\u00c8RMIC s\u00f3n el\u00e0stics i s'adapten a qualsevol posici\u00f3 sobre la bici sense oposar resist\u00e8ncia. El coll anat\u00f2mic s'ajusta molt b\u00e9 al cos sense causar mol\u00e8sties i evita l'entrada d'aire. La jaqueta de ciclisme TEMPUS combina diferents tecnologies perqu\u00e8 sempre es mantingui en la posici\u00f3 ideal. Al final de les m\u00e0nigues t\u00e9 un puny de doble capa tallat a l\u00e0ser que s'ajusta molt b\u00e9 a el bra\u00e7 i evita que entri aire. Aquestes estan cosides amb unes costures planes s\u00faper resistents. A la cintura t\u00e9 un rivet que s'adaptar\u00e0 al teu cos. Aquest incorpora unes l\u00ednies reflectants 360\u00ba que augmentaran la teva seguretat ja que reflectiran la llum dels vehicles. A la zona lumbar incorpora 3 butxaques amb el nou sistema de Seguretat ISP - Inverse Safe Pocket - on podr\u00e0s guardar qualsevol objecte sense por de perdre-ho. Gaudeix del ciclisme sense preocupacions.\",\"breadcrumb\":{\"@id\":\"https:\\\/\\\/www.inverseteams.com\\\/ca\\\/producte\\\/jaqueta-ciclista-tempus\\\/#breadcrumb\"},\"inLanguage\":\"ca\",\"potentialAction\":[{\"@type\":\"ReadAction\",\"target\":[\"https:\\\/\\\/www.inverseteams.com\\\/ca\\\/producte\\\/jaqueta-ciclista-tempus\\\/\"]}]},{\"@type\":\"ImageObject\",\"inLanguage\":\"ca\",\"@id\":\"https:\\\/\\\/www.inverseteams.com\\\/ca\\\/producte\\\/jaqueta-ciclista-tempus\\\/#primaryimage\",\"url\":\"https:\\\/\\\/www.inverseteams.com\\\/wp-content\\\/uploads\\\/CHAQUETA-MEMBRANA-PERSONALIZADA-TEMPUS-1.jpg\",\"contentUrl\":\"https:\\\/\\\/www.inverseteams.com\\\/wp-content\\\/uploads\\\/CHAQUETA-MEMBRANA-PERSONALIZADA-TEMPUS-1.jpg\",\"width\":1500,\"height\":1612,\"caption\":\"custom cycling jacket\"},{\"@type\":\"BreadcrumbList\",\"@id\":\"https:\\\/\\\/www.inverseteams.com\\\/ca\\\/producte\\\/jaqueta-ciclista-tempus\\\/#breadcrumb\",\"itemListElement\":[{\"@type\":\"ListItem\",\"position\":1,\"name\":\"Portada\",\"item\":\"https:\\\/\\\/www.inverseteams.com\\\/ca\\\/pagina-principal\\\/\"},{\"@type\":\"ListItem\",\"position\":2,\"name\":\"Botiga\",\"item\":\"https:\\\/\\\/www.inverseteams.com\\\/ca\\\/botiga\\\/\"},{\"@type\":\"ListItem\",\"position\":3,\"name\":\"Jaqueta ciclista TEMPUS\"}]},{\"@type\":\"WebSite\",\"@id\":\"https:\\\/\\\/www.inverseteams.com\\\/ca\\\/#website\",\"url\":\"https:\\\/\\\/www.inverseteams.com\\\/ca\\\/\",\"name\":\"Inverseteams\",\"description\":\"Tu marca de ropa deportiva personalizada\",\"publisher\":{\"@id\":\"https:\\\/\\\/www.inverseteams.com\\\/ca\\\/#organization\"},\"potentialAction\":[{\"@type\":\"SearchAction\",\"target\":{\"@type\":\"EntryPoint\",\"urlTemplate\":\"https:\\\/\\\/www.inverseteams.com\\\/ca\\\/?s={search_term_string}\"},\"query-input\":{\"@type\":\"PropertyValueSpecification\",\"valueRequired\":true,\"valueName\":\"search_term_string\"}}],\"inLanguage\":\"ca\"},{\"@type\":\"Organization\",\"@id\":\"https:\\\/\\\/www.inverseteams.com\\\/ca\\\/#organization\",\"name\":\"Inverse Teams\",\"url\":\"https:\\\/\\\/www.inverseteams.com\\\/ca\\\/\",\"logo\":{\"@type\":\"ImageObject\",\"inLanguage\":\"ca\",\"@id\":\"https:\\\/\\\/www.inverseteams.com\\\/ca\\\/#\\\/schema\\\/logo\\\/image\\\/\",\"url\":\"https:\\\/\\\/www.inverseteams.com\\\/wp-content\\\/uploads\\\/2021\\\/03\\\/logo-inverse-teams.png\",\"contentUrl\":\"https:\\\/\\\/www.inverseteams.com\\\/wp-content\\\/uploads\\\/2021\\\/03\\\/logo-inverse-teams.png\",\"width\":294,\"height\":99,\"caption\":\"Inverse Teams\"},\"image\":{\"@id\":\"https:\\\/\\\/www.inverseteams.com\\\/ca\\\/#\\\/schema\\\/logo\\\/image\\\/\"},\"sameAs\":[\"https:\\\/\\\/www.facebook.com\\\/inverseteams\",\"http:\\\/\\\/instagram.com\\\/inverseteams\",\"https:\\\/\\\/www.linkedin.com\\\/company\\\/inverse-cirosport-s-l-?trk=job_view_topcard_company_name\",\"http:\\\/\\\/www.pinterest.com\\\/inverseteams\\\/\",\"http:\\\/\\\/www.youtube.com\\\/user\\\/inverseteams?feature=watch\"]}]}<\/script>\n<!-- \/ Yoast SEO plugin. -->","yoast_head_json":{"title":"Jaqueta ciclista TEMPUS","description":"Aquesta jaqueta \u00e9s perfecta per protegir-te del fred i la pluja. El model TEMPUS est\u00e0 confeccionat amb 2 teixits diferents. El teixit AEROTECH est\u00e0 compost de 3 membranes. La capa exterior actua com a barrera per evitar que l'aigua penetri. La capa interna ajuda a evacuar la suor i a mantenir l\u2019escalfor corporal. Tindr\u00e0s la pell seca i evitar\u00e0s un sobreescalfament per poder rendir al m\u00e0xim. Els laterals fabricats amb SPIRIT-T\u00c8RMIC s\u00f3n el\u00e0stics i s'adapten a qualsevol posici\u00f3 sobre la bici sense oposar resist\u00e8ncia. El coll anat\u00f2mic s'ajusta molt b\u00e9 al cos sense causar mol\u00e8sties i evita l'entrada d'aire. La jaqueta de ciclisme TEMPUS combina diferents tecnologies perqu\u00e8 sempre es mantingui en la posici\u00f3 ideal. Al final de les m\u00e0nigues t\u00e9 un puny de doble capa tallat a l\u00e0ser que s'ajusta molt b\u00e9 a el bra\u00e7 i evita que entri aire. Aquestes estan cosides amb unes costures planes s\u00faper resistents. A la cintura t\u00e9 un rivet que s'adaptar\u00e0 al teu cos. Aquest incorpora unes l\u00ednies reflectants 360\u00ba que augmentaran la teva seguretat ja que reflectiran la llum dels vehicles. A la zona lumbar incorpora 3 butxaques amb el nou sistema de Seguretat ISP - Inverse Safe Pocket - on podr\u00e0s guardar qualsevol objecte sense por de perdre-ho. Gaudeix del ciclisme sense preocupacions.","robots":{"index":"index","follow":"follow","max-snippet":"max-snippet:-1","max-image-preview":"max-image-preview:large","max-video-preview":"max-video-preview:-1"},"canonical":"https:\/\/www.inverseteams.com\/ca\/producte\/jaqueta-ciclista-tempus\/","og_locale":"ca_ES","og_type":"article","og_title":"Jaqueta ciclista TEMPUS","og_description":"Aquesta jaqueta \u00e9s perfecta per protegir-te del fred i la pluja. El model TEMPUS est\u00e0 confeccionat amb 2 teixits diferents. El teixit AEROTECH est\u00e0 compost de 3 membranes. La capa exterior actua com a barrera per evitar que l'aigua penetri. La capa interna ajuda a evacuar la suor i a mantenir l\u2019escalfor corporal. Tindr\u00e0s la pell seca i evitar\u00e0s un sobreescalfament per poder rendir al m\u00e0xim. Els laterals fabricats amb SPIRIT-T\u00c8RMIC s\u00f3n el\u00e0stics i s'adapten a qualsevol posici\u00f3 sobre la bici sense oposar resist\u00e8ncia. El coll anat\u00f2mic s'ajusta molt b\u00e9 al cos sense causar mol\u00e8sties i evita l'entrada d'aire. La jaqueta de ciclisme TEMPUS combina diferents tecnologies perqu\u00e8 sempre es mantingui en la posici\u00f3 ideal. Al final de les m\u00e0nigues t\u00e9 un puny de doble capa tallat a l\u00e0ser que s'ajusta molt b\u00e9 a el bra\u00e7 i evita que entri aire. Aquestes estan cosides amb unes costures planes s\u00faper resistents. A la cintura t\u00e9 un rivet que s'adaptar\u00e0 al teu cos. Aquest incorpora unes l\u00ednies reflectants 360\u00ba que augmentaran la teva seguretat ja que reflectiran la llum dels vehicles. A la zona lumbar incorpora 3 butxaques amb el nou sistema de Seguretat ISP - Inverse Safe Pocket - on podr\u00e0s guardar qualsevol objecte sense por de perdre-ho. Gaudeix del ciclisme sense preocupacions.","og_url":"https:\/\/www.inverseteams.com\/ca\/producte\/jaqueta-ciclista-tempus\/","og_site_name":"Inverseteams","article_publisher":"https:\/\/www.facebook.com\/inverseteams","article_modified_time":"2024-12-13T09:28:49+00:00","og_image":[{"width":1500,"height":1612,"url":"https:\/\/www.inverseteams.com\/wp-content\/uploads\/CHAQUETA-MEMBRANA-PERSONALIZADA-TEMPUS-1.jpg","type":"image\/jpeg"}],"twitter_card":"summary_large_image","twitter_misc":{"Temps estimat de lectura":"2 minut"},"schema":{"@context":"https:\/\/schema.org","@graph":[{"@type":"WebPage","@id":"https:\/\/www.inverseteams.com\/ca\/producte\/jaqueta-ciclista-tempus\/","url":"https:\/\/www.inverseteams.com\/ca\/producte\/jaqueta-ciclista-tempus\/","name":"Jaqueta ciclista TEMPUS","isPartOf":{"@id":"https:\/\/www.inverseteams.com\/ca\/#website"},"primaryImageOfPage":{"@id":"https:\/\/www.inverseteams.com\/ca\/producte\/jaqueta-ciclista-tempus\/#primaryimage"},"image":{"@id":"https:\/\/www.inverseteams.com\/ca\/producte\/jaqueta-ciclista-tempus\/#primaryimage"},"thumbnailUrl":"https:\/\/www.inverseteams.com\/wp-content\/uploads\/CHAQUETA-MEMBRANA-PERSONALIZADA-TEMPUS-1.jpg","datePublished":"2021-05-10T09:05:15+00:00","dateModified":"2024-12-13T09:28:49+00:00","description":"Aquesta jaqueta \u00e9s perfecta per protegir-te del fred i la pluja. El model TEMPUS est\u00e0 confeccionat amb 2 teixits diferents. El teixit AEROTECH est\u00e0 compost de 3 membranes. La capa exterior actua com a barrera per evitar que l'aigua penetri. La capa interna ajuda a evacuar la suor i a mantenir l\u2019escalfor corporal. Tindr\u00e0s la pell seca i evitar\u00e0s un sobreescalfament per poder rendir al m\u00e0xim. Els laterals fabricats amb SPIRIT-T\u00c8RMIC s\u00f3n el\u00e0stics i s'adapten a qualsevol posici\u00f3 sobre la bici sense oposar resist\u00e8ncia. El coll anat\u00f2mic s'ajusta molt b\u00e9 al cos sense causar mol\u00e8sties i evita l'entrada d'aire. La jaqueta de ciclisme TEMPUS combina diferents tecnologies perqu\u00e8 sempre es mantingui en la posici\u00f3 ideal. Al final de les m\u00e0nigues t\u00e9 un puny de doble capa tallat a l\u00e0ser que s'ajusta molt b\u00e9 a el bra\u00e7 i evita que entri aire. Aquestes estan cosides amb unes costures planes s\u00faper resistents. A la cintura t\u00e9 un rivet que s'adaptar\u00e0 al teu cos. Aquest incorpora unes l\u00ednies reflectants 360\u00ba que augmentaran la teva seguretat ja que reflectiran la llum dels vehicles. A la zona lumbar incorpora 3 butxaques amb el nou sistema de Seguretat ISP - Inverse Safe Pocket - on podr\u00e0s guardar qualsevol objecte sense por de perdre-ho. Gaudeix del ciclisme sense preocupacions.","breadcrumb":{"@id":"https:\/\/www.inverseteams.com\/ca\/producte\/jaqueta-ciclista-tempus\/#breadcrumb"},"inLanguage":"ca","potentialAction":[{"@type":"ReadAction","target":["https:\/\/www.inverseteams.com\/ca\/producte\/jaqueta-ciclista-tempus\/"]}]},{"@type":"ImageObject","inLanguage":"ca","@id":"https:\/\/www.inverseteams.com\/ca\/producte\/jaqueta-ciclista-tempus\/#primaryimage","url":"https:\/\/www.inverseteams.com\/wp-content\/uploads\/CHAQUETA-MEMBRANA-PERSONALIZADA-TEMPUS-1.jpg","contentUrl":"https:\/\/www.inverseteams.com\/wp-content\/uploads\/CHAQUETA-MEMBRANA-PERSONALIZADA-TEMPUS-1.jpg","width":1500,"height":1612,"caption":"custom cycling jacket"},{"@type":"BreadcrumbList","@id":"https:\/\/www.inverseteams.com\/ca\/producte\/jaqueta-ciclista-tempus\/#breadcrumb","itemListElement":[{"@type":"ListItem","position":1,"name":"Portada","item":"https:\/\/www.inverseteams.com\/ca\/pagina-principal\/"},{"@type":"ListItem","position":2,"name":"Botiga","item":"https:\/\/www.inverseteams.com\/ca\/botiga\/"},{"@type":"ListItem","position":3,"name":"Jaqueta ciclista TEMPUS"}]},{"@type":"WebSite","@id":"https:\/\/www.inverseteams.com\/ca\/#website","url":"https:\/\/www.inverseteams.com\/ca\/","name":"Inverseteams","description":"Tu marca de ropa deportiva personalizada","publisher":{"@id":"https:\/\/www.inverseteams.com\/ca\/#organization"},"potentialAction":[{"@type":"SearchAction","target":{"@type":"EntryPoint","urlTemplate":"https:\/\/www.inverseteams.com\/ca\/?s={search_term_string}"},"query-input":{"@type":"PropertyValueSpecification","valueRequired":true,"valueName":"search_term_string"}}],"inLanguage":"ca"},{"@type":"Organization","@id":"https:\/\/www.inverseteams.com\/ca\/#organization","name":"Inverse Teams","url":"https:\/\/www.inverseteams.com\/ca\/","logo":{"@type":"ImageObject","inLanguage":"ca","@id":"https:\/\/www.inverseteams.com\/ca\/#\/schema\/logo\/image\/","url":"https:\/\/www.inverseteams.com\/wp-content\/uploads\/2021\/03\/logo-inverse-teams.png","contentUrl":"https:\/\/www.inverseteams.com\/wp-content\/uploads\/2021\/03\/logo-inverse-teams.png","width":294,"height":99,"caption":"Inverse Teams"},"image":{"@id":"https:\/\/www.inverseteams.com\/ca\/#\/schema\/logo\/image\/"},"sameAs":["https:\/\/www.facebook.com\/inverseteams","http:\/\/instagram.com\/inverseteams","https:\/\/www.linkedin.com\/company\/inverse-cirosport-s-l-?trk=job_view_topcard_company_name","http:\/\/www.pinterest.com\/inverseteams\/","http:\/\/www.youtube.com\/user\/inverseteams?feature=watch"]}]}},"_links":{"self":[{"href":"https:\/\/www.inverseteams.com\/ca\/wp-json\/wp\/v2\/product\/17396","targetHints":{"allow":["GET"]}}],"collection":[{"href":"https:\/\/www.inverseteams.com\/ca\/wp-json\/wp\/v2\/product"}],"about":[{"href":"https:\/\/www.inverseteams.com\/ca\/wp-json\/wp\/v2\/types\/product"}],"replies":[{"embeddable":true,"href":"https:\/\/www.inverseteams.com\/ca\/wp-json\/wp\/v2\/comments?post=17396"}],"wp:featuredmedia":[{"embeddable":true,"href":"https:\/\/www.inverseteams.com\/ca\/wp-json\/wp\/v2\/media\/223802"}],"wp:attachment":[{"href":"https:\/\/www.inverseteams.com\/ca\/wp-json\/wp\/v2\/media?parent=17396"}],"wp:term":[{"taxonomy":"product_brand","embeddable":true,"href":"https:\/\/www.inverseteams.com\/ca\/wp-json\/wp\/v2\/product_brand?post=17396"},{"taxonomy":"product_cat","embeddable":true,"href":"https:\/\/www.inverseteams.com\/ca\/wp-json\/wp\/v2\/product_cat?post=17396"},{"taxonomy":"product_tag","embeddable":true,"href":"https:\/\/www.inverseteams.com\/ca\/wp-json\/wp\/v2\/product_tag?post=17396"},{"taxonomy":"custom_category","embeddable":true,"href":"https:\/\/www.inverseteams.com\/ca\/wp-json\/wp\/v2\/custom_category?post=17396"},{"taxonomy":"range","embeddable":true,"href":"https:\/\/www.inverseteams.com\/ca\/wp-json\/wp\/v2\/range?post=17396"}],"curies":[{"name":"wp","href":"https:\/\/api.w.org\/{rel}","templated":true}]}}