{"id":17394,"date":"2021-05-10T08:30:31","date_gmt":"2021-05-10T09:05:10","guid":{"rendered":"https:\/\/inverseteams.com\/?post_type=product&#038;p=17394"},"modified":"2024-12-13T09:27:04","modified_gmt":"2024-12-13T09:27:04","slug":"armilla-ciclista-esquena-oberta-tempus","status":"publish","type":"product","link":"https:\/\/www.inverseteams.com\/ca\/producte\/armilla-ciclista-esquena-oberta-tempus\/","title":{"rendered":"Armilla ciclista esquena oberta TEMPUS"},"content":{"rendered":"<p>Aquest armilla ultra lleugera la podr\u00e0s guardar f\u00e0cilment a la butxaca del mallot quan no la necessitis. La part frontal est\u00e0 confeccionada amb un teixit impermeable de triple membrana. La capa exterior actua com a barrera per evitar que l&#8217;aigua penetri. La capa interna ajuda a evacuar la suor i a mantenir la pell seca. L&#8217;esquena \u00e9s de reixa per evitar un sobreescalfament. D&#8217;aquesta manera podr\u00e0s rendir al m\u00e0xim.<br \/>\nT\u00e9 2 obertures a la zona lumbar per accedir f\u00e0cilment a les butxaques del mallot. La cintura i les cises estan acabades amb un rivet el\u00e0stic que mantindran l&#8217;armilla ben arrapada al cos i eviten que entri l&#8217;aire. A la cintura t\u00e9 un altre rivet el\u00e0stic que s&#8217;ajustar\u00e0 el mallot al teu cos. Aquest incorpora unes l\u00ednies reflectants 360\u00ba que augmentaran la teva seguretat ja que reflectiran la llum dels vehicles.<\/p>\n","protected":false},"excerpt":{"rendered":"<p>Aquest armilla ultra lleugera la podr\u00e0s guardar f\u00e0cilment a la butxaca del mallot quan no la necessitis. La part frontal est\u00e0 confeccionada amb un teixit impermeable de triple membrana. La capa exterior actua com a barrera per evitar que l&#8217;aigua penetri. La capa interna ajuda a evacuar la suor i a mantenir la pell seca. L&#8217;esquena \u00e9s de reixa per evitar un sobreescalfament. D&#8217;aquesta manera podr\u00e0s rendir al m\u00e0xim.<br \/>\nT\u00e9 2 obertures a la zona lumbar per accedir f\u00e0cilment a les butxaques del mallot. La cintura i les cises estan acabades amb un rivet el\u00e0stic que mantindran l&#8217;armilla ben arrapada al cos i eviten que entri l&#8217;aire. A la cintura t\u00e9 un altre rivet el\u00e0stic que s&#8217;ajustar\u00e0 el mallot al teu cos. Aquest incorpora unes l\u00ednies reflectants 360\u00ba que augmentaran la teva seguretat ja que reflectiran la llum dels vehicles.<\/p>\n","protected":false},"featured_media":223792,"comment_status":"closed","ping_status":"closed","template":"","meta":{"_acf_changed":false},"product_brand":[],"product_cat":[8306],"product_tag":[],"custom_category":[3350,3347,3395],"range":[2515],"class_list":{"0":"post-17394","1":"product","2":"type-product","3":"status-publish","4":"has-post-thumbnail","6":"product_cat-uncategorized-ca","7":"pa_climatologia-temperatura-temperada","8":"pa_climatologia-vent","9":"pa_deporte-ciclisme","10":"pa_genero-home","11":"pa_genero-dona","12":"pa_genero-infantil-ca","13":"pa_patronaje-fit-ca","14":"pa_patronaje-regular-ca","15":"pa_tipo-de-prenda-armilla","16":"custom_category-roba-de-ciclisme-personalitzada","17":"custom_category-esport","18":"custom_category-armilla-ciclista-personalitzada","19":"range-tempus-ca","21":"first","22":"instock","23":"product-type-custom"},"acf":[],"yoast_head":"<!-- This site is optimized with the Yoast SEO plugin v27.5 - https:\/\/yoast.com\/product\/yoast-seo-wordpress\/ -->\n<title>Armilla ciclista esquena oberta TEMPUS<\/title>\n<meta name=\"description\" content=\"Aquest armilla ultra lleugera la podr\u00e0s guardar f\u00e0cilment a la butxaca del mallot quan no la necessitis. La part frontal est\u00e0 confeccionada amb un teixit impermeable de triple membrana. La capa exterior actua com a barrera per evitar que l&#039;aigua penetri. La capa interna ajuda a evacuar la suor i a mantenir la pell seca. L&#039;esquena \u00e9s de reixa per evitar un sobreescalfament. D&#039;aquesta manera podr\u00e0s rendir al m\u00e0xim. T\u00e9 2 obertures a la zona lumbar per accedir f\u00e0cilment a les butxaques del mallot. La cintura i les cises estan acabades amb un rivet el\u00e0stic que mantindran l&#039;armilla ben arrapada al cos i eviten que entri l&#039;aire. A la cintura t\u00e9 un altre rivet el\u00e0stic que s&#039;ajustar\u00e0 el mallot al teu cos. Aquest incorpora unes l\u00ednies reflectants 360\u00ba que augmentaran la teva seguretat ja que reflectiran la llum dels vehicles.\" \/>\n<meta name=\"robots\" content=\"index, follow, max-snippet:-1, max-image-preview:large, max-video-preview:-1\" \/>\n<link rel=\"canonical\" href=\"https:\/\/www.inverseteams.com\/ca\/producte\/armilla-ciclista-esquena-oberta-tempus\/\" \/>\n<meta property=\"og:locale\" content=\"ca_ES\" \/>\n<meta property=\"og:type\" content=\"article\" \/>\n<meta property=\"og:title\" content=\"Armilla ciclista esquena oberta TEMPUS\" \/>\n<meta property=\"og:description\" content=\"Aquest armilla ultra lleugera la podr\u00e0s guardar f\u00e0cilment a la butxaca del mallot quan no la necessitis. La part frontal est\u00e0 confeccionada amb un teixit impermeable de triple membrana. La capa exterior actua com a barrera per evitar que l&#039;aigua penetri. La capa interna ajuda a evacuar la suor i a mantenir la pell seca. L&#039;esquena \u00e9s de reixa per evitar un sobreescalfament. D&#039;aquesta manera podr\u00e0s rendir al m\u00e0xim. T\u00e9 2 obertures a la zona lumbar per accedir f\u00e0cilment a les butxaques del mallot. La cintura i les cises estan acabades amb un rivet el\u00e0stic que mantindran l&#039;armilla ben arrapada al cos i eviten que entri l&#039;aire. A la cintura t\u00e9 un altre rivet el\u00e0stic que s&#039;ajustar\u00e0 el mallot al teu cos. Aquest incorpora unes l\u00ednies reflectants 360\u00ba que augmentaran la teva seguretat ja que reflectiran la llum dels vehicles.\" \/>\n<meta property=\"og:url\" content=\"https:\/\/www.inverseteams.com\/ca\/producte\/armilla-ciclista-esquena-oberta-tempus\/\" \/>\n<meta property=\"og:site_name\" content=\"Inverseteams\" \/>\n<meta property=\"article:publisher\" content=\"https:\/\/www.facebook.com\/inverseteams\" \/>\n<meta property=\"article:modified_time\" content=\"2024-12-13T09:27:04+00:00\" \/>\n<meta property=\"og:image\" content=\"https:\/\/www.inverseteams.com\/wp-content\/uploads\/CHALECO-CICLISMO-IMPERMEABLE-PERSONALIZADO-TEMPUS-1.jpg\" \/>\n\t<meta property=\"og:image:width\" content=\"1500\" \/>\n\t<meta property=\"og:image:height\" content=\"1612\" \/>\n\t<meta property=\"og:image:type\" content=\"image\/jpeg\" \/>\n<meta name=\"twitter:card\" content=\"summary_large_image\" \/>\n<meta name=\"twitter:label1\" content=\"Temps estimat de lectura\" \/>\n\t<meta name=\"twitter:data1\" content=\"1 minut\" \/>\n<script type=\"application\/ld+json\" class=\"yoast-schema-graph\">{\"@context\":\"https:\\\/\\\/schema.org\",\"@graph\":[{\"@type\":\"WebPage\",\"@id\":\"https:\\\/\\\/www.inverseteams.com\\\/ca\\\/producte\\\/armilla-ciclista-esquena-oberta-tempus\\\/\",\"url\":\"https:\\\/\\\/www.inverseteams.com\\\/ca\\\/producte\\\/armilla-ciclista-esquena-oberta-tempus\\\/\",\"name\":\"Armilla ciclista esquena oberta TEMPUS\",\"isPartOf\":{\"@id\":\"https:\\\/\\\/www.inverseteams.com\\\/ca\\\/#website\"},\"primaryImageOfPage\":{\"@id\":\"https:\\\/\\\/www.inverseteams.com\\\/ca\\\/producte\\\/armilla-ciclista-esquena-oberta-tempus\\\/#primaryimage\"},\"image\":{\"@id\":\"https:\\\/\\\/www.inverseteams.com\\\/ca\\\/producte\\\/armilla-ciclista-esquena-oberta-tempus\\\/#primaryimage\"},\"thumbnailUrl\":\"https:\\\/\\\/www.inverseteams.com\\\/wp-content\\\/uploads\\\/CHALECO-CICLISMO-IMPERMEABLE-PERSONALIZADO-TEMPUS-1.jpg\",\"datePublished\":\"2021-05-10T09:05:10+00:00\",\"dateModified\":\"2024-12-13T09:27:04+00:00\",\"description\":\"Aquest armilla ultra lleugera la podr\u00e0s guardar f\u00e0cilment a la butxaca del mallot quan no la necessitis. La part frontal est\u00e0 confeccionada amb un teixit impermeable de triple membrana. La capa exterior actua com a barrera per evitar que l'aigua penetri. La capa interna ajuda a evacuar la suor i a mantenir la pell seca. L'esquena \u00e9s de reixa per evitar un sobreescalfament. D'aquesta manera podr\u00e0s rendir al m\u00e0xim. T\u00e9 2 obertures a la zona lumbar per accedir f\u00e0cilment a les butxaques del mallot. La cintura i les cises estan acabades amb un rivet el\u00e0stic que mantindran l'armilla ben arrapada al cos i eviten que entri l'aire. A la cintura t\u00e9 un altre rivet el\u00e0stic que s'ajustar\u00e0 el mallot al teu cos. Aquest incorpora unes l\u00ednies reflectants 360\u00ba que augmentaran la teva seguretat ja que reflectiran la llum dels vehicles.\",\"breadcrumb\":{\"@id\":\"https:\\\/\\\/www.inverseteams.com\\\/ca\\\/producte\\\/armilla-ciclista-esquena-oberta-tempus\\\/#breadcrumb\"},\"inLanguage\":\"ca\",\"potentialAction\":[{\"@type\":\"ReadAction\",\"target\":[\"https:\\\/\\\/www.inverseteams.com\\\/ca\\\/producte\\\/armilla-ciclista-esquena-oberta-tempus\\\/\"]}]},{\"@type\":\"ImageObject\",\"inLanguage\":\"ca\",\"@id\":\"https:\\\/\\\/www.inverseteams.com\\\/ca\\\/producte\\\/armilla-ciclista-esquena-oberta-tempus\\\/#primaryimage\",\"url\":\"https:\\\/\\\/www.inverseteams.com\\\/wp-content\\\/uploads\\\/CHALECO-CICLISMO-IMPERMEABLE-PERSONALIZADO-TEMPUS-1.jpg\",\"contentUrl\":\"https:\\\/\\\/www.inverseteams.com\\\/wp-content\\\/uploads\\\/CHALECO-CICLISMO-IMPERMEABLE-PERSONALIZADO-TEMPUS-1.jpg\",\"width\":1500,\"height\":1612,\"caption\":\"veste imperm\u00e9able v\u00e9lo personnalis\u00e9\"},{\"@type\":\"BreadcrumbList\",\"@id\":\"https:\\\/\\\/www.inverseteams.com\\\/ca\\\/producte\\\/armilla-ciclista-esquena-oberta-tempus\\\/#breadcrumb\",\"itemListElement\":[{\"@type\":\"ListItem\",\"position\":1,\"name\":\"Portada\",\"item\":\"https:\\\/\\\/www.inverseteams.com\\\/ca\\\/pagina-principal\\\/\"},{\"@type\":\"ListItem\",\"position\":2,\"name\":\"Botiga\",\"item\":\"https:\\\/\\\/www.inverseteams.com\\\/ca\\\/botiga\\\/\"},{\"@type\":\"ListItem\",\"position\":3,\"name\":\"Armilla ciclista esquena oberta TEMPUS\"}]},{\"@type\":\"WebSite\",\"@id\":\"https:\\\/\\\/www.inverseteams.com\\\/ca\\\/#website\",\"url\":\"https:\\\/\\\/www.inverseteams.com\\\/ca\\\/\",\"name\":\"Inverseteams\",\"description\":\"Tu marca de ropa deportiva personalizada\",\"publisher\":{\"@id\":\"https:\\\/\\\/www.inverseteams.com\\\/ca\\\/#organization\"},\"potentialAction\":[{\"@type\":\"SearchAction\",\"target\":{\"@type\":\"EntryPoint\",\"urlTemplate\":\"https:\\\/\\\/www.inverseteams.com\\\/ca\\\/?s={search_term_string}\"},\"query-input\":{\"@type\":\"PropertyValueSpecification\",\"valueRequired\":true,\"valueName\":\"search_term_string\"}}],\"inLanguage\":\"ca\"},{\"@type\":\"Organization\",\"@id\":\"https:\\\/\\\/www.inverseteams.com\\\/ca\\\/#organization\",\"name\":\"Inverse Teams\",\"url\":\"https:\\\/\\\/www.inverseteams.com\\\/ca\\\/\",\"logo\":{\"@type\":\"ImageObject\",\"inLanguage\":\"ca\",\"@id\":\"https:\\\/\\\/www.inverseteams.com\\\/ca\\\/#\\\/schema\\\/logo\\\/image\\\/\",\"url\":\"https:\\\/\\\/www.inverseteams.com\\\/wp-content\\\/uploads\\\/2021\\\/03\\\/logo-inverse-teams.png\",\"contentUrl\":\"https:\\\/\\\/www.inverseteams.com\\\/wp-content\\\/uploads\\\/2021\\\/03\\\/logo-inverse-teams.png\",\"width\":294,\"height\":99,\"caption\":\"Inverse Teams\"},\"image\":{\"@id\":\"https:\\\/\\\/www.inverseteams.com\\\/ca\\\/#\\\/schema\\\/logo\\\/image\\\/\"},\"sameAs\":[\"https:\\\/\\\/www.facebook.com\\\/inverseteams\",\"http:\\\/\\\/instagram.com\\\/inverseteams\",\"https:\\\/\\\/www.linkedin.com\\\/company\\\/inverse-cirosport-s-l-?trk=job_view_topcard_company_name\",\"http:\\\/\\\/www.pinterest.com\\\/inverseteams\\\/\",\"http:\\\/\\\/www.youtube.com\\\/user\\\/inverseteams?feature=watch\"]}]}<\/script>\n<!-- \/ Yoast SEO plugin. -->","yoast_head_json":{"title":"Armilla ciclista esquena oberta TEMPUS","description":"Aquest armilla ultra lleugera la podr\u00e0s guardar f\u00e0cilment a la butxaca del mallot quan no la necessitis. La part frontal est\u00e0 confeccionada amb un teixit impermeable de triple membrana. La capa exterior actua com a barrera per evitar que l'aigua penetri. La capa interna ajuda a evacuar la suor i a mantenir la pell seca. L'esquena \u00e9s de reixa per evitar un sobreescalfament. D'aquesta manera podr\u00e0s rendir al m\u00e0xim. T\u00e9 2 obertures a la zona lumbar per accedir f\u00e0cilment a les butxaques del mallot. La cintura i les cises estan acabades amb un rivet el\u00e0stic que mantindran l'armilla ben arrapada al cos i eviten que entri l'aire. A la cintura t\u00e9 un altre rivet el\u00e0stic que s'ajustar\u00e0 el mallot al teu cos. Aquest incorpora unes l\u00ednies reflectants 360\u00ba que augmentaran la teva seguretat ja que reflectiran la llum dels vehicles.","robots":{"index":"index","follow":"follow","max-snippet":"max-snippet:-1","max-image-preview":"max-image-preview:large","max-video-preview":"max-video-preview:-1"},"canonical":"https:\/\/www.inverseteams.com\/ca\/producte\/armilla-ciclista-esquena-oberta-tempus\/","og_locale":"ca_ES","og_type":"article","og_title":"Armilla ciclista esquena oberta TEMPUS","og_description":"Aquest armilla ultra lleugera la podr\u00e0s guardar f\u00e0cilment a la butxaca del mallot quan no la necessitis. La part frontal est\u00e0 confeccionada amb un teixit impermeable de triple membrana. La capa exterior actua com a barrera per evitar que l'aigua penetri. La capa interna ajuda a evacuar la suor i a mantenir la pell seca. L'esquena \u00e9s de reixa per evitar un sobreescalfament. D'aquesta manera podr\u00e0s rendir al m\u00e0xim. T\u00e9 2 obertures a la zona lumbar per accedir f\u00e0cilment a les butxaques del mallot. La cintura i les cises estan acabades amb un rivet el\u00e0stic que mantindran l'armilla ben arrapada al cos i eviten que entri l'aire. A la cintura t\u00e9 un altre rivet el\u00e0stic que s'ajustar\u00e0 el mallot al teu cos. Aquest incorpora unes l\u00ednies reflectants 360\u00ba que augmentaran la teva seguretat ja que reflectiran la llum dels vehicles.","og_url":"https:\/\/www.inverseteams.com\/ca\/producte\/armilla-ciclista-esquena-oberta-tempus\/","og_site_name":"Inverseteams","article_publisher":"https:\/\/www.facebook.com\/inverseteams","article_modified_time":"2024-12-13T09:27:04+00:00","og_image":[{"width":1500,"height":1612,"url":"https:\/\/www.inverseteams.com\/wp-content\/uploads\/CHALECO-CICLISMO-IMPERMEABLE-PERSONALIZADO-TEMPUS-1.jpg","type":"image\/jpeg"}],"twitter_card":"summary_large_image","twitter_misc":{"Temps estimat de lectura":"1 minut"},"schema":{"@context":"https:\/\/schema.org","@graph":[{"@type":"WebPage","@id":"https:\/\/www.inverseteams.com\/ca\/producte\/armilla-ciclista-esquena-oberta-tempus\/","url":"https:\/\/www.inverseteams.com\/ca\/producte\/armilla-ciclista-esquena-oberta-tempus\/","name":"Armilla ciclista esquena oberta TEMPUS","isPartOf":{"@id":"https:\/\/www.inverseteams.com\/ca\/#website"},"primaryImageOfPage":{"@id":"https:\/\/www.inverseteams.com\/ca\/producte\/armilla-ciclista-esquena-oberta-tempus\/#primaryimage"},"image":{"@id":"https:\/\/www.inverseteams.com\/ca\/producte\/armilla-ciclista-esquena-oberta-tempus\/#primaryimage"},"thumbnailUrl":"https:\/\/www.inverseteams.com\/wp-content\/uploads\/CHALECO-CICLISMO-IMPERMEABLE-PERSONALIZADO-TEMPUS-1.jpg","datePublished":"2021-05-10T09:05:10+00:00","dateModified":"2024-12-13T09:27:04+00:00","description":"Aquest armilla ultra lleugera la podr\u00e0s guardar f\u00e0cilment a la butxaca del mallot quan no la necessitis. La part frontal est\u00e0 confeccionada amb un teixit impermeable de triple membrana. La capa exterior actua com a barrera per evitar que l'aigua penetri. La capa interna ajuda a evacuar la suor i a mantenir la pell seca. L'esquena \u00e9s de reixa per evitar un sobreescalfament. D'aquesta manera podr\u00e0s rendir al m\u00e0xim. T\u00e9 2 obertures a la zona lumbar per accedir f\u00e0cilment a les butxaques del mallot. La cintura i les cises estan acabades amb un rivet el\u00e0stic que mantindran l'armilla ben arrapada al cos i eviten que entri l'aire. A la cintura t\u00e9 un altre rivet el\u00e0stic que s'ajustar\u00e0 el mallot al teu cos. Aquest incorpora unes l\u00ednies reflectants 360\u00ba que augmentaran la teva seguretat ja que reflectiran la llum dels vehicles.","breadcrumb":{"@id":"https:\/\/www.inverseteams.com\/ca\/producte\/armilla-ciclista-esquena-oberta-tempus\/#breadcrumb"},"inLanguage":"ca","potentialAction":[{"@type":"ReadAction","target":["https:\/\/www.inverseteams.com\/ca\/producte\/armilla-ciclista-esquena-oberta-tempus\/"]}]},{"@type":"ImageObject","inLanguage":"ca","@id":"https:\/\/www.inverseteams.com\/ca\/producte\/armilla-ciclista-esquena-oberta-tempus\/#primaryimage","url":"https:\/\/www.inverseteams.com\/wp-content\/uploads\/CHALECO-CICLISMO-IMPERMEABLE-PERSONALIZADO-TEMPUS-1.jpg","contentUrl":"https:\/\/www.inverseteams.com\/wp-content\/uploads\/CHALECO-CICLISMO-IMPERMEABLE-PERSONALIZADO-TEMPUS-1.jpg","width":1500,"height":1612,"caption":"veste imperm\u00e9able v\u00e9lo personnalis\u00e9"},{"@type":"BreadcrumbList","@id":"https:\/\/www.inverseteams.com\/ca\/producte\/armilla-ciclista-esquena-oberta-tempus\/#breadcrumb","itemListElement":[{"@type":"ListItem","position":1,"name":"Portada","item":"https:\/\/www.inverseteams.com\/ca\/pagina-principal\/"},{"@type":"ListItem","position":2,"name":"Botiga","item":"https:\/\/www.inverseteams.com\/ca\/botiga\/"},{"@type":"ListItem","position":3,"name":"Armilla ciclista esquena oberta TEMPUS"}]},{"@type":"WebSite","@id":"https:\/\/www.inverseteams.com\/ca\/#website","url":"https:\/\/www.inverseteams.com\/ca\/","name":"Inverseteams","description":"Tu marca de ropa deportiva personalizada","publisher":{"@id":"https:\/\/www.inverseteams.com\/ca\/#organization"},"potentialAction":[{"@type":"SearchAction","target":{"@type":"EntryPoint","urlTemplate":"https:\/\/www.inverseteams.com\/ca\/?s={search_term_string}"},"query-input":{"@type":"PropertyValueSpecification","valueRequired":true,"valueName":"search_term_string"}}],"inLanguage":"ca"},{"@type":"Organization","@id":"https:\/\/www.inverseteams.com\/ca\/#organization","name":"Inverse Teams","url":"https:\/\/www.inverseteams.com\/ca\/","logo":{"@type":"ImageObject","inLanguage":"ca","@id":"https:\/\/www.inverseteams.com\/ca\/#\/schema\/logo\/image\/","url":"https:\/\/www.inverseteams.com\/wp-content\/uploads\/2021\/03\/logo-inverse-teams.png","contentUrl":"https:\/\/www.inverseteams.com\/wp-content\/uploads\/2021\/03\/logo-inverse-teams.png","width":294,"height":99,"caption":"Inverse Teams"},"image":{"@id":"https:\/\/www.inverseteams.com\/ca\/#\/schema\/logo\/image\/"},"sameAs":["https:\/\/www.facebook.com\/inverseteams","http:\/\/instagram.com\/inverseteams","https:\/\/www.linkedin.com\/company\/inverse-cirosport-s-l-?trk=job_view_topcard_company_name","http:\/\/www.pinterest.com\/inverseteams\/","http:\/\/www.youtube.com\/user\/inverseteams?feature=watch"]}]}},"_links":{"self":[{"href":"https:\/\/www.inverseteams.com\/ca\/wp-json\/wp\/v2\/product\/17394","targetHints":{"allow":["GET"]}}],"collection":[{"href":"https:\/\/www.inverseteams.com\/ca\/wp-json\/wp\/v2\/product"}],"about":[{"href":"https:\/\/www.inverseteams.com\/ca\/wp-json\/wp\/v2\/types\/product"}],"replies":[{"embeddable":true,"href":"https:\/\/www.inverseteams.com\/ca\/wp-json\/wp\/v2\/comments?post=17394"}],"wp:featuredmedia":[{"embeddable":true,"href":"https:\/\/www.inverseteams.com\/ca\/wp-json\/wp\/v2\/media\/223792"}],"wp:attachment":[{"href":"https:\/\/www.inverseteams.com\/ca\/wp-json\/wp\/v2\/media?parent=17394"}],"wp:term":[{"taxonomy":"product_brand","embeddable":true,"href":"https:\/\/www.inverseteams.com\/ca\/wp-json\/wp\/v2\/product_brand?post=17394"},{"taxonomy":"product_cat","embeddable":true,"href":"https:\/\/www.inverseteams.com\/ca\/wp-json\/wp\/v2\/product_cat?post=17394"},{"taxonomy":"product_tag","embeddable":true,"href":"https:\/\/www.inverseteams.com\/ca\/wp-json\/wp\/v2\/product_tag?post=17394"},{"taxonomy":"custom_category","embeddable":true,"href":"https:\/\/www.inverseteams.com\/ca\/wp-json\/wp\/v2\/custom_category?post=17394"},{"taxonomy":"range","embeddable":true,"href":"https:\/\/www.inverseteams.com\/ca\/wp-json\/wp\/v2\/range?post=17394"}],"curies":[{"name":"wp","href":"https:\/\/api.w.org\/{rel}","templated":true}]}}