{"id":17391,"date":"2021-05-10T08:30:26","date_gmt":"2021-05-10T09:05:10","guid":{"rendered":"https:\/\/inverseteams.com\/?post_type=product&#038;p=17391"},"modified":"2024-12-12T13:11:17","modified_gmt":"2024-12-12T13:11:17","slug":"mallot-ciclista-maniga-curta-tempus","status":"publish","type":"product","link":"https:\/\/www.inverseteams.com\/ca\/producte\/mallot-ciclista-maniga-curta-tempus\/","title":{"rendered":"Mallot ciclista m\u00e0niga curta TEMPUS"},"content":{"rendered":"<p>Mallot t\u00e8cnic s\u00faper lleuger ideal per a la competici\u00f3 i els entrenaments. Destaca per la seva gran aerodin\u00e0mica. S&#8217;adapta perfectament a el cos i les franges del teixit del bra\u00e7 permeten un flux \u00f2ptim de l&#8217;aire. La forma anat\u00f2mica del coll permet que aquest s&#8217;adapti a la posici\u00f3 ciclista sense molestar i evitant que entri l&#8217;aire.<br \/>\nAquest mallot ciclista combina diferents tecnologies perqu\u00e8 sempre es mantingui en la posici\u00f3 ideal. A l&#8217;interior de les m\u00e0nigues t\u00e9 un grip de silicona hipoal\u00b7lerg\u00e8nica perqu\u00e8 sempre es mantinguin b\u00e9 arrapades al bra\u00e7. A la cintura t\u00e9 un rivet que ajustar\u00e0 el mallot al teu cos. Aquest incorpora unes l\u00ednies reflectants 360\u00ba que augmentaran la teva seguretat ja que reflectiran la llum dels vehicles.<br \/>\nA la zona lumbar incorpora 3 butxaques amb el nou sistema de Seguretat ISP &#8211; Inverse Safe Pocket &#8211; on podr\u00e0s guardar qualsevol objecte sense por de perdre-ho. Gaudeix del ciclisme sense preocupacions.<br \/>\nCombina 4 teixits dissenyats perqu\u00e8 el mallot s&#8217;ajusti perfectament al cos i puguis expulsar la humitat r\u00e0pidament, mantenint el cos sec i fresc. El tractament Dual Comfort System permet regular la temperatura corporal i evitar\u00e0 un sobreescalfament de la pell. El mallot est\u00e0 concebut perqu\u00e8 puguis rendir al m\u00e0xim.<\/p>\n","protected":false},"excerpt":{"rendered":"<p>Mallot t\u00e8cnic s\u00faper lleuger ideal per a la competici\u00f3 i els entrenaments. Destaca per la seva gran aerodin\u00e0mica. S&#8217;adapta perfectament a el cos i les franges del teixit del bra\u00e7 permeten un flux \u00f2ptim de l&#8217;aire. La forma anat\u00f2mica del coll permet que aquest s&#8217;adapti a la posici\u00f3 ciclista sense molestar i evitant que entri l&#8217;aire.<br \/>\nAquest mallot ciclista combina diferents tecnologies perqu\u00e8 sempre es mantingui en la posici\u00f3 ideal. A l&#8217;interior de les m\u00e0nigues t\u00e9 un grip de silicona hipoal\u00b7lerg\u00e8nica perqu\u00e8 sempre es mantinguin b\u00e9 arrapades al bra\u00e7. A la cintura t\u00e9 un rivet que ajustar\u00e0 el mallot al teu cos. Aquest incorpora unes l\u00ednies reflectants 360\u00ba que augmentaran la teva seguretat ja que reflectiran la llum dels vehicles.<br \/>\nA la zona lumbar incorpora 3 butxaques amb el nou sistema de Seguretat ISP &#8211; Inverse Safe Pocket &#8211; on podr\u00e0s guardar qualsevol objecte sense por de perdre-ho. Gaudeix del ciclisme sense preocupacions.<br \/>\nCombina 4 teixits dissenyats perqu\u00e8 el mallot s&#8217;ajusti perfectament al cos i puguis expulsar la humitat r\u00e0pidament, mantenint el cos sec i fresc. El tractament Dual Comfort System permet regular la temperatura corporal i evitar\u00e0 un sobreescalfament de la pell. El mallot est\u00e0 concebut perqu\u00e8 puguis rendir al m\u00e0xim.<\/p>\n","protected":false},"featured_media":223762,"comment_status":"closed","ping_status":"closed","template":"","meta":{"_acf_changed":false},"product_brand":[],"product_cat":[8306],"product_tag":[],"custom_category":[3347,3350,3413],"range":[2515],"class_list":{"0":"post-17391","1":"product","2":"type-product","3":"status-publish","4":"has-post-thumbnail","6":"product_cat-uncategorized-ca","7":"pa_climatologia-calor-ca","8":"pa_deporte-ciclisme","9":"pa_genero-home","10":"pa_genero-dona","11":"pa_genero-infantil-ca","12":"pa_patronaje-regular-ca","13":"pa_patronaje-fit-ca","14":"pa_tipo-de-prenda-mallot-maniga-curta","15":"custom_category-esport","16":"custom_category-roba-de-ciclisme-personalitzada","17":"custom_category-mallot-ciclista-personalitzat","18":"range-tempus-ca","20":"first","21":"instock","22":"product-type-custom"},"acf":[],"yoast_head":"<!-- This site is optimized with the Yoast SEO plugin v27.3 - https:\/\/yoast.com\/product\/yoast-seo-wordpress\/ -->\n<title>Mallot ciclista m\u00e0niga curta TEMPUS<\/title>\n<meta name=\"description\" content=\"Mallot t\u00e8cnic s\u00faper lleuger ideal per a la competici\u00f3 i els entrenaments. Destaca per la seva gran aerodin\u00e0mica. S&#039;adapta perfectament a el cos i les franges del teixit del bra\u00e7 permeten un flux \u00f2ptim de l&#039;aire. La forma anat\u00f2mica del coll permet que aquest s&#039;adapti a la posici\u00f3 ciclista sense molestar i evitant que entri l&#039;aire. Aquest mallot ciclista combina diferents tecnologies perqu\u00e8 sempre es mantingui en la posici\u00f3 ideal. A l&#039;interior de les m\u00e0nigues t\u00e9 un grip de silicona hipoal\u00b7lerg\u00e8nica perqu\u00e8 sempre es mantinguin b\u00e9 arrapades al bra\u00e7. A la cintura t\u00e9 un rivet que ajustar\u00e0 el mallot al teu cos. Aquest incorpora unes l\u00ednies reflectants 360\u00ba que augmentaran la teva seguretat ja que reflectiran la llum dels vehicles. A la zona lumbar incorpora 3 butxaques amb el nou sistema de Seguretat ISP - Inverse Safe Pocket - on podr\u00e0s guardar qualsevol objecte sense por de perdre-ho. Gaudeix del ciclisme sense preocupacions. Combina 4 teixits dissenyats perqu\u00e8 el mallot s&#039;ajusti perfectament al cos i puguis expulsar la humitat r\u00e0pidament, mantenint el cos sec i fresc. El tractament Dual Comfort System permet regular la temperatura corporal i evitar\u00e0 un sobreescalfament de la pell. El mallot est\u00e0 concebut perqu\u00e8 puguis rendir al m\u00e0xim.\" \/>\n<meta name=\"robots\" content=\"index, follow, max-snippet:-1, max-image-preview:large, max-video-preview:-1\" \/>\n<link rel=\"canonical\" href=\"https:\/\/www.inverseteams.com\/ca\/producte\/mallot-ciclista-maniga-curta-tempus\/\" \/>\n<meta property=\"og:locale\" content=\"ca_ES\" \/>\n<meta property=\"og:type\" content=\"article\" \/>\n<meta property=\"og:title\" content=\"Mallot ciclista m\u00e0niga curta TEMPUS\" \/>\n<meta property=\"og:description\" content=\"Mallot t\u00e8cnic s\u00faper lleuger ideal per a la competici\u00f3 i els entrenaments. Destaca per la seva gran aerodin\u00e0mica. S&#039;adapta perfectament a el cos i les franges del teixit del bra\u00e7 permeten un flux \u00f2ptim de l&#039;aire. La forma anat\u00f2mica del coll permet que aquest s&#039;adapti a la posici\u00f3 ciclista sense molestar i evitant que entri l&#039;aire. Aquest mallot ciclista combina diferents tecnologies perqu\u00e8 sempre es mantingui en la posici\u00f3 ideal. A l&#039;interior de les m\u00e0nigues t\u00e9 un grip de silicona hipoal\u00b7lerg\u00e8nica perqu\u00e8 sempre es mantinguin b\u00e9 arrapades al bra\u00e7. A la cintura t\u00e9 un rivet que ajustar\u00e0 el mallot al teu cos. Aquest incorpora unes l\u00ednies reflectants 360\u00ba que augmentaran la teva seguretat ja que reflectiran la llum dels vehicles. A la zona lumbar incorpora 3 butxaques amb el nou sistema de Seguretat ISP - Inverse Safe Pocket - on podr\u00e0s guardar qualsevol objecte sense por de perdre-ho. Gaudeix del ciclisme sense preocupacions. Combina 4 teixits dissenyats perqu\u00e8 el mallot s&#039;ajusti perfectament al cos i puguis expulsar la humitat r\u00e0pidament, mantenint el cos sec i fresc. El tractament Dual Comfort System permet regular la temperatura corporal i evitar\u00e0 un sobreescalfament de la pell. El mallot est\u00e0 concebut perqu\u00e8 puguis rendir al m\u00e0xim.\" \/>\n<meta property=\"og:url\" content=\"https:\/\/www.inverseteams.com\/ca\/producte\/mallot-ciclista-maniga-curta-tempus\/\" \/>\n<meta property=\"og:site_name\" content=\"Inverseteams\" \/>\n<meta property=\"article:publisher\" content=\"https:\/\/www.facebook.com\/inverseteams\" \/>\n<meta property=\"article:modified_time\" content=\"2024-12-12T13:11:17+00:00\" \/>\n<meta property=\"og:image\" content=\"https:\/\/www.inverseteams.com\/wp-content\/uploads\/MAILLOT-CICLISMO-MC-PERSONALIZADO-TEMPUS-1.jpg\" \/>\n\t<meta property=\"og:image:width\" content=\"1500\" \/>\n\t<meta property=\"og:image:height\" content=\"1612\" \/>\n\t<meta property=\"og:image:type\" content=\"image\/jpeg\" \/>\n<meta name=\"twitter:card\" content=\"summary_large_image\" \/>\n<meta name=\"twitter:label1\" content=\"Temps estimat de lectura\" \/>\n\t<meta name=\"twitter:data1\" content=\"2 minut\" \/>\n<script type=\"application\/ld+json\" class=\"yoast-schema-graph\">{\"@context\":\"https:\\\/\\\/schema.org\",\"@graph\":[{\"@type\":\"WebPage\",\"@id\":\"https:\\\/\\\/www.inverseteams.com\\\/ca\\\/producte\\\/mallot-ciclista-maniga-curta-tempus\\\/\",\"url\":\"https:\\\/\\\/www.inverseteams.com\\\/ca\\\/producte\\\/mallot-ciclista-maniga-curta-tempus\\\/\",\"name\":\"Mallot ciclista m\u00e0niga curta TEMPUS\",\"isPartOf\":{\"@id\":\"https:\\\/\\\/www.inverseteams.com\\\/ca\\\/#website\"},\"primaryImageOfPage\":{\"@id\":\"https:\\\/\\\/www.inverseteams.com\\\/ca\\\/producte\\\/mallot-ciclista-maniga-curta-tempus\\\/#primaryimage\"},\"image\":{\"@id\":\"https:\\\/\\\/www.inverseteams.com\\\/ca\\\/producte\\\/mallot-ciclista-maniga-curta-tempus\\\/#primaryimage\"},\"thumbnailUrl\":\"https:\\\/\\\/www.inverseteams.com\\\/wp-content\\\/uploads\\\/MAILLOT-CICLISMO-MC-PERSONALIZADO-TEMPUS-1.jpg\",\"datePublished\":\"2021-05-10T09:05:10+00:00\",\"dateModified\":\"2024-12-12T13:11:17+00:00\",\"description\":\"Mallot t\u00e8cnic s\u00faper lleuger ideal per a la competici\u00f3 i els entrenaments. Destaca per la seva gran aerodin\u00e0mica. S'adapta perfectament a el cos i les franges del teixit del bra\u00e7 permeten un flux \u00f2ptim de l'aire. La forma anat\u00f2mica del coll permet que aquest s'adapti a la posici\u00f3 ciclista sense molestar i evitant que entri l'aire. Aquest mallot ciclista combina diferents tecnologies perqu\u00e8 sempre es mantingui en la posici\u00f3 ideal. A l'interior de les m\u00e0nigues t\u00e9 un grip de silicona hipoal\u00b7lerg\u00e8nica perqu\u00e8 sempre es mantinguin b\u00e9 arrapades al bra\u00e7. A la cintura t\u00e9 un rivet que ajustar\u00e0 el mallot al teu cos. Aquest incorpora unes l\u00ednies reflectants 360\u00ba que augmentaran la teva seguretat ja que reflectiran la llum dels vehicles. A la zona lumbar incorpora 3 butxaques amb el nou sistema de Seguretat ISP - Inverse Safe Pocket - on podr\u00e0s guardar qualsevol objecte sense por de perdre-ho. Gaudeix del ciclisme sense preocupacions. Combina 4 teixits dissenyats perqu\u00e8 el mallot s'ajusti perfectament al cos i puguis expulsar la humitat r\u00e0pidament, mantenint el cos sec i fresc. El tractament Dual Comfort System permet regular la temperatura corporal i evitar\u00e0 un sobreescalfament de la pell. El mallot est\u00e0 concebut perqu\u00e8 puguis rendir al m\u00e0xim.\",\"breadcrumb\":{\"@id\":\"https:\\\/\\\/www.inverseteams.com\\\/ca\\\/producte\\\/mallot-ciclista-maniga-curta-tempus\\\/#breadcrumb\"},\"inLanguage\":\"ca\",\"potentialAction\":[{\"@type\":\"ReadAction\",\"target\":[\"https:\\\/\\\/www.inverseteams.com\\\/ca\\\/producte\\\/mallot-ciclista-maniga-curta-tempus\\\/\"]}]},{\"@type\":\"ImageObject\",\"inLanguage\":\"ca\",\"@id\":\"https:\\\/\\\/www.inverseteams.com\\\/ca\\\/producte\\\/mallot-ciclista-maniga-curta-tempus\\\/#primaryimage\",\"url\":\"https:\\\/\\\/www.inverseteams.com\\\/wp-content\\\/uploads\\\/MAILLOT-CICLISMO-MC-PERSONALIZADO-TEMPUS-1.jpg\",\"contentUrl\":\"https:\\\/\\\/www.inverseteams.com\\\/wp-content\\\/uploads\\\/MAILLOT-CICLISMO-MC-PERSONALIZADO-TEMPUS-1.jpg\",\"width\":1500,\"height\":1612,\"caption\":\"maillot btt personalizado\"},{\"@type\":\"BreadcrumbList\",\"@id\":\"https:\\\/\\\/www.inverseteams.com\\\/ca\\\/producte\\\/mallot-ciclista-maniga-curta-tempus\\\/#breadcrumb\",\"itemListElement\":[{\"@type\":\"ListItem\",\"position\":1,\"name\":\"Portada\",\"item\":\"https:\\\/\\\/www.inverseteams.com\\\/ca\\\/pagina-principal\\\/\"},{\"@type\":\"ListItem\",\"position\":2,\"name\":\"Botiga\",\"item\":\"https:\\\/\\\/www.inverseteams.com\\\/ca\\\/botiga\\\/\"},{\"@type\":\"ListItem\",\"position\":3,\"name\":\"Mallot ciclista m\u00e0niga curta TEMPUS\"}]},{\"@type\":\"WebSite\",\"@id\":\"https:\\\/\\\/www.inverseteams.com\\\/ca\\\/#website\",\"url\":\"https:\\\/\\\/www.inverseteams.com\\\/ca\\\/\",\"name\":\"Inverseteams\",\"description\":\"Tu marca de ropa deportiva personalizada\",\"publisher\":{\"@id\":\"https:\\\/\\\/www.inverseteams.com\\\/ca\\\/#organization\"},\"potentialAction\":[{\"@type\":\"SearchAction\",\"target\":{\"@type\":\"EntryPoint\",\"urlTemplate\":\"https:\\\/\\\/www.inverseteams.com\\\/ca\\\/?s={search_term_string}\"},\"query-input\":{\"@type\":\"PropertyValueSpecification\",\"valueRequired\":true,\"valueName\":\"search_term_string\"}}],\"inLanguage\":\"ca\"},{\"@type\":\"Organization\",\"@id\":\"https:\\\/\\\/www.inverseteams.com\\\/ca\\\/#organization\",\"name\":\"Inverse Teams\",\"url\":\"https:\\\/\\\/www.inverseteams.com\\\/ca\\\/\",\"logo\":{\"@type\":\"ImageObject\",\"inLanguage\":\"ca\",\"@id\":\"https:\\\/\\\/www.inverseteams.com\\\/ca\\\/#\\\/schema\\\/logo\\\/image\\\/\",\"url\":\"http:\\\/\\\/www.inverseteams.com\\\/wp-content\\\/uploads\\\/2021\\\/03\\\/logo-inverse-teams.png\",\"contentUrl\":\"http:\\\/\\\/www.inverseteams.com\\\/wp-content\\\/uploads\\\/2021\\\/03\\\/logo-inverse-teams.png\",\"width\":294,\"height\":99,\"caption\":\"Inverse Teams\"},\"image\":{\"@id\":\"https:\\\/\\\/www.inverseteams.com\\\/ca\\\/#\\\/schema\\\/logo\\\/image\\\/\"},\"sameAs\":[\"https:\\\/\\\/www.facebook.com\\\/inverseteams\",\"http:\\\/\\\/instagram.com\\\/inverseteams\",\"https:\\\/\\\/www.linkedin.com\\\/company\\\/inverse-cirosport-s-l-?trk=job_view_topcard_company_name\",\"http:\\\/\\\/www.pinterest.com\\\/inverseteams\\\/\",\"http:\\\/\\\/www.youtube.com\\\/user\\\/inverseteams?feature=watch\"]}]}<\/script>\n<!-- \/ Yoast SEO plugin. -->","yoast_head_json":{"title":"Mallot ciclista m\u00e0niga curta TEMPUS","description":"Mallot t\u00e8cnic s\u00faper lleuger ideal per a la competici\u00f3 i els entrenaments. Destaca per la seva gran aerodin\u00e0mica. S'adapta perfectament a el cos i les franges del teixit del bra\u00e7 permeten un flux \u00f2ptim de l'aire. La forma anat\u00f2mica del coll permet que aquest s'adapti a la posici\u00f3 ciclista sense molestar i evitant que entri l'aire. Aquest mallot ciclista combina diferents tecnologies perqu\u00e8 sempre es mantingui en la posici\u00f3 ideal. A l'interior de les m\u00e0nigues t\u00e9 un grip de silicona hipoal\u00b7lerg\u00e8nica perqu\u00e8 sempre es mantinguin b\u00e9 arrapades al bra\u00e7. A la cintura t\u00e9 un rivet que ajustar\u00e0 el mallot al teu cos. Aquest incorpora unes l\u00ednies reflectants 360\u00ba que augmentaran la teva seguretat ja que reflectiran la llum dels vehicles. A la zona lumbar incorpora 3 butxaques amb el nou sistema de Seguretat ISP - Inverse Safe Pocket - on podr\u00e0s guardar qualsevol objecte sense por de perdre-ho. Gaudeix del ciclisme sense preocupacions. Combina 4 teixits dissenyats perqu\u00e8 el mallot s'ajusti perfectament al cos i puguis expulsar la humitat r\u00e0pidament, mantenint el cos sec i fresc. El tractament Dual Comfort System permet regular la temperatura corporal i evitar\u00e0 un sobreescalfament de la pell. El mallot est\u00e0 concebut perqu\u00e8 puguis rendir al m\u00e0xim.","robots":{"index":"index","follow":"follow","max-snippet":"max-snippet:-1","max-image-preview":"max-image-preview:large","max-video-preview":"max-video-preview:-1"},"canonical":"https:\/\/www.inverseteams.com\/ca\/producte\/mallot-ciclista-maniga-curta-tempus\/","og_locale":"ca_ES","og_type":"article","og_title":"Mallot ciclista m\u00e0niga curta TEMPUS","og_description":"Mallot t\u00e8cnic s\u00faper lleuger ideal per a la competici\u00f3 i els entrenaments. Destaca per la seva gran aerodin\u00e0mica. S'adapta perfectament a el cos i les franges del teixit del bra\u00e7 permeten un flux \u00f2ptim de l'aire. La forma anat\u00f2mica del coll permet que aquest s'adapti a la posici\u00f3 ciclista sense molestar i evitant que entri l'aire. Aquest mallot ciclista combina diferents tecnologies perqu\u00e8 sempre es mantingui en la posici\u00f3 ideal. A l'interior de les m\u00e0nigues t\u00e9 un grip de silicona hipoal\u00b7lerg\u00e8nica perqu\u00e8 sempre es mantinguin b\u00e9 arrapades al bra\u00e7. A la cintura t\u00e9 un rivet que ajustar\u00e0 el mallot al teu cos. Aquest incorpora unes l\u00ednies reflectants 360\u00ba que augmentaran la teva seguretat ja que reflectiran la llum dels vehicles. A la zona lumbar incorpora 3 butxaques amb el nou sistema de Seguretat ISP - Inverse Safe Pocket - on podr\u00e0s guardar qualsevol objecte sense por de perdre-ho. Gaudeix del ciclisme sense preocupacions. Combina 4 teixits dissenyats perqu\u00e8 el mallot s'ajusti perfectament al cos i puguis expulsar la humitat r\u00e0pidament, mantenint el cos sec i fresc. El tractament Dual Comfort System permet regular la temperatura corporal i evitar\u00e0 un sobreescalfament de la pell. El mallot est\u00e0 concebut perqu\u00e8 puguis rendir al m\u00e0xim.","og_url":"https:\/\/www.inverseteams.com\/ca\/producte\/mallot-ciclista-maniga-curta-tempus\/","og_site_name":"Inverseteams","article_publisher":"https:\/\/www.facebook.com\/inverseteams","article_modified_time":"2024-12-12T13:11:17+00:00","og_image":[{"width":1500,"height":1612,"url":"https:\/\/www.inverseteams.com\/wp-content\/uploads\/MAILLOT-CICLISMO-MC-PERSONALIZADO-TEMPUS-1.jpg","type":"image\/jpeg"}],"twitter_card":"summary_large_image","twitter_misc":{"Temps estimat de lectura":"2 minut"},"schema":{"@context":"https:\/\/schema.org","@graph":[{"@type":"WebPage","@id":"https:\/\/www.inverseteams.com\/ca\/producte\/mallot-ciclista-maniga-curta-tempus\/","url":"https:\/\/www.inverseteams.com\/ca\/producte\/mallot-ciclista-maniga-curta-tempus\/","name":"Mallot ciclista m\u00e0niga curta TEMPUS","isPartOf":{"@id":"https:\/\/www.inverseteams.com\/ca\/#website"},"primaryImageOfPage":{"@id":"https:\/\/www.inverseteams.com\/ca\/producte\/mallot-ciclista-maniga-curta-tempus\/#primaryimage"},"image":{"@id":"https:\/\/www.inverseteams.com\/ca\/producte\/mallot-ciclista-maniga-curta-tempus\/#primaryimage"},"thumbnailUrl":"https:\/\/www.inverseteams.com\/wp-content\/uploads\/MAILLOT-CICLISMO-MC-PERSONALIZADO-TEMPUS-1.jpg","datePublished":"2021-05-10T09:05:10+00:00","dateModified":"2024-12-12T13:11:17+00:00","description":"Mallot t\u00e8cnic s\u00faper lleuger ideal per a la competici\u00f3 i els entrenaments. Destaca per la seva gran aerodin\u00e0mica. S'adapta perfectament a el cos i les franges del teixit del bra\u00e7 permeten un flux \u00f2ptim de l'aire. La forma anat\u00f2mica del coll permet que aquest s'adapti a la posici\u00f3 ciclista sense molestar i evitant que entri l'aire. Aquest mallot ciclista combina diferents tecnologies perqu\u00e8 sempre es mantingui en la posici\u00f3 ideal. A l'interior de les m\u00e0nigues t\u00e9 un grip de silicona hipoal\u00b7lerg\u00e8nica perqu\u00e8 sempre es mantinguin b\u00e9 arrapades al bra\u00e7. A la cintura t\u00e9 un rivet que ajustar\u00e0 el mallot al teu cos. Aquest incorpora unes l\u00ednies reflectants 360\u00ba que augmentaran la teva seguretat ja que reflectiran la llum dels vehicles. A la zona lumbar incorpora 3 butxaques amb el nou sistema de Seguretat ISP - Inverse Safe Pocket - on podr\u00e0s guardar qualsevol objecte sense por de perdre-ho. Gaudeix del ciclisme sense preocupacions. Combina 4 teixits dissenyats perqu\u00e8 el mallot s'ajusti perfectament al cos i puguis expulsar la humitat r\u00e0pidament, mantenint el cos sec i fresc. El tractament Dual Comfort System permet regular la temperatura corporal i evitar\u00e0 un sobreescalfament de la pell. El mallot est\u00e0 concebut perqu\u00e8 puguis rendir al m\u00e0xim.","breadcrumb":{"@id":"https:\/\/www.inverseteams.com\/ca\/producte\/mallot-ciclista-maniga-curta-tempus\/#breadcrumb"},"inLanguage":"ca","potentialAction":[{"@type":"ReadAction","target":["https:\/\/www.inverseteams.com\/ca\/producte\/mallot-ciclista-maniga-curta-tempus\/"]}]},{"@type":"ImageObject","inLanguage":"ca","@id":"https:\/\/www.inverseteams.com\/ca\/producte\/mallot-ciclista-maniga-curta-tempus\/#primaryimage","url":"https:\/\/www.inverseteams.com\/wp-content\/uploads\/MAILLOT-CICLISMO-MC-PERSONALIZADO-TEMPUS-1.jpg","contentUrl":"https:\/\/www.inverseteams.com\/wp-content\/uploads\/MAILLOT-CICLISMO-MC-PERSONALIZADO-TEMPUS-1.jpg","width":1500,"height":1612,"caption":"maillot btt personalizado"},{"@type":"BreadcrumbList","@id":"https:\/\/www.inverseteams.com\/ca\/producte\/mallot-ciclista-maniga-curta-tempus\/#breadcrumb","itemListElement":[{"@type":"ListItem","position":1,"name":"Portada","item":"https:\/\/www.inverseteams.com\/ca\/pagina-principal\/"},{"@type":"ListItem","position":2,"name":"Botiga","item":"https:\/\/www.inverseteams.com\/ca\/botiga\/"},{"@type":"ListItem","position":3,"name":"Mallot ciclista m\u00e0niga curta TEMPUS"}]},{"@type":"WebSite","@id":"https:\/\/www.inverseteams.com\/ca\/#website","url":"https:\/\/www.inverseteams.com\/ca\/","name":"Inverseteams","description":"Tu marca de ropa deportiva personalizada","publisher":{"@id":"https:\/\/www.inverseteams.com\/ca\/#organization"},"potentialAction":[{"@type":"SearchAction","target":{"@type":"EntryPoint","urlTemplate":"https:\/\/www.inverseteams.com\/ca\/?s={search_term_string}"},"query-input":{"@type":"PropertyValueSpecification","valueRequired":true,"valueName":"search_term_string"}}],"inLanguage":"ca"},{"@type":"Organization","@id":"https:\/\/www.inverseteams.com\/ca\/#organization","name":"Inverse Teams","url":"https:\/\/www.inverseteams.com\/ca\/","logo":{"@type":"ImageObject","inLanguage":"ca","@id":"https:\/\/www.inverseteams.com\/ca\/#\/schema\/logo\/image\/","url":"https:\/\/www.inverseteams.com\/wp-content\/uploads\/2021\/03\/logo-inverse-teams.png","contentUrl":"https:\/\/www.inverseteams.com\/wp-content\/uploads\/2021\/03\/logo-inverse-teams.png","width":294,"height":99,"caption":"Inverse Teams"},"image":{"@id":"https:\/\/www.inverseteams.com\/ca\/#\/schema\/logo\/image\/"},"sameAs":["https:\/\/www.facebook.com\/inverseteams","http:\/\/instagram.com\/inverseteams","https:\/\/www.linkedin.com\/company\/inverse-cirosport-s-l-?trk=job_view_topcard_company_name","http:\/\/www.pinterest.com\/inverseteams\/","http:\/\/www.youtube.com\/user\/inverseteams?feature=watch"]}]}},"_links":{"self":[{"href":"https:\/\/www.inverseteams.com\/ca\/wp-json\/wp\/v2\/product\/17391","targetHints":{"allow":["GET"]}}],"collection":[{"href":"https:\/\/www.inverseteams.com\/ca\/wp-json\/wp\/v2\/product"}],"about":[{"href":"https:\/\/www.inverseteams.com\/ca\/wp-json\/wp\/v2\/types\/product"}],"replies":[{"embeddable":true,"href":"https:\/\/www.inverseteams.com\/ca\/wp-json\/wp\/v2\/comments?post=17391"}],"wp:featuredmedia":[{"embeddable":true,"href":"https:\/\/www.inverseteams.com\/ca\/wp-json\/wp\/v2\/media\/223762"}],"wp:attachment":[{"href":"https:\/\/www.inverseteams.com\/ca\/wp-json\/wp\/v2\/media?parent=17391"}],"wp:term":[{"taxonomy":"product_brand","embeddable":true,"href":"https:\/\/www.inverseteams.com\/ca\/wp-json\/wp\/v2\/product_brand?post=17391"},{"taxonomy":"product_cat","embeddable":true,"href":"https:\/\/www.inverseteams.com\/ca\/wp-json\/wp\/v2\/product_cat?post=17391"},{"taxonomy":"product_tag","embeddable":true,"href":"https:\/\/www.inverseteams.com\/ca\/wp-json\/wp\/v2\/product_tag?post=17391"},{"taxonomy":"custom_category","embeddable":true,"href":"https:\/\/www.inverseteams.com\/ca\/wp-json\/wp\/v2\/custom_category?post=17391"},{"taxonomy":"range","embeddable":true,"href":"https:\/\/www.inverseteams.com\/ca\/wp-json\/wp\/v2\/range?post=17391"}],"curies":[{"name":"wp","href":"https:\/\/api.w.org\/{rel}","templated":true}]}}