{"id":172278,"date":"2023-12-06T10:37:28","date_gmt":"2023-12-06T10:37:28","guid":{"rendered":"https:\/\/www.inverseteams.com\/?post_type=product&#038;p=172278"},"modified":"2025-09-03T09:10:52","modified_gmt":"2025-09-03T09:10:52","slug":"culot-ciclista-massi-uci-team-dona","status":"publish","type":"product","link":"https:\/\/www.inverseteams.com\/ca\/producte\/culot-ciclista-massi-uci-team-dona\/","title":{"rendered":"Culot ciclista MASSI UCI TEAM (DONA)"},"content":{"rendered":"<p>Culot ideal pels entrenaments i la competici\u00f3. La seva elasticitat i lleugeresa et permetran una gran llibertat de moviments. Els panells del culot ciclista estan dissenyats perqu\u00e8 s&#8217;adaptin perfectament a les diferents posicions de la pedalada. No notar\u00e0s cap resist\u00e8ncia. Els tirants de reixeta t&#8217;ajudaran a evacuar r\u00e0pidament la suor i a sentir-te fresc i sec en tot moment.<br \/>\nAl final de les cames t\u00e9 una banda el\u00e0stica microperforada amb un grip de silicona hipoal\u00b7lerg\u00e8nica al seu interior. Aquesta evita que augmenti la sudoraci\u00f3 i mant\u00e9 la pe\u00e7a ben subjecta a la cama. A l&#8217;exterior t\u00e9 unes l\u00ednies reflectants 360\u00ba que augmentaran la teva seguretat ja que reflectiran la llum dels vehicles.<br \/>\nIncorpora la badana IN19 confeccionada amb el teixit antibacteri\u00e0 COOLMAX que expulsa la humitat i minimitza el risc d\u2019irritaci\u00f3 de la pell. Est\u00e0 composta per 3 densitats i s\u2019adaptar\u00e0 a la teva anatomia i estil de pedaleig.<\/p>\n","protected":false},"excerpt":{"rendered":"<p>Culot ideal pels entrenaments i la competici\u00f3. La seva elasticitat i lleugeresa et permetran una gran llibertat de moviments. Els panells del culot ciclista estan dissenyats perqu\u00e8 s&#8217;adaptin perfectament a les diferents posicions de la pedalada. No notar\u00e0s cap resist\u00e8ncia. Els tirants de reixeta t&#8217;ajudaran a evacuar r\u00e0pidament la suor i a sentir-te fresc i sec en tot moment.<br \/>\nAl final de les cames t\u00e9 una banda el\u00e0stica microperforada amb un grip de silicona hipoal\u00b7lerg\u00e8nica al seu interior. Aquesta evita que augmenti la sudoraci\u00f3 i mant\u00e9 la pe\u00e7a ben subjecta a la cama. A l&#8217;exterior t\u00e9 unes l\u00ednies reflectants 360\u00ba que augmentaran la teva seguretat ja que reflectiran la llum dels vehicles.<br \/>\nIncorpora la badana IN19 confeccionada amb el teixit antibacteri\u00e0 COOLMAX que expulsa la humitat i minimitza el risc d\u2019irritaci\u00f3 de la pell. Est\u00e0 composta per 3 densitats i s\u2019adaptar\u00e0 a la teva anatomia i estil de pedaleig.<\/p>\n","protected":false},"featured_media":18126,"comment_status":"closed","ping_status":"closed","template":"","meta":{"_acf_changed":false},"product_brand":[],"product_cat":[4195,4196,4186],"product_tag":[],"custom_category":[],"range":[],"class_list":{"0":"post-172278","1":"product","2":"type-product","3":"status-publish","4":"has-post-thumbnail","6":"product_cat-ciclisme-outlet","7":"product_cat-culot-ciclista-ciclisme-outlet","8":"product_cat-outet-ca","9":"pa_climatologia-calor-ca","10":"pa_climatologia-temperatura-temperada","11":"pa_deporte-ciclisme","12":"pa_genero-dona","13":"pa_patronaje-fit-ca","14":"pa_talla-l-ca","15":"pa_talla-m-ca","16":"pa_talla-s-ca","17":"pa_talla-xs-ca","18":"pa_tipo-de-prenda-culot-curt","20":"first","21":"instock","22":"sale","23":"taxable","24":"shipping-taxable","25":"purchasable","26":"product-type-variable","27":"has-default-attributes"},"acf":[],"yoast_head":"<!-- This site is optimized with the Yoast SEO plugin v27.2 - https:\/\/yoast.com\/product\/yoast-seo-wordpress\/ -->\n<title>Culotte ciclista MASSI UCI TEAM (MUJER)<\/title>\n<meta name=\"description\" content=\"Culot ideal pels entrenaments i la competici\u00f3. La seva elasticitat i lleugeresa et permetran una gran llibertat de moviments. Els panells del culot ciclista estan dissenyats perqu\u00e8 s&#039;adaptin perfectament a les diferents posicions de la pedalada. No notar\u00e0s cap resist\u00e8ncia. Els tirants de reixeta t&#039;ajudaran a evacuar r\u00e0pidament la suor i a sentir-te fresc i sec en tot moment. Al final de les cames t\u00e9 una banda el\u00e0stica microperforada amb un grip de silicona hipoal\u00b7lerg\u00e8nica al seu interior. Aquesta evita que augmenti la sudoraci\u00f3 i mant\u00e9 la pe\u00e7a ben subjecta a la cama. A l&#039;exterior t\u00e9 unes l\u00ednies reflectants 360\u00ba que augmentaran la teva seguretat ja que reflectiran la llum dels vehicles. Incorpora la badana IN19 confeccionada amb el teixit antibacteri\u00e0 COOLMAX que expulsa la humitat i minimitza el risc d\u2019irritaci\u00f3 de la pell. Est\u00e0 composta per 3 densitats i s\u2019adaptar\u00e0 a la teva anatomia i estil de pedaleig.\" \/>\n<meta name=\"robots\" content=\"index, follow, max-snippet:-1, max-image-preview:large, max-video-preview:-1\" \/>\n<link rel=\"canonical\" href=\"https:\/\/www.inverseteams.com\/ca\/producte\/culot-ciclista-massi-uci-team-dona\/\" \/>\n<meta property=\"og:locale\" content=\"ca_ES\" \/>\n<meta property=\"og:type\" content=\"article\" \/>\n<meta property=\"og:title\" content=\"Culotte ciclista MASSI UCI TEAM (MUJER)\" \/>\n<meta property=\"og:description\" content=\"Culot ideal pels entrenaments i la competici\u00f3. La seva elasticitat i lleugeresa et permetran una gran llibertat de moviments. Els panells del culot ciclista estan dissenyats perqu\u00e8 s&#039;adaptin perfectament a les diferents posicions de la pedalada. No notar\u00e0s cap resist\u00e8ncia. Els tirants de reixeta t&#039;ajudaran a evacuar r\u00e0pidament la suor i a sentir-te fresc i sec en tot moment. Al final de les cames t\u00e9 una banda el\u00e0stica microperforada amb un grip de silicona hipoal\u00b7lerg\u00e8nica al seu interior. Aquesta evita que augmenti la sudoraci\u00f3 i mant\u00e9 la pe\u00e7a ben subjecta a la cama. A l&#039;exterior t\u00e9 unes l\u00ednies reflectants 360\u00ba que augmentaran la teva seguretat ja que reflectiran la llum dels vehicles. Incorpora la badana IN19 confeccionada amb el teixit antibacteri\u00e0 COOLMAX que expulsa la humitat i minimitza el risc d\u2019irritaci\u00f3 de la pell. Est\u00e0 composta per 3 densitats i s\u2019adaptar\u00e0 a la teva anatomia i estil de pedaleig.\" \/>\n<meta property=\"og:url\" content=\"https:\/\/www.inverseteams.com\/ca\/producte\/culot-ciclista-massi-uci-team-dona\/\" \/>\n<meta property=\"og:site_name\" content=\"Inverseteams\" \/>\n<meta property=\"article:publisher\" content=\"https:\/\/www.facebook.com\/inverseteams\" \/>\n<meta property=\"article:modified_time\" content=\"2025-09-03T09:10:52+00:00\" \/>\n<meta property=\"og:image\" content=\"https:\/\/www.inverseteams.com\/wp-content\/uploads\/CULOTTE-CICLISTA-MASSI-TEAM-MUJER-1.jpg\" \/>\n\t<meta property=\"og:image:width\" content=\"3222\" \/>\n\t<meta property=\"og:image:height\" content=\"3462\" \/>\n\t<meta property=\"og:image:type\" content=\"image\/jpeg\" \/>\n<meta name=\"twitter:card\" content=\"summary_large_image\" \/>\n<meta name=\"twitter:label1\" content=\"Temps estimat de lectura\" \/>\n\t<meta name=\"twitter:data1\" content=\"1 minut\" \/>\n<script type=\"application\/ld+json\" class=\"yoast-schema-graph\">{\"@context\":\"https:\/\/schema.org\",\"@graph\":[{\"@type\":\"WebPage\",\"@id\":\"https:\/\/www.inverseteams.com\/ca\/producte\/culot-ciclista-massi-uci-team-dona\/\",\"url\":\"https:\/\/www.inverseteams.com\/ca\/producte\/culot-ciclista-massi-uci-team-dona\/\",\"name\":\"Culotte ciclista MASSI UCI TEAM (MUJER)\",\"isPartOf\":{\"@id\":\"https:\/\/www.inverseteams.com\/ca\/#website\"},\"primaryImageOfPage\":{\"@id\":\"https:\/\/www.inverseteams.com\/ca\/producte\/culot-ciclista-massi-uci-team-dona\/#primaryimage\"},\"image\":{\"@id\":\"https:\/\/www.inverseteams.com\/ca\/producte\/culot-ciclista-massi-uci-team-dona\/#primaryimage\"},\"thumbnailUrl\":\"https:\/\/www.inverseteams.com\/wp-content\/uploads\/CULOTTE-CICLISTA-MASSI-TEAM-MUJER-1.jpg\",\"datePublished\":\"2023-12-06T10:37:28+00:00\",\"dateModified\":\"2025-09-03T09:10:52+00:00\",\"description\":\"Culot ideal pels entrenaments i la competici\u00f3. La seva elasticitat i lleugeresa et permetran una gran llibertat de moviments. Els panells del culot ciclista estan dissenyats perqu\u00e8 s'adaptin perfectament a les diferents posicions de la pedalada. No notar\u00e0s cap resist\u00e8ncia. Els tirants de reixeta t'ajudaran a evacuar r\u00e0pidament la suor i a sentir-te fresc i sec en tot moment. Al final de les cames t\u00e9 una banda el\u00e0stica microperforada amb un grip de silicona hipoal\u00b7lerg\u00e8nica al seu interior. Aquesta evita que augmenti la sudoraci\u00f3 i mant\u00e9 la pe\u00e7a ben subjecta a la cama. A l'exterior t\u00e9 unes l\u00ednies reflectants 360\u00ba que augmentaran la teva seguretat ja que reflectiran la llum dels vehicles. Incorpora la badana IN19 confeccionada amb el teixit antibacteri\u00e0 COOLMAX que expulsa la humitat i minimitza el risc d\u2019irritaci\u00f3 de la pell. Est\u00e0 composta per 3 densitats i s\u2019adaptar\u00e0 a la teva anatomia i estil de pedaleig.\",\"breadcrumb\":{\"@id\":\"https:\/\/www.inverseteams.com\/ca\/producte\/culot-ciclista-massi-uci-team-dona\/#breadcrumb\"},\"inLanguage\":\"ca\",\"potentialAction\":[{\"@type\":\"ReadAction\",\"target\":[\"https:\/\/www.inverseteams.com\/ca\/producte\/culot-ciclista-massi-uci-team-dona\/\"]}]},{\"@type\":\"ImageObject\",\"inLanguage\":\"ca\",\"@id\":\"https:\/\/www.inverseteams.com\/ca\/producte\/culot-ciclista-massi-uci-team-dona\/#primaryimage\",\"url\":\"https:\/\/www.inverseteams.com\/wp-content\/uploads\/CULOTTE-CICLISTA-MASSI-TEAM-MUJER-1.jpg\",\"contentUrl\":\"https:\/\/www.inverseteams.com\/wp-content\/uploads\/CULOTTE-CICLISTA-MASSI-TEAM-MUJER-1.jpg\",\"width\":3222,\"height\":3462,\"caption\":\"Culot ciclista MASSI UCI TEAM\"},{\"@type\":\"BreadcrumbList\",\"@id\":\"https:\/\/www.inverseteams.com\/ca\/producte\/culot-ciclista-massi-uci-team-dona\/#breadcrumb\",\"itemListElement\":[{\"@type\":\"ListItem\",\"position\":1,\"name\":\"Portada\",\"item\":\"https:\/\/www.inverseteams.com\/ca\/pagina-principal\/\"},{\"@type\":\"ListItem\",\"position\":2,\"name\":\"Botiga\",\"item\":\"https:\/\/www.inverseteams.com\/ca\/botiga\/\"},{\"@type\":\"ListItem\",\"position\":3,\"name\":\"Culot ciclista MASSI UCI TEAM (DONA)\"}]},{\"@type\":\"WebSite\",\"@id\":\"https:\/\/www.inverseteams.com\/ca\/#website\",\"url\":\"https:\/\/www.inverseteams.com\/ca\/\",\"name\":\"Inverseteams\",\"description\":\"Tu marca de ropa deportiva personalizada\",\"publisher\":{\"@id\":\"https:\/\/www.inverseteams.com\/ca\/#organization\"},\"potentialAction\":[{\"@type\":\"SearchAction\",\"target\":{\"@type\":\"EntryPoint\",\"urlTemplate\":\"https:\/\/www.inverseteams.com\/ca\/?s={search_term_string}\"},\"query-input\":{\"@type\":\"PropertyValueSpecification\",\"valueRequired\":true,\"valueName\":\"search_term_string\"}}],\"inLanguage\":\"ca\"},{\"@type\":\"Organization\",\"@id\":\"https:\/\/www.inverseteams.com\/ca\/#organization\",\"name\":\"Inverse Teams\",\"url\":\"https:\/\/www.inverseteams.com\/ca\/\",\"logo\":{\"@type\":\"ImageObject\",\"inLanguage\":\"ca\",\"@id\":\"https:\/\/www.inverseteams.com\/ca\/#\/schema\/logo\/image\/\",\"url\":\"https:\/\/www.inverseteams.com\/wp-content\/uploads\/2021\/03\/logo-inverse-teams.png\",\"contentUrl\":\"https:\/\/www.inverseteams.com\/wp-content\/uploads\/2021\/03\/logo-inverse-teams.png\",\"width\":294,\"height\":99,\"caption\":\"Inverse Teams\"},\"image\":{\"@id\":\"https:\/\/www.inverseteams.com\/ca\/#\/schema\/logo\/image\/\"},\"sameAs\":[\"https:\/\/www.facebook.com\/inverseteams\",\"http:\/\/instagram.com\/inverseteams\",\"https:\/\/www.linkedin.com\/company\/inverse-cirosport-s-l-?trk=job_view_topcard_company_name\",\"http:\/\/www.pinterest.com\/inverseteams\/\",\"http:\/\/www.youtube.com\/user\/inverseteams?feature=watch\"]}]}<\/script>\n<!-- \/ Yoast SEO plugin. -->","yoast_head_json":{"title":"Culotte ciclista MASSI UCI TEAM (MUJER)","description":"Culot ideal pels entrenaments i la competici\u00f3. La seva elasticitat i lleugeresa et permetran una gran llibertat de moviments. Els panells del culot ciclista estan dissenyats perqu\u00e8 s'adaptin perfectament a les diferents posicions de la pedalada. No notar\u00e0s cap resist\u00e8ncia. Els tirants de reixeta t'ajudaran a evacuar r\u00e0pidament la suor i a sentir-te fresc i sec en tot moment. Al final de les cames t\u00e9 una banda el\u00e0stica microperforada amb un grip de silicona hipoal\u00b7lerg\u00e8nica al seu interior. Aquesta evita que augmenti la sudoraci\u00f3 i mant\u00e9 la pe\u00e7a ben subjecta a la cama. A l'exterior t\u00e9 unes l\u00ednies reflectants 360\u00ba que augmentaran la teva seguretat ja que reflectiran la llum dels vehicles. Incorpora la badana IN19 confeccionada amb el teixit antibacteri\u00e0 COOLMAX que expulsa la humitat i minimitza el risc d\u2019irritaci\u00f3 de la pell. Est\u00e0 composta per 3 densitats i s\u2019adaptar\u00e0 a la teva anatomia i estil de pedaleig.","robots":{"index":"index","follow":"follow","max-snippet":"max-snippet:-1","max-image-preview":"max-image-preview:large","max-video-preview":"max-video-preview:-1"},"canonical":"https:\/\/www.inverseteams.com\/ca\/producte\/culot-ciclista-massi-uci-team-dona\/","og_locale":"ca_ES","og_type":"article","og_title":"Culotte ciclista MASSI UCI TEAM (MUJER)","og_description":"Culot ideal pels entrenaments i la competici\u00f3. La seva elasticitat i lleugeresa et permetran una gran llibertat de moviments. Els panells del culot ciclista estan dissenyats perqu\u00e8 s'adaptin perfectament a les diferents posicions de la pedalada. No notar\u00e0s cap resist\u00e8ncia. Els tirants de reixeta t'ajudaran a evacuar r\u00e0pidament la suor i a sentir-te fresc i sec en tot moment. Al final de les cames t\u00e9 una banda el\u00e0stica microperforada amb un grip de silicona hipoal\u00b7lerg\u00e8nica al seu interior. Aquesta evita que augmenti la sudoraci\u00f3 i mant\u00e9 la pe\u00e7a ben subjecta a la cama. A l'exterior t\u00e9 unes l\u00ednies reflectants 360\u00ba que augmentaran la teva seguretat ja que reflectiran la llum dels vehicles. Incorpora la badana IN19 confeccionada amb el teixit antibacteri\u00e0 COOLMAX que expulsa la humitat i minimitza el risc d\u2019irritaci\u00f3 de la pell. Est\u00e0 composta per 3 densitats i s\u2019adaptar\u00e0 a la teva anatomia i estil de pedaleig.","og_url":"https:\/\/www.inverseteams.com\/ca\/producte\/culot-ciclista-massi-uci-team-dona\/","og_site_name":"Inverseteams","article_publisher":"https:\/\/www.facebook.com\/inverseteams","article_modified_time":"2025-09-03T09:10:52+00:00","og_image":[{"width":3222,"height":3462,"url":"https:\/\/www.inverseteams.com\/wp-content\/uploads\/CULOTTE-CICLISTA-MASSI-TEAM-MUJER-1.jpg","type":"image\/jpeg"}],"twitter_card":"summary_large_image","twitter_misc":{"Temps estimat de lectura":"1 minut"},"schema":{"@context":"https:\/\/schema.org","@graph":[{"@type":"WebPage","@id":"https:\/\/www.inverseteams.com\/ca\/producte\/culot-ciclista-massi-uci-team-dona\/","url":"https:\/\/www.inverseteams.com\/ca\/producte\/culot-ciclista-massi-uci-team-dona\/","name":"Culotte ciclista MASSI UCI TEAM (MUJER)","isPartOf":{"@id":"https:\/\/www.inverseteams.com\/ca\/#website"},"primaryImageOfPage":{"@id":"https:\/\/www.inverseteams.com\/ca\/producte\/culot-ciclista-massi-uci-team-dona\/#primaryimage"},"image":{"@id":"https:\/\/www.inverseteams.com\/ca\/producte\/culot-ciclista-massi-uci-team-dona\/#primaryimage"},"thumbnailUrl":"https:\/\/www.inverseteams.com\/wp-content\/uploads\/CULOTTE-CICLISTA-MASSI-TEAM-MUJER-1.jpg","datePublished":"2023-12-06T10:37:28+00:00","dateModified":"2025-09-03T09:10:52+00:00","description":"Culot ideal pels entrenaments i la competici\u00f3. La seva elasticitat i lleugeresa et permetran una gran llibertat de moviments. Els panells del culot ciclista estan dissenyats perqu\u00e8 s'adaptin perfectament a les diferents posicions de la pedalada. No notar\u00e0s cap resist\u00e8ncia. Els tirants de reixeta t'ajudaran a evacuar r\u00e0pidament la suor i a sentir-te fresc i sec en tot moment. Al final de les cames t\u00e9 una banda el\u00e0stica microperforada amb un grip de silicona hipoal\u00b7lerg\u00e8nica al seu interior. Aquesta evita que augmenti la sudoraci\u00f3 i mant\u00e9 la pe\u00e7a ben subjecta a la cama. A l'exterior t\u00e9 unes l\u00ednies reflectants 360\u00ba que augmentaran la teva seguretat ja que reflectiran la llum dels vehicles. Incorpora la badana IN19 confeccionada amb el teixit antibacteri\u00e0 COOLMAX que expulsa la humitat i minimitza el risc d\u2019irritaci\u00f3 de la pell. Est\u00e0 composta per 3 densitats i s\u2019adaptar\u00e0 a la teva anatomia i estil de pedaleig.","breadcrumb":{"@id":"https:\/\/www.inverseteams.com\/ca\/producte\/culot-ciclista-massi-uci-team-dona\/#breadcrumb"},"inLanguage":"ca","potentialAction":[{"@type":"ReadAction","target":["https:\/\/www.inverseteams.com\/ca\/producte\/culot-ciclista-massi-uci-team-dona\/"]}]},{"@type":"ImageObject","inLanguage":"ca","@id":"https:\/\/www.inverseteams.com\/ca\/producte\/culot-ciclista-massi-uci-team-dona\/#primaryimage","url":"https:\/\/www.inverseteams.com\/wp-content\/uploads\/CULOTTE-CICLISTA-MASSI-TEAM-MUJER-1.jpg","contentUrl":"https:\/\/www.inverseteams.com\/wp-content\/uploads\/CULOTTE-CICLISTA-MASSI-TEAM-MUJER-1.jpg","width":3222,"height":3462,"caption":"Culot ciclista MASSI UCI TEAM"},{"@type":"BreadcrumbList","@id":"https:\/\/www.inverseteams.com\/ca\/producte\/culot-ciclista-massi-uci-team-dona\/#breadcrumb","itemListElement":[{"@type":"ListItem","position":1,"name":"Portada","item":"https:\/\/www.inverseteams.com\/ca\/pagina-principal\/"},{"@type":"ListItem","position":2,"name":"Botiga","item":"https:\/\/www.inverseteams.com\/ca\/botiga\/"},{"@type":"ListItem","position":3,"name":"Culot ciclista MASSI UCI TEAM (DONA)"}]},{"@type":"WebSite","@id":"https:\/\/www.inverseteams.com\/ca\/#website","url":"https:\/\/www.inverseteams.com\/ca\/","name":"Inverseteams","description":"Tu marca de ropa deportiva personalizada","publisher":{"@id":"https:\/\/www.inverseteams.com\/ca\/#organization"},"potentialAction":[{"@type":"SearchAction","target":{"@type":"EntryPoint","urlTemplate":"https:\/\/www.inverseteams.com\/ca\/?s={search_term_string}"},"query-input":{"@type":"PropertyValueSpecification","valueRequired":true,"valueName":"search_term_string"}}],"inLanguage":"ca"},{"@type":"Organization","@id":"https:\/\/www.inverseteams.com\/ca\/#organization","name":"Inverse Teams","url":"https:\/\/www.inverseteams.com\/ca\/","logo":{"@type":"ImageObject","inLanguage":"ca","@id":"https:\/\/www.inverseteams.com\/ca\/#\/schema\/logo\/image\/","url":"https:\/\/www.inverseteams.com\/wp-content\/uploads\/2021\/03\/logo-inverse-teams.png","contentUrl":"https:\/\/www.inverseteams.com\/wp-content\/uploads\/2021\/03\/logo-inverse-teams.png","width":294,"height":99,"caption":"Inverse Teams"},"image":{"@id":"https:\/\/www.inverseteams.com\/ca\/#\/schema\/logo\/image\/"},"sameAs":["https:\/\/www.facebook.com\/inverseteams","http:\/\/instagram.com\/inverseteams","https:\/\/www.linkedin.com\/company\/inverse-cirosport-s-l-?trk=job_view_topcard_company_name","http:\/\/www.pinterest.com\/inverseteams\/","http:\/\/www.youtube.com\/user\/inverseteams?feature=watch"]}]}},"_links":{"self":[{"href":"https:\/\/www.inverseteams.com\/ca\/wp-json\/wp\/v2\/product\/172278","targetHints":{"allow":["GET"]}}],"collection":[{"href":"https:\/\/www.inverseteams.com\/ca\/wp-json\/wp\/v2\/product"}],"about":[{"href":"https:\/\/www.inverseteams.com\/ca\/wp-json\/wp\/v2\/types\/product"}],"replies":[{"embeddable":true,"href":"https:\/\/www.inverseteams.com\/ca\/wp-json\/wp\/v2\/comments?post=172278"}],"wp:featuredmedia":[{"embeddable":true,"href":"https:\/\/www.inverseteams.com\/ca\/wp-json\/wp\/v2\/media\/18126"}],"wp:attachment":[{"href":"https:\/\/www.inverseteams.com\/ca\/wp-json\/wp\/v2\/media?parent=172278"}],"wp:term":[{"taxonomy":"product_brand","embeddable":true,"href":"https:\/\/www.inverseteams.com\/ca\/wp-json\/wp\/v2\/product_brand?post=172278"},{"taxonomy":"product_cat","embeddable":true,"href":"https:\/\/www.inverseteams.com\/ca\/wp-json\/wp\/v2\/product_cat?post=172278"},{"taxonomy":"product_tag","embeddable":true,"href":"https:\/\/www.inverseteams.com\/ca\/wp-json\/wp\/v2\/product_tag?post=172278"},{"taxonomy":"custom_category","embeddable":true,"href":"https:\/\/www.inverseteams.com\/ca\/wp-json\/wp\/v2\/custom_category?post=172278"},{"taxonomy":"range","embeddable":true,"href":"https:\/\/www.inverseteams.com\/ca\/wp-json\/wp\/v2\/range?post=172278"}],"curies":[{"name":"wp","href":"https:\/\/api.w.org\/{rel}","templated":true}]}}