{"id":171123,"date":"2023-11-28T16:20:23","date_gmt":"2023-11-28T16:21:50","guid":{"rendered":"https:\/\/www.inverseteams.com\/?post_type=product&#038;p=171123"},"modified":"2024-12-11T07:48:27","modified_gmt":"2024-12-11T07:48:27","slug":"mallot-maniga-llarga-personalitzat-amb-llum-de-seguretat-antares","status":"publish","type":"product","link":"https:\/\/www.inverseteams.com\/ca\/producte\/mallot-maniga-llarga-personalitzat-amb-llum-de-seguretat-antares\/","title":{"rendered":"Mallot m\u00e0niga llarga personalitzat amb llum de seguretat ANTARES"},"content":{"rendered":"<p>A la zona de les butxaques incorpora una llum LED de seguretat extra\u00efble. Aquesta t\u00e9 2 modes d\u2019il\u00b7luminaci\u00f3: fix i parpelleig. Amb una pot\u00e8ncia de 150 lumens, el seu rang de visibilitat m\u00e0xim \u00e9s de 20 metres. T\u00e9 una durada de 2 a 4 hores i \u00e9s f\u00e0cilment recarregable per USB 3.0. El nou mallot ANTARES \u00e9s perfecte per gaudir del ciclisme amb total seguretat durant els moments de poca llum.<br \/>\nMallot t\u00e8cnic perfecte per a la competici\u00f3 i els entrenaments. Combina 3 teixits diferents perqu\u00e8 sempre vagi ben cenyit i s&#8217;adapti a totes les posicions sense oposar resist\u00e8ncia. El patr\u00f3 ha estat dissenyat perqu\u00e8 tinguis una bona aerodin\u00e0mica en tot moment.<br \/>\nL&#8217;estructura dels seus teixits ajuda a evacuar la suor a l&#8217;exterior i et mant\u00e9 la pell seca. Alhora, tamb\u00e9 conserva l\u2019escalfor corporal. El puny de doble capa tallat a l\u00e0ser s&#8217;ajusta molt b\u00e9 al bra\u00e7 i evita que entri aire.<br \/>\nA la cintura t\u00e9 un rivet que ajustar\u00e0 el mallot al teu cos. Aquest incorpora unes l\u00ednies reflectants 360\u00ba que augmentaran la teva seguretat ja que reflectiran la llum dels vehicles. A la zona lumbar incorpora 3 butxaques amb el nou sistema de Seguretat ISP &#8211; Inverse Safe Pocket &#8211; on podr\u00e0s guardar qualsevol objecte sense por de perdre-ho. Gaudeix del ciclisme sense preocupacions.<\/p>\n","protected":false},"excerpt":{"rendered":"<p>A la zona de les butxaques incorpora una llum LED de seguretat extra\u00efble. Aquesta t\u00e9 2 modes d\u2019il\u00b7luminaci\u00f3: fix i parpelleig. Amb una pot\u00e8ncia de 150 lumens, el seu rang de visibilitat m\u00e0xim \u00e9s de 20 metres. T\u00e9 una durada de 2 a 4 hores i \u00e9s f\u00e0cilment recarregable per USB 3.0. El nou mallot ANTARES \u00e9s perfecte per gaudir del ciclisme amb total seguretat durant els moments de poca llum.<br \/>\nMallot t\u00e8cnic perfecte per a la competici\u00f3 i els entrenaments. Combina 3 teixits diferents perqu\u00e8 sempre vagi ben cenyit i s&#8217;adapti a totes les posicions sense oposar resist\u00e8ncia. El patr\u00f3 ha estat dissenyat perqu\u00e8 tinguis una bona aerodin\u00e0mica en tot moment.<br \/>\nL&#8217;estructura dels seus teixits ajuda a evacuar la suor a l&#8217;exterior i et mant\u00e9 la pell seca. Alhora, tamb\u00e9 conserva l\u2019escalfor corporal. El puny de doble capa tallat a l\u00e0ser s&#8217;ajusta molt b\u00e9 al bra\u00e7 i evita que entri aire.<br \/>\nA la cintura t\u00e9 un rivet que ajustar\u00e0 el mallot al teu cos. Aquest incorpora unes l\u00ednies reflectants 360\u00ba que augmentaran la teva seguretat ja que reflectiran la llum dels vehicles. A la zona lumbar incorpora 3 butxaques amb el nou sistema de Seguretat ISP &#8211; Inverse Safe Pocket &#8211; on podr\u00e0s guardar qualsevol objecte sense por de perdre-ho. Gaudeix del ciclisme sense preocupacions.<\/p>\n","protected":false},"featured_media":171098,"comment_status":"closed","ping_status":"closed","template":"","meta":{"_acf_changed":false},"product_brand":[],"product_cat":[8306],"product_tag":[],"custom_category":[3347,3350,3413],"range":[11014],"class_list":{"0":"post-171123","1":"product","2":"type-product","3":"status-publish","4":"has-post-thumbnail","6":"product_cat-uncategorized-ca","7":"pa_climatologia-fred","8":"pa_deporte-ciclisme","9":"pa_genero-home","10":"pa_genero-dona","11":"pa_genero-infantil-ca","12":"pa_patronaje-fit-ca","13":"pa_patronaje-regular-ca","14":"pa_tipo-de-prenda-mallot-maniga-llarga","15":"custom_category-esport","16":"custom_category-roba-de-ciclisme-personalitzada","17":"custom_category-mallot-ciclista-personalitzat","18":"range-antares-ca","20":"first","21":"instock","22":"product-type-custom"},"acf":[],"yoast_head":"<!-- This site is optimized with the Yoast SEO plugin v27.2 - https:\/\/yoast.com\/product\/yoast-seo-wordpress\/ -->\n<title>Mallot m\u00e0niga llarga personalitzat amb llum de seguretat ANTARES<\/title>\n<meta name=\"description\" content=\"A la zona de les butxaques incorpora una llum LED de seguretat extra\u00efble. Aquesta t\u00e9 2 modes d\u2019il\u00b7luminaci\u00f3: fix i parpelleig. Amb una pot\u00e8ncia de 150 lumens, el seu rang de visibilitat m\u00e0xim \u00e9s de 20 metres. T\u00e9 una durada de 2 a 4 hores i \u00e9s f\u00e0cilment recarregable per USB 3.0. El nou mallot ANTARES \u00e9s perfecte per gaudir del ciclisme amb total seguretat durant els moments de poca llum. Mallot t\u00e8cnic perfecte per a la competici\u00f3 i els entrenaments. Combina 3 teixits diferents perqu\u00e8 sempre vagi ben cenyit i s&#039;adapti a totes les posicions sense oposar resist\u00e8ncia. El patr\u00f3 ha estat dissenyat perqu\u00e8 tinguis una bona aerodin\u00e0mica en tot moment. L&#039;estructura dels seus teixits ajuda a evacuar la suor a l&#039;exterior i et mant\u00e9 la pell seca. Alhora, tamb\u00e9 conserva l\u2019escalfor corporal. El puny de doble capa tallat a l\u00e0ser s&#039;ajusta molt b\u00e9 al bra\u00e7 i evita que entri aire. A la cintura t\u00e9 un rivet que ajustar\u00e0 el mallot al teu cos. Aquest incorpora unes l\u00ednies reflectants 360\u00ba que augmentaran la teva seguretat ja que reflectiran la llum dels vehicles. A la zona lumbar incorpora 3 butxaques amb el nou sistema de Seguretat ISP - Inverse Safe Pocket - on podr\u00e0s guardar qualsevol objecte sense por de perdre-ho. Gaudeix del ciclisme sense preocupacions.\" \/>\n<meta name=\"robots\" content=\"index, follow, max-snippet:-1, max-image-preview:large, max-video-preview:-1\" \/>\n<link rel=\"canonical\" href=\"https:\/\/www.inverseteams.com\/ca\/producte\/mallot-maniga-llarga-personalitzat-amb-llum-de-seguretat-antares\/\" \/>\n<meta property=\"og:locale\" content=\"ca_ES\" \/>\n<meta property=\"og:type\" content=\"article\" \/>\n<meta property=\"og:title\" content=\"Mallot m\u00e0niga llarga personalitzat amb llum de seguretat ANTARES\" \/>\n<meta property=\"og:description\" content=\"A la zona de les butxaques incorpora una llum LED de seguretat extra\u00efble. Aquesta t\u00e9 2 modes d\u2019il\u00b7luminaci\u00f3: fix i parpelleig. Amb una pot\u00e8ncia de 150 lumens, el seu rang de visibilitat m\u00e0xim \u00e9s de 20 metres. T\u00e9 una durada de 2 a 4 hores i \u00e9s f\u00e0cilment recarregable per USB 3.0. El nou mallot ANTARES \u00e9s perfecte per gaudir del ciclisme amb total seguretat durant els moments de poca llum. Mallot t\u00e8cnic perfecte per a la competici\u00f3 i els entrenaments. Combina 3 teixits diferents perqu\u00e8 sempre vagi ben cenyit i s&#039;adapti a totes les posicions sense oposar resist\u00e8ncia. El patr\u00f3 ha estat dissenyat perqu\u00e8 tinguis una bona aerodin\u00e0mica en tot moment. L&#039;estructura dels seus teixits ajuda a evacuar la suor a l&#039;exterior i et mant\u00e9 la pell seca. Alhora, tamb\u00e9 conserva l\u2019escalfor corporal. El puny de doble capa tallat a l\u00e0ser s&#039;ajusta molt b\u00e9 al bra\u00e7 i evita que entri aire. A la cintura t\u00e9 un rivet que ajustar\u00e0 el mallot al teu cos. Aquest incorpora unes l\u00ednies reflectants 360\u00ba que augmentaran la teva seguretat ja que reflectiran la llum dels vehicles. A la zona lumbar incorpora 3 butxaques amb el nou sistema de Seguretat ISP - Inverse Safe Pocket - on podr\u00e0s guardar qualsevol objecte sense por de perdre-ho. Gaudeix del ciclisme sense preocupacions.\" \/>\n<meta property=\"og:url\" content=\"https:\/\/www.inverseteams.com\/ca\/producte\/mallot-maniga-llarga-personalitzat-amb-llum-de-seguretat-antares\/\" \/>\n<meta property=\"og:site_name\" content=\"Inverseteams\" \/>\n<meta property=\"article:publisher\" content=\"https:\/\/www.facebook.com\/inverseteams\" \/>\n<meta property=\"article:modified_time\" content=\"2024-12-11T07:48:27+00:00\" \/>\n<meta property=\"og:image\" content=\"https:\/\/www.inverseteams.com\/wp-content\/uploads\/MAILLOT-MANGA-LARGA-CON-LUZ-ANTARES-1.jpg\" \/>\n\t<meta property=\"og:image:width\" content=\"3222\" \/>\n\t<meta property=\"og:image:height\" content=\"3462\" \/>\n\t<meta property=\"og:image:type\" content=\"image\/jpeg\" \/>\n<meta name=\"twitter:card\" content=\"summary_large_image\" \/>\n<meta name=\"twitter:label1\" content=\"Temps estimat de lectura\" \/>\n\t<meta name=\"twitter:data1\" content=\"2 minut\" \/>\n<script type=\"application\/ld+json\" class=\"yoast-schema-graph\">{\"@context\":\"https:\/\/schema.org\",\"@graph\":[{\"@type\":\"WebPage\",\"@id\":\"https:\/\/www.inverseteams.com\/ca\/producte\/mallot-maniga-llarga-personalitzat-amb-llum-de-seguretat-antares\/\",\"url\":\"https:\/\/www.inverseteams.com\/ca\/producte\/mallot-maniga-llarga-personalitzat-amb-llum-de-seguretat-antares\/\",\"name\":\"Mallot m\u00e0niga llarga personalitzat amb llum de seguretat ANTARES\",\"isPartOf\":{\"@id\":\"https:\/\/www.inverseteams.com\/ca\/#website\"},\"primaryImageOfPage\":{\"@id\":\"https:\/\/www.inverseteams.com\/ca\/producte\/mallot-maniga-llarga-personalitzat-amb-llum-de-seguretat-antares\/#primaryimage\"},\"image\":{\"@id\":\"https:\/\/www.inverseteams.com\/ca\/producte\/mallot-maniga-llarga-personalitzat-amb-llum-de-seguretat-antares\/#primaryimage\"},\"thumbnailUrl\":\"https:\/\/www.inverseteams.com\/wp-content\/uploads\/MAILLOT-MANGA-LARGA-CON-LUZ-ANTARES-1.jpg\",\"datePublished\":\"2023-11-28T16:21:50+00:00\",\"dateModified\":\"2024-12-11T07:48:27+00:00\",\"description\":\"A la zona de les butxaques incorpora una llum LED de seguretat extra\u00efble. Aquesta t\u00e9 2 modes d\u2019il\u00b7luminaci\u00f3: fix i parpelleig. Amb una pot\u00e8ncia de 150 lumens, el seu rang de visibilitat m\u00e0xim \u00e9s de 20 metres. T\u00e9 una durada de 2 a 4 hores i \u00e9s f\u00e0cilment recarregable per USB 3.0. El nou mallot ANTARES \u00e9s perfecte per gaudir del ciclisme amb total seguretat durant els moments de poca llum. Mallot t\u00e8cnic perfecte per a la competici\u00f3 i els entrenaments. Combina 3 teixits diferents perqu\u00e8 sempre vagi ben cenyit i s'adapti a totes les posicions sense oposar resist\u00e8ncia. El patr\u00f3 ha estat dissenyat perqu\u00e8 tinguis una bona aerodin\u00e0mica en tot moment. L'estructura dels seus teixits ajuda a evacuar la suor a l'exterior i et mant\u00e9 la pell seca. Alhora, tamb\u00e9 conserva l\u2019escalfor corporal. El puny de doble capa tallat a l\u00e0ser s'ajusta molt b\u00e9 al bra\u00e7 i evita que entri aire. A la cintura t\u00e9 un rivet que ajustar\u00e0 el mallot al teu cos. Aquest incorpora unes l\u00ednies reflectants 360\u00ba que augmentaran la teva seguretat ja que reflectiran la llum dels vehicles. A la zona lumbar incorpora 3 butxaques amb el nou sistema de Seguretat ISP - Inverse Safe Pocket - on podr\u00e0s guardar qualsevol objecte sense por de perdre-ho. Gaudeix del ciclisme sense preocupacions.\",\"breadcrumb\":{\"@id\":\"https:\/\/www.inverseteams.com\/ca\/producte\/mallot-maniga-llarga-personalitzat-amb-llum-de-seguretat-antares\/#breadcrumb\"},\"inLanguage\":\"ca\",\"potentialAction\":[{\"@type\":\"ReadAction\",\"target\":[\"https:\/\/www.inverseteams.com\/ca\/producte\/mallot-maniga-llarga-personalitzat-amb-llum-de-seguretat-antares\/\"]}]},{\"@type\":\"ImageObject\",\"inLanguage\":\"ca\",\"@id\":\"https:\/\/www.inverseteams.com\/ca\/producte\/mallot-maniga-llarga-personalitzat-amb-llum-de-seguretat-antares\/#primaryimage\",\"url\":\"https:\/\/www.inverseteams.com\/wp-content\/uploads\/MAILLOT-MANGA-LARGA-CON-LUZ-ANTARES-1.jpg\",\"contentUrl\":\"https:\/\/www.inverseteams.com\/wp-content\/uploads\/MAILLOT-MANGA-LARGA-CON-LUZ-ANTARES-1.jpg\",\"width\":3222,\"height\":3462,\"caption\":\"Mallot ciclista m\u00e0niga llarga personalitzat amb llum de seguretat\"},{\"@type\":\"BreadcrumbList\",\"@id\":\"https:\/\/www.inverseteams.com\/ca\/producte\/mallot-maniga-llarga-personalitzat-amb-llum-de-seguretat-antares\/#breadcrumb\",\"itemListElement\":[{\"@type\":\"ListItem\",\"position\":1,\"name\":\"Portada\",\"item\":\"https:\/\/www.inverseteams.com\/ca\/pagina-principal\/\"},{\"@type\":\"ListItem\",\"position\":2,\"name\":\"Botiga\",\"item\":\"https:\/\/www.inverseteams.com\/ca\/botiga\/\"},{\"@type\":\"ListItem\",\"position\":3,\"name\":\"Mallot m\u00e0niga llarga personalitzat amb llum de seguretat ANTARES\"}]},{\"@type\":\"WebSite\",\"@id\":\"https:\/\/www.inverseteams.com\/ca\/#website\",\"url\":\"https:\/\/www.inverseteams.com\/ca\/\",\"name\":\"Inverseteams\",\"description\":\"Tu marca de ropa deportiva personalizada\",\"publisher\":{\"@id\":\"https:\/\/www.inverseteams.com\/ca\/#organization\"},\"potentialAction\":[{\"@type\":\"SearchAction\",\"target\":{\"@type\":\"EntryPoint\",\"urlTemplate\":\"https:\/\/www.inverseteams.com\/ca\/?s={search_term_string}\"},\"query-input\":{\"@type\":\"PropertyValueSpecification\",\"valueRequired\":true,\"valueName\":\"search_term_string\"}}],\"inLanguage\":\"ca\"},{\"@type\":\"Organization\",\"@id\":\"https:\/\/www.inverseteams.com\/ca\/#organization\",\"name\":\"Inverse Teams\",\"url\":\"https:\/\/www.inverseteams.com\/ca\/\",\"logo\":{\"@type\":\"ImageObject\",\"inLanguage\":\"ca\",\"@id\":\"https:\/\/www.inverseteams.com\/ca\/#\/schema\/logo\/image\/\",\"url\":\"https:\/\/www.inverseteams.com\/wp-content\/uploads\/2021\/03\/logo-inverse-teams.png\",\"contentUrl\":\"https:\/\/www.inverseteams.com\/wp-content\/uploads\/2021\/03\/logo-inverse-teams.png\",\"width\":294,\"height\":99,\"caption\":\"Inverse Teams\"},\"image\":{\"@id\":\"https:\/\/www.inverseteams.com\/ca\/#\/schema\/logo\/image\/\"},\"sameAs\":[\"https:\/\/www.facebook.com\/inverseteams\",\"http:\/\/instagram.com\/inverseteams\",\"https:\/\/www.linkedin.com\/company\/inverse-cirosport-s-l-?trk=job_view_topcard_company_name\",\"http:\/\/www.pinterest.com\/inverseteams\/\",\"http:\/\/www.youtube.com\/user\/inverseteams?feature=watch\"]}]}<\/script>\n<!-- \/ Yoast SEO plugin. -->","yoast_head_json":{"title":"Mallot m\u00e0niga llarga personalitzat amb llum de seguretat ANTARES","description":"A la zona de les butxaques incorpora una llum LED de seguretat extra\u00efble. Aquesta t\u00e9 2 modes d\u2019il\u00b7luminaci\u00f3: fix i parpelleig. Amb una pot\u00e8ncia de 150 lumens, el seu rang de visibilitat m\u00e0xim \u00e9s de 20 metres. T\u00e9 una durada de 2 a 4 hores i \u00e9s f\u00e0cilment recarregable per USB 3.0. El nou mallot ANTARES \u00e9s perfecte per gaudir del ciclisme amb total seguretat durant els moments de poca llum. Mallot t\u00e8cnic perfecte per a la competici\u00f3 i els entrenaments. Combina 3 teixits diferents perqu\u00e8 sempre vagi ben cenyit i s'adapti a totes les posicions sense oposar resist\u00e8ncia. El patr\u00f3 ha estat dissenyat perqu\u00e8 tinguis una bona aerodin\u00e0mica en tot moment. L'estructura dels seus teixits ajuda a evacuar la suor a l'exterior i et mant\u00e9 la pell seca. Alhora, tamb\u00e9 conserva l\u2019escalfor corporal. El puny de doble capa tallat a l\u00e0ser s'ajusta molt b\u00e9 al bra\u00e7 i evita que entri aire. A la cintura t\u00e9 un rivet que ajustar\u00e0 el mallot al teu cos. Aquest incorpora unes l\u00ednies reflectants 360\u00ba que augmentaran la teva seguretat ja que reflectiran la llum dels vehicles. A la zona lumbar incorpora 3 butxaques amb el nou sistema de Seguretat ISP - Inverse Safe Pocket - on podr\u00e0s guardar qualsevol objecte sense por de perdre-ho. Gaudeix del ciclisme sense preocupacions.","robots":{"index":"index","follow":"follow","max-snippet":"max-snippet:-1","max-image-preview":"max-image-preview:large","max-video-preview":"max-video-preview:-1"},"canonical":"https:\/\/www.inverseteams.com\/ca\/producte\/mallot-maniga-llarga-personalitzat-amb-llum-de-seguretat-antares\/","og_locale":"ca_ES","og_type":"article","og_title":"Mallot m\u00e0niga llarga personalitzat amb llum de seguretat ANTARES","og_description":"A la zona de les butxaques incorpora una llum LED de seguretat extra\u00efble. Aquesta t\u00e9 2 modes d\u2019il\u00b7luminaci\u00f3: fix i parpelleig. Amb una pot\u00e8ncia de 150 lumens, el seu rang de visibilitat m\u00e0xim \u00e9s de 20 metres. T\u00e9 una durada de 2 a 4 hores i \u00e9s f\u00e0cilment recarregable per USB 3.0. El nou mallot ANTARES \u00e9s perfecte per gaudir del ciclisme amb total seguretat durant els moments de poca llum. Mallot t\u00e8cnic perfecte per a la competici\u00f3 i els entrenaments. Combina 3 teixits diferents perqu\u00e8 sempre vagi ben cenyit i s'adapti a totes les posicions sense oposar resist\u00e8ncia. El patr\u00f3 ha estat dissenyat perqu\u00e8 tinguis una bona aerodin\u00e0mica en tot moment. L'estructura dels seus teixits ajuda a evacuar la suor a l'exterior i et mant\u00e9 la pell seca. Alhora, tamb\u00e9 conserva l\u2019escalfor corporal. El puny de doble capa tallat a l\u00e0ser s'ajusta molt b\u00e9 al bra\u00e7 i evita que entri aire. A la cintura t\u00e9 un rivet que ajustar\u00e0 el mallot al teu cos. Aquest incorpora unes l\u00ednies reflectants 360\u00ba que augmentaran la teva seguretat ja que reflectiran la llum dels vehicles. A la zona lumbar incorpora 3 butxaques amb el nou sistema de Seguretat ISP - Inverse Safe Pocket - on podr\u00e0s guardar qualsevol objecte sense por de perdre-ho. Gaudeix del ciclisme sense preocupacions.","og_url":"https:\/\/www.inverseteams.com\/ca\/producte\/mallot-maniga-llarga-personalitzat-amb-llum-de-seguretat-antares\/","og_site_name":"Inverseteams","article_publisher":"https:\/\/www.facebook.com\/inverseteams","article_modified_time":"2024-12-11T07:48:27+00:00","og_image":[{"width":3222,"height":3462,"url":"https:\/\/www.inverseteams.com\/wp-content\/uploads\/MAILLOT-MANGA-LARGA-CON-LUZ-ANTARES-1.jpg","type":"image\/jpeg"}],"twitter_card":"summary_large_image","twitter_misc":{"Temps estimat de lectura":"2 minut"},"schema":{"@context":"https:\/\/schema.org","@graph":[{"@type":"WebPage","@id":"https:\/\/www.inverseteams.com\/ca\/producte\/mallot-maniga-llarga-personalitzat-amb-llum-de-seguretat-antares\/","url":"https:\/\/www.inverseteams.com\/ca\/producte\/mallot-maniga-llarga-personalitzat-amb-llum-de-seguretat-antares\/","name":"Mallot m\u00e0niga llarga personalitzat amb llum de seguretat ANTARES","isPartOf":{"@id":"https:\/\/www.inverseteams.com\/ca\/#website"},"primaryImageOfPage":{"@id":"https:\/\/www.inverseteams.com\/ca\/producte\/mallot-maniga-llarga-personalitzat-amb-llum-de-seguretat-antares\/#primaryimage"},"image":{"@id":"https:\/\/www.inverseteams.com\/ca\/producte\/mallot-maniga-llarga-personalitzat-amb-llum-de-seguretat-antares\/#primaryimage"},"thumbnailUrl":"https:\/\/www.inverseteams.com\/wp-content\/uploads\/MAILLOT-MANGA-LARGA-CON-LUZ-ANTARES-1.jpg","datePublished":"2023-11-28T16:21:50+00:00","dateModified":"2024-12-11T07:48:27+00:00","description":"A la zona de les butxaques incorpora una llum LED de seguretat extra\u00efble. Aquesta t\u00e9 2 modes d\u2019il\u00b7luminaci\u00f3: fix i parpelleig. Amb una pot\u00e8ncia de 150 lumens, el seu rang de visibilitat m\u00e0xim \u00e9s de 20 metres. T\u00e9 una durada de 2 a 4 hores i \u00e9s f\u00e0cilment recarregable per USB 3.0. El nou mallot ANTARES \u00e9s perfecte per gaudir del ciclisme amb total seguretat durant els moments de poca llum. Mallot t\u00e8cnic perfecte per a la competici\u00f3 i els entrenaments. Combina 3 teixits diferents perqu\u00e8 sempre vagi ben cenyit i s'adapti a totes les posicions sense oposar resist\u00e8ncia. El patr\u00f3 ha estat dissenyat perqu\u00e8 tinguis una bona aerodin\u00e0mica en tot moment. L'estructura dels seus teixits ajuda a evacuar la suor a l'exterior i et mant\u00e9 la pell seca. Alhora, tamb\u00e9 conserva l\u2019escalfor corporal. El puny de doble capa tallat a l\u00e0ser s'ajusta molt b\u00e9 al bra\u00e7 i evita que entri aire. A la cintura t\u00e9 un rivet que ajustar\u00e0 el mallot al teu cos. Aquest incorpora unes l\u00ednies reflectants 360\u00ba que augmentaran la teva seguretat ja que reflectiran la llum dels vehicles. A la zona lumbar incorpora 3 butxaques amb el nou sistema de Seguretat ISP - Inverse Safe Pocket - on podr\u00e0s guardar qualsevol objecte sense por de perdre-ho. Gaudeix del ciclisme sense preocupacions.","breadcrumb":{"@id":"https:\/\/www.inverseteams.com\/ca\/producte\/mallot-maniga-llarga-personalitzat-amb-llum-de-seguretat-antares\/#breadcrumb"},"inLanguage":"ca","potentialAction":[{"@type":"ReadAction","target":["https:\/\/www.inverseteams.com\/ca\/producte\/mallot-maniga-llarga-personalitzat-amb-llum-de-seguretat-antares\/"]}]},{"@type":"ImageObject","inLanguage":"ca","@id":"https:\/\/www.inverseteams.com\/ca\/producte\/mallot-maniga-llarga-personalitzat-amb-llum-de-seguretat-antares\/#primaryimage","url":"https:\/\/www.inverseteams.com\/wp-content\/uploads\/MAILLOT-MANGA-LARGA-CON-LUZ-ANTARES-1.jpg","contentUrl":"https:\/\/www.inverseteams.com\/wp-content\/uploads\/MAILLOT-MANGA-LARGA-CON-LUZ-ANTARES-1.jpg","width":3222,"height":3462,"caption":"Mallot ciclista m\u00e0niga llarga personalitzat amb llum de seguretat"},{"@type":"BreadcrumbList","@id":"https:\/\/www.inverseteams.com\/ca\/producte\/mallot-maniga-llarga-personalitzat-amb-llum-de-seguretat-antares\/#breadcrumb","itemListElement":[{"@type":"ListItem","position":1,"name":"Portada","item":"https:\/\/www.inverseteams.com\/ca\/pagina-principal\/"},{"@type":"ListItem","position":2,"name":"Botiga","item":"https:\/\/www.inverseteams.com\/ca\/botiga\/"},{"@type":"ListItem","position":3,"name":"Mallot m\u00e0niga llarga personalitzat amb llum de seguretat ANTARES"}]},{"@type":"WebSite","@id":"https:\/\/www.inverseteams.com\/ca\/#website","url":"https:\/\/www.inverseteams.com\/ca\/","name":"Inverseteams","description":"Tu marca de ropa deportiva personalizada","publisher":{"@id":"https:\/\/www.inverseteams.com\/ca\/#organization"},"potentialAction":[{"@type":"SearchAction","target":{"@type":"EntryPoint","urlTemplate":"https:\/\/www.inverseteams.com\/ca\/?s={search_term_string}"},"query-input":{"@type":"PropertyValueSpecification","valueRequired":true,"valueName":"search_term_string"}}],"inLanguage":"ca"},{"@type":"Organization","@id":"https:\/\/www.inverseteams.com\/ca\/#organization","name":"Inverse Teams","url":"https:\/\/www.inverseteams.com\/ca\/","logo":{"@type":"ImageObject","inLanguage":"ca","@id":"https:\/\/www.inverseteams.com\/ca\/#\/schema\/logo\/image\/","url":"https:\/\/www.inverseteams.com\/wp-content\/uploads\/2021\/03\/logo-inverse-teams.png","contentUrl":"https:\/\/www.inverseteams.com\/wp-content\/uploads\/2021\/03\/logo-inverse-teams.png","width":294,"height":99,"caption":"Inverse Teams"},"image":{"@id":"https:\/\/www.inverseteams.com\/ca\/#\/schema\/logo\/image\/"},"sameAs":["https:\/\/www.facebook.com\/inverseteams","http:\/\/instagram.com\/inverseteams","https:\/\/www.linkedin.com\/company\/inverse-cirosport-s-l-?trk=job_view_topcard_company_name","http:\/\/www.pinterest.com\/inverseteams\/","http:\/\/www.youtube.com\/user\/inverseteams?feature=watch"]}]}},"_links":{"self":[{"href":"https:\/\/www.inverseteams.com\/ca\/wp-json\/wp\/v2\/product\/171123","targetHints":{"allow":["GET"]}}],"collection":[{"href":"https:\/\/www.inverseteams.com\/ca\/wp-json\/wp\/v2\/product"}],"about":[{"href":"https:\/\/www.inverseteams.com\/ca\/wp-json\/wp\/v2\/types\/product"}],"replies":[{"embeddable":true,"href":"https:\/\/www.inverseteams.com\/ca\/wp-json\/wp\/v2\/comments?post=171123"}],"wp:featuredmedia":[{"embeddable":true,"href":"https:\/\/www.inverseteams.com\/ca\/wp-json\/wp\/v2\/media\/171098"}],"wp:attachment":[{"href":"https:\/\/www.inverseteams.com\/ca\/wp-json\/wp\/v2\/media?parent=171123"}],"wp:term":[{"taxonomy":"product_brand","embeddable":true,"href":"https:\/\/www.inverseteams.com\/ca\/wp-json\/wp\/v2\/product_brand?post=171123"},{"taxonomy":"product_cat","embeddable":true,"href":"https:\/\/www.inverseteams.com\/ca\/wp-json\/wp\/v2\/product_cat?post=171123"},{"taxonomy":"product_tag","embeddable":true,"href":"https:\/\/www.inverseteams.com\/ca\/wp-json\/wp\/v2\/product_tag?post=171123"},{"taxonomy":"custom_category","embeddable":true,"href":"https:\/\/www.inverseteams.com\/ca\/wp-json\/wp\/v2\/custom_category?post=171123"},{"taxonomy":"range","embeddable":true,"href":"https:\/\/www.inverseteams.com\/ca\/wp-json\/wp\/v2\/range?post=171123"}],"curies":[{"name":"wp","href":"https:\/\/api.w.org\/{rel}","templated":true}]}}