{"id":167937,"date":"2023-11-08T15:12:51","date_gmt":"2023-11-08T15:14:22","guid":{"rendered":"https:\/\/www.inverseteams.com\/?post_type=product&#038;p=167937"},"modified":"2023-11-08T15:36:34","modified_gmt":"2023-11-08T15:36:34","slug":"samarreta-maniga-curta-dona-tracker","status":"publish","type":"product","link":"https:\/\/www.inverseteams.com\/ca\/producte\/samarreta-maniga-curta-dona-tracker\/","title":{"rendered":"Samarreta m\u00e0niga curta dona TRACKER"},"content":{"rendered":"<p>Samarreta s\u00faper transpirable amb un patronatge folgat, perfecta per gaudir de llargues excursions.<br \/>\nEst\u00e0 confeccionada amb un teixit d&#8217;estructura oberta molt resistent que, a m\u00e9s, ajuda a expulsar r\u00e0pidament la suor. Les espatlles estan refor\u00e7ades amb una pe\u00e7a antiabrasi\u00f3 de teixit PAPUA. Sentir\u00e0s un confort total.<br \/>\nA l&#8217;esquena t\u00e9 una butxaca amb cremallera perqu\u00e8 puguis guardar qualsevol objecte sense por de perdre&#8217;l.<br \/>\nDescobreix la teva faceta m\u00e9s viatgera i aventurera amb aquesta samarreta dissenyada per a les amants del gravel.<\/p>\n","protected":false},"excerpt":{"rendered":"<p>Samarreta s\u00faper transpirable amb un patronatge folgat, perfecta per gaudir de llargues excursions.<br \/>\nEst\u00e0 confeccionada amb un teixit d&#8217;estructura oberta molt resistent que, a m\u00e9s, ajuda a expulsar r\u00e0pidament la suor. Les espatlles estan refor\u00e7ades amb una pe\u00e7a antiabrasi\u00f3 de teixit PAPUA. Sentir\u00e0s un confort total.<br \/>\nA l&#8217;esquena t\u00e9 una butxaca amb cremallera perqu\u00e8 puguis guardar qualsevol objecte sense por de perdre&#8217;l.<br \/>\nDescobreix la teva faceta m\u00e9s viatgera i aventurera amb aquesta samarreta dissenyada per a les amants del gravel.<\/p>\n","protected":false},"featured_media":167806,"comment_status":"closed","ping_status":"closed","template":"","meta":{"_acf_changed":false},"product_brand":[],"product_cat":[8306],"product_tag":[],"custom_category":[3347,10867,10859],"range":[10855],"class_list":{"0":"post-167937","1":"product","2":"type-product","3":"status-publish","4":"has-post-thumbnail","6":"product_cat-uncategorized-ca","7":"pa_climatologia-calor-ca","8":"pa_deporte-gravel-ca","9":"pa_genero-dona","10":"pa_patronaje-casual-ca","11":"pa_tipo-de-prenda-samarreta","12":"custom_category-esport","13":"custom_category-samarreta-bikepacking-personalitzada","14":"custom_category-roba-bikepacking-personalitzada","15":"range-tracker-ca","17":"first","18":"instock","19":"product-type-custom"},"acf":[],"yoast_head":"<!-- This site is optimized with the Yoast SEO plugin v27.3 - https:\/\/yoast.com\/product\/yoast-seo-wordpress\/ -->\n<title>Samarreta m\u00e0niga curta dona TRACKER<\/title>\n<meta name=\"description\" content=\"Samarreta s\u00faper transpirable amb un patronatge folgat, perfecta per gaudir de llargues excursions. Est\u00e0 confeccionada amb un teixit d&#039;estructura oberta molt resistent que, a m\u00e9s, ajuda a expulsar r\u00e0pidament la suor. Les espatlles estan refor\u00e7ades amb una pe\u00e7a antiabrasi\u00f3 de teixit PAPUA. Sentir\u00e0s un confort total. A l&#039;esquena t\u00e9 una butxaca amb cremallera perqu\u00e8 puguis guardar qualsevol objecte sense por de perdre&#039;l. Descobreix la teva faceta m\u00e9s viatgera i aventurera amb aquesta samarreta dissenyada per a les amants del gravel.\" \/>\n<meta name=\"robots\" content=\"index, follow, max-snippet:-1, max-image-preview:large, max-video-preview:-1\" \/>\n<link rel=\"canonical\" href=\"https:\/\/www.inverseteams.com\/ca\/producte\/samarreta-maniga-curta-dona-tracker\/\" \/>\n<meta property=\"og:locale\" content=\"ca_ES\" \/>\n<meta property=\"og:type\" content=\"article\" \/>\n<meta property=\"og:title\" content=\"Samarreta m\u00e0niga curta dona TRACKER\" \/>\n<meta property=\"og:description\" content=\"Samarreta s\u00faper transpirable amb un patronatge folgat, perfecta per gaudir de llargues excursions. Est\u00e0 confeccionada amb un teixit d&#039;estructura oberta molt resistent que, a m\u00e9s, ajuda a expulsar r\u00e0pidament la suor. Les espatlles estan refor\u00e7ades amb una pe\u00e7a antiabrasi\u00f3 de teixit PAPUA. Sentir\u00e0s un confort total. A l&#039;esquena t\u00e9 una butxaca amb cremallera perqu\u00e8 puguis guardar qualsevol objecte sense por de perdre&#039;l. Descobreix la teva faceta m\u00e9s viatgera i aventurera amb aquesta samarreta dissenyada per a les amants del gravel.\" \/>\n<meta property=\"og:url\" content=\"https:\/\/www.inverseteams.com\/ca\/producte\/samarreta-maniga-curta-dona-tracker\/\" \/>\n<meta property=\"og:site_name\" content=\"Inverseteams\" \/>\n<meta property=\"article:publisher\" content=\"https:\/\/www.facebook.com\/inverseteams\" \/>\n<meta property=\"article:modified_time\" content=\"2023-11-08T15:36:34+00:00\" \/>\n<meta property=\"og:image\" content=\"https:\/\/www.inverseteams.com\/wp-content\/uploads\/CAMISETA-MC-MUJER-TRACKER-1.jpg\" \/>\n\t<meta property=\"og:image:width\" content=\"3222\" \/>\n\t<meta property=\"og:image:height\" content=\"3462\" \/>\n\t<meta property=\"og:image:type\" content=\"image\/jpeg\" \/>\n<meta name=\"twitter:card\" content=\"summary_large_image\" \/>\n<meta name=\"twitter:label1\" content=\"Temps estimat de lectura\" \/>\n\t<meta name=\"twitter:data1\" content=\"1 minut\" \/>\n<script type=\"application\/ld+json\" class=\"yoast-schema-graph\">{\"@context\":\"https:\\\/\\\/schema.org\",\"@graph\":[{\"@type\":\"WebPage\",\"@id\":\"https:\\\/\\\/www.inverseteams.com\\\/ca\\\/producte\\\/samarreta-maniga-curta-dona-tracker\\\/\",\"url\":\"https:\\\/\\\/www.inverseteams.com\\\/ca\\\/producte\\\/samarreta-maniga-curta-dona-tracker\\\/\",\"name\":\"Samarreta m\u00e0niga curta dona TRACKER\",\"isPartOf\":{\"@id\":\"https:\\\/\\\/www.inverseteams.com\\\/ca\\\/#website\"},\"primaryImageOfPage\":{\"@id\":\"https:\\\/\\\/www.inverseteams.com\\\/ca\\\/producte\\\/samarreta-maniga-curta-dona-tracker\\\/#primaryimage\"},\"image\":{\"@id\":\"https:\\\/\\\/www.inverseteams.com\\\/ca\\\/producte\\\/samarreta-maniga-curta-dona-tracker\\\/#primaryimage\"},\"thumbnailUrl\":\"https:\\\/\\\/www.inverseteams.com\\\/wp-content\\\/uploads\\\/CAMISETA-MC-MUJER-TRACKER-1.jpg\",\"datePublished\":\"2023-11-08T15:14:22+00:00\",\"dateModified\":\"2023-11-08T15:36:34+00:00\",\"description\":\"Samarreta s\u00faper transpirable amb un patronatge folgat, perfecta per gaudir de llargues excursions. Est\u00e0 confeccionada amb un teixit d'estructura oberta molt resistent que, a m\u00e9s, ajuda a expulsar r\u00e0pidament la suor. Les espatlles estan refor\u00e7ades amb una pe\u00e7a antiabrasi\u00f3 de teixit PAPUA. Sentir\u00e0s un confort total. A l'esquena t\u00e9 una butxaca amb cremallera perqu\u00e8 puguis guardar qualsevol objecte sense por de perdre'l. Descobreix la teva faceta m\u00e9s viatgera i aventurera amb aquesta samarreta dissenyada per a les amants del gravel.\",\"breadcrumb\":{\"@id\":\"https:\\\/\\\/www.inverseteams.com\\\/ca\\\/producte\\\/samarreta-maniga-curta-dona-tracker\\\/#breadcrumb\"},\"inLanguage\":\"ca\",\"potentialAction\":[{\"@type\":\"ReadAction\",\"target\":[\"https:\\\/\\\/www.inverseteams.com\\\/ca\\\/producte\\\/samarreta-maniga-curta-dona-tracker\\\/\"]}]},{\"@type\":\"ImageObject\",\"inLanguage\":\"ca\",\"@id\":\"https:\\\/\\\/www.inverseteams.com\\\/ca\\\/producte\\\/samarreta-maniga-curta-dona-tracker\\\/#primaryimage\",\"url\":\"https:\\\/\\\/www.inverseteams.com\\\/wp-content\\\/uploads\\\/CAMISETA-MC-MUJER-TRACKER-1.jpg\",\"contentUrl\":\"https:\\\/\\\/www.inverseteams.com\\\/wp-content\\\/uploads\\\/CAMISETA-MC-MUJER-TRACKER-1.jpg\",\"width\":3222,\"height\":3462,\"caption\":\"Samarreta m\u00e0niga curta gravel dona\"},{\"@type\":\"BreadcrumbList\",\"@id\":\"https:\\\/\\\/www.inverseteams.com\\\/ca\\\/producte\\\/samarreta-maniga-curta-dona-tracker\\\/#breadcrumb\",\"itemListElement\":[{\"@type\":\"ListItem\",\"position\":1,\"name\":\"Portada\",\"item\":\"https:\\\/\\\/www.inverseteams.com\\\/ca\\\/pagina-principal\\\/\"},{\"@type\":\"ListItem\",\"position\":2,\"name\":\"Botiga\",\"item\":\"https:\\\/\\\/www.inverseteams.com\\\/ca\\\/botiga\\\/\"},{\"@type\":\"ListItem\",\"position\":3,\"name\":\"Samarreta m\u00e0niga curta dona TRACKER\"}]},{\"@type\":\"WebSite\",\"@id\":\"https:\\\/\\\/www.inverseteams.com\\\/ca\\\/#website\",\"url\":\"https:\\\/\\\/www.inverseteams.com\\\/ca\\\/\",\"name\":\"Inverseteams\",\"description\":\"Tu marca de ropa deportiva personalizada\",\"publisher\":{\"@id\":\"https:\\\/\\\/www.inverseteams.com\\\/ca\\\/#organization\"},\"potentialAction\":[{\"@type\":\"SearchAction\",\"target\":{\"@type\":\"EntryPoint\",\"urlTemplate\":\"https:\\\/\\\/www.inverseteams.com\\\/ca\\\/?s={search_term_string}\"},\"query-input\":{\"@type\":\"PropertyValueSpecification\",\"valueRequired\":true,\"valueName\":\"search_term_string\"}}],\"inLanguage\":\"ca\"},{\"@type\":\"Organization\",\"@id\":\"https:\\\/\\\/www.inverseteams.com\\\/ca\\\/#organization\",\"name\":\"Inverse Teams\",\"url\":\"https:\\\/\\\/www.inverseteams.com\\\/ca\\\/\",\"logo\":{\"@type\":\"ImageObject\",\"inLanguage\":\"ca\",\"@id\":\"https:\\\/\\\/www.inverseteams.com\\\/ca\\\/#\\\/schema\\\/logo\\\/image\\\/\",\"url\":\"https:\\\/\\\/www.inverseteams.com\\\/wp-content\\\/uploads\\\/2021\\\/03\\\/logo-inverse-teams.png\",\"contentUrl\":\"https:\\\/\\\/www.inverseteams.com\\\/wp-content\\\/uploads\\\/2021\\\/03\\\/logo-inverse-teams.png\",\"width\":294,\"height\":99,\"caption\":\"Inverse Teams\"},\"image\":{\"@id\":\"https:\\\/\\\/www.inverseteams.com\\\/ca\\\/#\\\/schema\\\/logo\\\/image\\\/\"},\"sameAs\":[\"https:\\\/\\\/www.facebook.com\\\/inverseteams\",\"http:\\\/\\\/instagram.com\\\/inverseteams\",\"https:\\\/\\\/www.linkedin.com\\\/company\\\/inverse-cirosport-s-l-?trk=job_view_topcard_company_name\",\"http:\\\/\\\/www.pinterest.com\\\/inverseteams\\\/\",\"http:\\\/\\\/www.youtube.com\\\/user\\\/inverseteams?feature=watch\"]}]}<\/script>\n<!-- \/ Yoast SEO plugin. -->","yoast_head_json":{"title":"Samarreta m\u00e0niga curta dona TRACKER","description":"Samarreta s\u00faper transpirable amb un patronatge folgat, perfecta per gaudir de llargues excursions. Est\u00e0 confeccionada amb un teixit d'estructura oberta molt resistent que, a m\u00e9s, ajuda a expulsar r\u00e0pidament la suor. Les espatlles estan refor\u00e7ades amb una pe\u00e7a antiabrasi\u00f3 de teixit PAPUA. Sentir\u00e0s un confort total. A l'esquena t\u00e9 una butxaca amb cremallera perqu\u00e8 puguis guardar qualsevol objecte sense por de perdre'l. Descobreix la teva faceta m\u00e9s viatgera i aventurera amb aquesta samarreta dissenyada per a les amants del gravel.","robots":{"index":"index","follow":"follow","max-snippet":"max-snippet:-1","max-image-preview":"max-image-preview:large","max-video-preview":"max-video-preview:-1"},"canonical":"https:\/\/www.inverseteams.com\/ca\/producte\/samarreta-maniga-curta-dona-tracker\/","og_locale":"ca_ES","og_type":"article","og_title":"Samarreta m\u00e0niga curta dona TRACKER","og_description":"Samarreta s\u00faper transpirable amb un patronatge folgat, perfecta per gaudir de llargues excursions. Est\u00e0 confeccionada amb un teixit d'estructura oberta molt resistent que, a m\u00e9s, ajuda a expulsar r\u00e0pidament la suor. Les espatlles estan refor\u00e7ades amb una pe\u00e7a antiabrasi\u00f3 de teixit PAPUA. Sentir\u00e0s un confort total. A l'esquena t\u00e9 una butxaca amb cremallera perqu\u00e8 puguis guardar qualsevol objecte sense por de perdre'l. Descobreix la teva faceta m\u00e9s viatgera i aventurera amb aquesta samarreta dissenyada per a les amants del gravel.","og_url":"https:\/\/www.inverseteams.com\/ca\/producte\/samarreta-maniga-curta-dona-tracker\/","og_site_name":"Inverseteams","article_publisher":"https:\/\/www.facebook.com\/inverseteams","article_modified_time":"2023-11-08T15:36:34+00:00","og_image":[{"width":3222,"height":3462,"url":"https:\/\/www.inverseteams.com\/wp-content\/uploads\/CAMISETA-MC-MUJER-TRACKER-1.jpg","type":"image\/jpeg"}],"twitter_card":"summary_large_image","twitter_misc":{"Temps estimat de lectura":"1 minut"},"schema":{"@context":"https:\/\/schema.org","@graph":[{"@type":"WebPage","@id":"https:\/\/www.inverseteams.com\/ca\/producte\/samarreta-maniga-curta-dona-tracker\/","url":"https:\/\/www.inverseteams.com\/ca\/producte\/samarreta-maniga-curta-dona-tracker\/","name":"Samarreta m\u00e0niga curta dona TRACKER","isPartOf":{"@id":"https:\/\/www.inverseteams.com\/ca\/#website"},"primaryImageOfPage":{"@id":"https:\/\/www.inverseteams.com\/ca\/producte\/samarreta-maniga-curta-dona-tracker\/#primaryimage"},"image":{"@id":"https:\/\/www.inverseteams.com\/ca\/producte\/samarreta-maniga-curta-dona-tracker\/#primaryimage"},"thumbnailUrl":"https:\/\/www.inverseteams.com\/wp-content\/uploads\/CAMISETA-MC-MUJER-TRACKER-1.jpg","datePublished":"2023-11-08T15:14:22+00:00","dateModified":"2023-11-08T15:36:34+00:00","description":"Samarreta s\u00faper transpirable amb un patronatge folgat, perfecta per gaudir de llargues excursions. Est\u00e0 confeccionada amb un teixit d'estructura oberta molt resistent que, a m\u00e9s, ajuda a expulsar r\u00e0pidament la suor. Les espatlles estan refor\u00e7ades amb una pe\u00e7a antiabrasi\u00f3 de teixit PAPUA. Sentir\u00e0s un confort total. A l'esquena t\u00e9 una butxaca amb cremallera perqu\u00e8 puguis guardar qualsevol objecte sense por de perdre'l. Descobreix la teva faceta m\u00e9s viatgera i aventurera amb aquesta samarreta dissenyada per a les amants del gravel.","breadcrumb":{"@id":"https:\/\/www.inverseteams.com\/ca\/producte\/samarreta-maniga-curta-dona-tracker\/#breadcrumb"},"inLanguage":"ca","potentialAction":[{"@type":"ReadAction","target":["https:\/\/www.inverseteams.com\/ca\/producte\/samarreta-maniga-curta-dona-tracker\/"]}]},{"@type":"ImageObject","inLanguage":"ca","@id":"https:\/\/www.inverseteams.com\/ca\/producte\/samarreta-maniga-curta-dona-tracker\/#primaryimage","url":"https:\/\/www.inverseteams.com\/wp-content\/uploads\/CAMISETA-MC-MUJER-TRACKER-1.jpg","contentUrl":"https:\/\/www.inverseteams.com\/wp-content\/uploads\/CAMISETA-MC-MUJER-TRACKER-1.jpg","width":3222,"height":3462,"caption":"Samarreta m\u00e0niga curta gravel dona"},{"@type":"BreadcrumbList","@id":"https:\/\/www.inverseteams.com\/ca\/producte\/samarreta-maniga-curta-dona-tracker\/#breadcrumb","itemListElement":[{"@type":"ListItem","position":1,"name":"Portada","item":"https:\/\/www.inverseteams.com\/ca\/pagina-principal\/"},{"@type":"ListItem","position":2,"name":"Botiga","item":"https:\/\/www.inverseteams.com\/ca\/botiga\/"},{"@type":"ListItem","position":3,"name":"Samarreta m\u00e0niga curta dona TRACKER"}]},{"@type":"WebSite","@id":"https:\/\/www.inverseteams.com\/ca\/#website","url":"https:\/\/www.inverseteams.com\/ca\/","name":"Inverseteams","description":"Tu marca de ropa deportiva personalizada","publisher":{"@id":"https:\/\/www.inverseteams.com\/ca\/#organization"},"potentialAction":[{"@type":"SearchAction","target":{"@type":"EntryPoint","urlTemplate":"https:\/\/www.inverseteams.com\/ca\/?s={search_term_string}"},"query-input":{"@type":"PropertyValueSpecification","valueRequired":true,"valueName":"search_term_string"}}],"inLanguage":"ca"},{"@type":"Organization","@id":"https:\/\/www.inverseteams.com\/ca\/#organization","name":"Inverse Teams","url":"https:\/\/www.inverseteams.com\/ca\/","logo":{"@type":"ImageObject","inLanguage":"ca","@id":"https:\/\/www.inverseteams.com\/ca\/#\/schema\/logo\/image\/","url":"https:\/\/www.inverseteams.com\/wp-content\/uploads\/2021\/03\/logo-inverse-teams.png","contentUrl":"https:\/\/www.inverseteams.com\/wp-content\/uploads\/2021\/03\/logo-inverse-teams.png","width":294,"height":99,"caption":"Inverse Teams"},"image":{"@id":"https:\/\/www.inverseteams.com\/ca\/#\/schema\/logo\/image\/"},"sameAs":["https:\/\/www.facebook.com\/inverseteams","http:\/\/instagram.com\/inverseteams","https:\/\/www.linkedin.com\/company\/inverse-cirosport-s-l-?trk=job_view_topcard_company_name","http:\/\/www.pinterest.com\/inverseteams\/","http:\/\/www.youtube.com\/user\/inverseteams?feature=watch"]}]}},"_links":{"self":[{"href":"https:\/\/www.inverseteams.com\/ca\/wp-json\/wp\/v2\/product\/167937","targetHints":{"allow":["GET"]}}],"collection":[{"href":"https:\/\/www.inverseteams.com\/ca\/wp-json\/wp\/v2\/product"}],"about":[{"href":"https:\/\/www.inverseteams.com\/ca\/wp-json\/wp\/v2\/types\/product"}],"replies":[{"embeddable":true,"href":"https:\/\/www.inverseteams.com\/ca\/wp-json\/wp\/v2\/comments?post=167937"}],"wp:featuredmedia":[{"embeddable":true,"href":"https:\/\/www.inverseteams.com\/ca\/wp-json\/wp\/v2\/media\/167806"}],"wp:attachment":[{"href":"https:\/\/www.inverseteams.com\/ca\/wp-json\/wp\/v2\/media?parent=167937"}],"wp:term":[{"taxonomy":"product_brand","embeddable":true,"href":"https:\/\/www.inverseteams.com\/ca\/wp-json\/wp\/v2\/product_brand?post=167937"},{"taxonomy":"product_cat","embeddable":true,"href":"https:\/\/www.inverseteams.com\/ca\/wp-json\/wp\/v2\/product_cat?post=167937"},{"taxonomy":"product_tag","embeddable":true,"href":"https:\/\/www.inverseteams.com\/ca\/wp-json\/wp\/v2\/product_tag?post=167937"},{"taxonomy":"custom_category","embeddable":true,"href":"https:\/\/www.inverseteams.com\/ca\/wp-json\/wp\/v2\/custom_category?post=167937"},{"taxonomy":"range","embeddable":true,"href":"https:\/\/www.inverseteams.com\/ca\/wp-json\/wp\/v2\/range?post=167937"}],"curies":[{"name":"wp","href":"https:\/\/api.w.org\/{rel}","templated":true}]}}