{"id":15494,"date":"2021-05-13T08:07:41","date_gmt":"2021-05-13T08:07:41","guid":{"rendered":"https:\/\/inverseteams.com\/product\/mono-triatlo-tuvalu-lotus\/"},"modified":"2021-05-10T07:30:17","modified_gmt":"2021-05-10T07:30:17","slug":"mono-triatlo-tuvalu-lotus","status":"publish","type":"product","link":"https:\/\/www.inverseteams.com\/ca\/producte\/mono-triatlo-tuvalu-lotus\/","title":{"rendered":"Mono triatl\u00f3 TUVALU LOTUS"},"content":{"rendered":"<p>L\u2019elasticitat i lleugeresa et permetr\u00e0 una total llibertat de moviments i no sentir\u00e0s ninguna mol\u00e8stia durant les diferents etapes del triatl\u00f3. El seu acabat de tefl\u00f3 repel\u00b7leix l\u2019aigua i t\u2019ajuda a lliscar per l\u2019aigua amb m\u00e9s facilitat i a assecar-te r\u00e0pidament durant la transici\u00f3.<br \/>\nEl coll i les cises estan finalitzades amb el ribet Evolution. \u00c9s fi i suau i no provoca cap tipus de fregament. A m\u00e9s, \u00e9s el\u00e0stic i s\u2019adapta perfectament al cos per evitar el m\u00e0xim possible l\u2019entrada d\u2019aigua durant la nataci\u00f3 o d\u2019aire durant el ciclisme.<br \/>\nLa cremallera el\u00e0stica s\u2019adapta a totes les posicions sense incomodar-te. A la zona lumbar hi ha una butxaca el\u00e0stica de reixeta que expulsa r\u00e0pidament l\u2019aigua i \u00e9s molt \u00fatil per guardar les barretes nutritives. Al final de les cames t\u00e9 una banda el\u00e0stica amb un grip de silicona hipoal\u00b7lerg\u00e8nica al seu interior que mant\u00e9 la pe\u00e7a ben subjecte a la cama. Tots els panells que conformen el mono de triatl\u00f3 han estat dissenyats per adaptar-se a totes les posicions i optimitzar el teu rendiment. Les costures planes que els uneixen s\u00f3n s\u00faper resistents i, a m\u00e9s, aporten un disseny molt atractiu.<br \/>\nFinalment, cal destacar la se badana d\u2019Elastic Interface dissenyada especialment per no absorbir l\u2019aigua i amb la forma ideal per protegir-te durant el ciclisme i no incomodar a l\u2019hora de c\u00f3rrer.<\/p>\n","protected":false},"excerpt":{"rendered":"<p>L\u2019elasticitat i lleugeresa et permetr\u00e0 una total llibertat de moviments i no sentir\u00e0s ninguna mol\u00e8stia durant les diferents etapes del triatl\u00f3. El seu acabat de tefl\u00f3 repel\u00b7leix l\u2019aigua i t\u2019ajuda a lliscar per l\u2019aigua amb m\u00e9s facilitat i a assecar-te r\u00e0pidament durant la transici\u00f3.<br \/>\nEl coll i les cises estan finalitzades amb el ribet Evolution. \u00c9s fi i suau i no provoca cap tipus de fregament. A m\u00e9s, \u00e9s el\u00e0stic i s\u2019adapta perfectament al cos per evitar el m\u00e0xim possible l\u2019entrada d\u2019aigua durant la nataci\u00f3 o d\u2019aire durant el ciclisme.<br \/>\nLa cremallera el\u00e0stica s\u2019adapta a totes les posicions sense incomodar-te. A la zona lumbar hi ha una butxaca el\u00e0stica de reixeta que expulsa r\u00e0pidament l\u2019aigua i \u00e9s molt \u00fatil per guardar les barretes nutritives. Al final de les cames t\u00e9 una banda el\u00e0stica amb un grip de silicona hipoal\u00b7lerg\u00e8nica al seu interior que mant\u00e9 la pe\u00e7a ben subjecte a la cama. Tots els panells que conformen el mono de triatl\u00f3 han estat dissenyats per adaptar-se a totes les posicions i optimitzar el teu rendiment. Les costures planes que els uneixen s\u00f3n s\u00faper resistents i, a m\u00e9s, aporten un disseny molt atractiu.<br \/>\nFinalment, cal destacar la se badana d\u2019Elastic Interface dissenyada especialment per no absorbir l\u2019aigua i amb la forma ideal per protegir-te durant el ciclisme i no incomodar a l\u2019hora de c\u00f3rrer.<\/p>\n","protected":false},"featured_media":13207,"comment_status":"closed","ping_status":"closed","template":"","meta":{"_acf_changed":false},"product_brand":[],"product_cat":[4194,4193,4186],"product_tag":[],"custom_category":[],"range":[],"class_list":{"0":"post-15494","1":"product","2":"type-product","3":"status-publish","4":"has-post-thumbnail","6":"product_cat-mono-triatlo-outlet","7":"product_cat-triatlo-outlet","8":"product_cat-outet-ca","9":"pa_climatologia-calor-ca","10":"pa_deporte-triatlo","11":"pa_genero-home","12":"pa_patronaje-fit-ca","13":"pa_talla-s-ca","14":"pa_talla-xl-ca","15":"pa_talla-l-ca","16":"pa_talla-m-ca","17":"pa_tipo-de-prenda-trimono-ca","19":"first","20":"instock","21":"sale","22":"taxable","23":"shipping-taxable","24":"purchasable","25":"product-type-variable","26":"has-default-attributes"},"acf":[],"yoast_head":"<!-- This site is optimized with the Yoast SEO plugin v27.3 - https:\/\/yoast.com\/product\/yoast-seo-wordpress\/ -->\n<title>Mono triatl\u00f3 TUVALU LOTUS<\/title>\n<meta name=\"description\" content=\"L\u2019elasticitat i lleugeresa et permetr\u00e0 una total llibertat de moviments i no sentir\u00e0s ninguna mol\u00e8stia durant les diferents etapes del triatl\u00f3. El seu acabat de tefl\u00f3 repel\u00b7leix l\u2019aigua i t\u2019ajuda a lliscar per l\u2019aigua amb m\u00e9s facilitat i a assecar-te r\u00e0pidament durant la transici\u00f3. El coll i les cises estan finalitzades amb el ribet Evolution. \u00c9s fi i suau i no provoca cap tipus de fregament. A m\u00e9s, \u00e9s el\u00e0stic i s\u2019adapta perfectament al cos per evitar el m\u00e0xim possible l\u2019entrada d\u2019aigua durant la nataci\u00f3 o d\u2019aire durant el ciclisme. La cremallera el\u00e0stica s\u2019adapta a totes les posicions sense incomodar-te. A la zona lumbar hi ha una butxaca el\u00e0stica de reixeta que expulsa r\u00e0pidament l\u2019aigua i \u00e9s molt \u00fatil per guardar les barretes nutritives. Al final de les cames t\u00e9 una banda el\u00e0stica amb un grip de silicona hipoal\u00b7lerg\u00e8nica al seu interior que mant\u00e9 la pe\u00e7a ben subjecte a la cama. Tots els panells que conformen el mono de triatl\u00f3 han estat dissenyats per adaptar-se a totes les posicions i optimitzar el teu rendiment. Les costures planes que els uneixen s\u00f3n s\u00faper resistents i, a m\u00e9s, aporten un disseny molt atractiu. Finalment, cal destacar la se badana d\u2019Elastic Interface dissenyada especialment per no absorbir l\u2019aigua i amb la forma ideal per protegir-te durant el ciclisme i no incomodar a l\u2019hora de c\u00f3rrer.\" \/>\n<meta name=\"robots\" content=\"index, follow, max-snippet:-1, max-image-preview:large, max-video-preview:-1\" \/>\n<link rel=\"canonical\" href=\"https:\/\/www.inverseteams.com\/ca\/producte\/mono-triatlo-tuvalu-lotus\/\" \/>\n<meta property=\"og:locale\" content=\"ca_ES\" \/>\n<meta property=\"og:type\" content=\"article\" \/>\n<meta property=\"og:title\" content=\"Mono triatl\u00f3 TUVALU LOTUS\" \/>\n<meta property=\"og:description\" content=\"L\u2019elasticitat i lleugeresa et permetr\u00e0 una total llibertat de moviments i no sentir\u00e0s ninguna mol\u00e8stia durant les diferents etapes del triatl\u00f3. El seu acabat de tefl\u00f3 repel\u00b7leix l\u2019aigua i t\u2019ajuda a lliscar per l\u2019aigua amb m\u00e9s facilitat i a assecar-te r\u00e0pidament durant la transici\u00f3. El coll i les cises estan finalitzades amb el ribet Evolution. \u00c9s fi i suau i no provoca cap tipus de fregament. A m\u00e9s, \u00e9s el\u00e0stic i s\u2019adapta perfectament al cos per evitar el m\u00e0xim possible l\u2019entrada d\u2019aigua durant la nataci\u00f3 o d\u2019aire durant el ciclisme. La cremallera el\u00e0stica s\u2019adapta a totes les posicions sense incomodar-te. A la zona lumbar hi ha una butxaca el\u00e0stica de reixeta que expulsa r\u00e0pidament l\u2019aigua i \u00e9s molt \u00fatil per guardar les barretes nutritives. Al final de les cames t\u00e9 una banda el\u00e0stica amb un grip de silicona hipoal\u00b7lerg\u00e8nica al seu interior que mant\u00e9 la pe\u00e7a ben subjecte a la cama. Tots els panells que conformen el mono de triatl\u00f3 han estat dissenyats per adaptar-se a totes les posicions i optimitzar el teu rendiment. Les costures planes que els uneixen s\u00f3n s\u00faper resistents i, a m\u00e9s, aporten un disseny molt atractiu. Finalment, cal destacar la se badana d\u2019Elastic Interface dissenyada especialment per no absorbir l\u2019aigua i amb la forma ideal per protegir-te durant el ciclisme i no incomodar a l\u2019hora de c\u00f3rrer.\" \/>\n<meta property=\"og:url\" content=\"https:\/\/www.inverseteams.com\/ca\/producte\/mono-triatlo-tuvalu-lotus\/\" \/>\n<meta property=\"og:site_name\" content=\"Inverseteams\" \/>\n<meta property=\"article:publisher\" content=\"https:\/\/www.facebook.com\/inverseteams\" \/>\n<meta property=\"og:image\" content=\"https:\/\/www.inverseteams.com\/wp-content\/uploads\/MONO-TRIATLON-TUVALU-LOTUS-1.jpg\" \/>\n\t<meta property=\"og:image:width\" content=\"3222\" \/>\n\t<meta property=\"og:image:height\" content=\"3462\" \/>\n\t<meta property=\"og:image:type\" content=\"image\/jpeg\" \/>\n<meta name=\"twitter:card\" content=\"summary_large_image\" \/>\n<meta name=\"twitter:label1\" content=\"Temps estimat de lectura\" \/>\n\t<meta name=\"twitter:data1\" content=\"1 minut\" \/>\n<script type=\"application\/ld+json\" class=\"yoast-schema-graph\">{\"@context\":\"https:\\\/\\\/schema.org\",\"@graph\":[{\"@type\":\"WebPage\",\"@id\":\"https:\\\/\\\/www.inverseteams.com\\\/ca\\\/producte\\\/mono-triatlo-tuvalu-lotus\\\/\",\"url\":\"https:\\\/\\\/www.inverseteams.com\\\/ca\\\/producte\\\/mono-triatlo-tuvalu-lotus\\\/\",\"name\":\"Mono triatl\u00f3 TUVALU LOTUS\",\"isPartOf\":{\"@id\":\"https:\\\/\\\/www.inverseteams.com\\\/ca\\\/#website\"},\"primaryImageOfPage\":{\"@id\":\"https:\\\/\\\/www.inverseteams.com\\\/ca\\\/producte\\\/mono-triatlo-tuvalu-lotus\\\/#primaryimage\"},\"image\":{\"@id\":\"https:\\\/\\\/www.inverseteams.com\\\/ca\\\/producte\\\/mono-triatlo-tuvalu-lotus\\\/#primaryimage\"},\"thumbnailUrl\":\"https:\\\/\\\/www.inverseteams.com\\\/wp-content\\\/uploads\\\/MONO-TRIATLON-TUVALU-LOTUS-1.jpg\",\"datePublished\":\"2021-05-13T08:07:41+00:00\",\"description\":\"L\u2019elasticitat i lleugeresa et permetr\u00e0 una total llibertat de moviments i no sentir\u00e0s ninguna mol\u00e8stia durant les diferents etapes del triatl\u00f3. El seu acabat de tefl\u00f3 repel\u00b7leix l\u2019aigua i t\u2019ajuda a lliscar per l\u2019aigua amb m\u00e9s facilitat i a assecar-te r\u00e0pidament durant la transici\u00f3. El coll i les cises estan finalitzades amb el ribet Evolution. \u00c9s fi i suau i no provoca cap tipus de fregament. A m\u00e9s, \u00e9s el\u00e0stic i s\u2019adapta perfectament al cos per evitar el m\u00e0xim possible l\u2019entrada d\u2019aigua durant la nataci\u00f3 o d\u2019aire durant el ciclisme. La cremallera el\u00e0stica s\u2019adapta a totes les posicions sense incomodar-te. A la zona lumbar hi ha una butxaca el\u00e0stica de reixeta que expulsa r\u00e0pidament l\u2019aigua i \u00e9s molt \u00fatil per guardar les barretes nutritives. Al final de les cames t\u00e9 una banda el\u00e0stica amb un grip de silicona hipoal\u00b7lerg\u00e8nica al seu interior que mant\u00e9 la pe\u00e7a ben subjecte a la cama. Tots els panells que conformen el mono de triatl\u00f3 han estat dissenyats per adaptar-se a totes les posicions i optimitzar el teu rendiment. Les costures planes que els uneixen s\u00f3n s\u00faper resistents i, a m\u00e9s, aporten un disseny molt atractiu. Finalment, cal destacar la se badana d\u2019Elastic Interface dissenyada especialment per no absorbir l\u2019aigua i amb la forma ideal per protegir-te durant el ciclisme i no incomodar a l\u2019hora de c\u00f3rrer.\",\"breadcrumb\":{\"@id\":\"https:\\\/\\\/www.inverseteams.com\\\/ca\\\/producte\\\/mono-triatlo-tuvalu-lotus\\\/#breadcrumb\"},\"inLanguage\":\"ca\",\"potentialAction\":[{\"@type\":\"ReadAction\",\"target\":[\"https:\\\/\\\/www.inverseteams.com\\\/ca\\\/producte\\\/mono-triatlo-tuvalu-lotus\\\/\"]}]},{\"@type\":\"ImageObject\",\"inLanguage\":\"ca\",\"@id\":\"https:\\\/\\\/www.inverseteams.com\\\/ca\\\/producte\\\/mono-triatlo-tuvalu-lotus\\\/#primaryimage\",\"url\":\"https:\\\/\\\/www.inverseteams.com\\\/wp-content\\\/uploads\\\/MONO-TRIATLON-TUVALU-LOTUS-1.jpg\",\"contentUrl\":\"https:\\\/\\\/www.inverseteams.com\\\/wp-content\\\/uploads\\\/MONO-TRIATLON-TUVALU-LOTUS-1.jpg\",\"width\":3222,\"height\":3462,\"caption\":\"Mono triatl\u00f3n TUVALU LOTUS\"},{\"@type\":\"BreadcrumbList\",\"@id\":\"https:\\\/\\\/www.inverseteams.com\\\/ca\\\/producte\\\/mono-triatlo-tuvalu-lotus\\\/#breadcrumb\",\"itemListElement\":[{\"@type\":\"ListItem\",\"position\":1,\"name\":\"Portada\",\"item\":\"https:\\\/\\\/www.inverseteams.com\\\/ca\\\/pagina-principal\\\/\"},{\"@type\":\"ListItem\",\"position\":2,\"name\":\"Botiga\",\"item\":\"https:\\\/\\\/www.inverseteams.com\\\/ca\\\/botiga\\\/\"},{\"@type\":\"ListItem\",\"position\":3,\"name\":\"Mono triatl\u00f3 TUVALU LOTUS\"}]},{\"@type\":\"WebSite\",\"@id\":\"https:\\\/\\\/www.inverseteams.com\\\/ca\\\/#website\",\"url\":\"https:\\\/\\\/www.inverseteams.com\\\/ca\\\/\",\"name\":\"Inverseteams\",\"description\":\"Tu marca de ropa deportiva personalizada\",\"publisher\":{\"@id\":\"https:\\\/\\\/www.inverseteams.com\\\/ca\\\/#organization\"},\"potentialAction\":[{\"@type\":\"SearchAction\",\"target\":{\"@type\":\"EntryPoint\",\"urlTemplate\":\"https:\\\/\\\/www.inverseteams.com\\\/ca\\\/?s={search_term_string}\"},\"query-input\":{\"@type\":\"PropertyValueSpecification\",\"valueRequired\":true,\"valueName\":\"search_term_string\"}}],\"inLanguage\":\"ca\"},{\"@type\":\"Organization\",\"@id\":\"https:\\\/\\\/www.inverseteams.com\\\/ca\\\/#organization\",\"name\":\"Inverse Teams\",\"url\":\"https:\\\/\\\/www.inverseteams.com\\\/ca\\\/\",\"logo\":{\"@type\":\"ImageObject\",\"inLanguage\":\"ca\",\"@id\":\"https:\\\/\\\/www.inverseteams.com\\\/ca\\\/#\\\/schema\\\/logo\\\/image\\\/\",\"url\":\"https:\\\/\\\/www.inverseteams.com\\\/wp-content\\\/uploads\\\/2021\\\/03\\\/logo-inverse-teams.png\",\"contentUrl\":\"https:\\\/\\\/www.inverseteams.com\\\/wp-content\\\/uploads\\\/2021\\\/03\\\/logo-inverse-teams.png\",\"width\":294,\"height\":99,\"caption\":\"Inverse Teams\"},\"image\":{\"@id\":\"https:\\\/\\\/www.inverseteams.com\\\/ca\\\/#\\\/schema\\\/logo\\\/image\\\/\"},\"sameAs\":[\"https:\\\/\\\/www.facebook.com\\\/inverseteams\",\"http:\\\/\\\/instagram.com\\\/inverseteams\",\"https:\\\/\\\/www.linkedin.com\\\/company\\\/inverse-cirosport-s-l-?trk=job_view_topcard_company_name\",\"http:\\\/\\\/www.pinterest.com\\\/inverseteams\\\/\",\"http:\\\/\\\/www.youtube.com\\\/user\\\/inverseteams?feature=watch\"]}]}<\/script>\n<!-- \/ Yoast SEO plugin. -->","yoast_head_json":{"title":"Mono triatl\u00f3 TUVALU LOTUS","description":"L\u2019elasticitat i lleugeresa et permetr\u00e0 una total llibertat de moviments i no sentir\u00e0s ninguna mol\u00e8stia durant les diferents etapes del triatl\u00f3. El seu acabat de tefl\u00f3 repel\u00b7leix l\u2019aigua i t\u2019ajuda a lliscar per l\u2019aigua amb m\u00e9s facilitat i a assecar-te r\u00e0pidament durant la transici\u00f3. El coll i les cises estan finalitzades amb el ribet Evolution. \u00c9s fi i suau i no provoca cap tipus de fregament. A m\u00e9s, \u00e9s el\u00e0stic i s\u2019adapta perfectament al cos per evitar el m\u00e0xim possible l\u2019entrada d\u2019aigua durant la nataci\u00f3 o d\u2019aire durant el ciclisme. La cremallera el\u00e0stica s\u2019adapta a totes les posicions sense incomodar-te. A la zona lumbar hi ha una butxaca el\u00e0stica de reixeta que expulsa r\u00e0pidament l\u2019aigua i \u00e9s molt \u00fatil per guardar les barretes nutritives. Al final de les cames t\u00e9 una banda el\u00e0stica amb un grip de silicona hipoal\u00b7lerg\u00e8nica al seu interior que mant\u00e9 la pe\u00e7a ben subjecte a la cama. Tots els panells que conformen el mono de triatl\u00f3 han estat dissenyats per adaptar-se a totes les posicions i optimitzar el teu rendiment. Les costures planes que els uneixen s\u00f3n s\u00faper resistents i, a m\u00e9s, aporten un disseny molt atractiu. Finalment, cal destacar la se badana d\u2019Elastic Interface dissenyada especialment per no absorbir l\u2019aigua i amb la forma ideal per protegir-te durant el ciclisme i no incomodar a l\u2019hora de c\u00f3rrer.","robots":{"index":"index","follow":"follow","max-snippet":"max-snippet:-1","max-image-preview":"max-image-preview:large","max-video-preview":"max-video-preview:-1"},"canonical":"https:\/\/www.inverseteams.com\/ca\/producte\/mono-triatlo-tuvalu-lotus\/","og_locale":"ca_ES","og_type":"article","og_title":"Mono triatl\u00f3 TUVALU LOTUS","og_description":"L\u2019elasticitat i lleugeresa et permetr\u00e0 una total llibertat de moviments i no sentir\u00e0s ninguna mol\u00e8stia durant les diferents etapes del triatl\u00f3. El seu acabat de tefl\u00f3 repel\u00b7leix l\u2019aigua i t\u2019ajuda a lliscar per l\u2019aigua amb m\u00e9s facilitat i a assecar-te r\u00e0pidament durant la transici\u00f3. El coll i les cises estan finalitzades amb el ribet Evolution. \u00c9s fi i suau i no provoca cap tipus de fregament. A m\u00e9s, \u00e9s el\u00e0stic i s\u2019adapta perfectament al cos per evitar el m\u00e0xim possible l\u2019entrada d\u2019aigua durant la nataci\u00f3 o d\u2019aire durant el ciclisme. La cremallera el\u00e0stica s\u2019adapta a totes les posicions sense incomodar-te. A la zona lumbar hi ha una butxaca el\u00e0stica de reixeta que expulsa r\u00e0pidament l\u2019aigua i \u00e9s molt \u00fatil per guardar les barretes nutritives. Al final de les cames t\u00e9 una banda el\u00e0stica amb un grip de silicona hipoal\u00b7lerg\u00e8nica al seu interior que mant\u00e9 la pe\u00e7a ben subjecte a la cama. Tots els panells que conformen el mono de triatl\u00f3 han estat dissenyats per adaptar-se a totes les posicions i optimitzar el teu rendiment. Les costures planes que els uneixen s\u00f3n s\u00faper resistents i, a m\u00e9s, aporten un disseny molt atractiu. Finalment, cal destacar la se badana d\u2019Elastic Interface dissenyada especialment per no absorbir l\u2019aigua i amb la forma ideal per protegir-te durant el ciclisme i no incomodar a l\u2019hora de c\u00f3rrer.","og_url":"https:\/\/www.inverseteams.com\/ca\/producte\/mono-triatlo-tuvalu-lotus\/","og_site_name":"Inverseteams","article_publisher":"https:\/\/www.facebook.com\/inverseteams","og_image":[{"width":3222,"height":3462,"url":"https:\/\/www.inverseteams.com\/wp-content\/uploads\/MONO-TRIATLON-TUVALU-LOTUS-1.jpg","type":"image\/jpeg"}],"twitter_card":"summary_large_image","twitter_misc":{"Temps estimat de lectura":"1 minut"},"schema":{"@context":"https:\/\/schema.org","@graph":[{"@type":"WebPage","@id":"https:\/\/www.inverseteams.com\/ca\/producte\/mono-triatlo-tuvalu-lotus\/","url":"https:\/\/www.inverseteams.com\/ca\/producte\/mono-triatlo-tuvalu-lotus\/","name":"Mono triatl\u00f3 TUVALU LOTUS","isPartOf":{"@id":"https:\/\/www.inverseteams.com\/ca\/#website"},"primaryImageOfPage":{"@id":"https:\/\/www.inverseteams.com\/ca\/producte\/mono-triatlo-tuvalu-lotus\/#primaryimage"},"image":{"@id":"https:\/\/www.inverseteams.com\/ca\/producte\/mono-triatlo-tuvalu-lotus\/#primaryimage"},"thumbnailUrl":"https:\/\/www.inverseteams.com\/wp-content\/uploads\/MONO-TRIATLON-TUVALU-LOTUS-1.jpg","datePublished":"2021-05-13T08:07:41+00:00","description":"L\u2019elasticitat i lleugeresa et permetr\u00e0 una total llibertat de moviments i no sentir\u00e0s ninguna mol\u00e8stia durant les diferents etapes del triatl\u00f3. El seu acabat de tefl\u00f3 repel\u00b7leix l\u2019aigua i t\u2019ajuda a lliscar per l\u2019aigua amb m\u00e9s facilitat i a assecar-te r\u00e0pidament durant la transici\u00f3. El coll i les cises estan finalitzades amb el ribet Evolution. \u00c9s fi i suau i no provoca cap tipus de fregament. A m\u00e9s, \u00e9s el\u00e0stic i s\u2019adapta perfectament al cos per evitar el m\u00e0xim possible l\u2019entrada d\u2019aigua durant la nataci\u00f3 o d\u2019aire durant el ciclisme. La cremallera el\u00e0stica s\u2019adapta a totes les posicions sense incomodar-te. A la zona lumbar hi ha una butxaca el\u00e0stica de reixeta que expulsa r\u00e0pidament l\u2019aigua i \u00e9s molt \u00fatil per guardar les barretes nutritives. Al final de les cames t\u00e9 una banda el\u00e0stica amb un grip de silicona hipoal\u00b7lerg\u00e8nica al seu interior que mant\u00e9 la pe\u00e7a ben subjecte a la cama. Tots els panells que conformen el mono de triatl\u00f3 han estat dissenyats per adaptar-se a totes les posicions i optimitzar el teu rendiment. Les costures planes que els uneixen s\u00f3n s\u00faper resistents i, a m\u00e9s, aporten un disseny molt atractiu. Finalment, cal destacar la se badana d\u2019Elastic Interface dissenyada especialment per no absorbir l\u2019aigua i amb la forma ideal per protegir-te durant el ciclisme i no incomodar a l\u2019hora de c\u00f3rrer.","breadcrumb":{"@id":"https:\/\/www.inverseteams.com\/ca\/producte\/mono-triatlo-tuvalu-lotus\/#breadcrumb"},"inLanguage":"ca","potentialAction":[{"@type":"ReadAction","target":["https:\/\/www.inverseteams.com\/ca\/producte\/mono-triatlo-tuvalu-lotus\/"]}]},{"@type":"ImageObject","inLanguage":"ca","@id":"https:\/\/www.inverseteams.com\/ca\/producte\/mono-triatlo-tuvalu-lotus\/#primaryimage","url":"https:\/\/www.inverseteams.com\/wp-content\/uploads\/MONO-TRIATLON-TUVALU-LOTUS-1.jpg","contentUrl":"https:\/\/www.inverseteams.com\/wp-content\/uploads\/MONO-TRIATLON-TUVALU-LOTUS-1.jpg","width":3222,"height":3462,"caption":"Mono triatl\u00f3n TUVALU LOTUS"},{"@type":"BreadcrumbList","@id":"https:\/\/www.inverseteams.com\/ca\/producte\/mono-triatlo-tuvalu-lotus\/#breadcrumb","itemListElement":[{"@type":"ListItem","position":1,"name":"Portada","item":"https:\/\/www.inverseteams.com\/ca\/pagina-principal\/"},{"@type":"ListItem","position":2,"name":"Botiga","item":"https:\/\/www.inverseteams.com\/ca\/botiga\/"},{"@type":"ListItem","position":3,"name":"Mono triatl\u00f3 TUVALU LOTUS"}]},{"@type":"WebSite","@id":"https:\/\/www.inverseteams.com\/ca\/#website","url":"https:\/\/www.inverseteams.com\/ca\/","name":"Inverseteams","description":"Tu marca de ropa deportiva personalizada","publisher":{"@id":"https:\/\/www.inverseteams.com\/ca\/#organization"},"potentialAction":[{"@type":"SearchAction","target":{"@type":"EntryPoint","urlTemplate":"https:\/\/www.inverseteams.com\/ca\/?s={search_term_string}"},"query-input":{"@type":"PropertyValueSpecification","valueRequired":true,"valueName":"search_term_string"}}],"inLanguage":"ca"},{"@type":"Organization","@id":"https:\/\/www.inverseteams.com\/ca\/#organization","name":"Inverse Teams","url":"https:\/\/www.inverseteams.com\/ca\/","logo":{"@type":"ImageObject","inLanguage":"ca","@id":"https:\/\/www.inverseteams.com\/ca\/#\/schema\/logo\/image\/","url":"https:\/\/www.inverseteams.com\/wp-content\/uploads\/2021\/03\/logo-inverse-teams.png","contentUrl":"https:\/\/www.inverseteams.com\/wp-content\/uploads\/2021\/03\/logo-inverse-teams.png","width":294,"height":99,"caption":"Inverse Teams"},"image":{"@id":"https:\/\/www.inverseteams.com\/ca\/#\/schema\/logo\/image\/"},"sameAs":["https:\/\/www.facebook.com\/inverseteams","http:\/\/instagram.com\/inverseteams","https:\/\/www.linkedin.com\/company\/inverse-cirosport-s-l-?trk=job_view_topcard_company_name","http:\/\/www.pinterest.com\/inverseteams\/","http:\/\/www.youtube.com\/user\/inverseteams?feature=watch"]}]}},"_links":{"self":[{"href":"https:\/\/www.inverseteams.com\/ca\/wp-json\/wp\/v2\/product\/15494","targetHints":{"allow":["GET"]}}],"collection":[{"href":"https:\/\/www.inverseteams.com\/ca\/wp-json\/wp\/v2\/product"}],"about":[{"href":"https:\/\/www.inverseteams.com\/ca\/wp-json\/wp\/v2\/types\/product"}],"replies":[{"embeddable":true,"href":"https:\/\/www.inverseteams.com\/ca\/wp-json\/wp\/v2\/comments?post=15494"}],"wp:featuredmedia":[{"embeddable":true,"href":"https:\/\/www.inverseteams.com\/ca\/wp-json\/wp\/v2\/media\/13207"}],"wp:attachment":[{"href":"https:\/\/www.inverseteams.com\/ca\/wp-json\/wp\/v2\/media?parent=15494"}],"wp:term":[{"taxonomy":"product_brand","embeddable":true,"href":"https:\/\/www.inverseteams.com\/ca\/wp-json\/wp\/v2\/product_brand?post=15494"},{"taxonomy":"product_cat","embeddable":true,"href":"https:\/\/www.inverseteams.com\/ca\/wp-json\/wp\/v2\/product_cat?post=15494"},{"taxonomy":"product_tag","embeddable":true,"href":"https:\/\/www.inverseteams.com\/ca\/wp-json\/wp\/v2\/product_tag?post=15494"},{"taxonomy":"custom_category","embeddable":true,"href":"https:\/\/www.inverseteams.com\/ca\/wp-json\/wp\/v2\/custom_category?post=15494"},{"taxonomy":"range","embeddable":true,"href":"https:\/\/www.inverseteams.com\/ca\/wp-json\/wp\/v2\/range?post=15494"}],"curies":[{"name":"wp","href":"https:\/\/api.w.org\/{rel}","templated":true}]}}