{"id":15454,"date":"2021-05-13T08:01:01","date_gmt":"2021-05-13T08:01:01","guid":{"rendered":"https:\/\/inverseteams.com\/product\/cinturo-running-run\/"},"modified":"2024-10-02T19:35:33","modified_gmt":"2024-10-02T19:35:33","slug":"cinturo-running-run","status":"publish","type":"product","link":"https:\/\/www.inverseteams.com\/ca\/producte\/cinturo-running-run\/","title":{"rendered":"Cintur\u00f3 running RUN"},"content":{"rendered":"<p>El cintur\u00f3 de running RUN est\u00e0 preparat per poder portar els bastons i est\u00e0 fabricat amb una lycra ultra lleugera sostenible d\u2019alt rendiment, elaborada amb poli\u00e8ster 100% reciclat.<br \/>\nT\u00e9 6 butxaques per guardar els teus elements a l\u2019hora de c\u00f3rrer. T\u00e9 2 gomes degudament dissenyades amb una silicona perqu\u00e8 els bastons no es moguin horitzontalment ni rebotin.<\/p>\n","protected":false},"excerpt":{"rendered":"<p>El cintur\u00f3 de running RUN est\u00e0 preparat per poder portar els bastons i est\u00e0 fabricat amb una lycra ultra lleugera sostenible d\u2019alt rendiment, elaborada amb poli\u00e8ster 100% reciclat.<br \/>\nT\u00e9 6 butxaques per guardar els teus elements a l\u2019hora de c\u00f3rrer. T\u00e9 2 gomes degudament dissenyades amb una silicona perqu\u00e8 els bastons no es moguin horitzontalment ni rebotin.<\/p>\n","protected":false},"featured_media":12270,"comment_status":"closed","ping_status":"closed","template":"","meta":{"_acf_changed":false},"product_brand":[],"product_cat":[4107,4187,4115,4190,4186],"product_tag":[],"custom_category":[],"range":[],"class_list":{"0":"post-15454","1":"product","2":"type-product","3":"status-publish","4":"has-post-thumbnail","6":"product_cat-home","7":"product_cat-running-outlet-ca","8":"product_cat-dona","9":"product_cat-trail-outlet-ca","10":"product_cat-outet-ca","11":"pa_deporte-running-ca","12":"pa_deporte-trail-ca","13":"pa_genero-home","14":"pa_genero-dona","15":"pa_talla-l-xl-ca","16":"pa_talla-s-m-ca","17":"pa_tipo-de-prenda-cinturo","19":"first","20":"instock","21":"sale","22":"taxable","23":"shipping-taxable","24":"purchasable","25":"product-type-variable","26":"has-default-attributes"},"acf":[],"yoast_head":"<!-- This site is optimized with the Yoast SEO plugin v27.3 - https:\/\/yoast.com\/product\/yoast-seo-wordpress\/ -->\n<title>Cintur\u00f3 running RUN<\/title>\n<meta name=\"description\" content=\"El cintur\u00f3 de running RUN est\u00e0 preparat per poder portar els bastons i est\u00e0 fabricat amb una lycra ultra lleugera sostenible d\u2019alt rendiment, elaborada amb poli\u00e8ster 100% reciclat. T\u00e9 6 butxaques per guardar els teus elements a l\u2019hora de c\u00f3rrer. T\u00e9 2 gomes degudament dissenyades amb una silicona perqu\u00e8 els bastons no es moguin horitzontalment ni rebotin.\" \/>\n<meta name=\"robots\" content=\"index, follow, max-snippet:-1, max-image-preview:large, max-video-preview:-1\" \/>\n<link rel=\"canonical\" href=\"https:\/\/www.inverseteams.com\/ca\/producte\/cinturo-running-run\/\" \/>\n<meta property=\"og:locale\" content=\"ca_ES\" \/>\n<meta property=\"og:type\" content=\"article\" \/>\n<meta property=\"og:title\" content=\"Cintur\u00f3 running RUN\" \/>\n<meta property=\"og:description\" content=\"El cintur\u00f3 de running RUN est\u00e0 preparat per poder portar els bastons i est\u00e0 fabricat amb una lycra ultra lleugera sostenible d\u2019alt rendiment, elaborada amb poli\u00e8ster 100% reciclat. T\u00e9 6 butxaques per guardar els teus elements a l\u2019hora de c\u00f3rrer. T\u00e9 2 gomes degudament dissenyades amb una silicona perqu\u00e8 els bastons no es moguin horitzontalment ni rebotin.\" \/>\n<meta property=\"og:url\" content=\"https:\/\/www.inverseteams.com\/ca\/producte\/cinturo-running-run\/\" \/>\n<meta property=\"og:site_name\" content=\"Inverseteams\" \/>\n<meta property=\"article:publisher\" content=\"https:\/\/www.facebook.com\/inverseteams\" \/>\n<meta property=\"article:modified_time\" content=\"2024-10-02T19:35:33+00:00\" \/>\n<meta property=\"og:image\" content=\"https:\/\/www.inverseteams.com\/wp-content\/uploads\/CINTURON-RUN-1.jpg\" \/>\n\t<meta property=\"og:image:width\" content=\"3222\" \/>\n\t<meta property=\"og:image:height\" content=\"3462\" \/>\n\t<meta property=\"og:image:type\" content=\"image\/jpeg\" \/>\n<meta name=\"twitter:card\" content=\"summary_large_image\" \/>\n<script type=\"application\/ld+json\" class=\"yoast-schema-graph\">{\"@context\":\"https:\\\/\\\/schema.org\",\"@graph\":[{\"@type\":\"WebPage\",\"@id\":\"https:\\\/\\\/www.inverseteams.com\\\/ca\\\/producte\\\/cinturo-running-run\\\/\",\"url\":\"https:\\\/\\\/www.inverseteams.com\\\/ca\\\/producte\\\/cinturo-running-run\\\/\",\"name\":\"Cintur\u00f3 running RUN\",\"isPartOf\":{\"@id\":\"https:\\\/\\\/www.inverseteams.com\\\/ca\\\/#website\"},\"primaryImageOfPage\":{\"@id\":\"https:\\\/\\\/www.inverseteams.com\\\/ca\\\/producte\\\/cinturo-running-run\\\/#primaryimage\"},\"image\":{\"@id\":\"https:\\\/\\\/www.inverseteams.com\\\/ca\\\/producte\\\/cinturo-running-run\\\/#primaryimage\"},\"thumbnailUrl\":\"https:\\\/\\\/www.inverseteams.com\\\/wp-content\\\/uploads\\\/CINTURON-RUN-1.jpg\",\"datePublished\":\"2021-05-13T08:01:01+00:00\",\"dateModified\":\"2024-10-02T19:35:33+00:00\",\"description\":\"El cintur\u00f3 de running RUN est\u00e0 preparat per poder portar els bastons i est\u00e0 fabricat amb una lycra ultra lleugera sostenible d\u2019alt rendiment, elaborada amb poli\u00e8ster 100% reciclat. T\u00e9 6 butxaques per guardar els teus elements a l\u2019hora de c\u00f3rrer. T\u00e9 2 gomes degudament dissenyades amb una silicona perqu\u00e8 els bastons no es moguin horitzontalment ni rebotin.\",\"breadcrumb\":{\"@id\":\"https:\\\/\\\/www.inverseteams.com\\\/ca\\\/producte\\\/cinturo-running-run\\\/#breadcrumb\"},\"inLanguage\":\"ca\",\"potentialAction\":[{\"@type\":\"ReadAction\",\"target\":[\"https:\\\/\\\/www.inverseteams.com\\\/ca\\\/producte\\\/cinturo-running-run\\\/\"]}]},{\"@type\":\"ImageObject\",\"inLanguage\":\"ca\",\"@id\":\"https:\\\/\\\/www.inverseteams.com\\\/ca\\\/producte\\\/cinturo-running-run\\\/#primaryimage\",\"url\":\"https:\\\/\\\/www.inverseteams.com\\\/wp-content\\\/uploads\\\/CINTURON-RUN-1.jpg\",\"contentUrl\":\"https:\\\/\\\/www.inverseteams.com\\\/wp-content\\\/uploads\\\/CINTURON-RUN-1.jpg\",\"width\":3222,\"height\":3462,\"caption\":\"Cintur\u00f3n running RUN\"},{\"@type\":\"BreadcrumbList\",\"@id\":\"https:\\\/\\\/www.inverseteams.com\\\/ca\\\/producte\\\/cinturo-running-run\\\/#breadcrumb\",\"itemListElement\":[{\"@type\":\"ListItem\",\"position\":1,\"name\":\"Portada\",\"item\":\"https:\\\/\\\/www.inverseteams.com\\\/ca\\\/pagina-principal\\\/\"},{\"@type\":\"ListItem\",\"position\":2,\"name\":\"Botiga\",\"item\":\"https:\\\/\\\/www.inverseteams.com\\\/ca\\\/botiga\\\/\"},{\"@type\":\"ListItem\",\"position\":3,\"name\":\"Cintur\u00f3 running RUN\"}]},{\"@type\":\"WebSite\",\"@id\":\"https:\\\/\\\/www.inverseteams.com\\\/ca\\\/#website\",\"url\":\"https:\\\/\\\/www.inverseteams.com\\\/ca\\\/\",\"name\":\"Inverseteams\",\"description\":\"Tu marca de ropa deportiva personalizada\",\"publisher\":{\"@id\":\"https:\\\/\\\/www.inverseteams.com\\\/ca\\\/#organization\"},\"potentialAction\":[{\"@type\":\"SearchAction\",\"target\":{\"@type\":\"EntryPoint\",\"urlTemplate\":\"https:\\\/\\\/www.inverseteams.com\\\/ca\\\/?s={search_term_string}\"},\"query-input\":{\"@type\":\"PropertyValueSpecification\",\"valueRequired\":true,\"valueName\":\"search_term_string\"}}],\"inLanguage\":\"ca\"},{\"@type\":\"Organization\",\"@id\":\"https:\\\/\\\/www.inverseteams.com\\\/ca\\\/#organization\",\"name\":\"Inverse Teams\",\"url\":\"https:\\\/\\\/www.inverseteams.com\\\/ca\\\/\",\"logo\":{\"@type\":\"ImageObject\",\"inLanguage\":\"ca\",\"@id\":\"https:\\\/\\\/www.inverseteams.com\\\/ca\\\/#\\\/schema\\\/logo\\\/image\\\/\",\"url\":\"https:\\\/\\\/www.inverseteams.com\\\/wp-content\\\/uploads\\\/2021\\\/03\\\/logo-inverse-teams.png\",\"contentUrl\":\"https:\\\/\\\/www.inverseteams.com\\\/wp-content\\\/uploads\\\/2021\\\/03\\\/logo-inverse-teams.png\",\"width\":294,\"height\":99,\"caption\":\"Inverse Teams\"},\"image\":{\"@id\":\"https:\\\/\\\/www.inverseteams.com\\\/ca\\\/#\\\/schema\\\/logo\\\/image\\\/\"},\"sameAs\":[\"https:\\\/\\\/www.facebook.com\\\/inverseteams\",\"http:\\\/\\\/instagram.com\\\/inverseteams\",\"https:\\\/\\\/www.linkedin.com\\\/company\\\/inverse-cirosport-s-l-?trk=job_view_topcard_company_name\",\"http:\\\/\\\/www.pinterest.com\\\/inverseteams\\\/\",\"http:\\\/\\\/www.youtube.com\\\/user\\\/inverseteams?feature=watch\"]}]}<\/script>\n<!-- \/ Yoast SEO plugin. -->","yoast_head_json":{"title":"Cintur\u00f3 running RUN","description":"El cintur\u00f3 de running RUN est\u00e0 preparat per poder portar els bastons i est\u00e0 fabricat amb una lycra ultra lleugera sostenible d\u2019alt rendiment, elaborada amb poli\u00e8ster 100% reciclat. T\u00e9 6 butxaques per guardar els teus elements a l\u2019hora de c\u00f3rrer. T\u00e9 2 gomes degudament dissenyades amb una silicona perqu\u00e8 els bastons no es moguin horitzontalment ni rebotin.","robots":{"index":"index","follow":"follow","max-snippet":"max-snippet:-1","max-image-preview":"max-image-preview:large","max-video-preview":"max-video-preview:-1"},"canonical":"https:\/\/www.inverseteams.com\/ca\/producte\/cinturo-running-run\/","og_locale":"ca_ES","og_type":"article","og_title":"Cintur\u00f3 running RUN","og_description":"El cintur\u00f3 de running RUN est\u00e0 preparat per poder portar els bastons i est\u00e0 fabricat amb una lycra ultra lleugera sostenible d\u2019alt rendiment, elaborada amb poli\u00e8ster 100% reciclat. T\u00e9 6 butxaques per guardar els teus elements a l\u2019hora de c\u00f3rrer. T\u00e9 2 gomes degudament dissenyades amb una silicona perqu\u00e8 els bastons no es moguin horitzontalment ni rebotin.","og_url":"https:\/\/www.inverseteams.com\/ca\/producte\/cinturo-running-run\/","og_site_name":"Inverseteams","article_publisher":"https:\/\/www.facebook.com\/inverseteams","article_modified_time":"2024-10-02T19:35:33+00:00","og_image":[{"width":3222,"height":3462,"url":"https:\/\/www.inverseteams.com\/wp-content\/uploads\/CINTURON-RUN-1.jpg","type":"image\/jpeg"}],"twitter_card":"summary_large_image","schema":{"@context":"https:\/\/schema.org","@graph":[{"@type":"WebPage","@id":"https:\/\/www.inverseteams.com\/ca\/producte\/cinturo-running-run\/","url":"https:\/\/www.inverseteams.com\/ca\/producte\/cinturo-running-run\/","name":"Cintur\u00f3 running RUN","isPartOf":{"@id":"https:\/\/www.inverseteams.com\/ca\/#website"},"primaryImageOfPage":{"@id":"https:\/\/www.inverseteams.com\/ca\/producte\/cinturo-running-run\/#primaryimage"},"image":{"@id":"https:\/\/www.inverseteams.com\/ca\/producte\/cinturo-running-run\/#primaryimage"},"thumbnailUrl":"https:\/\/www.inverseteams.com\/wp-content\/uploads\/CINTURON-RUN-1.jpg","datePublished":"2021-05-13T08:01:01+00:00","dateModified":"2024-10-02T19:35:33+00:00","description":"El cintur\u00f3 de running RUN est\u00e0 preparat per poder portar els bastons i est\u00e0 fabricat amb una lycra ultra lleugera sostenible d\u2019alt rendiment, elaborada amb poli\u00e8ster 100% reciclat. T\u00e9 6 butxaques per guardar els teus elements a l\u2019hora de c\u00f3rrer. T\u00e9 2 gomes degudament dissenyades amb una silicona perqu\u00e8 els bastons no es moguin horitzontalment ni rebotin.","breadcrumb":{"@id":"https:\/\/www.inverseteams.com\/ca\/producte\/cinturo-running-run\/#breadcrumb"},"inLanguage":"ca","potentialAction":[{"@type":"ReadAction","target":["https:\/\/www.inverseteams.com\/ca\/producte\/cinturo-running-run\/"]}]},{"@type":"ImageObject","inLanguage":"ca","@id":"https:\/\/www.inverseteams.com\/ca\/producte\/cinturo-running-run\/#primaryimage","url":"https:\/\/www.inverseteams.com\/wp-content\/uploads\/CINTURON-RUN-1.jpg","contentUrl":"https:\/\/www.inverseteams.com\/wp-content\/uploads\/CINTURON-RUN-1.jpg","width":3222,"height":3462,"caption":"Cintur\u00f3n running RUN"},{"@type":"BreadcrumbList","@id":"https:\/\/www.inverseteams.com\/ca\/producte\/cinturo-running-run\/#breadcrumb","itemListElement":[{"@type":"ListItem","position":1,"name":"Portada","item":"https:\/\/www.inverseteams.com\/ca\/pagina-principal\/"},{"@type":"ListItem","position":2,"name":"Botiga","item":"https:\/\/www.inverseteams.com\/ca\/botiga\/"},{"@type":"ListItem","position":3,"name":"Cintur\u00f3 running RUN"}]},{"@type":"WebSite","@id":"https:\/\/www.inverseteams.com\/ca\/#website","url":"https:\/\/www.inverseteams.com\/ca\/","name":"Inverseteams","description":"Tu marca de ropa deportiva personalizada","publisher":{"@id":"https:\/\/www.inverseteams.com\/ca\/#organization"},"potentialAction":[{"@type":"SearchAction","target":{"@type":"EntryPoint","urlTemplate":"https:\/\/www.inverseteams.com\/ca\/?s={search_term_string}"},"query-input":{"@type":"PropertyValueSpecification","valueRequired":true,"valueName":"search_term_string"}}],"inLanguage":"ca"},{"@type":"Organization","@id":"https:\/\/www.inverseteams.com\/ca\/#organization","name":"Inverse Teams","url":"https:\/\/www.inverseteams.com\/ca\/","logo":{"@type":"ImageObject","inLanguage":"ca","@id":"https:\/\/www.inverseteams.com\/ca\/#\/schema\/logo\/image\/","url":"https:\/\/www.inverseteams.com\/wp-content\/uploads\/2021\/03\/logo-inverse-teams.png","contentUrl":"https:\/\/www.inverseteams.com\/wp-content\/uploads\/2021\/03\/logo-inverse-teams.png","width":294,"height":99,"caption":"Inverse Teams"},"image":{"@id":"https:\/\/www.inverseteams.com\/ca\/#\/schema\/logo\/image\/"},"sameAs":["https:\/\/www.facebook.com\/inverseteams","http:\/\/instagram.com\/inverseteams","https:\/\/www.linkedin.com\/company\/inverse-cirosport-s-l-?trk=job_view_topcard_company_name","http:\/\/www.pinterest.com\/inverseteams\/","http:\/\/www.youtube.com\/user\/inverseteams?feature=watch"]}]}},"_links":{"self":[{"href":"https:\/\/www.inverseteams.com\/ca\/wp-json\/wp\/v2\/product\/15454","targetHints":{"allow":["GET"]}}],"collection":[{"href":"https:\/\/www.inverseteams.com\/ca\/wp-json\/wp\/v2\/product"}],"about":[{"href":"https:\/\/www.inverseteams.com\/ca\/wp-json\/wp\/v2\/types\/product"}],"replies":[{"embeddable":true,"href":"https:\/\/www.inverseteams.com\/ca\/wp-json\/wp\/v2\/comments?post=15454"}],"wp:featuredmedia":[{"embeddable":true,"href":"https:\/\/www.inverseteams.com\/ca\/wp-json\/wp\/v2\/media\/12270"}],"wp:attachment":[{"href":"https:\/\/www.inverseteams.com\/ca\/wp-json\/wp\/v2\/media?parent=15454"}],"wp:term":[{"taxonomy":"product_brand","embeddable":true,"href":"https:\/\/www.inverseteams.com\/ca\/wp-json\/wp\/v2\/product_brand?post=15454"},{"taxonomy":"product_cat","embeddable":true,"href":"https:\/\/www.inverseteams.com\/ca\/wp-json\/wp\/v2\/product_cat?post=15454"},{"taxonomy":"product_tag","embeddable":true,"href":"https:\/\/www.inverseteams.com\/ca\/wp-json\/wp\/v2\/product_tag?post=15454"},{"taxonomy":"custom_category","embeddable":true,"href":"https:\/\/www.inverseteams.com\/ca\/wp-json\/wp\/v2\/custom_category?post=15454"},{"taxonomy":"range","embeddable":true,"href":"https:\/\/www.inverseteams.com\/ca\/wp-json\/wp\/v2\/range?post=15454"}],"curies":[{"name":"wp","href":"https:\/\/api.w.org\/{rel}","templated":true}]}}