{"id":15414,"date":"2021-05-13T07:55:59","date_gmt":"2021-05-10T07:27:56","guid":{"rendered":"https:\/\/inverseteams.com\/product\/pantalo-trail-camu\/"},"modified":"2022-12-05T00:01:51","modified_gmt":"2022-12-05T00:01:51","slug":"pantalo-trail-camu","status":"publish","type":"product","link":"https:\/\/www.inverseteams.com\/ca\/producte\/pantalo-trail-camu\/","title":{"rendered":"Pantal\u00f3 trail CAMU"},"content":{"rendered":"<p>Confeccionat amb un teixit lleuger i resistent a l&#8217;abrasi\u00f3, el pantal\u00f3 ULTRA \u00e9s ideal per c\u00f3rrer per la muntanya durant llargues sessions d&#8217;entrenament o competici\u00f3.<br \/>\nA la zona posterior t\u00e9 2 butxaques el\u00e0stiques de malla i 1 butxaca amb cremallera on podr\u00e0s guardar qualsevol objecte sense por de perdre\u2019l, podr\u00e0s c\u00f3rrer sense preocupacions. A m\u00e9s, a la cintura, t\u00e9 una goma el\u00e0stica que s&#8217;ajusta molt b\u00e9 al cos i mant\u00e9 els pantalons ben subjectes sense molestar.<br \/>\nA l&#8217;interior pot incorporar un short el\u00e0stic que es mant\u00e9 sempre ben arrapat a les cames i et far\u00e0 sentir confortable en tot moment. Aquest t\u00e9 una banda el\u00e0stica microperforada amb un grip de silicona hipoal\u00b7lerg\u00e8nica al seu interior que evita que augmenti la sudoraci\u00f3 i mant\u00e9 la pe\u00e7a ben subjecta.<\/p>\n","protected":false},"excerpt":{"rendered":"<p>Confeccionat amb un teixit lleuger i resistent a l&#8217;abrasi\u00f3, el pantal\u00f3 ULTRA \u00e9s ideal per c\u00f3rrer per la muntanya durant llargues sessions d&#8217;entrenament o competici\u00f3.<br \/>\nA la zona posterior t\u00e9 2 butxaques el\u00e0stiques de malla i 1 butxaca amb cremallera on podr\u00e0s guardar qualsevol objecte sense por de perdre\u2019l, podr\u00e0s c\u00f3rrer sense preocupacions. A m\u00e9s, a la cintura, t\u00e9 una goma el\u00e0stica que s&#8217;ajusta molt b\u00e9 al cos i mant\u00e9 els pantalons ben subjectes sense molestar.<br \/>\nA l&#8217;interior pot incorporar un short el\u00e0stic que es mant\u00e9 sempre ben arrapat a les cames i et far\u00e0 sentir confortable en tot moment. Aquest t\u00e9 una banda el\u00e0stica microperforada amb un grip de silicona hipoal\u00b7lerg\u00e8nica al seu interior que evita que augmenti la sudoraci\u00f3 i mant\u00e9 la pe\u00e7a ben subjecta.<\/p>\n","protected":false},"featured_media":11456,"comment_status":"closed","ping_status":"closed","template":"","meta":{"_acf_changed":false},"product_brand":[],"product_cat":[4107,4190,4186],"product_tag":[],"custom_category":[],"range":[],"class_list":{"0":"post-15414","1":"product","2":"type-product","3":"status-publish","4":"has-post-thumbnail","6":"product_cat-home","7":"product_cat-trail-outlet-ca","8":"product_cat-outet-ca","9":"pa_climatologia-calor-ca","10":"pa_deporte-trail-ca","11":"pa_genero-home","12":"pa_patronaje-regular-ca","13":"pa_talla-l-ca","14":"pa_talla-m-ca","15":"pa_talla-s-ca","16":"pa_talla-xl-ca","17":"pa_talla-xxl-ca","18":"pa_tipo-de-prenda-pantalo-curt","20":"first","21":"outofstock","22":"sale","23":"taxable","24":"shipping-taxable","25":"purchasable","26":"product-type-variable","27":"has-default-attributes"},"acf":[],"yoast_head":"<!-- This site is optimized with the Yoast SEO plugin v27.3 - https:\/\/yoast.com\/product\/yoast-seo-wordpress\/ -->\n<title>Pantal\u00f3 trail CAMU<\/title>\n<meta name=\"description\" content=\"Confeccionat amb un teixit lleuger i resistent a l&#039;abrasi\u00f3, el pantal\u00f3 ULTRA \u00e9s ideal per c\u00f3rrer per la muntanya durant llargues sessions d&#039;entrenament o competici\u00f3. A la zona posterior t\u00e9 2 butxaques el\u00e0stiques de malla i 1 butxaca amb cremallera on podr\u00e0s guardar qualsevol objecte sense por de perdre\u2019l, podr\u00e0s c\u00f3rrer sense preocupacions. A m\u00e9s, a la cintura, t\u00e9 una goma el\u00e0stica que s&#039;ajusta molt b\u00e9 al cos i mant\u00e9 els pantalons ben subjectes sense molestar. A l&#039;interior pot incorporar un short el\u00e0stic que es mant\u00e9 sempre ben arrapat a les cames i et far\u00e0 sentir confortable en tot moment. Aquest t\u00e9 una banda el\u00e0stica microperforada amb un grip de silicona hipoal\u00b7lerg\u00e8nica al seu interior que evita que augmenti la sudoraci\u00f3 i mant\u00e9 la pe\u00e7a ben subjecta.\" \/>\n<meta name=\"robots\" content=\"index, follow, max-snippet:-1, max-image-preview:large, max-video-preview:-1\" \/>\n<link rel=\"canonical\" href=\"https:\/\/www.inverseteams.com\/ca\/producte\/pantalo-trail-camu\/\" \/>\n<meta property=\"og:locale\" content=\"ca_ES\" \/>\n<meta property=\"og:type\" content=\"article\" \/>\n<meta property=\"og:title\" content=\"Pantal\u00f3 trail CAMU\" \/>\n<meta property=\"og:description\" content=\"Confeccionat amb un teixit lleuger i resistent a l&#039;abrasi\u00f3, el pantal\u00f3 ULTRA \u00e9s ideal per c\u00f3rrer per la muntanya durant llargues sessions d&#039;entrenament o competici\u00f3. A la zona posterior t\u00e9 2 butxaques el\u00e0stiques de malla i 1 butxaca amb cremallera on podr\u00e0s guardar qualsevol objecte sense por de perdre\u2019l, podr\u00e0s c\u00f3rrer sense preocupacions. A m\u00e9s, a la cintura, t\u00e9 una goma el\u00e0stica que s&#039;ajusta molt b\u00e9 al cos i mant\u00e9 els pantalons ben subjectes sense molestar. A l&#039;interior pot incorporar un short el\u00e0stic que es mant\u00e9 sempre ben arrapat a les cames i et far\u00e0 sentir confortable en tot moment. Aquest t\u00e9 una banda el\u00e0stica microperforada amb un grip de silicona hipoal\u00b7lerg\u00e8nica al seu interior que evita que augmenti la sudoraci\u00f3 i mant\u00e9 la pe\u00e7a ben subjecta.\" \/>\n<meta property=\"og:url\" content=\"https:\/\/www.inverseteams.com\/ca\/producte\/pantalo-trail-camu\/\" \/>\n<meta property=\"og:site_name\" content=\"Inverseteams\" \/>\n<meta property=\"article:publisher\" content=\"https:\/\/www.facebook.com\/inverseteams\" \/>\n<meta property=\"article:modified_time\" content=\"2022-12-05T00:01:51+00:00\" \/>\n<meta property=\"og:image\" content=\"https:\/\/www.inverseteams.com\/wp-content\/uploads\/PANTALON-TRAIL-CAMU-HOMBRE-1.jpg\" \/>\n\t<meta property=\"og:image:width\" content=\"3222\" \/>\n\t<meta property=\"og:image:height\" content=\"3462\" \/>\n\t<meta property=\"og:image:type\" content=\"image\/jpeg\" \/>\n<meta name=\"twitter:card\" content=\"summary_large_image\" \/>\n<meta name=\"twitter:label1\" content=\"Temps estimat de lectura\" \/>\n\t<meta name=\"twitter:data1\" content=\"1 minut\" \/>\n<script type=\"application\/ld+json\" class=\"yoast-schema-graph\">{\"@context\":\"https:\\\/\\\/schema.org\",\"@graph\":[{\"@type\":\"WebPage\",\"@id\":\"https:\\\/\\\/www.inverseteams.com\\\/ca\\\/producte\\\/pantalo-trail-camu\\\/\",\"url\":\"https:\\\/\\\/www.inverseteams.com\\\/ca\\\/producte\\\/pantalo-trail-camu\\\/\",\"name\":\"Pantal\u00f3 trail CAMU\",\"isPartOf\":{\"@id\":\"https:\\\/\\\/www.inverseteams.com\\\/ca\\\/#website\"},\"primaryImageOfPage\":{\"@id\":\"https:\\\/\\\/www.inverseteams.com\\\/ca\\\/producte\\\/pantalo-trail-camu\\\/#primaryimage\"},\"image\":{\"@id\":\"https:\\\/\\\/www.inverseteams.com\\\/ca\\\/producte\\\/pantalo-trail-camu\\\/#primaryimage\"},\"thumbnailUrl\":\"https:\\\/\\\/www.inverseteams.com\\\/wp-content\\\/uploads\\\/PANTALON-TRAIL-CAMU-HOMBRE-1.jpg\",\"datePublished\":\"2021-05-10T07:27:56+00:00\",\"dateModified\":\"2022-12-05T00:01:51+00:00\",\"description\":\"Confeccionat amb un teixit lleuger i resistent a l'abrasi\u00f3, el pantal\u00f3 ULTRA \u00e9s ideal per c\u00f3rrer per la muntanya durant llargues sessions d'entrenament o competici\u00f3. A la zona posterior t\u00e9 2 butxaques el\u00e0stiques de malla i 1 butxaca amb cremallera on podr\u00e0s guardar qualsevol objecte sense por de perdre\u2019l, podr\u00e0s c\u00f3rrer sense preocupacions. A m\u00e9s, a la cintura, t\u00e9 una goma el\u00e0stica que s'ajusta molt b\u00e9 al cos i mant\u00e9 els pantalons ben subjectes sense molestar. A l'interior pot incorporar un short el\u00e0stic que es mant\u00e9 sempre ben arrapat a les cames i et far\u00e0 sentir confortable en tot moment. Aquest t\u00e9 una banda el\u00e0stica microperforada amb un grip de silicona hipoal\u00b7lerg\u00e8nica al seu interior que evita que augmenti la sudoraci\u00f3 i mant\u00e9 la pe\u00e7a ben subjecta.\",\"breadcrumb\":{\"@id\":\"https:\\\/\\\/www.inverseteams.com\\\/ca\\\/producte\\\/pantalo-trail-camu\\\/#breadcrumb\"},\"inLanguage\":\"ca\",\"potentialAction\":[{\"@type\":\"ReadAction\",\"target\":[\"https:\\\/\\\/www.inverseteams.com\\\/ca\\\/producte\\\/pantalo-trail-camu\\\/\"]}]},{\"@type\":\"ImageObject\",\"inLanguage\":\"ca\",\"@id\":\"https:\\\/\\\/www.inverseteams.com\\\/ca\\\/producte\\\/pantalo-trail-camu\\\/#primaryimage\",\"url\":\"https:\\\/\\\/www.inverseteams.com\\\/wp-content\\\/uploads\\\/PANTALON-TRAIL-CAMU-HOMBRE-1.jpg\",\"contentUrl\":\"https:\\\/\\\/www.inverseteams.com\\\/wp-content\\\/uploads\\\/PANTALON-TRAIL-CAMU-HOMBRE-1.jpg\",\"width\":3222,\"height\":3462,\"caption\":\"Pantalon trail running CAMU\"},{\"@type\":\"BreadcrumbList\",\"@id\":\"https:\\\/\\\/www.inverseteams.com\\\/ca\\\/producte\\\/pantalo-trail-camu\\\/#breadcrumb\",\"itemListElement\":[{\"@type\":\"ListItem\",\"position\":1,\"name\":\"Portada\",\"item\":\"https:\\\/\\\/www.inverseteams.com\\\/ca\\\/pagina-principal\\\/\"},{\"@type\":\"ListItem\",\"position\":2,\"name\":\"Botiga\",\"item\":\"https:\\\/\\\/www.inverseteams.com\\\/ca\\\/botiga\\\/\"},{\"@type\":\"ListItem\",\"position\":3,\"name\":\"Pantal\u00f3 trail CAMU\"}]},{\"@type\":\"WebSite\",\"@id\":\"https:\\\/\\\/www.inverseteams.com\\\/ca\\\/#website\",\"url\":\"https:\\\/\\\/www.inverseteams.com\\\/ca\\\/\",\"name\":\"Inverseteams\",\"description\":\"Tu marca de ropa deportiva personalizada\",\"publisher\":{\"@id\":\"https:\\\/\\\/www.inverseteams.com\\\/ca\\\/#organization\"},\"potentialAction\":[{\"@type\":\"SearchAction\",\"target\":{\"@type\":\"EntryPoint\",\"urlTemplate\":\"https:\\\/\\\/www.inverseteams.com\\\/ca\\\/?s={search_term_string}\"},\"query-input\":{\"@type\":\"PropertyValueSpecification\",\"valueRequired\":true,\"valueName\":\"search_term_string\"}}],\"inLanguage\":\"ca\"},{\"@type\":\"Organization\",\"@id\":\"https:\\\/\\\/www.inverseteams.com\\\/ca\\\/#organization\",\"name\":\"Inverse Teams\",\"url\":\"https:\\\/\\\/www.inverseteams.com\\\/ca\\\/\",\"logo\":{\"@type\":\"ImageObject\",\"inLanguage\":\"ca\",\"@id\":\"https:\\\/\\\/www.inverseteams.com\\\/ca\\\/#\\\/schema\\\/logo\\\/image\\\/\",\"url\":\"https:\\\/\\\/www.inverseteams.com\\\/wp-content\\\/uploads\\\/2021\\\/03\\\/logo-inverse-teams.png\",\"contentUrl\":\"https:\\\/\\\/www.inverseteams.com\\\/wp-content\\\/uploads\\\/2021\\\/03\\\/logo-inverse-teams.png\",\"width\":294,\"height\":99,\"caption\":\"Inverse Teams\"},\"image\":{\"@id\":\"https:\\\/\\\/www.inverseteams.com\\\/ca\\\/#\\\/schema\\\/logo\\\/image\\\/\"},\"sameAs\":[\"https:\\\/\\\/www.facebook.com\\\/inverseteams\",\"http:\\\/\\\/instagram.com\\\/inverseteams\",\"https:\\\/\\\/www.linkedin.com\\\/company\\\/inverse-cirosport-s-l-?trk=job_view_topcard_company_name\",\"http:\\\/\\\/www.pinterest.com\\\/inverseteams\\\/\",\"http:\\\/\\\/www.youtube.com\\\/user\\\/inverseteams?feature=watch\"]}]}<\/script>\n<!-- \/ Yoast SEO plugin. -->","yoast_head_json":{"title":"Pantal\u00f3 trail CAMU","description":"Confeccionat amb un teixit lleuger i resistent a l'abrasi\u00f3, el pantal\u00f3 ULTRA \u00e9s ideal per c\u00f3rrer per la muntanya durant llargues sessions d'entrenament o competici\u00f3. A la zona posterior t\u00e9 2 butxaques el\u00e0stiques de malla i 1 butxaca amb cremallera on podr\u00e0s guardar qualsevol objecte sense por de perdre\u2019l, podr\u00e0s c\u00f3rrer sense preocupacions. A m\u00e9s, a la cintura, t\u00e9 una goma el\u00e0stica que s'ajusta molt b\u00e9 al cos i mant\u00e9 els pantalons ben subjectes sense molestar. A l'interior pot incorporar un short el\u00e0stic que es mant\u00e9 sempre ben arrapat a les cames i et far\u00e0 sentir confortable en tot moment. Aquest t\u00e9 una banda el\u00e0stica microperforada amb un grip de silicona hipoal\u00b7lerg\u00e8nica al seu interior que evita que augmenti la sudoraci\u00f3 i mant\u00e9 la pe\u00e7a ben subjecta.","robots":{"index":"index","follow":"follow","max-snippet":"max-snippet:-1","max-image-preview":"max-image-preview:large","max-video-preview":"max-video-preview:-1"},"canonical":"https:\/\/www.inverseteams.com\/ca\/producte\/pantalo-trail-camu\/","og_locale":"ca_ES","og_type":"article","og_title":"Pantal\u00f3 trail CAMU","og_description":"Confeccionat amb un teixit lleuger i resistent a l'abrasi\u00f3, el pantal\u00f3 ULTRA \u00e9s ideal per c\u00f3rrer per la muntanya durant llargues sessions d'entrenament o competici\u00f3. A la zona posterior t\u00e9 2 butxaques el\u00e0stiques de malla i 1 butxaca amb cremallera on podr\u00e0s guardar qualsevol objecte sense por de perdre\u2019l, podr\u00e0s c\u00f3rrer sense preocupacions. A m\u00e9s, a la cintura, t\u00e9 una goma el\u00e0stica que s'ajusta molt b\u00e9 al cos i mant\u00e9 els pantalons ben subjectes sense molestar. A l'interior pot incorporar un short el\u00e0stic que es mant\u00e9 sempre ben arrapat a les cames i et far\u00e0 sentir confortable en tot moment. Aquest t\u00e9 una banda el\u00e0stica microperforada amb un grip de silicona hipoal\u00b7lerg\u00e8nica al seu interior que evita que augmenti la sudoraci\u00f3 i mant\u00e9 la pe\u00e7a ben subjecta.","og_url":"https:\/\/www.inverseteams.com\/ca\/producte\/pantalo-trail-camu\/","og_site_name":"Inverseteams","article_publisher":"https:\/\/www.facebook.com\/inverseteams","article_modified_time":"2022-12-05T00:01:51+00:00","og_image":[{"width":3222,"height":3462,"url":"https:\/\/www.inverseteams.com\/wp-content\/uploads\/PANTALON-TRAIL-CAMU-HOMBRE-1.jpg","type":"image\/jpeg"}],"twitter_card":"summary_large_image","twitter_misc":{"Temps estimat de lectura":"1 minut"},"schema":{"@context":"https:\/\/schema.org","@graph":[{"@type":"WebPage","@id":"https:\/\/www.inverseteams.com\/ca\/producte\/pantalo-trail-camu\/","url":"https:\/\/www.inverseteams.com\/ca\/producte\/pantalo-trail-camu\/","name":"Pantal\u00f3 trail CAMU","isPartOf":{"@id":"https:\/\/www.inverseteams.com\/ca\/#website"},"primaryImageOfPage":{"@id":"https:\/\/www.inverseteams.com\/ca\/producte\/pantalo-trail-camu\/#primaryimage"},"image":{"@id":"https:\/\/www.inverseteams.com\/ca\/producte\/pantalo-trail-camu\/#primaryimage"},"thumbnailUrl":"https:\/\/www.inverseteams.com\/wp-content\/uploads\/PANTALON-TRAIL-CAMU-HOMBRE-1.jpg","datePublished":"2021-05-10T07:27:56+00:00","dateModified":"2022-12-05T00:01:51+00:00","description":"Confeccionat amb un teixit lleuger i resistent a l'abrasi\u00f3, el pantal\u00f3 ULTRA \u00e9s ideal per c\u00f3rrer per la muntanya durant llargues sessions d'entrenament o competici\u00f3. A la zona posterior t\u00e9 2 butxaques el\u00e0stiques de malla i 1 butxaca amb cremallera on podr\u00e0s guardar qualsevol objecte sense por de perdre\u2019l, podr\u00e0s c\u00f3rrer sense preocupacions. A m\u00e9s, a la cintura, t\u00e9 una goma el\u00e0stica que s'ajusta molt b\u00e9 al cos i mant\u00e9 els pantalons ben subjectes sense molestar. A l'interior pot incorporar un short el\u00e0stic que es mant\u00e9 sempre ben arrapat a les cames i et far\u00e0 sentir confortable en tot moment. Aquest t\u00e9 una banda el\u00e0stica microperforada amb un grip de silicona hipoal\u00b7lerg\u00e8nica al seu interior que evita que augmenti la sudoraci\u00f3 i mant\u00e9 la pe\u00e7a ben subjecta.","breadcrumb":{"@id":"https:\/\/www.inverseteams.com\/ca\/producte\/pantalo-trail-camu\/#breadcrumb"},"inLanguage":"ca","potentialAction":[{"@type":"ReadAction","target":["https:\/\/www.inverseteams.com\/ca\/producte\/pantalo-trail-camu\/"]}]},{"@type":"ImageObject","inLanguage":"ca","@id":"https:\/\/www.inverseteams.com\/ca\/producte\/pantalo-trail-camu\/#primaryimage","url":"https:\/\/www.inverseteams.com\/wp-content\/uploads\/PANTALON-TRAIL-CAMU-HOMBRE-1.jpg","contentUrl":"https:\/\/www.inverseteams.com\/wp-content\/uploads\/PANTALON-TRAIL-CAMU-HOMBRE-1.jpg","width":3222,"height":3462,"caption":"Pantalon trail running CAMU"},{"@type":"BreadcrumbList","@id":"https:\/\/www.inverseteams.com\/ca\/producte\/pantalo-trail-camu\/#breadcrumb","itemListElement":[{"@type":"ListItem","position":1,"name":"Portada","item":"https:\/\/www.inverseteams.com\/ca\/pagina-principal\/"},{"@type":"ListItem","position":2,"name":"Botiga","item":"https:\/\/www.inverseteams.com\/ca\/botiga\/"},{"@type":"ListItem","position":3,"name":"Pantal\u00f3 trail CAMU"}]},{"@type":"WebSite","@id":"https:\/\/www.inverseteams.com\/ca\/#website","url":"https:\/\/www.inverseteams.com\/ca\/","name":"Inverseteams","description":"Tu marca de ropa deportiva personalizada","publisher":{"@id":"https:\/\/www.inverseteams.com\/ca\/#organization"},"potentialAction":[{"@type":"SearchAction","target":{"@type":"EntryPoint","urlTemplate":"https:\/\/www.inverseteams.com\/ca\/?s={search_term_string}"},"query-input":{"@type":"PropertyValueSpecification","valueRequired":true,"valueName":"search_term_string"}}],"inLanguage":"ca"},{"@type":"Organization","@id":"https:\/\/www.inverseteams.com\/ca\/#organization","name":"Inverse Teams","url":"https:\/\/www.inverseteams.com\/ca\/","logo":{"@type":"ImageObject","inLanguage":"ca","@id":"https:\/\/www.inverseteams.com\/ca\/#\/schema\/logo\/image\/","url":"https:\/\/www.inverseteams.com\/wp-content\/uploads\/2021\/03\/logo-inverse-teams.png","contentUrl":"https:\/\/www.inverseteams.com\/wp-content\/uploads\/2021\/03\/logo-inverse-teams.png","width":294,"height":99,"caption":"Inverse Teams"},"image":{"@id":"https:\/\/www.inverseteams.com\/ca\/#\/schema\/logo\/image\/"},"sameAs":["https:\/\/www.facebook.com\/inverseteams","http:\/\/instagram.com\/inverseteams","https:\/\/www.linkedin.com\/company\/inverse-cirosport-s-l-?trk=job_view_topcard_company_name","http:\/\/www.pinterest.com\/inverseteams\/","http:\/\/www.youtube.com\/user\/inverseteams?feature=watch"]}]}},"_links":{"self":[{"href":"https:\/\/www.inverseteams.com\/ca\/wp-json\/wp\/v2\/product\/15414","targetHints":{"allow":["GET"]}}],"collection":[{"href":"https:\/\/www.inverseteams.com\/ca\/wp-json\/wp\/v2\/product"}],"about":[{"href":"https:\/\/www.inverseteams.com\/ca\/wp-json\/wp\/v2\/types\/product"}],"replies":[{"embeddable":true,"href":"https:\/\/www.inverseteams.com\/ca\/wp-json\/wp\/v2\/comments?post=15414"}],"wp:featuredmedia":[{"embeddable":true,"href":"https:\/\/www.inverseteams.com\/ca\/wp-json\/wp\/v2\/media\/11456"}],"wp:attachment":[{"href":"https:\/\/www.inverseteams.com\/ca\/wp-json\/wp\/v2\/media?parent=15414"}],"wp:term":[{"taxonomy":"product_brand","embeddable":true,"href":"https:\/\/www.inverseteams.com\/ca\/wp-json\/wp\/v2\/product_brand?post=15414"},{"taxonomy":"product_cat","embeddable":true,"href":"https:\/\/www.inverseteams.com\/ca\/wp-json\/wp\/v2\/product_cat?post=15414"},{"taxonomy":"product_tag","embeddable":true,"href":"https:\/\/www.inverseteams.com\/ca\/wp-json\/wp\/v2\/product_tag?post=15414"},{"taxonomy":"custom_category","embeddable":true,"href":"https:\/\/www.inverseteams.com\/ca\/wp-json\/wp\/v2\/custom_category?post=15414"},{"taxonomy":"range","embeddable":true,"href":"https:\/\/www.inverseteams.com\/ca\/wp-json\/wp\/v2\/range?post=15414"}],"curies":[{"name":"wp","href":"https:\/\/api.w.org\/{rel}","templated":true}]}}