{"id":15413,"date":"2021-05-13T07:55:50","date_gmt":"2021-05-13T07:55:50","guid":{"rendered":"https:\/\/inverseteams.com\/product\/samarreta-maniga-curta-trail-camu-dona\/"},"modified":"2022-12-05T00:01:49","modified_gmt":"2022-12-05T00:01:49","slug":"samarreta-maniga-curta-trail-camu-dona","status":"publish","type":"product","link":"https:\/\/www.inverseteams.com\/ca\/producte\/samarreta-maniga-curta-trail-camu-dona\/","title":{"rendered":"Samarreta m\u00e0niga curta trail CAMU (DONA)"},"content":{"rendered":"<p>Samarreta t\u00e8cnica molt lleugera ideal per a la competici\u00f3 i els entrenaments. Destaca per la seva gran resist\u00e8ncia i capacitat de transpiraci\u00f3. El seu teixit t\u00e9 una alta capacitat d&#8217;assecat i mantindr\u00e0 el teu cos sec.<br \/>\nT\u00e9 una cremallera curta al pit perqu\u00e8 puguis regular la ventilaci\u00f3 durant la carrera. En tots dos laterals trobar\u00e0s una butxaca de reixeta per poder guardar gels i barretes nutritives c\u00f2modament.<br \/>\nLes propietats antibacterianes i el tacte suau fan que aquesta samarreta sigui una pe\u00e7a ideal per a llargues sessions d&#8217;exercici. Gaudeix de l&#8217;esport a l&#8217;aire lliure per molta calor que faci.<\/p>\n","protected":false},"excerpt":{"rendered":"<p>Samarreta t\u00e8cnica molt lleugera ideal per a la competici\u00f3 i els entrenaments. Destaca per la seva gran resist\u00e8ncia i capacitat de transpiraci\u00f3. El seu teixit t\u00e9 una alta capacitat d&#8217;assecat i mantindr\u00e0 el teu cos sec.<br \/>\nT\u00e9 una cremallera curta al pit perqu\u00e8 puguis regular la ventilaci\u00f3 durant la carrera. En tots dos laterals trobar\u00e0s una butxaca de reixeta per poder guardar gels i barretes nutritives c\u00f2modament.<br \/>\nLes propietats antibacterianes i el tacte suau fan que aquesta samarreta sigui una pe\u00e7a ideal per a llargues sessions d&#8217;exercici. Gaudeix de l&#8217;esport a l&#8217;aire lliure per molta calor que faci.<\/p>\n","protected":false},"featured_media":11431,"comment_status":"closed","ping_status":"closed","template":"","meta":{"_acf_changed":false},"product_brand":[],"product_cat":[4191,4115,4190,4186],"product_tag":[],"custom_category":[],"range":[],"class_list":{"0":"post-15413","1":"product","2":"type-product","3":"status-publish","4":"has-post-thumbnail","6":"product_cat-samarreta-trail-outlet","7":"product_cat-dona","8":"product_cat-trail-outlet-ca","9":"product_cat-outet-ca","10":"pa_climatologia-calor-ca","11":"pa_deporte-trail-ca","12":"pa_genero-dona","13":"pa_patronaje-regular-ca","14":"pa_talla-l-ca","15":"pa_talla-m-ca","16":"pa_talla-s-ca","17":"pa_talla-xl-ca","18":"pa_tipo-de-prenda-samarreta-trail","20":"first","21":"instock","22":"sale","23":"taxable","24":"shipping-taxable","25":"purchasable","26":"product-type-variable","27":"has-default-attributes"},"acf":[],"yoast_head":"<!-- This site is optimized with the Yoast SEO plugin v27.3 - https:\/\/yoast.com\/product\/yoast-seo-wordpress\/ -->\n<title>Samarreta m\u00e0niga curta trail CAMU (DONA)<\/title>\n<meta name=\"description\" content=\"Samarreta t\u00e8cnica molt lleugera ideal per a la competici\u00f3 i els entrenaments. Destaca per la seva gran resist\u00e8ncia i capacitat de transpiraci\u00f3. El seu teixit t\u00e9 una alta capacitat d&#039;assecat i mantindr\u00e0 el teu cos sec. T\u00e9 una cremallera curta al pit perqu\u00e8 puguis regular la ventilaci\u00f3 durant la carrera. En tots dos laterals trobar\u00e0s una butxaca de reixeta per poder guardar gels i barretes nutritives c\u00f2modament. Les propietats antibacterianes i el tacte suau fan que aquesta samarreta sigui una pe\u00e7a ideal per a llargues sessions d&#039;exercici. Gaudeix de l&#039;esport a l&#039;aire lliure per molta calor que faci.\" \/>\n<meta name=\"robots\" content=\"index, follow, max-snippet:-1, max-image-preview:large, max-video-preview:-1\" \/>\n<link rel=\"canonical\" href=\"https:\/\/www.inverseteams.com\/ca\/producte\/samarreta-maniga-curta-trail-camu-dona\/\" \/>\n<meta property=\"og:locale\" content=\"ca_ES\" \/>\n<meta property=\"og:type\" content=\"article\" \/>\n<meta property=\"og:title\" content=\"Samarreta m\u00e0niga curta trail CAMU (DONA)\" \/>\n<meta property=\"og:description\" content=\"Samarreta t\u00e8cnica molt lleugera ideal per a la competici\u00f3 i els entrenaments. Destaca per la seva gran resist\u00e8ncia i capacitat de transpiraci\u00f3. El seu teixit t\u00e9 una alta capacitat d&#039;assecat i mantindr\u00e0 el teu cos sec. T\u00e9 una cremallera curta al pit perqu\u00e8 puguis regular la ventilaci\u00f3 durant la carrera. En tots dos laterals trobar\u00e0s una butxaca de reixeta per poder guardar gels i barretes nutritives c\u00f2modament. Les propietats antibacterianes i el tacte suau fan que aquesta samarreta sigui una pe\u00e7a ideal per a llargues sessions d&#039;exercici. Gaudeix de l&#039;esport a l&#039;aire lliure per molta calor que faci.\" \/>\n<meta property=\"og:url\" content=\"https:\/\/www.inverseteams.com\/ca\/producte\/samarreta-maniga-curta-trail-camu-dona\/\" \/>\n<meta property=\"og:site_name\" content=\"Inverseteams\" \/>\n<meta property=\"article:publisher\" content=\"https:\/\/www.facebook.com\/inverseteams\" \/>\n<meta property=\"article:modified_time\" content=\"2022-12-05T00:01:49+00:00\" \/>\n<meta property=\"og:image\" content=\"https:\/\/www.inverseteams.com\/wp-content\/uploads\/CAMISETA-MANGA-CORTA-TRAIL-CAMU-MUJER-1.jpg\" \/>\n\t<meta property=\"og:image:width\" content=\"3222\" \/>\n\t<meta property=\"og:image:height\" content=\"3462\" \/>\n\t<meta property=\"og:image:type\" content=\"image\/jpeg\" \/>\n<meta name=\"twitter:card\" content=\"summary_large_image\" \/>\n<meta name=\"twitter:label1\" content=\"Temps estimat de lectura\" \/>\n\t<meta name=\"twitter:data1\" content=\"1 minut\" \/>\n<script type=\"application\/ld+json\" class=\"yoast-schema-graph\">{\"@context\":\"https:\\\/\\\/schema.org\",\"@graph\":[{\"@type\":\"WebPage\",\"@id\":\"https:\\\/\\\/www.inverseteams.com\\\/ca\\\/producte\\\/samarreta-maniga-curta-trail-camu-dona\\\/\",\"url\":\"https:\\\/\\\/www.inverseteams.com\\\/ca\\\/producte\\\/samarreta-maniga-curta-trail-camu-dona\\\/\",\"name\":\"Samarreta m\u00e0niga curta trail CAMU (DONA)\",\"isPartOf\":{\"@id\":\"https:\\\/\\\/www.inverseteams.com\\\/ca\\\/#website\"},\"primaryImageOfPage\":{\"@id\":\"https:\\\/\\\/www.inverseteams.com\\\/ca\\\/producte\\\/samarreta-maniga-curta-trail-camu-dona\\\/#primaryimage\"},\"image\":{\"@id\":\"https:\\\/\\\/www.inverseteams.com\\\/ca\\\/producte\\\/samarreta-maniga-curta-trail-camu-dona\\\/#primaryimage\"},\"thumbnailUrl\":\"https:\\\/\\\/www.inverseteams.com\\\/wp-content\\\/uploads\\\/CAMISETA-MANGA-CORTA-TRAIL-CAMU-MUJER-1.jpg\",\"datePublished\":\"2021-05-13T07:55:50+00:00\",\"dateModified\":\"2022-12-05T00:01:49+00:00\",\"description\":\"Samarreta t\u00e8cnica molt lleugera ideal per a la competici\u00f3 i els entrenaments. Destaca per la seva gran resist\u00e8ncia i capacitat de transpiraci\u00f3. El seu teixit t\u00e9 una alta capacitat d'assecat i mantindr\u00e0 el teu cos sec. T\u00e9 una cremallera curta al pit perqu\u00e8 puguis regular la ventilaci\u00f3 durant la carrera. En tots dos laterals trobar\u00e0s una butxaca de reixeta per poder guardar gels i barretes nutritives c\u00f2modament. Les propietats antibacterianes i el tacte suau fan que aquesta samarreta sigui una pe\u00e7a ideal per a llargues sessions d'exercici. Gaudeix de l'esport a l'aire lliure per molta calor que faci.\",\"breadcrumb\":{\"@id\":\"https:\\\/\\\/www.inverseteams.com\\\/ca\\\/producte\\\/samarreta-maniga-curta-trail-camu-dona\\\/#breadcrumb\"},\"inLanguage\":\"ca\",\"potentialAction\":[{\"@type\":\"ReadAction\",\"target\":[\"https:\\\/\\\/www.inverseteams.com\\\/ca\\\/producte\\\/samarreta-maniga-curta-trail-camu-dona\\\/\"]}]},{\"@type\":\"ImageObject\",\"inLanguage\":\"ca\",\"@id\":\"https:\\\/\\\/www.inverseteams.com\\\/ca\\\/producte\\\/samarreta-maniga-curta-trail-camu-dona\\\/#primaryimage\",\"url\":\"https:\\\/\\\/www.inverseteams.com\\\/wp-content\\\/uploads\\\/CAMISETA-MANGA-CORTA-TRAIL-CAMU-MUJER-1.jpg\",\"contentUrl\":\"https:\\\/\\\/www.inverseteams.com\\\/wp-content\\\/uploads\\\/CAMISETA-MANGA-CORTA-TRAIL-CAMU-MUJER-1.jpg\",\"width\":3222,\"height\":3462,\"caption\":\"Camiseta manga corta trail running mujer CAMU\"},{\"@type\":\"BreadcrumbList\",\"@id\":\"https:\\\/\\\/www.inverseteams.com\\\/ca\\\/producte\\\/samarreta-maniga-curta-trail-camu-dona\\\/#breadcrumb\",\"itemListElement\":[{\"@type\":\"ListItem\",\"position\":1,\"name\":\"Portada\",\"item\":\"https:\\\/\\\/www.inverseteams.com\\\/ca\\\/pagina-principal\\\/\"},{\"@type\":\"ListItem\",\"position\":2,\"name\":\"Botiga\",\"item\":\"https:\\\/\\\/www.inverseteams.com\\\/ca\\\/botiga\\\/\"},{\"@type\":\"ListItem\",\"position\":3,\"name\":\"Samarreta m\u00e0niga curta trail CAMU (DONA)\"}]},{\"@type\":\"WebSite\",\"@id\":\"https:\\\/\\\/www.inverseteams.com\\\/ca\\\/#website\",\"url\":\"https:\\\/\\\/www.inverseteams.com\\\/ca\\\/\",\"name\":\"Inverseteams\",\"description\":\"Tu marca de ropa deportiva personalizada\",\"publisher\":{\"@id\":\"https:\\\/\\\/www.inverseteams.com\\\/ca\\\/#organization\"},\"potentialAction\":[{\"@type\":\"SearchAction\",\"target\":{\"@type\":\"EntryPoint\",\"urlTemplate\":\"https:\\\/\\\/www.inverseteams.com\\\/ca\\\/?s={search_term_string}\"},\"query-input\":{\"@type\":\"PropertyValueSpecification\",\"valueRequired\":true,\"valueName\":\"search_term_string\"}}],\"inLanguage\":\"ca\"},{\"@type\":\"Organization\",\"@id\":\"https:\\\/\\\/www.inverseteams.com\\\/ca\\\/#organization\",\"name\":\"Inverse Teams\",\"url\":\"https:\\\/\\\/www.inverseteams.com\\\/ca\\\/\",\"logo\":{\"@type\":\"ImageObject\",\"inLanguage\":\"ca\",\"@id\":\"https:\\\/\\\/www.inverseteams.com\\\/ca\\\/#\\\/schema\\\/logo\\\/image\\\/\",\"url\":\"http:\\\/\\\/www.inverseteams.com\\\/wp-content\\\/uploads\\\/2021\\\/03\\\/logo-inverse-teams.png\",\"contentUrl\":\"http:\\\/\\\/www.inverseteams.com\\\/wp-content\\\/uploads\\\/2021\\\/03\\\/logo-inverse-teams.png\",\"width\":294,\"height\":99,\"caption\":\"Inverse Teams\"},\"image\":{\"@id\":\"https:\\\/\\\/www.inverseteams.com\\\/ca\\\/#\\\/schema\\\/logo\\\/image\\\/\"},\"sameAs\":[\"https:\\\/\\\/www.facebook.com\\\/inverseteams\",\"http:\\\/\\\/instagram.com\\\/inverseteams\",\"https:\\\/\\\/www.linkedin.com\\\/company\\\/inverse-cirosport-s-l-?trk=job_view_topcard_company_name\",\"http:\\\/\\\/www.pinterest.com\\\/inverseteams\\\/\",\"http:\\\/\\\/www.youtube.com\\\/user\\\/inverseteams?feature=watch\"]}]}<\/script>\n<!-- \/ Yoast SEO plugin. -->","yoast_head_json":{"title":"Samarreta m\u00e0niga curta trail CAMU (DONA)","description":"Samarreta t\u00e8cnica molt lleugera ideal per a la competici\u00f3 i els entrenaments. Destaca per la seva gran resist\u00e8ncia i capacitat de transpiraci\u00f3. El seu teixit t\u00e9 una alta capacitat d'assecat i mantindr\u00e0 el teu cos sec. T\u00e9 una cremallera curta al pit perqu\u00e8 puguis regular la ventilaci\u00f3 durant la carrera. En tots dos laterals trobar\u00e0s una butxaca de reixeta per poder guardar gels i barretes nutritives c\u00f2modament. Les propietats antibacterianes i el tacte suau fan que aquesta samarreta sigui una pe\u00e7a ideal per a llargues sessions d'exercici. Gaudeix de l'esport a l'aire lliure per molta calor que faci.","robots":{"index":"index","follow":"follow","max-snippet":"max-snippet:-1","max-image-preview":"max-image-preview:large","max-video-preview":"max-video-preview:-1"},"canonical":"https:\/\/www.inverseteams.com\/ca\/producte\/samarreta-maniga-curta-trail-camu-dona\/","og_locale":"ca_ES","og_type":"article","og_title":"Samarreta m\u00e0niga curta trail CAMU (DONA)","og_description":"Samarreta t\u00e8cnica molt lleugera ideal per a la competici\u00f3 i els entrenaments. Destaca per la seva gran resist\u00e8ncia i capacitat de transpiraci\u00f3. El seu teixit t\u00e9 una alta capacitat d'assecat i mantindr\u00e0 el teu cos sec. T\u00e9 una cremallera curta al pit perqu\u00e8 puguis regular la ventilaci\u00f3 durant la carrera. En tots dos laterals trobar\u00e0s una butxaca de reixeta per poder guardar gels i barretes nutritives c\u00f2modament. Les propietats antibacterianes i el tacte suau fan que aquesta samarreta sigui una pe\u00e7a ideal per a llargues sessions d'exercici. Gaudeix de l'esport a l'aire lliure per molta calor que faci.","og_url":"https:\/\/www.inverseteams.com\/ca\/producte\/samarreta-maniga-curta-trail-camu-dona\/","og_site_name":"Inverseteams","article_publisher":"https:\/\/www.facebook.com\/inverseteams","article_modified_time":"2022-12-05T00:01:49+00:00","og_image":[{"width":3222,"height":3462,"url":"https:\/\/www.inverseteams.com\/wp-content\/uploads\/CAMISETA-MANGA-CORTA-TRAIL-CAMU-MUJER-1.jpg","type":"image\/jpeg"}],"twitter_card":"summary_large_image","twitter_misc":{"Temps estimat de lectura":"1 minut"},"schema":{"@context":"https:\/\/schema.org","@graph":[{"@type":"WebPage","@id":"https:\/\/www.inverseteams.com\/ca\/producte\/samarreta-maniga-curta-trail-camu-dona\/","url":"https:\/\/www.inverseteams.com\/ca\/producte\/samarreta-maniga-curta-trail-camu-dona\/","name":"Samarreta m\u00e0niga curta trail CAMU (DONA)","isPartOf":{"@id":"https:\/\/www.inverseteams.com\/ca\/#website"},"primaryImageOfPage":{"@id":"https:\/\/www.inverseteams.com\/ca\/producte\/samarreta-maniga-curta-trail-camu-dona\/#primaryimage"},"image":{"@id":"https:\/\/www.inverseteams.com\/ca\/producte\/samarreta-maniga-curta-trail-camu-dona\/#primaryimage"},"thumbnailUrl":"https:\/\/www.inverseteams.com\/wp-content\/uploads\/CAMISETA-MANGA-CORTA-TRAIL-CAMU-MUJER-1.jpg","datePublished":"2021-05-13T07:55:50+00:00","dateModified":"2022-12-05T00:01:49+00:00","description":"Samarreta t\u00e8cnica molt lleugera ideal per a la competici\u00f3 i els entrenaments. Destaca per la seva gran resist\u00e8ncia i capacitat de transpiraci\u00f3. El seu teixit t\u00e9 una alta capacitat d'assecat i mantindr\u00e0 el teu cos sec. T\u00e9 una cremallera curta al pit perqu\u00e8 puguis regular la ventilaci\u00f3 durant la carrera. En tots dos laterals trobar\u00e0s una butxaca de reixeta per poder guardar gels i barretes nutritives c\u00f2modament. Les propietats antibacterianes i el tacte suau fan que aquesta samarreta sigui una pe\u00e7a ideal per a llargues sessions d'exercici. Gaudeix de l'esport a l'aire lliure per molta calor que faci.","breadcrumb":{"@id":"https:\/\/www.inverseteams.com\/ca\/producte\/samarreta-maniga-curta-trail-camu-dona\/#breadcrumb"},"inLanguage":"ca","potentialAction":[{"@type":"ReadAction","target":["https:\/\/www.inverseteams.com\/ca\/producte\/samarreta-maniga-curta-trail-camu-dona\/"]}]},{"@type":"ImageObject","inLanguage":"ca","@id":"https:\/\/www.inverseteams.com\/ca\/producte\/samarreta-maniga-curta-trail-camu-dona\/#primaryimage","url":"https:\/\/www.inverseteams.com\/wp-content\/uploads\/CAMISETA-MANGA-CORTA-TRAIL-CAMU-MUJER-1.jpg","contentUrl":"https:\/\/www.inverseteams.com\/wp-content\/uploads\/CAMISETA-MANGA-CORTA-TRAIL-CAMU-MUJER-1.jpg","width":3222,"height":3462,"caption":"Camiseta manga corta trail running mujer CAMU"},{"@type":"BreadcrumbList","@id":"https:\/\/www.inverseteams.com\/ca\/producte\/samarreta-maniga-curta-trail-camu-dona\/#breadcrumb","itemListElement":[{"@type":"ListItem","position":1,"name":"Portada","item":"https:\/\/www.inverseteams.com\/ca\/pagina-principal\/"},{"@type":"ListItem","position":2,"name":"Botiga","item":"https:\/\/www.inverseteams.com\/ca\/botiga\/"},{"@type":"ListItem","position":3,"name":"Samarreta m\u00e0niga curta trail CAMU (DONA)"}]},{"@type":"WebSite","@id":"https:\/\/www.inverseteams.com\/ca\/#website","url":"https:\/\/www.inverseteams.com\/ca\/","name":"Inverseteams","description":"Tu marca de ropa deportiva personalizada","publisher":{"@id":"https:\/\/www.inverseteams.com\/ca\/#organization"},"potentialAction":[{"@type":"SearchAction","target":{"@type":"EntryPoint","urlTemplate":"https:\/\/www.inverseteams.com\/ca\/?s={search_term_string}"},"query-input":{"@type":"PropertyValueSpecification","valueRequired":true,"valueName":"search_term_string"}}],"inLanguage":"ca"},{"@type":"Organization","@id":"https:\/\/www.inverseteams.com\/ca\/#organization","name":"Inverse Teams","url":"https:\/\/www.inverseteams.com\/ca\/","logo":{"@type":"ImageObject","inLanguage":"ca","@id":"https:\/\/www.inverseteams.com\/ca\/#\/schema\/logo\/image\/","url":"https:\/\/www.inverseteams.com\/wp-content\/uploads\/2021\/03\/logo-inverse-teams.png","contentUrl":"https:\/\/www.inverseteams.com\/wp-content\/uploads\/2021\/03\/logo-inverse-teams.png","width":294,"height":99,"caption":"Inverse Teams"},"image":{"@id":"https:\/\/www.inverseteams.com\/ca\/#\/schema\/logo\/image\/"},"sameAs":["https:\/\/www.facebook.com\/inverseteams","http:\/\/instagram.com\/inverseteams","https:\/\/www.linkedin.com\/company\/inverse-cirosport-s-l-?trk=job_view_topcard_company_name","http:\/\/www.pinterest.com\/inverseteams\/","http:\/\/www.youtube.com\/user\/inverseteams?feature=watch"]}]}},"_links":{"self":[{"href":"https:\/\/www.inverseteams.com\/ca\/wp-json\/wp\/v2\/product\/15413","targetHints":{"allow":["GET"]}}],"collection":[{"href":"https:\/\/www.inverseteams.com\/ca\/wp-json\/wp\/v2\/product"}],"about":[{"href":"https:\/\/www.inverseteams.com\/ca\/wp-json\/wp\/v2\/types\/product"}],"replies":[{"embeddable":true,"href":"https:\/\/www.inverseteams.com\/ca\/wp-json\/wp\/v2\/comments?post=15413"}],"wp:featuredmedia":[{"embeddable":true,"href":"https:\/\/www.inverseteams.com\/ca\/wp-json\/wp\/v2\/media\/11431"}],"wp:attachment":[{"href":"https:\/\/www.inverseteams.com\/ca\/wp-json\/wp\/v2\/media?parent=15413"}],"wp:term":[{"taxonomy":"product_brand","embeddable":true,"href":"https:\/\/www.inverseteams.com\/ca\/wp-json\/wp\/v2\/product_brand?post=15413"},{"taxonomy":"product_cat","embeddable":true,"href":"https:\/\/www.inverseteams.com\/ca\/wp-json\/wp\/v2\/product_cat?post=15413"},{"taxonomy":"product_tag","embeddable":true,"href":"https:\/\/www.inverseteams.com\/ca\/wp-json\/wp\/v2\/product_tag?post=15413"},{"taxonomy":"custom_category","embeddable":true,"href":"https:\/\/www.inverseteams.com\/ca\/wp-json\/wp\/v2\/custom_category?post=15413"},{"taxonomy":"range","embeddable":true,"href":"https:\/\/www.inverseteams.com\/ca\/wp-json\/wp\/v2\/range?post=15413"}],"curies":[{"name":"wp","href":"https:\/\/api.w.org\/{rel}","templated":true}]}}