{"id":135294,"date":"2023-07-20T10:22:56","date_gmt":"2023-07-20T10:22:56","guid":{"rendered":"https:\/\/www.inverseteams.com\/?post_type=product&#038;p=135294"},"modified":"2024-06-04T00:01:51","modified_gmt":"2024-06-04T00:01:51","slug":"maillot-ciclista-amb-llum-de-seguretat-antares-dona","status":"publish","type":"product","link":"https:\/\/www.inverseteams.com\/ca\/producte\/maillot-ciclista-amb-llum-de-seguretat-antares-dona\/","title":{"rendered":"Maillot ciclista amb llum de seguretat ANTARES (DONA)"},"content":{"rendered":"<p>A la zona de les butxaques incorpora una llum LED de seguretat extra\u00efble. Aquesta t\u00e9 2 modes d&#8217;il\u00b7luminaci\u00f3: fix i parpelleig. Amb una pot\u00e8ncia de 150 lumens, el seu rang de visibilitat m\u00e0xim \u00e9s de 20 metres. T\u00e9 una durada de 2 a 4 hores i \u00e9s f\u00e0cilment recarregable per USB 3.0.<br \/>\nEl nou mallot ANTARES \u00e9s perfecte per gaudir del ciclisme amb total seguretat durant els moments de poca llum.<br \/>\nEl cos est\u00e0 confeccionar amb el teixit t\u00e8rmic SUPERROUBAIX que mant\u00e9 l\u2019escalfor corporal i facilita l\u2019evacuaci\u00f3 de la suor. Tindr\u00e0s una sensaci\u00f3 de confort total i la teva pell estar\u00e0 seca durant totes les hores d\u2019exercici. El seu patronatge SLIM FIT permet que el mallot ciclista estigui ben arrapat al cos per maximitzar les seves caracter\u00edstiques t\u00e8cniques i millorar l\u2019aerodin\u00e0mica. T\u00e9 una cremallera integral amb sistema antipull que et permetr\u00e0 posar-te\u2019l i treure-te\u2019l f\u00e0cilment i podr\u00e0s regular la ventilaci\u00f3 durant l\u2019exercici.<br \/>\nLes m\u00e0nigues semi-muntades AERO s\u2019adapten perfectament al bra\u00e7 i a totes les posicions. Est\u00e0n cosides amb costures planes per evitar rascades. El teixit CYCLON, amb el que estan fabricades, \u00e9s altament transpirable. El puny el\u00e0stic s\u2019ajusta molt b\u00e9 al bra\u00e7 i evita l\u2019entrada d\u2019aire.<br \/>\nA la cintura t\u00e9 una banda el\u00e0stica amb un grip de silicona antilliscant a l\u2019interior per mantenir el mallot ben arrapat al cos. A la zona lumbar incorpora 3 butxaques obertes acabades amb un rivet el\u00e0stic amb silicona. Tamb\u00e9 t\u00e9 varis detalls reflectants per augmentar la teva seguretat a la carretera. Gaudeix del ciclisme sense preocupacions.<\/p>\n","protected":false},"excerpt":{"rendered":"<p>A la zona de les butxaques incorpora una llum LED de seguretat extra\u00efble. Aquesta t\u00e9 2 modes d&#8217;il\u00b7luminaci\u00f3: fix i parpelleig. Amb una pot\u00e8ncia de 150 lumens, el seu rang de visibilitat m\u00e0xim \u00e9s de 20 metres. T\u00e9 una durada de 2 a 4 hores i \u00e9s f\u00e0cilment recarregable per USB 3.0.<br \/>\nEl nou mallot ANTARES \u00e9s perfecte per gaudir del ciclisme amb total seguretat durant els moments de poca llum.<br \/>\nEl cos est\u00e0 confeccionar amb el teixit t\u00e8rmic SUPERROUBAIX que mant\u00e9 l\u2019escalfor corporal i facilita l\u2019evacuaci\u00f3 de la suor. Tindr\u00e0s una sensaci\u00f3 de confort total i la teva pell estar\u00e0 seca durant totes les hores d\u2019exercici. El seu patronatge SLIM FIT permet que el mallot ciclista estigui ben arrapat al cos per maximitzar les seves caracter\u00edstiques t\u00e8cniques i millorar l\u2019aerodin\u00e0mica. T\u00e9 una cremallera integral amb sistema antipull que et permetr\u00e0 posar-te\u2019l i treure-te\u2019l f\u00e0cilment i podr\u00e0s regular la ventilaci\u00f3 durant l\u2019exercici.<br \/>\nLes m\u00e0nigues semi-muntades AERO s\u2019adapten perfectament al bra\u00e7 i a totes les posicions. Est\u00e0n cosides amb costures planes per evitar rascades. El teixit CYCLON, amb el que estan fabricades, \u00e9s altament transpirable. El puny el\u00e0stic s\u2019ajusta molt b\u00e9 al bra\u00e7 i evita l\u2019entrada d\u2019aire.<br \/>\nA la cintura t\u00e9 una banda el\u00e0stica amb un grip de silicona antilliscant a l\u2019interior per mantenir el mallot ben arrapat al cos. A la zona lumbar incorpora 3 butxaques obertes acabades amb un rivet el\u00e0stic amb silicona. Tamb\u00e9 t\u00e9 varis detalls reflectants per augmentar la teva seguretat a la carretera. Gaudeix del ciclisme sense preocupacions.<\/p>\n","protected":false},"featured_media":138604,"comment_status":"closed","ping_status":"closed","template":"","meta":{"_acf_changed":false},"product_brand":[],"product_cat":[4120,9947,7175],"product_tag":[],"custom_category":[],"range":[],"class_list":{"0":"post-135294","1":"product","2":"type-product","3":"status-publish","4":"has-post-thumbnail","6":"product_cat-mallot-ciclista","7":"product_cat-gravel-cat","8":"product_cat-b2b-ca","9":"pa_climatologia-fred","10":"pa_deporte-gravel-ca","11":"pa_deporte-ciclisme","12":"pa_genero-dona","13":"pa_patronaje-fit-ca","14":"pa_talla-l-ca","15":"pa_talla-m-ca","16":"pa_talla-s-ca","17":"pa_talla-xl-ca","18":"pa_talla-xs-ca","19":"pa_tipo-de-prenda-mallot-maniga-llarga","21":"first","22":"instock","23":"taxable","24":"shipping-taxable","25":"purchasable","26":"product-type-variable","27":"has-default-attributes"},"acf":[],"yoast_head":"<!-- This site is optimized with the Yoast SEO plugin v27.5 - https:\/\/yoast.com\/product\/yoast-seo-wordpress\/ -->\n<title>Maillot ciclista amb llum de seguretat ANTARES (DONA)<\/title>\n<meta name=\"description\" content=\"A la zona de les butxaques incorpora una llum LED de seguretat extra\u00efble. Aquesta t\u00e9 2 modes d&#039;il\u00b7luminaci\u00f3: fix i parpelleig. Amb una pot\u00e8ncia de 150 lumens, el seu rang de visibilitat m\u00e0xim \u00e9s de 20 metres. T\u00e9 una durada de 2 a 4 hores i \u00e9s f\u00e0cilment recarregable per USB 3.0. El nou mallot ANTARES \u00e9s perfecte per gaudir del ciclisme amb total seguretat durant els moments de poca llum. El cos est\u00e0 confeccionar amb el teixit t\u00e8rmic SUPERROUBAIX que mant\u00e9 l\u2019escalfor corporal i facilita l\u2019evacuaci\u00f3 de la suor. Tindr\u00e0s una sensaci\u00f3 de confort total i la teva pell estar\u00e0 seca durant totes les hores d\u2019exercici. El seu patronatge SLIM FIT permet que el mallot ciclista estigui ben arrapat al cos per maximitzar les seves caracter\u00edstiques t\u00e8cniques i millorar l\u2019aerodin\u00e0mica. T\u00e9 una cremallera integral amb sistema antipull que et permetr\u00e0 posar-te\u2019l i treure-te\u2019l f\u00e0cilment i podr\u00e0s regular la ventilaci\u00f3 durant l\u2019exercici. Les m\u00e0nigues semi-muntades AERO s\u2019adapten perfectament al bra\u00e7 i a totes les posicions. Est\u00e0n cosides amb costures planes per evitar rascades. El teixit CYCLON, amb el que estan fabricades, \u00e9s altament transpirable. El puny el\u00e0stic s\u2019ajusta molt b\u00e9 al bra\u00e7 i evita l\u2019entrada d\u2019aire. A la cintura t\u00e9 una banda el\u00e0stica amb un grip de silicona antilliscant a l\u2019interior per mantenir el mallot ben arrapat al cos. A la zona lumbar incorpora 3 butxaques obertes acabades amb un rivet el\u00e0stic amb silicona. Tamb\u00e9 t\u00e9 varis detalls reflectants per augmentar la teva seguretat a la carretera. Gaudeix del ciclisme sense preocupacions.\" \/>\n<meta name=\"robots\" content=\"index, follow, max-snippet:-1, max-image-preview:large, max-video-preview:-1\" \/>\n<link rel=\"canonical\" href=\"https:\/\/www.inverseteams.com\/ca\/producte\/maillot-ciclista-amb-llum-de-seguretat-antares-dona\/\" \/>\n<meta property=\"og:locale\" content=\"ca_ES\" \/>\n<meta property=\"og:type\" content=\"article\" \/>\n<meta property=\"og:title\" content=\"Maillot ciclista amb llum de seguretat ANTARES (DONA)\" \/>\n<meta property=\"og:description\" content=\"A la zona de les butxaques incorpora una llum LED de seguretat extra\u00efble. Aquesta t\u00e9 2 modes d&#039;il\u00b7luminaci\u00f3: fix i parpelleig. Amb una pot\u00e8ncia de 150 lumens, el seu rang de visibilitat m\u00e0xim \u00e9s de 20 metres. T\u00e9 una durada de 2 a 4 hores i \u00e9s f\u00e0cilment recarregable per USB 3.0. El nou mallot ANTARES \u00e9s perfecte per gaudir del ciclisme amb total seguretat durant els moments de poca llum. El cos est\u00e0 confeccionar amb el teixit t\u00e8rmic SUPERROUBAIX que mant\u00e9 l\u2019escalfor corporal i facilita l\u2019evacuaci\u00f3 de la suor. Tindr\u00e0s una sensaci\u00f3 de confort total i la teva pell estar\u00e0 seca durant totes les hores d\u2019exercici. El seu patronatge SLIM FIT permet que el mallot ciclista estigui ben arrapat al cos per maximitzar les seves caracter\u00edstiques t\u00e8cniques i millorar l\u2019aerodin\u00e0mica. T\u00e9 una cremallera integral amb sistema antipull que et permetr\u00e0 posar-te\u2019l i treure-te\u2019l f\u00e0cilment i podr\u00e0s regular la ventilaci\u00f3 durant l\u2019exercici. Les m\u00e0nigues semi-muntades AERO s\u2019adapten perfectament al bra\u00e7 i a totes les posicions. Est\u00e0n cosides amb costures planes per evitar rascades. El teixit CYCLON, amb el que estan fabricades, \u00e9s altament transpirable. El puny el\u00e0stic s\u2019ajusta molt b\u00e9 al bra\u00e7 i evita l\u2019entrada d\u2019aire. A la cintura t\u00e9 una banda el\u00e0stica amb un grip de silicona antilliscant a l\u2019interior per mantenir el mallot ben arrapat al cos. A la zona lumbar incorpora 3 butxaques obertes acabades amb un rivet el\u00e0stic amb silicona. Tamb\u00e9 t\u00e9 varis detalls reflectants per augmentar la teva seguretat a la carretera. Gaudeix del ciclisme sense preocupacions.\" \/>\n<meta property=\"og:url\" content=\"https:\/\/www.inverseteams.com\/ca\/producte\/maillot-ciclista-amb-llum-de-seguretat-antares-dona\/\" \/>\n<meta property=\"og:site_name\" content=\"Inverseteams\" \/>\n<meta property=\"article:publisher\" content=\"https:\/\/www.facebook.com\/inverseteams\" \/>\n<meta property=\"article:modified_time\" content=\"2024-06-04T00:01:51+00:00\" \/>\n<meta property=\"og:image\" content=\"https:\/\/www.inverseteams.com\/wp-content\/uploads\/MAILLOT-CICLISTA-CON-LUZ-ANTARES-MUJER-1-1.jpg\" \/>\n\t<meta property=\"og:image:width\" content=\"3000\" \/>\n\t<meta property=\"og:image:height\" content=\"3223\" \/>\n\t<meta property=\"og:image:type\" content=\"image\/jpeg\" \/>\n<meta name=\"twitter:card\" content=\"summary_large_image\" \/>\n<meta name=\"twitter:label1\" content=\"Temps estimat de lectura\" \/>\n\t<meta name=\"twitter:data1\" content=\"2 minut\" \/>\n<script type=\"application\/ld+json\" class=\"yoast-schema-graph\">{\"@context\":\"https:\\\/\\\/schema.org\",\"@graph\":[{\"@type\":\"WebPage\",\"@id\":\"https:\\\/\\\/www.inverseteams.com\\\/ca\\\/producte\\\/maillot-ciclista-amb-llum-de-seguretat-antares-dona\\\/\",\"url\":\"https:\\\/\\\/www.inverseteams.com\\\/ca\\\/producte\\\/maillot-ciclista-amb-llum-de-seguretat-antares-dona\\\/\",\"name\":\"Maillot ciclista amb llum de seguretat ANTARES (DONA)\",\"isPartOf\":{\"@id\":\"https:\\\/\\\/www.inverseteams.com\\\/ca\\\/#website\"},\"primaryImageOfPage\":{\"@id\":\"https:\\\/\\\/www.inverseteams.com\\\/ca\\\/producte\\\/maillot-ciclista-amb-llum-de-seguretat-antares-dona\\\/#primaryimage\"},\"image\":{\"@id\":\"https:\\\/\\\/www.inverseteams.com\\\/ca\\\/producte\\\/maillot-ciclista-amb-llum-de-seguretat-antares-dona\\\/#primaryimage\"},\"thumbnailUrl\":\"https:\\\/\\\/www.inverseteams.com\\\/wp-content\\\/uploads\\\/MAILLOT-CICLISTA-CON-LUZ-ANTARES-MUJER-1-1.jpg\",\"datePublished\":\"2023-07-20T10:22:56+00:00\",\"dateModified\":\"2024-06-04T00:01:51+00:00\",\"description\":\"A la zona de les butxaques incorpora una llum LED de seguretat extra\u00efble. Aquesta t\u00e9 2 modes d'il\u00b7luminaci\u00f3: fix i parpelleig. Amb una pot\u00e8ncia de 150 lumens, el seu rang de visibilitat m\u00e0xim \u00e9s de 20 metres. T\u00e9 una durada de 2 a 4 hores i \u00e9s f\u00e0cilment recarregable per USB 3.0. El nou mallot ANTARES \u00e9s perfecte per gaudir del ciclisme amb total seguretat durant els moments de poca llum. El cos est\u00e0 confeccionar amb el teixit t\u00e8rmic SUPERROUBAIX que mant\u00e9 l\u2019escalfor corporal i facilita l\u2019evacuaci\u00f3 de la suor. Tindr\u00e0s una sensaci\u00f3 de confort total i la teva pell estar\u00e0 seca durant totes les hores d\u2019exercici. El seu patronatge SLIM FIT permet que el mallot ciclista estigui ben arrapat al cos per maximitzar les seves caracter\u00edstiques t\u00e8cniques i millorar l\u2019aerodin\u00e0mica. T\u00e9 una cremallera integral amb sistema antipull que et permetr\u00e0 posar-te\u2019l i treure-te\u2019l f\u00e0cilment i podr\u00e0s regular la ventilaci\u00f3 durant l\u2019exercici. Les m\u00e0nigues semi-muntades AERO s\u2019adapten perfectament al bra\u00e7 i a totes les posicions. Est\u00e0n cosides amb costures planes per evitar rascades. El teixit CYCLON, amb el que estan fabricades, \u00e9s altament transpirable. El puny el\u00e0stic s\u2019ajusta molt b\u00e9 al bra\u00e7 i evita l\u2019entrada d\u2019aire. A la cintura t\u00e9 una banda el\u00e0stica amb un grip de silicona antilliscant a l\u2019interior per mantenir el mallot ben arrapat al cos. A la zona lumbar incorpora 3 butxaques obertes acabades amb un rivet el\u00e0stic amb silicona. Tamb\u00e9 t\u00e9 varis detalls reflectants per augmentar la teva seguretat a la carretera. Gaudeix del ciclisme sense preocupacions.\",\"breadcrumb\":{\"@id\":\"https:\\\/\\\/www.inverseteams.com\\\/ca\\\/producte\\\/maillot-ciclista-amb-llum-de-seguretat-antares-dona\\\/#breadcrumb\"},\"inLanguage\":\"ca\",\"potentialAction\":[{\"@type\":\"ReadAction\",\"target\":[\"https:\\\/\\\/www.inverseteams.com\\\/ca\\\/producte\\\/maillot-ciclista-amb-llum-de-seguretat-antares-dona\\\/\"]}]},{\"@type\":\"ImageObject\",\"inLanguage\":\"ca\",\"@id\":\"https:\\\/\\\/www.inverseteams.com\\\/ca\\\/producte\\\/maillot-ciclista-amb-llum-de-seguretat-antares-dona\\\/#primaryimage\",\"url\":\"https:\\\/\\\/www.inverseteams.com\\\/wp-content\\\/uploads\\\/MAILLOT-CICLISTA-CON-LUZ-ANTARES-MUJER-1-1.jpg\",\"contentUrl\":\"https:\\\/\\\/www.inverseteams.com\\\/wp-content\\\/uploads\\\/MAILLOT-CICLISTA-CON-LUZ-ANTARES-MUJER-1-1.jpg\",\"width\":3000,\"height\":3223},{\"@type\":\"BreadcrumbList\",\"@id\":\"https:\\\/\\\/www.inverseteams.com\\\/ca\\\/producte\\\/maillot-ciclista-amb-llum-de-seguretat-antares-dona\\\/#breadcrumb\",\"itemListElement\":[{\"@type\":\"ListItem\",\"position\":1,\"name\":\"Portada\",\"item\":\"https:\\\/\\\/www.inverseteams.com\\\/ca\\\/pagina-principal\\\/\"},{\"@type\":\"ListItem\",\"position\":2,\"name\":\"Botiga\",\"item\":\"https:\\\/\\\/www.inverseteams.com\\\/ca\\\/botiga\\\/\"},{\"@type\":\"ListItem\",\"position\":3,\"name\":\"Maillot ciclista amb llum de seguretat ANTARES (DONA)\"}]},{\"@type\":\"WebSite\",\"@id\":\"https:\\\/\\\/www.inverseteams.com\\\/ca\\\/#website\",\"url\":\"https:\\\/\\\/www.inverseteams.com\\\/ca\\\/\",\"name\":\"Inverseteams\",\"description\":\"Tu marca de ropa deportiva personalizada\",\"publisher\":{\"@id\":\"https:\\\/\\\/www.inverseteams.com\\\/ca\\\/#organization\"},\"potentialAction\":[{\"@type\":\"SearchAction\",\"target\":{\"@type\":\"EntryPoint\",\"urlTemplate\":\"https:\\\/\\\/www.inverseteams.com\\\/ca\\\/?s={search_term_string}\"},\"query-input\":{\"@type\":\"PropertyValueSpecification\",\"valueRequired\":true,\"valueName\":\"search_term_string\"}}],\"inLanguage\":\"ca\"},{\"@type\":\"Organization\",\"@id\":\"https:\\\/\\\/www.inverseteams.com\\\/ca\\\/#organization\",\"name\":\"Inverse Teams\",\"url\":\"https:\\\/\\\/www.inverseteams.com\\\/ca\\\/\",\"logo\":{\"@type\":\"ImageObject\",\"inLanguage\":\"ca\",\"@id\":\"https:\\\/\\\/www.inverseteams.com\\\/ca\\\/#\\\/schema\\\/logo\\\/image\\\/\",\"url\":\"https:\\\/\\\/www.inverseteams.com\\\/wp-content\\\/uploads\\\/2021\\\/03\\\/logo-inverse-teams.png\",\"contentUrl\":\"https:\\\/\\\/www.inverseteams.com\\\/wp-content\\\/uploads\\\/2021\\\/03\\\/logo-inverse-teams.png\",\"width\":294,\"height\":99,\"caption\":\"Inverse Teams\"},\"image\":{\"@id\":\"https:\\\/\\\/www.inverseteams.com\\\/ca\\\/#\\\/schema\\\/logo\\\/image\\\/\"},\"sameAs\":[\"https:\\\/\\\/www.facebook.com\\\/inverseteams\",\"http:\\\/\\\/instagram.com\\\/inverseteams\",\"https:\\\/\\\/www.linkedin.com\\\/company\\\/inverse-cirosport-s-l-?trk=job_view_topcard_company_name\",\"http:\\\/\\\/www.pinterest.com\\\/inverseteams\\\/\",\"http:\\\/\\\/www.youtube.com\\\/user\\\/inverseteams?feature=watch\"]}]}<\/script>\n<!-- \/ Yoast SEO plugin. -->","yoast_head_json":{"title":"Maillot ciclista amb llum de seguretat ANTARES (DONA)","description":"A la zona de les butxaques incorpora una llum LED de seguretat extra\u00efble. Aquesta t\u00e9 2 modes d'il\u00b7luminaci\u00f3: fix i parpelleig. Amb una pot\u00e8ncia de 150 lumens, el seu rang de visibilitat m\u00e0xim \u00e9s de 20 metres. T\u00e9 una durada de 2 a 4 hores i \u00e9s f\u00e0cilment recarregable per USB 3.0. El nou mallot ANTARES \u00e9s perfecte per gaudir del ciclisme amb total seguretat durant els moments de poca llum. El cos est\u00e0 confeccionar amb el teixit t\u00e8rmic SUPERROUBAIX que mant\u00e9 l\u2019escalfor corporal i facilita l\u2019evacuaci\u00f3 de la suor. Tindr\u00e0s una sensaci\u00f3 de confort total i la teva pell estar\u00e0 seca durant totes les hores d\u2019exercici. El seu patronatge SLIM FIT permet que el mallot ciclista estigui ben arrapat al cos per maximitzar les seves caracter\u00edstiques t\u00e8cniques i millorar l\u2019aerodin\u00e0mica. T\u00e9 una cremallera integral amb sistema antipull que et permetr\u00e0 posar-te\u2019l i treure-te\u2019l f\u00e0cilment i podr\u00e0s regular la ventilaci\u00f3 durant l\u2019exercici. Les m\u00e0nigues semi-muntades AERO s\u2019adapten perfectament al bra\u00e7 i a totes les posicions. Est\u00e0n cosides amb costures planes per evitar rascades. El teixit CYCLON, amb el que estan fabricades, \u00e9s altament transpirable. El puny el\u00e0stic s\u2019ajusta molt b\u00e9 al bra\u00e7 i evita l\u2019entrada d\u2019aire. A la cintura t\u00e9 una banda el\u00e0stica amb un grip de silicona antilliscant a l\u2019interior per mantenir el mallot ben arrapat al cos. A la zona lumbar incorpora 3 butxaques obertes acabades amb un rivet el\u00e0stic amb silicona. Tamb\u00e9 t\u00e9 varis detalls reflectants per augmentar la teva seguretat a la carretera. Gaudeix del ciclisme sense preocupacions.","robots":{"index":"index","follow":"follow","max-snippet":"max-snippet:-1","max-image-preview":"max-image-preview:large","max-video-preview":"max-video-preview:-1"},"canonical":"https:\/\/www.inverseteams.com\/ca\/producte\/maillot-ciclista-amb-llum-de-seguretat-antares-dona\/","og_locale":"ca_ES","og_type":"article","og_title":"Maillot ciclista amb llum de seguretat ANTARES (DONA)","og_description":"A la zona de les butxaques incorpora una llum LED de seguretat extra\u00efble. Aquesta t\u00e9 2 modes d'il\u00b7luminaci\u00f3: fix i parpelleig. Amb una pot\u00e8ncia de 150 lumens, el seu rang de visibilitat m\u00e0xim \u00e9s de 20 metres. T\u00e9 una durada de 2 a 4 hores i \u00e9s f\u00e0cilment recarregable per USB 3.0. El nou mallot ANTARES \u00e9s perfecte per gaudir del ciclisme amb total seguretat durant els moments de poca llum. El cos est\u00e0 confeccionar amb el teixit t\u00e8rmic SUPERROUBAIX que mant\u00e9 l\u2019escalfor corporal i facilita l\u2019evacuaci\u00f3 de la suor. Tindr\u00e0s una sensaci\u00f3 de confort total i la teva pell estar\u00e0 seca durant totes les hores d\u2019exercici. El seu patronatge SLIM FIT permet que el mallot ciclista estigui ben arrapat al cos per maximitzar les seves caracter\u00edstiques t\u00e8cniques i millorar l\u2019aerodin\u00e0mica. T\u00e9 una cremallera integral amb sistema antipull que et permetr\u00e0 posar-te\u2019l i treure-te\u2019l f\u00e0cilment i podr\u00e0s regular la ventilaci\u00f3 durant l\u2019exercici. Les m\u00e0nigues semi-muntades AERO s\u2019adapten perfectament al bra\u00e7 i a totes les posicions. Est\u00e0n cosides amb costures planes per evitar rascades. El teixit CYCLON, amb el que estan fabricades, \u00e9s altament transpirable. El puny el\u00e0stic s\u2019ajusta molt b\u00e9 al bra\u00e7 i evita l\u2019entrada d\u2019aire. A la cintura t\u00e9 una banda el\u00e0stica amb un grip de silicona antilliscant a l\u2019interior per mantenir el mallot ben arrapat al cos. A la zona lumbar incorpora 3 butxaques obertes acabades amb un rivet el\u00e0stic amb silicona. Tamb\u00e9 t\u00e9 varis detalls reflectants per augmentar la teva seguretat a la carretera. Gaudeix del ciclisme sense preocupacions.","og_url":"https:\/\/www.inverseteams.com\/ca\/producte\/maillot-ciclista-amb-llum-de-seguretat-antares-dona\/","og_site_name":"Inverseteams","article_publisher":"https:\/\/www.facebook.com\/inverseteams","article_modified_time":"2024-06-04T00:01:51+00:00","og_image":[{"width":3000,"height":3223,"url":"https:\/\/www.inverseteams.com\/wp-content\/uploads\/MAILLOT-CICLISTA-CON-LUZ-ANTARES-MUJER-1-1.jpg","type":"image\/jpeg"}],"twitter_card":"summary_large_image","twitter_misc":{"Temps estimat de lectura":"2 minut"},"schema":{"@context":"https:\/\/schema.org","@graph":[{"@type":"WebPage","@id":"https:\/\/www.inverseteams.com\/ca\/producte\/maillot-ciclista-amb-llum-de-seguretat-antares-dona\/","url":"https:\/\/www.inverseteams.com\/ca\/producte\/maillot-ciclista-amb-llum-de-seguretat-antares-dona\/","name":"Maillot ciclista amb llum de seguretat ANTARES (DONA)","isPartOf":{"@id":"https:\/\/www.inverseteams.com\/ca\/#website"},"primaryImageOfPage":{"@id":"https:\/\/www.inverseteams.com\/ca\/producte\/maillot-ciclista-amb-llum-de-seguretat-antares-dona\/#primaryimage"},"image":{"@id":"https:\/\/www.inverseteams.com\/ca\/producte\/maillot-ciclista-amb-llum-de-seguretat-antares-dona\/#primaryimage"},"thumbnailUrl":"https:\/\/www.inverseteams.com\/wp-content\/uploads\/MAILLOT-CICLISTA-CON-LUZ-ANTARES-MUJER-1-1.jpg","datePublished":"2023-07-20T10:22:56+00:00","dateModified":"2024-06-04T00:01:51+00:00","description":"A la zona de les butxaques incorpora una llum LED de seguretat extra\u00efble. Aquesta t\u00e9 2 modes d'il\u00b7luminaci\u00f3: fix i parpelleig. Amb una pot\u00e8ncia de 150 lumens, el seu rang de visibilitat m\u00e0xim \u00e9s de 20 metres. T\u00e9 una durada de 2 a 4 hores i \u00e9s f\u00e0cilment recarregable per USB 3.0. El nou mallot ANTARES \u00e9s perfecte per gaudir del ciclisme amb total seguretat durant els moments de poca llum. El cos est\u00e0 confeccionar amb el teixit t\u00e8rmic SUPERROUBAIX que mant\u00e9 l\u2019escalfor corporal i facilita l\u2019evacuaci\u00f3 de la suor. Tindr\u00e0s una sensaci\u00f3 de confort total i la teva pell estar\u00e0 seca durant totes les hores d\u2019exercici. El seu patronatge SLIM FIT permet que el mallot ciclista estigui ben arrapat al cos per maximitzar les seves caracter\u00edstiques t\u00e8cniques i millorar l\u2019aerodin\u00e0mica. T\u00e9 una cremallera integral amb sistema antipull que et permetr\u00e0 posar-te\u2019l i treure-te\u2019l f\u00e0cilment i podr\u00e0s regular la ventilaci\u00f3 durant l\u2019exercici. Les m\u00e0nigues semi-muntades AERO s\u2019adapten perfectament al bra\u00e7 i a totes les posicions. Est\u00e0n cosides amb costures planes per evitar rascades. El teixit CYCLON, amb el que estan fabricades, \u00e9s altament transpirable. El puny el\u00e0stic s\u2019ajusta molt b\u00e9 al bra\u00e7 i evita l\u2019entrada d\u2019aire. A la cintura t\u00e9 una banda el\u00e0stica amb un grip de silicona antilliscant a l\u2019interior per mantenir el mallot ben arrapat al cos. A la zona lumbar incorpora 3 butxaques obertes acabades amb un rivet el\u00e0stic amb silicona. Tamb\u00e9 t\u00e9 varis detalls reflectants per augmentar la teva seguretat a la carretera. Gaudeix del ciclisme sense preocupacions.","breadcrumb":{"@id":"https:\/\/www.inverseteams.com\/ca\/producte\/maillot-ciclista-amb-llum-de-seguretat-antares-dona\/#breadcrumb"},"inLanguage":"ca","potentialAction":[{"@type":"ReadAction","target":["https:\/\/www.inverseteams.com\/ca\/producte\/maillot-ciclista-amb-llum-de-seguretat-antares-dona\/"]}]},{"@type":"ImageObject","inLanguage":"ca","@id":"https:\/\/www.inverseteams.com\/ca\/producte\/maillot-ciclista-amb-llum-de-seguretat-antares-dona\/#primaryimage","url":"https:\/\/www.inverseteams.com\/wp-content\/uploads\/MAILLOT-CICLISTA-CON-LUZ-ANTARES-MUJER-1-1.jpg","contentUrl":"https:\/\/www.inverseteams.com\/wp-content\/uploads\/MAILLOT-CICLISTA-CON-LUZ-ANTARES-MUJER-1-1.jpg","width":3000,"height":3223},{"@type":"BreadcrumbList","@id":"https:\/\/www.inverseteams.com\/ca\/producte\/maillot-ciclista-amb-llum-de-seguretat-antares-dona\/#breadcrumb","itemListElement":[{"@type":"ListItem","position":1,"name":"Portada","item":"https:\/\/www.inverseteams.com\/ca\/pagina-principal\/"},{"@type":"ListItem","position":2,"name":"Botiga","item":"https:\/\/www.inverseteams.com\/ca\/botiga\/"},{"@type":"ListItem","position":3,"name":"Maillot ciclista amb llum de seguretat ANTARES (DONA)"}]},{"@type":"WebSite","@id":"https:\/\/www.inverseteams.com\/ca\/#website","url":"https:\/\/www.inverseteams.com\/ca\/","name":"Inverseteams","description":"Tu marca de ropa deportiva personalizada","publisher":{"@id":"https:\/\/www.inverseteams.com\/ca\/#organization"},"potentialAction":[{"@type":"SearchAction","target":{"@type":"EntryPoint","urlTemplate":"https:\/\/www.inverseteams.com\/ca\/?s={search_term_string}"},"query-input":{"@type":"PropertyValueSpecification","valueRequired":true,"valueName":"search_term_string"}}],"inLanguage":"ca"},{"@type":"Organization","@id":"https:\/\/www.inverseteams.com\/ca\/#organization","name":"Inverse Teams","url":"https:\/\/www.inverseteams.com\/ca\/","logo":{"@type":"ImageObject","inLanguage":"ca","@id":"https:\/\/www.inverseteams.com\/ca\/#\/schema\/logo\/image\/","url":"https:\/\/www.inverseteams.com\/wp-content\/uploads\/2021\/03\/logo-inverse-teams.png","contentUrl":"https:\/\/www.inverseteams.com\/wp-content\/uploads\/2021\/03\/logo-inverse-teams.png","width":294,"height":99,"caption":"Inverse Teams"},"image":{"@id":"https:\/\/www.inverseteams.com\/ca\/#\/schema\/logo\/image\/"},"sameAs":["https:\/\/www.facebook.com\/inverseteams","http:\/\/instagram.com\/inverseteams","https:\/\/www.linkedin.com\/company\/inverse-cirosport-s-l-?trk=job_view_topcard_company_name","http:\/\/www.pinterest.com\/inverseteams\/","http:\/\/www.youtube.com\/user\/inverseteams?feature=watch"]}]}},"_links":{"self":[{"href":"https:\/\/www.inverseteams.com\/ca\/wp-json\/wp\/v2\/product\/135294","targetHints":{"allow":["GET"]}}],"collection":[{"href":"https:\/\/www.inverseteams.com\/ca\/wp-json\/wp\/v2\/product"}],"about":[{"href":"https:\/\/www.inverseteams.com\/ca\/wp-json\/wp\/v2\/types\/product"}],"replies":[{"embeddable":true,"href":"https:\/\/www.inverseteams.com\/ca\/wp-json\/wp\/v2\/comments?post=135294"}],"wp:featuredmedia":[{"embeddable":true,"href":"https:\/\/www.inverseteams.com\/ca\/wp-json\/wp\/v2\/media\/138604"}],"wp:attachment":[{"href":"https:\/\/www.inverseteams.com\/ca\/wp-json\/wp\/v2\/media?parent=135294"}],"wp:term":[{"taxonomy":"product_brand","embeddable":true,"href":"https:\/\/www.inverseteams.com\/ca\/wp-json\/wp\/v2\/product_brand?post=135294"},{"taxonomy":"product_cat","embeddable":true,"href":"https:\/\/www.inverseteams.com\/ca\/wp-json\/wp\/v2\/product_cat?post=135294"},{"taxonomy":"product_tag","embeddable":true,"href":"https:\/\/www.inverseteams.com\/ca\/wp-json\/wp\/v2\/product_tag?post=135294"},{"taxonomy":"custom_category","embeddable":true,"href":"https:\/\/www.inverseteams.com\/ca\/wp-json\/wp\/v2\/custom_category?post=135294"},{"taxonomy":"range","embeddable":true,"href":"https:\/\/www.inverseteams.com\/ca\/wp-json\/wp\/v2\/range?post=135294"}],"curies":[{"name":"wp","href":"https:\/\/api.w.org\/{rel}","templated":true}]}}