{"id":135264,"date":"2023-07-20T10:04:34","date_gmt":"2023-07-20T10:04:34","guid":{"rendered":"https:\/\/www.inverseteams.com\/?post_type=product&#038;p=135264"},"modified":"2024-11-25T16:07:55","modified_gmt":"2024-11-25T16:07:55","slug":"maillot-ciclista-maniga-llarga-scuba-blooms-dona","status":"publish","type":"product","link":"https:\/\/www.inverseteams.com\/ca\/producte\/maillot-ciclista-maniga-llarga-scuba-blooms-dona\/","title":{"rendered":"Maillot ciclista m\u00e0niga llarga SUBLIM SCUBA BLOOMS (DONA)"},"content":{"rendered":"<p>Com a novetat respecte a edicions anteriors, tenen una banda el\u00e0stica als punys i a la cintura per mantenir el mallot ciclista ben ajustat al cos. El teixit interior \u00e9s suau i agradable. Aporta sensaci\u00f3 t\u00e8rmica i d&#8217;escalfor durant els d\u00edes de m\u00e9s baixes temperatures. Es combina amb un teixit m\u00e9s transpirable als panells laterals i a l&#8217;esquena que evita que s&#8217;acumuli la suor. Tindr\u00e0s una sensaci\u00f3 de comfort total.<br \/>\nLes m\u00e0nigues ranglan estan cosides amb costures planes per evitar mol\u00e8sties. El coll est\u00e0 fabricat amb un teixit suau i transpirable i a l&#8217;interior t\u00e9 una cinta plana antifregaments. A la zonba lumbar incorpora 3 butxaques amb el nou sistema de Seguretat ISP &#8211; Inverse Safe Pocket &#8211; on hi podr\u00e0s guardar qualsevol objecte sense por a perdre&#8217;l. Tamb\u00e9 t\u00e9 varis detalls reflectants per augmentar la teva seguretat a la carretera.<\/p>\n","protected":false},"excerpt":{"rendered":"<p>Com a novetat respecte a edicions anteriors, tenen una banda el\u00e0stica als punys i a la cintura per mantenir el mallot ciclista ben ajustat al cos. El teixit interior \u00e9s suau i agradable. Aporta sensaci\u00f3 t\u00e8rmica i d&#8217;escalfor durant els d\u00edes de m\u00e9s baixes temperatures. Es combina amb un teixit m\u00e9s transpirable als panells laterals i a l&#8217;esquena que evita que s&#8217;acumuli la suor. Tindr\u00e0s una sensaci\u00f3 de comfort total.<br \/>\nLes m\u00e0nigues ranglan estan cosides amb costures planes per evitar mol\u00e8sties. El coll est\u00e0 fabricat amb un teixit suau i transpirable i a l&#8217;interior t\u00e9 una cinta plana antifregaments. A la zonba lumbar incorpora 3 butxaques amb el nou sistema de Seguretat ISP &#8211; Inverse Safe Pocket &#8211; on hi podr\u00e0s guardar qualsevol objecte sense por a perdre&#8217;l. Tamb\u00e9 t\u00e9 varis detalls reflectants per augmentar la teva seguretat a la carretera.<\/p>\n","protected":false},"featured_media":142551,"comment_status":"closed","ping_status":"closed","template":"","meta":{"_acf_changed":false},"product_brand":[],"product_cat":[4195,4197,4186,7175],"product_tag":[],"custom_category":[],"range":[],"class_list":{"0":"post-135264","1":"product","2":"type-product","3":"status-publish","4":"has-post-thumbnail","6":"product_cat-ciclisme-outlet","7":"product_cat-mallot-ciclista-outlet","8":"product_cat-outet-ca","9":"product_cat-b2b-ca","10":"pa_climatologia-fred","11":"pa_deporte-ciclisme","12":"pa_genero-dona","13":"pa_patronaje-fit-ca","14":"pa_talla-xxl-ca","15":"pa_talla-l-ca","16":"pa_talla-m-ca","17":"pa_talla-s-ca","18":"pa_talla-xl-ca","19":"pa_talla-xs-ca","20":"pa_tipo-de-prenda-mallot-maniga-llarga","22":"first","23":"instock","24":"sale","25":"taxable","26":"shipping-taxable","27":"purchasable","28":"product-type-variable","29":"has-default-attributes"},"acf":[],"yoast_head":"<!-- This site is optimized with the Yoast SEO plugin v27.3 - https:\/\/yoast.com\/product\/yoast-seo-wordpress\/ -->\n<title>Maillot ciclista m\u00e0niga llarga SCUBA BLOOMS (DONA)<\/title>\n<meta name=\"description\" content=\"Com a novetat respecte a edicions anteriors, tenen una banda el\u00e0stica als punys i a la cintura per mantenir el mallot ciclista ben ajustat al cos. El teixit interior \u00e9s suau i agradable. Aporta sensaci\u00f3 t\u00e8rmica i d&#039;escalfor durant els d\u00edes de m\u00e9s baixes temperatures. Es combina amb un teixit m\u00e9s transpirable als panells laterals i a l&#039;esquena que evita que s&#039;acumuli la suor. Tindr\u00e0s una sensaci\u00f3 de comfort total. Les m\u00e0nigues ranglan estan cosides amb costures planes per evitar mol\u00e8sties. El coll est\u00e0 fabricat amb un teixit suau i transpirable i a l&#039;interior t\u00e9 una cinta plana antifregaments. A la zonba lumbar incorpora 3 butxaques amb el nou sistema de Seguretat ISP - Inverse Safe Pocket - on hi podr\u00e0s guardar qualsevol objecte sense por a perdre&#039;l. Tamb\u00e9 t\u00e9 varis detalls reflectants per augmentar la teva seguretat a la carretera.\" \/>\n<meta name=\"robots\" content=\"index, follow, max-snippet:-1, max-image-preview:large, max-video-preview:-1\" \/>\n<link rel=\"canonical\" href=\"https:\/\/www.inverseteams.com\/ca\/producte\/maillot-ciclista-maniga-llarga-scuba-blooms-dona\/\" \/>\n<meta property=\"og:locale\" content=\"ca_ES\" \/>\n<meta property=\"og:type\" content=\"article\" \/>\n<meta property=\"og:title\" content=\"Maillot ciclista m\u00e0niga llarga SCUBA BLOOMS (DONA)\" \/>\n<meta property=\"og:description\" content=\"Com a novetat respecte a edicions anteriors, tenen una banda el\u00e0stica als punys i a la cintura per mantenir el mallot ciclista ben ajustat al cos. El teixit interior \u00e9s suau i agradable. Aporta sensaci\u00f3 t\u00e8rmica i d&#039;escalfor durant els d\u00edes de m\u00e9s baixes temperatures. Es combina amb un teixit m\u00e9s transpirable als panells laterals i a l&#039;esquena que evita que s&#039;acumuli la suor. Tindr\u00e0s una sensaci\u00f3 de comfort total. Les m\u00e0nigues ranglan estan cosides amb costures planes per evitar mol\u00e8sties. El coll est\u00e0 fabricat amb un teixit suau i transpirable i a l&#039;interior t\u00e9 una cinta plana antifregaments. A la zonba lumbar incorpora 3 butxaques amb el nou sistema de Seguretat ISP - Inverse Safe Pocket - on hi podr\u00e0s guardar qualsevol objecte sense por a perdre&#039;l. Tamb\u00e9 t\u00e9 varis detalls reflectants per augmentar la teva seguretat a la carretera.\" \/>\n<meta property=\"og:url\" content=\"https:\/\/www.inverseteams.com\/ca\/producte\/maillot-ciclista-maniga-llarga-scuba-blooms-dona\/\" \/>\n<meta property=\"og:site_name\" content=\"Inverseteams\" \/>\n<meta property=\"article:publisher\" content=\"https:\/\/www.facebook.com\/inverseteams\" \/>\n<meta property=\"article:modified_time\" content=\"2024-11-25T16:07:55+00:00\" \/>\n<meta property=\"og:image\" content=\"https:\/\/www.inverseteams.com\/wp-content\/uploads\/MAILLOT-CICLISTA-ML-SCUBA-BLOOMS-1-1.jpg\" \/>\n\t<meta property=\"og:image:width\" content=\"3000\" \/>\n\t<meta property=\"og:image:height\" content=\"3223\" \/>\n\t<meta property=\"og:image:type\" content=\"image\/jpeg\" \/>\n<meta name=\"twitter:card\" content=\"summary_large_image\" \/>\n<meta name=\"twitter:label1\" content=\"Temps estimat de lectura\" \/>\n\t<meta name=\"twitter:data1\" content=\"1 minut\" \/>\n<script type=\"application\/ld+json\" class=\"yoast-schema-graph\">{\"@context\":\"https:\\\/\\\/schema.org\",\"@graph\":[{\"@type\":\"WebPage\",\"@id\":\"https:\\\/\\\/www.inverseteams.com\\\/ca\\\/producte\\\/maillot-ciclista-maniga-llarga-scuba-blooms-dona\\\/\",\"url\":\"https:\\\/\\\/www.inverseteams.com\\\/ca\\\/producte\\\/maillot-ciclista-maniga-llarga-scuba-blooms-dona\\\/\",\"name\":\"Maillot ciclista m\u00e0niga llarga SCUBA BLOOMS (DONA)\",\"isPartOf\":{\"@id\":\"https:\\\/\\\/www.inverseteams.com\\\/ca\\\/#website\"},\"primaryImageOfPage\":{\"@id\":\"https:\\\/\\\/www.inverseteams.com\\\/ca\\\/producte\\\/maillot-ciclista-maniga-llarga-scuba-blooms-dona\\\/#primaryimage\"},\"image\":{\"@id\":\"https:\\\/\\\/www.inverseteams.com\\\/ca\\\/producte\\\/maillot-ciclista-maniga-llarga-scuba-blooms-dona\\\/#primaryimage\"},\"thumbnailUrl\":\"https:\\\/\\\/www.inverseteams.com\\\/wp-content\\\/uploads\\\/MAILLOT-CICLISTA-ML-SCUBA-BLOOMS-1-1.jpg\",\"datePublished\":\"2023-07-20T10:04:34+00:00\",\"dateModified\":\"2024-11-25T16:07:55+00:00\",\"description\":\"Com a novetat respecte a edicions anteriors, tenen una banda el\u00e0stica als punys i a la cintura per mantenir el mallot ciclista ben ajustat al cos. El teixit interior \u00e9s suau i agradable. Aporta sensaci\u00f3 t\u00e8rmica i d'escalfor durant els d\u00edes de m\u00e9s baixes temperatures. Es combina amb un teixit m\u00e9s transpirable als panells laterals i a l'esquena que evita que s'acumuli la suor. Tindr\u00e0s una sensaci\u00f3 de comfort total. Les m\u00e0nigues ranglan estan cosides amb costures planes per evitar mol\u00e8sties. El coll est\u00e0 fabricat amb un teixit suau i transpirable i a l'interior t\u00e9 una cinta plana antifregaments. A la zonba lumbar incorpora 3 butxaques amb el nou sistema de Seguretat ISP - Inverse Safe Pocket - on hi podr\u00e0s guardar qualsevol objecte sense por a perdre'l. Tamb\u00e9 t\u00e9 varis detalls reflectants per augmentar la teva seguretat a la carretera.\",\"breadcrumb\":{\"@id\":\"https:\\\/\\\/www.inverseteams.com\\\/ca\\\/producte\\\/maillot-ciclista-maniga-llarga-scuba-blooms-dona\\\/#breadcrumb\"},\"inLanguage\":\"ca\",\"potentialAction\":[{\"@type\":\"ReadAction\",\"target\":[\"https:\\\/\\\/www.inverseteams.com\\\/ca\\\/producte\\\/maillot-ciclista-maniga-llarga-scuba-blooms-dona\\\/\"]}]},{\"@type\":\"ImageObject\",\"inLanguage\":\"ca\",\"@id\":\"https:\\\/\\\/www.inverseteams.com\\\/ca\\\/producte\\\/maillot-ciclista-maniga-llarga-scuba-blooms-dona\\\/#primaryimage\",\"url\":\"https:\\\/\\\/www.inverseteams.com\\\/wp-content\\\/uploads\\\/MAILLOT-CICLISTA-ML-SCUBA-BLOOMS-1-1.jpg\",\"contentUrl\":\"https:\\\/\\\/www.inverseteams.com\\\/wp-content\\\/uploads\\\/MAILLOT-CICLISTA-ML-SCUBA-BLOOMS-1-1.jpg\",\"width\":3000,\"height\":3223,\"caption\":\"women long sleeve cycling jersey\"},{\"@type\":\"BreadcrumbList\",\"@id\":\"https:\\\/\\\/www.inverseteams.com\\\/ca\\\/producte\\\/maillot-ciclista-maniga-llarga-scuba-blooms-dona\\\/#breadcrumb\",\"itemListElement\":[{\"@type\":\"ListItem\",\"position\":1,\"name\":\"Portada\",\"item\":\"https:\\\/\\\/www.inverseteams.com\\\/ca\\\/pagina-principal\\\/\"},{\"@type\":\"ListItem\",\"position\":2,\"name\":\"Botiga\",\"item\":\"https:\\\/\\\/www.inverseteams.com\\\/ca\\\/botiga\\\/\"},{\"@type\":\"ListItem\",\"position\":3,\"name\":\"Maillot ciclista m\u00e0niga llarga SUBLIM SCUBA BLOOMS (DONA)\"}]},{\"@type\":\"WebSite\",\"@id\":\"https:\\\/\\\/www.inverseteams.com\\\/ca\\\/#website\",\"url\":\"https:\\\/\\\/www.inverseteams.com\\\/ca\\\/\",\"name\":\"Inverseteams\",\"description\":\"Tu marca de ropa deportiva personalizada\",\"publisher\":{\"@id\":\"https:\\\/\\\/www.inverseteams.com\\\/ca\\\/#organization\"},\"potentialAction\":[{\"@type\":\"SearchAction\",\"target\":{\"@type\":\"EntryPoint\",\"urlTemplate\":\"https:\\\/\\\/www.inverseteams.com\\\/ca\\\/?s={search_term_string}\"},\"query-input\":{\"@type\":\"PropertyValueSpecification\",\"valueRequired\":true,\"valueName\":\"search_term_string\"}}],\"inLanguage\":\"ca\"},{\"@type\":\"Organization\",\"@id\":\"https:\\\/\\\/www.inverseteams.com\\\/ca\\\/#organization\",\"name\":\"Inverse Teams\",\"url\":\"https:\\\/\\\/www.inverseteams.com\\\/ca\\\/\",\"logo\":{\"@type\":\"ImageObject\",\"inLanguage\":\"ca\",\"@id\":\"https:\\\/\\\/www.inverseteams.com\\\/ca\\\/#\\\/schema\\\/logo\\\/image\\\/\",\"url\":\"http:\\\/\\\/www.inverseteams.com\\\/wp-content\\\/uploads\\\/2021\\\/03\\\/logo-inverse-teams.png\",\"contentUrl\":\"http:\\\/\\\/www.inverseteams.com\\\/wp-content\\\/uploads\\\/2021\\\/03\\\/logo-inverse-teams.png\",\"width\":294,\"height\":99,\"caption\":\"Inverse Teams\"},\"image\":{\"@id\":\"https:\\\/\\\/www.inverseteams.com\\\/ca\\\/#\\\/schema\\\/logo\\\/image\\\/\"},\"sameAs\":[\"https:\\\/\\\/www.facebook.com\\\/inverseteams\",\"http:\\\/\\\/instagram.com\\\/inverseteams\",\"https:\\\/\\\/www.linkedin.com\\\/company\\\/inverse-cirosport-s-l-?trk=job_view_topcard_company_name\",\"http:\\\/\\\/www.pinterest.com\\\/inverseteams\\\/\",\"http:\\\/\\\/www.youtube.com\\\/user\\\/inverseteams?feature=watch\"]}]}<\/script>\n<!-- \/ Yoast SEO plugin. -->","yoast_head_json":{"title":"Maillot ciclista m\u00e0niga llarga SCUBA BLOOMS (DONA)","description":"Com a novetat respecte a edicions anteriors, tenen una banda el\u00e0stica als punys i a la cintura per mantenir el mallot ciclista ben ajustat al cos. El teixit interior \u00e9s suau i agradable. Aporta sensaci\u00f3 t\u00e8rmica i d'escalfor durant els d\u00edes de m\u00e9s baixes temperatures. Es combina amb un teixit m\u00e9s transpirable als panells laterals i a l'esquena que evita que s'acumuli la suor. Tindr\u00e0s una sensaci\u00f3 de comfort total. Les m\u00e0nigues ranglan estan cosides amb costures planes per evitar mol\u00e8sties. El coll est\u00e0 fabricat amb un teixit suau i transpirable i a l'interior t\u00e9 una cinta plana antifregaments. A la zonba lumbar incorpora 3 butxaques amb el nou sistema de Seguretat ISP - Inverse Safe Pocket - on hi podr\u00e0s guardar qualsevol objecte sense por a perdre'l. Tamb\u00e9 t\u00e9 varis detalls reflectants per augmentar la teva seguretat a la carretera.","robots":{"index":"index","follow":"follow","max-snippet":"max-snippet:-1","max-image-preview":"max-image-preview:large","max-video-preview":"max-video-preview:-1"},"canonical":"https:\/\/www.inverseteams.com\/ca\/producte\/maillot-ciclista-maniga-llarga-scuba-blooms-dona\/","og_locale":"ca_ES","og_type":"article","og_title":"Maillot ciclista m\u00e0niga llarga SCUBA BLOOMS (DONA)","og_description":"Com a novetat respecte a edicions anteriors, tenen una banda el\u00e0stica als punys i a la cintura per mantenir el mallot ciclista ben ajustat al cos. El teixit interior \u00e9s suau i agradable. Aporta sensaci\u00f3 t\u00e8rmica i d'escalfor durant els d\u00edes de m\u00e9s baixes temperatures. Es combina amb un teixit m\u00e9s transpirable als panells laterals i a l'esquena que evita que s'acumuli la suor. Tindr\u00e0s una sensaci\u00f3 de comfort total. Les m\u00e0nigues ranglan estan cosides amb costures planes per evitar mol\u00e8sties. El coll est\u00e0 fabricat amb un teixit suau i transpirable i a l'interior t\u00e9 una cinta plana antifregaments. A la zonba lumbar incorpora 3 butxaques amb el nou sistema de Seguretat ISP - Inverse Safe Pocket - on hi podr\u00e0s guardar qualsevol objecte sense por a perdre'l. Tamb\u00e9 t\u00e9 varis detalls reflectants per augmentar la teva seguretat a la carretera.","og_url":"https:\/\/www.inverseteams.com\/ca\/producte\/maillot-ciclista-maniga-llarga-scuba-blooms-dona\/","og_site_name":"Inverseteams","article_publisher":"https:\/\/www.facebook.com\/inverseteams","article_modified_time":"2024-11-25T16:07:55+00:00","og_image":[{"width":3000,"height":3223,"url":"https:\/\/www.inverseteams.com\/wp-content\/uploads\/MAILLOT-CICLISTA-ML-SCUBA-BLOOMS-1-1.jpg","type":"image\/jpeg"}],"twitter_card":"summary_large_image","twitter_misc":{"Temps estimat de lectura":"1 minut"},"schema":{"@context":"https:\/\/schema.org","@graph":[{"@type":"WebPage","@id":"https:\/\/www.inverseteams.com\/ca\/producte\/maillot-ciclista-maniga-llarga-scuba-blooms-dona\/","url":"https:\/\/www.inverseteams.com\/ca\/producte\/maillot-ciclista-maniga-llarga-scuba-blooms-dona\/","name":"Maillot ciclista m\u00e0niga llarga SCUBA BLOOMS (DONA)","isPartOf":{"@id":"https:\/\/www.inverseteams.com\/ca\/#website"},"primaryImageOfPage":{"@id":"https:\/\/www.inverseteams.com\/ca\/producte\/maillot-ciclista-maniga-llarga-scuba-blooms-dona\/#primaryimage"},"image":{"@id":"https:\/\/www.inverseteams.com\/ca\/producte\/maillot-ciclista-maniga-llarga-scuba-blooms-dona\/#primaryimage"},"thumbnailUrl":"https:\/\/www.inverseteams.com\/wp-content\/uploads\/MAILLOT-CICLISTA-ML-SCUBA-BLOOMS-1-1.jpg","datePublished":"2023-07-20T10:04:34+00:00","dateModified":"2024-11-25T16:07:55+00:00","description":"Com a novetat respecte a edicions anteriors, tenen una banda el\u00e0stica als punys i a la cintura per mantenir el mallot ciclista ben ajustat al cos. El teixit interior \u00e9s suau i agradable. Aporta sensaci\u00f3 t\u00e8rmica i d'escalfor durant els d\u00edes de m\u00e9s baixes temperatures. Es combina amb un teixit m\u00e9s transpirable als panells laterals i a l'esquena que evita que s'acumuli la suor. Tindr\u00e0s una sensaci\u00f3 de comfort total. Les m\u00e0nigues ranglan estan cosides amb costures planes per evitar mol\u00e8sties. El coll est\u00e0 fabricat amb un teixit suau i transpirable i a l'interior t\u00e9 una cinta plana antifregaments. A la zonba lumbar incorpora 3 butxaques amb el nou sistema de Seguretat ISP - Inverse Safe Pocket - on hi podr\u00e0s guardar qualsevol objecte sense por a perdre'l. Tamb\u00e9 t\u00e9 varis detalls reflectants per augmentar la teva seguretat a la carretera.","breadcrumb":{"@id":"https:\/\/www.inverseteams.com\/ca\/producte\/maillot-ciclista-maniga-llarga-scuba-blooms-dona\/#breadcrumb"},"inLanguage":"ca","potentialAction":[{"@type":"ReadAction","target":["https:\/\/www.inverseteams.com\/ca\/producte\/maillot-ciclista-maniga-llarga-scuba-blooms-dona\/"]}]},{"@type":"ImageObject","inLanguage":"ca","@id":"https:\/\/www.inverseteams.com\/ca\/producte\/maillot-ciclista-maniga-llarga-scuba-blooms-dona\/#primaryimage","url":"https:\/\/www.inverseteams.com\/wp-content\/uploads\/MAILLOT-CICLISTA-ML-SCUBA-BLOOMS-1-1.jpg","contentUrl":"https:\/\/www.inverseteams.com\/wp-content\/uploads\/MAILLOT-CICLISTA-ML-SCUBA-BLOOMS-1-1.jpg","width":3000,"height":3223,"caption":"women long sleeve cycling jersey"},{"@type":"BreadcrumbList","@id":"https:\/\/www.inverseteams.com\/ca\/producte\/maillot-ciclista-maniga-llarga-scuba-blooms-dona\/#breadcrumb","itemListElement":[{"@type":"ListItem","position":1,"name":"Portada","item":"https:\/\/www.inverseteams.com\/ca\/pagina-principal\/"},{"@type":"ListItem","position":2,"name":"Botiga","item":"https:\/\/www.inverseteams.com\/ca\/botiga\/"},{"@type":"ListItem","position":3,"name":"Maillot ciclista m\u00e0niga llarga SUBLIM SCUBA BLOOMS (DONA)"}]},{"@type":"WebSite","@id":"https:\/\/www.inverseteams.com\/ca\/#website","url":"https:\/\/www.inverseteams.com\/ca\/","name":"Inverseteams","description":"Tu marca de ropa deportiva personalizada","publisher":{"@id":"https:\/\/www.inverseteams.com\/ca\/#organization"},"potentialAction":[{"@type":"SearchAction","target":{"@type":"EntryPoint","urlTemplate":"https:\/\/www.inverseteams.com\/ca\/?s={search_term_string}"},"query-input":{"@type":"PropertyValueSpecification","valueRequired":true,"valueName":"search_term_string"}}],"inLanguage":"ca"},{"@type":"Organization","@id":"https:\/\/www.inverseteams.com\/ca\/#organization","name":"Inverse Teams","url":"https:\/\/www.inverseteams.com\/ca\/","logo":{"@type":"ImageObject","inLanguage":"ca","@id":"https:\/\/www.inverseteams.com\/ca\/#\/schema\/logo\/image\/","url":"https:\/\/www.inverseteams.com\/wp-content\/uploads\/2021\/03\/logo-inverse-teams.png","contentUrl":"https:\/\/www.inverseteams.com\/wp-content\/uploads\/2021\/03\/logo-inverse-teams.png","width":294,"height":99,"caption":"Inverse Teams"},"image":{"@id":"https:\/\/www.inverseteams.com\/ca\/#\/schema\/logo\/image\/"},"sameAs":["https:\/\/www.facebook.com\/inverseteams","http:\/\/instagram.com\/inverseteams","https:\/\/www.linkedin.com\/company\/inverse-cirosport-s-l-?trk=job_view_topcard_company_name","http:\/\/www.pinterest.com\/inverseteams\/","http:\/\/www.youtube.com\/user\/inverseteams?feature=watch"]}]}},"_links":{"self":[{"href":"https:\/\/www.inverseteams.com\/ca\/wp-json\/wp\/v2\/product\/135264","targetHints":{"allow":["GET"]}}],"collection":[{"href":"https:\/\/www.inverseteams.com\/ca\/wp-json\/wp\/v2\/product"}],"about":[{"href":"https:\/\/www.inverseteams.com\/ca\/wp-json\/wp\/v2\/types\/product"}],"replies":[{"embeddable":true,"href":"https:\/\/www.inverseteams.com\/ca\/wp-json\/wp\/v2\/comments?post=135264"}],"wp:featuredmedia":[{"embeddable":true,"href":"https:\/\/www.inverseteams.com\/ca\/wp-json\/wp\/v2\/media\/142551"}],"wp:attachment":[{"href":"https:\/\/www.inverseteams.com\/ca\/wp-json\/wp\/v2\/media?parent=135264"}],"wp:term":[{"taxonomy":"product_brand","embeddable":true,"href":"https:\/\/www.inverseteams.com\/ca\/wp-json\/wp\/v2\/product_brand?post=135264"},{"taxonomy":"product_cat","embeddable":true,"href":"https:\/\/www.inverseteams.com\/ca\/wp-json\/wp\/v2\/product_cat?post=135264"},{"taxonomy":"product_tag","embeddable":true,"href":"https:\/\/www.inverseteams.com\/ca\/wp-json\/wp\/v2\/product_tag?post=135264"},{"taxonomy":"custom_category","embeddable":true,"href":"https:\/\/www.inverseteams.com\/ca\/wp-json\/wp\/v2\/custom_category?post=135264"},{"taxonomy":"range","embeddable":true,"href":"https:\/\/www.inverseteams.com\/ca\/wp-json\/wp\/v2\/range?post=135264"}],"curies":[{"name":"wp","href":"https:\/\/api.w.org\/{rel}","templated":true}]}}