{"id":127074,"date":"2023-04-19T12:38:04","date_gmt":"2023-04-19T09:29:27","guid":{"rendered":"https:\/\/www.inverseteams.com\/?post_type=product&#038;p=127074"},"modified":"2025-05-22T00:01:52","modified_gmt":"2025-05-22T00:01:52","slug":"camisa-maniga-curta-toronto-ocre","status":"publish","type":"product","link":"https:\/\/www.inverseteams.com\/ca\/producte\/camisa-maniga-curta-toronto-ocre\/","title":{"rendered":"Camisa m\u00e0niga curta TORONTO OCRE"},"content":{"rendered":"<p>La camisa TORONTO es convertir\u00e0 en una pe\u00e7a imprescindible, tant de ciclisme com de casual. Amb un tall elegant i relaxat i amb la longitut perfecta perqu\u00e8 et sentis molt a gust sobre la bici.<br \/>\nAquesta camisa \u00e9s ideal per a tu, perqu\u00e8 quan deixis de pedalar encara et sentis ciclista.<br \/>\nLa part superior de l&#8217;esquena i de les espatlles estan confeccionades amb un teixit antiabrasi\u00f3 i antipeeling. La resta de la samarreta combina 2 teixits el\u00e0stics i molt transpirables que s&#8217;adapten molt b\u00e9 a totes les posicions durant la pedalada. El teixit dels laterals i l&#8217;interior de les m\u00e0nigues \u00e9s d&#8217;estructura oberta perqu\u00e8 la teva pell estigui sempre fresca i seca.<\/p>\n","protected":false},"excerpt":{"rendered":"<p>La camisa TORONTO es convertir\u00e0 en una pe\u00e7a imprescindible, tant de ciclisme com de casual. Amb un tall elegant i relaxat i amb la longitut perfecta perqu\u00e8 et sentis molt a gust sobre la bici.<br \/>\nAquesta camisa \u00e9s ideal per a tu, perqu\u00e8 quan deixis de pedalar encara et sentis ciclista.<br \/>\nLa part superior de l&#8217;esquena i de les espatlles estan confeccionades amb un teixit antiabrasi\u00f3 i antipeeling. La resta de la samarreta combina 2 teixits el\u00e0stics i molt transpirables que s&#8217;adapten molt b\u00e9 a totes les posicions durant la pedalada. El teixit dels laterals i l&#8217;interior de les m\u00e0nigues \u00e9s d&#8217;estructura oberta perqu\u00e8 la teva pell estigui sempre fresca i seca.<\/p>\n","protected":false},"featured_media":129089,"comment_status":"closed","ping_status":"closed","template":"","meta":{"_acf_changed":false},"product_brand":[],"product_cat":[9955,9947,7175],"product_tag":[],"custom_category":[],"range":[],"class_list":{"0":"post-127074","1":"product","2":"type-product","3":"status-publish","4":"has-post-thumbnail","6":"product_cat-camisa-ca","7":"product_cat-gravel-cat","8":"product_cat-b2b-ca","9":"pa_climatologia-calor-ca","10":"pa_deporte-lifestyle-ca","11":"pa_genero-home","12":"pa_patronaje-casual-ca","13":"pa_talla-m-ca","14":"pa_talla-s-ca","15":"pa_talla-xl-ca","16":"pa_talla-xxl-ca","17":"pa_talla-3xl-ca-2","18":"pa_talla-l-ca","19":"pa_tipo-de-prenda-camisa-ca","21":"first","22":"instock","23":"taxable","24":"shipping-taxable","25":"purchasable","26":"product-type-variable","27":"has-default-attributes"},"acf":[],"yoast_head":"<!-- This site is optimized with the Yoast SEO plugin v27.3 - https:\/\/yoast.com\/product\/yoast-seo-wordpress\/ -->\n<title>Camisa m\u00e0niga curta TORONTO OCRE | Inverseteams<\/title>\n<meta name=\"description\" content=\"Perqu\u00e8 et sents ciclista les 24 hores del dia, hem creat aquesta camisa esportiva perfecta per a tu. S\u00faper lleugera i transpirable.\" \/>\n<meta name=\"robots\" content=\"index, follow, max-snippet:-1, max-image-preview:large, max-video-preview:-1\" \/>\n<link rel=\"canonical\" href=\"https:\/\/www.inverseteams.com\/ca\/producte\/camisa-maniga-curta-toronto-ocre\/\" \/>\n<meta property=\"og:locale\" content=\"ca_ES\" \/>\n<meta property=\"og:type\" content=\"article\" \/>\n<meta property=\"og:title\" content=\"Camisa m\u00e0niga curta TORONTO OCRE | Inverseteams\" \/>\n<meta property=\"og:description\" content=\"Perqu\u00e8 et sents ciclista les 24 hores del dia, hem creat aquesta camisa esportiva perfecta per a tu. S\u00faper lleugera i transpirable.\" \/>\n<meta property=\"og:url\" content=\"https:\/\/www.inverseteams.com\/ca\/producte\/camisa-maniga-curta-toronto-ocre\/\" \/>\n<meta property=\"og:site_name\" content=\"Inverseteams\" \/>\n<meta property=\"article:publisher\" content=\"https:\/\/www.facebook.com\/inverseteams\" \/>\n<meta property=\"article:modified_time\" content=\"2025-05-22T00:01:52+00:00\" \/>\n<meta property=\"og:image\" content=\"https:\/\/www.inverseteams.com\/wp-content\/uploads\/CAMISA-DEPORTIVA-TORONTO-OCRE-1-1.jpg\" \/>\n\t<meta property=\"og:image:width\" content=\"3000\" \/>\n\t<meta property=\"og:image:height\" content=\"3223\" \/>\n\t<meta property=\"og:image:type\" content=\"image\/jpeg\" \/>\n<meta name=\"twitter:card\" content=\"summary_large_image\" \/>\n<meta name=\"twitter:label1\" content=\"Temps estimat de lectura\" \/>\n\t<meta name=\"twitter:data1\" content=\"1 minut\" \/>\n<script type=\"application\/ld+json\" class=\"yoast-schema-graph\">{\"@context\":\"https:\\\/\\\/schema.org\",\"@graph\":[{\"@type\":\"WebPage\",\"@id\":\"https:\\\/\\\/www.inverseteams.com\\\/ca\\\/producte\\\/camisa-maniga-curta-toronto-ocre\\\/\",\"url\":\"https:\\\/\\\/www.inverseteams.com\\\/ca\\\/producte\\\/camisa-maniga-curta-toronto-ocre\\\/\",\"name\":\"Camisa m\u00e0niga curta TORONTO OCRE | Inverseteams\",\"isPartOf\":{\"@id\":\"https:\\\/\\\/www.inverseteams.com\\\/ca\\\/#website\"},\"primaryImageOfPage\":{\"@id\":\"https:\\\/\\\/www.inverseteams.com\\\/ca\\\/producte\\\/camisa-maniga-curta-toronto-ocre\\\/#primaryimage\"},\"image\":{\"@id\":\"https:\\\/\\\/www.inverseteams.com\\\/ca\\\/producte\\\/camisa-maniga-curta-toronto-ocre\\\/#primaryimage\"},\"thumbnailUrl\":\"https:\\\/\\\/www.inverseteams.com\\\/wp-content\\\/uploads\\\/CAMISA-DEPORTIVA-TORONTO-OCRE-1-1.jpg\",\"datePublished\":\"2023-04-19T09:29:27+00:00\",\"dateModified\":\"2025-05-22T00:01:52+00:00\",\"description\":\"Perqu\u00e8 et sents ciclista les 24 hores del dia, hem creat aquesta camisa esportiva perfecta per a tu. S\u00faper lleugera i transpirable.\",\"breadcrumb\":{\"@id\":\"https:\\\/\\\/www.inverseteams.com\\\/ca\\\/producte\\\/camisa-maniga-curta-toronto-ocre\\\/#breadcrumb\"},\"inLanguage\":\"ca\",\"potentialAction\":[{\"@type\":\"ReadAction\",\"target\":[\"https:\\\/\\\/www.inverseteams.com\\\/ca\\\/producte\\\/camisa-maniga-curta-toronto-ocre\\\/\"]}]},{\"@type\":\"ImageObject\",\"inLanguage\":\"ca\",\"@id\":\"https:\\\/\\\/www.inverseteams.com\\\/ca\\\/producte\\\/camisa-maniga-curta-toronto-ocre\\\/#primaryimage\",\"url\":\"https:\\\/\\\/www.inverseteams.com\\\/wp-content\\\/uploads\\\/CAMISA-DEPORTIVA-TORONTO-OCRE-1-1.jpg\",\"contentUrl\":\"https:\\\/\\\/www.inverseteams.com\\\/wp-content\\\/uploads\\\/CAMISA-DEPORTIVA-TORONTO-OCRE-1-1.jpg\",\"width\":3000,\"height\":3223,\"caption\":\"camisa deportiva toronto ocre\"},{\"@type\":\"BreadcrumbList\",\"@id\":\"https:\\\/\\\/www.inverseteams.com\\\/ca\\\/producte\\\/camisa-maniga-curta-toronto-ocre\\\/#breadcrumb\",\"itemListElement\":[{\"@type\":\"ListItem\",\"position\":1,\"name\":\"Portada\",\"item\":\"https:\\\/\\\/www.inverseteams.com\\\/ca\\\/pagina-principal\\\/\"},{\"@type\":\"ListItem\",\"position\":2,\"name\":\"Botiga\",\"item\":\"https:\\\/\\\/www.inverseteams.com\\\/ca\\\/botiga\\\/\"},{\"@type\":\"ListItem\",\"position\":3,\"name\":\"Camisa m\u00e0niga curta TORONTO OCRE\"}]},{\"@type\":\"WebSite\",\"@id\":\"https:\\\/\\\/www.inverseteams.com\\\/ca\\\/#website\",\"url\":\"https:\\\/\\\/www.inverseteams.com\\\/ca\\\/\",\"name\":\"Inverseteams\",\"description\":\"Tu marca de ropa deportiva personalizada\",\"publisher\":{\"@id\":\"https:\\\/\\\/www.inverseteams.com\\\/ca\\\/#organization\"},\"potentialAction\":[{\"@type\":\"SearchAction\",\"target\":{\"@type\":\"EntryPoint\",\"urlTemplate\":\"https:\\\/\\\/www.inverseteams.com\\\/ca\\\/?s={search_term_string}\"},\"query-input\":{\"@type\":\"PropertyValueSpecification\",\"valueRequired\":true,\"valueName\":\"search_term_string\"}}],\"inLanguage\":\"ca\"},{\"@type\":\"Organization\",\"@id\":\"https:\\\/\\\/www.inverseteams.com\\\/ca\\\/#organization\",\"name\":\"Inverse Teams\",\"url\":\"https:\\\/\\\/www.inverseteams.com\\\/ca\\\/\",\"logo\":{\"@type\":\"ImageObject\",\"inLanguage\":\"ca\",\"@id\":\"https:\\\/\\\/www.inverseteams.com\\\/ca\\\/#\\\/schema\\\/logo\\\/image\\\/\",\"url\":\"https:\\\/\\\/www.inverseteams.com\\\/wp-content\\\/uploads\\\/2021\\\/03\\\/logo-inverse-teams.png\",\"contentUrl\":\"https:\\\/\\\/www.inverseteams.com\\\/wp-content\\\/uploads\\\/2021\\\/03\\\/logo-inverse-teams.png\",\"width\":294,\"height\":99,\"caption\":\"Inverse Teams\"},\"image\":{\"@id\":\"https:\\\/\\\/www.inverseteams.com\\\/ca\\\/#\\\/schema\\\/logo\\\/image\\\/\"},\"sameAs\":[\"https:\\\/\\\/www.facebook.com\\\/inverseteams\",\"http:\\\/\\\/instagram.com\\\/inverseteams\",\"https:\\\/\\\/www.linkedin.com\\\/company\\\/inverse-cirosport-s-l-?trk=job_view_topcard_company_name\",\"http:\\\/\\\/www.pinterest.com\\\/inverseteams\\\/\",\"http:\\\/\\\/www.youtube.com\\\/user\\\/inverseteams?feature=watch\"]}]}<\/script>\n<!-- \/ Yoast SEO plugin. -->","yoast_head_json":{"title":"Camisa m\u00e0niga curta TORONTO OCRE | Inverseteams","description":"Perqu\u00e8 et sents ciclista les 24 hores del dia, hem creat aquesta camisa esportiva perfecta per a tu. S\u00faper lleugera i transpirable.","robots":{"index":"index","follow":"follow","max-snippet":"max-snippet:-1","max-image-preview":"max-image-preview:large","max-video-preview":"max-video-preview:-1"},"canonical":"https:\/\/www.inverseteams.com\/ca\/producte\/camisa-maniga-curta-toronto-ocre\/","og_locale":"ca_ES","og_type":"article","og_title":"Camisa m\u00e0niga curta TORONTO OCRE | Inverseteams","og_description":"Perqu\u00e8 et sents ciclista les 24 hores del dia, hem creat aquesta camisa esportiva perfecta per a tu. S\u00faper lleugera i transpirable.","og_url":"https:\/\/www.inverseteams.com\/ca\/producte\/camisa-maniga-curta-toronto-ocre\/","og_site_name":"Inverseteams","article_publisher":"https:\/\/www.facebook.com\/inverseteams","article_modified_time":"2025-05-22T00:01:52+00:00","og_image":[{"width":3000,"height":3223,"url":"https:\/\/www.inverseteams.com\/wp-content\/uploads\/CAMISA-DEPORTIVA-TORONTO-OCRE-1-1.jpg","type":"image\/jpeg"}],"twitter_card":"summary_large_image","twitter_misc":{"Temps estimat de lectura":"1 minut"},"schema":{"@context":"https:\/\/schema.org","@graph":[{"@type":"WebPage","@id":"https:\/\/www.inverseteams.com\/ca\/producte\/camisa-maniga-curta-toronto-ocre\/","url":"https:\/\/www.inverseteams.com\/ca\/producte\/camisa-maniga-curta-toronto-ocre\/","name":"Camisa m\u00e0niga curta TORONTO OCRE | Inverseteams","isPartOf":{"@id":"https:\/\/www.inverseteams.com\/ca\/#website"},"primaryImageOfPage":{"@id":"https:\/\/www.inverseteams.com\/ca\/producte\/camisa-maniga-curta-toronto-ocre\/#primaryimage"},"image":{"@id":"https:\/\/www.inverseteams.com\/ca\/producte\/camisa-maniga-curta-toronto-ocre\/#primaryimage"},"thumbnailUrl":"https:\/\/www.inverseteams.com\/wp-content\/uploads\/CAMISA-DEPORTIVA-TORONTO-OCRE-1-1.jpg","datePublished":"2023-04-19T09:29:27+00:00","dateModified":"2025-05-22T00:01:52+00:00","description":"Perqu\u00e8 et sents ciclista les 24 hores del dia, hem creat aquesta camisa esportiva perfecta per a tu. S\u00faper lleugera i transpirable.","breadcrumb":{"@id":"https:\/\/www.inverseteams.com\/ca\/producte\/camisa-maniga-curta-toronto-ocre\/#breadcrumb"},"inLanguage":"ca","potentialAction":[{"@type":"ReadAction","target":["https:\/\/www.inverseteams.com\/ca\/producte\/camisa-maniga-curta-toronto-ocre\/"]}]},{"@type":"ImageObject","inLanguage":"ca","@id":"https:\/\/www.inverseteams.com\/ca\/producte\/camisa-maniga-curta-toronto-ocre\/#primaryimage","url":"https:\/\/www.inverseteams.com\/wp-content\/uploads\/CAMISA-DEPORTIVA-TORONTO-OCRE-1-1.jpg","contentUrl":"https:\/\/www.inverseteams.com\/wp-content\/uploads\/CAMISA-DEPORTIVA-TORONTO-OCRE-1-1.jpg","width":3000,"height":3223,"caption":"camisa deportiva toronto ocre"},{"@type":"BreadcrumbList","@id":"https:\/\/www.inverseteams.com\/ca\/producte\/camisa-maniga-curta-toronto-ocre\/#breadcrumb","itemListElement":[{"@type":"ListItem","position":1,"name":"Portada","item":"https:\/\/www.inverseteams.com\/ca\/pagina-principal\/"},{"@type":"ListItem","position":2,"name":"Botiga","item":"https:\/\/www.inverseteams.com\/ca\/botiga\/"},{"@type":"ListItem","position":3,"name":"Camisa m\u00e0niga curta TORONTO OCRE"}]},{"@type":"WebSite","@id":"https:\/\/www.inverseteams.com\/ca\/#website","url":"https:\/\/www.inverseteams.com\/ca\/","name":"Inverseteams","description":"Tu marca de ropa deportiva personalizada","publisher":{"@id":"https:\/\/www.inverseteams.com\/ca\/#organization"},"potentialAction":[{"@type":"SearchAction","target":{"@type":"EntryPoint","urlTemplate":"https:\/\/www.inverseteams.com\/ca\/?s={search_term_string}"},"query-input":{"@type":"PropertyValueSpecification","valueRequired":true,"valueName":"search_term_string"}}],"inLanguage":"ca"},{"@type":"Organization","@id":"https:\/\/www.inverseteams.com\/ca\/#organization","name":"Inverse Teams","url":"https:\/\/www.inverseteams.com\/ca\/","logo":{"@type":"ImageObject","inLanguage":"ca","@id":"https:\/\/www.inverseteams.com\/ca\/#\/schema\/logo\/image\/","url":"https:\/\/www.inverseteams.com\/wp-content\/uploads\/2021\/03\/logo-inverse-teams.png","contentUrl":"https:\/\/www.inverseteams.com\/wp-content\/uploads\/2021\/03\/logo-inverse-teams.png","width":294,"height":99,"caption":"Inverse Teams"},"image":{"@id":"https:\/\/www.inverseteams.com\/ca\/#\/schema\/logo\/image\/"},"sameAs":["https:\/\/www.facebook.com\/inverseteams","http:\/\/instagram.com\/inverseteams","https:\/\/www.linkedin.com\/company\/inverse-cirosport-s-l-?trk=job_view_topcard_company_name","http:\/\/www.pinterest.com\/inverseteams\/","http:\/\/www.youtube.com\/user\/inverseteams?feature=watch"]}]}},"_links":{"self":[{"href":"https:\/\/www.inverseteams.com\/ca\/wp-json\/wp\/v2\/product\/127074","targetHints":{"allow":["GET"]}}],"collection":[{"href":"https:\/\/www.inverseteams.com\/ca\/wp-json\/wp\/v2\/product"}],"about":[{"href":"https:\/\/www.inverseteams.com\/ca\/wp-json\/wp\/v2\/types\/product"}],"replies":[{"embeddable":true,"href":"https:\/\/www.inverseteams.com\/ca\/wp-json\/wp\/v2\/comments?post=127074"}],"wp:featuredmedia":[{"embeddable":true,"href":"https:\/\/www.inverseteams.com\/ca\/wp-json\/wp\/v2\/media\/129089"}],"wp:attachment":[{"href":"https:\/\/www.inverseteams.com\/ca\/wp-json\/wp\/v2\/media?parent=127074"}],"wp:term":[{"taxonomy":"product_brand","embeddable":true,"href":"https:\/\/www.inverseteams.com\/ca\/wp-json\/wp\/v2\/product_brand?post=127074"},{"taxonomy":"product_cat","embeddable":true,"href":"https:\/\/www.inverseteams.com\/ca\/wp-json\/wp\/v2\/product_cat?post=127074"},{"taxonomy":"product_tag","embeddable":true,"href":"https:\/\/www.inverseteams.com\/ca\/wp-json\/wp\/v2\/product_tag?post=127074"},{"taxonomy":"custom_category","embeddable":true,"href":"https:\/\/www.inverseteams.com\/ca\/wp-json\/wp\/v2\/custom_category?post=127074"},{"taxonomy":"range","embeddable":true,"href":"https:\/\/www.inverseteams.com\/ca\/wp-json\/wp\/v2\/range?post=127074"}],"curies":[{"name":"wp","href":"https:\/\/api.w.org\/{rel}","templated":true}]}}