{"id":112115,"date":"2022-12-13T13:24:57","date_gmt":"2022-12-13T13:26:40","guid":{"rendered":"https:\/\/www.inverseteams.com\/?post_type=product&#038;p=112115"},"modified":"2022-12-13T13:53:14","modified_gmt":"2022-12-13T13:53:14","slug":"boti-lycra","status":"publish","type":"product","link":"https:\/\/www.inverseteams.com\/ca\/producte\/boti-lycra\/","title":{"rendered":"Bot\u00ed LYCRA"},"content":{"rendered":"<p>El bot\u00ed d&#8217;estiu est\u00e0 confeccionat amb LYCRA. La seva principal funci\u00f3 \u00e9s la de millorar l&#8217;aerodin\u00e0mica, i en cas de personalitzar-lo amb colors vius augmentar\u00e0s la teva visibilitat a la carretera. El proc\u00e9s de sublimaci\u00f3 garanteix que els colors no perdin intensitat amb l&#8217;us i el pas del temps. Les tintes utilitzades per a la personalitzaci\u00f3 s\u00f3n ecol\u00f2giques.<\/p>\n","protected":false},"excerpt":{"rendered":"<p>El bot\u00ed d&#8217;estiu est\u00e0 confeccionat amb LYCRA. La seva principal funci\u00f3 \u00e9s la de millorar l&#8217;aerodin\u00e0mica, i en cas de personalitzar-lo amb colors vius augmentar\u00e0s la teva visibilitat a la carretera. El proc\u00e9s de sublimaci\u00f3 garanteix que els colors no perdin intensitat amb l&#8217;us i el pas del temps. Les tintes utilitzades per a la personalitzaci\u00f3 s\u00f3n ecol\u00f2giques.<\/p>\n","protected":false},"featured_media":111849,"comment_status":"closed","ping_status":"open","template":"","meta":{"_acf_changed":false},"product_brand":[],"product_cat":[8306],"product_tag":[],"custom_category":[3347,9126,9086],"range":[9017],"class_list":{"0":"post-112115","1":"product","2":"type-product","3":"status-publish","4":"has-post-thumbnail","6":"product_cat-uncategorized-ca","7":"pa_climatologia-calor-ca","8":"pa_climatologia-temperatura-temperada","9":"pa_deporte-ciclisme","10":"pa_genero-home","11":"pa_genero-dona","12":"pa_genero-infantil-ca","13":"pa_patronaje-fit-ca","14":"pa_tipo-de-prenda-botins","15":"custom_category-esport","16":"custom_category-botins-personalitzats","17":"custom_category-accessoris-esportius-personalitzats","18":"range-escalfadors","20":"first","21":"instock","22":"product-type-custom"},"acf":[],"yoast_head":"<!-- This site is optimized with the Yoast SEO plugin v27.3 - https:\/\/yoast.com\/product\/yoast-seo-wordpress\/ -->\n<title>Bot\u00ed LYCRA<\/title>\n<meta name=\"description\" content=\"El bot\u00ed d&#039;estiu est\u00e0 confeccionat amb LYCRA. La seva principal funci\u00f3 \u00e9s la de millorar l&#039;aerodin\u00e0mica, i en cas de personalitzar-lo amb colors vius augmentar\u00e0s la teva visibilitat a la carretera. El proc\u00e9s de sublimaci\u00f3 garanteix que els colors no perdin intensitat amb l&#039;us i el pas del temps. Les tintes utilitzades per a la personalitzaci\u00f3 s\u00f3n ecol\u00f2giques.\" \/>\n<meta name=\"robots\" content=\"index, follow, max-snippet:-1, max-image-preview:large, max-video-preview:-1\" \/>\n<link rel=\"canonical\" href=\"https:\/\/www.inverseteams.com\/ca\/producte\/boti-lycra\/\" \/>\n<meta property=\"og:locale\" content=\"ca_ES\" \/>\n<meta property=\"og:type\" content=\"article\" \/>\n<meta property=\"og:title\" content=\"Bot\u00ed LYCRA\" \/>\n<meta property=\"og:description\" content=\"El bot\u00ed d&#039;estiu est\u00e0 confeccionat amb LYCRA. La seva principal funci\u00f3 \u00e9s la de millorar l&#039;aerodin\u00e0mica, i en cas de personalitzar-lo amb colors vius augmentar\u00e0s la teva visibilitat a la carretera. El proc\u00e9s de sublimaci\u00f3 garanteix que els colors no perdin intensitat amb l&#039;us i el pas del temps. Les tintes utilitzades per a la personalitzaci\u00f3 s\u00f3n ecol\u00f2giques.\" \/>\n<meta property=\"og:url\" content=\"https:\/\/www.inverseteams.com\/ca\/producte\/boti-lycra\/\" \/>\n<meta property=\"og:site_name\" content=\"Inverseteams\" \/>\n<meta property=\"article:publisher\" content=\"https:\/\/www.facebook.com\/inverseteams\" \/>\n<meta property=\"article:modified_time\" content=\"2022-12-13T13:53:14+00:00\" \/>\n<meta property=\"og:image\" content=\"https:\/\/www.inverseteams.com\/wp-content\/uploads\/BOTIN-CICLISMO-LYCRA-PERSONALIZADO-1.jpg\" \/>\n\t<meta property=\"og:image:width\" content=\"3000\" \/>\n\t<meta property=\"og:image:height\" content=\"3223\" \/>\n\t<meta property=\"og:image:type\" content=\"image\/jpeg\" \/>\n<meta name=\"twitter:card\" content=\"summary_large_image\" \/>\n<script type=\"application\/ld+json\" class=\"yoast-schema-graph\">{\"@context\":\"https:\\\/\\\/schema.org\",\"@graph\":[{\"@type\":\"WebPage\",\"@id\":\"https:\\\/\\\/www.inverseteams.com\\\/ca\\\/producte\\\/boti-lycra\\\/\",\"url\":\"https:\\\/\\\/www.inverseteams.com\\\/ca\\\/producte\\\/boti-lycra\\\/\",\"name\":\"Bot\u00ed LYCRA\",\"isPartOf\":{\"@id\":\"https:\\\/\\\/www.inverseteams.com\\\/ca\\\/#website\"},\"primaryImageOfPage\":{\"@id\":\"https:\\\/\\\/www.inverseteams.com\\\/ca\\\/producte\\\/boti-lycra\\\/#primaryimage\"},\"image\":{\"@id\":\"https:\\\/\\\/www.inverseteams.com\\\/ca\\\/producte\\\/boti-lycra\\\/#primaryimage\"},\"thumbnailUrl\":\"https:\\\/\\\/www.inverseteams.com\\\/wp-content\\\/uploads\\\/BOTIN-CICLISMO-LYCRA-PERSONALIZADO-1.jpg\",\"datePublished\":\"2022-12-13T13:26:40+00:00\",\"dateModified\":\"2022-12-13T13:53:14+00:00\",\"description\":\"El bot\u00ed d'estiu est\u00e0 confeccionat amb LYCRA. La seva principal funci\u00f3 \u00e9s la de millorar l'aerodin\u00e0mica, i en cas de personalitzar-lo amb colors vius augmentar\u00e0s la teva visibilitat a la carretera. El proc\u00e9s de sublimaci\u00f3 garanteix que els colors no perdin intensitat amb l'us i el pas del temps. Les tintes utilitzades per a la personalitzaci\u00f3 s\u00f3n ecol\u00f2giques.\",\"breadcrumb\":{\"@id\":\"https:\\\/\\\/www.inverseteams.com\\\/ca\\\/producte\\\/boti-lycra\\\/#breadcrumb\"},\"inLanguage\":\"ca\",\"potentialAction\":[{\"@type\":\"ReadAction\",\"target\":[\"https:\\\/\\\/www.inverseteams.com\\\/ca\\\/producte\\\/boti-lycra\\\/\"]}]},{\"@type\":\"ImageObject\",\"inLanguage\":\"ca\",\"@id\":\"https:\\\/\\\/www.inverseteams.com\\\/ca\\\/producte\\\/boti-lycra\\\/#primaryimage\",\"url\":\"https:\\\/\\\/www.inverseteams.com\\\/wp-content\\\/uploads\\\/BOTIN-CICLISMO-LYCRA-PERSONALIZADO-1.jpg\",\"contentUrl\":\"https:\\\/\\\/www.inverseteams.com\\\/wp-content\\\/uploads\\\/BOTIN-CICLISMO-LYCRA-PERSONALIZADO-1.jpg\",\"width\":3000,\"height\":3223,\"caption\":\"Bot\u00ed ciclisme personalitzat\"},{\"@type\":\"BreadcrumbList\",\"@id\":\"https:\\\/\\\/www.inverseteams.com\\\/ca\\\/producte\\\/boti-lycra\\\/#breadcrumb\",\"itemListElement\":[{\"@type\":\"ListItem\",\"position\":1,\"name\":\"Portada\",\"item\":\"https:\\\/\\\/www.inverseteams.com\\\/ca\\\/pagina-principal\\\/\"},{\"@type\":\"ListItem\",\"position\":2,\"name\":\"Botiga\",\"item\":\"https:\\\/\\\/www.inverseteams.com\\\/ca\\\/botiga\\\/\"},{\"@type\":\"ListItem\",\"position\":3,\"name\":\"Bot\u00ed LYCRA\"}]},{\"@type\":\"WebSite\",\"@id\":\"https:\\\/\\\/www.inverseteams.com\\\/ca\\\/#website\",\"url\":\"https:\\\/\\\/www.inverseteams.com\\\/ca\\\/\",\"name\":\"Inverseteams\",\"description\":\"Tu marca de ropa deportiva personalizada\",\"publisher\":{\"@id\":\"https:\\\/\\\/www.inverseteams.com\\\/ca\\\/#organization\"},\"potentialAction\":[{\"@type\":\"SearchAction\",\"target\":{\"@type\":\"EntryPoint\",\"urlTemplate\":\"https:\\\/\\\/www.inverseteams.com\\\/ca\\\/?s={search_term_string}\"},\"query-input\":{\"@type\":\"PropertyValueSpecification\",\"valueRequired\":true,\"valueName\":\"search_term_string\"}}],\"inLanguage\":\"ca\"},{\"@type\":\"Organization\",\"@id\":\"https:\\\/\\\/www.inverseteams.com\\\/ca\\\/#organization\",\"name\":\"Inverse Teams\",\"url\":\"https:\\\/\\\/www.inverseteams.com\\\/ca\\\/\",\"logo\":{\"@type\":\"ImageObject\",\"inLanguage\":\"ca\",\"@id\":\"https:\\\/\\\/www.inverseteams.com\\\/ca\\\/#\\\/schema\\\/logo\\\/image\\\/\",\"url\":\"http:\\\/\\\/www.inverseteams.com\\\/wp-content\\\/uploads\\\/2021\\\/03\\\/logo-inverse-teams.png\",\"contentUrl\":\"http:\\\/\\\/www.inverseteams.com\\\/wp-content\\\/uploads\\\/2021\\\/03\\\/logo-inverse-teams.png\",\"width\":294,\"height\":99,\"caption\":\"Inverse Teams\"},\"image\":{\"@id\":\"https:\\\/\\\/www.inverseteams.com\\\/ca\\\/#\\\/schema\\\/logo\\\/image\\\/\"},\"sameAs\":[\"https:\\\/\\\/www.facebook.com\\\/inverseteams\",\"http:\\\/\\\/instagram.com\\\/inverseteams\",\"https:\\\/\\\/www.linkedin.com\\\/company\\\/inverse-cirosport-s-l-?trk=job_view_topcard_company_name\",\"http:\\\/\\\/www.pinterest.com\\\/inverseteams\\\/\",\"http:\\\/\\\/www.youtube.com\\\/user\\\/inverseteams?feature=watch\"]}]}<\/script>\n<!-- \/ Yoast SEO plugin. -->","yoast_head_json":{"title":"Bot\u00ed LYCRA","description":"El bot\u00ed d'estiu est\u00e0 confeccionat amb LYCRA. La seva principal funci\u00f3 \u00e9s la de millorar l'aerodin\u00e0mica, i en cas de personalitzar-lo amb colors vius augmentar\u00e0s la teva visibilitat a la carretera. El proc\u00e9s de sublimaci\u00f3 garanteix que els colors no perdin intensitat amb l'us i el pas del temps. Les tintes utilitzades per a la personalitzaci\u00f3 s\u00f3n ecol\u00f2giques.","robots":{"index":"index","follow":"follow","max-snippet":"max-snippet:-1","max-image-preview":"max-image-preview:large","max-video-preview":"max-video-preview:-1"},"canonical":"https:\/\/www.inverseteams.com\/ca\/producte\/boti-lycra\/","og_locale":"ca_ES","og_type":"article","og_title":"Bot\u00ed LYCRA","og_description":"El bot\u00ed d'estiu est\u00e0 confeccionat amb LYCRA. La seva principal funci\u00f3 \u00e9s la de millorar l'aerodin\u00e0mica, i en cas de personalitzar-lo amb colors vius augmentar\u00e0s la teva visibilitat a la carretera. El proc\u00e9s de sublimaci\u00f3 garanteix que els colors no perdin intensitat amb l'us i el pas del temps. Les tintes utilitzades per a la personalitzaci\u00f3 s\u00f3n ecol\u00f2giques.","og_url":"https:\/\/www.inverseteams.com\/ca\/producte\/boti-lycra\/","og_site_name":"Inverseteams","article_publisher":"https:\/\/www.facebook.com\/inverseteams","article_modified_time":"2022-12-13T13:53:14+00:00","og_image":[{"width":3000,"height":3223,"url":"https:\/\/www.inverseteams.com\/wp-content\/uploads\/BOTIN-CICLISMO-LYCRA-PERSONALIZADO-1.jpg","type":"image\/jpeg"}],"twitter_card":"summary_large_image","schema":{"@context":"https:\/\/schema.org","@graph":[{"@type":"WebPage","@id":"https:\/\/www.inverseteams.com\/ca\/producte\/boti-lycra\/","url":"https:\/\/www.inverseteams.com\/ca\/producte\/boti-lycra\/","name":"Bot\u00ed LYCRA","isPartOf":{"@id":"https:\/\/www.inverseteams.com\/ca\/#website"},"primaryImageOfPage":{"@id":"https:\/\/www.inverseteams.com\/ca\/producte\/boti-lycra\/#primaryimage"},"image":{"@id":"https:\/\/www.inverseteams.com\/ca\/producte\/boti-lycra\/#primaryimage"},"thumbnailUrl":"https:\/\/www.inverseteams.com\/wp-content\/uploads\/BOTIN-CICLISMO-LYCRA-PERSONALIZADO-1.jpg","datePublished":"2022-12-13T13:26:40+00:00","dateModified":"2022-12-13T13:53:14+00:00","description":"El bot\u00ed d'estiu est\u00e0 confeccionat amb LYCRA. La seva principal funci\u00f3 \u00e9s la de millorar l'aerodin\u00e0mica, i en cas de personalitzar-lo amb colors vius augmentar\u00e0s la teva visibilitat a la carretera. El proc\u00e9s de sublimaci\u00f3 garanteix que els colors no perdin intensitat amb l'us i el pas del temps. Les tintes utilitzades per a la personalitzaci\u00f3 s\u00f3n ecol\u00f2giques.","breadcrumb":{"@id":"https:\/\/www.inverseteams.com\/ca\/producte\/boti-lycra\/#breadcrumb"},"inLanguage":"ca","potentialAction":[{"@type":"ReadAction","target":["https:\/\/www.inverseteams.com\/ca\/producte\/boti-lycra\/"]}]},{"@type":"ImageObject","inLanguage":"ca","@id":"https:\/\/www.inverseteams.com\/ca\/producte\/boti-lycra\/#primaryimage","url":"https:\/\/www.inverseteams.com\/wp-content\/uploads\/BOTIN-CICLISMO-LYCRA-PERSONALIZADO-1.jpg","contentUrl":"https:\/\/www.inverseteams.com\/wp-content\/uploads\/BOTIN-CICLISMO-LYCRA-PERSONALIZADO-1.jpg","width":3000,"height":3223,"caption":"Bot\u00ed ciclisme personalitzat"},{"@type":"BreadcrumbList","@id":"https:\/\/www.inverseteams.com\/ca\/producte\/boti-lycra\/#breadcrumb","itemListElement":[{"@type":"ListItem","position":1,"name":"Portada","item":"https:\/\/www.inverseteams.com\/ca\/pagina-principal\/"},{"@type":"ListItem","position":2,"name":"Botiga","item":"https:\/\/www.inverseteams.com\/ca\/botiga\/"},{"@type":"ListItem","position":3,"name":"Bot\u00ed LYCRA"}]},{"@type":"WebSite","@id":"https:\/\/www.inverseteams.com\/ca\/#website","url":"https:\/\/www.inverseteams.com\/ca\/","name":"Inverseteams","description":"Tu marca de ropa deportiva personalizada","publisher":{"@id":"https:\/\/www.inverseteams.com\/ca\/#organization"},"potentialAction":[{"@type":"SearchAction","target":{"@type":"EntryPoint","urlTemplate":"https:\/\/www.inverseteams.com\/ca\/?s={search_term_string}"},"query-input":{"@type":"PropertyValueSpecification","valueRequired":true,"valueName":"search_term_string"}}],"inLanguage":"ca"},{"@type":"Organization","@id":"https:\/\/www.inverseteams.com\/ca\/#organization","name":"Inverse Teams","url":"https:\/\/www.inverseteams.com\/ca\/","logo":{"@type":"ImageObject","inLanguage":"ca","@id":"https:\/\/www.inverseteams.com\/ca\/#\/schema\/logo\/image\/","url":"https:\/\/www.inverseteams.com\/wp-content\/uploads\/2021\/03\/logo-inverse-teams.png","contentUrl":"https:\/\/www.inverseteams.com\/wp-content\/uploads\/2021\/03\/logo-inverse-teams.png","width":294,"height":99,"caption":"Inverse Teams"},"image":{"@id":"https:\/\/www.inverseteams.com\/ca\/#\/schema\/logo\/image\/"},"sameAs":["https:\/\/www.facebook.com\/inverseteams","http:\/\/instagram.com\/inverseteams","https:\/\/www.linkedin.com\/company\/inverse-cirosport-s-l-?trk=job_view_topcard_company_name","http:\/\/www.pinterest.com\/inverseteams\/","http:\/\/www.youtube.com\/user\/inverseteams?feature=watch"]}]}},"_links":{"self":[{"href":"https:\/\/www.inverseteams.com\/ca\/wp-json\/wp\/v2\/product\/112115","targetHints":{"allow":["GET"]}}],"collection":[{"href":"https:\/\/www.inverseteams.com\/ca\/wp-json\/wp\/v2\/product"}],"about":[{"href":"https:\/\/www.inverseteams.com\/ca\/wp-json\/wp\/v2\/types\/product"}],"replies":[{"embeddable":true,"href":"https:\/\/www.inverseteams.com\/ca\/wp-json\/wp\/v2\/comments?post=112115"}],"wp:featuredmedia":[{"embeddable":true,"href":"https:\/\/www.inverseteams.com\/ca\/wp-json\/wp\/v2\/media\/111849"}],"wp:attachment":[{"href":"https:\/\/www.inverseteams.com\/ca\/wp-json\/wp\/v2\/media?parent=112115"}],"wp:term":[{"taxonomy":"product_brand","embeddable":true,"href":"https:\/\/www.inverseteams.com\/ca\/wp-json\/wp\/v2\/product_brand?post=112115"},{"taxonomy":"product_cat","embeddable":true,"href":"https:\/\/www.inverseteams.com\/ca\/wp-json\/wp\/v2\/product_cat?post=112115"},{"taxonomy":"product_tag","embeddable":true,"href":"https:\/\/www.inverseteams.com\/ca\/wp-json\/wp\/v2\/product_tag?post=112115"},{"taxonomy":"custom_category","embeddable":true,"href":"https:\/\/www.inverseteams.com\/ca\/wp-json\/wp\/v2\/custom_category?post=112115"},{"taxonomy":"range","embeddable":true,"href":"https:\/\/www.inverseteams.com\/ca\/wp-json\/wp\/v2\/range?post=112115"}],"curies":[{"name":"wp","href":"https:\/\/api.w.org\/{rel}","templated":true}]}}